{"id":46949,"date":"2023-11-08T13:55:13","date_gmt":"2023-11-08T11:55:13","guid":{"rendered":"https:\/\/toidupakk.ee\/toode\/iconfit-kolageno-milteliai-sanariams-300-g\/"},"modified":"2026-04-04T00:01:51","modified_gmt":"2026-04-03T21:01:51","slug":"iconfit-kolageno-milteliai-sanariams-300-g","status":"publish","type":"product","link":"https:\/\/toidupakk.ee\/lt\/toode\/iconfit-kolageno-milteliai-sanariams-300-g\/","title":{"rendered":"ICONFIT kolageno milteliai s\u0105nariams, 300 g"},"content":{"rendered":"<h1>ICONFIT Joint Collagen \u2013 geriausi kolageno milteliai s\u0105nariams<\/h1>\n<p><strong>ICONFIT kolageno milteliai s\u0105nariams yra maisto papildas, kuris palaiko s\u0105nari\u0173 gerov\u0119 ir padeda u\u017etikrinti normali\u0105 kaul\u0173 bei kremzli\u0173 funkcij\u0105.<\/strong><\/p>\n<p><strong>Kolagenas<\/strong> pastaruoju metu tapo vienu labiausiai vertinam\u0173 maisto papild\u0173 pasaulyje. Kolagenas gaminamas nat\u016braliais procesais i\u0161 gyv\u016bnin\u0117s kilm\u0117s \u0161altini\u0173 ir yra \u017einomas d\u0117l savo nauding\u0173 savybi\u0173. Hidrolizuotas kolagenas yra baltymas, esantis prakti\u0161kai visuose m\u016bs\u0173 k\u016bno audiniuose. Tai statybin\u0117 med\u017eiaga, i\u0161 kurios formuojasi m\u016bs\u0173 sausgysl\u0117s, oda, s\u0105nariai ir kaulai. Kolagenas taip pat veikia jungiamojo audinio stiprum\u0105, elastingum\u0105 ir vientisum\u0105. ICONFIT kolagenas yra gyv\u016bnin\u0117s kilm\u0117s.     <\/p>\n<p><img fetchpriority=\"high\" decoding=\"async\" class=\"alignright wp-image-15628 size-thumbnail\" src=\"https:\/\/toidupakk.ee\/wp-content\/uploads\/2023\/11\/ICONFIT-kollageeni-pulber-liigestele-pustised-imago-3-500x500.jpg\" alt=\"kolageno milteliai\" width=\"500\" height=\"500\" srcset=\"https:\/\/toidupakk.ee\/wp-content\/uploads\/2023\/11\/ICONFIT-kollageeni-pulber-liigestele-pustised-imago-3-500x500.jpg 500w, https:\/\/toidupakk.ee\/wp-content\/uploads\/2023\/11\/ICONFIT-kollageeni-pulber-liigestele-pustised-imago-3-400x400.jpg 400w, https:\/\/toidupakk.ee\/wp-content\/uploads\/2023\/11\/ICONFIT-kollageeni-pulber-liigestele-pustised-imago-3-100x100.jpg 100w\" sizes=\"(max-width: 500px) 100vw, 500px\" \/><\/p>\n<p><strong>MSM<\/strong> yra organinis sieros junginys (nemai\u0161yk su MMS!). Metilsulfonilmetano gamtoje galima rasti augaluose, gyv\u016bnuose ir \u017emogaus organizme. MSM palaiko kaul\u0173 ir s\u0105nari\u0173 stiprum\u0105 bei teigiamai veikia odos, nag\u0173 ir plauk\u0173 sveikat\u0105.  <\/p>\n<p><strong>Moksliniai tyrimai<\/strong> parod\u0117 puikius rezultatus: 12 savai\u010di\u0173 100 vyresni\u0173 nei 50 met\u0173 \u017emoni\u0173 kasdien vartojo MSM, o kita grup\u0117 gavo placeb\u0105. Tyrimo pabaigoje MSM vartojusi grup\u0117 prane\u0161\u0117, kad j\u0173 s\u0105nari\u0173 skausmas ir patinimas suma\u017e\u0117jo, o judrumas pager\u0117jo. <\/p>\n<p>&nbsp;<\/p>\n<p><strong>Manganas<\/strong> yra svarbus mineralas, vaidinantis reik\u0161ming\u0105 vaidmen\u012f formuojantis jungiamajam audiniui. Jis padeda palaikyti normali\u0105 kaul\u0173 b\u016bkl\u0119 ir prisideda prie taisyklingo jungiamojo audinio formavimosi. Manganas taip pat svarbus normaliai energijos apykaitai ir l\u0105steli\u0173 apsaugai nuo oksidacin\u0117s pa\u017eaidos.  <\/p>\n<p><strong>Kalcis<\/strong> yra svarbus mineralas, b\u016btinas kaul\u0173 sveikatai palaikyti. Jis padeda palaikyti normali\u0105 raumen\u0173 veikl\u0105 ir nervini\u0173 impuls\u0173 perdavim\u0105 bei yra svarbus kraujo kre\u0161\u0117jimui. <\/p>\n<p><strong>Cinkas<\/strong> yra svarbus mineralas, padedantis palaikyti sveikus kaulus. Jis taip pat palaiko normali\u0105 imunin\u0117s sistemos veikl\u0105 ir saugo l\u0105steles nuo oksidacin\u0117s pa\u017eaidos. M\u016bs\u0173 cinkas yra cinko diglicinato pavidalu, kuris pasi\u017eymi puikiu biologiniu prieinamumu.  <\/p>\n<p>&nbsp;<\/p>\n<p><strong>Magnis<\/strong> yra mineralas, svarbus kaul\u0173 b\u016bklei palaikyti bei normaliai raumen\u0173 ir nerv\u0173 sistemos veiklai. Jis taip pat padeda ma\u017einti nuovarg\u012f. <\/p>\n<p><strong>Vitaminas C<\/strong> yra stiprus antioksidantas, palaikantis normal\u0173 kolageno susidarym\u0105, u\u017etikrinant\u012f normali\u0105 kaul\u0173 ir kremzli\u0173 funkcij\u0105. Be to, jis prisideda prie imunin\u0117s sistemos veiklos ir saugo l\u0105steles nuo oksidacin\u0117s pa\u017eaidos. <\/p>\n<p><img decoding=\"async\" class=\"alignleft wp-image-15626 size-thumbnail\" src=\"https:\/\/toidupakk.ee\/wp-content\/uploads\/2023\/11\/ICONFIT-kollageeni-pulber-liigestele-pustised-imago-1-500x500.jpg\" alt=\"kolageno milteliai\" width=\"500\" height=\"500\" srcset=\"https:\/\/toidupakk.ee\/wp-content\/uploads\/2023\/11\/ICONFIT-kollageeni-pulber-liigestele-pustised-imago-1-500x500.jpg 500w, https:\/\/toidupakk.ee\/wp-content\/uploads\/2023\/11\/ICONFIT-kollageeni-pulber-liigestele-pustised-imago-1-400x400.jpg 400w, https:\/\/toidupakk.ee\/wp-content\/uploads\/2023\/11\/ICONFIT-kollageeni-pulber-liigestele-pustised-imago-1-100x100.jpg 100w\" sizes=\"(max-width: 500px) 100vw, 500px\" \/><\/p>\n<p><strong>Pluo\u0161tin\u0117 bosvelija<\/strong> (Boswellia Serrata) dervos ekstraktas jau \u0161imtme\u010dius naudojamas s\u0105nari\u0173 sveikatai palaikyti. Keli moksliniai tyrimai patvirtino bosvelij\u0173 dervoje esan\u010di\u0173 bosvelijos r\u016bg\u0161\u010di\u0173 prie\u0161u\u017edegimin\u012f poveik\u012f. <\/p>\n<p><strong>Hialurono r\u016bg\u0161tis<\/strong> yra nat\u016brali med\u017eiaga, esanti organizme, ypa\u010d odoje ir s\u0105nariuose. S\u0105nariuose ji veikia kaip tepalas ir amortizatorius, padedantis i\u0161laikyti s\u0105nari\u0173 judrum\u0105 bei elastingum\u0105. Ji taip pat yra svarbus odos prie\u017ei\u016bros komponentas, padedantis i\u0161laikyti odos dr\u0117gm\u0119.  <\/p>\n<p>&nbsp;<\/p>\n<h2>Kolageno milteliai &amp; ICONFIT kokyb\u0117 &amp; r\u016bpestis<\/h2>\n<p>ICONFIT produktai sukurti Estijoje ir remiasi auk\u0161\u010diausiais Europos kokyb\u0117s standartais. Savo produktus kuriame kartu su mitybos specialistais, sportininkais ir maisto technologais. <\/p>\n<p>ICONFIT produktuose n\u0117ra nereikaling\u0173 dirbtini\u0173 stabilizatori\u0173, da\u017eikli\u0173 ar konservant\u0173. M\u016bs\u0173 klientai gr\u012f\u017eta v\u0117l ir v\u0117l d\u0117l m\u016bs\u0173 kokyb\u0117s, grynumo ir puikaus skonio. <\/p>\n<p><img decoding=\"async\" class=\"alignnone wp-image-15624 size-medium\" src=\"https:\/\/toidupakk.ee\/wp-content\/uploads\/2023\/11\/ICONFIT-kollageeni-pulber-liigestele-5-300x300.png\" alt=\"iconfit logotipas\" width=\"300\" height=\"300\" srcset=\"https:\/\/toidupakk.ee\/wp-content\/uploads\/2023\/11\/ICONFIT-kollageeni-pulber-liigestele-5-300x300.png 300w, https:\/\/toidupakk.ee\/wp-content\/uploads\/2023\/11\/ICONFIT-kollageeni-pulber-liigestele-5-400x400.png 400w, https:\/\/toidupakk.ee\/wp-content\/uploads\/2023\/11\/ICONFIT-kollageeni-pulber-liigestele-5-100x100.png 100w, https:\/\/toidupakk.ee\/wp-content\/uploads\/2023\/11\/ICONFIT-kollageeni-pulber-liigestele-5-500x500.png 500w, https:\/\/toidupakk.ee\/wp-content\/uploads\/2023\/11\/ICONFIT-kollageeni-pulber-liigestele-5-768x768.png 768w, https:\/\/toidupakk.ee\/wp-content\/uploads\/2023\/11\/ICONFIT-kollageeni-pulber-liigestele-5.png 800w\" sizes=\"(max-width: 300px) 100vw, 300px\" \/><\/p>\n<p>Domiesi \u017eygi\u0173 \u012franga? Su\u017einok daugiau <a href=\"https:\/\/toidupakk.ee\/lt\/tootekategooria\/zygio-iranga\/#section-3-79\">\u010cIA<\/a><\/p>\n<p>O gal domina maistas \u017eygiams? \u017di\u016br\u0117k <a href=\"https:\/\/toidupakk.ee\/lt\/tootekategooria\/pagrindiniai-patiekalai\/\">\u010cIA<\/a><\/p>\n<p>Pasisemk \u012fkv\u0117pimo kitiems nuotykiams \u201eToidupakk\u201c <a href=\"https:\/\/www.instagram.com\/toidupakk\/\">Instagram<\/a> ir <a href=\"https:\/\/www.facebook.com\/Toidupakk\/\">Facebook<\/a> paskyrose.<\/p>\n","protected":false},"excerpt":{"rendered":"<p>ICONFIT Joint Collagen yra kolageno milteliai, skirti <strong>s\u0105nari\u0173, kremzli\u0173, kaul\u0173 ir jungiamojo audinio sveikatai palaikyti<\/strong>. Tai Estijoje sukurtas ir pagamintas produktas. S\u0105nari\u0173 kolageno milteliai skirti <strong>\u017emon\u0117ms, turintiems problem\u0173 su s\u0105nariais arba norintiems juos sustiprinti.<\/strong>  <\/p>\n<ul>\n<li>Vieni <strong>populiariausi\u0173 kolageno milteli\u0173<\/strong> Estijoje<\/li>\n<li><strong>Gaminama Estijoje<\/strong><\/li>\n<li>Kiekvienoje porcijoje <strong>yra 10 000 mg hidrolizuoto kolageno<\/strong><\/li>\n<li><strong>Lengvai pasisavinami ir vir\u0161kinami<\/strong><\/li>\n<li>Papildyta <strong>magniu, kalciu, cinku ir manganu<\/strong>.<\/li>\n<li>Prid\u0117tas <strong>vitaminas C<\/strong> palaiko kolageno susidarym\u0105 ir prisideda prie normalios kremzli\u0173 funkcijos.<\/li>\n<li>Produktas papildytas kitomis naudingomis sudedamosiomis dalimis, pavyzd\u017eiui, <strong>gliukozaminu<\/strong>, <strong>chondroitinu, MSM, hialurono r\u016bg\u0161timi<\/strong> ir pluo\u0161tin\u0117s bosvelijos (<strong>Boswellia Serrata<\/strong>) dervos ekstraktu.<\/li>\n<li>Galima rinktis i\u0161 4 skirting\u0173 skoni\u0173 s\u0105nari\u0173 kolageno milteli\u0173: apelsin\u0173, citrin\u0173, vy\u0161ni\u0173 ir nat\u016bralaus skonio<\/li>\n<\/ul>\n<p>\u2705 Turime sand\u0117lyje, greitas pristatymas per 1\u20133 darbo dienas \u012f tavo pa\u0161tomat\u0105<\/p>\n","protected":false},"featured_media":15621,"comment_status":"open","ping_status":"closed","template":"","meta":{"_acf_changed":false},"product_brand":[],"product_cat":[237,270,189,190],"product_tag":[],"class_list":{"0":"post-46949","1":"product","2":"type-product","3":"status-publish","4":"has-post-thumbnail","6":"product_cat-maisto-papildai","7":"product_cat-milteliai","8":"product_cat-zygio-iranga","9":"product_cat-zygio-prekes","11":"first","12":"instock","13":"sale","14":"taxable","15":"shipping-taxable","16":"purchasable","17":"product-type-variable","18":"has-default-attributes"},"bundled_by":[],"bundle_stock_status":"instock","bundle_stock_quantity":null,"bundle_virtual":false,"bundle_layout":"","bundle_add_to_cart_form_location":"","bundle_editable_in_cart":false,"bundle_sold_individually_context":"","bundle_item_grouping":"","bundle_min_size":"","bundle_max_size":"","bundle_price":[],"bundled_items":[],"bundle_sell_ids":[],"acf":[],"yoast_head":"<!-- This site is optimized with the Yoast SEO plugin v27.1.1 - https:\/\/yoast.com\/product\/yoast-seo-wordpress\/ -->\n<title>Kolageno milteliai ICONFIT s\u0105nariams, 300 g<\/title>\n<meta name=\"description\" content=\"Kolageno milteliai, skirti palaikyti s\u0105nari\u0173, kremzli\u0173, kaul\u0173 ir jungiamojo audinio sveikat\u0105. Jei turi problem\u0173 su s\u0105nariais arba nori juos sustiprinti\" \/>\n<meta name=\"robots\" content=\"index, follow, max-snippet:-1, max-image-preview:large, max-video-preview:-1\" \/>\n<link rel=\"canonical\" href=\"https:\/\/toidupakk.ee\/lt\/toode\/iconfit-kolageno-milteliai-sanariams-300-g\/\" \/>\n<meta property=\"og:locale\" content=\"lt_LT\" \/>\n<meta property=\"og:type\" content=\"article\" \/>\n<meta property=\"og:title\" content=\"Kolageno milteliai ICONFIT s\u0105nariams, 300 g\" \/>\n<meta property=\"og:description\" content=\"Kolageno milteliai, skirti palaikyti s\u0105nari\u0173, kremzli\u0173, kaul\u0173 ir jungiamojo audinio sveikat\u0105. Jei turi problem\u0173 su s\u0105nariais arba nori juos sustiprinti\" \/>\n<meta property=\"og:url\" content=\"https:\/\/toidupakk.ee\/lt\/toode\/iconfit-kolageno-milteliai-sanariams-300-g\/\" \/>\n<meta property=\"og:site_name\" content=\"Toidupakk.ee - Tactical Foodpack toidupakid\" \/>\n<meta property=\"article:publisher\" content=\"https:\/\/www.facebook.com\/Toidupakk\" \/>\n<meta property=\"article:modified_time\" content=\"2026-04-03T21:01:51+00:00\" \/>\n<meta property=\"og:image\" content=\"https:\/\/toidupakk.ee\/wp-content\/uploads\/2023\/11\/ICONFIT-kollageeni-pulber-liigestele-2.png\" \/>\n\t<meta property=\"og:image:width\" content=\"800\" \/>\n\t<meta property=\"og:image:height\" content=\"800\" \/>\n\t<meta property=\"og:image:type\" content=\"image\/png\" \/>\n<meta name=\"twitter:card\" content=\"summary_large_image\" \/>\n<meta name=\"twitter:label1\" content=\"Est. reading time\" \/>\n\t<meta name=\"twitter:data1\" content=\"3 minut\u0117s\" \/>\n<script type=\"application\/ld+json\" class=\"yoast-schema-graph\">{\"@context\":\"https:\/\/schema.org\",\"@graph\":[{\"@type\":\"WebPage\",\"@id\":\"https:\/\/toidupakk.ee\/lt\/toode\/iconfit-kolageno-milteliai-sanariams-300-g\/\",\"url\":\"https:\/\/toidupakk.ee\/lt\/toode\/iconfit-kolageno-milteliai-sanariams-300-g\/\",\"name\":\"Kolageno milteliai ICONFIT s\u0105nariams, 300 g\",\"isPartOf\":{\"@id\":\"https:\/\/toidupakk.ee\/lt\/#website\"},\"primaryImageOfPage\":{\"@id\":\"https:\/\/toidupakk.ee\/lt\/toode\/iconfit-kolageno-milteliai-sanariams-300-g\/#primaryimage\"},\"image\":{\"@id\":\"https:\/\/toidupakk.ee\/lt\/toode\/iconfit-kolageno-milteliai-sanariams-300-g\/#primaryimage\"},\"thumbnailUrl\":\"https:\/\/toidupakk.ee\/wp-content\/uploads\/2023\/11\/ICONFIT-kollageeni-pulber-liigestele-2.png\",\"datePublished\":\"2023-11-08T11:55:13+00:00\",\"dateModified\":\"2026-04-03T21:01:51+00:00\",\"description\":\"Kolageno milteliai, skirti palaikyti s\u0105nari\u0173, kremzli\u0173, kaul\u0173 ir jungiamojo audinio sveikat\u0105. Jei turi problem\u0173 su s\u0105nariais arba nori juos sustiprinti\",\"breadcrumb\":{\"@id\":\"https:\/\/toidupakk.ee\/lt\/toode\/iconfit-kolageno-milteliai-sanariams-300-g\/#breadcrumb\"},\"inLanguage\":\"lt-LT\",\"potentialAction\":[{\"@type\":\"ReadAction\",\"target\":[\"https:\/\/toidupakk.ee\/lt\/toode\/iconfit-kolageno-milteliai-sanariams-300-g\/\"]}]},{\"@type\":\"ImageObject\",\"inLanguage\":\"lt-LT\",\"@id\":\"https:\/\/toidupakk.ee\/lt\/toode\/iconfit-kolageno-milteliai-sanariams-300-g\/#primaryimage\",\"url\":\"https:\/\/toidupakk.ee\/wp-content\/uploads\/2023\/11\/ICONFIT-kollageeni-pulber-liigestele-2.png\",\"contentUrl\":\"https:\/\/toidupakk.ee\/wp-content\/uploads\/2023\/11\/ICONFIT-kollageeni-pulber-liigestele-2.png\",\"width\":800,\"height\":800,\"caption\":\"kollageeni pulber apelsin\"},{\"@type\":\"BreadcrumbList\",\"@id\":\"https:\/\/toidupakk.ee\/lt\/toode\/iconfit-kolageno-milteliai-sanariams-300-g\/#breadcrumb\",\"itemListElement\":[{\"@type\":\"ListItem\",\"position\":1,\"name\":\"Avaleht\",\"item\":\"https:\/\/toidupakk.ee\/lt\/\"},{\"@type\":\"ListItem\",\"position\":2,\"name\":\"El. parduotuv\u0117\",\"item\":\"https:\/\/toidupakk.ee\/lt\/el-parduotuve\/\"},{\"@type\":\"ListItem\",\"position\":3,\"name\":\"ICONFIT kolageno milteliai s\u0105nariams, 300 g\"}]},{\"@type\":\"WebSite\",\"@id\":\"https:\/\/toidupakk.ee\/lt\/#website\",\"url\":\"https:\/\/toidupakk.ee\/lt\/\",\"name\":\"Toidupakk.ee - Tactical Foodpack toidupakid\",\"description\":\"Tactical Foodpack k\u00fclmkuivatatud toidupakid ja matkaeined\",\"publisher\":{\"@id\":\"https:\/\/toidupakk.ee\/lt\/#organization\"},\"potentialAction\":[{\"@type\":\"SearchAction\",\"target\":{\"@type\":\"EntryPoint\",\"urlTemplate\":\"https:\/\/toidupakk.ee\/lt\/?s={search_term_string}\"},\"query-input\":{\"@type\":\"PropertyValueSpecification\",\"valueRequired\":true,\"valueName\":\"search_term_string\"}}],\"inLanguage\":\"lt-LT\"},{\"@type\":\"Organization\",\"@id\":\"https:\/\/toidupakk.ee\/lt\/#organization\",\"name\":\"Tactical Foodpack matkaeined\",\"url\":\"https:\/\/toidupakk.ee\/lt\/\",\"logo\":{\"@type\":\"ImageObject\",\"inLanguage\":\"lt-LT\",\"@id\":\"https:\/\/toidupakk.ee\/lt\/#\/schema\/logo\/image\/\",\"url\":\"https:\/\/toidupakk.ee\/wp-content\/uploads\/2022\/01\/Toidupakk-matkapood-logo-transparent.png\",\"contentUrl\":\"https:\/\/toidupakk.ee\/wp-content\/uploads\/2022\/01\/Toidupakk-matkapood-logo-transparent.png\",\"width\":500,\"height\":500,\"caption\":\"Tactical Foodpack matkaeined\"},\"image\":{\"@id\":\"https:\/\/toidupakk.ee\/lt\/#\/schema\/logo\/image\/\"},\"sameAs\":[\"https:\/\/www.facebook.com\/Toidupakk\",\"https:\/\/www.instagram.com\/toidupakk\/\"]}]}<\/script>\n<!-- \/ Yoast SEO plugin. -->","yoast_head_json":{"title":"Kolageno milteliai ICONFIT s\u0105nariams, 300 g","description":"Kolageno milteliai, skirti palaikyti s\u0105nari\u0173, kremzli\u0173, kaul\u0173 ir jungiamojo audinio sveikat\u0105. Jei turi problem\u0173 su s\u0105nariais arba nori juos sustiprinti","robots":{"index":"index","follow":"follow","max-snippet":"max-snippet:-1","max-image-preview":"max-image-preview:large","max-video-preview":"max-video-preview:-1"},"canonical":"https:\/\/toidupakk.ee\/lt\/toode\/iconfit-kolageno-milteliai-sanariams-300-g\/","og_locale":"lt_LT","og_type":"article","og_title":"Kolageno milteliai ICONFIT s\u0105nariams, 300 g","og_description":"Kolageno milteliai, skirti palaikyti s\u0105nari\u0173, kremzli\u0173, kaul\u0173 ir jungiamojo audinio sveikat\u0105. Jei turi problem\u0173 su s\u0105nariais arba nori juos sustiprinti","og_url":"https:\/\/toidupakk.ee\/lt\/toode\/iconfit-kolageno-milteliai-sanariams-300-g\/","og_site_name":"Toidupakk.ee - Tactical Foodpack toidupakid","article_publisher":"https:\/\/www.facebook.com\/Toidupakk","article_modified_time":"2026-04-03T21:01:51+00:00","og_image":[{"width":800,"height":800,"url":"https:\/\/toidupakk.ee\/wp-content\/uploads\/2023\/11\/ICONFIT-kollageeni-pulber-liigestele-2.png","type":"image\/png"}],"twitter_card":"summary_large_image","twitter_misc":{"Est. reading time":"3 minut\u0117s"},"schema":{"@context":"https:\/\/schema.org","@graph":[{"@type":"WebPage","@id":"https:\/\/toidupakk.ee\/lt\/toode\/iconfit-kolageno-milteliai-sanariams-300-g\/","url":"https:\/\/toidupakk.ee\/lt\/toode\/iconfit-kolageno-milteliai-sanariams-300-g\/","name":"Kolageno milteliai ICONFIT s\u0105nariams, 300 g","isPartOf":{"@id":"https:\/\/toidupakk.ee\/lt\/#website"},"primaryImageOfPage":{"@id":"https:\/\/toidupakk.ee\/lt\/toode\/iconfit-kolageno-milteliai-sanariams-300-g\/#primaryimage"},"image":{"@id":"https:\/\/toidupakk.ee\/lt\/toode\/iconfit-kolageno-milteliai-sanariams-300-g\/#primaryimage"},"thumbnailUrl":"https:\/\/toidupakk.ee\/wp-content\/uploads\/2023\/11\/ICONFIT-kollageeni-pulber-liigestele-2.png","datePublished":"2023-11-08T11:55:13+00:00","dateModified":"2026-04-03T21:01:51+00:00","description":"Kolageno milteliai, skirti palaikyti s\u0105nari\u0173, kremzli\u0173, kaul\u0173 ir jungiamojo audinio sveikat\u0105. Jei turi problem\u0173 su s\u0105nariais arba nori juos sustiprinti","breadcrumb":{"@id":"https:\/\/toidupakk.ee\/lt\/toode\/iconfit-kolageno-milteliai-sanariams-300-g\/#breadcrumb"},"inLanguage":"lt-LT","potentialAction":[{"@type":"ReadAction","target":["https:\/\/toidupakk.ee\/lt\/toode\/iconfit-kolageno-milteliai-sanariams-300-g\/"]}]},{"@type":"ImageObject","inLanguage":"lt-LT","@id":"https:\/\/toidupakk.ee\/lt\/toode\/iconfit-kolageno-milteliai-sanariams-300-g\/#primaryimage","url":"https:\/\/toidupakk.ee\/wp-content\/uploads\/2023\/11\/ICONFIT-kollageeni-pulber-liigestele-2.png","contentUrl":"https:\/\/toidupakk.ee\/wp-content\/uploads\/2023\/11\/ICONFIT-kollageeni-pulber-liigestele-2.png","width":800,"height":800,"caption":"kollageeni pulber apelsin"},{"@type":"BreadcrumbList","@id":"https:\/\/toidupakk.ee\/lt\/toode\/iconfit-kolageno-milteliai-sanariams-300-g\/#breadcrumb","itemListElement":[{"@type":"ListItem","position":1,"name":"Avaleht","item":"https:\/\/toidupakk.ee\/lt\/"},{"@type":"ListItem","position":2,"name":"El. parduotuv\u0117","item":"https:\/\/toidupakk.ee\/lt\/el-parduotuve\/"},{"@type":"ListItem","position":3,"name":"ICONFIT kolageno milteliai s\u0105nariams, 300 g"}]},{"@type":"WebSite","@id":"https:\/\/toidupakk.ee\/lt\/#website","url":"https:\/\/toidupakk.ee\/lt\/","name":"Toidupakk.ee - Tactical Foodpack toidupakid","description":"Tactical Foodpack k\u00fclmkuivatatud toidupakid ja matkaeined","publisher":{"@id":"https:\/\/toidupakk.ee\/lt\/#organization"},"potentialAction":[{"@type":"SearchAction","target":{"@type":"EntryPoint","urlTemplate":"https:\/\/toidupakk.ee\/lt\/?s={search_term_string}"},"query-input":{"@type":"PropertyValueSpecification","valueRequired":true,"valueName":"search_term_string"}}],"inLanguage":"lt-LT"},{"@type":"Organization","@id":"https:\/\/toidupakk.ee\/lt\/#organization","name":"Tactical Foodpack matkaeined","url":"https:\/\/toidupakk.ee\/lt\/","logo":{"@type":"ImageObject","inLanguage":"lt-LT","@id":"https:\/\/toidupakk.ee\/lt\/#\/schema\/logo\/image\/","url":"https:\/\/toidupakk.ee\/wp-content\/uploads\/2022\/01\/Toidupakk-matkapood-logo-transparent.png","contentUrl":"https:\/\/toidupakk.ee\/wp-content\/uploads\/2022\/01\/Toidupakk-matkapood-logo-transparent.png","width":500,"height":500,"caption":"Tactical Foodpack matkaeined"},"image":{"@id":"https:\/\/toidupakk.ee\/lt\/#\/schema\/logo\/image\/"},"sameAs":["https:\/\/www.facebook.com\/Toidupakk","https:\/\/www.instagram.com\/toidupakk\/"]}]}},"jetpack_sharing_enabled":true,"_links":{"self":[{"href":"https:\/\/toidupakk.ee\/lt\/wp-json\/wp\/v2\/product\/46949","targetHints":{"allow":["GET"]}}],"collection":[{"href":"https:\/\/toidupakk.ee\/lt\/wp-json\/wp\/v2\/product"}],"about":[{"href":"https:\/\/toidupakk.ee\/lt\/wp-json\/wp\/v2\/types\/product"}],"replies":[{"embeddable":true,"href":"https:\/\/toidupakk.ee\/lt\/wp-json\/wp\/v2\/comments?post=46949"}],"wp:featuredmedia":[{"embeddable":true,"href":"https:\/\/toidupakk.ee\/lt\/wp-json\/wp\/v2\/media\/15621"}],"wp:attachment":[{"href":"https:\/\/toidupakk.ee\/lt\/wp-json\/wp\/v2\/media?parent=46949"}],"wp:term":[{"taxonomy":"product_brand","embeddable":true,"href":"https:\/\/toidupakk.ee\/lt\/wp-json\/wp\/v2\/product_brand?post=46949"},{"taxonomy":"product_cat","embeddable":true,"href":"https:\/\/toidupakk.ee\/lt\/wp-json\/wp\/v2\/product_cat?post=46949"},{"taxonomy":"product_tag","embeddable":true,"href":"https:\/\/toidupakk.ee\/lt\/wp-json\/wp\/v2\/product_tag?post=46949"}],"curies":[{"name":"wp","href":"https:\/\/api.w.org\/{rel}","templated":true}]}}