{"id":46924,"date":"2023-12-21T12:16:10","date_gmt":"2023-12-21T10:16:10","guid":{"rendered":"https:\/\/toidupakk.ee\/toode\/posalmis-balaclava\/"},"modified":"2026-04-29T19:01:53","modified_gmt":"2026-04-29T16:01:53","slug":"posalmis-balaclava","status":"publish","type":"product","link":"https:\/\/toidupakk.ee\/lt\/toode\/posalmis-balaclava\/","title":{"rendered":"Po\u0161almis \u201eBalaclava\u201c"},"content":{"rendered":"<h1><img fetchpriority=\"high\" decoding=\"async\" class=\"wp-image-26267 size-thumbnail alignright\" src=\"https:\/\/toidupakk.ee\/wp-content\/uploads\/2023\/12\/Balaclava-fliisist-sukkmuts-1-500x500.png\" alt=\"\u0161ilta flisin\u0117 balaclava tipo kepur\u0117\" width=\"500\" height=\"500\" srcset=\"https:\/\/toidupakk.ee\/wp-content\/uploads\/2023\/12\/Balaclava-fliisist-sukkmuts-1-500x500.png 500w, https:\/\/toidupakk.ee\/wp-content\/uploads\/2023\/12\/Balaclava-fliisist-sukkmuts-1-400x400.png 400w, https:\/\/toidupakk.ee\/wp-content\/uploads\/2023\/12\/Balaclava-fliisist-sukkmuts-1-100x100.png 100w, https:\/\/toidupakk.ee\/wp-content\/uploads\/2023\/12\/Balaclava-fliisist-sukkmuts-1-300x300.png 300w, https:\/\/toidupakk.ee\/wp-content\/uploads\/2023\/12\/Balaclava-fliisist-sukkmuts-1-768x768.png 768w, https:\/\/toidupakk.ee\/wp-content\/uploads\/2023\/12\/Balaclava-fliisist-sukkmuts-1.png 800w\" sizes=\"(max-width: 500px) 100vw, 500px\" \/><\/h1>\n<h1 class=\"flex max-w-full flex-col items-stretch break-words\">Po\u0161almis \u201eBalaclava\u201c skirtas d\u0117v\u0117ti \u0161altesniu oru<\/h1>\n<div class=\"c-hide group-hover\/content:c-show absolute bottom-1 right-1 z-50 flex items-center overflow-hidden rounded border border-slate-300 border-opacity-50 bg-slate-50 bg-opacity-30 backdrop-blur-[2px] transition-[opacity_200ms,visibility_200ms] dark:border-slate-700 dark:bg-slate-900\">\n<div class=\"group\/wrapper relative flex w-full flex-col items-start gap-2\">\n<div class=\"c-transition-colors group\/content relative max-w-[90%] items-center gap-2 overflow-hidden break-words rounded-b-xl rounded-tl rounded-tr-xl bg-slate-200 px-2 py-1.5 dark:bg-slate-800\">\n<div class=\"flex max-w-full flex-col items-stretch break-words\">\n<p class=\"my-1 text-base\">Po\u0161almis \u201eBalaclava\u201c sukurtas tam, kad \u0161ildyt\u0173 \u0161altomis ir v\u0117juotomis lauko s\u0105lygomis, pavyzd\u017eiui, \u017eygiuojant, slidin\u0117jant ar va\u017ein\u0117jant snieglente. Flisinis audinys idealiai tinka naudoti lauke, nes yra \u0161iltas, lengvas ir ne\u012fgeria dr\u0117gm\u0117s, tod\u0117l jausiesi sausai ir patogiai. \u201eBalaclava\u201c po\u0161almis reguliuojamas dviejose vietose ir dengia galv\u0105, kakl\u0105 bei veid\u0105. Be to, jis prakti\u0161kas, nes saugo veid\u0105 nuo nudegim\u0173 saul\u0117je, v\u0117jo \u017evarbumo ir nu\u0161alim\u0173.   <\/p>\n<\/div>\n<div class=\"c-hide group-hover\/content:c-show absolute bottom-1 right-1 z-50 flex items-center overflow-hidden rounded border border-slate-300 border-opacity-50 bg-slate-50 bg-opacity-30 backdrop-blur-[2px] transition-[opacity_200ms,visibility_200ms] dark:border-slate-700 dark:bg-slate-900\">\n<p class=\"my-1 text-base\">Viena pagrindini\u0173 prie\u017eas\u010di\u0173, kod\u0117l verta rinktis \u201eBalaclava\u201c po\u0161alm\u012f \u2013 flisinis audinys. Flisas yra \u0161ilta, lengva ir dr\u0117gm\u0119 atstumianti med\u017eiaga, u\u017etikrinanti sausum\u0105 ir komfort\u0105 net ekstremaliausiomis oro s\u0105lygomis. Be to, reguliuojamas dizainas leid\u017eia j\u012f pritaikyti prie skirting\u0173 galvos ir veido form\u0173.  <\/p>\n<p class=\"my-1 text-base\">Tai puikus pasirinkimas visiems, kurie m\u0117gsta \u017eiemos sport\u0105 ar aktyv\u0173 laisvalaik\u012f lauke ir ie\u0161ko komforto bei apsaugos nuo \u0161al\u010dio. \u201eBalaclava\u201c idealiai tinka tiek m\u0117g\u0117jams, tiek aktyviems sporto entuziastams, norintiems m\u0117gautis \u017eiemos orais nesir\u016bpinant d\u0117l \u0161al\u010dio. <\/p>\n<p><img decoding=\"async\" class=\"alignnone wp-image-12692 size-medium\" src=\"https:\/\/toidupakk.ee\/wp-content\/uploads\/2023\/08\/Fostex-Garments-logo-300x126.png\" alt=\"fostex logotipas\" width=\"300\" height=\"126\" srcset=\"https:\/\/toidupakk.ee\/wp-content\/uploads\/2023\/08\/Fostex-Garments-logo-300x126.png 300w, https:\/\/toidupakk.ee\/wp-content\/uploads\/2023\/08\/Fostex-Garments-logo.png 420w\" sizes=\"(max-width: 300px) 100vw, 300px\" \/><\/p>\n<p>Domiesi \u017eygio prek\u0117mis? Su\u017einok daugiau <a href=\"https:\/\/toidupakk.ee\/lt\/tootekategooria\/zygio-iranga\/#section-3-79\">\u010cIA<\/a><\/p>\n<p>O gal domina \u017eygio maistas? \u017di\u016br\u0117k <a href=\"https:\/\/toidupakk.ee\/lt\/tootekategooria\/pagrindiniai-patiekalai\/\">\u010cIA<\/a><\/p>\n<p>Pasisemk \u012fkv\u0117pimo kitiems nuotykiams \u201eToidupakk\u201c <a href=\"https:\/\/www.instagram.com\/toidupakk\/\">Instagram<\/a> ir <a href=\"https:\/\/www.facebook.com\/Toidupakk\/\">Facebook<\/a> paskyrose.<\/p>\n<\/div>\n<\/div>\n<\/div>\n<div class=\"group\/wrapper relative flex w-full flex-col items-start gap-2\"><\/div>\n<\/div>\n","protected":false},"excerpt":{"rendered":"<p><strong>Po\u0161almis \u201eBalaclava\u201c sukurtas specialiai d\u0117v\u0117ti \u0161altomis ir v\u0117juotomis lauko s\u0105lygomis. Futuristi\u0161ko dizaino galvos apdangalas i\u0161laiko \u0161ilum\u0105 ir sausum\u0105. <\/strong><\/p>\n<ul>\n<li>Apsaugok veid\u0105 nuo nu\u0161alim\u0173<\/li>\n<li>Vanden\u012f atstumianti flisin\u0117 med\u017eiaga<\/li>\n<li>Veido danga reguliuojama dviejose vietose<\/li>\n<li>\u0160ildo galv\u0105, veid\u0105 ir kakl\u0105<\/li>\n<li>Prek\u0117s \u017eenklas: Fostex Garments<\/li>\n<li>Spalv\u0173 pasirinkimas: \u017ealia, juoda ir kamuflia\u017ein\u0117<\/li>\n<li>Svoris: 98 g<\/li>\n<\/ul>\n<p>\u2705 Turime sand\u0117lyje, greitas pristatymas per 1\u20133 darbo dienas<\/p>\n","protected":false},"featured_media":17225,"comment_status":"open","ping_status":"closed","template":"","meta":{"_acf_changed":false},"product_brand":[],"product_cat":[191,221,199,189,190],"product_tag":[],"class_list":{"0":"post-46924","1":"product","2":"type-product","3":"status-publish","4":"has-post-thumbnail","6":"product_cat-drabuziai","7":"product_cat-kepures","8":"product_cat-ziemos-prekes","9":"product_cat-zygio-iranga","10":"product_cat-zygio-prekes","12":"first","13":"instock","14":"sale","15":"taxable","16":"shipping-taxable","17":"purchasable","18":"product-type-variable","19":"has-default-attributes"},"bundled_by":[],"bundle_stock_status":"instock","bundle_stock_quantity":null,"bundle_virtual":false,"bundle_layout":"","bundle_add_to_cart_form_location":"","bundle_editable_in_cart":false,"bundle_sold_individually_context":"","bundle_item_grouping":"","bundle_min_size":"","bundle_max_size":"","bundle_price":[],"bundled_items":[],"bundle_sell_ids":[],"acf":[],"yoast_head":"<!-- This site is optimized with the Yoast SEO plugin v27.3 - https:\/\/yoast.com\/product\/yoast-seo-wordpress\/ -->\n<title>Po\u0161almis \u201eBalaclava\u201c<\/title>\n<meta name=\"description\" content=\"Flisinis po\u0161almis \u201eBalaclava\u201c yra \u0161iltas, reguliuojamas ir sugeriantis dr\u0117gm\u0119, u\u017etikrinantis galvos, kaklo bei veido apsaug\u0105 \u0161altomis ir v\u0117juotomis lauko s\u0105lygomis.\" \/>\n<meta name=\"robots\" content=\"index, follow, max-snippet:-1, max-image-preview:large, max-video-preview:-1\" \/>\n<link rel=\"canonical\" href=\"https:\/\/toidupakk.ee\/lt\/toode\/posalmis-balaclava\/\" \/>\n<meta property=\"og:locale\" content=\"lt_LT\" \/>\n<meta property=\"og:type\" content=\"article\" \/>\n<meta property=\"og:title\" content=\"Po\u0161almis \u201eBalaclava\u201c\" \/>\n<meta property=\"og:description\" content=\"Flisinis po\u0161almis \u201eBalaclava\u201c yra \u0161iltas, reguliuojamas ir sugeriantis dr\u0117gm\u0119, u\u017etikrinantis galvos, kaklo bei veido apsaug\u0105 \u0161altomis ir v\u0117juotomis lauko s\u0105lygomis.\" \/>\n<meta property=\"og:url\" content=\"https:\/\/toidupakk.ee\/lt\/toode\/posalmis-balaclava\/\" \/>\n<meta property=\"og:site_name\" content=\"Toidupakk.ee - Tactical Foodpack toidupakid\" \/>\n<meta property=\"article:publisher\" content=\"https:\/\/www.facebook.com\/Toidupakk\" \/>\n<meta property=\"article:modified_time\" content=\"2026-04-29T16:01:53+00:00\" \/>\n<meta property=\"og:image\" content=\"https:\/\/toidupakk.ee\/wp-content\/uploads\/2023\/12\/Sukkmuts-Balaclava-fliisist-24.png\" \/>\n\t<meta property=\"og:image:width\" content=\"800\" \/>\n\t<meta property=\"og:image:height\" content=\"800\" \/>\n\t<meta property=\"og:image:type\" content=\"image\/png\" \/>\n<meta name=\"twitter:card\" content=\"summary_large_image\" \/>\n<meta name=\"twitter:label1\" content=\"Est. reading time\" \/>\n\t<meta name=\"twitter:data1\" content=\"1 minut\u0117\" \/>\n<script type=\"application\/ld+json\" class=\"yoast-schema-graph\">{\"@context\":\"https:\\\/\\\/schema.org\",\"@graph\":[{\"@type\":\"WebPage\",\"@id\":\"https:\\\/\\\/toidupakk.ee\\\/lt\\\/toode\\\/posalmis-balaclava\\\/\",\"url\":\"https:\\\/\\\/toidupakk.ee\\\/lt\\\/toode\\\/posalmis-balaclava\\\/\",\"name\":\"Po\u0161almis \u201eBalaclava\u201c\",\"isPartOf\":{\"@id\":\"https:\\\/\\\/toidupakk.ee\\\/lt\\\/#website\"},\"primaryImageOfPage\":{\"@id\":\"https:\\\/\\\/toidupakk.ee\\\/lt\\\/toode\\\/posalmis-balaclava\\\/#primaryimage\"},\"image\":{\"@id\":\"https:\\\/\\\/toidupakk.ee\\\/lt\\\/toode\\\/posalmis-balaclava\\\/#primaryimage\"},\"thumbnailUrl\":\"https:\\\/\\\/toidupakk.ee\\\/wp-content\\\/uploads\\\/2023\\\/12\\\/Sukkmuts-Balaclava-fliisist-24.png\",\"datePublished\":\"2023-12-21T10:16:10+00:00\",\"dateModified\":\"2026-04-29T16:01:53+00:00\",\"description\":\"Flisinis po\u0161almis \u201eBalaclava\u201c yra \u0161iltas, reguliuojamas ir sugeriantis dr\u0117gm\u0119, u\u017etikrinantis galvos, kaklo bei veido apsaug\u0105 \u0161altomis ir v\u0117juotomis lauko s\u0105lygomis.\",\"breadcrumb\":{\"@id\":\"https:\\\/\\\/toidupakk.ee\\\/lt\\\/toode\\\/posalmis-balaclava\\\/#breadcrumb\"},\"inLanguage\":\"lt-LT\",\"potentialAction\":[{\"@type\":\"ReadAction\",\"target\":[\"https:\\\/\\\/toidupakk.ee\\\/lt\\\/toode\\\/posalmis-balaclava\\\/\"]}]},{\"@type\":\"ImageObject\",\"inLanguage\":\"lt-LT\",\"@id\":\"https:\\\/\\\/toidupakk.ee\\\/lt\\\/toode\\\/posalmis-balaclava\\\/#primaryimage\",\"url\":\"https:\\\/\\\/toidupakk.ee\\\/wp-content\\\/uploads\\\/2023\\\/12\\\/Sukkmuts-Balaclava-fliisist-24.png\",\"contentUrl\":\"https:\\\/\\\/toidupakk.ee\\\/wp-content\\\/uploads\\\/2023\\\/12\\\/Sukkmuts-Balaclava-fliisist-24.png\",\"width\":800,\"height\":800},{\"@type\":\"BreadcrumbList\",\"@id\":\"https:\\\/\\\/toidupakk.ee\\\/lt\\\/toode\\\/posalmis-balaclava\\\/#breadcrumb\",\"itemListElement\":[{\"@type\":\"ListItem\",\"position\":1,\"name\":\"Avaleht\",\"item\":\"https:\\\/\\\/toidupakk.ee\\\/lt\\\/\"},{\"@type\":\"ListItem\",\"position\":2,\"name\":\"El. parduotuv\u0117\",\"item\":\"https:\\\/\\\/toidupakk.ee\\\/lt\\\/el-parduotuve\\\/\"},{\"@type\":\"ListItem\",\"position\":3,\"name\":\"Po\u0161almis \u201eBalaclava\u201c\"}]},{\"@type\":\"WebSite\",\"@id\":\"https:\\\/\\\/toidupakk.ee\\\/lt\\\/#website\",\"url\":\"https:\\\/\\\/toidupakk.ee\\\/lt\\\/\",\"name\":\"Toidupakk.ee - Tactical Foodpack toidupakid\",\"description\":\"Tactical Foodpack k\u00fclmkuivatatud toidupakid ja matkaeined\",\"publisher\":{\"@id\":\"https:\\\/\\\/toidupakk.ee\\\/lt\\\/#organization\"},\"potentialAction\":[{\"@type\":\"SearchAction\",\"target\":{\"@type\":\"EntryPoint\",\"urlTemplate\":\"https:\\\/\\\/toidupakk.ee\\\/lt\\\/?s={search_term_string}\"},\"query-input\":{\"@type\":\"PropertyValueSpecification\",\"valueRequired\":true,\"valueName\":\"search_term_string\"}}],\"inLanguage\":\"lt-LT\"},{\"@type\":\"Organization\",\"@id\":\"https:\\\/\\\/toidupakk.ee\\\/lt\\\/#organization\",\"name\":\"Tactical Foodpack matkaeined\",\"url\":\"https:\\\/\\\/toidupakk.ee\\\/lt\\\/\",\"logo\":{\"@type\":\"ImageObject\",\"inLanguage\":\"lt-LT\",\"@id\":\"https:\\\/\\\/toidupakk.ee\\\/lt\\\/#\\\/schema\\\/logo\\\/image\\\/\",\"url\":\"https:\\\/\\\/toidupakk.ee\\\/wp-content\\\/uploads\\\/2022\\\/01\\\/Toidupakk-matkapood-logo-transparent.png\",\"contentUrl\":\"https:\\\/\\\/toidupakk.ee\\\/wp-content\\\/uploads\\\/2022\\\/01\\\/Toidupakk-matkapood-logo-transparent.png\",\"width\":500,\"height\":500,\"caption\":\"Tactical Foodpack matkaeined\"},\"image\":{\"@id\":\"https:\\\/\\\/toidupakk.ee\\\/lt\\\/#\\\/schema\\\/logo\\\/image\\\/\"},\"sameAs\":[\"https:\\\/\\\/www.facebook.com\\\/Toidupakk\",\"https:\\\/\\\/www.instagram.com\\\/toidupakk\\\/\"]}]}<\/script>\n<!-- \/ Yoast SEO plugin. -->","yoast_head_json":{"title":"Po\u0161almis \u201eBalaclava\u201c","description":"Flisinis po\u0161almis \u201eBalaclava\u201c yra \u0161iltas, reguliuojamas ir sugeriantis dr\u0117gm\u0119, u\u017etikrinantis galvos, kaklo bei veido apsaug\u0105 \u0161altomis ir v\u0117juotomis lauko s\u0105lygomis.","robots":{"index":"index","follow":"follow","max-snippet":"max-snippet:-1","max-image-preview":"max-image-preview:large","max-video-preview":"max-video-preview:-1"},"canonical":"https:\/\/toidupakk.ee\/lt\/toode\/posalmis-balaclava\/","og_locale":"lt_LT","og_type":"article","og_title":"Po\u0161almis \u201eBalaclava\u201c","og_description":"Flisinis po\u0161almis \u201eBalaclava\u201c yra \u0161iltas, reguliuojamas ir sugeriantis dr\u0117gm\u0119, u\u017etikrinantis galvos, kaklo bei veido apsaug\u0105 \u0161altomis ir v\u0117juotomis lauko s\u0105lygomis.","og_url":"https:\/\/toidupakk.ee\/lt\/toode\/posalmis-balaclava\/","og_site_name":"Toidupakk.ee - Tactical Foodpack toidupakid","article_publisher":"https:\/\/www.facebook.com\/Toidupakk","article_modified_time":"2026-04-29T16:01:53+00:00","og_image":[{"width":800,"height":800,"url":"https:\/\/toidupakk.ee\/wp-content\/uploads\/2023\/12\/Sukkmuts-Balaclava-fliisist-24.png","type":"image\/png"}],"twitter_card":"summary_large_image","twitter_misc":{"Est. reading time":"1 minut\u0117"},"schema":{"@context":"https:\/\/schema.org","@graph":[{"@type":"WebPage","@id":"https:\/\/toidupakk.ee\/lt\/toode\/posalmis-balaclava\/","url":"https:\/\/toidupakk.ee\/lt\/toode\/posalmis-balaclava\/","name":"Po\u0161almis \u201eBalaclava\u201c","isPartOf":{"@id":"https:\/\/toidupakk.ee\/lt\/#website"},"primaryImageOfPage":{"@id":"https:\/\/toidupakk.ee\/lt\/toode\/posalmis-balaclava\/#primaryimage"},"image":{"@id":"https:\/\/toidupakk.ee\/lt\/toode\/posalmis-balaclava\/#primaryimage"},"thumbnailUrl":"https:\/\/toidupakk.ee\/wp-content\/uploads\/2023\/12\/Sukkmuts-Balaclava-fliisist-24.png","datePublished":"2023-12-21T10:16:10+00:00","dateModified":"2026-04-29T16:01:53+00:00","description":"Flisinis po\u0161almis \u201eBalaclava\u201c yra \u0161iltas, reguliuojamas ir sugeriantis dr\u0117gm\u0119, u\u017etikrinantis galvos, kaklo bei veido apsaug\u0105 \u0161altomis ir v\u0117juotomis lauko s\u0105lygomis.","breadcrumb":{"@id":"https:\/\/toidupakk.ee\/lt\/toode\/posalmis-balaclava\/#breadcrumb"},"inLanguage":"lt-LT","potentialAction":[{"@type":"ReadAction","target":["https:\/\/toidupakk.ee\/lt\/toode\/posalmis-balaclava\/"]}]},{"@type":"ImageObject","inLanguage":"lt-LT","@id":"https:\/\/toidupakk.ee\/lt\/toode\/posalmis-balaclava\/#primaryimage","url":"https:\/\/toidupakk.ee\/wp-content\/uploads\/2023\/12\/Sukkmuts-Balaclava-fliisist-24.png","contentUrl":"https:\/\/toidupakk.ee\/wp-content\/uploads\/2023\/12\/Sukkmuts-Balaclava-fliisist-24.png","width":800,"height":800},{"@type":"BreadcrumbList","@id":"https:\/\/toidupakk.ee\/lt\/toode\/posalmis-balaclava\/#breadcrumb","itemListElement":[{"@type":"ListItem","position":1,"name":"Avaleht","item":"https:\/\/toidupakk.ee\/lt\/"},{"@type":"ListItem","position":2,"name":"El. parduotuv\u0117","item":"https:\/\/toidupakk.ee\/lt\/el-parduotuve\/"},{"@type":"ListItem","position":3,"name":"Po\u0161almis \u201eBalaclava\u201c"}]},{"@type":"WebSite","@id":"https:\/\/toidupakk.ee\/lt\/#website","url":"https:\/\/toidupakk.ee\/lt\/","name":"Toidupakk.ee - Tactical Foodpack toidupakid","description":"Tactical Foodpack k\u00fclmkuivatatud toidupakid ja matkaeined","publisher":{"@id":"https:\/\/toidupakk.ee\/lt\/#organization"},"potentialAction":[{"@type":"SearchAction","target":{"@type":"EntryPoint","urlTemplate":"https:\/\/toidupakk.ee\/lt\/?s={search_term_string}"},"query-input":{"@type":"PropertyValueSpecification","valueRequired":true,"valueName":"search_term_string"}}],"inLanguage":"lt-LT"},{"@type":"Organization","@id":"https:\/\/toidupakk.ee\/lt\/#organization","name":"Tactical Foodpack matkaeined","url":"https:\/\/toidupakk.ee\/lt\/","logo":{"@type":"ImageObject","inLanguage":"lt-LT","@id":"https:\/\/toidupakk.ee\/lt\/#\/schema\/logo\/image\/","url":"https:\/\/toidupakk.ee\/wp-content\/uploads\/2022\/01\/Toidupakk-matkapood-logo-transparent.png","contentUrl":"https:\/\/toidupakk.ee\/wp-content\/uploads\/2022\/01\/Toidupakk-matkapood-logo-transparent.png","width":500,"height":500,"caption":"Tactical Foodpack matkaeined"},"image":{"@id":"https:\/\/toidupakk.ee\/lt\/#\/schema\/logo\/image\/"},"sameAs":["https:\/\/www.facebook.com\/Toidupakk","https:\/\/www.instagram.com\/toidupakk\/"]}]}},"jetpack_sharing_enabled":true,"_links":{"self":[{"href":"https:\/\/toidupakk.ee\/lt\/wp-json\/wp\/v2\/product\/46924","targetHints":{"allow":["GET"]}}],"collection":[{"href":"https:\/\/toidupakk.ee\/lt\/wp-json\/wp\/v2\/product"}],"about":[{"href":"https:\/\/toidupakk.ee\/lt\/wp-json\/wp\/v2\/types\/product"}],"replies":[{"embeddable":true,"href":"https:\/\/toidupakk.ee\/lt\/wp-json\/wp\/v2\/comments?post=46924"}],"wp:featuredmedia":[{"embeddable":true,"href":"https:\/\/toidupakk.ee\/lt\/wp-json\/wp\/v2\/media\/17225"}],"wp:attachment":[{"href":"https:\/\/toidupakk.ee\/lt\/wp-json\/wp\/v2\/media?parent=46924"}],"wp:term":[{"taxonomy":"product_brand","embeddable":true,"href":"https:\/\/toidupakk.ee\/lt\/wp-json\/wp\/v2\/product_brand?post=46924"},{"taxonomy":"product_cat","embeddable":true,"href":"https:\/\/toidupakk.ee\/lt\/wp-json\/wp\/v2\/product_cat?post=46924"},{"taxonomy":"product_tag","embeddable":true,"href":"https:\/\/toidupakk.ee\/lt\/wp-json\/wp\/v2\/product_tag?post=46924"}],"curies":[{"name":"wp","href":"https:\/\/api.w.org\/{rel}","templated":true}]}}