{"id":46903,"date":"2023-12-08T21:40:27","date_gmt":"2023-12-08T19:40:27","guid":{"rendered":"https:\/\/toidupakk.ee\/toode\/palapine-robson-4\/"},"modified":"2026-04-29T16:32:01","modified_gmt":"2026-04-29T13:32:01","slug":"palapine-robson-4","status":"publish","type":"product","link":"https:\/\/toidupakk.ee\/lt\/toode\/palapine-robson-4\/","title":{"rendered":"Palapin\u0117 Robson 4"},"content":{"rendered":"<h1>Palapin\u0117 Robson 4<\/h1>\n<p>Palapin\u0117 Robson 4 pasi\u017eymi puikiu i\u0161ilginiu atsparumu v\u0117jui, tod\u0117l patikimai saugo nuo v\u0117jo ir \u012fvairi\u0173 oro s\u0105lyg\u0173. Vidin\u0117 palapin\u0117s dalis pagaminta i\u0161 tinklin\u0117s med\u017eiagos, kuri u\u017etikrina ger\u0105 mikroklimat\u0105, neleid\u017eia patekti uodams, mus\u0117ms, erk\u0117ms bei vorams, ta\u010diau leid\u017eia cirkuliuoti orui, taip i\u0161vengiant dr\u0117gm\u0117s kaupimosi. Be to, palapin\u0117je yra ventiliacijos angos, kurios pagerina oro sraut\u0105 ir padeda i\u0161vengti kondensato, kad visada jaustumeisi patogiai ir gal\u0117tum ramiai miegoti.   <\/p>\n<p><img fetchpriority=\"high\" decoding=\"async\" class=\"alignnone wp-image-11665 size-thumbnail\" src=\"https:\/\/toidupakk.ee\/wp-content\/uploads\/2023\/07\/Robson-3-7-500x500.jpeg\" alt=\"palapin\u0117 robson 4\u20135 asmenims\" width=\"500\" height=\"500\" srcset=\"https:\/\/toidupakk.ee\/wp-content\/uploads\/2023\/07\/Robson-3-7-500x500.jpeg 500w, https:\/\/toidupakk.ee\/wp-content\/uploads\/2023\/07\/Robson-3-7-400x400.jpeg 400w, https:\/\/toidupakk.ee\/wp-content\/uploads\/2023\/07\/Robson-3-7-100x100.jpeg 100w, https:\/\/toidupakk.ee\/wp-content\/uploads\/2023\/07\/Robson-3-7-800x800.jpeg 800w, https:\/\/toidupakk.ee\/wp-content\/uploads\/2023\/07\/Robson-3-7-300x300.jpeg 300w, https:\/\/toidupakk.ee\/wp-content\/uploads\/2023\/07\/Robson-3-7-1024x1024.jpeg 1024w, https:\/\/toidupakk.ee\/wp-content\/uploads\/2023\/07\/Robson-3-7-768x768.jpeg 768w, https:\/\/toidupakk.ee\/wp-content\/uploads\/2023\/07\/Robson-3-7.jpeg 1200w\" sizes=\"(max-width: 500px) 100vw, 500px\" \/><\/p>\n<h2>Konstrukcija ir papildomos dalys<\/h2>\n<p>Robson 4 turi ir kit\u0173 privalum\u0173, \u012fskaitant lengvas med\u017eiagas ir komponentus, kurie suma\u017eina palapin\u0117s svor\u012f bei pakuot\u0117s dyd\u012f \u2013 tai leid\u017eia ne\u0161tis ma\u017eiau svorio arba pasiimti daugiau \u012frangos. Palapin\u0117s i\u0161orinis sluoksnis ir dugnas padengti poliuretano danga, o si\u016bl\u0117s sandarintos, tod\u0117l i\u0161liksi sausas ir saugus net per stipr\u0173 liet\u0173. <\/p>\n<p><img decoding=\"async\" class=\"alignnone size-full wp-image-11689\" src=\"https:\/\/toidupakk.ee\/wp-content\/uploads\/2023\/07\/Robson-4-14.png\" alt=\"\" width=\"250\" height=\"250\" srcset=\"https:\/\/toidupakk.ee\/wp-content\/uploads\/2023\/07\/Robson-4-14.png 250w, https:\/\/toidupakk.ee\/wp-content\/uploads\/2023\/07\/Robson-4-14-100x100.png 100w\" sizes=\"(max-width: 250px) 100vw, 250px\" \/><\/p>\n<p>Visos Robson 4 palapin\u0117s arkos yra vienodo ilgio, tod\u0117l j\u0105 pastatysi greitai ir paprastai, o 165 cm auk\u0161tis i\u0161laikomas visoje palapin\u0117je. Palapin\u0117 turi didel\u012f prieang\u012f priekyje, kuriame u\u017eteks vietos \u0161lapiems daiktams laikyti ar maistui gaminti, taip padidinant nauding\u0105 plot\u0105 ir komfort\u0105. Taip pat yra \u0161vies\u0105 atspindin\u010dios \u012ftempimo virv\u0117s, kurios padeda geriau matyti palapin\u0119 tamsoje, lengviau rasti stovyklaviet\u0119 ir neleid\u017eia u\u017ekli\u016bti.  <\/p>\n<p>Daugiau turizmo preki\u0173 rasi <a href=\"https:\/\/toidupakk.ee\/lt\/tootekategooria\/zygio-iranga\/#section-3-79\">\u010cIA<\/a><\/p>\n<p>Jei domina maistas \u017eygiams \u2013 \u017ei\u016br\u0117k <a href=\"\/?product_cat=snakk#section-3-79\">\u010cIA<\/a><\/p>\n<p>Pasisemk \u012fkv\u0117pimo kitiems nuotykiams \u201eToidupakk\u201c <a href=\"https:\/\/www.instagram.com\/toidupakk\/\">Instagram<\/a> ir <a href=\"https:\/\/www.facebook.com\/Toidupakk\/\">Facebook<\/a> paskyrose.<\/p>\n","protected":false},"excerpt":{"rendered":"<p><strong>Palapin\u0117 Robson 4 yra vyresnis ir didesnis Robson 3 brolis \u2013 ji 50 cm platesn\u0117 ir beveik visame plote leid\u017eia stov\u0117ti pilnu \u016bgiu. \u0160i tunelin\u0117 palapin\u0117 sukuria puik\u0173 erdv\u0117s poj\u016bt\u012f, joje patogiai miega 4\u20135 asmenys, o prieangyje telpa daug \u012frangos bei baga\u017eo. <\/strong><\/p>\n<ul>\n<li><strong>Viet\u0173 skai\u010dius:<\/strong> nuo 4 iki 5 asmen\u0173<\/li>\n<li><strong>I\u0161orinio sluoksnio med\u017eiaga:<\/strong> 100 % poliesteris 68D (190T)<\/li>\n<li><strong>Vidin\u0117s palapin\u0117s med\u017eiaga:<\/strong> patvarus tinklinis audinis (saugo nuo uod\u0173 ir kit\u0173 vabzd\u017ei\u0173)<\/li>\n<li><strong>Dugno med\u017eiaga:<\/strong> polietilenas, padengtas poliuretano sluoksniu<\/li>\n<li><strong>Lankai:<\/strong> stiklo pluo\u0161tas<\/li>\n<li><strong>Kuoliukai:<\/strong> plienas<\/li>\n<li><strong>Svoris:<\/strong> 7000 g<\/li>\n<li><strong>Matmenys:<\/strong> 23 x 66 cm (supakuotos)<\/li>\n<li><strong>Atsparumas vandeniui:<\/strong> 3000 mm<\/li>\n<li><strong>Spalv\u0173 pasirinkimas:<\/strong> Blue Grass (m\u0117lyna) arba Capulet Olive (mi\u0161ko \u017ealia)<\/li>\n<\/ul>\n<p>\u2705 Turime sand\u0117lyje, greitas pristatymas per 1\u20133 d. d.<br \/>\n\u2705 Pirk dabar, mok\u0117k v\u0117liau (pal\u016bkanos 0 %)<\/p>\n","protected":false},"featured_media":46917,"comment_status":"open","ping_status":"closed","template":"","meta":{"_acf_changed":false},"product_brand":[],"product_cat":[217,257,189,190],"product_tag":[],"class_list":{"0":"post-46903","1":"product","2":"type-product","3":"status-publish","4":"has-post-thumbnail","6":"product_cat-nakvyne-gamtoje","7":"product_cat-palapines","8":"product_cat-zygio-iranga","9":"product_cat-zygio-prekes","11":"first","12":"instock","13":"sale","14":"taxable","15":"shipping-taxable","16":"purchasable","17":"product-type-variable","18":"has-default-attributes"},"bundled_by":[],"bundle_stock_status":"instock","bundle_stock_quantity":null,"bundle_virtual":false,"bundle_layout":"","bundle_add_to_cart_form_location":"","bundle_editable_in_cart":false,"bundle_sold_individually_context":"","bundle_item_grouping":"","bundle_min_size":"","bundle_max_size":"","bundle_price":[],"bundled_items":[],"bundle_sell_ids":[],"acf":[],"yoast_head":"<!-- This site is optimized with the Yoast SEO plugin v27.3 - https:\/\/yoast.com\/product\/yoast-seo-wordpress\/ -->\n<title>Palapin\u0117 Robson 4<\/title>\n<meta name=\"description\" content=\"Palapin\u0117 Robson 4 yra didel\u0117, erdvi ir patogi tunelin\u0117 palapin\u0117, u\u017etikrinanti patikim\u0105 apsaug\u0105 nuo v\u0117jo, lietaus bei vabzd\u017ei\u0173 ir kartu garantuojanti ger\u0105 ventiliacij\u0105.\" \/>\n<meta name=\"robots\" content=\"index, follow, max-snippet:-1, max-image-preview:large, max-video-preview:-1\" \/>\n<link rel=\"canonical\" href=\"https:\/\/toidupakk.ee\/lt\/toode\/palapine-robson-4\/\" \/>\n<meta property=\"og:locale\" content=\"lt_LT\" \/>\n<meta property=\"og:type\" content=\"article\" \/>\n<meta property=\"og:title\" content=\"Palapin\u0117 Robson 4\" \/>\n<meta property=\"og:description\" content=\"Palapin\u0117 Robson 4 yra didel\u0117, erdvi ir patogi tunelin\u0117 palapin\u0117, u\u017etikrinanti patikim\u0105 apsaug\u0105 nuo v\u0117jo, lietaus bei vabzd\u017ei\u0173 ir kartu garantuojanti ger\u0105 ventiliacij\u0105.\" \/>\n<meta property=\"og:url\" content=\"https:\/\/toidupakk.ee\/lt\/toode\/palapine-robson-4\/\" \/>\n<meta property=\"og:site_name\" content=\"Toidupakk.ee - Tactical Foodpack toidupakid\" \/>\n<meta property=\"article:publisher\" content=\"https:\/\/www.facebook.com\/Toidupakk\" \/>\n<meta property=\"article:modified_time\" content=\"2026-04-29T13:32:01+00:00\" \/>\n<meta property=\"og:image\" content=\"https:\/\/toidupakk.ee\/wp-content\/uploads\/2023\/12\/Robson-4.png\" \/>\n\t<meta property=\"og:image:width\" content=\"800\" \/>\n\t<meta property=\"og:image:height\" content=\"800\" \/>\n\t<meta property=\"og:image:type\" content=\"image\/png\" \/>\n<meta name=\"twitter:card\" content=\"summary_large_image\" \/>\n<meta name=\"twitter:label1\" content=\"Est. reading time\" \/>\n\t<meta name=\"twitter:data1\" content=\"1 minut\u0117\" \/>\n<script type=\"application\/ld+json\" class=\"yoast-schema-graph\">{\"@context\":\"https:\\\/\\\/schema.org\",\"@graph\":[{\"@type\":\"WebPage\",\"@id\":\"https:\\\/\\\/toidupakk.ee\\\/lt\\\/toode\\\/palapine-robson-4\\\/\",\"url\":\"https:\\\/\\\/toidupakk.ee\\\/lt\\\/toode\\\/palapine-robson-4\\\/\",\"name\":\"Palapin\u0117 Robson 4\",\"isPartOf\":{\"@id\":\"https:\\\/\\\/toidupakk.ee\\\/lt\\\/#website\"},\"primaryImageOfPage\":{\"@id\":\"https:\\\/\\\/toidupakk.ee\\\/lt\\\/toode\\\/palapine-robson-4\\\/#primaryimage\"},\"image\":{\"@id\":\"https:\\\/\\\/toidupakk.ee\\\/lt\\\/toode\\\/palapine-robson-4\\\/#primaryimage\"},\"thumbnailUrl\":\"https:\\\/\\\/toidupakk.ee\\\/wp-content\\\/uploads\\\/2023\\\/12\\\/Robson-4.png\",\"datePublished\":\"2023-12-08T19:40:27+00:00\",\"dateModified\":\"2026-04-29T13:32:01+00:00\",\"description\":\"Palapin\u0117 Robson 4 yra didel\u0117, erdvi ir patogi tunelin\u0117 palapin\u0117, u\u017etikrinanti patikim\u0105 apsaug\u0105 nuo v\u0117jo, lietaus bei vabzd\u017ei\u0173 ir kartu garantuojanti ger\u0105 ventiliacij\u0105.\",\"breadcrumb\":{\"@id\":\"https:\\\/\\\/toidupakk.ee\\\/lt\\\/toode\\\/palapine-robson-4\\\/#breadcrumb\"},\"inLanguage\":\"lt-LT\",\"potentialAction\":[{\"@type\":\"ReadAction\",\"target\":[\"https:\\\/\\\/toidupakk.ee\\\/lt\\\/toode\\\/palapine-robson-4\\\/\"]}]},{\"@type\":\"ImageObject\",\"inLanguage\":\"lt-LT\",\"@id\":\"https:\\\/\\\/toidupakk.ee\\\/lt\\\/toode\\\/palapine-robson-4\\\/#primaryimage\",\"url\":\"https:\\\/\\\/toidupakk.ee\\\/wp-content\\\/uploads\\\/2023\\\/12\\\/Robson-4.png\",\"contentUrl\":\"https:\\\/\\\/toidupakk.ee\\\/wp-content\\\/uploads\\\/2023\\\/12\\\/Robson-4.png\",\"width\":800,\"height\":800},{\"@type\":\"BreadcrumbList\",\"@id\":\"https:\\\/\\\/toidupakk.ee\\\/lt\\\/toode\\\/palapine-robson-4\\\/#breadcrumb\",\"itemListElement\":[{\"@type\":\"ListItem\",\"position\":1,\"name\":\"Avaleht\",\"item\":\"https:\\\/\\\/toidupakk.ee\\\/lt\\\/\"},{\"@type\":\"ListItem\",\"position\":2,\"name\":\"El. parduotuv\u0117\",\"item\":\"https:\\\/\\\/toidupakk.ee\\\/lt\\\/el-parduotuve\\\/\"},{\"@type\":\"ListItem\",\"position\":3,\"name\":\"Palapin\u0117 Robson 4\"}]},{\"@type\":\"WebSite\",\"@id\":\"https:\\\/\\\/toidupakk.ee\\\/lt\\\/#website\",\"url\":\"https:\\\/\\\/toidupakk.ee\\\/lt\\\/\",\"name\":\"Toidupakk.ee - Tactical Foodpack toidupakid\",\"description\":\"Tactical Foodpack k\u00fclmkuivatatud toidupakid ja matkaeined\",\"publisher\":{\"@id\":\"https:\\\/\\\/toidupakk.ee\\\/lt\\\/#organization\"},\"potentialAction\":[{\"@type\":\"SearchAction\",\"target\":{\"@type\":\"EntryPoint\",\"urlTemplate\":\"https:\\\/\\\/toidupakk.ee\\\/lt\\\/?s={search_term_string}\"},\"query-input\":{\"@type\":\"PropertyValueSpecification\",\"valueRequired\":true,\"valueName\":\"search_term_string\"}}],\"inLanguage\":\"lt-LT\"},{\"@type\":\"Organization\",\"@id\":\"https:\\\/\\\/toidupakk.ee\\\/lt\\\/#organization\",\"name\":\"Tactical Foodpack matkaeined\",\"url\":\"https:\\\/\\\/toidupakk.ee\\\/lt\\\/\",\"logo\":{\"@type\":\"ImageObject\",\"inLanguage\":\"lt-LT\",\"@id\":\"https:\\\/\\\/toidupakk.ee\\\/lt\\\/#\\\/schema\\\/logo\\\/image\\\/\",\"url\":\"https:\\\/\\\/toidupakk.ee\\\/wp-content\\\/uploads\\\/2022\\\/01\\\/Toidupakk-matkapood-logo-transparent.png\",\"contentUrl\":\"https:\\\/\\\/toidupakk.ee\\\/wp-content\\\/uploads\\\/2022\\\/01\\\/Toidupakk-matkapood-logo-transparent.png\",\"width\":500,\"height\":500,\"caption\":\"Tactical Foodpack matkaeined\"},\"image\":{\"@id\":\"https:\\\/\\\/toidupakk.ee\\\/lt\\\/#\\\/schema\\\/logo\\\/image\\\/\"},\"sameAs\":[\"https:\\\/\\\/www.facebook.com\\\/Toidupakk\",\"https:\\\/\\\/www.instagram.com\\\/toidupakk\\\/\"]}]}<\/script>\n<!-- \/ Yoast SEO plugin. -->","yoast_head_json":{"title":"Palapin\u0117 Robson 4","description":"Palapin\u0117 Robson 4 yra didel\u0117, erdvi ir patogi tunelin\u0117 palapin\u0117, u\u017etikrinanti patikim\u0105 apsaug\u0105 nuo v\u0117jo, lietaus bei vabzd\u017ei\u0173 ir kartu garantuojanti ger\u0105 ventiliacij\u0105.","robots":{"index":"index","follow":"follow","max-snippet":"max-snippet:-1","max-image-preview":"max-image-preview:large","max-video-preview":"max-video-preview:-1"},"canonical":"https:\/\/toidupakk.ee\/lt\/toode\/palapine-robson-4\/","og_locale":"lt_LT","og_type":"article","og_title":"Palapin\u0117 Robson 4","og_description":"Palapin\u0117 Robson 4 yra didel\u0117, erdvi ir patogi tunelin\u0117 palapin\u0117, u\u017etikrinanti patikim\u0105 apsaug\u0105 nuo v\u0117jo, lietaus bei vabzd\u017ei\u0173 ir kartu garantuojanti ger\u0105 ventiliacij\u0105.","og_url":"https:\/\/toidupakk.ee\/lt\/toode\/palapine-robson-4\/","og_site_name":"Toidupakk.ee - Tactical Foodpack toidupakid","article_publisher":"https:\/\/www.facebook.com\/Toidupakk","article_modified_time":"2026-04-29T13:32:01+00:00","og_image":[{"width":800,"height":800,"url":"https:\/\/toidupakk.ee\/wp-content\/uploads\/2023\/12\/Robson-4.png","type":"image\/png"}],"twitter_card":"summary_large_image","twitter_misc":{"Est. reading time":"1 minut\u0117"},"schema":{"@context":"https:\/\/schema.org","@graph":[{"@type":"WebPage","@id":"https:\/\/toidupakk.ee\/lt\/toode\/palapine-robson-4\/","url":"https:\/\/toidupakk.ee\/lt\/toode\/palapine-robson-4\/","name":"Palapin\u0117 Robson 4","isPartOf":{"@id":"https:\/\/toidupakk.ee\/lt\/#website"},"primaryImageOfPage":{"@id":"https:\/\/toidupakk.ee\/lt\/toode\/palapine-robson-4\/#primaryimage"},"image":{"@id":"https:\/\/toidupakk.ee\/lt\/toode\/palapine-robson-4\/#primaryimage"},"thumbnailUrl":"https:\/\/toidupakk.ee\/wp-content\/uploads\/2023\/12\/Robson-4.png","datePublished":"2023-12-08T19:40:27+00:00","dateModified":"2026-04-29T13:32:01+00:00","description":"Palapin\u0117 Robson 4 yra didel\u0117, erdvi ir patogi tunelin\u0117 palapin\u0117, u\u017etikrinanti patikim\u0105 apsaug\u0105 nuo v\u0117jo, lietaus bei vabzd\u017ei\u0173 ir kartu garantuojanti ger\u0105 ventiliacij\u0105.","breadcrumb":{"@id":"https:\/\/toidupakk.ee\/lt\/toode\/palapine-robson-4\/#breadcrumb"},"inLanguage":"lt-LT","potentialAction":[{"@type":"ReadAction","target":["https:\/\/toidupakk.ee\/lt\/toode\/palapine-robson-4\/"]}]},{"@type":"ImageObject","inLanguage":"lt-LT","@id":"https:\/\/toidupakk.ee\/lt\/toode\/palapine-robson-4\/#primaryimage","url":"https:\/\/toidupakk.ee\/wp-content\/uploads\/2023\/12\/Robson-4.png","contentUrl":"https:\/\/toidupakk.ee\/wp-content\/uploads\/2023\/12\/Robson-4.png","width":800,"height":800},{"@type":"BreadcrumbList","@id":"https:\/\/toidupakk.ee\/lt\/toode\/palapine-robson-4\/#breadcrumb","itemListElement":[{"@type":"ListItem","position":1,"name":"Avaleht","item":"https:\/\/toidupakk.ee\/lt\/"},{"@type":"ListItem","position":2,"name":"El. parduotuv\u0117","item":"https:\/\/toidupakk.ee\/lt\/el-parduotuve\/"},{"@type":"ListItem","position":3,"name":"Palapin\u0117 Robson 4"}]},{"@type":"WebSite","@id":"https:\/\/toidupakk.ee\/lt\/#website","url":"https:\/\/toidupakk.ee\/lt\/","name":"Toidupakk.ee - Tactical Foodpack toidupakid","description":"Tactical Foodpack k\u00fclmkuivatatud toidupakid ja matkaeined","publisher":{"@id":"https:\/\/toidupakk.ee\/lt\/#organization"},"potentialAction":[{"@type":"SearchAction","target":{"@type":"EntryPoint","urlTemplate":"https:\/\/toidupakk.ee\/lt\/?s={search_term_string}"},"query-input":{"@type":"PropertyValueSpecification","valueRequired":true,"valueName":"search_term_string"}}],"inLanguage":"lt-LT"},{"@type":"Organization","@id":"https:\/\/toidupakk.ee\/lt\/#organization","name":"Tactical Foodpack matkaeined","url":"https:\/\/toidupakk.ee\/lt\/","logo":{"@type":"ImageObject","inLanguage":"lt-LT","@id":"https:\/\/toidupakk.ee\/lt\/#\/schema\/logo\/image\/","url":"https:\/\/toidupakk.ee\/wp-content\/uploads\/2022\/01\/Toidupakk-matkapood-logo-transparent.png","contentUrl":"https:\/\/toidupakk.ee\/wp-content\/uploads\/2022\/01\/Toidupakk-matkapood-logo-transparent.png","width":500,"height":500,"caption":"Tactical Foodpack matkaeined"},"image":{"@id":"https:\/\/toidupakk.ee\/lt\/#\/schema\/logo\/image\/"},"sameAs":["https:\/\/www.facebook.com\/Toidupakk","https:\/\/www.instagram.com\/toidupakk\/"]}]}},"jetpack_sharing_enabled":true,"_links":{"self":[{"href":"https:\/\/toidupakk.ee\/lt\/wp-json\/wp\/v2\/product\/46903","targetHints":{"allow":["GET"]}}],"collection":[{"href":"https:\/\/toidupakk.ee\/lt\/wp-json\/wp\/v2\/product"}],"about":[{"href":"https:\/\/toidupakk.ee\/lt\/wp-json\/wp\/v2\/types\/product"}],"replies":[{"embeddable":true,"href":"https:\/\/toidupakk.ee\/lt\/wp-json\/wp\/v2\/comments?post=46903"}],"wp:featuredmedia":[{"embeddable":true,"href":"https:\/\/toidupakk.ee\/lt\/wp-json\/wp\/v2\/media\/46917"}],"wp:attachment":[{"href":"https:\/\/toidupakk.ee\/lt\/wp-json\/wp\/v2\/media?parent=46903"}],"wp:term":[{"taxonomy":"product_brand","embeddable":true,"href":"https:\/\/toidupakk.ee\/lt\/wp-json\/wp\/v2\/product_brand?post=46903"},{"taxonomy":"product_cat","embeddable":true,"href":"https:\/\/toidupakk.ee\/lt\/wp-json\/wp\/v2\/product_cat?post=46903"},{"taxonomy":"product_tag","embeddable":true,"href":"https:\/\/toidupakk.ee\/lt\/wp-json\/wp\/v2\/product_tag?post=46903"}],"curies":[{"name":"wp","href":"https:\/\/api.w.org\/{rel}","templated":true}]}}