{"id":46898,"date":"2023-12-06T17:11:52","date_gmt":"2023-12-06T15:11:52","guid":{"rendered":"https:\/\/toidupakk.ee\/toode\/superbatonelis-girl-power\/"},"modified":"2026-04-14T23:30:17","modified_gmt":"2026-04-14T20:30:17","slug":"superbatonelis-girl-power","status":"publish","type":"product","link":"https:\/\/toidupakk.ee\/lt\/toode\/superbatonelis-girl-power\/","title":{"rendered":"Superbaton\u0117lis \u201eGirl Power\u201c"},"content":{"rendered":"<p>\u201eGirl Power\u201c superbaton\u0117lis pasi\u017eymi dideliu gele\u017eies bei baltym\u0173 kiekiu ir yra sukurtas aktyvioms moterims, ie\u0161kan\u010dioms maistingo u\u017ekand\u017eio. Gele\u017eis padeda palaikyti energijos lyg\u012f vis\u0105 dien\u0105 ir suteikia gyvybingumo. Puikiai tinka pusry\u010diams ar pietums, kaip u\u017ekandis prie\u0161 treniruot\u0119 ar po jos. Patogu pasiimti su savimi \u2013 idealus pasirinkimas rankin\u0117je, automobilyje ar sportiniame krep\u0161yje.  <\/p>\n<p>Visavertis maistas patogioje pakuot\u0117je: 11,5 g baltym\u0173, 7 g skaidul\u0173 ir 3,4 g gele\u017eies. Be didelio skaidul\u0173 ir augalini\u0173 baltym\u0173 kiekio, produktas yra ma\u017eo kaloringumo. Spirulina suteikia gausyb\u0119 gele\u017eies ir vitamin\u0173, o cikorija \u2013 skaidul\u0173; abu ingredientai padeda kontroliuoti svor\u012f.  <\/p>\n<p>Sud\u0117tyje \u2013 tik 9 ingredientai: migdolai, saul\u0117gr\u0105\u017e\u0173 s\u0117klos, razinos, cikorij\u0173 sirupas, datul\u0117s, pup\u0173 baltymai, skrudintos moli\u016bg\u0173 s\u0117klos, citrin\u0173 aliejus ir spirulina. Joki\u0173 ne\u017einom\u0173 pried\u0173 ir be prid\u0117tinio cukraus. Be to, tai vegani\u0161kas, paleo ir be gliuteno \u017ealiavalgi\u0161kas (raw) produktas.  <\/p>\n<p><img fetchpriority=\"high\" decoding=\"async\" class=\"alignright wp-image-16400 size-thumbnail\" src=\"https:\/\/toidupakk.ee\/wp-content\/uploads\/2023\/11\/Superbatoon-Girl-Power20-500x500.png\" alt=\"Superbaton\u0117lis \u201eGirl Power\u201c 4\" width=\"500\" height=\"500\" srcset=\"https:\/\/toidupakk.ee\/wp-content\/uploads\/2023\/11\/Superbatoon-Girl-Power20-500x500.png 500w, https:\/\/toidupakk.ee\/wp-content\/uploads\/2023\/11\/Superbatoon-Girl-Power20-400x400.png 400w, https:\/\/toidupakk.ee\/wp-content\/uploads\/2023\/11\/Superbatoon-Girl-Power20-100x100.png 100w, https:\/\/toidupakk.ee\/wp-content\/uploads\/2023\/11\/Superbatoon-Girl-Power20-300x300.png 300w, https:\/\/toidupakk.ee\/wp-content\/uploads\/2023\/11\/Superbatoon-Girl-Power20-768x768.png 768w, https:\/\/toidupakk.ee\/wp-content\/uploads\/2023\/11\/Superbatoon-Girl-Power20.png 800w\" sizes=\"(max-width: 500px) 100vw, 500px\" \/><\/p>\n<p>Citrina suteikia sultingumo ir gaivumo, nat\u016bral\u0173 saldum\u0105 dovanoja datul\u0117s bei razinos, o rie\u0161ut\u0173 poskon\u012f \u2013 migdolai, saul\u0117gr\u0105\u017e\u0173 s\u0117klos ir cikorija. Be dirbtini\u0173 kvapi\u0173j\u0173 med\u017eiag\u0173 ar keisto poskonio. Rinkis skan\u0173, mink\u0161t\u0105 skan\u0117st\u0105, kuris suteikia sotumo jausm\u0105 ir d\u017eiugina labiau nei \u012fprasti saldumynai.  <\/p>\n<p>Aplinkai draugi\u0161kas pasirinkimas: \u201eGreen Bite\u201c si\u016blo \u0161vari\u0105 ir sveik\u0105 baltym\u0173 alternatyv\u0105 tradicinei gyvulininkystei. Gali rinktis tiek vegani\u0161kus produktus, tiek tausojan\u010dius baltym\u0173 ekstraktus, \u012fskaitant \u201eGirl Power\u201c superbaton\u0117lius. <\/p>\n<p>&nbsp;<\/p>\n<p>Domiesi \u017eygio reikmenimis? Su\u017einok daugiau <a href=\"https:\/\/toidupakk.ee\/lt\/tootekategooria\/zygio-iranga\/#section-3-79\">\u010cIA<\/a><\/p>\n<p>Domina \u017eygio maistas? \u017di\u016br\u0117k <a href=\"https:\/\/toidupakk.ee\/lt\/tootekategooria\/pagrindiniai-patiekalai\/\">\u010cIA<\/a><\/p>\n<p>Pasisemk \u012fkv\u0117pimo kitiems nuotykiams \u201eToidupakk\u201c <a href=\"https:\/\/www.instagram.com\/toidupakk\/\">Instagram<\/a> ir <a href=\"https:\/\/www.facebook.com\/Toidupakk\/\">Facebook<\/a> paskyrose.<\/p>\n","protected":false},"excerpt":{"rendered":"<p>Aktyvioms moterims sukurtas <strong>vegani\u0161kas<\/strong> superbaton\u0117lis turi daug gele\u017eies bei baltym\u0173 ir yra visavertis maistas patogioje pakuot\u0117je. Pasirinkdama \u201eGirl Power\u201c superbaton\u0117l\u012f, tausoji aplink\u0105 \u2013 remi \u0161vari\u0173 ir sveik\u0173 baltym\u0173 gamyb\u0105 vietoj tradicin\u0117s gyvulininkyst\u0117s ir renkiesi tausojan\u010dius i\u0161teklius, kurie tinka ir Tau, ir planetai. <\/p>\n<ul class=\"my-1 list-disc pl-4\">\n<li class=\"my-1 text-base\">11,5 g baltym\u0173<\/li>\n<li class=\"my-1 text-base\">7 g skaidul\u0173<\/li>\n<li class=\"my-1 text-base\">3,4 g gele\u017eies<\/li>\n<li class=\"my-1 text-base\">Sud\u0117tyje \u2013 9 nat\u016bral\u016bs ingredientai<\/li>\n<li class=\"my-1 text-base\"><strong>Vegani\u0161kas, paleo ir be gliuteno<\/strong><\/li>\n<li class=\"my-1 text-base\">Draugi\u0161kas aplinkai pasirinkimas<\/li>\n<li>Padeda kontroliuoti svor\u012f<\/li>\n<\/ul>\n<p>\u2705 Turime sand\u0117lyje, greitas pristatymas per 1\u20133 darbo dienas<\/p>\n","protected":false},"featured_media":16397,"comment_status":"open","ping_status":"closed","template":"","meta":{"_acf_changed":false},"product_brand":[],"product_cat":[214,239,215,189,190],"product_tag":[194],"class_list":{"0":"post-46898","1":"product","2":"type-product","3":"status-publish","4":"has-post-thumbnail","6":"product_cat-energijos-batoneliai","7":"product_cat-priedai","8":"product_cat-svirpliu-uzkandziai","9":"product_cat-zygio-iranga","10":"product_cat-zygio-prekes","11":"product_tag-no_ads","13":"first","14":"instock","15":"taxable","16":"shipping-taxable","17":"purchasable","18":"product-type-simple"},"bundled_by":[],"bundle_stock_status":"instock","bundle_stock_quantity":31,"bundle_virtual":false,"bundle_layout":"","bundle_add_to_cart_form_location":"","bundle_editable_in_cart":false,"bundle_sold_individually_context":"","bundle_item_grouping":"","bundle_min_size":"","bundle_max_size":"","bundle_price":[],"bundled_items":[],"bundle_sell_ids":[],"acf":[],"yoast_head":"<!-- This site is optimized with the Yoast SEO plugin v27.3 - https:\/\/yoast.com\/product\/yoast-seo-wordpress\/ -->\n<title>Superbaton\u0117lis \u201eGirl Power\u201c<\/title>\n<meta name=\"description\" content=\"\u201eGirl Power\u201c superbaton\u0117lis pasi\u017eymi dideliu gele\u017eies bei baltym\u0173 kiekiu ir yra sukurtas aktyvioms moterims, ie\u0161kan\u010dioms maistingo u\u017ekand\u017eio.\" \/>\n<meta name=\"robots\" content=\"index, follow, max-snippet:-1, max-image-preview:large, max-video-preview:-1\" \/>\n<link rel=\"canonical\" href=\"https:\/\/toidupakk.ee\/lt\/toode\/superbatonelis-girl-power\/\" \/>\n<meta property=\"og:locale\" content=\"lt_LT\" \/>\n<meta property=\"og:type\" content=\"article\" \/>\n<meta property=\"og:title\" content=\"Superbaton\u0117lis \u201eGirl Power\u201c\" \/>\n<meta property=\"og:description\" content=\"\u201eGirl Power\u201c superbaton\u0117lis pasi\u017eymi dideliu gele\u017eies bei baltym\u0173 kiekiu ir yra sukurtas aktyvioms moterims, ie\u0161kan\u010dioms maistingo u\u017ekand\u017eio.\" \/>\n<meta property=\"og:url\" content=\"https:\/\/toidupakk.ee\/lt\/toode\/superbatonelis-girl-power\/\" \/>\n<meta property=\"og:site_name\" content=\"Toidupakk.ee - Tactical Foodpack toidupakid\" \/>\n<meta property=\"article:publisher\" content=\"https:\/\/www.facebook.com\/Toidupakk\" \/>\n<meta property=\"article:modified_time\" content=\"2026-04-14T20:30:17+00:00\" \/>\n<meta property=\"og:image\" content=\"https:\/\/toidupakk.ee\/wp-content\/uploads\/2023\/11\/Superbatoon-Girl-Power17.png\" \/>\n\t<meta property=\"og:image:width\" content=\"800\" \/>\n\t<meta property=\"og:image:height\" content=\"800\" \/>\n\t<meta property=\"og:image:type\" content=\"image\/png\" \/>\n<meta name=\"twitter:card\" content=\"summary_large_image\" \/>\n<meta name=\"twitter:label1\" content=\"Est. reading time\" \/>\n\t<meta name=\"twitter:data1\" content=\"1 minut\u0117\" \/>\n<script type=\"application\/ld+json\" class=\"yoast-schema-graph\">{\"@context\":\"https:\\\/\\\/schema.org\",\"@graph\":[{\"@type\":\"WebPage\",\"@id\":\"https:\\\/\\\/toidupakk.ee\\\/lt\\\/toode\\\/superbatonelis-girl-power\\\/\",\"url\":\"https:\\\/\\\/toidupakk.ee\\\/lt\\\/toode\\\/superbatonelis-girl-power\\\/\",\"name\":\"Superbaton\u0117lis \u201eGirl Power\u201c\",\"isPartOf\":{\"@id\":\"https:\\\/\\\/toidupakk.ee\\\/lt\\\/#website\"},\"primaryImageOfPage\":{\"@id\":\"https:\\\/\\\/toidupakk.ee\\\/lt\\\/toode\\\/superbatonelis-girl-power\\\/#primaryimage\"},\"image\":{\"@id\":\"https:\\\/\\\/toidupakk.ee\\\/lt\\\/toode\\\/superbatonelis-girl-power\\\/#primaryimage\"},\"thumbnailUrl\":\"https:\\\/\\\/toidupakk.ee\\\/wp-content\\\/uploads\\\/2023\\\/11\\\/Superbatoon-Girl-Power17.png\",\"datePublished\":\"2023-12-06T15:11:52+00:00\",\"dateModified\":\"2026-04-14T20:30:17+00:00\",\"description\":\"\u201eGirl Power\u201c superbaton\u0117lis pasi\u017eymi dideliu gele\u017eies bei baltym\u0173 kiekiu ir yra sukurtas aktyvioms moterims, ie\u0161kan\u010dioms maistingo u\u017ekand\u017eio.\",\"breadcrumb\":{\"@id\":\"https:\\\/\\\/toidupakk.ee\\\/lt\\\/toode\\\/superbatonelis-girl-power\\\/#breadcrumb\"},\"inLanguage\":\"lt-LT\",\"potentialAction\":[{\"@type\":\"ReadAction\",\"target\":[\"https:\\\/\\\/toidupakk.ee\\\/lt\\\/toode\\\/superbatonelis-girl-power\\\/\"]}]},{\"@type\":\"ImageObject\",\"inLanguage\":\"lt-LT\",\"@id\":\"https:\\\/\\\/toidupakk.ee\\\/lt\\\/toode\\\/superbatonelis-girl-power\\\/#primaryimage\",\"url\":\"https:\\\/\\\/toidupakk.ee\\\/wp-content\\\/uploads\\\/2023\\\/11\\\/Superbatoon-Girl-Power17.png\",\"contentUrl\":\"https:\\\/\\\/toidupakk.ee\\\/wp-content\\\/uploads\\\/2023\\\/11\\\/Superbatoon-Girl-Power17.png\",\"width\":800,\"height\":800,\"caption\":\"Superbatoon Girl Power 1\"},{\"@type\":\"BreadcrumbList\",\"@id\":\"https:\\\/\\\/toidupakk.ee\\\/lt\\\/toode\\\/superbatonelis-girl-power\\\/#breadcrumb\",\"itemListElement\":[{\"@type\":\"ListItem\",\"position\":1,\"name\":\"Avaleht\",\"item\":\"https:\\\/\\\/toidupakk.ee\\\/lt\\\/\"},{\"@type\":\"ListItem\",\"position\":2,\"name\":\"El. parduotuv\u0117\",\"item\":\"https:\\\/\\\/toidupakk.ee\\\/lt\\\/el-parduotuve\\\/\"},{\"@type\":\"ListItem\",\"position\":3,\"name\":\"Superbaton\u0117lis \u201eGirl Power\u201c\"}]},{\"@type\":\"WebSite\",\"@id\":\"https:\\\/\\\/toidupakk.ee\\\/lt\\\/#website\",\"url\":\"https:\\\/\\\/toidupakk.ee\\\/lt\\\/\",\"name\":\"Toidupakk.ee - Tactical Foodpack toidupakid\",\"description\":\"Tactical Foodpack k\u00fclmkuivatatud toidupakid ja matkaeined\",\"publisher\":{\"@id\":\"https:\\\/\\\/toidupakk.ee\\\/lt\\\/#organization\"},\"potentialAction\":[{\"@type\":\"SearchAction\",\"target\":{\"@type\":\"EntryPoint\",\"urlTemplate\":\"https:\\\/\\\/toidupakk.ee\\\/lt\\\/?s={search_term_string}\"},\"query-input\":{\"@type\":\"PropertyValueSpecification\",\"valueRequired\":true,\"valueName\":\"search_term_string\"}}],\"inLanguage\":\"lt-LT\"},{\"@type\":\"Organization\",\"@id\":\"https:\\\/\\\/toidupakk.ee\\\/lt\\\/#organization\",\"name\":\"Tactical Foodpack matkaeined\",\"url\":\"https:\\\/\\\/toidupakk.ee\\\/lt\\\/\",\"logo\":{\"@type\":\"ImageObject\",\"inLanguage\":\"lt-LT\",\"@id\":\"https:\\\/\\\/toidupakk.ee\\\/lt\\\/#\\\/schema\\\/logo\\\/image\\\/\",\"url\":\"https:\\\/\\\/toidupakk.ee\\\/wp-content\\\/uploads\\\/2022\\\/01\\\/Toidupakk-matkapood-logo-transparent.png\",\"contentUrl\":\"https:\\\/\\\/toidupakk.ee\\\/wp-content\\\/uploads\\\/2022\\\/01\\\/Toidupakk-matkapood-logo-transparent.png\",\"width\":500,\"height\":500,\"caption\":\"Tactical Foodpack matkaeined\"},\"image\":{\"@id\":\"https:\\\/\\\/toidupakk.ee\\\/lt\\\/#\\\/schema\\\/logo\\\/image\\\/\"},\"sameAs\":[\"https:\\\/\\\/www.facebook.com\\\/Toidupakk\",\"https:\\\/\\\/www.instagram.com\\\/toidupakk\\\/\"]}]}<\/script>\n<!-- \/ Yoast SEO plugin. -->","yoast_head_json":{"title":"Superbaton\u0117lis \u201eGirl Power\u201c","description":"\u201eGirl Power\u201c superbaton\u0117lis pasi\u017eymi dideliu gele\u017eies bei baltym\u0173 kiekiu ir yra sukurtas aktyvioms moterims, ie\u0161kan\u010dioms maistingo u\u017ekand\u017eio.","robots":{"index":"index","follow":"follow","max-snippet":"max-snippet:-1","max-image-preview":"max-image-preview:large","max-video-preview":"max-video-preview:-1"},"canonical":"https:\/\/toidupakk.ee\/lt\/toode\/superbatonelis-girl-power\/","og_locale":"lt_LT","og_type":"article","og_title":"Superbaton\u0117lis \u201eGirl Power\u201c","og_description":"\u201eGirl Power\u201c superbaton\u0117lis pasi\u017eymi dideliu gele\u017eies bei baltym\u0173 kiekiu ir yra sukurtas aktyvioms moterims, ie\u0161kan\u010dioms maistingo u\u017ekand\u017eio.","og_url":"https:\/\/toidupakk.ee\/lt\/toode\/superbatonelis-girl-power\/","og_site_name":"Toidupakk.ee - Tactical Foodpack toidupakid","article_publisher":"https:\/\/www.facebook.com\/Toidupakk","article_modified_time":"2026-04-14T20:30:17+00:00","og_image":[{"width":800,"height":800,"url":"https:\/\/toidupakk.ee\/wp-content\/uploads\/2023\/11\/Superbatoon-Girl-Power17.png","type":"image\/png"}],"twitter_card":"summary_large_image","twitter_misc":{"Est. reading time":"1 minut\u0117"},"schema":{"@context":"https:\/\/schema.org","@graph":[{"@type":"WebPage","@id":"https:\/\/toidupakk.ee\/lt\/toode\/superbatonelis-girl-power\/","url":"https:\/\/toidupakk.ee\/lt\/toode\/superbatonelis-girl-power\/","name":"Superbaton\u0117lis \u201eGirl Power\u201c","isPartOf":{"@id":"https:\/\/toidupakk.ee\/lt\/#website"},"primaryImageOfPage":{"@id":"https:\/\/toidupakk.ee\/lt\/toode\/superbatonelis-girl-power\/#primaryimage"},"image":{"@id":"https:\/\/toidupakk.ee\/lt\/toode\/superbatonelis-girl-power\/#primaryimage"},"thumbnailUrl":"https:\/\/toidupakk.ee\/wp-content\/uploads\/2023\/11\/Superbatoon-Girl-Power17.png","datePublished":"2023-12-06T15:11:52+00:00","dateModified":"2026-04-14T20:30:17+00:00","description":"\u201eGirl Power\u201c superbaton\u0117lis pasi\u017eymi dideliu gele\u017eies bei baltym\u0173 kiekiu ir yra sukurtas aktyvioms moterims, ie\u0161kan\u010dioms maistingo u\u017ekand\u017eio.","breadcrumb":{"@id":"https:\/\/toidupakk.ee\/lt\/toode\/superbatonelis-girl-power\/#breadcrumb"},"inLanguage":"lt-LT","potentialAction":[{"@type":"ReadAction","target":["https:\/\/toidupakk.ee\/lt\/toode\/superbatonelis-girl-power\/"]}]},{"@type":"ImageObject","inLanguage":"lt-LT","@id":"https:\/\/toidupakk.ee\/lt\/toode\/superbatonelis-girl-power\/#primaryimage","url":"https:\/\/toidupakk.ee\/wp-content\/uploads\/2023\/11\/Superbatoon-Girl-Power17.png","contentUrl":"https:\/\/toidupakk.ee\/wp-content\/uploads\/2023\/11\/Superbatoon-Girl-Power17.png","width":800,"height":800,"caption":"Superbatoon Girl Power 1"},{"@type":"BreadcrumbList","@id":"https:\/\/toidupakk.ee\/lt\/toode\/superbatonelis-girl-power\/#breadcrumb","itemListElement":[{"@type":"ListItem","position":1,"name":"Avaleht","item":"https:\/\/toidupakk.ee\/lt\/"},{"@type":"ListItem","position":2,"name":"El. parduotuv\u0117","item":"https:\/\/toidupakk.ee\/lt\/el-parduotuve\/"},{"@type":"ListItem","position":3,"name":"Superbaton\u0117lis \u201eGirl Power\u201c"}]},{"@type":"WebSite","@id":"https:\/\/toidupakk.ee\/lt\/#website","url":"https:\/\/toidupakk.ee\/lt\/","name":"Toidupakk.ee - Tactical Foodpack toidupakid","description":"Tactical Foodpack k\u00fclmkuivatatud toidupakid ja matkaeined","publisher":{"@id":"https:\/\/toidupakk.ee\/lt\/#organization"},"potentialAction":[{"@type":"SearchAction","target":{"@type":"EntryPoint","urlTemplate":"https:\/\/toidupakk.ee\/lt\/?s={search_term_string}"},"query-input":{"@type":"PropertyValueSpecification","valueRequired":true,"valueName":"search_term_string"}}],"inLanguage":"lt-LT"},{"@type":"Organization","@id":"https:\/\/toidupakk.ee\/lt\/#organization","name":"Tactical Foodpack matkaeined","url":"https:\/\/toidupakk.ee\/lt\/","logo":{"@type":"ImageObject","inLanguage":"lt-LT","@id":"https:\/\/toidupakk.ee\/lt\/#\/schema\/logo\/image\/","url":"https:\/\/toidupakk.ee\/wp-content\/uploads\/2022\/01\/Toidupakk-matkapood-logo-transparent.png","contentUrl":"https:\/\/toidupakk.ee\/wp-content\/uploads\/2022\/01\/Toidupakk-matkapood-logo-transparent.png","width":500,"height":500,"caption":"Tactical Foodpack matkaeined"},"image":{"@id":"https:\/\/toidupakk.ee\/lt\/#\/schema\/logo\/image\/"},"sameAs":["https:\/\/www.facebook.com\/Toidupakk","https:\/\/www.instagram.com\/toidupakk\/"]}]}},"jetpack_sharing_enabled":true,"_links":{"self":[{"href":"https:\/\/toidupakk.ee\/lt\/wp-json\/wp\/v2\/product\/46898","targetHints":{"allow":["GET"]}}],"collection":[{"href":"https:\/\/toidupakk.ee\/lt\/wp-json\/wp\/v2\/product"}],"about":[{"href":"https:\/\/toidupakk.ee\/lt\/wp-json\/wp\/v2\/types\/product"}],"replies":[{"embeddable":true,"href":"https:\/\/toidupakk.ee\/lt\/wp-json\/wp\/v2\/comments?post=46898"}],"wp:featuredmedia":[{"embeddable":true,"href":"https:\/\/toidupakk.ee\/lt\/wp-json\/wp\/v2\/media\/16397"}],"wp:attachment":[{"href":"https:\/\/toidupakk.ee\/lt\/wp-json\/wp\/v2\/media?parent=46898"}],"wp:term":[{"taxonomy":"product_brand","embeddable":true,"href":"https:\/\/toidupakk.ee\/lt\/wp-json\/wp\/v2\/product_brand?post=46898"},{"taxonomy":"product_cat","embeddable":true,"href":"https:\/\/toidupakk.ee\/lt\/wp-json\/wp\/v2\/product_cat?post=46898"},{"taxonomy":"product_tag","embeddable":true,"href":"https:\/\/toidupakk.ee\/lt\/wp-json\/wp\/v2\/product_tag?post=46898"}],"curies":[{"name":"wp","href":"https:\/\/api.w.org\/{rel}","templated":true}]}}