{"id":46872,"date":"2024-01-09T13:54:18","date_gmt":"2024-01-09T11:54:18","guid":{"rendered":"https:\/\/toidupakk.ee\/toode\/nato-sulankstoma-turistine-virykle-su-degimo-tabletemis-large\/"},"modified":"2026-04-29T16:00:17","modified_gmt":"2026-04-29T13:00:17","slug":"nato-sulankstoma-turistine-virykle-su-degimo-tabletemis-large","status":"publish","type":"product","link":"https:\/\/toidupakk.ee\/lt\/toode\/nato-sulankstoma-turistine-virykle-su-degimo-tabletemis-large\/","title":{"rendered":"NATO sulankstoma turistin\u0117 virykl\u0117 su degimo tablet\u0117mis (large)"},"content":{"rendered":"<h1><img fetchpriority=\"high\" decoding=\"async\" class=\"alignright wp-image-18629 size-thumbnail\" style=\"font-size: 16px; font-weight: 400;\" src=\"https:\/\/toidupakk.ee\/wp-content\/uploads\/2024\/01\/NATO-kokkupandav-matkapliit-koos-suutetablettidega-large-3-500x500.png\" alt=\"NATO sulankstoma turistin\u0117 virykl\u0117 su degimo tablet\u0117mis\" width=\"500\" height=\"500\" srcset=\"https:\/\/toidupakk.ee\/wp-content\/uploads\/2024\/01\/NATO-kokkupandav-matkapliit-koos-suutetablettidega-large-3-500x500.png 500w, https:\/\/toidupakk.ee\/wp-content\/uploads\/2024\/01\/NATO-kokkupandav-matkapliit-koos-suutetablettidega-large-3-400x400.png 400w, https:\/\/toidupakk.ee\/wp-content\/uploads\/2024\/01\/NATO-kokkupandav-matkapliit-koos-suutetablettidega-large-3-100x100.png 100w, https:\/\/toidupakk.ee\/wp-content\/uploads\/2024\/01\/NATO-kokkupandav-matkapliit-koos-suutetablettidega-large-3-300x300.png 300w, https:\/\/toidupakk.ee\/wp-content\/uploads\/2024\/01\/NATO-kokkupandav-matkapliit-koos-suutetablettidega-large-3-768x768.png 768w, https:\/\/toidupakk.ee\/wp-content\/uploads\/2024\/01\/NATO-kokkupandav-matkapliit-koos-suutetablettidega-large-3.png 800w\" sizes=\"(max-width: 500px) 100vw, 500px\" \/><\/h1>\n<h1>NATO sulankstoma turistin\u0117 virykl\u0117 su degimo tablet\u0117mis<\/h1>\n<p>Skirta maistui gaminti lauko s\u0105lygomis. Pagrindinis \u0161ios virykl\u0117s privalumas \u2013 kompakti\u0161kumas. NATO sulankstoma turistin\u0117 virykl\u0117 su degimo tablet\u0117mis neu\u017eima daug vietos kuprin\u0117je ar net ki\u0161en\u0117je. Komplekte yra 16 degimo table\u010di\u0173, kurios supakuotos telpa pa\u010dios virykl\u0117s viduje.   <\/p>\n<p><img decoding=\"async\" class=\"alignnone wp-image-12847 size-medium\" src=\"https:\/\/toidupakk.ee\/wp-content\/uploads\/2023\/08\/MIL-TEC-logo-300x300.png\" alt=\"MIL-TEC logotipas\" width=\"300\" height=\"300\" srcset=\"https:\/\/toidupakk.ee\/wp-content\/uploads\/2023\/08\/MIL-TEC-logo-300x300.png 300w, https:\/\/toidupakk.ee\/wp-content\/uploads\/2023\/08\/MIL-TEC-logo-400x400.png 400w, https:\/\/toidupakk.ee\/wp-content\/uploads\/2023\/08\/MIL-TEC-logo-100x100.png 100w, https:\/\/toidupakk.ee\/wp-content\/uploads\/2023\/08\/MIL-TEC-logo-800x800.png 800w, https:\/\/toidupakk.ee\/wp-content\/uploads\/2023\/08\/MIL-TEC-logo-1024x1024.png 1024w, https:\/\/toidupakk.ee\/wp-content\/uploads\/2023\/08\/MIL-TEC-logo-500x500.png 500w, https:\/\/toidupakk.ee\/wp-content\/uploads\/2023\/08\/MIL-TEC-logo-768x768.png 768w, https:\/\/toidupakk.ee\/wp-content\/uploads\/2023\/08\/MIL-TEC-logo.png 1080w\" sizes=\"(max-width: 300px) 100vw, 300px\" \/><\/p>\n<p>&nbsp;<\/p>\n<p>Domiesi turizmo prek\u0117mis? Su\u017einok daugiau <a href=\"https:\/\/toidupakk.ee\/lt\/tootekategooria\/zygio-iranga\/#section-3-79\">\u010cIA<\/a><\/p>\n<p>O gal domina maistas \u017eygiams? \u017di\u016br\u0117k <a href=\"https:\/\/toidupakk.ee\/lt\/tootekategooria\/pagrindiniai-patiekalai\/\">\u010cIA<\/a><\/p>\n<p>Pasisemk \u012fkv\u0117pimo kitiems nuotykiams \u201eToidupakk\u201c <a href=\"https:\/\/www.instagram.com\/toidupakk\/\">Instagram<\/a> ir <a href=\"https:\/\/www.facebook.com\/Toidupakk\/\">Facebook<\/a> paskyrose.<\/p>\n","protected":false},"excerpt":{"rendered":"<p>Degimo tablet\u0117mis k\u016brenama turistin\u0117 virykl\u0117, kuri yra itin kompakti\u0161ka ir sulankstyta neu\u017eima daug vietos kuprin\u0117je. Skirta maistui gaminti arba vandeniui \u0161ildyti. <\/p>\n<ul>\n<li>Tvirta plieno konstrukcija<\/li>\n<li>Veikia deginant tabletes<\/li>\n<li>Komplekte yra 16 degimo table\u010di\u0173<\/li>\n<li>Sulankstytos virykl\u0117s matmenys: 3 x 9 x 11,5 cm<\/li>\n<li>Darbin\u0117s pad\u0117ties virykl\u0117s matmenys: 6 x 9 x 11,5 cm<\/li>\n<li>Svoris: 325 g<\/li>\n<li>Prek\u0117s \u017eenklas: MIL-TEC\u00ae<\/li>\n<\/ul>\n<p>\u2705 Turime sand\u0117lyje, greitas pristatymas per 1\u20133 darbo dienas<\/p>\n","protected":false},"featured_media":18627,"comment_status":"open","ping_status":"closed","template":"","meta":{"_acf_changed":false},"product_brand":[],"product_cat":[193,196,210,189,190,209],"product_tag":[],"class_list":{"0":"post-46872","1":"product","2":"type-product","3":"status-publish","4":"has-post-thumbnail","6":"product_cat-karine-ekipuote","7":"product_cat-maisto-gaminimas","8":"product_cat-mil-tec","9":"product_cat-zygio-iranga","10":"product_cat-zygio-prekes","11":"product_cat-zygio-virykles","13":"first","14":"onbackorder","15":"sale","16":"taxable","17":"shipping-taxable","18":"purchasable","19":"product-type-simple"},"bundled_by":[],"bundle_stock_status":"onbackorder","bundle_stock_quantity":-1,"bundle_virtual":false,"bundle_layout":"","bundle_add_to_cart_form_location":"","bundle_editable_in_cart":false,"bundle_sold_individually_context":"","bundle_item_grouping":"","bundle_min_size":"","bundle_max_size":"","bundle_price":[],"bundled_items":[],"bundle_sell_ids":[],"acf":[],"yoast_head":"<!-- This site is optimized with the Yoast SEO plugin v27.3 - https:\/\/yoast.com\/product\/yoast-seo-wordpress\/ -->\n<title>NATO sulankstoma turistin\u0117 virykl\u0117 su degimo tablet\u0117mis (large)<\/title>\n<meta name=\"description\" content=\"NATO sulankstoma turistin\u0117 virykl\u0117 su degimo tablet\u0117mis yra itin kompakti\u0161ka ir sulankstyta neu\u017eima daug vietos tavo kuprin\u0117je.\" \/>\n<meta name=\"robots\" content=\"index, follow, max-snippet:-1, max-image-preview:large, max-video-preview:-1\" \/>\n<link rel=\"canonical\" href=\"https:\/\/toidupakk.ee\/lt\/toode\/nato-sulankstoma-turistine-virykle-su-degimo-tabletemis-large\/\" \/>\n<meta property=\"og:locale\" content=\"lt_LT\" \/>\n<meta property=\"og:type\" content=\"article\" \/>\n<meta property=\"og:title\" content=\"NATO sulankstoma turistin\u0117 virykl\u0117 su degimo tablet\u0117mis (large)\" \/>\n<meta property=\"og:description\" content=\"NATO sulankstoma turistin\u0117 virykl\u0117 su degimo tablet\u0117mis yra itin kompakti\u0161ka ir sulankstyta neu\u017eima daug vietos tavo kuprin\u0117je.\" \/>\n<meta property=\"og:url\" content=\"https:\/\/toidupakk.ee\/lt\/toode\/nato-sulankstoma-turistine-virykle-su-degimo-tabletemis-large\/\" \/>\n<meta property=\"og:site_name\" content=\"Toidupakk.ee - Tactical Foodpack toidupakid\" \/>\n<meta property=\"article:publisher\" content=\"https:\/\/www.facebook.com\/Toidupakk\" \/>\n<meta property=\"article:modified_time\" content=\"2026-04-29T13:00:17+00:00\" \/>\n<meta property=\"og:image\" content=\"https:\/\/toidupakk.ee\/wp-content\/uploads\/2024\/01\/NATO-kokkupandav-matkapliit-koos-suutetablettidega-large-1.png\" \/>\n\t<meta property=\"og:image:width\" content=\"800\" \/>\n\t<meta property=\"og:image:height\" content=\"800\" \/>\n\t<meta property=\"og:image:type\" content=\"image\/png\" \/>\n<meta name=\"twitter:card\" content=\"summary_large_image\" \/>\n<script type=\"application\/ld+json\" class=\"yoast-schema-graph\">{\"@context\":\"https:\\\/\\\/schema.org\",\"@graph\":[{\"@type\":\"WebPage\",\"@id\":\"https:\\\/\\\/toidupakk.ee\\\/lt\\\/toode\\\/nato-sulankstoma-turistine-virykle-su-degimo-tabletemis-large\\\/\",\"url\":\"https:\\\/\\\/toidupakk.ee\\\/lt\\\/toode\\\/nato-sulankstoma-turistine-virykle-su-degimo-tabletemis-large\\\/\",\"name\":\"NATO sulankstoma turistin\u0117 virykl\u0117 su degimo tablet\u0117mis (large)\",\"isPartOf\":{\"@id\":\"https:\\\/\\\/toidupakk.ee\\\/lt\\\/#website\"},\"primaryImageOfPage\":{\"@id\":\"https:\\\/\\\/toidupakk.ee\\\/lt\\\/toode\\\/nato-sulankstoma-turistine-virykle-su-degimo-tabletemis-large\\\/#primaryimage\"},\"image\":{\"@id\":\"https:\\\/\\\/toidupakk.ee\\\/lt\\\/toode\\\/nato-sulankstoma-turistine-virykle-su-degimo-tabletemis-large\\\/#primaryimage\"},\"thumbnailUrl\":\"https:\\\/\\\/toidupakk.ee\\\/wp-content\\\/uploads\\\/2024\\\/01\\\/NATO-kokkupandav-matkapliit-koos-suutetablettidega-large-1.png\",\"datePublished\":\"2024-01-09T11:54:18+00:00\",\"dateModified\":\"2026-04-29T13:00:17+00:00\",\"description\":\"NATO sulankstoma turistin\u0117 virykl\u0117 su degimo tablet\u0117mis yra itin kompakti\u0161ka ir sulankstyta neu\u017eima daug vietos tavo kuprin\u0117je.\",\"breadcrumb\":{\"@id\":\"https:\\\/\\\/toidupakk.ee\\\/lt\\\/toode\\\/nato-sulankstoma-turistine-virykle-su-degimo-tabletemis-large\\\/#breadcrumb\"},\"inLanguage\":\"lt-LT\",\"potentialAction\":[{\"@type\":\"ReadAction\",\"target\":[\"https:\\\/\\\/toidupakk.ee\\\/lt\\\/toode\\\/nato-sulankstoma-turistine-virykle-su-degimo-tabletemis-large\\\/\"]}]},{\"@type\":\"ImageObject\",\"inLanguage\":\"lt-LT\",\"@id\":\"https:\\\/\\\/toidupakk.ee\\\/lt\\\/toode\\\/nato-sulankstoma-turistine-virykle-su-degimo-tabletemis-large\\\/#primaryimage\",\"url\":\"https:\\\/\\\/toidupakk.ee\\\/wp-content\\\/uploads\\\/2024\\\/01\\\/NATO-kokkupandav-matkapliit-koos-suutetablettidega-large-1.png\",\"contentUrl\":\"https:\\\/\\\/toidupakk.ee\\\/wp-content\\\/uploads\\\/2024\\\/01\\\/NATO-kokkupandav-matkapliit-koos-suutetablettidega-large-1.png\",\"width\":800,\"height\":800,\"caption\":\"kokkupandav matkapliit\"},{\"@type\":\"BreadcrumbList\",\"@id\":\"https:\\\/\\\/toidupakk.ee\\\/lt\\\/toode\\\/nato-sulankstoma-turistine-virykle-su-degimo-tabletemis-large\\\/#breadcrumb\",\"itemListElement\":[{\"@type\":\"ListItem\",\"position\":1,\"name\":\"Avaleht\",\"item\":\"https:\\\/\\\/toidupakk.ee\\\/lt\\\/\"},{\"@type\":\"ListItem\",\"position\":2,\"name\":\"El. parduotuv\u0117\",\"item\":\"https:\\\/\\\/toidupakk.ee\\\/lt\\\/el-parduotuve\\\/\"},{\"@type\":\"ListItem\",\"position\":3,\"name\":\"NATO sulankstoma turistin\u0117 virykl\u0117 su degimo tablet\u0117mis (large)\"}]},{\"@type\":\"WebSite\",\"@id\":\"https:\\\/\\\/toidupakk.ee\\\/lt\\\/#website\",\"url\":\"https:\\\/\\\/toidupakk.ee\\\/lt\\\/\",\"name\":\"Toidupakk.ee - Tactical Foodpack toidupakid\",\"description\":\"Tactical Foodpack k\u00fclmkuivatatud toidupakid ja matkaeined\",\"publisher\":{\"@id\":\"https:\\\/\\\/toidupakk.ee\\\/lt\\\/#organization\"},\"potentialAction\":[{\"@type\":\"SearchAction\",\"target\":{\"@type\":\"EntryPoint\",\"urlTemplate\":\"https:\\\/\\\/toidupakk.ee\\\/lt\\\/?s={search_term_string}\"},\"query-input\":{\"@type\":\"PropertyValueSpecification\",\"valueRequired\":true,\"valueName\":\"search_term_string\"}}],\"inLanguage\":\"lt-LT\"},{\"@type\":\"Organization\",\"@id\":\"https:\\\/\\\/toidupakk.ee\\\/lt\\\/#organization\",\"name\":\"Tactical Foodpack matkaeined\",\"url\":\"https:\\\/\\\/toidupakk.ee\\\/lt\\\/\",\"logo\":{\"@type\":\"ImageObject\",\"inLanguage\":\"lt-LT\",\"@id\":\"https:\\\/\\\/toidupakk.ee\\\/lt\\\/#\\\/schema\\\/logo\\\/image\\\/\",\"url\":\"https:\\\/\\\/toidupakk.ee\\\/wp-content\\\/uploads\\\/2022\\\/01\\\/Toidupakk-matkapood-logo-transparent.png\",\"contentUrl\":\"https:\\\/\\\/toidupakk.ee\\\/wp-content\\\/uploads\\\/2022\\\/01\\\/Toidupakk-matkapood-logo-transparent.png\",\"width\":500,\"height\":500,\"caption\":\"Tactical Foodpack matkaeined\"},\"image\":{\"@id\":\"https:\\\/\\\/toidupakk.ee\\\/lt\\\/#\\\/schema\\\/logo\\\/image\\\/\"},\"sameAs\":[\"https:\\\/\\\/www.facebook.com\\\/Toidupakk\",\"https:\\\/\\\/www.instagram.com\\\/toidupakk\\\/\"]}]}<\/script>\n<!-- \/ Yoast SEO plugin. -->","yoast_head_json":{"title":"NATO sulankstoma turistin\u0117 virykl\u0117 su degimo tablet\u0117mis (large)","description":"NATO sulankstoma turistin\u0117 virykl\u0117 su degimo tablet\u0117mis yra itin kompakti\u0161ka ir sulankstyta neu\u017eima daug vietos tavo kuprin\u0117je.","robots":{"index":"index","follow":"follow","max-snippet":"max-snippet:-1","max-image-preview":"max-image-preview:large","max-video-preview":"max-video-preview:-1"},"canonical":"https:\/\/toidupakk.ee\/lt\/toode\/nato-sulankstoma-turistine-virykle-su-degimo-tabletemis-large\/","og_locale":"lt_LT","og_type":"article","og_title":"NATO sulankstoma turistin\u0117 virykl\u0117 su degimo tablet\u0117mis (large)","og_description":"NATO sulankstoma turistin\u0117 virykl\u0117 su degimo tablet\u0117mis yra itin kompakti\u0161ka ir sulankstyta neu\u017eima daug vietos tavo kuprin\u0117je.","og_url":"https:\/\/toidupakk.ee\/lt\/toode\/nato-sulankstoma-turistine-virykle-su-degimo-tabletemis-large\/","og_site_name":"Toidupakk.ee - Tactical Foodpack toidupakid","article_publisher":"https:\/\/www.facebook.com\/Toidupakk","article_modified_time":"2026-04-29T13:00:17+00:00","og_image":[{"width":800,"height":800,"url":"https:\/\/toidupakk.ee\/wp-content\/uploads\/2024\/01\/NATO-kokkupandav-matkapliit-koos-suutetablettidega-large-1.png","type":"image\/png"}],"twitter_card":"summary_large_image","schema":{"@context":"https:\/\/schema.org","@graph":[{"@type":"WebPage","@id":"https:\/\/toidupakk.ee\/lt\/toode\/nato-sulankstoma-turistine-virykle-su-degimo-tabletemis-large\/","url":"https:\/\/toidupakk.ee\/lt\/toode\/nato-sulankstoma-turistine-virykle-su-degimo-tabletemis-large\/","name":"NATO sulankstoma turistin\u0117 virykl\u0117 su degimo tablet\u0117mis (large)","isPartOf":{"@id":"https:\/\/toidupakk.ee\/lt\/#website"},"primaryImageOfPage":{"@id":"https:\/\/toidupakk.ee\/lt\/toode\/nato-sulankstoma-turistine-virykle-su-degimo-tabletemis-large\/#primaryimage"},"image":{"@id":"https:\/\/toidupakk.ee\/lt\/toode\/nato-sulankstoma-turistine-virykle-su-degimo-tabletemis-large\/#primaryimage"},"thumbnailUrl":"https:\/\/toidupakk.ee\/wp-content\/uploads\/2024\/01\/NATO-kokkupandav-matkapliit-koos-suutetablettidega-large-1.png","datePublished":"2024-01-09T11:54:18+00:00","dateModified":"2026-04-29T13:00:17+00:00","description":"NATO sulankstoma turistin\u0117 virykl\u0117 su degimo tablet\u0117mis yra itin kompakti\u0161ka ir sulankstyta neu\u017eima daug vietos tavo kuprin\u0117je.","breadcrumb":{"@id":"https:\/\/toidupakk.ee\/lt\/toode\/nato-sulankstoma-turistine-virykle-su-degimo-tabletemis-large\/#breadcrumb"},"inLanguage":"lt-LT","potentialAction":[{"@type":"ReadAction","target":["https:\/\/toidupakk.ee\/lt\/toode\/nato-sulankstoma-turistine-virykle-su-degimo-tabletemis-large\/"]}]},{"@type":"ImageObject","inLanguage":"lt-LT","@id":"https:\/\/toidupakk.ee\/lt\/toode\/nato-sulankstoma-turistine-virykle-su-degimo-tabletemis-large\/#primaryimage","url":"https:\/\/toidupakk.ee\/wp-content\/uploads\/2024\/01\/NATO-kokkupandav-matkapliit-koos-suutetablettidega-large-1.png","contentUrl":"https:\/\/toidupakk.ee\/wp-content\/uploads\/2024\/01\/NATO-kokkupandav-matkapliit-koos-suutetablettidega-large-1.png","width":800,"height":800,"caption":"kokkupandav matkapliit"},{"@type":"BreadcrumbList","@id":"https:\/\/toidupakk.ee\/lt\/toode\/nato-sulankstoma-turistine-virykle-su-degimo-tabletemis-large\/#breadcrumb","itemListElement":[{"@type":"ListItem","position":1,"name":"Avaleht","item":"https:\/\/toidupakk.ee\/lt\/"},{"@type":"ListItem","position":2,"name":"El. parduotuv\u0117","item":"https:\/\/toidupakk.ee\/lt\/el-parduotuve\/"},{"@type":"ListItem","position":3,"name":"NATO sulankstoma turistin\u0117 virykl\u0117 su degimo tablet\u0117mis (large)"}]},{"@type":"WebSite","@id":"https:\/\/toidupakk.ee\/lt\/#website","url":"https:\/\/toidupakk.ee\/lt\/","name":"Toidupakk.ee - Tactical Foodpack toidupakid","description":"Tactical Foodpack k\u00fclmkuivatatud toidupakid ja matkaeined","publisher":{"@id":"https:\/\/toidupakk.ee\/lt\/#organization"},"potentialAction":[{"@type":"SearchAction","target":{"@type":"EntryPoint","urlTemplate":"https:\/\/toidupakk.ee\/lt\/?s={search_term_string}"},"query-input":{"@type":"PropertyValueSpecification","valueRequired":true,"valueName":"search_term_string"}}],"inLanguage":"lt-LT"},{"@type":"Organization","@id":"https:\/\/toidupakk.ee\/lt\/#organization","name":"Tactical Foodpack matkaeined","url":"https:\/\/toidupakk.ee\/lt\/","logo":{"@type":"ImageObject","inLanguage":"lt-LT","@id":"https:\/\/toidupakk.ee\/lt\/#\/schema\/logo\/image\/","url":"https:\/\/toidupakk.ee\/wp-content\/uploads\/2022\/01\/Toidupakk-matkapood-logo-transparent.png","contentUrl":"https:\/\/toidupakk.ee\/wp-content\/uploads\/2022\/01\/Toidupakk-matkapood-logo-transparent.png","width":500,"height":500,"caption":"Tactical Foodpack matkaeined"},"image":{"@id":"https:\/\/toidupakk.ee\/lt\/#\/schema\/logo\/image\/"},"sameAs":["https:\/\/www.facebook.com\/Toidupakk","https:\/\/www.instagram.com\/toidupakk\/"]}]}},"jetpack_sharing_enabled":true,"_links":{"self":[{"href":"https:\/\/toidupakk.ee\/lt\/wp-json\/wp\/v2\/product\/46872","targetHints":{"allow":["GET"]}}],"collection":[{"href":"https:\/\/toidupakk.ee\/lt\/wp-json\/wp\/v2\/product"}],"about":[{"href":"https:\/\/toidupakk.ee\/lt\/wp-json\/wp\/v2\/types\/product"}],"replies":[{"embeddable":true,"href":"https:\/\/toidupakk.ee\/lt\/wp-json\/wp\/v2\/comments?post=46872"}],"wp:featuredmedia":[{"embeddable":true,"href":"https:\/\/toidupakk.ee\/lt\/wp-json\/wp\/v2\/media\/18627"}],"wp:attachment":[{"href":"https:\/\/toidupakk.ee\/lt\/wp-json\/wp\/v2\/media?parent=46872"}],"wp:term":[{"taxonomy":"product_brand","embeddable":true,"href":"https:\/\/toidupakk.ee\/lt\/wp-json\/wp\/v2\/product_brand?post=46872"},{"taxonomy":"product_cat","embeddable":true,"href":"https:\/\/toidupakk.ee\/lt\/wp-json\/wp\/v2\/product_cat?post=46872"},{"taxonomy":"product_tag","embeddable":true,"href":"https:\/\/toidupakk.ee\/lt\/wp-json\/wp\/v2\/product_tag?post=46872"}],"curies":[{"name":"wp","href":"https:\/\/api.w.org\/{rel}","templated":true}]}}