{"id":46861,"date":"2024-01-25T10:48:01","date_gmt":"2024-01-25T08:48:01","guid":{"rendered":"https:\/\/toidupakk.ee\/toode\/posalmis-fostex\/"},"modified":"2026-04-29T19:00:22","modified_gmt":"2026-04-29T16:00:22","slug":"posalmis-fostex","status":"publish","type":"product","link":"https:\/\/toidupakk.ee\/lt\/toode\/posalmis-fostex\/","title":{"rendered":"Po\u0161almis FOSTEX"},"content":{"rendered":"<h1>Po\u0161almis \u2013 patogumas ir apsauga \u201edu viename\u201c<\/h1>\n<p>Po\u0161almis yra svarbi slidininko, motociklininko, dviratininko ar \u017eiemos \u017eygeivio aprangos dalis. Apsaugok savo galv\u0105 stilingai ir patogiai su m\u016bs\u0173 kokybi\u0161kais po\u0161almiais. <\/p>\n<p><strong>Patogu d\u0117v\u0117ti:<\/strong> pagamintas i\u0161 kokybi\u0161kos ir kv\u0117puojan\u010dios med\u017eiagos, u\u017etikrina optimali\u0105 oro cirkuliacij\u0105, tod\u0117l tavo galva i\u0161liks gaivi net ir kar\u0161tomis dienomis.<\/p>\n<p><strong>Universalus dydis:<\/strong> elastinga med\u017eiaga u\u017etikrina, kad po\u0161almis priglust\u0173 tvirtai ir patogiai, kartu palikdamas pakankamai vietos jud\u0117ti. Po\u0161almis prisitaiko prie \u012fvairi\u0173 \u0161alm\u0173 modeli\u0173. <\/p>\n<p><strong>Kv\u0117puojanti med\u017eiaga:<\/strong> unikali audinio sud\u0117tis padeda sugerti dr\u0117gm\u0119 ir prakait\u0105, tod\u0117l tavo galva i\u0161liks sausa net intensyvi\u0173 treniruo\u010di\u0173 ar va\u017eiavimo metu.<\/p>\n<p><strong>Lengva pri\u017ei\u016br\u0117ti:<\/strong> po\u0161alm\u012f paprasta pri\u017ei\u016br\u0117ti \u2013 rekomenduojame skalbti rankomis arba naudoti skalbimo ma\u0161inos rankinio skalbimo funkcij\u0105 pagal instrukcijas, kad gaminys tarnaut\u0173 ilgai.<\/p>\n<p>&nbsp;<\/p>\n<p><img decoding=\"async\" class=\"alignnone wp-image-12692 size-medium\" src=\"https:\/\/toidupakk.ee\/wp-content\/uploads\/2023\/08\/Fostex-Garments-logo-300x126.png\" alt=\"fostex logotipas\" width=\"300\" height=\"126\" srcset=\"https:\/\/toidupakk.ee\/wp-content\/uploads\/2023\/08\/Fostex-Garments-logo-300x126.png 300w, https:\/\/toidupakk.ee\/wp-content\/uploads\/2023\/08\/Fostex-Garments-logo.png 420w\" sizes=\"(max-width: 300px) 100vw, 300px\" \/><\/p>\n<p>&nbsp;<\/p>\n<p>Domina \u017eygi\u0173 maistas? \u017di\u016br\u0117k <a href=\"\/?product_cat=snakk#section-3-79\">\u010cIA<\/a><\/p>\n<p>Pasisemk \u012fkv\u0117pimo kitiems nuotykiams Toidupakk <a href=\"https:\/\/www.instagram.com\/toidupakk\/\">Instagram<\/a> ir <a href=\"https:\/\/www.facebook.com\/Toidupakk\/\">Facebook<\/a> paskyrose.<\/p>\n","protected":false},"excerpt":{"rendered":"<p><strong>Po\u0161almis, kuris maloniai \u0161ildo galv\u0105 ir kakl\u0105 po \u0161almu. Mink\u0161ta ir elastinga med\u017eiaga maloniai priglunda. Skirtas slidin\u0117jimui, snieglen\u010di\u0173 sportui, va\u017eiavimui dvira\u010diu ar motociklu, taip pat \u017eygiams mi\u0161ke \u017eiem\u0105.  <\/strong><\/p>\n<ul>\n<li>Reguliuojama veido apsauga \u2013 \u0161altu oru galima u\u017esidengti burn\u0105 ir nos\u012f arba nuleisti \u017eemyn<\/li>\n<li>Maloniai \u0161ildo kakl\u0105 tiek i\u0161 priekio, tiek i\u0161 nugaros<\/li>\n<li>Idealiai tinka d\u0117v\u0117ti po \u0161almu<\/li>\n<li>Med\u017eiaga: 100 % poliesteris<\/li>\n<li>Gamintojas: Fostex Garments<\/li>\n<li>Svoris: 62 g<\/li>\n<li>Spalva: pilka<\/li>\n<\/ul>\n<p>\u2705 Turime sand\u0117lyje, greitas pristatymas per 1\u20133 darbo dienas<br \/>\n\u2705 NEMOKAMAS gr\u0105\u017einimas ir keitimas, jei netinka dydis<\/p>\n","protected":false},"featured_media":19471,"comment_status":"open","ping_status":"closed","template":"","meta":{"_acf_changed":false},"product_brand":[],"product_cat":[221,199,189,190],"product_tag":[],"class_list":{"0":"post-46861","1":"product","2":"type-product","3":"status-publish","4":"has-post-thumbnail","6":"product_cat-kepures","7":"product_cat-ziemos-prekes","8":"product_cat-zygio-iranga","9":"product_cat-zygio-prekes","11":"first","12":"instock","13":"sale","14":"taxable","15":"shipping-taxable","16":"purchasable","17":"product-type-simple"},"bundled_by":[],"bundle_stock_status":"instock","bundle_stock_quantity":10,"bundle_virtual":false,"bundle_layout":"","bundle_add_to_cart_form_location":"","bundle_editable_in_cart":false,"bundle_sold_individually_context":"","bundle_item_grouping":"","bundle_min_size":"","bundle_max_size":"","bundle_price":[],"bundled_items":[],"bundle_sell_ids":[],"acf":[],"yoast_head":"<!-- This site is optimized with the Yoast SEO plugin v27.3 - https:\/\/yoast.com\/product\/yoast-seo-wordpress\/ -->\n<title>Po\u0161almis FOSTEX<\/title>\n<meta name=\"description\" content=\"Po\u0161almis, kuris maloniai \u0161ildo galv\u0105 ir kakl\u0105 po \u0161almu. Mink\u0161ta ir elastinga med\u017eiaga maloniai priglunda ir suteikia papildom\u0105 apsaug\u0105.\" \/>\n<meta name=\"robots\" content=\"index, follow, max-snippet:-1, max-image-preview:large, max-video-preview:-1\" \/>\n<link rel=\"canonical\" href=\"https:\/\/toidupakk.ee\/lt\/toode\/posalmis-fostex\/\" \/>\n<meta property=\"og:locale\" content=\"lt_LT\" \/>\n<meta property=\"og:type\" content=\"article\" \/>\n<meta property=\"og:title\" content=\"Po\u0161almis FOSTEX\" \/>\n<meta property=\"og:description\" content=\"Po\u0161almis, kuris maloniai \u0161ildo galv\u0105 ir kakl\u0105 po \u0161almu. Mink\u0161ta ir elastinga med\u017eiaga maloniai priglunda ir suteikia papildom\u0105 apsaug\u0105.\" \/>\n<meta property=\"og:url\" content=\"https:\/\/toidupakk.ee\/lt\/toode\/posalmis-fostex\/\" \/>\n<meta property=\"og:site_name\" content=\"Toidupakk.ee - Tactical Foodpack toidupakid\" \/>\n<meta property=\"article:publisher\" content=\"https:\/\/www.facebook.com\/Toidupakk\" \/>\n<meta property=\"article:modified_time\" content=\"2026-04-29T16:00:22+00:00\" \/>\n<meta property=\"og:image\" content=\"https:\/\/toidupakk.ee\/wp-content\/uploads\/2024\/01\/Kiivrisukk-FOSTEX-1.png\" \/>\n\t<meta property=\"og:image:width\" content=\"800\" \/>\n\t<meta property=\"og:image:height\" content=\"800\" \/>\n\t<meta property=\"og:image:type\" content=\"image\/png\" \/>\n<meta name=\"twitter:card\" content=\"summary_large_image\" \/>\n<meta name=\"twitter:label1\" content=\"Est. reading time\" \/>\n\t<meta name=\"twitter:data1\" content=\"1 minut\u0117\" \/>\n<script type=\"application\/ld+json\" class=\"yoast-schema-graph\">{\"@context\":\"https:\\\/\\\/schema.org\",\"@graph\":[{\"@type\":\"WebPage\",\"@id\":\"https:\\\/\\\/toidupakk.ee\\\/lt\\\/toode\\\/posalmis-fostex\\\/\",\"url\":\"https:\\\/\\\/toidupakk.ee\\\/lt\\\/toode\\\/posalmis-fostex\\\/\",\"name\":\"Po\u0161almis FOSTEX\",\"isPartOf\":{\"@id\":\"https:\\\/\\\/toidupakk.ee\\\/lt\\\/#website\"},\"primaryImageOfPage\":{\"@id\":\"https:\\\/\\\/toidupakk.ee\\\/lt\\\/toode\\\/posalmis-fostex\\\/#primaryimage\"},\"image\":{\"@id\":\"https:\\\/\\\/toidupakk.ee\\\/lt\\\/toode\\\/posalmis-fostex\\\/#primaryimage\"},\"thumbnailUrl\":\"https:\\\/\\\/toidupakk.ee\\\/wp-content\\\/uploads\\\/2024\\\/01\\\/Kiivrisukk-FOSTEX-1.png\",\"datePublished\":\"2024-01-25T08:48:01+00:00\",\"dateModified\":\"2026-04-29T16:00:22+00:00\",\"description\":\"Po\u0161almis, kuris maloniai \u0161ildo galv\u0105 ir kakl\u0105 po \u0161almu. Mink\u0161ta ir elastinga med\u017eiaga maloniai priglunda ir suteikia papildom\u0105 apsaug\u0105.\",\"breadcrumb\":{\"@id\":\"https:\\\/\\\/toidupakk.ee\\\/lt\\\/toode\\\/posalmis-fostex\\\/#breadcrumb\"},\"inLanguage\":\"lt-LT\",\"potentialAction\":[{\"@type\":\"ReadAction\",\"target\":[\"https:\\\/\\\/toidupakk.ee\\\/lt\\\/toode\\\/posalmis-fostex\\\/\"]}]},{\"@type\":\"ImageObject\",\"inLanguage\":\"lt-LT\",\"@id\":\"https:\\\/\\\/toidupakk.ee\\\/lt\\\/toode\\\/posalmis-fostex\\\/#primaryimage\",\"url\":\"https:\\\/\\\/toidupakk.ee\\\/wp-content\\\/uploads\\\/2024\\\/01\\\/Kiivrisukk-FOSTEX-1.png\",\"contentUrl\":\"https:\\\/\\\/toidupakk.ee\\\/wp-content\\\/uploads\\\/2024\\\/01\\\/Kiivrisukk-FOSTEX-1.png\",\"width\":800,\"height\":800,\"caption\":\"Fostex kiivrisukk\"},{\"@type\":\"BreadcrumbList\",\"@id\":\"https:\\\/\\\/toidupakk.ee\\\/lt\\\/toode\\\/posalmis-fostex\\\/#breadcrumb\",\"itemListElement\":[{\"@type\":\"ListItem\",\"position\":1,\"name\":\"Avaleht\",\"item\":\"https:\\\/\\\/toidupakk.ee\\\/lt\\\/\"},{\"@type\":\"ListItem\",\"position\":2,\"name\":\"El. parduotuv\u0117\",\"item\":\"https:\\\/\\\/toidupakk.ee\\\/lt\\\/el-parduotuve\\\/\"},{\"@type\":\"ListItem\",\"position\":3,\"name\":\"Po\u0161almis FOSTEX\"}]},{\"@type\":\"WebSite\",\"@id\":\"https:\\\/\\\/toidupakk.ee\\\/lt\\\/#website\",\"url\":\"https:\\\/\\\/toidupakk.ee\\\/lt\\\/\",\"name\":\"Toidupakk.ee - Tactical Foodpack toidupakid\",\"description\":\"Tactical Foodpack k\u00fclmkuivatatud toidupakid ja matkaeined\",\"publisher\":{\"@id\":\"https:\\\/\\\/toidupakk.ee\\\/lt\\\/#organization\"},\"potentialAction\":[{\"@type\":\"SearchAction\",\"target\":{\"@type\":\"EntryPoint\",\"urlTemplate\":\"https:\\\/\\\/toidupakk.ee\\\/lt\\\/?s={search_term_string}\"},\"query-input\":{\"@type\":\"PropertyValueSpecification\",\"valueRequired\":true,\"valueName\":\"search_term_string\"}}],\"inLanguage\":\"lt-LT\"},{\"@type\":\"Organization\",\"@id\":\"https:\\\/\\\/toidupakk.ee\\\/lt\\\/#organization\",\"name\":\"Tactical Foodpack matkaeined\",\"url\":\"https:\\\/\\\/toidupakk.ee\\\/lt\\\/\",\"logo\":{\"@type\":\"ImageObject\",\"inLanguage\":\"lt-LT\",\"@id\":\"https:\\\/\\\/toidupakk.ee\\\/lt\\\/#\\\/schema\\\/logo\\\/image\\\/\",\"url\":\"https:\\\/\\\/toidupakk.ee\\\/wp-content\\\/uploads\\\/2022\\\/01\\\/Toidupakk-matkapood-logo-transparent.png\",\"contentUrl\":\"https:\\\/\\\/toidupakk.ee\\\/wp-content\\\/uploads\\\/2022\\\/01\\\/Toidupakk-matkapood-logo-transparent.png\",\"width\":500,\"height\":500,\"caption\":\"Tactical Foodpack matkaeined\"},\"image\":{\"@id\":\"https:\\\/\\\/toidupakk.ee\\\/lt\\\/#\\\/schema\\\/logo\\\/image\\\/\"},\"sameAs\":[\"https:\\\/\\\/www.facebook.com\\\/Toidupakk\",\"https:\\\/\\\/www.instagram.com\\\/toidupakk\\\/\"]}]}<\/script>\n<!-- \/ Yoast SEO plugin. -->","yoast_head_json":{"title":"Po\u0161almis FOSTEX","description":"Po\u0161almis, kuris maloniai \u0161ildo galv\u0105 ir kakl\u0105 po \u0161almu. Mink\u0161ta ir elastinga med\u017eiaga maloniai priglunda ir suteikia papildom\u0105 apsaug\u0105.","robots":{"index":"index","follow":"follow","max-snippet":"max-snippet:-1","max-image-preview":"max-image-preview:large","max-video-preview":"max-video-preview:-1"},"canonical":"https:\/\/toidupakk.ee\/lt\/toode\/posalmis-fostex\/","og_locale":"lt_LT","og_type":"article","og_title":"Po\u0161almis FOSTEX","og_description":"Po\u0161almis, kuris maloniai \u0161ildo galv\u0105 ir kakl\u0105 po \u0161almu. Mink\u0161ta ir elastinga med\u017eiaga maloniai priglunda ir suteikia papildom\u0105 apsaug\u0105.","og_url":"https:\/\/toidupakk.ee\/lt\/toode\/posalmis-fostex\/","og_site_name":"Toidupakk.ee - Tactical Foodpack toidupakid","article_publisher":"https:\/\/www.facebook.com\/Toidupakk","article_modified_time":"2026-04-29T16:00:22+00:00","og_image":[{"width":800,"height":800,"url":"https:\/\/toidupakk.ee\/wp-content\/uploads\/2024\/01\/Kiivrisukk-FOSTEX-1.png","type":"image\/png"}],"twitter_card":"summary_large_image","twitter_misc":{"Est. reading time":"1 minut\u0117"},"schema":{"@context":"https:\/\/schema.org","@graph":[{"@type":"WebPage","@id":"https:\/\/toidupakk.ee\/lt\/toode\/posalmis-fostex\/","url":"https:\/\/toidupakk.ee\/lt\/toode\/posalmis-fostex\/","name":"Po\u0161almis FOSTEX","isPartOf":{"@id":"https:\/\/toidupakk.ee\/lt\/#website"},"primaryImageOfPage":{"@id":"https:\/\/toidupakk.ee\/lt\/toode\/posalmis-fostex\/#primaryimage"},"image":{"@id":"https:\/\/toidupakk.ee\/lt\/toode\/posalmis-fostex\/#primaryimage"},"thumbnailUrl":"https:\/\/toidupakk.ee\/wp-content\/uploads\/2024\/01\/Kiivrisukk-FOSTEX-1.png","datePublished":"2024-01-25T08:48:01+00:00","dateModified":"2026-04-29T16:00:22+00:00","description":"Po\u0161almis, kuris maloniai \u0161ildo galv\u0105 ir kakl\u0105 po \u0161almu. Mink\u0161ta ir elastinga med\u017eiaga maloniai priglunda ir suteikia papildom\u0105 apsaug\u0105.","breadcrumb":{"@id":"https:\/\/toidupakk.ee\/lt\/toode\/posalmis-fostex\/#breadcrumb"},"inLanguage":"lt-LT","potentialAction":[{"@type":"ReadAction","target":["https:\/\/toidupakk.ee\/lt\/toode\/posalmis-fostex\/"]}]},{"@type":"ImageObject","inLanguage":"lt-LT","@id":"https:\/\/toidupakk.ee\/lt\/toode\/posalmis-fostex\/#primaryimage","url":"https:\/\/toidupakk.ee\/wp-content\/uploads\/2024\/01\/Kiivrisukk-FOSTEX-1.png","contentUrl":"https:\/\/toidupakk.ee\/wp-content\/uploads\/2024\/01\/Kiivrisukk-FOSTEX-1.png","width":800,"height":800,"caption":"Fostex kiivrisukk"},{"@type":"BreadcrumbList","@id":"https:\/\/toidupakk.ee\/lt\/toode\/posalmis-fostex\/#breadcrumb","itemListElement":[{"@type":"ListItem","position":1,"name":"Avaleht","item":"https:\/\/toidupakk.ee\/lt\/"},{"@type":"ListItem","position":2,"name":"El. parduotuv\u0117","item":"https:\/\/toidupakk.ee\/lt\/el-parduotuve\/"},{"@type":"ListItem","position":3,"name":"Po\u0161almis FOSTEX"}]},{"@type":"WebSite","@id":"https:\/\/toidupakk.ee\/lt\/#website","url":"https:\/\/toidupakk.ee\/lt\/","name":"Toidupakk.ee - Tactical Foodpack toidupakid","description":"Tactical Foodpack k\u00fclmkuivatatud toidupakid ja matkaeined","publisher":{"@id":"https:\/\/toidupakk.ee\/lt\/#organization"},"potentialAction":[{"@type":"SearchAction","target":{"@type":"EntryPoint","urlTemplate":"https:\/\/toidupakk.ee\/lt\/?s={search_term_string}"},"query-input":{"@type":"PropertyValueSpecification","valueRequired":true,"valueName":"search_term_string"}}],"inLanguage":"lt-LT"},{"@type":"Organization","@id":"https:\/\/toidupakk.ee\/lt\/#organization","name":"Tactical Foodpack matkaeined","url":"https:\/\/toidupakk.ee\/lt\/","logo":{"@type":"ImageObject","inLanguage":"lt-LT","@id":"https:\/\/toidupakk.ee\/lt\/#\/schema\/logo\/image\/","url":"https:\/\/toidupakk.ee\/wp-content\/uploads\/2022\/01\/Toidupakk-matkapood-logo-transparent.png","contentUrl":"https:\/\/toidupakk.ee\/wp-content\/uploads\/2022\/01\/Toidupakk-matkapood-logo-transparent.png","width":500,"height":500,"caption":"Tactical Foodpack matkaeined"},"image":{"@id":"https:\/\/toidupakk.ee\/lt\/#\/schema\/logo\/image\/"},"sameAs":["https:\/\/www.facebook.com\/Toidupakk","https:\/\/www.instagram.com\/toidupakk\/"]}]}},"jetpack_sharing_enabled":true,"_links":{"self":[{"href":"https:\/\/toidupakk.ee\/lt\/wp-json\/wp\/v2\/product\/46861","targetHints":{"allow":["GET"]}}],"collection":[{"href":"https:\/\/toidupakk.ee\/lt\/wp-json\/wp\/v2\/product"}],"about":[{"href":"https:\/\/toidupakk.ee\/lt\/wp-json\/wp\/v2\/types\/product"}],"replies":[{"embeddable":true,"href":"https:\/\/toidupakk.ee\/lt\/wp-json\/wp\/v2\/comments?post=46861"}],"wp:featuredmedia":[{"embeddable":true,"href":"https:\/\/toidupakk.ee\/lt\/wp-json\/wp\/v2\/media\/19471"}],"wp:attachment":[{"href":"https:\/\/toidupakk.ee\/lt\/wp-json\/wp\/v2\/media?parent=46861"}],"wp:term":[{"taxonomy":"product_brand","embeddable":true,"href":"https:\/\/toidupakk.ee\/lt\/wp-json\/wp\/v2\/product_brand?post=46861"},{"taxonomy":"product_cat","embeddable":true,"href":"https:\/\/toidupakk.ee\/lt\/wp-json\/wp\/v2\/product_cat?post=46861"},{"taxonomy":"product_tag","embeddable":true,"href":"https:\/\/toidupakk.ee\/lt\/wp-json\/wp\/v2\/product_tag?post=46861"}],"curies":[{"name":"wp","href":"https:\/\/api.w.org\/{rel}","templated":true}]}}