{"id":46840,"date":"2024-01-12T10:11:52","date_gmt":"2024-01-12T08:11:52","guid":{"rendered":"https:\/\/toidupakk.ee\/toode\/omega-3-6-9-kapsules-iconfit-90-kapsuliu\/"},"modified":"2026-04-14T11:00:39","modified_gmt":"2026-04-14T08:00:39","slug":"omega-3-6-9-kapsules-iconfit-90-kapsuliu","status":"publish","type":"product","link":"https:\/\/toidupakk.ee\/lt\/toode\/omega-3-6-9-kapsules-iconfit-90-kapsuliu\/","title":{"rendered":"Omega 3-6-9 kapsul\u0117s ICONFIT (90 kapsuli\u0173)"},"content":{"rendered":"<h1>Omega 3-6-9 kapsul\u0117s ICONFIT<\/h1>\n<p>Omega 3, 6 ir 9 riebal\u0173 r\u016bg\u0161tys su vitaminu E yra maisto papildas, palaikantis normali\u0105 \u0161irdies sveikat\u0105, smegen\u0173 funkcij\u0105, reg\u0117jim\u0105 bei bendr\u0105 savijaut\u0105.<\/p>\n<p>Kiekvienoje kapsul\u0117je yra Omega 3-6-9 aliej\u0173 mi\u0161inys (\u017euv\u0173 taukai, s\u0117men\u0173 aliejus, saul\u0117gr\u0105\u017e\u0173 aliejus), gaunamas i\u0161 riebi\u0173j\u0173 \u017euv\u0173 ir nat\u016brali\u0173 s\u0117kl\u0173 aliej\u0173, kuriame yra EPR, ALR ir DHR, palaikan\u010di\u0173 smegen\u0173 bei \u0161irdies veikl\u0105 ir skatinan\u010di\u0173 reg\u0117jimo a\u0161trum\u0105. ALR, DHR ir EPR yra geriausiai i\u0161tirtos omega-3 riebal\u0173 r\u016bg\u0161tys, o gryni \u017euv\u0173 taukai i\u0161gaunami i\u0161 ma\u017e\u0173 \u017euv\u0173, pavyzd\u017eiui, an\u010diuvi\u0173. <\/p>\n<p>Omega 3-6-9 kapsul\u0117s papildomai praturtintos vitaminu E, kuris padeda apsaugoti l\u0105steles nuo oksidacin\u0117s pa\u017eaidos. Oksidacin\u0117 pa\u017eaida organizme atsiranda d\u0117l laisv\u0173j\u0173 radikal\u0173 ir antioksidant\u0173 pusiausvyros sutrikimo, kai kenksmingi laisvieji radikalai gali pa\u017eeisti audinius bei skatinti lig\u0173 atsiradim\u0105 ir sen\u0117jim\u0105. <\/p>\n<p><img fetchpriority=\"high\" decoding=\"async\" class=\"alignnone wp-image-18785 size-medium\" src=\"https:\/\/toidupakk.ee\/wp-content\/uploads\/2024\/01\/Omega-3-ja-Magneesium-300x300.jpg\" alt=\"omega 3 kapsul\u0117s\" width=\"300\" height=\"300\" srcset=\"https:\/\/toidupakk.ee\/wp-content\/uploads\/2024\/01\/Omega-3-ja-Magneesium-300x300.jpg 300w, https:\/\/toidupakk.ee\/wp-content\/uploads\/2024\/01\/Omega-3-ja-Magneesium-400x400.jpg 400w, https:\/\/toidupakk.ee\/wp-content\/uploads\/2024\/01\/Omega-3-ja-Magneesium-100x100.jpg 100w, https:\/\/toidupakk.ee\/wp-content\/uploads\/2024\/01\/Omega-3-ja-Magneesium-500x500.jpg 500w, https:\/\/toidupakk.ee\/wp-content\/uploads\/2024\/01\/Omega-3-ja-Magneesium-768x768.jpg 768w, https:\/\/toidupakk.ee\/wp-content\/uploads\/2024\/01\/Omega-3-ja-Magneesium.jpg 800w\" sizes=\"(max-width: 300px) 100vw, 300px\" \/><\/p>\n<p>Omega-3 riebal\u0173 r\u016bg\u0161tys vaidina svarb\u0173 vaidmen\u012f \u017emogaus mityboje ir fiziologijoje, dalyvaujant trims pagrindin\u0117ms omega-3 riebal\u0173 r\u016bg\u0161tims: \u03b1-linoleno r\u016bg\u0161\u010diai (ALR), eikozapentaeno r\u016bg\u0161\u010diai (EPR) ir dokozaheksaeno r\u016bg\u0161\u010diai (DHR). ALR randama augaluose, o DHR ir EPR \u2013 dumbliuose ir \u017euvyse. EPR ir DHR padeda palaikyti normali\u0105 \u0161irdies veikl\u0105, kai teigiamas poveikis pasirei\u0161kia per par\u0105 suvartojant 250 mg EPR ir DHR. DHR taip pat padeda palaikyti normali\u0105 smegen\u0173 funkcij\u0105 ir reg\u0117jim\u0105, kai teigiamas poveikis pasirei\u0161kia per par\u0105 suvartojant 250 mg DHR.   <\/p>\n<p>Omega-6 priklauso neso\u010diosioms riebal\u0173 r\u016bg\u0161tims ir dalyvauja daugelio hormon\u0173 gamyboje. \u0160i\u0173 nepakei\u010diam\u0173j\u0173 riebal\u0173 r\u016bg\u0161\u010di\u0173, kurias turime gauti su maistu, yra pauk\u0161tienoje, kiau\u0161iniuose, rie\u0161utuose ir luk\u0161tentose sezamo s\u0117klose. <\/p>\n<p>Omega-9 riebal\u0173 r\u016bg\u0161tys n\u0117ra nepakei\u010diamosios, nes \u017emogaus organizmas geba jas pasigaminti i\u0161 neso\u010di\u0173j\u0173 riebal\u0173. Kai kurios omega-9 riebal\u0173 r\u016bg\u0161tys yra \u012fprasti gyv\u016bnini\u0173 riebal\u0173 ir augalini\u0173 aliej\u0173 komponentai. Nors \u0161i\u0173 r\u016bg\u0161\u010di\u0173 gauname su maistu, svarbu i\u0161laikyti vis\u0173 riebal\u0173 r\u016bg\u0161\u010di\u0173 pusiausvyr\u0105, tod\u0117l rekomenduojama jas vartoti kaip maisto papild\u0105.  <\/p>\n<p>Jei organizmas negauna pakankamai riebal\u0173 r\u016bg\u0161\u010di\u0173, gali atsirasti \u012fvairi\u0173 sveikatos problem\u0173, toki\u0173 kaip kraujagysli\u0173 ligos, alergijos, s\u0105nari\u0173 u\u017edegimai, nevaisingumas, antsvoris, diabetas, nuovargis, sausa oda, depresija, nerimas ir atminties sutrikimai.<\/p>\n<p>ICONFIT kapsul\u0117se n\u0117ra dirbtini\u0173 pried\u0173, chemikal\u0173, konservant\u0173 ar da\u017eikli\u0173, jos yra be GMO.<\/p>\n<p>&nbsp;<\/p>\n<h2>ICONFIT kokyb\u0117 ir r\u016bpestis<\/h2>\n<p>ICONFIT produktai sukurti Estijoje ir remiasi auk\u0161\u010diausiais Europos kokyb\u0117s standartais. Savo produktus kuriame kartu su mitybos specialistais, sportininkais ir maisto technologais. <\/p>\n<p>ICONFIT produktuose n\u0117ra nereikaling\u0173 dirbtini\u0173 stabilizatori\u0173, da\u017eikli\u0173 ar konservant\u0173. M\u016bs\u0173 klientai gr\u012f\u017eta v\u0117l ir v\u0117l d\u0117l m\u016bs\u0173 kokyb\u0117s, grynumo ir gero skonio. <\/p>\n<p><img decoding=\"async\" class=\"alignnone wp-image-15624 size-medium\" src=\"https:\/\/toidupakk.ee\/wp-content\/uploads\/2023\/11\/ICONFIT-kollageeni-pulber-liigestele-5-300x300.png\" alt=\"iconfit logotipas\" width=\"300\" height=\"300\" srcset=\"https:\/\/toidupakk.ee\/wp-content\/uploads\/2023\/11\/ICONFIT-kollageeni-pulber-liigestele-5-300x300.png 300w, https:\/\/toidupakk.ee\/wp-content\/uploads\/2023\/11\/ICONFIT-kollageeni-pulber-liigestele-5-400x400.png 400w, https:\/\/toidupakk.ee\/wp-content\/uploads\/2023\/11\/ICONFIT-kollageeni-pulber-liigestele-5-100x100.png 100w, https:\/\/toidupakk.ee\/wp-content\/uploads\/2023\/11\/ICONFIT-kollageeni-pulber-liigestele-5-500x500.png 500w, https:\/\/toidupakk.ee\/wp-content\/uploads\/2023\/11\/ICONFIT-kollageeni-pulber-liigestele-5-768x768.png 768w, https:\/\/toidupakk.ee\/wp-content\/uploads\/2023\/11\/ICONFIT-kollageeni-pulber-liigestele-5.png 800w\" sizes=\"(max-width: 300px) 100vw, 300px\" \/><\/p>\n<p>Domiesi \u017eygio reikmenimis? Su\u017einok daugiau <a href=\"https:\/\/toidupakk.ee\/lt\/tootekategooria\/zygio-iranga\/#section-3-79\">\u010cIA<\/a><\/p>\n<p>O gal domina \u017eygio maistas? \u017di\u016br\u0117k <a href=\"https:\/\/toidupakk.ee\/lt\/tootekategooria\/pagrindiniai-patiekalai\/\">\u010cIA<\/a><\/p>\n<p>Pasisemk \u012fkv\u0117pimo kitiems nuotykiams \u201eToidupakk\u201c <a href=\"https:\/\/www.instagram.com\/toidupakk\/\">Instagram<\/a> ir <a href=\"https:\/\/www.facebook.com\/Toidupakk\/\">Facebook<\/a> paskyrose.<\/p>\n","protected":false},"excerpt":{"rendered":"<p><strong>Omega 3, 6 ir 9 kartu su vitaminu E yra efektyvus riebal\u0173 r\u016bg\u0161\u010di\u0173 kompleksas, palaikantis smegen\u0173 ir \u0161irdies funkcijas bei padedantis i\u0161saugoti ger\u0105 reg\u0117jim\u0105. Tai maisto papildas, u\u017etikrinantis bendr\u0105 savijaut\u0105. <\/strong><\/p>\n<ul>\n<li>EPR ir DHR padeda palaikyti normali\u0105 \u0161irdies veikl\u0105, o teigiamas poveikis pasirei\u0161kia per par\u0105 suvartojant 250 mg EPR ir DHR.<\/li>\n<li>DHR padeda palaikyti normali\u0105 smegen\u0173 funkcij\u0105 ir reg\u0117jim\u0105, o teigiamas poveikis pasirei\u0161kia per par\u0105 suvartojant 250 mg DHR.<\/li>\n<li>Vitaminas E padeda apsaugoti l\u0105steles nuo oksidacin\u0117s pa\u017eaidos.<\/li>\n<li>Kiekvienoje kapsul\u0117je yra 990 mg omega-3-6-9 riebal\u0173 r\u016bg\u0161\u010di\u0173.<\/li>\n<li>Pakuot\u0117je yra 90 dien\u0173 (3 m\u0117nesi\u0173) atsarga, vartok po 1 kapsul\u0119 per dien\u0105!<\/li>\n<\/ul>\n<p>\u2705 Turime sand\u0117lyje, greitas pristatymas per 1\u20133 darbo dienas<\/p>\n","protected":false},"featured_media":18784,"comment_status":"open","ping_status":"closed","template":"","meta":{"_acf_changed":false},"product_brand":[],"product_cat":[261,237,189,190],"product_tag":[],"class_list":{"0":"post-46840","1":"product","2":"type-product","3":"status-publish","4":"has-post-thumbnail","6":"product_cat-kapsules","7":"product_cat-maisto-papildai","8":"product_cat-zygio-iranga","9":"product_cat-zygio-prekes","11":"first","12":"instock","13":"taxable","14":"shipping-taxable","15":"purchasable","16":"product-type-simple"},"bundled_by":[],"bundle_stock_status":"instock","bundle_stock_quantity":3,"bundle_virtual":false,"bundle_layout":"","bundle_add_to_cart_form_location":"","bundle_editable_in_cart":false,"bundle_sold_individually_context":"","bundle_item_grouping":"","bundle_min_size":"","bundle_max_size":"","bundle_price":[],"bundled_items":[],"bundle_sell_ids":[],"acf":[],"yoast_head":"<!-- This site is optimized with the Yoast SEO plugin v27.3 - https:\/\/yoast.com\/product\/yoast-seo-wordpress\/ -->\n<title>Omega 3-6-9 kapsul\u0117s ICONFIT (90 kapsuli\u0173)<\/title>\n<meta name=\"description\" content=\"Omega 3, 6 ir 9 kartu su vitaminu E yra efektyvus riebal\u0173 r\u016bg\u0161\u010di\u0173 kompleksas, palaikantis smegen\u0173 ir \u0161irdies funkcijas bei padedantis i\u0161saugoti ger\u0105 reg\u0117jim\u0105.\" \/>\n<meta name=\"robots\" content=\"index, follow, max-snippet:-1, max-image-preview:large, max-video-preview:-1\" \/>\n<link rel=\"canonical\" href=\"https:\/\/toidupakk.ee\/lt\/toode\/omega-3-6-9-kapsules-iconfit-90-kapsuliu\/\" \/>\n<meta property=\"og:locale\" content=\"lt_LT\" \/>\n<meta property=\"og:type\" content=\"article\" \/>\n<meta property=\"og:title\" content=\"Omega 3-6-9 kapsul\u0117s ICONFIT (90 kapsuli\u0173)\" \/>\n<meta property=\"og:description\" content=\"Omega 3, 6 ir 9 kartu su vitaminu E yra efektyvus riebal\u0173 r\u016bg\u0161\u010di\u0173 kompleksas, palaikantis smegen\u0173 ir \u0161irdies funkcijas bei padedantis i\u0161saugoti ger\u0105 reg\u0117jim\u0105.\" \/>\n<meta property=\"og:url\" content=\"https:\/\/toidupakk.ee\/lt\/toode\/omega-3-6-9-kapsules-iconfit-90-kapsuliu\/\" \/>\n<meta property=\"og:site_name\" content=\"Toidupakk.ee - Tactical Foodpack toidupakid\" \/>\n<meta property=\"article:publisher\" content=\"https:\/\/www.facebook.com\/Toidupakk\" \/>\n<meta property=\"article:modified_time\" content=\"2026-04-14T08:00:39+00:00\" \/>\n<meta property=\"og:image\" content=\"https:\/\/toidupakk.ee\/wp-content\/uploads\/2024\/01\/Omega-3.png\" \/>\n\t<meta property=\"og:image:width\" content=\"800\" \/>\n\t<meta property=\"og:image:height\" content=\"800\" \/>\n\t<meta property=\"og:image:type\" content=\"image\/png\" \/>\n<meta name=\"twitter:card\" content=\"summary_large_image\" \/>\n<meta name=\"twitter:label1\" content=\"Est. reading time\" \/>\n\t<meta name=\"twitter:data1\" content=\"2 minut\u0117s\" \/>\n<script type=\"application\/ld+json\" class=\"yoast-schema-graph\">{\"@context\":\"https:\\\/\\\/schema.org\",\"@graph\":[{\"@type\":\"WebPage\",\"@id\":\"https:\\\/\\\/toidupakk.ee\\\/lt\\\/toode\\\/omega-3-6-9-kapsules-iconfit-90-kapsuliu\\\/\",\"url\":\"https:\\\/\\\/toidupakk.ee\\\/lt\\\/toode\\\/omega-3-6-9-kapsules-iconfit-90-kapsuliu\\\/\",\"name\":\"Omega 3-6-9 kapsul\u0117s ICONFIT (90 kapsuli\u0173)\",\"isPartOf\":{\"@id\":\"https:\\\/\\\/toidupakk.ee\\\/lt\\\/#website\"},\"primaryImageOfPage\":{\"@id\":\"https:\\\/\\\/toidupakk.ee\\\/lt\\\/toode\\\/omega-3-6-9-kapsules-iconfit-90-kapsuliu\\\/#primaryimage\"},\"image\":{\"@id\":\"https:\\\/\\\/toidupakk.ee\\\/lt\\\/toode\\\/omega-3-6-9-kapsules-iconfit-90-kapsuliu\\\/#primaryimage\"},\"thumbnailUrl\":\"https:\\\/\\\/toidupakk.ee\\\/wp-content\\\/uploads\\\/2024\\\/01\\\/Omega-3.png\",\"datePublished\":\"2024-01-12T08:11:52+00:00\",\"dateModified\":\"2026-04-14T08:00:39+00:00\",\"description\":\"Omega 3, 6 ir 9 kartu su vitaminu E yra efektyvus riebal\u0173 r\u016bg\u0161\u010di\u0173 kompleksas, palaikantis smegen\u0173 ir \u0161irdies funkcijas bei padedantis i\u0161saugoti ger\u0105 reg\u0117jim\u0105.\",\"breadcrumb\":{\"@id\":\"https:\\\/\\\/toidupakk.ee\\\/lt\\\/toode\\\/omega-3-6-9-kapsules-iconfit-90-kapsuliu\\\/#breadcrumb\"},\"inLanguage\":\"lt-LT\",\"potentialAction\":[{\"@type\":\"ReadAction\",\"target\":[\"https:\\\/\\\/toidupakk.ee\\\/lt\\\/toode\\\/omega-3-6-9-kapsules-iconfit-90-kapsuliu\\\/\"]}]},{\"@type\":\"ImageObject\",\"inLanguage\":\"lt-LT\",\"@id\":\"https:\\\/\\\/toidupakk.ee\\\/lt\\\/toode\\\/omega-3-6-9-kapsules-iconfit-90-kapsuliu\\\/#primaryimage\",\"url\":\"https:\\\/\\\/toidupakk.ee\\\/wp-content\\\/uploads\\\/2024\\\/01\\\/Omega-3.png\",\"contentUrl\":\"https:\\\/\\\/toidupakk.ee\\\/wp-content\\\/uploads\\\/2024\\\/01\\\/Omega-3.png\",\"width\":800,\"height\":800,\"caption\":\"omega 3 kapslid\"},{\"@type\":\"BreadcrumbList\",\"@id\":\"https:\\\/\\\/toidupakk.ee\\\/lt\\\/toode\\\/omega-3-6-9-kapsules-iconfit-90-kapsuliu\\\/#breadcrumb\",\"itemListElement\":[{\"@type\":\"ListItem\",\"position\":1,\"name\":\"Avaleht\",\"item\":\"https:\\\/\\\/toidupakk.ee\\\/lt\\\/\"},{\"@type\":\"ListItem\",\"position\":2,\"name\":\"El. parduotuv\u0117\",\"item\":\"https:\\\/\\\/toidupakk.ee\\\/lt\\\/el-parduotuve\\\/\"},{\"@type\":\"ListItem\",\"position\":3,\"name\":\"Omega 3-6-9 kapsul\u0117s ICONFIT (90 kapsuli\u0173)\"}]},{\"@type\":\"WebSite\",\"@id\":\"https:\\\/\\\/toidupakk.ee\\\/lt\\\/#website\",\"url\":\"https:\\\/\\\/toidupakk.ee\\\/lt\\\/\",\"name\":\"Toidupakk.ee - Tactical Foodpack toidupakid\",\"description\":\"Tactical Foodpack k\u00fclmkuivatatud toidupakid ja matkaeined\",\"publisher\":{\"@id\":\"https:\\\/\\\/toidupakk.ee\\\/lt\\\/#organization\"},\"potentialAction\":[{\"@type\":\"SearchAction\",\"target\":{\"@type\":\"EntryPoint\",\"urlTemplate\":\"https:\\\/\\\/toidupakk.ee\\\/lt\\\/?s={search_term_string}\"},\"query-input\":{\"@type\":\"PropertyValueSpecification\",\"valueRequired\":true,\"valueName\":\"search_term_string\"}}],\"inLanguage\":\"lt-LT\"},{\"@type\":\"Organization\",\"@id\":\"https:\\\/\\\/toidupakk.ee\\\/lt\\\/#organization\",\"name\":\"Tactical Foodpack matkaeined\",\"url\":\"https:\\\/\\\/toidupakk.ee\\\/lt\\\/\",\"logo\":{\"@type\":\"ImageObject\",\"inLanguage\":\"lt-LT\",\"@id\":\"https:\\\/\\\/toidupakk.ee\\\/lt\\\/#\\\/schema\\\/logo\\\/image\\\/\",\"url\":\"https:\\\/\\\/toidupakk.ee\\\/wp-content\\\/uploads\\\/2022\\\/01\\\/Toidupakk-matkapood-logo-transparent.png\",\"contentUrl\":\"https:\\\/\\\/toidupakk.ee\\\/wp-content\\\/uploads\\\/2022\\\/01\\\/Toidupakk-matkapood-logo-transparent.png\",\"width\":500,\"height\":500,\"caption\":\"Tactical Foodpack matkaeined\"},\"image\":{\"@id\":\"https:\\\/\\\/toidupakk.ee\\\/lt\\\/#\\\/schema\\\/logo\\\/image\\\/\"},\"sameAs\":[\"https:\\\/\\\/www.facebook.com\\\/Toidupakk\",\"https:\\\/\\\/www.instagram.com\\\/toidupakk\\\/\"]}]}<\/script>\n<!-- \/ Yoast SEO plugin. -->","yoast_head_json":{"title":"Omega 3-6-9 kapsul\u0117s ICONFIT (90 kapsuli\u0173)","description":"Omega 3, 6 ir 9 kartu su vitaminu E yra efektyvus riebal\u0173 r\u016bg\u0161\u010di\u0173 kompleksas, palaikantis smegen\u0173 ir \u0161irdies funkcijas bei padedantis i\u0161saugoti ger\u0105 reg\u0117jim\u0105.","robots":{"index":"index","follow":"follow","max-snippet":"max-snippet:-1","max-image-preview":"max-image-preview:large","max-video-preview":"max-video-preview:-1"},"canonical":"https:\/\/toidupakk.ee\/lt\/toode\/omega-3-6-9-kapsules-iconfit-90-kapsuliu\/","og_locale":"lt_LT","og_type":"article","og_title":"Omega 3-6-9 kapsul\u0117s ICONFIT (90 kapsuli\u0173)","og_description":"Omega 3, 6 ir 9 kartu su vitaminu E yra efektyvus riebal\u0173 r\u016bg\u0161\u010di\u0173 kompleksas, palaikantis smegen\u0173 ir \u0161irdies funkcijas bei padedantis i\u0161saugoti ger\u0105 reg\u0117jim\u0105.","og_url":"https:\/\/toidupakk.ee\/lt\/toode\/omega-3-6-9-kapsules-iconfit-90-kapsuliu\/","og_site_name":"Toidupakk.ee - Tactical Foodpack toidupakid","article_publisher":"https:\/\/www.facebook.com\/Toidupakk","article_modified_time":"2026-04-14T08:00:39+00:00","og_image":[{"width":800,"height":800,"url":"https:\/\/toidupakk.ee\/wp-content\/uploads\/2024\/01\/Omega-3.png","type":"image\/png"}],"twitter_card":"summary_large_image","twitter_misc":{"Est. reading time":"2 minut\u0117s"},"schema":{"@context":"https:\/\/schema.org","@graph":[{"@type":"WebPage","@id":"https:\/\/toidupakk.ee\/lt\/toode\/omega-3-6-9-kapsules-iconfit-90-kapsuliu\/","url":"https:\/\/toidupakk.ee\/lt\/toode\/omega-3-6-9-kapsules-iconfit-90-kapsuliu\/","name":"Omega 3-6-9 kapsul\u0117s ICONFIT (90 kapsuli\u0173)","isPartOf":{"@id":"https:\/\/toidupakk.ee\/lt\/#website"},"primaryImageOfPage":{"@id":"https:\/\/toidupakk.ee\/lt\/toode\/omega-3-6-9-kapsules-iconfit-90-kapsuliu\/#primaryimage"},"image":{"@id":"https:\/\/toidupakk.ee\/lt\/toode\/omega-3-6-9-kapsules-iconfit-90-kapsuliu\/#primaryimage"},"thumbnailUrl":"https:\/\/toidupakk.ee\/wp-content\/uploads\/2024\/01\/Omega-3.png","datePublished":"2024-01-12T08:11:52+00:00","dateModified":"2026-04-14T08:00:39+00:00","description":"Omega 3, 6 ir 9 kartu su vitaminu E yra efektyvus riebal\u0173 r\u016bg\u0161\u010di\u0173 kompleksas, palaikantis smegen\u0173 ir \u0161irdies funkcijas bei padedantis i\u0161saugoti ger\u0105 reg\u0117jim\u0105.","breadcrumb":{"@id":"https:\/\/toidupakk.ee\/lt\/toode\/omega-3-6-9-kapsules-iconfit-90-kapsuliu\/#breadcrumb"},"inLanguage":"lt-LT","potentialAction":[{"@type":"ReadAction","target":["https:\/\/toidupakk.ee\/lt\/toode\/omega-3-6-9-kapsules-iconfit-90-kapsuliu\/"]}]},{"@type":"ImageObject","inLanguage":"lt-LT","@id":"https:\/\/toidupakk.ee\/lt\/toode\/omega-3-6-9-kapsules-iconfit-90-kapsuliu\/#primaryimage","url":"https:\/\/toidupakk.ee\/wp-content\/uploads\/2024\/01\/Omega-3.png","contentUrl":"https:\/\/toidupakk.ee\/wp-content\/uploads\/2024\/01\/Omega-3.png","width":800,"height":800,"caption":"omega 3 kapslid"},{"@type":"BreadcrumbList","@id":"https:\/\/toidupakk.ee\/lt\/toode\/omega-3-6-9-kapsules-iconfit-90-kapsuliu\/#breadcrumb","itemListElement":[{"@type":"ListItem","position":1,"name":"Avaleht","item":"https:\/\/toidupakk.ee\/lt\/"},{"@type":"ListItem","position":2,"name":"El. parduotuv\u0117","item":"https:\/\/toidupakk.ee\/lt\/el-parduotuve\/"},{"@type":"ListItem","position":3,"name":"Omega 3-6-9 kapsul\u0117s ICONFIT (90 kapsuli\u0173)"}]},{"@type":"WebSite","@id":"https:\/\/toidupakk.ee\/lt\/#website","url":"https:\/\/toidupakk.ee\/lt\/","name":"Toidupakk.ee - Tactical Foodpack toidupakid","description":"Tactical Foodpack k\u00fclmkuivatatud toidupakid ja matkaeined","publisher":{"@id":"https:\/\/toidupakk.ee\/lt\/#organization"},"potentialAction":[{"@type":"SearchAction","target":{"@type":"EntryPoint","urlTemplate":"https:\/\/toidupakk.ee\/lt\/?s={search_term_string}"},"query-input":{"@type":"PropertyValueSpecification","valueRequired":true,"valueName":"search_term_string"}}],"inLanguage":"lt-LT"},{"@type":"Organization","@id":"https:\/\/toidupakk.ee\/lt\/#organization","name":"Tactical Foodpack matkaeined","url":"https:\/\/toidupakk.ee\/lt\/","logo":{"@type":"ImageObject","inLanguage":"lt-LT","@id":"https:\/\/toidupakk.ee\/lt\/#\/schema\/logo\/image\/","url":"https:\/\/toidupakk.ee\/wp-content\/uploads\/2022\/01\/Toidupakk-matkapood-logo-transparent.png","contentUrl":"https:\/\/toidupakk.ee\/wp-content\/uploads\/2022\/01\/Toidupakk-matkapood-logo-transparent.png","width":500,"height":500,"caption":"Tactical Foodpack matkaeined"},"image":{"@id":"https:\/\/toidupakk.ee\/lt\/#\/schema\/logo\/image\/"},"sameAs":["https:\/\/www.facebook.com\/Toidupakk","https:\/\/www.instagram.com\/toidupakk\/"]}]}},"jetpack_sharing_enabled":true,"_links":{"self":[{"href":"https:\/\/toidupakk.ee\/lt\/wp-json\/wp\/v2\/product\/46840","targetHints":{"allow":["GET"]}}],"collection":[{"href":"https:\/\/toidupakk.ee\/lt\/wp-json\/wp\/v2\/product"}],"about":[{"href":"https:\/\/toidupakk.ee\/lt\/wp-json\/wp\/v2\/types\/product"}],"replies":[{"embeddable":true,"href":"https:\/\/toidupakk.ee\/lt\/wp-json\/wp\/v2\/comments?post=46840"}],"wp:featuredmedia":[{"embeddable":true,"href":"https:\/\/toidupakk.ee\/lt\/wp-json\/wp\/v2\/media\/18784"}],"wp:attachment":[{"href":"https:\/\/toidupakk.ee\/lt\/wp-json\/wp\/v2\/media?parent=46840"}],"wp:term":[{"taxonomy":"product_brand","embeddable":true,"href":"https:\/\/toidupakk.ee\/lt\/wp-json\/wp\/v2\/product_brand?post=46840"},{"taxonomy":"product_cat","embeddable":true,"href":"https:\/\/toidupakk.ee\/lt\/wp-json\/wp\/v2\/product_cat?post=46840"},{"taxonomy":"product_tag","embeddable":true,"href":"https:\/\/toidupakk.ee\/lt\/wp-json\/wp\/v2\/product_tag?post=46840"}],"curies":[{"name":"wp","href":"https:\/\/api.w.org\/{rel}","templated":true}]}}