{"id":46839,"date":"2024-01-04T14:57:46","date_gmt":"2024-01-04T12:57:46","guid":{"rendered":"https:\/\/toidupakk.ee\/toode\/audros-degtukai-atsparus-vejui-ir-vandeniui\/"},"modified":"2026-04-04T06:00:20","modified_gmt":"2026-04-04T03:00:20","slug":"audros-degtukai-atsparus-vejui-ir-vandeniui","status":"publish","type":"product","link":"https:\/\/toidupakk.ee\/lt\/toode\/audros-degtukai-atsparus-vejui-ir-vandeniui\/","title":{"rendered":"Audros degtukai (atspar\u016bs v\u0117jui ir vandeniui)"},"content":{"rendered":"<p><img fetchpriority=\"high\" decoding=\"async\" class=\"alignright wp-image-17994 size-thumbnail\" src=\"https:\/\/toidupakk.ee\/wp-content\/uploads\/2023\/12\/Tormitikud-tuule-ja-veekindlad37-500x500.jpg\" alt=\"Vandeniui atspar\u016bs audros degtukai\" width=\"500\" height=\"500\" srcset=\"https:\/\/toidupakk.ee\/wp-content\/uploads\/2023\/12\/Tormitikud-tuule-ja-veekindlad37-500x500.jpg 500w, https:\/\/toidupakk.ee\/wp-content\/uploads\/2023\/12\/Tormitikud-tuule-ja-veekindlad37-400x400.jpg 400w, https:\/\/toidupakk.ee\/wp-content\/uploads\/2023\/12\/Tormitikud-tuule-ja-veekindlad37-100x100.jpg 100w, https:\/\/toidupakk.ee\/wp-content\/uploads\/2023\/12\/Tormitikud-tuule-ja-veekindlad37-300x300.jpg 300w, https:\/\/toidupakk.ee\/wp-content\/uploads\/2023\/12\/Tormitikud-tuule-ja-veekindlad37-768x768.jpg 768w, https:\/\/toidupakk.ee\/wp-content\/uploads\/2023\/12\/Tormitikud-tuule-ja-veekindlad37.jpg 800w\" sizes=\"(max-width: 500px) 100vw, 500px\" \/><\/p>\n<p>Audros degtukai (atspar\u016bs v\u0117jui ir vandeniui) turi ypa\u010d ilgas galvutes, tod\u0117l jie saugesni ir lengviau u\u017edegami, ypa\u010d tamsoje ar prastomis oro s\u0105lygomis. Jie stipresni ir efektyvesni u\u017e \u012fprastus degtukus ir gali nepertraukiamai degti net esant stipriam v\u0117jui ar lietui. \u0160ie i\u0161gyvenimui skirti audros degtukai yra patvirtinti NATO ir supakuoti \u012f vandeniui atspar\u0173 d\u0117kl\u0105 su 25 degtukais bei 3 braukiamaisiais pavir\u0161iais (vienas j\u0173 apsaugotas nuo dr\u0117gm\u0117s sandariu dangteliu). M\u016bs\u0173 i\u0161gyvenimo degtukai yra rankomis mirkyti ir lakuoti auk\u0161tos kokyb\u0117s gaminiai, tinkami viskam \u2013 nuo romanti\u0161kos vakarien\u0117s \u017evaki\u0173 iki stovyklaviet\u0117s ap\u0161vietimo.   <\/p>\n<p>Kitus turizmo reikmenis ap\u017ei\u016br\u0117k <a href=\"https:\/\/toidupakk.ee\/lt\/tootekategooria\/zygio-iranga\/#section-3-79\">\u010cIA<\/a><\/p>\n<p>Domina \u017eygio maistas? \u017di\u016br\u0117k <a href=\"\/?product_cat=snakk#section-3-79\">\u010cIA<\/a><\/p>\n<p>Pasisemk \u012fkv\u0117pimo kitiems nuotykiams Toidupakk <a href=\"https:\/\/www.instagram.com\/toidupakk\/\">Instagram<\/a> ir <a href=\"https:\/\/www.facebook.com\/Toidupakk\/\">Facebook<\/a> paskyrose.<\/p>\n","protected":false},"excerpt":{"rendered":"<p>Audros degtukai (atspar\u016bs v\u0117jui ir vandeniui), skirti naudoti prastu oru, kai \u012fprasti degtukai d\u0117l dr\u0117gm\u0117s ar stipraus v\u0117jo gali tapti netinkami naudoti.<\/p>\n<ul>\n<li>Audros degtukai dega net v\u0117juotoje ir dr\u0117gnoje aplinkoje<\/li>\n<li>Degtuko galvut\u0117 dega iki 10 sekund\u017ei\u0173<\/li>\n<li>Degtukai rankomis padengti specialiu vandeniui atspariu laku<\/li>\n<li>Vandeniui atspariame d\u0117kle \u2013 25 audros degtukai<\/li>\n<li>Ant d\u0117klo yra 3 skirtingi braukiamieji pavir\u0161iai<\/li>\n<li>D\u0117kle taip pat yra vatos gabal\u0117lis ugniai u\u017ekurti<\/li>\n<li>Patvirtinta NATO, NSN: 9920-99-966-9432<\/li>\n<\/ul>\n<p>\u2705 Turime sand\u0117lyje, greitas pristatymas per 1\u20133 darbo dienas<\/p>\n","protected":false},"featured_media":46865,"comment_status":"open","ping_status":"closed","template":"","meta":{"_acf_changed":false},"product_brand":[],"product_cat":[269,189,190],"product_tag":[],"class_list":{"0":"post-46839","1":"product","2":"type-product","3":"status-publish","4":"has-post-thumbnail","6":"product_cat-siluma","7":"product_cat-zygio-iranga","8":"product_cat-zygio-prekes","10":"first","11":"onbackorder","12":"taxable","13":"shipping-taxable","14":"purchasable","15":"product-type-simple"},"bundled_by":[],"bundle_stock_status":"onbackorder","bundle_stock_quantity":-1,"bundle_virtual":false,"bundle_layout":"","bundle_add_to_cart_form_location":"","bundle_editable_in_cart":false,"bundle_sold_individually_context":"","bundle_item_grouping":"","bundle_min_size":"","bundle_max_size":"","bundle_price":[],"bundled_items":[],"bundle_sell_ids":[],"acf":[],"yoast_head":"<!-- This site is optimized with the Yoast SEO plugin v27.1.1 - https:\/\/yoast.com\/product\/yoast-seo-wordpress\/ -->\n<title>Audros degtukai (atspar\u016bs v\u0117jui ir vandeniui)<\/title>\n<meta name=\"description\" content=\"Audros degtukai (atspar\u016bs v\u0117jui ir vandeniui), skirti naudoti prastu oru, kai \u012fprasti degtukai gali sugesti nuo dr\u0117gm\u0117s.\" \/>\n<meta name=\"robots\" content=\"index, follow, max-snippet:-1, max-image-preview:large, max-video-preview:-1\" \/>\n<link rel=\"canonical\" href=\"https:\/\/toidupakk.ee\/lt\/toode\/audros-degtukai-atsparus-vejui-ir-vandeniui\/\" \/>\n<meta property=\"og:locale\" content=\"lt_LT\" \/>\n<meta property=\"og:type\" content=\"article\" \/>\n<meta property=\"og:title\" content=\"Audros degtukai (atspar\u016bs v\u0117jui ir vandeniui)\" \/>\n<meta property=\"og:description\" content=\"Audros degtukai (atspar\u016bs v\u0117jui ir vandeniui), skirti naudoti prastu oru, kai \u012fprasti degtukai gali sugesti nuo dr\u0117gm\u0117s.\" \/>\n<meta property=\"og:url\" content=\"https:\/\/toidupakk.ee\/lt\/toode\/audros-degtukai-atsparus-vejui-ir-vandeniui\/\" \/>\n<meta property=\"og:site_name\" content=\"Toidupakk.ee - Tactical Foodpack toidupakid\" \/>\n<meta property=\"article:publisher\" content=\"https:\/\/www.facebook.com\/Toidupakk\" \/>\n<meta property=\"article:modified_time\" content=\"2026-04-04T03:00:20+00:00\" \/>\n<meta property=\"og:image\" content=\"https:\/\/toidupakk.ee\/wp-content\/uploads\/2023\/12\/Tormitikud-tuule-ja-veekindlad36.png\" \/>\n\t<meta property=\"og:image:width\" content=\"800\" \/>\n\t<meta property=\"og:image:height\" content=\"800\" \/>\n\t<meta property=\"og:image:type\" content=\"image\/png\" \/>\n<meta name=\"twitter:card\" content=\"summary_large_image\" \/>\n<meta name=\"twitter:label1\" content=\"Est. reading time\" \/>\n\t<meta name=\"twitter:data1\" content=\"1 minut\u0117\" \/>\n<script type=\"application\/ld+json\" class=\"yoast-schema-graph\">{\"@context\":\"https:\/\/schema.org\",\"@graph\":[{\"@type\":\"WebPage\",\"@id\":\"https:\/\/toidupakk.ee\/lt\/toode\/audros-degtukai-atsparus-vejui-ir-vandeniui\/\",\"url\":\"https:\/\/toidupakk.ee\/lt\/toode\/audros-degtukai-atsparus-vejui-ir-vandeniui\/\",\"name\":\"Audros degtukai (atspar\u016bs v\u0117jui ir vandeniui)\",\"isPartOf\":{\"@id\":\"https:\/\/toidupakk.ee\/lt\/#website\"},\"primaryImageOfPage\":{\"@id\":\"https:\/\/toidupakk.ee\/lt\/toode\/audros-degtukai-atsparus-vejui-ir-vandeniui\/#primaryimage\"},\"image\":{\"@id\":\"https:\/\/toidupakk.ee\/lt\/toode\/audros-degtukai-atsparus-vejui-ir-vandeniui\/#primaryimage\"},\"thumbnailUrl\":\"https:\/\/toidupakk.ee\/wp-content\/uploads\/2023\/12\/Tormitikud-tuule-ja-veekindlad36.png\",\"datePublished\":\"2024-01-04T12:57:46+00:00\",\"dateModified\":\"2026-04-04T03:00:20+00:00\",\"description\":\"Audros degtukai (atspar\u016bs v\u0117jui ir vandeniui), skirti naudoti prastu oru, kai \u012fprasti degtukai gali sugesti nuo dr\u0117gm\u0117s.\",\"breadcrumb\":{\"@id\":\"https:\/\/toidupakk.ee\/lt\/toode\/audros-degtukai-atsparus-vejui-ir-vandeniui\/#breadcrumb\"},\"inLanguage\":\"lt-LT\",\"potentialAction\":[{\"@type\":\"ReadAction\",\"target\":[\"https:\/\/toidupakk.ee\/lt\/toode\/audros-degtukai-atsparus-vejui-ir-vandeniui\/\"]}]},{\"@type\":\"ImageObject\",\"inLanguage\":\"lt-LT\",\"@id\":\"https:\/\/toidupakk.ee\/lt\/toode\/audros-degtukai-atsparus-vejui-ir-vandeniui\/#primaryimage\",\"url\":\"https:\/\/toidupakk.ee\/wp-content\/uploads\/2023\/12\/Tormitikud-tuule-ja-veekindlad36.png\",\"contentUrl\":\"https:\/\/toidupakk.ee\/wp-content\/uploads\/2023\/12\/Tormitikud-tuule-ja-veekindlad36.png\",\"width\":800,\"height\":800,\"caption\":\"Audros degtukai (atspar\u016bs v\u0117jui ir vandeniui) 1\"},{\"@type\":\"BreadcrumbList\",\"@id\":\"https:\/\/toidupakk.ee\/lt\/toode\/audros-degtukai-atsparus-vejui-ir-vandeniui\/#breadcrumb\",\"itemListElement\":[{\"@type\":\"ListItem\",\"position\":1,\"name\":\"Avaleht\",\"item\":\"https:\/\/toidupakk.ee\/lt\/\"},{\"@type\":\"ListItem\",\"position\":2,\"name\":\"El. parduotuv\u0117\",\"item\":\"https:\/\/toidupakk.ee\/lt\/el-parduotuve\/\"},{\"@type\":\"ListItem\",\"position\":3,\"name\":\"Audros degtukai (atspar\u016bs v\u0117jui ir vandeniui)\"}]},{\"@type\":\"WebSite\",\"@id\":\"https:\/\/toidupakk.ee\/lt\/#website\",\"url\":\"https:\/\/toidupakk.ee\/lt\/\",\"name\":\"Toidupakk.ee - Tactical Foodpack toidupakid\",\"description\":\"Tactical Foodpack k\u00fclmkuivatatud toidupakid ja matkaeined\",\"publisher\":{\"@id\":\"https:\/\/toidupakk.ee\/lt\/#organization\"},\"potentialAction\":[{\"@type\":\"SearchAction\",\"target\":{\"@type\":\"EntryPoint\",\"urlTemplate\":\"https:\/\/toidupakk.ee\/lt\/?s={search_term_string}\"},\"query-input\":{\"@type\":\"PropertyValueSpecification\",\"valueRequired\":true,\"valueName\":\"search_term_string\"}}],\"inLanguage\":\"lt-LT\"},{\"@type\":\"Organization\",\"@id\":\"https:\/\/toidupakk.ee\/lt\/#organization\",\"name\":\"Tactical Foodpack matkaeined\",\"url\":\"https:\/\/toidupakk.ee\/lt\/\",\"logo\":{\"@type\":\"ImageObject\",\"inLanguage\":\"lt-LT\",\"@id\":\"https:\/\/toidupakk.ee\/lt\/#\/schema\/logo\/image\/\",\"url\":\"https:\/\/toidupakk.ee\/wp-content\/uploads\/2022\/01\/Toidupakk-matkapood-logo-transparent.png\",\"contentUrl\":\"https:\/\/toidupakk.ee\/wp-content\/uploads\/2022\/01\/Toidupakk-matkapood-logo-transparent.png\",\"width\":500,\"height\":500,\"caption\":\"Tactical Foodpack matkaeined\"},\"image\":{\"@id\":\"https:\/\/toidupakk.ee\/lt\/#\/schema\/logo\/image\/\"},\"sameAs\":[\"https:\/\/www.facebook.com\/Toidupakk\",\"https:\/\/www.instagram.com\/toidupakk\/\"]}]}<\/script>\n<!-- \/ Yoast SEO plugin. -->","yoast_head_json":{"title":"Audros degtukai (atspar\u016bs v\u0117jui ir vandeniui)","description":"Audros degtukai (atspar\u016bs v\u0117jui ir vandeniui), skirti naudoti prastu oru, kai \u012fprasti degtukai gali sugesti nuo dr\u0117gm\u0117s.","robots":{"index":"index","follow":"follow","max-snippet":"max-snippet:-1","max-image-preview":"max-image-preview:large","max-video-preview":"max-video-preview:-1"},"canonical":"https:\/\/toidupakk.ee\/lt\/toode\/audros-degtukai-atsparus-vejui-ir-vandeniui\/","og_locale":"lt_LT","og_type":"article","og_title":"Audros degtukai (atspar\u016bs v\u0117jui ir vandeniui)","og_description":"Audros degtukai (atspar\u016bs v\u0117jui ir vandeniui), skirti naudoti prastu oru, kai \u012fprasti degtukai gali sugesti nuo dr\u0117gm\u0117s.","og_url":"https:\/\/toidupakk.ee\/lt\/toode\/audros-degtukai-atsparus-vejui-ir-vandeniui\/","og_site_name":"Toidupakk.ee - Tactical Foodpack toidupakid","article_publisher":"https:\/\/www.facebook.com\/Toidupakk","article_modified_time":"2026-04-04T03:00:20+00:00","og_image":[{"width":800,"height":800,"url":"https:\/\/toidupakk.ee\/wp-content\/uploads\/2023\/12\/Tormitikud-tuule-ja-veekindlad36.png","type":"image\/png"}],"twitter_card":"summary_large_image","twitter_misc":{"Est. reading time":"1 minut\u0117"},"schema":{"@context":"https:\/\/schema.org","@graph":[{"@type":"WebPage","@id":"https:\/\/toidupakk.ee\/lt\/toode\/audros-degtukai-atsparus-vejui-ir-vandeniui\/","url":"https:\/\/toidupakk.ee\/lt\/toode\/audros-degtukai-atsparus-vejui-ir-vandeniui\/","name":"Audros degtukai (atspar\u016bs v\u0117jui ir vandeniui)","isPartOf":{"@id":"https:\/\/toidupakk.ee\/lt\/#website"},"primaryImageOfPage":{"@id":"https:\/\/toidupakk.ee\/lt\/toode\/audros-degtukai-atsparus-vejui-ir-vandeniui\/#primaryimage"},"image":{"@id":"https:\/\/toidupakk.ee\/lt\/toode\/audros-degtukai-atsparus-vejui-ir-vandeniui\/#primaryimage"},"thumbnailUrl":"https:\/\/toidupakk.ee\/wp-content\/uploads\/2023\/12\/Tormitikud-tuule-ja-veekindlad36.png","datePublished":"2024-01-04T12:57:46+00:00","dateModified":"2026-04-04T03:00:20+00:00","description":"Audros degtukai (atspar\u016bs v\u0117jui ir vandeniui), skirti naudoti prastu oru, kai \u012fprasti degtukai gali sugesti nuo dr\u0117gm\u0117s.","breadcrumb":{"@id":"https:\/\/toidupakk.ee\/lt\/toode\/audros-degtukai-atsparus-vejui-ir-vandeniui\/#breadcrumb"},"inLanguage":"lt-LT","potentialAction":[{"@type":"ReadAction","target":["https:\/\/toidupakk.ee\/lt\/toode\/audros-degtukai-atsparus-vejui-ir-vandeniui\/"]}]},{"@type":"ImageObject","inLanguage":"lt-LT","@id":"https:\/\/toidupakk.ee\/lt\/toode\/audros-degtukai-atsparus-vejui-ir-vandeniui\/#primaryimage","url":"https:\/\/toidupakk.ee\/wp-content\/uploads\/2023\/12\/Tormitikud-tuule-ja-veekindlad36.png","contentUrl":"https:\/\/toidupakk.ee\/wp-content\/uploads\/2023\/12\/Tormitikud-tuule-ja-veekindlad36.png","width":800,"height":800,"caption":"Audros degtukai (atspar\u016bs v\u0117jui ir vandeniui) 1"},{"@type":"BreadcrumbList","@id":"https:\/\/toidupakk.ee\/lt\/toode\/audros-degtukai-atsparus-vejui-ir-vandeniui\/#breadcrumb","itemListElement":[{"@type":"ListItem","position":1,"name":"Avaleht","item":"https:\/\/toidupakk.ee\/lt\/"},{"@type":"ListItem","position":2,"name":"El. parduotuv\u0117","item":"https:\/\/toidupakk.ee\/lt\/el-parduotuve\/"},{"@type":"ListItem","position":3,"name":"Audros degtukai (atspar\u016bs v\u0117jui ir vandeniui)"}]},{"@type":"WebSite","@id":"https:\/\/toidupakk.ee\/lt\/#website","url":"https:\/\/toidupakk.ee\/lt\/","name":"Toidupakk.ee - Tactical Foodpack toidupakid","description":"Tactical Foodpack k\u00fclmkuivatatud toidupakid ja matkaeined","publisher":{"@id":"https:\/\/toidupakk.ee\/lt\/#organization"},"potentialAction":[{"@type":"SearchAction","target":{"@type":"EntryPoint","urlTemplate":"https:\/\/toidupakk.ee\/lt\/?s={search_term_string}"},"query-input":{"@type":"PropertyValueSpecification","valueRequired":true,"valueName":"search_term_string"}}],"inLanguage":"lt-LT"},{"@type":"Organization","@id":"https:\/\/toidupakk.ee\/lt\/#organization","name":"Tactical Foodpack matkaeined","url":"https:\/\/toidupakk.ee\/lt\/","logo":{"@type":"ImageObject","inLanguage":"lt-LT","@id":"https:\/\/toidupakk.ee\/lt\/#\/schema\/logo\/image\/","url":"https:\/\/toidupakk.ee\/wp-content\/uploads\/2022\/01\/Toidupakk-matkapood-logo-transparent.png","contentUrl":"https:\/\/toidupakk.ee\/wp-content\/uploads\/2022\/01\/Toidupakk-matkapood-logo-transparent.png","width":500,"height":500,"caption":"Tactical Foodpack matkaeined"},"image":{"@id":"https:\/\/toidupakk.ee\/lt\/#\/schema\/logo\/image\/"},"sameAs":["https:\/\/www.facebook.com\/Toidupakk","https:\/\/www.instagram.com\/toidupakk\/"]}]}},"jetpack_sharing_enabled":true,"_links":{"self":[{"href":"https:\/\/toidupakk.ee\/lt\/wp-json\/wp\/v2\/product\/46839","targetHints":{"allow":["GET"]}}],"collection":[{"href":"https:\/\/toidupakk.ee\/lt\/wp-json\/wp\/v2\/product"}],"about":[{"href":"https:\/\/toidupakk.ee\/lt\/wp-json\/wp\/v2\/types\/product"}],"replies":[{"embeddable":true,"href":"https:\/\/toidupakk.ee\/lt\/wp-json\/wp\/v2\/comments?post=46839"}],"wp:featuredmedia":[{"embeddable":true,"href":"https:\/\/toidupakk.ee\/lt\/wp-json\/wp\/v2\/media\/46865"}],"wp:attachment":[{"href":"https:\/\/toidupakk.ee\/lt\/wp-json\/wp\/v2\/media?parent=46839"}],"wp:term":[{"taxonomy":"product_brand","embeddable":true,"href":"https:\/\/toidupakk.ee\/lt\/wp-json\/wp\/v2\/product_brand?post=46839"},{"taxonomy":"product_cat","embeddable":true,"href":"https:\/\/toidupakk.ee\/lt\/wp-json\/wp\/v2\/product_cat?post=46839"},{"taxonomy":"product_tag","embeddable":true,"href":"https:\/\/toidupakk.ee\/lt\/wp-json\/wp\/v2\/product_tag?post=46839"}],"curies":[{"name":"wp","href":"https:\/\/api.w.org\/{rel}","templated":true}]}}