{"id":46829,"date":"2024-09-17T15:12:12","date_gmt":"2024-09-17T12:12:12","guid":{"rendered":"https:\/\/toidupakk.ee\/toode\/isorine-baterija-chargemaster-pro-6-in-1\/"},"modified":"2026-04-04T00:01:49","modified_gmt":"2026-04-03T21:01:49","slug":"isorine-baterija-chargemaster-pro-6-in-1","status":"publish","type":"product","link":"https:\/\/toidupakk.ee\/lt\/toode\/isorine-baterija-chargemaster-pro-6-in-1\/","title":{"rendered":"I\u0161orin\u0117 baterija \u201eChargeMaster PRO 6-in-1\u201c"},"content":{"rendered":"<h1><img fetchpriority=\"high\" decoding=\"async\" class=\"alignnone wp-image-27068 size-full\" src=\"https:\/\/toidupakk.ee\/wp-content\/uploads\/2024\/09\/Akupank-reisimiseks-ChargeMaster-PRO-3.png\" alt=\"I\u0161orin\u0117 baterija \u201eChargeMaster PRO 6-in-1\u201c\" width=\"500\" height=\"1000\" srcset=\"https:\/\/toidupakk.ee\/wp-content\/uploads\/2024\/09\/Akupank-reisimiseks-ChargeMaster-PRO-3.png 500w, https:\/\/toidupakk.ee\/wp-content\/uploads\/2024\/09\/Akupank-reisimiseks-ChargeMaster-PRO-3-150x300.png 150w\" sizes=\"(max-width: 500px) 100vw, 500px\" \/><\/h1>\n<h1>I\u0161orin\u0117 baterija \u201eChargeMaster PRO 6-in-1\u201c \u2013 universalus kelioni\u0173 palydovas<\/h1>\n<h3>Kam tai skirta?<\/h3>\n<p>\u201eChargeMaster PRO 6-in-1\u201c i\u0161orin\u0117 baterija skirta tiems, kurie nuolat juda \u2013 nuo tarptautini\u0173 keliautoj\u0173 iki \u017eygeivi\u0173 ir verslinink\u0173. Ji u\u017etikrina galing\u0105 ir patikim\u0105 \u012fkrovim\u0105 bet kur ir bet kokiomis aplinkyb\u0117mis, tod\u0117l nereikia ne\u0161iotis keli\u0173 \u012frengini\u0173. <\/p>\n<hr>\n<h3><img decoding=\"async\" class=\"alignnone wp-image-27066 size-full\" src=\"https:\/\/toidupakk.ee\/wp-content\/uploads\/2024\/09\/Akupank-reisimiseks-ChargeMaster-PRO-1.png\" alt=\"I\u0161orin\u0117 baterija kelion\u0117ms\" width=\"500\" height=\"1000\" srcset=\"https:\/\/toidupakk.ee\/wp-content\/uploads\/2024\/09\/Akupank-reisimiseks-ChargeMaster-PRO-1.png 500w, https:\/\/toidupakk.ee\/wp-content\/uploads\/2024\/09\/Akupank-reisimiseks-ChargeMaster-PRO-1-150x300.png 150w\" sizes=\"(max-width: 500px) 100vw, 500px\" \/><\/h3>\n<h3>Produkto savyb\u0117s<\/h3>\n<h4><strong>1. Universal\u016bs ki\u0161tukai \u2013 naudojimui visame pasaulyje<\/strong><\/h4>\n<p>\u201eChargeMaster PRO 6-in-1\u201c i\u0161orin\u0117je baterijoje yra integruoti AC ki\u0161tukai, atitinkantys JAV, Europos, Australijos ir kit\u0173 \u0161ali\u0173 standartus. Tau niekada nereik\u0117s jaudintis, kad \u012frenginys liks ne\u012fkrautas, kad ir kur keliautum. <\/p>\n<h4><strong>2. Magnetinis belaidis \u012fkrovimas ir telefono laikiklis<\/strong><\/h4>\n<p>Magnetinis belaidis \u012fkrovimas, skirtas \u201eMagSafe\u201c palaikantiems \u012frenginiams, u\u017etikrina patog\u0173 ir greit\u0105 \u012fkrovim\u0105. Be to, baterija veikia ir kaip telefono laikiklis, leid\u017eiantis \u017ei\u016br\u0117ti vaizd\u0105 laisvomis rankomis, kol telefonas kraunamas. <\/p>\n<h4><strong>3. Greitas ir efektyvus \u012fkrovimas<\/strong><\/h4>\n<p>\u201eChargeMaster PRO\u201c palaiko QC3.0 ir PD3.0 greit\u0105j\u012f \u012fkrovim\u0105, tod\u0117l savo \u012frenginius \u012fkrausi greitai ir efektyviai. Ji taip pat palaiko \u201eiWatch\u201c ir belaid\u012f ausini\u0173 \u012fkrovim\u0105. <\/p>\n<h4><strong>4. Integruotas laidas ir LED ekranas<\/strong><\/h4>\n<p>Integruotas laidas u\u017etikrina, kad visada tur\u0117tum tinkam\u0105 jungt\u012f, o LED ekranas rodo tiksl\u0173 baterijos lyg\u012f ir \u012fkrovimo b\u016bsen\u0105.<\/p>\n<hr>\n<h3><img decoding=\"async\" class=\"alignnone size-full wp-image-27067\" src=\"https:\/\/toidupakk.ee\/wp-content\/uploads\/2024\/09\/Akupank-reisimiseks-ChargeMaster-PRO-2.png\" alt=\"\" width=\"500\" height=\"1000\" srcset=\"https:\/\/toidupakk.ee\/wp-content\/uploads\/2024\/09\/Akupank-reisimiseks-ChargeMaster-PRO-2.png 500w, https:\/\/toidupakk.ee\/wp-content\/uploads\/2024\/09\/Akupank-reisimiseks-ChargeMaster-PRO-2-150x300.png 150w\" sizes=\"(max-width: 500px) 100vw, 500px\" \/><\/h3>\n<h2>\u201eChargeMaster PRO 6-in-1\u201c techniniai duomenys<\/h2>\n<ul>\n<li><strong>Talpa:<\/strong> 15 000 mAh (3.7V 55.5Wh +-5%)<\/li>\n<li><strong>I\u0161vesties galia:<\/strong> USB-A Output QC3.0\/SPC 22.5W; Type-C Output 20W; USB-C Input 18W<\/li>\n<li><strong>Belaidis \u012fkrovimas:<\/strong> Magsafe Wireless Output 5W\/7.5W\/10W\/15W15W.<\/li>\n<li><strong>\u201eApple Watch\u201c belaidis \u012fkrovimas:<\/strong> 2W<\/li>\n<li><strong>\u012ekrovimo lizdai:<\/strong> Type-C, USB, AC \u012fvestis \/ i\u0161vestis<\/li>\n<li><strong>Med\u017eiaga:<\/strong> ABS + PVC \u2013 patvari ir lengva<\/li>\n<li><strong>Svoris:<\/strong> 280g<\/li>\n<li><strong>Matmenys<\/strong>: 85x85x33mm<\/li>\n<li><strong>Palaikymas:<\/strong> PD22.5W, QC3.0, iWatch, MagSafe<\/li>\n<li><strong>Garantija:<\/strong> 1 metai<\/li>\n<li><strong>Sertifikatai:<\/strong> CE\/FCC\/RoHS\/MSDS\/UN38.3\/PSE<\/li>\n<\/ul>\n<p><img loading=\"lazy\" decoding=\"async\" class=\"alignnone wp-image-5408\" src=\"https:\/\/toidupakk.ee\/wp-content\/uploads\/2023\/01\/ce-mark.png\" alt=\"CE sertifikatas\" width=\"100\" height=\"100\" srcset=\"https:\/\/toidupakk.ee\/wp-content\/uploads\/2023\/01\/ce-mark.png 200w, https:\/\/toidupakk.ee\/wp-content\/uploads\/2023\/01\/ce-mark-100x100.png 100w\" sizes=\"(max-width: 100px) 100vw, 100px\" \/><\/p>\n<p>CE atitikties \u017eenklas yra gamintojo patvirtinimas, kad gaminys atitinka jam taikom\u0173 Europos Komisijos direktyv\u0173 reikalavimus.<\/p>\n<hr>\n<h3>Kod\u0117l verta rinktis \u201eChargeMaster PRO 6-in-1\u201c?<\/h3>\n<p><strong>\u201eChargeMaster PRO 6-in-1\u201c<\/strong> yra geriausias palydovas visiems, vertinantiems greit\u012f, patogum\u0105 ir universalum\u0105. Vienas \u012frenginys, galintis \u012fkrauti kelis prietaisus vienu metu, kartu atliekantis telefono laikiklio funkcij\u0105 ir turintis belaid\u017eio \u012fkrovimo galimyb\u0119. Nesvarbu, ar esi mieste, ar gamtoje \u2013 \u201eChargeMaster PRO\u201c u\u017etikrins, kad tavo \u012frenginiai visada b\u016bt\u0173 paruo\u0161ti naudoti.  <\/p>\n<p><iframe title=\"YouTube vaizdo grotuvas\" src=\"https:\/\/www.youtube.com\/embed\/-_hFZvQnusc\" width=\"560\" height=\"315\" frameborder=\"0\" allowfullscreen=\"allowfullscreen\"><\/iframe><\/p>\n<hr>\n<p>Visas i\u0161orines baterijas rasi <a href=\"https:\/\/toidupakk.ee\/lt\/tootekategooria\/isoriniai-akumuliatoriai\/\">\u010cIA<\/a><\/p>\n<p>O gal domiesi \u017eygio maistu? \u017di\u016br\u0117k <a href=\"https:\/\/toidupakk.ee\/lt\/tootekategooria\/pagrindiniai-patiekalai\/\">\u010cIA<\/a><\/p>\n<p>Pasisemk \u012fkv\u0117pimo kitiems nuotykiams \u201eToidupakk\u201c <a href=\"https:\/\/www.instagram.com\/toidupakk\/\">Instagram<\/a> ir <a href=\"https:\/\/www.facebook.com\/Toidupakk\/\">Facebook<\/a> paskyrose.<\/p>\n","protected":false},"excerpt":{"rendered":"<p><strong>I\u0161orin\u0117 baterija \u201eChargeMaster PRO 6-in-1\u201c<\/strong> yra patogus sprendimas greitam ir lengvam elektronini\u0173 prietais\u0173 \u012fkrovimui tiek namuose, tiek kelion\u0117je. Tai 15 000 mAh baterija, kuri kartu yra ir universalus adapteris, tinkantis Europos, JAV \/ Kanados, JK bei Australijos elektros lizdams. \u0160i kompakti\u0161ka ir universali baterija viename \u012frenginyje sujungia belaid\u012f \u201eMagSafe\u201c \u012fkrovim\u0105, \u012fkrovim\u0105 integruotais laidais ir AC ki\u0161tuk\u0105. D\u0117l universali\u0173 ki\u0161tuk\u0173 ir galingos 15 000 mAh talpos \u201eChargeMaster PRO\u201c yra idealus pasirinkimas pasaulio keliautojams ir vertinantiems funkcionalum\u0105.   <\/p>\n<ul>\n<li><strong>Talpa:<\/strong> 15 000 mAh \u2013 pakanka kelis kartus pilnai \u012fkrauti vidutin\u012f i\u0161man\u0173j\u012f telefon\u0105.<\/li>\n<li><strong>Greitasis \u012fkrovimas:<\/strong> palaiko PD22.5W ir QC3.0, u\u017etikrinant optimal\u0173 \u012fkrovimo greit\u012f.<\/li>\n<li><strong>Belaidis \u012fkrovimas:<\/strong> 15W magnetinis belaidis \u012fkrovimas, idealiai tinkantis \u201eMagSafe\u201c \u012frenginiams.<\/li>\n<li><strong>Belaidis \u012fkrovimas laikrod\u017eiams ir ausin\u0117ms:<\/strong> palaiko \u201eiWatch\u201c ir tam tikr\u0173 belaid\u017ei\u0173 ausini\u0173 \u012fkrovim\u0105.<\/li>\n<li><strong>Integruotas AC ki\u0161tukas:<\/strong> kompakti\u0161kas ir prakti\u0161kas sprendimas, leid\u017eiantis prijungti \u012frenginius tiesiai prie tinklo.<\/li>\n<li><strong>LED ekranas:<\/strong> rodo tiksl\u0173 baterijos lyg\u012f, kad visada \u017einotum situacij\u0105.<\/li>\n<li><strong>Lengva ir kompakti\u0161ka:<\/strong> sveria tik 380g \u2013 idealus palydovas keliaujant.<\/li>\n<li><strong>Keli\u0173 \u0161ali\u0173 ki\u0161tukai:<\/strong> tinka naudoti pagal JAV, Europos, Australijos ir kit\u0173 region\u0173 standartus.<\/li>\n<li><strong>Spalv\u0173 pasirinkimas:<\/strong> balta ir juoda<\/li>\n<\/ul>\n<p>\u2705 Turime sand\u0117lyje, greitas pristatymas per 1\u20133 d. d.<br \/>\n\u2705 Pirk dabar, mok\u0117k v\u0117liau (pal\u016bkanos 0 %)<\/p>\n","protected":false},"featured_media":27059,"comment_status":"open","ping_status":"closed","template":"","meta":{"_acf_changed":false},"product_brand":[],"product_cat":[207,243,189,190],"product_tag":[],"class_list":{"0":"post-46829","1":"product","2":"type-product","3":"status-publish","4":"has-post-thumbnail","6":"product_cat-elektronika","7":"product_cat-isoriniai-akumuliatoriai","8":"product_cat-zygio-iranga","9":"product_cat-zygio-prekes","11":"first","12":"instock","13":"sale","14":"taxable","15":"shipping-taxable","16":"purchasable","17":"product-type-variable","18":"has-default-attributes"},"bundled_by":[],"bundle_stock_status":"instock","bundle_stock_quantity":null,"bundle_virtual":false,"bundle_layout":"","bundle_add_to_cart_form_location":"","bundle_editable_in_cart":false,"bundle_sold_individually_context":"","bundle_item_grouping":"","bundle_min_size":"","bundle_max_size":"","bundle_price":[],"bundled_items":[],"bundle_sell_ids":[],"acf":[],"yoast_head":"<!-- This site is optimized with the Yoast SEO plugin v27.1.1 - https:\/\/yoast.com\/product\/yoast-seo-wordpress\/ -->\n<title>I\u0161orin\u0117 baterija \u201eChargeMaster PRO 6-in-1\u201c<\/title>\n<meta name=\"description\" content=\"I\u0161orin\u0117 baterija \u012frenginiams \u012fkrauti tiek namuose, tiek kelion\u0117je. 15 000 mAh baterija kartu yra ir universalus adapteris \u012frenginiams \u012fkrauti naudojant EU \/ JAV \/ JK \/ AU ki\u0161tukus.\" \/>\n<meta name=\"robots\" content=\"index, follow, max-snippet:-1, max-image-preview:large, max-video-preview:-1\" \/>\n<link rel=\"canonical\" href=\"https:\/\/toidupakk.ee\/lt\/toode\/isorine-baterija-chargemaster-pro-6-in-1\/\" \/>\n<meta property=\"og:locale\" content=\"lt_LT\" \/>\n<meta property=\"og:type\" content=\"article\" \/>\n<meta property=\"og:title\" content=\"I\u0161orin\u0117 baterija \u201eChargeMaster PRO 6-in-1\u201c\" \/>\n<meta property=\"og:description\" content=\"I\u0161orin\u0117 baterija \u012frenginiams \u012fkrauti tiek namuose, tiek kelion\u0117je. 15 000 mAh baterija kartu yra ir universalus adapteris \u012frenginiams \u012fkrauti naudojant EU \/ JAV \/ JK \/ AU ki\u0161tukus.\" \/>\n<meta property=\"og:url\" content=\"https:\/\/toidupakk.ee\/lt\/toode\/isorine-baterija-chargemaster-pro-6-in-1\/\" \/>\n<meta property=\"og:site_name\" content=\"Toidupakk.ee - Tactical Foodpack toidupakid\" \/>\n<meta property=\"article:publisher\" content=\"https:\/\/www.facebook.com\/Toidupakk\" \/>\n<meta property=\"article:modified_time\" content=\"2026-04-03T21:01:49+00:00\" \/>\n<meta property=\"og:image\" content=\"https:\/\/toidupakk.ee\/wp-content\/uploads\/2024\/09\/Akupank-ChargeMaster-PRO-universaalne-6-in-1-1.png\" \/>\n\t<meta property=\"og:image:width\" content=\"500\" \/>\n\t<meta property=\"og:image:height\" content=\"500\" \/>\n\t<meta property=\"og:image:type\" content=\"image\/png\" \/>\n<meta name=\"twitter:card\" content=\"summary_large_image\" \/>\n<meta name=\"twitter:label1\" content=\"Est. reading time\" \/>\n\t<meta name=\"twitter:data1\" content=\"2 minut\u0117s\" \/>\n<script type=\"application\/ld+json\" class=\"yoast-schema-graph\">{\"@context\":\"https:\/\/schema.org\",\"@graph\":[{\"@type\":\"WebPage\",\"@id\":\"https:\/\/toidupakk.ee\/lt\/toode\/isorine-baterija-chargemaster-pro-6-in-1\/\",\"url\":\"https:\/\/toidupakk.ee\/lt\/toode\/isorine-baterija-chargemaster-pro-6-in-1\/\",\"name\":\"I\u0161orin\u0117 baterija \u201eChargeMaster PRO 6-in-1\u201c\",\"isPartOf\":{\"@id\":\"https:\/\/toidupakk.ee\/lt\/#website\"},\"primaryImageOfPage\":{\"@id\":\"https:\/\/toidupakk.ee\/lt\/toode\/isorine-baterija-chargemaster-pro-6-in-1\/#primaryimage\"},\"image\":{\"@id\":\"https:\/\/toidupakk.ee\/lt\/toode\/isorine-baterija-chargemaster-pro-6-in-1\/#primaryimage\"},\"thumbnailUrl\":\"https:\/\/toidupakk.ee\/wp-content\/uploads\/2024\/09\/Akupank-ChargeMaster-PRO-universaalne-6-in-1-1.png\",\"datePublished\":\"2024-09-17T12:12:12+00:00\",\"dateModified\":\"2026-04-03T21:01:49+00:00\",\"description\":\"I\u0161orin\u0117 baterija \u012frenginiams \u012fkrauti tiek namuose, tiek kelion\u0117je. 15 000 mAh baterija kartu yra ir universalus adapteris \u012frenginiams \u012fkrauti naudojant EU \/ JAV \/ JK \/ AU ki\u0161tukus.\",\"breadcrumb\":{\"@id\":\"https:\/\/toidupakk.ee\/lt\/toode\/isorine-baterija-chargemaster-pro-6-in-1\/#breadcrumb\"},\"inLanguage\":\"lt-LT\",\"potentialAction\":[{\"@type\":\"ReadAction\",\"target\":[\"https:\/\/toidupakk.ee\/lt\/toode\/isorine-baterija-chargemaster-pro-6-in-1\/\"]}]},{\"@type\":\"ImageObject\",\"inLanguage\":\"lt-LT\",\"@id\":\"https:\/\/toidupakk.ee\/lt\/toode\/isorine-baterija-chargemaster-pro-6-in-1\/#primaryimage\",\"url\":\"https:\/\/toidupakk.ee\/wp-content\/uploads\/2024\/09\/Akupank-ChargeMaster-PRO-universaalne-6-in-1-1.png\",\"contentUrl\":\"https:\/\/toidupakk.ee\/wp-content\/uploads\/2024\/09\/Akupank-ChargeMaster-PRO-universaalne-6-in-1-1.png\",\"width\":500,\"height\":500,\"caption\":\"reisi akupank\"},{\"@type\":\"BreadcrumbList\",\"@id\":\"https:\/\/toidupakk.ee\/lt\/toode\/isorine-baterija-chargemaster-pro-6-in-1\/#breadcrumb\",\"itemListElement\":[{\"@type\":\"ListItem\",\"position\":1,\"name\":\"Avaleht\",\"item\":\"https:\/\/toidupakk.ee\/lt\/\"},{\"@type\":\"ListItem\",\"position\":2,\"name\":\"El. parduotuv\u0117\",\"item\":\"https:\/\/toidupakk.ee\/lt\/el-parduotuve\/\"},{\"@type\":\"ListItem\",\"position\":3,\"name\":\"I\u0161orin\u0117 baterija \u201eChargeMaster PRO 6-in-1\u201c\"}]},{\"@type\":\"WebSite\",\"@id\":\"https:\/\/toidupakk.ee\/lt\/#website\",\"url\":\"https:\/\/toidupakk.ee\/lt\/\",\"name\":\"Toidupakk.ee - Tactical Foodpack toidupakid\",\"description\":\"Tactical Foodpack k\u00fclmkuivatatud toidupakid ja matkaeined\",\"publisher\":{\"@id\":\"https:\/\/toidupakk.ee\/lt\/#organization\"},\"potentialAction\":[{\"@type\":\"SearchAction\",\"target\":{\"@type\":\"EntryPoint\",\"urlTemplate\":\"https:\/\/toidupakk.ee\/lt\/?s={search_term_string}\"},\"query-input\":{\"@type\":\"PropertyValueSpecification\",\"valueRequired\":true,\"valueName\":\"search_term_string\"}}],\"inLanguage\":\"lt-LT\"},{\"@type\":\"Organization\",\"@id\":\"https:\/\/toidupakk.ee\/lt\/#organization\",\"name\":\"Tactical Foodpack matkaeined\",\"url\":\"https:\/\/toidupakk.ee\/lt\/\",\"logo\":{\"@type\":\"ImageObject\",\"inLanguage\":\"lt-LT\",\"@id\":\"https:\/\/toidupakk.ee\/lt\/#\/schema\/logo\/image\/\",\"url\":\"https:\/\/toidupakk.ee\/wp-content\/uploads\/2022\/01\/Toidupakk-matkapood-logo-transparent.png\",\"contentUrl\":\"https:\/\/toidupakk.ee\/wp-content\/uploads\/2022\/01\/Toidupakk-matkapood-logo-transparent.png\",\"width\":500,\"height\":500,\"caption\":\"Tactical Foodpack matkaeined\"},\"image\":{\"@id\":\"https:\/\/toidupakk.ee\/lt\/#\/schema\/logo\/image\/\"},\"sameAs\":[\"https:\/\/www.facebook.com\/Toidupakk\",\"https:\/\/www.instagram.com\/toidupakk\/\"]}]}<\/script>\n<!-- \/ Yoast SEO plugin. -->","yoast_head_json":{"title":"I\u0161orin\u0117 baterija \u201eChargeMaster PRO 6-in-1\u201c","description":"I\u0161orin\u0117 baterija \u012frenginiams \u012fkrauti tiek namuose, tiek kelion\u0117je. 15 000 mAh baterija kartu yra ir universalus adapteris \u012frenginiams \u012fkrauti naudojant EU \/ JAV \/ JK \/ AU ki\u0161tukus.","robots":{"index":"index","follow":"follow","max-snippet":"max-snippet:-1","max-image-preview":"max-image-preview:large","max-video-preview":"max-video-preview:-1"},"canonical":"https:\/\/toidupakk.ee\/lt\/toode\/isorine-baterija-chargemaster-pro-6-in-1\/","og_locale":"lt_LT","og_type":"article","og_title":"I\u0161orin\u0117 baterija \u201eChargeMaster PRO 6-in-1\u201c","og_description":"I\u0161orin\u0117 baterija \u012frenginiams \u012fkrauti tiek namuose, tiek kelion\u0117je. 15 000 mAh baterija kartu yra ir universalus adapteris \u012frenginiams \u012fkrauti naudojant EU \/ JAV \/ JK \/ AU ki\u0161tukus.","og_url":"https:\/\/toidupakk.ee\/lt\/toode\/isorine-baterija-chargemaster-pro-6-in-1\/","og_site_name":"Toidupakk.ee - Tactical Foodpack toidupakid","article_publisher":"https:\/\/www.facebook.com\/Toidupakk","article_modified_time":"2026-04-03T21:01:49+00:00","og_image":[{"width":500,"height":500,"url":"https:\/\/toidupakk.ee\/wp-content\/uploads\/2024\/09\/Akupank-ChargeMaster-PRO-universaalne-6-in-1-1.png","type":"image\/png"}],"twitter_card":"summary_large_image","twitter_misc":{"Est. reading time":"2 minut\u0117s"},"schema":{"@context":"https:\/\/schema.org","@graph":[{"@type":"WebPage","@id":"https:\/\/toidupakk.ee\/lt\/toode\/isorine-baterija-chargemaster-pro-6-in-1\/","url":"https:\/\/toidupakk.ee\/lt\/toode\/isorine-baterija-chargemaster-pro-6-in-1\/","name":"I\u0161orin\u0117 baterija \u201eChargeMaster PRO 6-in-1\u201c","isPartOf":{"@id":"https:\/\/toidupakk.ee\/lt\/#website"},"primaryImageOfPage":{"@id":"https:\/\/toidupakk.ee\/lt\/toode\/isorine-baterija-chargemaster-pro-6-in-1\/#primaryimage"},"image":{"@id":"https:\/\/toidupakk.ee\/lt\/toode\/isorine-baterija-chargemaster-pro-6-in-1\/#primaryimage"},"thumbnailUrl":"https:\/\/toidupakk.ee\/wp-content\/uploads\/2024\/09\/Akupank-ChargeMaster-PRO-universaalne-6-in-1-1.png","datePublished":"2024-09-17T12:12:12+00:00","dateModified":"2026-04-03T21:01:49+00:00","description":"I\u0161orin\u0117 baterija \u012frenginiams \u012fkrauti tiek namuose, tiek kelion\u0117je. 15 000 mAh baterija kartu yra ir universalus adapteris \u012frenginiams \u012fkrauti naudojant EU \/ JAV \/ JK \/ AU ki\u0161tukus.","breadcrumb":{"@id":"https:\/\/toidupakk.ee\/lt\/toode\/isorine-baterija-chargemaster-pro-6-in-1\/#breadcrumb"},"inLanguage":"lt-LT","potentialAction":[{"@type":"ReadAction","target":["https:\/\/toidupakk.ee\/lt\/toode\/isorine-baterija-chargemaster-pro-6-in-1\/"]}]},{"@type":"ImageObject","inLanguage":"lt-LT","@id":"https:\/\/toidupakk.ee\/lt\/toode\/isorine-baterija-chargemaster-pro-6-in-1\/#primaryimage","url":"https:\/\/toidupakk.ee\/wp-content\/uploads\/2024\/09\/Akupank-ChargeMaster-PRO-universaalne-6-in-1-1.png","contentUrl":"https:\/\/toidupakk.ee\/wp-content\/uploads\/2024\/09\/Akupank-ChargeMaster-PRO-universaalne-6-in-1-1.png","width":500,"height":500,"caption":"reisi akupank"},{"@type":"BreadcrumbList","@id":"https:\/\/toidupakk.ee\/lt\/toode\/isorine-baterija-chargemaster-pro-6-in-1\/#breadcrumb","itemListElement":[{"@type":"ListItem","position":1,"name":"Avaleht","item":"https:\/\/toidupakk.ee\/lt\/"},{"@type":"ListItem","position":2,"name":"El. parduotuv\u0117","item":"https:\/\/toidupakk.ee\/lt\/el-parduotuve\/"},{"@type":"ListItem","position":3,"name":"I\u0161orin\u0117 baterija \u201eChargeMaster PRO 6-in-1\u201c"}]},{"@type":"WebSite","@id":"https:\/\/toidupakk.ee\/lt\/#website","url":"https:\/\/toidupakk.ee\/lt\/","name":"Toidupakk.ee - Tactical Foodpack toidupakid","description":"Tactical Foodpack k\u00fclmkuivatatud toidupakid ja matkaeined","publisher":{"@id":"https:\/\/toidupakk.ee\/lt\/#organization"},"potentialAction":[{"@type":"SearchAction","target":{"@type":"EntryPoint","urlTemplate":"https:\/\/toidupakk.ee\/lt\/?s={search_term_string}"},"query-input":{"@type":"PropertyValueSpecification","valueRequired":true,"valueName":"search_term_string"}}],"inLanguage":"lt-LT"},{"@type":"Organization","@id":"https:\/\/toidupakk.ee\/lt\/#organization","name":"Tactical Foodpack matkaeined","url":"https:\/\/toidupakk.ee\/lt\/","logo":{"@type":"ImageObject","inLanguage":"lt-LT","@id":"https:\/\/toidupakk.ee\/lt\/#\/schema\/logo\/image\/","url":"https:\/\/toidupakk.ee\/wp-content\/uploads\/2022\/01\/Toidupakk-matkapood-logo-transparent.png","contentUrl":"https:\/\/toidupakk.ee\/wp-content\/uploads\/2022\/01\/Toidupakk-matkapood-logo-transparent.png","width":500,"height":500,"caption":"Tactical Foodpack matkaeined"},"image":{"@id":"https:\/\/toidupakk.ee\/lt\/#\/schema\/logo\/image\/"},"sameAs":["https:\/\/www.facebook.com\/Toidupakk","https:\/\/www.instagram.com\/toidupakk\/"]}]}},"jetpack_sharing_enabled":true,"_links":{"self":[{"href":"https:\/\/toidupakk.ee\/lt\/wp-json\/wp\/v2\/product\/46829","targetHints":{"allow":["GET"]}}],"collection":[{"href":"https:\/\/toidupakk.ee\/lt\/wp-json\/wp\/v2\/product"}],"about":[{"href":"https:\/\/toidupakk.ee\/lt\/wp-json\/wp\/v2\/types\/product"}],"replies":[{"embeddable":true,"href":"https:\/\/toidupakk.ee\/lt\/wp-json\/wp\/v2\/comments?post=46829"}],"wp:featuredmedia":[{"embeddable":true,"href":"https:\/\/toidupakk.ee\/lt\/wp-json\/wp\/v2\/media\/27059"}],"wp:attachment":[{"href":"https:\/\/toidupakk.ee\/lt\/wp-json\/wp\/v2\/media?parent=46829"}],"wp:term":[{"taxonomy":"product_brand","embeddable":true,"href":"https:\/\/toidupakk.ee\/lt\/wp-json\/wp\/v2\/product_brand?post=46829"},{"taxonomy":"product_cat","embeddable":true,"href":"https:\/\/toidupakk.ee\/lt\/wp-json\/wp\/v2\/product_cat?post=46829"},{"taxonomy":"product_tag","embeddable":true,"href":"https:\/\/toidupakk.ee\/lt\/wp-json\/wp\/v2\/product_tag?post=46829"}],"curies":[{"name":"wp","href":"https:\/\/api.w.org\/{rel}","templated":true}]}}