{"id":46815,"date":"2024-09-16T15:41:22","date_gmt":"2024-09-16T12:41:22","guid":{"rendered":"https:\/\/toidupakk.ee\/toode\/dantu-valymo-tabletes-fresmy\/"},"modified":"2026-04-04T03:01:48","modified_gmt":"2026-04-04T00:01:48","slug":"dantu-valymo-tabletes-fresmy","status":"publish","type":"product","link":"https:\/\/toidupakk.ee\/lt\/toode\/dantu-valymo-tabletes-fresmy\/","title":{"rendered":"Dant\u0173 valymo tablet\u0117s \u201eFresmy\u201c"},"content":{"rendered":"<h1><img fetchpriority=\"high\" decoding=\"async\" class=\"wp-image-27021 size-thumbnail alignright\" src=\"https:\/\/toidupakk.ee\/wp-content\/uploads\/2024\/09\/fresmy-hambapesutabletid-toidupakk-ee-500x500.jpg\" alt=\"\" width=\"500\" height=\"500\" srcset=\"https:\/\/toidupakk.ee\/wp-content\/uploads\/2024\/09\/fresmy-hambapesutabletid-toidupakk-ee-500x500.jpg 500w, https:\/\/toidupakk.ee\/wp-content\/uploads\/2024\/09\/fresmy-hambapesutabletid-toidupakk-ee-400x400.jpg 400w, https:\/\/toidupakk.ee\/wp-content\/uploads\/2024\/09\/fresmy-hambapesutabletid-toidupakk-ee-100x100.jpg 100w\" sizes=\"(max-width: 500px) 100vw, 500px\" \/><\/h1>\n<h1>Dant\u0173 valymo tablet\u0117s \u2013 itin patogus b\u016bdas valytis dantis ne namuose<\/h1>\n<h2>Patogiai naudojamos dant\u0173 valymo tablet\u0117s yra nat\u016brali alternatyva dant\u0173 pastai<\/h2>\n<p>Dant\u0173 valymo tablet\u0117s yra patogus ir nat\u016bralus sprendimas tiems, kurie m\u0117gsta \u017eygius, kempingus, keliones ar da\u017enai b\u016bna ne namuose. \u0160ios 100 % nat\u016bralios tablet\u0117s yra paprastos naudoti ir supakuotos \u012f ma\u017e\u0105, paranki\u0105 aliuminio d\u0117\u017eut\u0119, tod\u0117l jas lengva ne\u0161iotis su savimi. <\/p>\n<h2>Kaip naudoti dant\u0173 valymo tabletes<\/h2>\n<p>Table\u010di\u0173 naudojimas yra itin paprastas:<\/p>\n<ol>\n<li>Sukramtyk tablet\u0119.<\/li>\n<li>Valyk dantis dr\u0117gnu dant\u0173 \u0161epet\u0117liu.<\/li>\n<li>I\u0161spjauk putas.<\/li>\n<\/ol>\n<p>Po naudojimo rekomenduojama burnos neskalauti, kad tablet\u0117s veikt\u0173 maksimaliai ir suteikt\u0173 did\u017eiausi\u0105 naud\u0105 burnos higienai.<\/p>\n<p><img decoding=\"async\" class=\"alignnone size-thumbnail wp-image-24185\" src=\"https:\/\/toidupakk.ee\/wp-content\/uploads\/2024\/06\/Hambapesutabletid-Fresmy-3-500x500.jpg\" alt=\"Dant\u0173 valymo tablet\u0117s su Sibiro k\u0117niais ir aktyvinta anglimi\" width=\"500\" height=\"500\" srcset=\"https:\/\/toidupakk.ee\/wp-content\/uploads\/2024\/06\/Hambapesutabletid-Fresmy-3-500x500.jpg 500w, https:\/\/toidupakk.ee\/wp-content\/uploads\/2024\/06\/Hambapesutabletid-Fresmy-3-400x400.jpg 400w, https:\/\/toidupakk.ee\/wp-content\/uploads\/2024\/06\/Hambapesutabletid-Fresmy-3-100x100.jpg 100w, https:\/\/toidupakk.ee\/wp-content\/uploads\/2024\/06\/Hambapesutabletid-Fresmy-3-300x300.jpg 300w, https:\/\/toidupakk.ee\/wp-content\/uploads\/2024\/06\/Hambapesutabletid-Fresmy-3-768x768.jpg 768w, https:\/\/toidupakk.ee\/wp-content\/uploads\/2024\/06\/Hambapesutabletid-Fresmy-3.jpg 800w\" sizes=\"(max-width: 500px) 100vw, 500px\" \/><\/p>\n<h2>Keturi\u0173 skirting\u0173 skoni\u0173 dant\u0173 valymo tablet\u0117s<\/h2>\n<h3>Citrin\u0173 skonio tablet\u0117s<\/h3>\n<p>Citrin\u0173 skonio tablet\u0117s pasi\u017eymi r\u016bg\u0161\u010diu ir gaiviu skoniu. J\u0173 sud\u0117tyje yra kalio citrato ir citrin\u0173 aliejaus, kurie padeda palaikyti pH pusiausvyr\u0105, saugo dantis nuo r\u016bg\u0161\u010di\u0173 atak\u0173 ir pasi\u017eymi antimikrobin\u0117mis savyb\u0117mis. Be to, jose yra hidroksiapatito (HAp) \u2013 netoksi\u0161kos alternatyvos fluoridui, padedan\u010dios nat\u016braliai atkurti dant\u0173 emal\u012f.  <\/p>\n<h3>M\u0117t\u0173 skonio tablet\u0117s<\/h3>\n<p>M\u0117t\u0173 skonio tablet\u0117s suteikia burnai gaivumo ir ramyb\u0117s. M\u0117t\u0173 aliejus suteikia raminant\u012f ir gaivinant\u012f skon\u012f, ma\u017eina dant\u0173 jautrum\u0105 bei gerina burnos higien\u0105. \u0160iose tablet\u0117se yra hidroksiapatito (HAp) ir fluorido (1450 ppm), u\u017etikrinan\u010di\u0173 papildom\u0105 apsaug\u0105 ir param\u0105 dantims.  <\/p>\n<h3>Pipirm\u0117\u010di\u0173 skonio tablet\u0117s<\/h3>\n<p>Pipirm\u0117\u010di\u0173 skonio tablet\u0117s suteikia burnai intensyv\u0173 gaivum\u0105 ir energij\u0105. Mentolis suteikia stipr\u0173 ir gaiv\u0173 skon\u012f, ramina ir ma\u017eina dant\u0173 jautrum\u0105 bei \u0161alina kenksmingas bakterijas. Kaip ir kitose tablet\u0117se, \u0161iose yra hidroksiapatito (HAp), kuris padeda nat\u016braliai atkurti dant\u0173 emal\u012f.  <\/p>\n<h3>Tablet\u0117s su Sibiro k\u0117niais ir aktyvinta anglimi<\/h3>\n<p>Tablet\u0117s su Sibiro k\u0117niais ir aktyvinta anglimi pasi\u017eymi poliruojan\u010diu ir balinan\u010diu poveikiu. Aktyvinta anglis \u0161alina d\u0117mes nuo dant\u0173 ir juos balina, o k\u0117ni\u0173 aliejus suteikia antimikrobin\u0119 apsaug\u0105 ir gaivina kvap\u0105. \u0160iose tablet\u0117se taip pat yra hidroksiapatito (HAp), kuris nat\u016braliai atkuria dant\u0173 emal\u012f.  <\/p>\n<h2>Dant\u0173 valymo tablet\u0117s parankioje pakuot\u0117je<\/h2>\n<p>Tablet\u0117s supakuotos \u012f ma\u017e\u0105 aliuminio d\u0117\u017eut\u0119, kurioje telpa 30 table\u010di\u0173. Tai idealus palydovas \u017eygiuose, kempinguose ar ilgesn\u0117se kelion\u0117se, kur svarbi vieta ir svoris. <\/p>\n<p><img decoding=\"async\" class=\"alignnone size-thumbnail wp-image-24187\" src=\"https:\/\/toidupakk.ee\/wp-content\/uploads\/2024\/06\/Hambapesutabletid-Fresmy-5-500x500.jpg\" alt=\"pipirm\u0117\u010di\u0173 dant\u0173 valymo tablet\u0117s\" width=\"500\" height=\"500\" srcset=\"https:\/\/toidupakk.ee\/wp-content\/uploads\/2024\/06\/Hambapesutabletid-Fresmy-5-500x500.jpg 500w, https:\/\/toidupakk.ee\/wp-content\/uploads\/2024\/06\/Hambapesutabletid-Fresmy-5-400x400.jpg 400w, https:\/\/toidupakk.ee\/wp-content\/uploads\/2024\/06\/Hambapesutabletid-Fresmy-5-100x100.jpg 100w, https:\/\/toidupakk.ee\/wp-content\/uploads\/2024\/06\/Hambapesutabletid-Fresmy-5-300x300.jpg 300w, https:\/\/toidupakk.ee\/wp-content\/uploads\/2024\/06\/Hambapesutabletid-Fresmy-5-768x768.jpg 768w, https:\/\/toidupakk.ee\/wp-content\/uploads\/2024\/06\/Hambapesutabletid-Fresmy-5.jpg 800w\" sizes=\"(max-width: 500px) 100vw, 500px\" \/><\/p>\n<p>Jei ie\u0161kai patogios ir nat\u016bralios alternatyvos tradicinei dant\u0173 pastai, dant\u0173 valymo tablet\u0117s yra idealus pasirinkimas. I\u0161bandyk citrin\u0173, m\u0117t\u0173, pipirm\u0117\u010di\u0173 arba Sibiro k\u0117ni\u0173 ir aktyvintos anglies variantus ir m\u0117gaukis gaiviu kvapu bei sveikais dantimis visur, kur tave nuves nuotykiai. <\/p>\n<p><img loading=\"lazy\" decoding=\"async\" class=\"alignnone size-full wp-image-27022\" src=\"https:\/\/toidupakk.ee\/wp-content\/uploads\/2024\/09\/peppermint-toothpaste-tablets-in-aluminium-tin-30-tablets-600x600-1.jpg\" alt=\"\" width=\"600\" height=\"600\" srcset=\"https:\/\/toidupakk.ee\/wp-content\/uploads\/2024\/09\/peppermint-toothpaste-tablets-in-aluminium-tin-30-tablets-600x600-1.jpg 600w, https:\/\/toidupakk.ee\/wp-content\/uploads\/2024\/09\/peppermint-toothpaste-tablets-in-aluminium-tin-30-tablets-600x600-1-400x400.jpg 400w, https:\/\/toidupakk.ee\/wp-content\/uploads\/2024\/09\/peppermint-toothpaste-tablets-in-aluminium-tin-30-tablets-600x600-1-100x100.jpg 100w, https:\/\/toidupakk.ee\/wp-content\/uploads\/2024\/09\/peppermint-toothpaste-tablets-in-aluminium-tin-30-tablets-600x600-1-300x300.jpg 300w, https:\/\/toidupakk.ee\/wp-content\/uploads\/2024\/09\/peppermint-toothpaste-tablets-in-aluminium-tin-30-tablets-600x600-1-500x500.jpg 500w\" sizes=\"(max-width: 600px) 100vw, 600px\" \/> <img loading=\"lazy\" decoding=\"async\" class=\"alignnone size-full wp-image-27023\" src=\"https:\/\/toidupakk.ee\/wp-content\/uploads\/2024\/09\/rohemundi-fluoriidiga-hambapasta-tabletid-alumiinium-purgis-30tk-spearmint-with-fluoride-toothpaste-tablets-in-aluminium-tin-30-tablets-600x600-1.jpg\" alt=\"\" width=\"600\" height=\"600\" srcset=\"https:\/\/toidupakk.ee\/wp-content\/uploads\/2024\/09\/rohemundi-fluoriidiga-hambapasta-tabletid-alumiinium-purgis-30tk-spearmint-with-fluoride-toothpaste-tablets-in-aluminium-tin-30-tablets-600x600-1.jpg 600w, https:\/\/toidupakk.ee\/wp-content\/uploads\/2024\/09\/rohemundi-fluoriidiga-hambapasta-tabletid-alumiinium-purgis-30tk-spearmint-with-fluoride-toothpaste-tablets-in-aluminium-tin-30-tablets-600x600-1-400x400.jpg 400w, https:\/\/toidupakk.ee\/wp-content\/uploads\/2024\/09\/rohemundi-fluoriidiga-hambapasta-tabletid-alumiinium-purgis-30tk-spearmint-with-fluoride-toothpaste-tablets-in-aluminium-tin-30-tablets-600x600-1-100x100.jpg 100w, https:\/\/toidupakk.ee\/wp-content\/uploads\/2024\/09\/rohemundi-fluoriidiga-hambapasta-tabletid-alumiinium-purgis-30tk-spearmint-with-fluoride-toothpaste-tablets-in-aluminium-tin-30-tablets-600x600-1-300x300.jpg 300w, https:\/\/toidupakk.ee\/wp-content\/uploads\/2024\/09\/rohemundi-fluoriidiga-hambapasta-tabletid-alumiinium-purgis-30tk-spearmint-with-fluoride-toothpaste-tablets-in-aluminium-tin-30-tablets-600x600-1-500x500.jpg 500w\" sizes=\"(max-width: 600px) 100vw, 600px\" \/> <img loading=\"lazy\" decoding=\"async\" class=\"alignnone size-full wp-image-27024\" src=\"https:\/\/toidupakk.ee\/wp-content\/uploads\/2024\/09\/lemon-toothpaste-tablets-in-aluminium-tin-30-tablets-600x600-1.jpg\" alt=\"\" width=\"600\" height=\"600\" srcset=\"https:\/\/toidupakk.ee\/wp-content\/uploads\/2024\/09\/lemon-toothpaste-tablets-in-aluminium-tin-30-tablets-600x600-1.jpg 600w, https:\/\/toidupakk.ee\/wp-content\/uploads\/2024\/09\/lemon-toothpaste-tablets-in-aluminium-tin-30-tablets-600x600-1-400x400.jpg 400w, https:\/\/toidupakk.ee\/wp-content\/uploads\/2024\/09\/lemon-toothpaste-tablets-in-aluminium-tin-30-tablets-600x600-1-100x100.jpg 100w, https:\/\/toidupakk.ee\/wp-content\/uploads\/2024\/09\/lemon-toothpaste-tablets-in-aluminium-tin-30-tablets-600x600-1-300x300.jpg 300w, https:\/\/toidupakk.ee\/wp-content\/uploads\/2024\/09\/lemon-toothpaste-tablets-in-aluminium-tin-30-tablets-600x600-1-500x500.jpg 500w\" sizes=\"(max-width: 600px) 100vw, 600px\" \/> <img loading=\"lazy\" decoding=\"async\" class=\"alignnone size-full wp-image-27025\" src=\"https:\/\/toidupakk.ee\/wp-content\/uploads\/2024\/09\/siberian-fir-activated-charcoal-toothpaste-tablets-in-aluminium-tin-30-tablets-600x600-1.jpg\" alt=\"\" width=\"600\" height=\"600\" srcset=\"https:\/\/toidupakk.ee\/wp-content\/uploads\/2024\/09\/siberian-fir-activated-charcoal-toothpaste-tablets-in-aluminium-tin-30-tablets-600x600-1.jpg 600w, https:\/\/toidupakk.ee\/wp-content\/uploads\/2024\/09\/siberian-fir-activated-charcoal-toothpaste-tablets-in-aluminium-tin-30-tablets-600x600-1-400x400.jpg 400w, https:\/\/toidupakk.ee\/wp-content\/uploads\/2024\/09\/siberian-fir-activated-charcoal-toothpaste-tablets-in-aluminium-tin-30-tablets-600x600-1-100x100.jpg 100w, https:\/\/toidupakk.ee\/wp-content\/uploads\/2024\/09\/siberian-fir-activated-charcoal-toothpaste-tablets-in-aluminium-tin-30-tablets-600x600-1-300x300.jpg 300w, https:\/\/toidupakk.ee\/wp-content\/uploads\/2024\/09\/siberian-fir-activated-charcoal-toothpaste-tablets-in-aluminium-tin-30-tablets-600x600-1-500x500.jpg 500w\" sizes=\"(max-width: 600px) 100vw, 600px\" \/><\/p>\n<p>Per\u017ei\u016br\u0117k daugiau \u017eygi\u0173 reikmen\u0173 <a href=\"https:\/\/toidupakk.ee\/lt\/tootekategooria\/zygio-iranga\/#section-3-79\">\u010cIA<\/a><\/p>\n<p>Pasisemk \u012fkv\u0117pimo kitiems nuotykiams \u201eToidupakk\u201c <a href=\"https:\/\/www.instagram.com\/toidupakk\/\">Instagram<\/a> ir <a href=\"https:\/\/www.facebook.com\/Toidupakk\/\">Facebook<\/a> paskyrose.<\/p>\n","protected":false},"excerpt":{"rendered":"<p><strong>Patogiai naudojamos ir 100 % nat\u016bralios dant\u0173 valymo tablet\u0117s<\/strong><\/p>\n<ul>\n<li>Paprasta naudoti: sukramtyk tablet\u0119, valyk dr\u0117gnu \u0161epet\u0117liu, i\u0161spjauk putas<\/li>\n<li>Po naudojimo rekomenduojama burnos neskalauti, kad mineralai veikt\u0173 maksimaliai<\/li>\n<li>Supakuota \u012f ma\u017e\u0105, paranki\u0105 aliuminio d\u0117\u017eut\u0119<\/li>\n<li>Galimos keturios r\u016b\u0161ys: citrin\u0173, m\u0117t\u0173, pipirm\u0117\u010di\u0173 ir Sibiro k\u0117ni\u0173 + aktyvintos anglies dant\u0173 valymo tablet\u0117s<\/li>\n<li>Vienoje d\u0117\u017eut\u0117je 30 table\u010di\u0173<\/li>\n<\/ul>\n<p>\u2705 Turime sand\u0117lyje, greitas pristatymas per 1\u20133 d. d.<\/p>\n<p><img loading=\"lazy\" decoding=\"async\" class=\"alignnone wp-image-27017\" src=\"https:\/\/toidupakk.ee\/wp-content\/uploads\/2024\/09\/Icon_made_in-1-300x300-1.png\" alt=\"\" width=\"100\" height=\"100\" srcset=\"https:\/\/toidupakk.ee\/wp-content\/uploads\/2024\/09\/Icon_made_in-1-300x300-1.png 300w, https:\/\/toidupakk.ee\/wp-content\/uploads\/2024\/09\/Icon_made_in-1-300x300-1-100x100.png 100w\" sizes=\"(max-width: 100px) 100vw, 100px\" \/> <img loading=\"lazy\" decoding=\"async\" class=\"alignnone wp-image-27018\" src=\"https:\/\/toidupakk.ee\/wp-content\/uploads\/2024\/09\/Icon_against_cavities-300x300-1.png\" alt=\"\" width=\"100\" height=\"100\" srcset=\"https:\/\/toidupakk.ee\/wp-content\/uploads\/2024\/09\/Icon_against_cavities-300x300-1.png 300w, https:\/\/toidupakk.ee\/wp-content\/uploads\/2024\/09\/Icon_against_cavities-300x300-1-100x100.png 100w\" sizes=\"(max-width: 100px) 100vw, 100px\" \/> <img loading=\"lazy\" decoding=\"async\" class=\"alignnone wp-image-27019\" src=\"https:\/\/toidupakk.ee\/wp-content\/uploads\/2024\/09\/Icon_Fresh_breath-300x300-1.png\" alt=\"\" width=\"100\" height=\"100\" srcset=\"https:\/\/toidupakk.ee\/wp-content\/uploads\/2024\/09\/Icon_Fresh_breath-300x300-1.png 300w, https:\/\/toidupakk.ee\/wp-content\/uploads\/2024\/09\/Icon_Fresh_breath-300x300-1-100x100.png 100w\" sizes=\"(max-width: 100px) 100vw, 100px\" \/> <img loading=\"lazy\" decoding=\"async\" class=\"alignnone wp-image-27020\" src=\"https:\/\/toidupakk.ee\/wp-content\/uploads\/2024\/09\/Icon_approved_dentists-300x300-1.png\" alt=\"\" width=\"100\" height=\"100\" srcset=\"https:\/\/toidupakk.ee\/wp-content\/uploads\/2024\/09\/Icon_approved_dentists-300x300-1.png 300w, https:\/\/toidupakk.ee\/wp-content\/uploads\/2024\/09\/Icon_approved_dentists-300x300-1-100x100.png 100w\" sizes=\"(max-width: 100px) 100vw, 100px\" \/><\/p>\n","protected":false},"featured_media":24189,"comment_status":"open","ping_status":"closed","template":"","meta":{"_acf_changed":false},"product_brand":[],"product_cat":[189,190],"product_tag":[194],"class_list":{"0":"post-46815","1":"product","2":"type-product","3":"status-publish","4":"has-post-thumbnail","6":"product_cat-zygio-iranga","7":"product_cat-zygio-prekes","8":"product_tag-no_ads","10":"first","11":"instock","12":"sale","13":"taxable","14":"shipping-taxable","15":"purchasable","16":"product-type-variable","17":"has-default-attributes"},"bundled_by":[],"bundle_stock_status":"instock","bundle_stock_quantity":null,"bundle_virtual":false,"bundle_layout":"","bundle_add_to_cart_form_location":"","bundle_editable_in_cart":false,"bundle_sold_individually_context":"","bundle_item_grouping":"","bundle_min_size":"","bundle_max_size":"","bundle_price":[],"bundled_items":[],"bundle_sell_ids":[],"acf":[],"yoast_head":"<!-- This site is optimized with the Yoast SEO plugin v27.1.1 - https:\/\/yoast.com\/product\/yoast-seo-wordpress\/ -->\n<title>Dant\u0173 valymo tablet\u0117s \u201eFresmy\u201c<\/title>\n<meta name=\"description\" content=\"Dant\u0173 valymo tablet\u0117s: sukramtyk, valyk, i\u0161spjauk. Galimos 4 r\u016b\u0161ys: citrin\u0173, pipirm\u0117\u010di\u0173, m\u0117t\u0173 bei Sibiro k\u0117ni\u0173 ir aktyvintos anglies. Pakuot\u0117je 30 vnt.\" \/>\n<meta name=\"robots\" content=\"index, follow, max-snippet:-1, max-image-preview:large, max-video-preview:-1\" \/>\n<link rel=\"canonical\" href=\"https:\/\/toidupakk.ee\/lt\/toode\/dantu-valymo-tabletes-fresmy\/\" \/>\n<meta property=\"og:locale\" content=\"lt_LT\" \/>\n<meta property=\"og:type\" content=\"article\" \/>\n<meta property=\"og:title\" content=\"Dant\u0173 valymo tablet\u0117s \u201eFresmy\u201c\" \/>\n<meta property=\"og:description\" content=\"Dant\u0173 valymo tablet\u0117s: sukramtyk, valyk, i\u0161spjauk. Galimos 4 r\u016b\u0161ys: citrin\u0173, pipirm\u0117\u010di\u0173, m\u0117t\u0173 bei Sibiro k\u0117ni\u0173 ir aktyvintos anglies. Pakuot\u0117je 30 vnt.\" \/>\n<meta property=\"og:url\" content=\"https:\/\/toidupakk.ee\/lt\/toode\/dantu-valymo-tabletes-fresmy\/\" \/>\n<meta property=\"og:site_name\" content=\"Toidupakk.ee - Tactical Foodpack toidupakid\" \/>\n<meta property=\"article:publisher\" content=\"https:\/\/www.facebook.com\/Toidupakk\" \/>\n<meta property=\"article:modified_time\" content=\"2026-04-04T00:01:48+00:00\" \/>\n<meta property=\"og:image\" content=\"https:\/\/toidupakk.ee\/wp-content\/uploads\/2024\/06\/Hambapesutabletid-Fresmy-7.png\" \/>\n\t<meta property=\"og:image:width\" content=\"800\" \/>\n\t<meta property=\"og:image:height\" content=\"800\" \/>\n\t<meta property=\"og:image:type\" content=\"image\/png\" \/>\n<meta name=\"twitter:card\" content=\"summary_large_image\" \/>\n<meta name=\"twitter:label1\" content=\"Est. reading time\" \/>\n\t<meta name=\"twitter:data1\" content=\"2 minut\u0117s\" \/>\n<script type=\"application\/ld+json\" class=\"yoast-schema-graph\">{\"@context\":\"https:\/\/schema.org\",\"@graph\":[{\"@type\":\"WebPage\",\"@id\":\"https:\/\/toidupakk.ee\/lt\/toode\/dantu-valymo-tabletes-fresmy\/\",\"url\":\"https:\/\/toidupakk.ee\/lt\/toode\/dantu-valymo-tabletes-fresmy\/\",\"name\":\"Dant\u0173 valymo tablet\u0117s \u201eFresmy\u201c\",\"isPartOf\":{\"@id\":\"https:\/\/toidupakk.ee\/lt\/#website\"},\"primaryImageOfPage\":{\"@id\":\"https:\/\/toidupakk.ee\/lt\/toode\/dantu-valymo-tabletes-fresmy\/#primaryimage\"},\"image\":{\"@id\":\"https:\/\/toidupakk.ee\/lt\/toode\/dantu-valymo-tabletes-fresmy\/#primaryimage\"},\"thumbnailUrl\":\"https:\/\/toidupakk.ee\/wp-content\/uploads\/2024\/06\/Hambapesutabletid-Fresmy-7.png\",\"datePublished\":\"2024-09-16T12:41:22+00:00\",\"dateModified\":\"2026-04-04T00:01:48+00:00\",\"description\":\"Dant\u0173 valymo tablet\u0117s: sukramtyk, valyk, i\u0161spjauk. Galimos 4 r\u016b\u0161ys: citrin\u0173, pipirm\u0117\u010di\u0173, m\u0117t\u0173 bei Sibiro k\u0117ni\u0173 ir aktyvintos anglies. Pakuot\u0117je 30 vnt.\",\"breadcrumb\":{\"@id\":\"https:\/\/toidupakk.ee\/lt\/toode\/dantu-valymo-tabletes-fresmy\/#breadcrumb\"},\"inLanguage\":\"lt-LT\",\"potentialAction\":[{\"@type\":\"ReadAction\",\"target\":[\"https:\/\/toidupakk.ee\/lt\/toode\/dantu-valymo-tabletes-fresmy\/\"]}]},{\"@type\":\"ImageObject\",\"inLanguage\":\"lt-LT\",\"@id\":\"https:\/\/toidupakk.ee\/lt\/toode\/dantu-valymo-tabletes-fresmy\/#primaryimage\",\"url\":\"https:\/\/toidupakk.ee\/wp-content\/uploads\/2024\/06\/Hambapesutabletid-Fresmy-7.png\",\"contentUrl\":\"https:\/\/toidupakk.ee\/wp-content\/uploads\/2024\/06\/Hambapesutabletid-Fresmy-7.png\",\"width\":800,\"height\":800,\"caption\":\"hambapesutabletid\"},{\"@type\":\"BreadcrumbList\",\"@id\":\"https:\/\/toidupakk.ee\/lt\/toode\/dantu-valymo-tabletes-fresmy\/#breadcrumb\",\"itemListElement\":[{\"@type\":\"ListItem\",\"position\":1,\"name\":\"Avaleht\",\"item\":\"https:\/\/toidupakk.ee\/lt\/\"},{\"@type\":\"ListItem\",\"position\":2,\"name\":\"El. parduotuv\u0117\",\"item\":\"https:\/\/toidupakk.ee\/lt\/el-parduotuve\/\"},{\"@type\":\"ListItem\",\"position\":3,\"name\":\"Dant\u0173 valymo tablet\u0117s \u201eFresmy\u201c\"}]},{\"@type\":\"WebSite\",\"@id\":\"https:\/\/toidupakk.ee\/lt\/#website\",\"url\":\"https:\/\/toidupakk.ee\/lt\/\",\"name\":\"Toidupakk.ee - Tactical Foodpack toidupakid\",\"description\":\"Tactical Foodpack k\u00fclmkuivatatud toidupakid ja matkaeined\",\"publisher\":{\"@id\":\"https:\/\/toidupakk.ee\/lt\/#organization\"},\"potentialAction\":[{\"@type\":\"SearchAction\",\"target\":{\"@type\":\"EntryPoint\",\"urlTemplate\":\"https:\/\/toidupakk.ee\/lt\/?s={search_term_string}\"},\"query-input\":{\"@type\":\"PropertyValueSpecification\",\"valueRequired\":true,\"valueName\":\"search_term_string\"}}],\"inLanguage\":\"lt-LT\"},{\"@type\":\"Organization\",\"@id\":\"https:\/\/toidupakk.ee\/lt\/#organization\",\"name\":\"Tactical Foodpack matkaeined\",\"url\":\"https:\/\/toidupakk.ee\/lt\/\",\"logo\":{\"@type\":\"ImageObject\",\"inLanguage\":\"lt-LT\",\"@id\":\"https:\/\/toidupakk.ee\/lt\/#\/schema\/logo\/image\/\",\"url\":\"https:\/\/toidupakk.ee\/wp-content\/uploads\/2022\/01\/Toidupakk-matkapood-logo-transparent.png\",\"contentUrl\":\"https:\/\/toidupakk.ee\/wp-content\/uploads\/2022\/01\/Toidupakk-matkapood-logo-transparent.png\",\"width\":500,\"height\":500,\"caption\":\"Tactical Foodpack matkaeined\"},\"image\":{\"@id\":\"https:\/\/toidupakk.ee\/lt\/#\/schema\/logo\/image\/\"},\"sameAs\":[\"https:\/\/www.facebook.com\/Toidupakk\",\"https:\/\/www.instagram.com\/toidupakk\/\"]}]}<\/script>\n<!-- \/ Yoast SEO plugin. -->","yoast_head_json":{"title":"Dant\u0173 valymo tablet\u0117s \u201eFresmy\u201c","description":"Dant\u0173 valymo tablet\u0117s: sukramtyk, valyk, i\u0161spjauk. Galimos 4 r\u016b\u0161ys: citrin\u0173, pipirm\u0117\u010di\u0173, m\u0117t\u0173 bei Sibiro k\u0117ni\u0173 ir aktyvintos anglies. Pakuot\u0117je 30 vnt.","robots":{"index":"index","follow":"follow","max-snippet":"max-snippet:-1","max-image-preview":"max-image-preview:large","max-video-preview":"max-video-preview:-1"},"canonical":"https:\/\/toidupakk.ee\/lt\/toode\/dantu-valymo-tabletes-fresmy\/","og_locale":"lt_LT","og_type":"article","og_title":"Dant\u0173 valymo tablet\u0117s \u201eFresmy\u201c","og_description":"Dant\u0173 valymo tablet\u0117s: sukramtyk, valyk, i\u0161spjauk. Galimos 4 r\u016b\u0161ys: citrin\u0173, pipirm\u0117\u010di\u0173, m\u0117t\u0173 bei Sibiro k\u0117ni\u0173 ir aktyvintos anglies. Pakuot\u0117je 30 vnt.","og_url":"https:\/\/toidupakk.ee\/lt\/toode\/dantu-valymo-tabletes-fresmy\/","og_site_name":"Toidupakk.ee - Tactical Foodpack toidupakid","article_publisher":"https:\/\/www.facebook.com\/Toidupakk","article_modified_time":"2026-04-04T00:01:48+00:00","og_image":[{"width":800,"height":800,"url":"https:\/\/toidupakk.ee\/wp-content\/uploads\/2024\/06\/Hambapesutabletid-Fresmy-7.png","type":"image\/png"}],"twitter_card":"summary_large_image","twitter_misc":{"Est. reading time":"2 minut\u0117s"},"schema":{"@context":"https:\/\/schema.org","@graph":[{"@type":"WebPage","@id":"https:\/\/toidupakk.ee\/lt\/toode\/dantu-valymo-tabletes-fresmy\/","url":"https:\/\/toidupakk.ee\/lt\/toode\/dantu-valymo-tabletes-fresmy\/","name":"Dant\u0173 valymo tablet\u0117s \u201eFresmy\u201c","isPartOf":{"@id":"https:\/\/toidupakk.ee\/lt\/#website"},"primaryImageOfPage":{"@id":"https:\/\/toidupakk.ee\/lt\/toode\/dantu-valymo-tabletes-fresmy\/#primaryimage"},"image":{"@id":"https:\/\/toidupakk.ee\/lt\/toode\/dantu-valymo-tabletes-fresmy\/#primaryimage"},"thumbnailUrl":"https:\/\/toidupakk.ee\/wp-content\/uploads\/2024\/06\/Hambapesutabletid-Fresmy-7.png","datePublished":"2024-09-16T12:41:22+00:00","dateModified":"2026-04-04T00:01:48+00:00","description":"Dant\u0173 valymo tablet\u0117s: sukramtyk, valyk, i\u0161spjauk. Galimos 4 r\u016b\u0161ys: citrin\u0173, pipirm\u0117\u010di\u0173, m\u0117t\u0173 bei Sibiro k\u0117ni\u0173 ir aktyvintos anglies. Pakuot\u0117je 30 vnt.","breadcrumb":{"@id":"https:\/\/toidupakk.ee\/lt\/toode\/dantu-valymo-tabletes-fresmy\/#breadcrumb"},"inLanguage":"lt-LT","potentialAction":[{"@type":"ReadAction","target":["https:\/\/toidupakk.ee\/lt\/toode\/dantu-valymo-tabletes-fresmy\/"]}]},{"@type":"ImageObject","inLanguage":"lt-LT","@id":"https:\/\/toidupakk.ee\/lt\/toode\/dantu-valymo-tabletes-fresmy\/#primaryimage","url":"https:\/\/toidupakk.ee\/wp-content\/uploads\/2024\/06\/Hambapesutabletid-Fresmy-7.png","contentUrl":"https:\/\/toidupakk.ee\/wp-content\/uploads\/2024\/06\/Hambapesutabletid-Fresmy-7.png","width":800,"height":800,"caption":"hambapesutabletid"},{"@type":"BreadcrumbList","@id":"https:\/\/toidupakk.ee\/lt\/toode\/dantu-valymo-tabletes-fresmy\/#breadcrumb","itemListElement":[{"@type":"ListItem","position":1,"name":"Avaleht","item":"https:\/\/toidupakk.ee\/lt\/"},{"@type":"ListItem","position":2,"name":"El. parduotuv\u0117","item":"https:\/\/toidupakk.ee\/lt\/el-parduotuve\/"},{"@type":"ListItem","position":3,"name":"Dant\u0173 valymo tablet\u0117s \u201eFresmy\u201c"}]},{"@type":"WebSite","@id":"https:\/\/toidupakk.ee\/lt\/#website","url":"https:\/\/toidupakk.ee\/lt\/","name":"Toidupakk.ee - Tactical Foodpack toidupakid","description":"Tactical Foodpack k\u00fclmkuivatatud toidupakid ja matkaeined","publisher":{"@id":"https:\/\/toidupakk.ee\/lt\/#organization"},"potentialAction":[{"@type":"SearchAction","target":{"@type":"EntryPoint","urlTemplate":"https:\/\/toidupakk.ee\/lt\/?s={search_term_string}"},"query-input":{"@type":"PropertyValueSpecification","valueRequired":true,"valueName":"search_term_string"}}],"inLanguage":"lt-LT"},{"@type":"Organization","@id":"https:\/\/toidupakk.ee\/lt\/#organization","name":"Tactical Foodpack matkaeined","url":"https:\/\/toidupakk.ee\/lt\/","logo":{"@type":"ImageObject","inLanguage":"lt-LT","@id":"https:\/\/toidupakk.ee\/lt\/#\/schema\/logo\/image\/","url":"https:\/\/toidupakk.ee\/wp-content\/uploads\/2022\/01\/Toidupakk-matkapood-logo-transparent.png","contentUrl":"https:\/\/toidupakk.ee\/wp-content\/uploads\/2022\/01\/Toidupakk-matkapood-logo-transparent.png","width":500,"height":500,"caption":"Tactical Foodpack matkaeined"},"image":{"@id":"https:\/\/toidupakk.ee\/lt\/#\/schema\/logo\/image\/"},"sameAs":["https:\/\/www.facebook.com\/Toidupakk","https:\/\/www.instagram.com\/toidupakk\/"]}]}},"jetpack_sharing_enabled":true,"_links":{"self":[{"href":"https:\/\/toidupakk.ee\/lt\/wp-json\/wp\/v2\/product\/46815","targetHints":{"allow":["GET"]}}],"collection":[{"href":"https:\/\/toidupakk.ee\/lt\/wp-json\/wp\/v2\/product"}],"about":[{"href":"https:\/\/toidupakk.ee\/lt\/wp-json\/wp\/v2\/types\/product"}],"replies":[{"embeddable":true,"href":"https:\/\/toidupakk.ee\/lt\/wp-json\/wp\/v2\/comments?post=46815"}],"wp:featuredmedia":[{"embeddable":true,"href":"https:\/\/toidupakk.ee\/lt\/wp-json\/wp\/v2\/media\/24189"}],"wp:attachment":[{"href":"https:\/\/toidupakk.ee\/lt\/wp-json\/wp\/v2\/media?parent=46815"}],"wp:term":[{"taxonomy":"product_brand","embeddable":true,"href":"https:\/\/toidupakk.ee\/lt\/wp-json\/wp\/v2\/product_brand?post=46815"},{"taxonomy":"product_cat","embeddable":true,"href":"https:\/\/toidupakk.ee\/lt\/wp-json\/wp\/v2\/product_cat?post=46815"},{"taxonomy":"product_tag","embeddable":true,"href":"https:\/\/toidupakk.ee\/lt\/wp-json\/wp\/v2\/product_tag?post=46815"}],"curies":[{"name":"wp","href":"https:\/\/api.w.org\/{rel}","templated":true}]}}