{"id":46807,"date":"2024-09-11T14:39:30","date_gmt":"2024-09-11T11:39:30","guid":{"rendered":"https:\/\/toidupakk.ee\/toode\/weekpack-tango\/"},"modified":"2026-04-15T01:30:11","modified_gmt":"2026-04-14T22:30:11","slug":"weekpack-tango","status":"publish","type":"product","link":"https:\/\/toidupakk.ee\/lt\/toode\/weekpack-tango\/","title":{"rendered":"Weekpack Tango"},"content":{"rendered":"<p>Jei neturi galimyb\u0117s pasigaminti kar\u0161to vandens, rekomenduojame papildomai \u012fsigyti <a href=\"https:\/\/toidupakk.ee\/tactical-foodpack\/tactical-fire-pot-suutegeel-40ml\/\">deg\u0173j\u012f gel\u012f<\/a>, kuris leid\u017eia lengvai pasi\u0161ildyti maist\u0105 bet kokiomis s\u0105lygomis. \u201eTactical Fire Pot\u201c degusis gelis leid\u017eia pa\u0161ildyti iki 10 maisto porcij\u0173.<\/p>\n<p>Jei negalima naudoti atviros liepsnos arba u\u017evirti vandens, maistui pa\u0161ildyti yra skirtas <a href=\"https:\/\/toidupakk.ee\/tactical-foodpack\/toidu-kuumutuskott-kutteelemendiga\/\">\u0161ildymo mai\u0161elis su kaitinimo elementu<\/a>. Jis leid\u017eia paruo\u0161ti visus \u201eTactical Foodpack\u201c patiekalus. Kaitinimo elementas <strong>reaguoja kontaktuodamas su \u0161altu vandeniu<\/strong>, o vandens temperat\u016bra pakyla iki 100 laipsni\u0173.<\/p>\n<h2 data-start=\"128\" data-end=\"214\"><strong data-start=\"132\" data-end=\"214\">Weekpack Tango \u2013 atnaujintas savaitinis maisto atsarg\u0173 rinkinys \u017eygiams ir i\u0161gyvenimui<\/strong><\/h2>\n<p class=\"\" data-start=\"216\" data-end=\"607\"><strong data-start=\"216\" data-end=\"253\">\u201eTactical Foodpack\u201c \u201eWeekpack Tango\u201c<\/strong> yra \u0161vie\u017eias ir \u012fvairiapusis savaitinis \u017eygio maisto rinkinys, kuriame dera 21 skirtingas valgymas. \u0160is rinkinys skirtas tiems, kuriems reikia naudingo, lengvai paruo\u0161iamo ir patikimo maisto atsarg\u0173 gamtoje, \u017eygiuose ar ruo\u0161iantis ekstremalioms situacijoms. \u201eWeekpack Tango\u201c patiekalai atnaujinami kas dvejus metus, kad visada b\u016bt\u0173 si\u016blomi nauji ir \u0161iuolaiki\u0161ki skoniai.<\/p>\n<p class=\"\" data-start=\"609\" data-end=\"731\">Visoje pakuot\u0117je yra <strong data-start=\"630\" data-end=\"645\">10 466 kcal<\/strong>, o grynasis svoris \u2013 <strong data-start=\"663\" data-end=\"673\">2,4 kg<\/strong>, tod\u0117l energijos u\u017eteks visai aktyviai savaitei.<\/p>\n<p data-start=\"609\" data-end=\"731\"><img fetchpriority=\"high\" decoding=\"async\" class=\"alignnone wp-image-34819 size-thumbnail\" src=\"https:\/\/toidupakk.ee\/wp-content\/uploads\/2024\/09\/Nimetu-kujundus-10-500x500.png\" alt=\"\u201eTactical Foodpack\u201c \u201eWeekpack Tango\u201c \u2013 savaitinis maisto rinkinys juodame plastikiniame kibire su u\u017era\u0161u \u201eMade in Germany, Born in Estonia\u201c ir nurodyta 10 341 kcal energin\u0117 vert\u0117.\" width=\"500\" height=\"500\" srcset=\"https:\/\/toidupakk.ee\/wp-content\/uploads\/2024\/09\/Nimetu-kujundus-10-500x500.png 500w, https:\/\/toidupakk.ee\/wp-content\/uploads\/2024\/09\/Nimetu-kujundus-10-300x300.png 300w, https:\/\/toidupakk.ee\/wp-content\/uploads\/2024\/09\/Nimetu-kujundus-10-768x768.png 768w, https:\/\/toidupakk.ee\/wp-content\/uploads\/2024\/09\/Nimetu-kujundus-10-400x400.png 400w, https:\/\/toidupakk.ee\/wp-content\/uploads\/2024\/09\/Nimetu-kujundus-10-100x100.png 100w, https:\/\/toidupakk.ee\/wp-content\/uploads\/2024\/09\/Nimetu-kujundus-10.png 800w\" sizes=\"(max-width: 500px) 100vw, 500px\" \/><\/p>\n<h3 class=\"\" data-start=\"738\" data-end=\"770\"><strong data-start=\"742\" data-end=\"770\">Kas \u012feina \u012f rinkin\u012f?<\/strong><\/h3>\n<ul>\n<li data-start=\"772\" data-end=\"1224\"><strong data-start=\"774\" data-end=\"800\">21 skirtingas valgymas<\/strong> \u2013 \u012fskaitant pusry\u010dius ir pagrindinius patiekalus, pavyzd\u017eiui, orkait\u0117je skrudint\u0105 \u0161okoladin\u0119-vy\u0161nin\u0119 granol\u0105.<\/li>\n<li data-start=\"772\" data-end=\"1224\"><strong data-start=\"896\" data-end=\"925\">Bendra energin\u0117 vert\u0117: 10 466 kcal<\/strong> \u2013 pakankamas energijos lygis visai savaitei.<\/li>\n<li data-start=\"772\" data-end=\"1224\"><strong data-start=\"970\" data-end=\"990\">Grynasis svoris: 2,4 kg<\/strong> \u2013 lengva ir kompakti\u0161ka ne\u0161tis.<\/li>\n<li data-start=\"772\" data-end=\"1224\"><strong data-start=\"1023\" data-end=\"1048\">Galiojimo laikas: 4 metai<\/strong> \u2013 d\u0117l granolos pakuot\u0117s. \u0160al\u010diu d\u017eiovinti pagrindiniai patiekalai galioja iki 8 met\u0173.<\/li>\n<li data-start=\"772\" data-end=\"1224\"><strong data-start=\"1119\" data-end=\"1160\">Supakuota \u012f vandeniui atspar\u0173 plastikin\u012f kibir\u0105<\/strong> \u2013 patogu laikyti ir pasiimti \u012f \u017eyg\u012f ar kaip krizi\u0173 atsarg\u0173 dal\u012f.<\/li>\n<\/ul>\n<h3 class=\"\" data-start=\"1231\" data-end=\"1296\"><strong data-start=\"1235\" data-end=\"1296\">Weekpack Tango \u2013 prakti\u0161kos, lengvos ir \u0161iuolaiki\u0161kos maisto atsargos<\/strong><\/h3>\n<p class=\"\" data-start=\"1298\" data-end=\"1724\">Skirtingai nei kai kurie kiti \u201eTactical Foodpack\u201c savaitiniai rinkiniai, \u201eWeekpack Tango\u201c neturi papildom\u0173 pried\u0173 ar padidint\u0173 porcij\u0173. Vietoj to d\u0117mesys skiriamas \u012fvairovei, atnaujintam meniu ir lengvai paruo\u0161iamam, visaver\u010diam maistui. \u0160okoladin\u0117-vy\u0161nin\u0117 granola paruo\u0161iama per kelias minutes, tereikia \u0161alto vandens, o kitus patiekalus galima ruo\u0161ti su kar\u0161tu arba \u0161altu vandeniu \u2013 idealu \u017eygiams ar netik\u0117toms situacijoms.<\/p>\n<h3>Tactical Foodpack \u2013 kokyb\u0117, kuria gali pasitik\u0117ti<\/h3>\n<p>\u201eTactical Foodpack\u201c gars\u0117ja auk\u0161tos kokyb\u0117s \u017eygi\u0173 maistu, sukurtu specialiai i\u0161gyvenimui ir naudojimui lauko s\u0105lygomis. Visi patiekalai pagaminti i\u0161 100 % nat\u016brali\u0173 ingredient\u0173, be konservant\u0173 ir dirbtini\u0173 pried\u0173, u\u017etikrinant tikr\u0105 skon\u012f net ekstremaliausiomis s\u0105lygomis.<\/p>\n<ul>\n<li><strong>Nat\u016brali sud\u0117tis<\/strong>: \u201eTactical Foodpack\u201c patiekaluose n\u0117ra dirbtini\u0173 pried\u0173 ar konservant\u0173, jie pagaminti i\u0161 grynos ir sveikos \u017ealiavos.<\/li>\n<li><strong>Lengvas paruo\u0161imas<\/strong>: visas rinkinys skirtas greitam ir patogiam paruo\u0161imui. Tiesiog \u012fpilk kar\u0161to vandens, palauk kelias minutes ir tavo patiekalas paruo\u0161tas m\u0117gautis.<\/li>\n<li><strong>Lengvas ir kompakti\u0161kas<\/strong>: d\u0117l liofilizavimo technologijos \u201eTactical\u201c patiekalai yra lengvi ir kompakti\u0161ki, tod\u0117l idealiai tinka \u017eygiams ir ilgesniems nuotykiams lauke.<\/li>\n<\/ul>\n<h2><img decoding=\"async\" class=\"alignnone size-full wp-image-34812\" src=\"https:\/\/toidupakk.ee\/wp-content\/uploads\/2024\/09\/Tactical_Foodpack_WEEKPACK_Tango-02.jpg\" alt=\"\" width=\"1920\" height=\"1920\" srcset=\"https:\/\/toidupakk.ee\/wp-content\/uploads\/2024\/09\/Tactical_Foodpack_WEEKPACK_Tango-02.jpg 1920w, https:\/\/toidupakk.ee\/wp-content\/uploads\/2024\/09\/Tactical_Foodpack_WEEKPACK_Tango-02-300x300.jpg 300w, https:\/\/toidupakk.ee\/wp-content\/uploads\/2024\/09\/Tactical_Foodpack_WEEKPACK_Tango-02-1024x1024.jpg 1024w, https:\/\/toidupakk.ee\/wp-content\/uploads\/2024\/09\/Tactical_Foodpack_WEEKPACK_Tango-02-500x500.jpg 500w, https:\/\/toidupakk.ee\/wp-content\/uploads\/2024\/09\/Tactical_Foodpack_WEEKPACK_Tango-02-768x768.jpg 768w, https:\/\/toidupakk.ee\/wp-content\/uploads\/2024\/09\/Tactical_Foodpack_WEEKPACK_Tango-02-1536x1536.jpg 1536w, https:\/\/toidupakk.ee\/wp-content\/uploads\/2024\/09\/Tactical_Foodpack_WEEKPACK_Tango-02-400x400.jpg 400w, https:\/\/toidupakk.ee\/wp-content\/uploads\/2024\/09\/Tactical_Foodpack_WEEKPACK_Tango-02-800x800.jpg 800w, https:\/\/toidupakk.ee\/wp-content\/uploads\/2024\/09\/Tactical_Foodpack_WEEKPACK_Tango-02-100x100.jpg 100w\" sizes=\"(max-width: 1920px) 100vw, 1920px\" \/><\/h2>\n<h2>Liofilizavimo technologija \u2013 geriausias sprendimas \u017eygi\u0173 maistui<\/h2>\n<p>\u201eTactical Foodpack\u201c produktuose naudojama <strong>liofilizavimo (d\u017eiovinimo \u0161altyje) technologija<\/strong>, kuri i\u0161saugo maisto skon\u012f, tekst\u016br\u0105 ir maistin\u0119 vert\u0119. \u0160iuo metodu vanduo i\u0161 maisto pa\u0161alinamas \u017eemoje temperat\u016broje, i\u0161laikant beveik visas originalias maistines med\u017eiagas ir u\u017etikrinant ilgalaik\u012f galiojim\u0105.<\/p>\n<h3>Liofilizavimo privalumai:<\/h3>\n<ul>\n<li><strong>Ilgas galiojimo laikas<\/strong>: maistas, kuriam nereikia \u0161aldytuvo, yra puikus sprendimas ilgalaik\u0117ms maisto atsargoms.<\/li>\n<li><strong>Ma\u017eas svoris ir kompakti\u0161kas dydis<\/strong>: maistas be vandens yra lengvas ir paprastai transportuojamas, tod\u0117l idealiai tinka \u017eygeiviams ir i\u0161gyvenimo entuziastams.<\/li>\n<li><strong>Greitas paruo\u0161imas<\/strong>: liofilizuoti patiekalai paruo\u0161iami vos per kelias minutes \u012fpylus kar\u0161to vandens. Tai palengvina gaminim\u0105 net tada, kai tr\u016bksta laiko ar i\u0161tekli\u0173.<\/li>\n<\/ul>\n<h2>Kam tai skirta?<\/h2>\n<ul>\n<li><strong>\u017dygeiviams ir nuotyki\u0173 ie\u0161kotojams<\/strong>: kompakti\u0161kos ir lengvos maisto atsargos, kurias paprasta ne\u0161tis ir greitai paruo\u0161ti, idealiai tinka ilgiems \u017eygiams ir lauko s\u0105lygoms.<\/li>\n<li><strong>I\u0161gyvenimo entuziastams ir besiruo\u0161iantiems ekstremalioms situacijoms<\/strong>: \u201eWeekpack Tango\u201c yra puikus pasirinkimas tiems, kurie nori b\u016bti pasiruo\u0161\u0119 \u012fvairiems i\u0161\u0161\u016bkiams ir sukaupti patikimo maisto atsargas, kurios tarnaus ne vienus metus.<\/li>\n<li><strong>Ilgalaikiam saugojimui<\/strong>: rinkinys yra puikus pasirinkimas ilgalaik\u0117ms maisto atsargoms, kurias galima naudoti tiek ekstremaliomis situacijomis, tiek keliaujant.<\/li>\n<\/ul>\n<h3><img decoding=\"async\" class=\"alignnone size-full wp-image-34814\" src=\"https:\/\/toidupakk.ee\/wp-content\/uploads\/2024\/09\/Weekpack_TANGO.jpg\" alt=\"\" width=\"1920\" height=\"1280\" srcset=\"https:\/\/toidupakk.ee\/wp-content\/uploads\/2024\/09\/Weekpack_TANGO.jpg 1920w, https:\/\/toidupakk.ee\/wp-content\/uploads\/2024\/09\/Weekpack_TANGO-300x200.jpg 300w, https:\/\/toidupakk.ee\/wp-content\/uploads\/2024\/09\/Weekpack_TANGO-1024x683.jpg 1024w, https:\/\/toidupakk.ee\/wp-content\/uploads\/2024\/09\/Weekpack_TANGO-768x512.jpg 768w, https:\/\/toidupakk.ee\/wp-content\/uploads\/2024\/09\/Weekpack_TANGO-1536x1024.jpg 1536w, https:\/\/toidupakk.ee\/wp-content\/uploads\/2024\/09\/Weekpack_TANGO-800x533.jpg 800w\" sizes=\"(max-width: 1920px) 100vw, 1920px\" \/><\/h3>\n<h3>U\u017esisakyk \u201eWeekpack Tango\u201c jau \u0161iandien!<\/h3>\n<p><strong>\u201eWeekpack Tango\u201c<\/strong> yra idealus pasirinkimas ie\u0161kantiems savaitinio maisto atsarg\u0173 patogumo ir patikimumo. Dabar naujoje pakuot\u0117je ir u\u017etikrintos auk\u0161tos kokyb\u0117s \u201eWeekpack Tango\u201c si\u016blo visaver\u010dius patiekalus kiekvienai dienai. U\u017esisakyk \u201eWeekpack Tango\u201c jau \u0161iandien ir b\u016bk pasiruo\u0161\u0119s bet kokiems nuotykiams ar netik\u0117tumams!<\/p>\n<p>Daugiau \u017eygio reikmen\u0173 rasi <a href=\"https:\/\/toidupakk.ee\/lt\/tootekategooria\/zygio-iranga\/#section-3-79\">\u010cIA<\/a><\/p>\n<p>Pasisemk \u012fkv\u0117pimo kitiems nuotykiams \u201eToidupakk\u201c <a href=\"https:\/\/www.instagram.com\/toidupakk\/\">Instagram<\/a> ir <a href=\"https:\/\/www.facebook.com\/Toidupakk\/\">Facebook<\/a> paskyrose.<\/p>\n","protected":false},"excerpt":{"rendered":"<p class=\"\" data-start=\"226\" data-end=\"441\"><strong>\u201eWeekpack Tango\u201c yra naujausias ir \u012fvairiapusi\u0161kiausias \u201eTactical Foodpack\u201c maisto rinkinys. J\u012f sudaro 21 skirtingas valgymas, o meniu atnaujinamas kas dvejus metus. Idealiai tinka \u017eygiams, krizi\u0173 atsargoms ar kasdieniam vartojimui. <\/strong><\/p>\n<ul>\n<li data-start=\"480\" data-end=\"910\">21 \u0161iltas valgymas \u2013 visos savait\u0117s maisto atsargos vienam asmeniui<\/li>\n<li data-start=\"480\" data-end=\"910\">Estijoje sukurti receptai, pagaminta Vokietijoje, \u201eTactical Foodpack\u201c gamykloje<\/li>\n<li data-start=\"480\" data-end=\"910\">Patogu ir greita paruo\u0161ti \u2013 u\u017epilk kar\u0161tu vandeniu ir po 8 min. m\u0117gaukis visaver\u010diu patiekalu<\/li>\n<li data-start=\"480\" data-end=\"910\">Pagrindiniai patiekalai galioja iki 8 m., visas rinkinys \u2013 4 m. (d\u0117l granolos)<\/li>\n<li><span lang=\"ET\">Nat\u016brali sud\u0117tis, be konservant\u0173 ir pried\u0173<\/span><\/li>\n<li data-start=\"480\" data-end=\"910\">Ilgas galiojimo laikas u\u017etikrinamas liofilizavimo technologijos d\u0117ka<\/li>\n<li data-start=\"480\" data-end=\"910\">Vandeniui atspari pakuot\u0117 \u2013 patvarus plastikinis kibiras tinka laikymui ir transportavimui<\/li>\n<li>\u0160vie\u017ei receptai \u2013 meniu atnaujinamas kas 2 metus, visada naujausi skoniai<\/li>\n<li data-start=\"480\" data-end=\"910\">Maistinga ir \u012fvairu \u2013 sud\u0117tyje yra m\u0117sos, \u017euvies, vegetari\u0161k\u0173 patiekal\u0173 \u2013 viskas, ko reikia 7 dienoms<\/li>\n<li data-start=\"1293\" data-end=\"1568\">Bendras svoris: 2,4 kg<\/li>\n<li data-start=\"1293\" data-end=\"1568\">Bendra energin\u0117 vert\u0117: 10 466 kcal<\/li>\n<li data-start=\"1293\" data-end=\"1568\">Supakuota \u012f vandeniui atsparius kibirus \u2013 patogu laikyti ir transportuoti<\/li>\n<\/ul>\n<p data-start=\"917\" data-end=\"944\"><strong data-start=\"921\" data-end=\"944\">Kas yra rinkinyje?<\/strong><\/p>\n<p class=\"\" data-start=\"946\" data-end=\"997\">21 maistingas valgymas (i\u0161 viso 10 466 kcal \/ 2,4 kg):<\/p>\n<ul>\n<li data-start=\"1001\" data-end=\"1043\">7\u00d7 \u0161okoladin\u0117 granola su vy\u0161niomis (468 kcal\/pak.)<\/li>\n<li data-start=\"1001\" data-end=\"1043\">3\u00d7 makaronai \u201eArrabiata\u201c su vi\u0161tiena (511 kcal\/pak.)<\/li>\n<li data-start=\"1001\" data-end=\"1043\">3\u00d7 makaronai su la\u0161i\u0161a ir baltuoju vynu (520 kcal\/pak.)<\/li>\n<li data-start=\"1001\" data-end=\"1043\">3\u00d7 jautienos \u201eBibimbap\u201c (531 kcal\/pak.)<\/li>\n<li data-start=\"1001\" data-end=\"1043\">2\u00d7 burok\u0117li\u0173 rizotas (502 kcal\/pak.)<\/li>\n<li data-start=\"1001\" data-end=\"1043\">3\u00d7 jautienos tro\u0161kinys \u201eBurgundija\u201c (500 kcal\/pak.)<\/li>\n<\/ul>\n<p>\u2705 Turime sand\u0117lyje, greitas pristatymas per 1\u20133 d. d.<br \/>\n\u2705 NEMOKAMAS pristatymas \u012f pa\u0161tomatus<br \/>\n\u2705 Pirk dabar, mok\u0117k v\u0117liau (pal\u016bkanos 0 %)<\/p>\n","protected":false},"featured_media":46814,"comment_status":"open","ping_status":"closed","template":"","meta":{"_acf_changed":false},"product_brand":[],"product_cat":[235,200,230,204,190],"product_tag":[],"class_list":{"0":"post-46807","1":"product","2":"type-product","3":"status-publish","4":"has-post-thumbnail","6":"product_cat-dideli-maisto-atsargu-rinkiniai","7":"product_cat-praktiskos-dovanu-idejos","8":"product_cat-savaites-maisto-atsargu-rinkiniai","9":"product_cat-tactical-foodpack-patiekalai","10":"product_cat-zygio-prekes","12":"first","13":"instock","14":"sale","15":"taxable","16":"shipping-taxable","17":"purchasable","18":"product-type-simple"},"bundled_by":[],"bundle_stock_status":"instock","bundle_stock_quantity":4,"bundle_virtual":false,"bundle_layout":"","bundle_add_to_cart_form_location":"","bundle_editable_in_cart":false,"bundle_sold_individually_context":"","bundle_item_grouping":"","bundle_min_size":"","bundle_max_size":"","bundle_price":[],"bundled_items":[],"bundle_sell_ids":[],"acf":[],"yoast_head":"<!-- This site is optimized with the Yoast SEO plugin v27.3 - https:\/\/yoast.com\/product\/yoast-seo-wordpress\/ -->\n<title>Weekpack Tango - Toidupakk.ee - Tactical Foodpack toidupakid<\/title>\n<meta name=\"description\" content=\"\u201eTactical Foodpack\u201c \u201eWeekpack Tango\u201c \u2013 tai savaitinis maisto atsarg\u0173 rinkinys, kur\u012f sudaro \u0161al\u010diu d\u017eiovinti patiekalai visai savaitei, galiojantys iki 4 met\u0173.\" \/>\n<meta name=\"robots\" content=\"index, follow, max-snippet:-1, max-image-preview:large, max-video-preview:-1\" \/>\n<link rel=\"canonical\" href=\"https:\/\/toidupakk.ee\/lt\/toode\/weekpack-tango\/\" \/>\n<meta property=\"og:locale\" content=\"lt_LT\" \/>\n<meta property=\"og:type\" content=\"article\" \/>\n<meta property=\"og:title\" content=\"Weekpack Tango - Toidupakk.ee - Tactical Foodpack toidupakid\" \/>\n<meta property=\"og:description\" content=\"\u201eTactical Foodpack\u201c \u201eWeekpack Tango\u201c \u2013 tai savaitinis maisto atsarg\u0173 rinkinys, kur\u012f sudaro \u0161al\u010diu d\u017eiovinti patiekalai visai savaitei, galiojantys iki 4 met\u0173.\" \/>\n<meta property=\"og:url\" content=\"https:\/\/toidupakk.ee\/lt\/toode\/weekpack-tango\/\" \/>\n<meta property=\"og:site_name\" content=\"Toidupakk.ee - Tactical Foodpack toidupakid\" \/>\n<meta property=\"article:publisher\" content=\"https:\/\/www.facebook.com\/Toidupakk\" \/>\n<meta property=\"article:modified_time\" content=\"2026-04-14T22:30:11+00:00\" \/>\n<meta property=\"og:image\" content=\"https:\/\/toidupakk.ee\/wp-content\/uploads\/2024\/09\/Weekpack-Tango.png\" \/>\n\t<meta property=\"og:image:width\" content=\"800\" \/>\n\t<meta property=\"og:image:height\" content=\"800\" \/>\n\t<meta property=\"og:image:type\" content=\"image\/png\" \/>\n<meta name=\"twitter:card\" content=\"summary_large_image\" \/>\n<meta name=\"twitter:label1\" content=\"Est. reading time\" \/>\n\t<meta name=\"twitter:data1\" content=\"5 minut\u0117s\" \/>\n<script type=\"application\/ld+json\" class=\"yoast-schema-graph\">{\"@context\":\"https:\\\/\\\/schema.org\",\"@graph\":[{\"@type\":\"WebPage\",\"@id\":\"https:\\\/\\\/toidupakk.ee\\\/lt\\\/toode\\\/weekpack-tango\\\/\",\"url\":\"https:\\\/\\\/toidupakk.ee\\\/lt\\\/toode\\\/weekpack-tango\\\/\",\"name\":\"Weekpack Tango - Toidupakk.ee - Tactical Foodpack toidupakid\",\"isPartOf\":{\"@id\":\"https:\\\/\\\/toidupakk.ee\\\/lt\\\/#website\"},\"primaryImageOfPage\":{\"@id\":\"https:\\\/\\\/toidupakk.ee\\\/lt\\\/toode\\\/weekpack-tango\\\/#primaryimage\"},\"image\":{\"@id\":\"https:\\\/\\\/toidupakk.ee\\\/lt\\\/toode\\\/weekpack-tango\\\/#primaryimage\"},\"thumbnailUrl\":\"https:\\\/\\\/toidupakk.ee\\\/wp-content\\\/uploads\\\/2024\\\/09\\\/Weekpack-Tango.png\",\"datePublished\":\"2024-09-11T11:39:30+00:00\",\"dateModified\":\"2026-04-14T22:30:11+00:00\",\"description\":\"\u201eTactical Foodpack\u201c \u201eWeekpack Tango\u201c \u2013 tai savaitinis maisto atsarg\u0173 rinkinys, kur\u012f sudaro \u0161al\u010diu d\u017eiovinti patiekalai visai savaitei, galiojantys iki 4 met\u0173.\",\"breadcrumb\":{\"@id\":\"https:\\\/\\\/toidupakk.ee\\\/lt\\\/toode\\\/weekpack-tango\\\/#breadcrumb\"},\"inLanguage\":\"lt-LT\",\"potentialAction\":[{\"@type\":\"ReadAction\",\"target\":[\"https:\\\/\\\/toidupakk.ee\\\/lt\\\/toode\\\/weekpack-tango\\\/\"]}]},{\"@type\":\"ImageObject\",\"inLanguage\":\"lt-LT\",\"@id\":\"https:\\\/\\\/toidupakk.ee\\\/lt\\\/toode\\\/weekpack-tango\\\/#primaryimage\",\"url\":\"https:\\\/\\\/toidupakk.ee\\\/wp-content\\\/uploads\\\/2024\\\/09\\\/Weekpack-Tango.png\",\"contentUrl\":\"https:\\\/\\\/toidupakk.ee\\\/wp-content\\\/uploads\\\/2024\\\/09\\\/Weekpack-Tango.png\",\"width\":800,\"height\":800,\"caption\":\"Tactical Foodpack Tango bucket\"},{\"@type\":\"BreadcrumbList\",\"@id\":\"https:\\\/\\\/toidupakk.ee\\\/lt\\\/toode\\\/weekpack-tango\\\/#breadcrumb\",\"itemListElement\":[{\"@type\":\"ListItem\",\"position\":1,\"name\":\"Avaleht\",\"item\":\"https:\\\/\\\/toidupakk.ee\\\/lt\\\/\"},{\"@type\":\"ListItem\",\"position\":2,\"name\":\"El. parduotuv\u0117\",\"item\":\"https:\\\/\\\/toidupakk.ee\\\/lt\\\/el-parduotuve\\\/\"},{\"@type\":\"ListItem\",\"position\":3,\"name\":\"Weekpack Tango\"}]},{\"@type\":\"WebSite\",\"@id\":\"https:\\\/\\\/toidupakk.ee\\\/lt\\\/#website\",\"url\":\"https:\\\/\\\/toidupakk.ee\\\/lt\\\/\",\"name\":\"Toidupakk.ee - Tactical Foodpack toidupakid\",\"description\":\"Tactical Foodpack k\u00fclmkuivatatud toidupakid ja matkaeined\",\"publisher\":{\"@id\":\"https:\\\/\\\/toidupakk.ee\\\/lt\\\/#organization\"},\"potentialAction\":[{\"@type\":\"SearchAction\",\"target\":{\"@type\":\"EntryPoint\",\"urlTemplate\":\"https:\\\/\\\/toidupakk.ee\\\/lt\\\/?s={search_term_string}\"},\"query-input\":{\"@type\":\"PropertyValueSpecification\",\"valueRequired\":true,\"valueName\":\"search_term_string\"}}],\"inLanguage\":\"lt-LT\"},{\"@type\":\"Organization\",\"@id\":\"https:\\\/\\\/toidupakk.ee\\\/lt\\\/#organization\",\"name\":\"Tactical Foodpack matkaeined\",\"url\":\"https:\\\/\\\/toidupakk.ee\\\/lt\\\/\",\"logo\":{\"@type\":\"ImageObject\",\"inLanguage\":\"lt-LT\",\"@id\":\"https:\\\/\\\/toidupakk.ee\\\/lt\\\/#\\\/schema\\\/logo\\\/image\\\/\",\"url\":\"https:\\\/\\\/toidupakk.ee\\\/wp-content\\\/uploads\\\/2022\\\/01\\\/Toidupakk-matkapood-logo-transparent.png\",\"contentUrl\":\"https:\\\/\\\/toidupakk.ee\\\/wp-content\\\/uploads\\\/2022\\\/01\\\/Toidupakk-matkapood-logo-transparent.png\",\"width\":500,\"height\":500,\"caption\":\"Tactical Foodpack matkaeined\"},\"image\":{\"@id\":\"https:\\\/\\\/toidupakk.ee\\\/lt\\\/#\\\/schema\\\/logo\\\/image\\\/\"},\"sameAs\":[\"https:\\\/\\\/www.facebook.com\\\/Toidupakk\",\"https:\\\/\\\/www.instagram.com\\\/toidupakk\\\/\"]}]}<\/script>\n<!-- \/ Yoast SEO plugin. -->","yoast_head_json":{"title":"Weekpack Tango - Toidupakk.ee - Tactical Foodpack toidupakid","description":"\u201eTactical Foodpack\u201c \u201eWeekpack Tango\u201c \u2013 tai savaitinis maisto atsarg\u0173 rinkinys, kur\u012f sudaro \u0161al\u010diu d\u017eiovinti patiekalai visai savaitei, galiojantys iki 4 met\u0173.","robots":{"index":"index","follow":"follow","max-snippet":"max-snippet:-1","max-image-preview":"max-image-preview:large","max-video-preview":"max-video-preview:-1"},"canonical":"https:\/\/toidupakk.ee\/lt\/toode\/weekpack-tango\/","og_locale":"lt_LT","og_type":"article","og_title":"Weekpack Tango - Toidupakk.ee - Tactical Foodpack toidupakid","og_description":"\u201eTactical Foodpack\u201c \u201eWeekpack Tango\u201c \u2013 tai savaitinis maisto atsarg\u0173 rinkinys, kur\u012f sudaro \u0161al\u010diu d\u017eiovinti patiekalai visai savaitei, galiojantys iki 4 met\u0173.","og_url":"https:\/\/toidupakk.ee\/lt\/toode\/weekpack-tango\/","og_site_name":"Toidupakk.ee - Tactical Foodpack toidupakid","article_publisher":"https:\/\/www.facebook.com\/Toidupakk","article_modified_time":"2026-04-14T22:30:11+00:00","og_image":[{"width":800,"height":800,"url":"https:\/\/toidupakk.ee\/wp-content\/uploads\/2024\/09\/Weekpack-Tango.png","type":"image\/png"}],"twitter_card":"summary_large_image","twitter_misc":{"Est. reading time":"5 minut\u0117s"},"schema":{"@context":"https:\/\/schema.org","@graph":[{"@type":"WebPage","@id":"https:\/\/toidupakk.ee\/lt\/toode\/weekpack-tango\/","url":"https:\/\/toidupakk.ee\/lt\/toode\/weekpack-tango\/","name":"Weekpack Tango - Toidupakk.ee - Tactical Foodpack toidupakid","isPartOf":{"@id":"https:\/\/toidupakk.ee\/lt\/#website"},"primaryImageOfPage":{"@id":"https:\/\/toidupakk.ee\/lt\/toode\/weekpack-tango\/#primaryimage"},"image":{"@id":"https:\/\/toidupakk.ee\/lt\/toode\/weekpack-tango\/#primaryimage"},"thumbnailUrl":"https:\/\/toidupakk.ee\/wp-content\/uploads\/2024\/09\/Weekpack-Tango.png","datePublished":"2024-09-11T11:39:30+00:00","dateModified":"2026-04-14T22:30:11+00:00","description":"\u201eTactical Foodpack\u201c \u201eWeekpack Tango\u201c \u2013 tai savaitinis maisto atsarg\u0173 rinkinys, kur\u012f sudaro \u0161al\u010diu d\u017eiovinti patiekalai visai savaitei, galiojantys iki 4 met\u0173.","breadcrumb":{"@id":"https:\/\/toidupakk.ee\/lt\/toode\/weekpack-tango\/#breadcrumb"},"inLanguage":"lt-LT","potentialAction":[{"@type":"ReadAction","target":["https:\/\/toidupakk.ee\/lt\/toode\/weekpack-tango\/"]}]},{"@type":"ImageObject","inLanguage":"lt-LT","@id":"https:\/\/toidupakk.ee\/lt\/toode\/weekpack-tango\/#primaryimage","url":"https:\/\/toidupakk.ee\/wp-content\/uploads\/2024\/09\/Weekpack-Tango.png","contentUrl":"https:\/\/toidupakk.ee\/wp-content\/uploads\/2024\/09\/Weekpack-Tango.png","width":800,"height":800,"caption":"Tactical Foodpack Tango bucket"},{"@type":"BreadcrumbList","@id":"https:\/\/toidupakk.ee\/lt\/toode\/weekpack-tango\/#breadcrumb","itemListElement":[{"@type":"ListItem","position":1,"name":"Avaleht","item":"https:\/\/toidupakk.ee\/lt\/"},{"@type":"ListItem","position":2,"name":"El. parduotuv\u0117","item":"https:\/\/toidupakk.ee\/lt\/el-parduotuve\/"},{"@type":"ListItem","position":3,"name":"Weekpack Tango"}]},{"@type":"WebSite","@id":"https:\/\/toidupakk.ee\/lt\/#website","url":"https:\/\/toidupakk.ee\/lt\/","name":"Toidupakk.ee - Tactical Foodpack toidupakid","description":"Tactical Foodpack k\u00fclmkuivatatud toidupakid ja matkaeined","publisher":{"@id":"https:\/\/toidupakk.ee\/lt\/#organization"},"potentialAction":[{"@type":"SearchAction","target":{"@type":"EntryPoint","urlTemplate":"https:\/\/toidupakk.ee\/lt\/?s={search_term_string}"},"query-input":{"@type":"PropertyValueSpecification","valueRequired":true,"valueName":"search_term_string"}}],"inLanguage":"lt-LT"},{"@type":"Organization","@id":"https:\/\/toidupakk.ee\/lt\/#organization","name":"Tactical Foodpack matkaeined","url":"https:\/\/toidupakk.ee\/lt\/","logo":{"@type":"ImageObject","inLanguage":"lt-LT","@id":"https:\/\/toidupakk.ee\/lt\/#\/schema\/logo\/image\/","url":"https:\/\/toidupakk.ee\/wp-content\/uploads\/2022\/01\/Toidupakk-matkapood-logo-transparent.png","contentUrl":"https:\/\/toidupakk.ee\/wp-content\/uploads\/2022\/01\/Toidupakk-matkapood-logo-transparent.png","width":500,"height":500,"caption":"Tactical Foodpack matkaeined"},"image":{"@id":"https:\/\/toidupakk.ee\/lt\/#\/schema\/logo\/image\/"},"sameAs":["https:\/\/www.facebook.com\/Toidupakk","https:\/\/www.instagram.com\/toidupakk\/"]}]}},"jetpack_sharing_enabled":true,"_links":{"self":[{"href":"https:\/\/toidupakk.ee\/lt\/wp-json\/wp\/v2\/product\/46807","targetHints":{"allow":["GET"]}}],"collection":[{"href":"https:\/\/toidupakk.ee\/lt\/wp-json\/wp\/v2\/product"}],"about":[{"href":"https:\/\/toidupakk.ee\/lt\/wp-json\/wp\/v2\/types\/product"}],"replies":[{"embeddable":true,"href":"https:\/\/toidupakk.ee\/lt\/wp-json\/wp\/v2\/comments?post=46807"}],"wp:featuredmedia":[{"embeddable":true,"href":"https:\/\/toidupakk.ee\/lt\/wp-json\/wp\/v2\/media\/46814"}],"wp:attachment":[{"href":"https:\/\/toidupakk.ee\/lt\/wp-json\/wp\/v2\/media?parent=46807"}],"wp:term":[{"taxonomy":"product_brand","embeddable":true,"href":"https:\/\/toidupakk.ee\/lt\/wp-json\/wp\/v2\/product_brand?post=46807"},{"taxonomy":"product_cat","embeddable":true,"href":"https:\/\/toidupakk.ee\/lt\/wp-json\/wp\/v2\/product_cat?post=46807"},{"taxonomy":"product_tag","embeddable":true,"href":"https:\/\/toidupakk.ee\/lt\/wp-json\/wp\/v2\/product_tag?post=46807"}],"curies":[{"name":"wp","href":"https:\/\/api.w.org\/{rel}","templated":true}]}}