{"id":46797,"date":"2024-07-16T09:53:29","date_gmt":"2024-07-16T06:53:29","guid":{"rendered":"https:\/\/toidupakk.ee\/toode\/priemone-po-uodu-ikandimu-after-bite\/"},"modified":"2026-04-16T17:31:02","modified_gmt":"2026-04-16T14:31:02","slug":"priemone-po-uodu-ikandimu-after-bite","status":"publish","type":"product","link":"https:\/\/toidupakk.ee\/lt\/toode\/priemone-po-uodu-ikandimu-after-bite\/","title":{"rendered":"Priemon\u0117 po uod\u0173 \u012fkandim\u0173 \u201eAfter Bite\u00ae\u201c"},"content":{"rendered":"<div class=\"flex-shrink-0 flex flex-col relative items-end\">\n<div>\n<div class=\"pt-0.5 juice:pt-0\">\n<div class=\"gizmo-bot-avatar flex h-6 w-6 items-center justify-center overflow-hidden rounded-full juice:h-8 juice:w-8\">\n<h1 class=\"relative p-1 rounded-sm flex items-center justify-center bg-token-main-surface-primary text-token-text-primary h-8 w-8\">\u201eAfter Bite\u201c \u2013 greita ir patogi pagalba po vabzd\u017ei\u0173 \u012fkandim\u0173<\/h1>\n<\/div>\n<\/div>\n<\/div>\n<\/div>\n<div class=\"group\/conversation-turn relative flex w-full min-w-0 flex-col agent-turn\">\n<div class=\"flex-col gap-1 md:gap-3\">\n<div class=\"flex flex-grow flex-col max-w-full\">\n<div class=\"min-h-[20px] text-message flex flex-col items-start whitespace-pre-wrap break-words [.text-message+&amp;]:mt-5 juice:w-full juice:items-end overflow-x-auto gap-2\" dir=\"auto\" data-message-author-role=\"assistant\" data-message-id=\"a25c6097-4e0b-48de-8abd-87334a5e41f5\">\n<h2 class=\"flex w-full flex-col gap-1 juice:empty:hidden juice:first:pt-[3px]\">Greitas palengv\u0117jimas po vabzd\u017ei\u0173 \u012fkandim\u0173<\/h2>\n<p>Da\u017enai b\u016bni gamtoje ir susiduri su \u012fkyriais vabzd\u017ei\u0173 \u012fkandimais? \u201eAfter Bite\u201c yra patikimas sprendimas, naudojamas jau daugiau nei 45 metus. Jis veiksmingai ma\u017eina nie\u017eul\u012f ir sudirginim\u0105 po uod\u0173, ma\u0161al\u0173, ugnini\u0173 skruzd\u017ei\u0173 ar bi\u010di\u0173 \u012fkandim\u0173.  <\/p>\n<h2 class=\"flex w-full flex-col gap-1 juice:empty:hidden juice:first:pt-[3px]\">Patogu ne\u0161iotis<\/h2>\n<p>Ne\u0161iojamas pie\u0161tukas su aplikatoriumi lengvai telpa \u012f ki\u0161en\u0119, kuprin\u0119 ar rankin\u0119, tad nie\u017eul\u012f mal\u0161inanti priemon\u0117 visada bus po ranka. \u0160is kelion\u0117ms pritaikytas produktas idealiai tinka \u017eygeiviams, \u017evejams, stovyklautojams ir visiems, m\u0117gstantiems gamt\u0105. Daugiau nebereik\u0117s sukti galvos d\u0117l netik\u0117t\u0173 \u012fkandim\u0173 \u2013 \u201eAfter Bite\u201c visada \u0161alia, kad suteikt\u0173 greit\u0105 pagalb\u0105.  <\/p>\n<p><img fetchpriority=\"high\" decoding=\"async\" class=\"alignright wp-image-24274 size-thumbnail\" src=\"https:\/\/toidupakk.ee\/wp-content\/uploads\/2024\/06\/saasehammustuste-leevendaja-after-bite-6-500x500.jpg\" alt=\"priemon\u0117 po uod\u0173 \u012fkandim\u0173 \u201eAfter Bite\u201c\" width=\"500\" height=\"500\" srcset=\"https:\/\/toidupakk.ee\/wp-content\/uploads\/2024\/06\/saasehammustuste-leevendaja-after-bite-6-500x500.jpg 500w, https:\/\/toidupakk.ee\/wp-content\/uploads\/2024\/06\/saasehammustuste-leevendaja-after-bite-6-400x400.jpg 400w, https:\/\/toidupakk.ee\/wp-content\/uploads\/2024\/06\/saasehammustuste-leevendaja-after-bite-6-100x100.jpg 100w, https:\/\/toidupakk.ee\/wp-content\/uploads\/2024\/06\/saasehammustuste-leevendaja-after-bite-6-300x300.jpg 300w, https:\/\/toidupakk.ee\/wp-content\/uploads\/2024\/06\/saasehammustuste-leevendaja-after-bite-6-768x768.jpg 768w, https:\/\/toidupakk.ee\/wp-content\/uploads\/2024\/06\/saasehammustuste-leevendaja-after-bite-6.jpg 800w\" sizes=\"(max-width: 500px) 100vw, 500px\" \/><\/p>\n<h2 class=\"relative p-1 rounded-sm flex items-center justify-center bg-token-main-surface-primary text-token-text-primary h-8 w-8\">\u201eAfter Bite\u201c yra draugi\u0161kas aplinkai ir saugus odai<\/h2>\n<p>\u201eAfter Bite\u201c sud\u0117tyje n\u0117ra paraben\u0173, jis n\u0117ra bandomas su gyv\u016bnais, tod\u0117l gali j\u012f naudoti ramia s\u0105\u017eine. Be to, produktas yra saugus ir tinka net jautriai odai.  <\/p>\n<h2>Veiksminga sud\u0117tis<\/h2>\n<p>Produkto sud\u0117tyje yra veiksming\u0173 med\u017eiag\u0173, kurios greitai mal\u0161ina nie\u017eul\u012f ir sudirginim\u0105. Aktyvioji med\u017eiaga \u2013 natrio bikarbonatas (5 %), kuris ramina od\u0105 ir ma\u017eina nie\u017eul\u012f. Taip pat \u201eAfter Bite\u201c sud\u0117tyje yra amoniako, glicerino ir vandens, padedan\u010di\u0173 i\u0161laikyti od\u0105 dr\u0117gn\u0105 ir apsaugot\u0105.  <\/p>\n<h2>Kaip naudoti \u201eAfter Bite\u201c?<\/h2>\n<p>Naudoti \u201eAfter Bite\u201c paprasta ir patogu. Pie\u0161tuku-aplikatoriumi u\u017etepk nedidel\u012f kiek\u012f priemon\u0117s tiesiai ant \u012fkandimo vietos ir \u0161velniai \u012ftrink. Palengv\u0117jim\u0105 pajusi jau po keli\u0173 minu\u010di\u0173. \u201eAfter Bite\u201c galima naudoti kelis kartus per dien\u0105 pagal poreik\u012f.   <\/p>\n<h2>Kod\u0117l verta rinktis \u201eAfter Bite\u201c?<\/h2>\n<ul>\n<li><strong>Veiksmingas palengv\u0117jimas:<\/strong> greita ir efektyvi pagalba nie\u017euliui mal\u0161inti.<\/li>\n<li><strong>Patogu ne\u0161iotis:<\/strong> ne\u0161iojamas pie\u0161tukas telpa \u012f ki\u0161en\u0119 ar krep\u0161\u012f, tod\u0117l visada bus po ranka.<\/li>\n<li><strong>Saugi sud\u0117tis:<\/strong> be paraben\u0173, tinka ir jautriai odai.<\/li>\n<li><strong>Patikima:<\/strong> daugiau nei 45 met\u0173 patirtis mal\u0161inant \u012fkandimus. Nebandyta su gyv\u016bnais. <\/li>\n<\/ul>\n<p><img decoding=\"async\" class=\"alignnone size-thumbnail wp-image-24275\" src=\"https:\/\/toidupakk.ee\/wp-content\/uploads\/2024\/06\/saasehammustuste-leevendaja-after-bite-7-500x500.jpg\" alt=\"priemon\u0117 po vabzd\u017ei\u0173 \u012fkandim\u0173\" width=\"500\" height=\"500\" srcset=\"https:\/\/toidupakk.ee\/wp-content\/uploads\/2024\/06\/saasehammustuste-leevendaja-after-bite-7-500x500.jpg 500w, https:\/\/toidupakk.ee\/wp-content\/uploads\/2024\/06\/saasehammustuste-leevendaja-after-bite-7-400x400.jpg 400w, https:\/\/toidupakk.ee\/wp-content\/uploads\/2024\/06\/saasehammustuste-leevendaja-after-bite-7-100x100.jpg 100w, https:\/\/toidupakk.ee\/wp-content\/uploads\/2024\/06\/saasehammustuste-leevendaja-after-bite-7-300x300.jpg 300w, https:\/\/toidupakk.ee\/wp-content\/uploads\/2024\/06\/saasehammustuste-leevendaja-after-bite-7-768x768.jpg 768w, https:\/\/toidupakk.ee\/wp-content\/uploads\/2024\/06\/saasehammustuste-leevendaja-after-bite-7.jpg 800w\" sizes=\"(max-width: 500px) 100vw, 500px\" \/><\/p>\n<p>\u201eAfter Bite\u201c \u2013 idealus pasirinkimas visiems, kurie daug laiko leid\u017eia gamtoje ir nori b\u016bti pasiruo\u0161\u0119 netik\u0117tiems \u012fkandimams. Neleisk vabzd\u017eiams sugadinti tavo nuotyki\u0173 \u2013 rinkis \u201eAfter Bite\u201c ir m\u0117gaukis laiku gamtoje be r\u016bpes\u010di\u0173! <\/p>\n<p>Daugiau \u017eygio reikmen\u0173 rasi <a href=\"https:\/\/toidupakk.ee\/lt\/tootekategooria\/zygio-iranga\/#section-3-79\">\u010cIA<\/a><\/p>\n<p>Pasisemk \u012fkv\u0117pimo kitiems nuotykiams \u201eToidupakk\u201c <a href=\"https:\/\/www.instagram.com\/toidupakk\/\">Instagram<\/a> ir <a href=\"https:\/\/www.facebook.com\/Toidupakk\/\">Facebook<\/a> paskyrose.<\/p>\n<\/div>\n<\/div>\n<\/div>\n<\/div>\n","protected":false},"excerpt":{"rendered":"<p><strong>Patikimas produktas, mal\u0161inantis vabzd\u017ei\u0173 \u012fkandimus jau daugiau nei 45 metus<\/strong><\/p>\n<ul>\n<li>Ma\u017eina nie\u017eul\u012f po uod\u0173, ma\u0161al\u0173, ugnini\u0173 skruzd\u017ei\u0173 ir bi\u010di\u0173 \u012fkandim\u0173<\/li>\n<li>Ne\u0161iojamas pie\u0161tukas su aplikatoriumi patogiai telpa ki\u0161en\u0117je ar krep\u0161yje, kad priemon\u0117 visada b\u016bt\u0173 po ranka<\/li>\n<li>Produktas nebandytas su gyv\u016bnais<\/li>\n<li>Produkto sud\u0117tyje n\u0117ra paraben\u0173<\/li>\n<li>Sud\u0117tis: natrio bikarbonatas 5 %, amoniakas, glicerinas, vanduo<\/li>\n<\/ul>\n<p>\u2705 Turime sand\u0117lyje, greitas pristatymas per 1\u20133 darbo dienas<\/p>\n","protected":false},"featured_media":35899,"comment_status":"open","ping_status":"closed","template":"","meta":{"_acf_changed":false},"product_brand":[],"product_cat":[259,189,190],"product_tag":[],"class_list":{"0":"post-46797","1":"product","2":"type-product","3":"status-publish","4":"has-post-thumbnail","6":"product_cat-apsauga-nuo-uodu-apsauga-nuo-vabzdziu-apsauga-nuo-erkiu","7":"product_cat-zygio-iranga","8":"product_cat-zygio-prekes","10":"first","11":"instock","12":"taxable","13":"shipping-taxable","14":"purchasable","15":"product-type-simple"},"bundled_by":[],"bundle_stock_status":"instock","bundle_stock_quantity":17,"bundle_virtual":false,"bundle_layout":"","bundle_add_to_cart_form_location":"","bundle_editable_in_cart":false,"bundle_sold_individually_context":"","bundle_item_grouping":"","bundle_min_size":"","bundle_max_size":"","bundle_price":[],"bundled_items":[],"bundle_sell_ids":[],"acf":[],"yoast_head":"<!-- This site is optimized with the Yoast SEO plugin v27.3 - https:\/\/yoast.com\/product\/yoast-seo-wordpress\/ -->\n<title>Priemon\u0117 po uod\u0173 \u012fkandim\u0173 \u201eAfter Bite\u00ae\u201c<\/title>\n<meta name=\"description\" content=\"\u201eAfter Bite\u201c ma\u017eina vabzd\u017ei\u0173 \u012fkandim\u0173 sukelt\u0105 nie\u017eul\u012f. Tai patikimas produktas, rinkoje esantis jau daugiau nei 45 metus.\" \/>\n<meta name=\"robots\" content=\"index, follow, max-snippet:-1, max-image-preview:large, max-video-preview:-1\" \/>\n<link rel=\"canonical\" href=\"https:\/\/toidupakk.ee\/lt\/toode\/priemone-po-uodu-ikandimu-after-bite\/\" \/>\n<meta property=\"og:locale\" content=\"lt_LT\" \/>\n<meta property=\"og:type\" content=\"article\" \/>\n<meta property=\"og:title\" content=\"Priemon\u0117 po uod\u0173 \u012fkandim\u0173 \u201eAfter Bite\u00ae\u201c\" \/>\n<meta property=\"og:description\" content=\"\u201eAfter Bite\u201c ma\u017eina vabzd\u017ei\u0173 \u012fkandim\u0173 sukelt\u0105 nie\u017eul\u012f. Tai patikimas produktas, rinkoje esantis jau daugiau nei 45 metus.\" \/>\n<meta property=\"og:url\" content=\"https:\/\/toidupakk.ee\/lt\/toode\/priemone-po-uodu-ikandimu-after-bite\/\" \/>\n<meta property=\"og:site_name\" content=\"Toidupakk.ee - Tactical Foodpack toidupakid\" \/>\n<meta property=\"article:publisher\" content=\"https:\/\/www.facebook.com\/Toidupakk\" \/>\n<meta property=\"article:modified_time\" content=\"2026-04-16T14:31:02+00:00\" \/>\n<meta property=\"og:image\" content=\"https:\/\/toidupakk.ee\/wp-content\/uploads\/2024\/07\/Saasehammustuse-leevendaja-after-bite-1.png\" \/>\n\t<meta property=\"og:image:width\" content=\"800\" \/>\n\t<meta property=\"og:image:height\" content=\"800\" \/>\n\t<meta property=\"og:image:type\" content=\"image\/png\" \/>\n<meta name=\"twitter:card\" content=\"summary_large_image\" \/>\n<meta name=\"twitter:label1\" content=\"Est. reading time\" \/>\n\t<meta name=\"twitter:data1\" content=\"2 minut\u0117s\" \/>\n<script type=\"application\/ld+json\" class=\"yoast-schema-graph\">{\"@context\":\"https:\\\/\\\/schema.org\",\"@graph\":[{\"@type\":\"WebPage\",\"@id\":\"https:\\\/\\\/toidupakk.ee\\\/lt\\\/toode\\\/priemone-po-uodu-ikandimu-after-bite\\\/\",\"url\":\"https:\\\/\\\/toidupakk.ee\\\/lt\\\/toode\\\/priemone-po-uodu-ikandimu-after-bite\\\/\",\"name\":\"Priemon\u0117 po uod\u0173 \u012fkandim\u0173 \u201eAfter Bite\u00ae\u201c\",\"isPartOf\":{\"@id\":\"https:\\\/\\\/toidupakk.ee\\\/lt\\\/#website\"},\"primaryImageOfPage\":{\"@id\":\"https:\\\/\\\/toidupakk.ee\\\/lt\\\/toode\\\/priemone-po-uodu-ikandimu-after-bite\\\/#primaryimage\"},\"image\":{\"@id\":\"https:\\\/\\\/toidupakk.ee\\\/lt\\\/toode\\\/priemone-po-uodu-ikandimu-after-bite\\\/#primaryimage\"},\"thumbnailUrl\":\"https:\\\/\\\/toidupakk.ee\\\/wp-content\\\/uploads\\\/2024\\\/07\\\/Saasehammustuse-leevendaja-after-bite-1.png\",\"datePublished\":\"2024-07-16T06:53:29+00:00\",\"dateModified\":\"2026-04-16T14:31:02+00:00\",\"description\":\"\u201eAfter Bite\u201c ma\u017eina vabzd\u017ei\u0173 \u012fkandim\u0173 sukelt\u0105 nie\u017eul\u012f. Tai patikimas produktas, rinkoje esantis jau daugiau nei 45 metus.\",\"breadcrumb\":{\"@id\":\"https:\\\/\\\/toidupakk.ee\\\/lt\\\/toode\\\/priemone-po-uodu-ikandimu-after-bite\\\/#breadcrumb\"},\"inLanguage\":\"lt-LT\",\"potentialAction\":[{\"@type\":\"ReadAction\",\"target\":[\"https:\\\/\\\/toidupakk.ee\\\/lt\\\/toode\\\/priemone-po-uodu-ikandimu-after-bite\\\/\"]}]},{\"@type\":\"ImageObject\",\"inLanguage\":\"lt-LT\",\"@id\":\"https:\\\/\\\/toidupakk.ee\\\/lt\\\/toode\\\/priemone-po-uodu-ikandimu-after-bite\\\/#primaryimage\",\"url\":\"https:\\\/\\\/toidupakk.ee\\\/wp-content\\\/uploads\\\/2024\\\/07\\\/Saasehammustuse-leevendaja-after-bite-1.png\",\"contentUrl\":\"https:\\\/\\\/toidupakk.ee\\\/wp-content\\\/uploads\\\/2024\\\/07\\\/Saasehammustuse-leevendaja-after-bite-1.png\",\"width\":800,\"height\":800,\"caption\":\"after bite s\u00e4\u00e4sehammustuse leevendaja\"},{\"@type\":\"BreadcrumbList\",\"@id\":\"https:\\\/\\\/toidupakk.ee\\\/lt\\\/toode\\\/priemone-po-uodu-ikandimu-after-bite\\\/#breadcrumb\",\"itemListElement\":[{\"@type\":\"ListItem\",\"position\":1,\"name\":\"Avaleht\",\"item\":\"https:\\\/\\\/toidupakk.ee\\\/lt\\\/\"},{\"@type\":\"ListItem\",\"position\":2,\"name\":\"El. parduotuv\u0117\",\"item\":\"https:\\\/\\\/toidupakk.ee\\\/lt\\\/el-parduotuve\\\/\"},{\"@type\":\"ListItem\",\"position\":3,\"name\":\"Priemon\u0117 po uod\u0173 \u012fkandim\u0173 \u201eAfter Bite\u00ae\u201c\"}]},{\"@type\":\"WebSite\",\"@id\":\"https:\\\/\\\/toidupakk.ee\\\/lt\\\/#website\",\"url\":\"https:\\\/\\\/toidupakk.ee\\\/lt\\\/\",\"name\":\"Toidupakk.ee - Tactical Foodpack toidupakid\",\"description\":\"Tactical Foodpack k\u00fclmkuivatatud toidupakid ja matkaeined\",\"publisher\":{\"@id\":\"https:\\\/\\\/toidupakk.ee\\\/lt\\\/#organization\"},\"potentialAction\":[{\"@type\":\"SearchAction\",\"target\":{\"@type\":\"EntryPoint\",\"urlTemplate\":\"https:\\\/\\\/toidupakk.ee\\\/lt\\\/?s={search_term_string}\"},\"query-input\":{\"@type\":\"PropertyValueSpecification\",\"valueRequired\":true,\"valueName\":\"search_term_string\"}}],\"inLanguage\":\"lt-LT\"},{\"@type\":\"Organization\",\"@id\":\"https:\\\/\\\/toidupakk.ee\\\/lt\\\/#organization\",\"name\":\"Tactical Foodpack matkaeined\",\"url\":\"https:\\\/\\\/toidupakk.ee\\\/lt\\\/\",\"logo\":{\"@type\":\"ImageObject\",\"inLanguage\":\"lt-LT\",\"@id\":\"https:\\\/\\\/toidupakk.ee\\\/lt\\\/#\\\/schema\\\/logo\\\/image\\\/\",\"url\":\"https:\\\/\\\/toidupakk.ee\\\/wp-content\\\/uploads\\\/2022\\\/01\\\/Toidupakk-matkapood-logo-transparent.png\",\"contentUrl\":\"https:\\\/\\\/toidupakk.ee\\\/wp-content\\\/uploads\\\/2022\\\/01\\\/Toidupakk-matkapood-logo-transparent.png\",\"width\":500,\"height\":500,\"caption\":\"Tactical Foodpack matkaeined\"},\"image\":{\"@id\":\"https:\\\/\\\/toidupakk.ee\\\/lt\\\/#\\\/schema\\\/logo\\\/image\\\/\"},\"sameAs\":[\"https:\\\/\\\/www.facebook.com\\\/Toidupakk\",\"https:\\\/\\\/www.instagram.com\\\/toidupakk\\\/\"]}]}<\/script>\n<!-- \/ Yoast SEO plugin. -->","yoast_head_json":{"title":"Priemon\u0117 po uod\u0173 \u012fkandim\u0173 \u201eAfter Bite\u00ae\u201c","description":"\u201eAfter Bite\u201c ma\u017eina vabzd\u017ei\u0173 \u012fkandim\u0173 sukelt\u0105 nie\u017eul\u012f. Tai patikimas produktas, rinkoje esantis jau daugiau nei 45 metus.","robots":{"index":"index","follow":"follow","max-snippet":"max-snippet:-1","max-image-preview":"max-image-preview:large","max-video-preview":"max-video-preview:-1"},"canonical":"https:\/\/toidupakk.ee\/lt\/toode\/priemone-po-uodu-ikandimu-after-bite\/","og_locale":"lt_LT","og_type":"article","og_title":"Priemon\u0117 po uod\u0173 \u012fkandim\u0173 \u201eAfter Bite\u00ae\u201c","og_description":"\u201eAfter Bite\u201c ma\u017eina vabzd\u017ei\u0173 \u012fkandim\u0173 sukelt\u0105 nie\u017eul\u012f. Tai patikimas produktas, rinkoje esantis jau daugiau nei 45 metus.","og_url":"https:\/\/toidupakk.ee\/lt\/toode\/priemone-po-uodu-ikandimu-after-bite\/","og_site_name":"Toidupakk.ee - Tactical Foodpack toidupakid","article_publisher":"https:\/\/www.facebook.com\/Toidupakk","article_modified_time":"2026-04-16T14:31:02+00:00","og_image":[{"width":800,"height":800,"url":"https:\/\/toidupakk.ee\/wp-content\/uploads\/2024\/07\/Saasehammustuse-leevendaja-after-bite-1.png","type":"image\/png"}],"twitter_card":"summary_large_image","twitter_misc":{"Est. reading time":"2 minut\u0117s"},"schema":{"@context":"https:\/\/schema.org","@graph":[{"@type":"WebPage","@id":"https:\/\/toidupakk.ee\/lt\/toode\/priemone-po-uodu-ikandimu-after-bite\/","url":"https:\/\/toidupakk.ee\/lt\/toode\/priemone-po-uodu-ikandimu-after-bite\/","name":"Priemon\u0117 po uod\u0173 \u012fkandim\u0173 \u201eAfter Bite\u00ae\u201c","isPartOf":{"@id":"https:\/\/toidupakk.ee\/lt\/#website"},"primaryImageOfPage":{"@id":"https:\/\/toidupakk.ee\/lt\/toode\/priemone-po-uodu-ikandimu-after-bite\/#primaryimage"},"image":{"@id":"https:\/\/toidupakk.ee\/lt\/toode\/priemone-po-uodu-ikandimu-after-bite\/#primaryimage"},"thumbnailUrl":"https:\/\/toidupakk.ee\/wp-content\/uploads\/2024\/07\/Saasehammustuse-leevendaja-after-bite-1.png","datePublished":"2024-07-16T06:53:29+00:00","dateModified":"2026-04-16T14:31:02+00:00","description":"\u201eAfter Bite\u201c ma\u017eina vabzd\u017ei\u0173 \u012fkandim\u0173 sukelt\u0105 nie\u017eul\u012f. Tai patikimas produktas, rinkoje esantis jau daugiau nei 45 metus.","breadcrumb":{"@id":"https:\/\/toidupakk.ee\/lt\/toode\/priemone-po-uodu-ikandimu-after-bite\/#breadcrumb"},"inLanguage":"lt-LT","potentialAction":[{"@type":"ReadAction","target":["https:\/\/toidupakk.ee\/lt\/toode\/priemone-po-uodu-ikandimu-after-bite\/"]}]},{"@type":"ImageObject","inLanguage":"lt-LT","@id":"https:\/\/toidupakk.ee\/lt\/toode\/priemone-po-uodu-ikandimu-after-bite\/#primaryimage","url":"https:\/\/toidupakk.ee\/wp-content\/uploads\/2024\/07\/Saasehammustuse-leevendaja-after-bite-1.png","contentUrl":"https:\/\/toidupakk.ee\/wp-content\/uploads\/2024\/07\/Saasehammustuse-leevendaja-after-bite-1.png","width":800,"height":800,"caption":"after bite s\u00e4\u00e4sehammustuse leevendaja"},{"@type":"BreadcrumbList","@id":"https:\/\/toidupakk.ee\/lt\/toode\/priemone-po-uodu-ikandimu-after-bite\/#breadcrumb","itemListElement":[{"@type":"ListItem","position":1,"name":"Avaleht","item":"https:\/\/toidupakk.ee\/lt\/"},{"@type":"ListItem","position":2,"name":"El. parduotuv\u0117","item":"https:\/\/toidupakk.ee\/lt\/el-parduotuve\/"},{"@type":"ListItem","position":3,"name":"Priemon\u0117 po uod\u0173 \u012fkandim\u0173 \u201eAfter Bite\u00ae\u201c"}]},{"@type":"WebSite","@id":"https:\/\/toidupakk.ee\/lt\/#website","url":"https:\/\/toidupakk.ee\/lt\/","name":"Toidupakk.ee - Tactical Foodpack toidupakid","description":"Tactical Foodpack k\u00fclmkuivatatud toidupakid ja matkaeined","publisher":{"@id":"https:\/\/toidupakk.ee\/lt\/#organization"},"potentialAction":[{"@type":"SearchAction","target":{"@type":"EntryPoint","urlTemplate":"https:\/\/toidupakk.ee\/lt\/?s={search_term_string}"},"query-input":{"@type":"PropertyValueSpecification","valueRequired":true,"valueName":"search_term_string"}}],"inLanguage":"lt-LT"},{"@type":"Organization","@id":"https:\/\/toidupakk.ee\/lt\/#organization","name":"Tactical Foodpack matkaeined","url":"https:\/\/toidupakk.ee\/lt\/","logo":{"@type":"ImageObject","inLanguage":"lt-LT","@id":"https:\/\/toidupakk.ee\/lt\/#\/schema\/logo\/image\/","url":"https:\/\/toidupakk.ee\/wp-content\/uploads\/2022\/01\/Toidupakk-matkapood-logo-transparent.png","contentUrl":"https:\/\/toidupakk.ee\/wp-content\/uploads\/2022\/01\/Toidupakk-matkapood-logo-transparent.png","width":500,"height":500,"caption":"Tactical Foodpack matkaeined"},"image":{"@id":"https:\/\/toidupakk.ee\/lt\/#\/schema\/logo\/image\/"},"sameAs":["https:\/\/www.facebook.com\/Toidupakk","https:\/\/www.instagram.com\/toidupakk\/"]}]}},"jetpack_sharing_enabled":true,"_links":{"self":[{"href":"https:\/\/toidupakk.ee\/lt\/wp-json\/wp\/v2\/product\/46797","targetHints":{"allow":["GET"]}}],"collection":[{"href":"https:\/\/toidupakk.ee\/lt\/wp-json\/wp\/v2\/product"}],"about":[{"href":"https:\/\/toidupakk.ee\/lt\/wp-json\/wp\/v2\/types\/product"}],"replies":[{"embeddable":true,"href":"https:\/\/toidupakk.ee\/lt\/wp-json\/wp\/v2\/comments?post=46797"}],"wp:featuredmedia":[{"embeddable":true,"href":"https:\/\/toidupakk.ee\/lt\/wp-json\/wp\/v2\/media\/35899"}],"wp:attachment":[{"href":"https:\/\/toidupakk.ee\/lt\/wp-json\/wp\/v2\/media?parent=46797"}],"wp:term":[{"taxonomy":"product_brand","embeddable":true,"href":"https:\/\/toidupakk.ee\/lt\/wp-json\/wp\/v2\/product_brand?post=46797"},{"taxonomy":"product_cat","embeddable":true,"href":"https:\/\/toidupakk.ee\/lt\/wp-json\/wp\/v2\/product_cat?post=46797"},{"taxonomy":"product_tag","embeddable":true,"href":"https:\/\/toidupakk.ee\/lt\/wp-json\/wp\/v2\/product_tag?post=46797"}],"curies":[{"name":"wp","href":"https:\/\/api.w.org\/{rel}","templated":true}]}}