{"id":46765,"date":"2024-07-02T17:14:37","date_gmt":"2024-07-02T14:14:37","guid":{"rendered":"https:\/\/toidupakk.ee\/toode\/automobilinis-saldytuvas-dometic-tropicool-tcx-35\/"},"modified":"2026-04-16T13:31:17","modified_gmt":"2026-04-16T10:31:17","slug":"automobilinis-saldytuvas-dometic-tropicool-tcx-35","status":"publish","type":"product","link":"https:\/\/toidupakk.ee\/lt\/toode\/automobilinis-saldytuvas-dometic-tropicool-tcx-35\/","title":{"rendered":"Automobilinis \u0161aldytuvas \u201eDometic TropiCool TCX 35\u201c"},"content":{"rendered":"<h1>Automobilinis \u0161aldytuvas \u201eDometic TropiCool TCX 35\u201c<\/h1>\n<p><img fetchpriority=\"high\" decoding=\"async\" class=\"alignnone wp-image-24675 size-thumbnail\" src=\"https:\/\/toidupakk.ee\/wp-content\/uploads\/2024\/07\/Autokulmik-Dometic-TropiCool-TCX-35-3-500x500.jpg\" alt=\"\" width=\"500\" height=\"500\" srcset=\"https:\/\/toidupakk.ee\/wp-content\/uploads\/2024\/07\/Autokulmik-Dometic-TropiCool-TCX-35-3-500x500.jpg 500w, https:\/\/toidupakk.ee\/wp-content\/uploads\/2024\/07\/Autokulmik-Dometic-TropiCool-TCX-35-3-400x400.jpg 400w, https:\/\/toidupakk.ee\/wp-content\/uploads\/2024\/07\/Autokulmik-Dometic-TropiCool-TCX-35-3-100x100.jpg 100w, https:\/\/toidupakk.ee\/wp-content\/uploads\/2024\/07\/Autokulmik-Dometic-TropiCool-TCX-35-3-800x800.jpg 800w, https:\/\/toidupakk.ee\/wp-content\/uploads\/2024\/07\/Autokulmik-Dometic-TropiCool-TCX-35-3-300x300.jpg 300w, https:\/\/toidupakk.ee\/wp-content\/uploads\/2024\/07\/Autokulmik-Dometic-TropiCool-TCX-35-3-1024x1024.jpg 1024w, https:\/\/toidupakk.ee\/wp-content\/uploads\/2024\/07\/Autokulmik-Dometic-TropiCool-TCX-35-3-768x768.jpg 768w, https:\/\/toidupakk.ee\/wp-content\/uploads\/2024\/07\/Autokulmik-Dometic-TropiCool-TCX-35-3.jpg 1080w\" sizes=\"(max-width: 500px) 100vw, 500px\" \/><\/p>\n<p><img decoding=\"async\" class=\"alignnone wp-image-24680 size-thumbnail\" src=\"https:\/\/toidupakk.ee\/wp-content\/uploads\/2024\/07\/Autokulmik-Dometic-TropiCool-TCX-35-8-500x500.jpg\" alt=\"talpus 33 litr\u0173 automobilinis \u0161aldytuvas\" width=\"500\" height=\"500\" srcset=\"https:\/\/toidupakk.ee\/wp-content\/uploads\/2024\/07\/Autokulmik-Dometic-TropiCool-TCX-35-8-500x500.jpg 500w, https:\/\/toidupakk.ee\/wp-content\/uploads\/2024\/07\/Autokulmik-Dometic-TropiCool-TCX-35-8-400x400.jpg 400w, https:\/\/toidupakk.ee\/wp-content\/uploads\/2024\/07\/Autokulmik-Dometic-TropiCool-TCX-35-8-100x100.jpg 100w, https:\/\/toidupakk.ee\/wp-content\/uploads\/2024\/07\/Autokulmik-Dometic-TropiCool-TCX-35-8-800x800.jpg 800w, https:\/\/toidupakk.ee\/wp-content\/uploads\/2024\/07\/Autokulmik-Dometic-TropiCool-TCX-35-8-300x300.jpg 300w, https:\/\/toidupakk.ee\/wp-content\/uploads\/2024\/07\/Autokulmik-Dometic-TropiCool-TCX-35-8-1024x1024.jpg 1024w, https:\/\/toidupakk.ee\/wp-content\/uploads\/2024\/07\/Autokulmik-Dometic-TropiCool-TCX-35-8-768x768.jpg 768w, https:\/\/toidupakk.ee\/wp-content\/uploads\/2024\/07\/Autokulmik-Dometic-TropiCool-TCX-35-8.jpg 1080w\" sizes=\"(max-width: 500px) 100vw, 500px\" \/><\/p>\n<p><img decoding=\"async\" class=\"alignnone wp-image-24673 size-thumbnail\" src=\"https:\/\/toidupakk.ee\/wp-content\/uploads\/2024\/07\/Autokulmik-Dometic-TropiCool-TCX-35-1-500x500.png\" alt=\"\u201edometic\u201c automobilinis \u0161aldytuvas\" width=\"500\" height=\"500\" srcset=\"https:\/\/toidupakk.ee\/wp-content\/uploads\/2024\/07\/Autokulmik-Dometic-TropiCool-TCX-35-1-500x500.png 500w, https:\/\/toidupakk.ee\/wp-content\/uploads\/2024\/07\/Autokulmik-Dometic-TropiCool-TCX-35-1-400x400.png 400w, https:\/\/toidupakk.ee\/wp-content\/uploads\/2024\/07\/Autokulmik-Dometic-TropiCool-TCX-35-1-100x100.png 100w, https:\/\/toidupakk.ee\/wp-content\/uploads\/2024\/07\/Autokulmik-Dometic-TropiCool-TCX-35-1-800x800.png 800w, https:\/\/toidupakk.ee\/wp-content\/uploads\/2024\/07\/Autokulmik-Dometic-TropiCool-TCX-35-1-300x300.png 300w, https:\/\/toidupakk.ee\/wp-content\/uploads\/2024\/07\/Autokulmik-Dometic-TropiCool-TCX-35-1-1024x1024.png 1024w, https:\/\/toidupakk.ee\/wp-content\/uploads\/2024\/07\/Autokulmik-Dometic-TropiCool-TCX-35-1-768x768.png 768w, https:\/\/toidupakk.ee\/wp-content\/uploads\/2024\/07\/Autokulmik-Dometic-TropiCool-TCX-35-1.png 1080w\" sizes=\"(max-width: 500px) 100vw, 500px\" \/><\/p>\n<p>&nbsp;<\/p>\n<p>Su\u017einok daugiau apie \u201eTactical Foodpack\u201c \u017eygi\u0173 maist\u0105 <a href=\"https:\/\/toidupakk.ee\/lt\/tootekategooria\/tactical-foodpack-patiekalai\/\">\u010cIA.<\/a><\/p>\n<p>Daugiau \u017eygio reikmen\u0173 rasi <a href=\"https:\/\/toidupakk.ee\/lt\/tootekategooria\/zygio-iranga\/#section-3-79\">\u010cIA<\/a><\/p>\n<p>Pasisemk \u012fkv\u0117pimo kitiems nuotykiams \u201eToidupakk\u201c <a href=\"https:\/\/www.instagram.com\/toidupakk\/\">Instagram<\/a> ir <a href=\"https:\/\/www.facebook.com\/Toidupakk\/\">Facebook<\/a> paskyrose.<\/p>\n","protected":false},"excerpt":{"rendered":"<p><strong>Atrask tobul\u0105 kelioni\u0173 palydov\u0105 \u2013 \u201eDometic TropiCool TCX 35\u201c automobilin\u012f \u0161aldytuv\u0105!<\/strong><\/p>\n<ul>\n<li><strong>Ne\u0161iojamas ir efektyvus<\/strong>: \u201eDometic TropiCool TCX 35\u201c yra ne\u0161iojamas termoelektrinis \u0161aldytuvas, u\u017etikrinantis patog\u0173 ir efektyv\u0173 \u0161aldym\u0105 bei \u0161ildym\u0105. Idealus sprendimas i\u0161laikyti maist\u0105 ir g\u0117rimus \u0161vie\u017eius arba maist\u0105 \u0161ilt\u0105, kad ir kur b\u016btum. <\/li>\n<li><strong>Didel\u0117 talpa<\/strong>: 33 litr\u0173 talpa leid\u017eia sutalpinti pakankamai maisto ir g\u0117rim\u0173 ilgesn\u0117ms kelion\u0117ms.<\/li>\n<li><strong>Inovatyvus dizainas ir valdymas<\/strong>: \u0160velnaus prisilietimo valdymo skydelis u\u017etikrina patog\u0173 naudojim\u0105 ir visi\u0161k\u0105 kontrol\u0119. Atminties funkcija i\u0161saugo nustatymus net ir i\u0161jungus sistem\u0105. <\/li>\n<li><strong>Universalumas<\/strong>: \u0160aldytuvas veikia su 12 V ir 24 V DC bei 240 V AC \u012ftampa, tod\u0117l j\u012f galima naudoti automobilyje, valtyje ar namuose.<\/li>\n<li><strong>Efektyvus \u0161aldymas ir \u0161ildymas<\/strong>: Atv\u0117sina iki 27 \u00b0C \u017eemiau aplinkos temperat\u016bros ir \u012fkaitina iki +65 \u00b0C, u\u017etikrindamas optimali\u0105 temperat\u016br\u0105 pagal tavo poreikius.<\/li>\n<li><strong>I\u0161manus energijos taupymas<\/strong>: I\u0161mani energijos taupymo sistema ir aktyvi akumuliatoriaus apsauga neleid\u017eia transporto priemon\u0117s akumuliatoriui visi\u0161kai i\u0161sikrauti. 2 pakop\u0173 akumuliatoriaus apsauga u\u017etikrina dar didesn\u012f saugum\u0105. <\/li>\n<li><strong>Patogus ne\u0161iojimas<\/strong>: D\u0117l patogi\u0173 ranken\u0173 \u0161aldytuv\u0105 lengva ne\u0161ti ir transportuoti.<\/li>\n<li><strong>Patikima ventiliacija<\/strong>: Atsparus dilimui ventiliatorius u\u017etikrina dinami\u0161k\u0105 vidin\u0119 oro cirkuliacij\u0105, kad temperat\u016bra i\u0161likt\u0173 tolygi.<\/li>\n<li><strong>Komplekt\u0105 sudaro<\/strong>:\n<ul>\n<li>\u0160aldymo \u012frenginys<\/li>\n<li>Jungiamasis laidas cigare\u010di\u0173 degikliui<\/li>\n<li>Jungiamasis laidas 220\u2013240 V<\/li>\n<li>Naudojimo instrukcija<\/li>\n<li>\u0160aldytuvo turinio skirtukas<\/li>\n<\/ul>\n<\/li>\n<\/ul>\n<h4>Idealus kelioni\u0173 palydovas<\/h4>\n<p>\u201eDometic TropiCool TCX 35\u201c automobilinis \u0161aldytuvas yra idealus pasirinkimas \u017eygeiviams, kemperiams ir visiems, kuriems keliaujant reikia patikimo \u0161aldymo sprendimo. Puikus \u0161aldymo na\u0161umas ir energijos vartojimo efektyvumas u\u017etikrina, kad tavo maistas ir g\u0117rimai i\u0161likt\u0173 \u0161vie\u017ei ir skan\u016bs visos kelion\u0117s metu. <\/p>\n<p><strong>\u012esigyk savo \u201eDometic TropiCool TCX 35\u201c automobilin\u012f \u0161aldytuv\u0105 \u0161iandien ir m\u0117gaukis ner\u016bpestingomis kelion\u0117mis!<\/strong><\/p>\n<p>\u2705 Greitas pristatymas per 1\u20133 darbo dienas<\/p>\n","protected":false},"featured_media":24673,"comment_status":"open","ping_status":"closed","template":"","meta":{"_acf_changed":false},"product_brand":[],"product_cat":[189,190],"product_tag":[],"class_list":{"0":"post-46765","1":"product","2":"type-product","3":"status-publish","4":"has-post-thumbnail","6":"product_cat-zygio-iranga","7":"product_cat-zygio-prekes","9":"first","10":"instock","11":"sale","12":"taxable","13":"shipping-taxable","14":"purchasable","15":"product-type-simple"},"bundled_by":[],"bundle_stock_status":"instock","bundle_stock_quantity":1,"bundle_virtual":false,"bundle_layout":"","bundle_add_to_cart_form_location":"","bundle_editable_in_cart":false,"bundle_sold_individually_context":"","bundle_item_grouping":"","bundle_min_size":"","bundle_max_size":"","bundle_price":[],"bundled_items":[],"bundle_sell_ids":[],"acf":[],"yoast_head":"<!-- This site is optimized with the Yoast SEO plugin v27.3 - https:\/\/yoast.com\/product\/yoast-seo-wordpress\/ -->\n<title>Automobilinis \u0161aldytuvas \u201eDometic TropiCool TCX 35\u201c<\/title>\n<meta name=\"description\" content=\"\u201eDometic TropiCool TCX 35\u201c yra 33 litr\u0173 termoelektrinis automobilinis \u0161aldytuvas su \u0161aldymo ir \u0161ildymo funkcijomis. I\u0161laikyk g\u0117rimus ir maist\u0105 \u0161vie\u017eius.\" \/>\n<meta name=\"robots\" content=\"index, follow, max-snippet:-1, max-image-preview:large, max-video-preview:-1\" \/>\n<link rel=\"canonical\" href=\"https:\/\/toidupakk.ee\/lt\/toode\/automobilinis-saldytuvas-dometic-tropicool-tcx-35\/\" \/>\n<meta property=\"og:locale\" content=\"lt_LT\" \/>\n<meta property=\"og:type\" content=\"article\" \/>\n<meta property=\"og:title\" content=\"Automobilinis \u0161aldytuvas \u201eDometic TropiCool TCX 35\u201c\" \/>\n<meta property=\"og:description\" content=\"\u201eDometic TropiCool TCX 35\u201c yra 33 litr\u0173 termoelektrinis automobilinis \u0161aldytuvas su \u0161aldymo ir \u0161ildymo funkcijomis. I\u0161laikyk g\u0117rimus ir maist\u0105 \u0161vie\u017eius.\" \/>\n<meta property=\"og:url\" content=\"https:\/\/toidupakk.ee\/lt\/toode\/automobilinis-saldytuvas-dometic-tropicool-tcx-35\/\" \/>\n<meta property=\"og:site_name\" content=\"Toidupakk.ee - Tactical Foodpack toidupakid\" \/>\n<meta property=\"article:publisher\" content=\"https:\/\/www.facebook.com\/Toidupakk\" \/>\n<meta property=\"article:modified_time\" content=\"2026-04-16T10:31:17+00:00\" \/>\n<meta property=\"og:image\" content=\"https:\/\/toidupakk.ee\/wp-content\/uploads\/2024\/07\/Autokulmik-Dometic-TropiCool-TCX-35-1.png\" \/>\n\t<meta property=\"og:image:width\" content=\"1080\" \/>\n\t<meta property=\"og:image:height\" content=\"1080\" \/>\n\t<meta property=\"og:image:type\" content=\"image\/png\" \/>\n<meta name=\"twitter:card\" content=\"summary_large_image\" \/>\n<script type=\"application\/ld+json\" class=\"yoast-schema-graph\">{\"@context\":\"https:\\\/\\\/schema.org\",\"@graph\":[{\"@type\":\"WebPage\",\"@id\":\"https:\\\/\\\/toidupakk.ee\\\/lt\\\/toode\\\/automobilinis-saldytuvas-dometic-tropicool-tcx-35\\\/\",\"url\":\"https:\\\/\\\/toidupakk.ee\\\/lt\\\/toode\\\/automobilinis-saldytuvas-dometic-tropicool-tcx-35\\\/\",\"name\":\"Automobilinis \u0161aldytuvas \u201eDometic TropiCool TCX 35\u201c\",\"isPartOf\":{\"@id\":\"https:\\\/\\\/toidupakk.ee\\\/lt\\\/#website\"},\"primaryImageOfPage\":{\"@id\":\"https:\\\/\\\/toidupakk.ee\\\/lt\\\/toode\\\/automobilinis-saldytuvas-dometic-tropicool-tcx-35\\\/#primaryimage\"},\"image\":{\"@id\":\"https:\\\/\\\/toidupakk.ee\\\/lt\\\/toode\\\/automobilinis-saldytuvas-dometic-tropicool-tcx-35\\\/#primaryimage\"},\"thumbnailUrl\":\"https:\\\/\\\/toidupakk.ee\\\/wp-content\\\/uploads\\\/2024\\\/07\\\/Autokulmik-Dometic-TropiCool-TCX-35-1.png\",\"datePublished\":\"2024-07-02T14:14:37+00:00\",\"dateModified\":\"2026-04-16T10:31:17+00:00\",\"description\":\"\u201eDometic TropiCool TCX 35\u201c yra 33 litr\u0173 termoelektrinis automobilinis \u0161aldytuvas su \u0161aldymo ir \u0161ildymo funkcijomis. I\u0161laikyk g\u0117rimus ir maist\u0105 \u0161vie\u017eius.\",\"breadcrumb\":{\"@id\":\"https:\\\/\\\/toidupakk.ee\\\/lt\\\/toode\\\/automobilinis-saldytuvas-dometic-tropicool-tcx-35\\\/#breadcrumb\"},\"inLanguage\":\"lt-LT\",\"potentialAction\":[{\"@type\":\"ReadAction\",\"target\":[\"https:\\\/\\\/toidupakk.ee\\\/lt\\\/toode\\\/automobilinis-saldytuvas-dometic-tropicool-tcx-35\\\/\"]}]},{\"@type\":\"ImageObject\",\"inLanguage\":\"lt-LT\",\"@id\":\"https:\\\/\\\/toidupakk.ee\\\/lt\\\/toode\\\/automobilinis-saldytuvas-dometic-tropicool-tcx-35\\\/#primaryimage\",\"url\":\"https:\\\/\\\/toidupakk.ee\\\/wp-content\\\/uploads\\\/2024\\\/07\\\/Autokulmik-Dometic-TropiCool-TCX-35-1.png\",\"contentUrl\":\"https:\\\/\\\/toidupakk.ee\\\/wp-content\\\/uploads\\\/2024\\\/07\\\/Autokulmik-Dometic-TropiCool-TCX-35-1.png\",\"width\":1080,\"height\":1080,\"caption\":\"dometic autok\u00fclmik\"},{\"@type\":\"BreadcrumbList\",\"@id\":\"https:\\\/\\\/toidupakk.ee\\\/lt\\\/toode\\\/automobilinis-saldytuvas-dometic-tropicool-tcx-35\\\/#breadcrumb\",\"itemListElement\":[{\"@type\":\"ListItem\",\"position\":1,\"name\":\"Avaleht\",\"item\":\"https:\\\/\\\/toidupakk.ee\\\/lt\\\/\"},{\"@type\":\"ListItem\",\"position\":2,\"name\":\"El. parduotuv\u0117\",\"item\":\"https:\\\/\\\/toidupakk.ee\\\/lt\\\/el-parduotuve\\\/\"},{\"@type\":\"ListItem\",\"position\":3,\"name\":\"Automobilinis \u0161aldytuvas \u201eDometic TropiCool TCX 35\u201c\"}]},{\"@type\":\"WebSite\",\"@id\":\"https:\\\/\\\/toidupakk.ee\\\/lt\\\/#website\",\"url\":\"https:\\\/\\\/toidupakk.ee\\\/lt\\\/\",\"name\":\"Toidupakk.ee - Tactical Foodpack toidupakid\",\"description\":\"Tactical Foodpack k\u00fclmkuivatatud toidupakid ja matkaeined\",\"publisher\":{\"@id\":\"https:\\\/\\\/toidupakk.ee\\\/lt\\\/#organization\"},\"potentialAction\":[{\"@type\":\"SearchAction\",\"target\":{\"@type\":\"EntryPoint\",\"urlTemplate\":\"https:\\\/\\\/toidupakk.ee\\\/lt\\\/?s={search_term_string}\"},\"query-input\":{\"@type\":\"PropertyValueSpecification\",\"valueRequired\":true,\"valueName\":\"search_term_string\"}}],\"inLanguage\":\"lt-LT\"},{\"@type\":\"Organization\",\"@id\":\"https:\\\/\\\/toidupakk.ee\\\/lt\\\/#organization\",\"name\":\"Tactical Foodpack matkaeined\",\"url\":\"https:\\\/\\\/toidupakk.ee\\\/lt\\\/\",\"logo\":{\"@type\":\"ImageObject\",\"inLanguage\":\"lt-LT\",\"@id\":\"https:\\\/\\\/toidupakk.ee\\\/lt\\\/#\\\/schema\\\/logo\\\/image\\\/\",\"url\":\"https:\\\/\\\/toidupakk.ee\\\/wp-content\\\/uploads\\\/2022\\\/01\\\/Toidupakk-matkapood-logo-transparent.png\",\"contentUrl\":\"https:\\\/\\\/toidupakk.ee\\\/wp-content\\\/uploads\\\/2022\\\/01\\\/Toidupakk-matkapood-logo-transparent.png\",\"width\":500,\"height\":500,\"caption\":\"Tactical Foodpack matkaeined\"},\"image\":{\"@id\":\"https:\\\/\\\/toidupakk.ee\\\/lt\\\/#\\\/schema\\\/logo\\\/image\\\/\"},\"sameAs\":[\"https:\\\/\\\/www.facebook.com\\\/Toidupakk\",\"https:\\\/\\\/www.instagram.com\\\/toidupakk\\\/\"]}]}<\/script>\n<!-- \/ Yoast SEO plugin. -->","yoast_head_json":{"title":"Automobilinis \u0161aldytuvas \u201eDometic TropiCool TCX 35\u201c","description":"\u201eDometic TropiCool TCX 35\u201c yra 33 litr\u0173 termoelektrinis automobilinis \u0161aldytuvas su \u0161aldymo ir \u0161ildymo funkcijomis. I\u0161laikyk g\u0117rimus ir maist\u0105 \u0161vie\u017eius.","robots":{"index":"index","follow":"follow","max-snippet":"max-snippet:-1","max-image-preview":"max-image-preview:large","max-video-preview":"max-video-preview:-1"},"canonical":"https:\/\/toidupakk.ee\/lt\/toode\/automobilinis-saldytuvas-dometic-tropicool-tcx-35\/","og_locale":"lt_LT","og_type":"article","og_title":"Automobilinis \u0161aldytuvas \u201eDometic TropiCool TCX 35\u201c","og_description":"\u201eDometic TropiCool TCX 35\u201c yra 33 litr\u0173 termoelektrinis automobilinis \u0161aldytuvas su \u0161aldymo ir \u0161ildymo funkcijomis. I\u0161laikyk g\u0117rimus ir maist\u0105 \u0161vie\u017eius.","og_url":"https:\/\/toidupakk.ee\/lt\/toode\/automobilinis-saldytuvas-dometic-tropicool-tcx-35\/","og_site_name":"Toidupakk.ee - Tactical Foodpack toidupakid","article_publisher":"https:\/\/www.facebook.com\/Toidupakk","article_modified_time":"2026-04-16T10:31:17+00:00","og_image":[{"width":1080,"height":1080,"url":"https:\/\/toidupakk.ee\/wp-content\/uploads\/2024\/07\/Autokulmik-Dometic-TropiCool-TCX-35-1.png","type":"image\/png"}],"twitter_card":"summary_large_image","schema":{"@context":"https:\/\/schema.org","@graph":[{"@type":"WebPage","@id":"https:\/\/toidupakk.ee\/lt\/toode\/automobilinis-saldytuvas-dometic-tropicool-tcx-35\/","url":"https:\/\/toidupakk.ee\/lt\/toode\/automobilinis-saldytuvas-dometic-tropicool-tcx-35\/","name":"Automobilinis \u0161aldytuvas \u201eDometic TropiCool TCX 35\u201c","isPartOf":{"@id":"https:\/\/toidupakk.ee\/lt\/#website"},"primaryImageOfPage":{"@id":"https:\/\/toidupakk.ee\/lt\/toode\/automobilinis-saldytuvas-dometic-tropicool-tcx-35\/#primaryimage"},"image":{"@id":"https:\/\/toidupakk.ee\/lt\/toode\/automobilinis-saldytuvas-dometic-tropicool-tcx-35\/#primaryimage"},"thumbnailUrl":"https:\/\/toidupakk.ee\/wp-content\/uploads\/2024\/07\/Autokulmik-Dometic-TropiCool-TCX-35-1.png","datePublished":"2024-07-02T14:14:37+00:00","dateModified":"2026-04-16T10:31:17+00:00","description":"\u201eDometic TropiCool TCX 35\u201c yra 33 litr\u0173 termoelektrinis automobilinis \u0161aldytuvas su \u0161aldymo ir \u0161ildymo funkcijomis. I\u0161laikyk g\u0117rimus ir maist\u0105 \u0161vie\u017eius.","breadcrumb":{"@id":"https:\/\/toidupakk.ee\/lt\/toode\/automobilinis-saldytuvas-dometic-tropicool-tcx-35\/#breadcrumb"},"inLanguage":"lt-LT","potentialAction":[{"@type":"ReadAction","target":["https:\/\/toidupakk.ee\/lt\/toode\/automobilinis-saldytuvas-dometic-tropicool-tcx-35\/"]}]},{"@type":"ImageObject","inLanguage":"lt-LT","@id":"https:\/\/toidupakk.ee\/lt\/toode\/automobilinis-saldytuvas-dometic-tropicool-tcx-35\/#primaryimage","url":"https:\/\/toidupakk.ee\/wp-content\/uploads\/2024\/07\/Autokulmik-Dometic-TropiCool-TCX-35-1.png","contentUrl":"https:\/\/toidupakk.ee\/wp-content\/uploads\/2024\/07\/Autokulmik-Dometic-TropiCool-TCX-35-1.png","width":1080,"height":1080,"caption":"dometic autok\u00fclmik"},{"@type":"BreadcrumbList","@id":"https:\/\/toidupakk.ee\/lt\/toode\/automobilinis-saldytuvas-dometic-tropicool-tcx-35\/#breadcrumb","itemListElement":[{"@type":"ListItem","position":1,"name":"Avaleht","item":"https:\/\/toidupakk.ee\/lt\/"},{"@type":"ListItem","position":2,"name":"El. parduotuv\u0117","item":"https:\/\/toidupakk.ee\/lt\/el-parduotuve\/"},{"@type":"ListItem","position":3,"name":"Automobilinis \u0161aldytuvas \u201eDometic TropiCool TCX 35\u201c"}]},{"@type":"WebSite","@id":"https:\/\/toidupakk.ee\/lt\/#website","url":"https:\/\/toidupakk.ee\/lt\/","name":"Toidupakk.ee - Tactical Foodpack toidupakid","description":"Tactical Foodpack k\u00fclmkuivatatud toidupakid ja matkaeined","publisher":{"@id":"https:\/\/toidupakk.ee\/lt\/#organization"},"potentialAction":[{"@type":"SearchAction","target":{"@type":"EntryPoint","urlTemplate":"https:\/\/toidupakk.ee\/lt\/?s={search_term_string}"},"query-input":{"@type":"PropertyValueSpecification","valueRequired":true,"valueName":"search_term_string"}}],"inLanguage":"lt-LT"},{"@type":"Organization","@id":"https:\/\/toidupakk.ee\/lt\/#organization","name":"Tactical Foodpack matkaeined","url":"https:\/\/toidupakk.ee\/lt\/","logo":{"@type":"ImageObject","inLanguage":"lt-LT","@id":"https:\/\/toidupakk.ee\/lt\/#\/schema\/logo\/image\/","url":"https:\/\/toidupakk.ee\/wp-content\/uploads\/2022\/01\/Toidupakk-matkapood-logo-transparent.png","contentUrl":"https:\/\/toidupakk.ee\/wp-content\/uploads\/2022\/01\/Toidupakk-matkapood-logo-transparent.png","width":500,"height":500,"caption":"Tactical Foodpack matkaeined"},"image":{"@id":"https:\/\/toidupakk.ee\/lt\/#\/schema\/logo\/image\/"},"sameAs":["https:\/\/www.facebook.com\/Toidupakk","https:\/\/www.instagram.com\/toidupakk\/"]}]}},"jetpack_sharing_enabled":true,"_links":{"self":[{"href":"https:\/\/toidupakk.ee\/lt\/wp-json\/wp\/v2\/product\/46765","targetHints":{"allow":["GET"]}}],"collection":[{"href":"https:\/\/toidupakk.ee\/lt\/wp-json\/wp\/v2\/product"}],"about":[{"href":"https:\/\/toidupakk.ee\/lt\/wp-json\/wp\/v2\/types\/product"}],"replies":[{"embeddable":true,"href":"https:\/\/toidupakk.ee\/lt\/wp-json\/wp\/v2\/comments?post=46765"}],"wp:featuredmedia":[{"embeddable":true,"href":"https:\/\/toidupakk.ee\/lt\/wp-json\/wp\/v2\/media\/24673"}],"wp:attachment":[{"href":"https:\/\/toidupakk.ee\/lt\/wp-json\/wp\/v2\/media?parent=46765"}],"wp:term":[{"taxonomy":"product_brand","embeddable":true,"href":"https:\/\/toidupakk.ee\/lt\/wp-json\/wp\/v2\/product_brand?post=46765"},{"taxonomy":"product_cat","embeddable":true,"href":"https:\/\/toidupakk.ee\/lt\/wp-json\/wp\/v2\/product_cat?post=46765"},{"taxonomy":"product_tag","embeddable":true,"href":"https:\/\/toidupakk.ee\/lt\/wp-json\/wp\/v2\/product_tag?post=46765"}],"curies":[{"name":"wp","href":"https:\/\/api.w.org\/{rel}","templated":true}]}}