{"id":46748,"date":"2024-06-25T14:21:03","date_gmt":"2024-06-25T11:21:03","guid":{"rendered":"https:\/\/toidupakk.ee\/toode\/jautienos-guliaso-su-bulvemis-maisto-rinkinys\/"},"modified":"2026-04-04T00:01:33","modified_gmt":"2026-04-03T21:01:33","slug":"jautienos-guliaso-su-bulvemis-maisto-rinkinys","status":"publish","type":"product","link":"https:\/\/toidupakk.ee\/lt\/toode\/jautienos-guliaso-su-bulvemis-maisto-rinkinys\/","title":{"rendered":"Jautienos gulia\u0161o su bulv\u0117mis maisto rinkinys"},"content":{"rendered":"<p><img decoding=\"async\" class=\"alignnone size-full wp-image-23874\" src=\"https:\/\/toidupakk.ee\/wp-content\/uploads\/2024\/06\/Food-Force-logo-transparent-150-x-75-px.png\" alt=\"\" width=\"150\" height=\"75\"><\/p>\n<h1>Jautienos gulia\u0161o su bulv\u0117mis maisto rinkinys \u2013 paruo\u0161imo instrukcija:<\/h1>\n<p>Atidaryk jautienos gulia\u0161o su bulv\u0117mis maisto rinkin\u012f ir visi\u0161kai i\u0161skleisk jo dugn\u0105. U\u017epildyk pakuot\u0119 verdan\u010diu vandeniu iki \u017eymos kitoje pakuot\u0117s pus\u0117je. (NB! Skirtingiems patiekalams \u017eymos skiriasi, tod\u0117l skiriasi ir pilamo kar\u0161to vandens kiekis). Kruop\u0161\u010diai i\u0161mai\u0161yk ir u\u017edaryk pakuot\u0119. Palauk 15 minu\u010di\u0173. Atidaryk pakuot\u0119 ir prie\u0161 valgant dar kart\u0105 gerai i\u0161mai\u0161yk. Jei reikia, \u012fpilk daugiau vandens.      <\/p>\n<h2>\u201eFood Force\u201c sausas maistas<\/h2>\n<p>\u201eFood Force\u201c davini\u0173 rinkinius sudaro pagrindinis patiekalas, gr\u016bdinis produktas, u\u017etep\u0117l\u0117, u\u017ekandis, g\u0117rimas ir dezinfekuojan\u010dios servet\u0117l\u0117s. Maisto rinkiniai sukurti Estijoje ir yra populiar\u016bs tarp kari\u0173 bei savanori\u0173 paj\u0117g\u0173 nari\u0173. Be to, \u201eFood Force\u201c maist\u0105 vertina \u017eygeiviai, buriuotojai ir sportininkai, kuriems svarbus maistingas ir skanus maistas.  <\/p>\n<p>\u201eFood Force\u201c produkcija gaminama Tabasalu mieste, \u0161alia Talino. Gamykla turi ISO9001 sertifikat\u0105, patvirtinant\u012f m\u016bs\u0173 \u012fsipareigojim\u0105 laikytis auk\u0161\u010diausi\u0173 kokyb\u0117s ir saugos standart\u0173. <\/p>\n<p><img fetchpriority=\"high\" decoding=\"async\" class=\"alignnone size-thumbnail wp-image-24041\" src=\"https:\/\/toidupakk.ee\/wp-content\/uploads\/2024\/06\/Veiseliha-guljass-kartulitega-toidukomplekt-2-500x500.png\" alt=\"Jautienos gulia\u0161as su bulv\u0117mis\" width=\"500\" height=\"500\" srcset=\"https:\/\/toidupakk.ee\/wp-content\/uploads\/2024\/06\/Veiseliha-guljass-kartulitega-toidukomplekt-2-500x500.png 500w, https:\/\/toidupakk.ee\/wp-content\/uploads\/2024\/06\/Veiseliha-guljass-kartulitega-toidukomplekt-2-400x400.png 400w, https:\/\/toidupakk.ee\/wp-content\/uploads\/2024\/06\/Veiseliha-guljass-kartulitega-toidukomplekt-2-100x100.png 100w, https:\/\/toidupakk.ee\/wp-content\/uploads\/2024\/06\/Veiseliha-guljass-kartulitega-toidukomplekt-2-300x300.png 300w, https:\/\/toidupakk.ee\/wp-content\/uploads\/2024\/06\/Veiseliha-guljass-kartulitega-toidukomplekt-2-768x768.png 768w, https:\/\/toidupakk.ee\/wp-content\/uploads\/2024\/06\/Veiseliha-guljass-kartulitega-toidukomplekt-2.png 800w\" sizes=\"(max-width: 500px) 100vw, 500px\" \/><\/p>\n<p>Daugiau apie \u201eTactical Foodpack\u201c \u017eygi\u0173 maist\u0105 su\u017einok <a href=\"https:\/\/toidupakk.ee\/lt\/tootekategooria\/tactical-foodpack-patiekalai\/\">\u010cIA.<\/a><\/p>\n<p>Daugiau \u017eygio reikmen\u0173 rasi <a href=\"https:\/\/toidupakk.ee\/lt\/tootekategooria\/zygio-iranga\/#section-3-79\">\u010cIA<\/a><\/p>\n<p>Pasisemk \u012fkv\u0117pimo kitiems nuotykiams \u201eToidupakk\u201c <a href=\"https:\/\/www.instagram.com\/toidupakk\/\">Instagram<\/a> ir <a href=\"https:\/\/www.facebook.com\/Toidupakk\/\">Facebook<\/a> paskyrose.<\/p>\n","protected":false},"excerpt":{"rendered":"<div class=\"flex-shrink-0 flex flex-col relative items-end\">\n<div>\n<div class=\"pt-0.5 juice:pt-0\">\n<div class=\"gizmo-bot-avatar flex h-6 w-6 items-center justify-center overflow-hidden rounded-full juice:h-8 juice:w-8\">\n<div class=\"relative p-1 rounded-sm flex items-center justify-center bg-token-main-surface-primary text-token-text-primary h-8 w-8\"><strong>Jautienos gulia\u0161as su bulv\u0117mis \u2013 tai sotus ir skanus vengri\u0161kos virtuv\u0117s patiekalas. J\u012f sudaro tro\u0161kinta jautiena, bulv\u0117s, paprikos ir svog\u016bnai, pagardinti paprika, \u010desnaku bei \u012fvairiomis \u017eolel\u0117mis, sukurian\u010diomis sodr\u0173 ir aromating\u0105 skon\u012f. <\/strong><\/div>\n<div><\/div>\n<\/div>\n<div>Paketus sudaro pagrindinis patiekalas, gr\u016bdinis produktas, u\u017etep\u0117l\u0117, u\u017ekandis, g\u0117rimas ir dezinfekuojan\u010dios servet\u0117l\u0117s.<\/div>\n<\/div>\n<\/div>\n<div>\n<p>Jautienos gulia\u0161o su bulv\u0117mis maisto rinkin\u012f sudaro:<\/p>\n<ul>\n<li>Jautienos gulia\u0161as su bulv\u0117mis, 150 g<\/li>\n<li>S\u016br\u016bs gr\u016bdiniai sausainiai, 25 g<\/li>\n<li>La\u0161i\u0161os u\u017etep\u0117l\u0117, 50 g<\/li>\n<li>\u017dem\u0117s rie\u0161utai su medumi ir cinamonu, 50 g<\/li>\n<li>Uog\u0173 baton\u0117lis, 30 g<\/li>\n<li>Apelsin\u0173 skonio izotoninio g\u0117rimo milteliai, 5 g<\/li>\n<li>Juodoji arbata, 2 g<\/li>\n<li>Cukrus, 4 g<\/li>\n<li>Druska, 1 g<\/li>\n<li>Dr\u0117gna servet\u0117l\u0117, 5 g<\/li>\n<\/ul>\n<p><img decoding=\"async\" class=\"alignnone size-full wp-image-23874\" src=\"https:\/\/toidupakk.ee\/wp-content\/uploads\/2024\/06\/Food-Force-logo-transparent-150-x-75-px.png\" alt=\"\" width=\"150\" height=\"75\"><\/p>\n<p>Maistin\u0117 vert\u0117 vienai porcijai: energin\u0117 vert\u0117 5180 kJ \/ 1233 kcal, riebalai 49,4 g, angliavandeniai 156,7 g, baltymai 33,9 g, druska 7,1 g.<\/p>\n<p>\u2705 Turime sand\u0117lyje, greitas pristatymas per 1\u20133 darbo dienas<\/p>\n<\/div>\n<\/div>\n","protected":false},"featured_media":24041,"comment_status":"open","ping_status":"closed","template":"","meta":{"_acf_changed":false},"product_brand":[],"product_cat":[232,268,189,190],"product_tag":[],"class_list":{"0":"post-46748","1":"product","2":"type-product","3":"status-publish","4":"has-post-thumbnail","6":"product_cat-food-force-sauso-maisto-paketai","7":"product_cat-mre-maisto-rinkiniai","8":"product_cat-zygio-iranga","9":"product_cat-zygio-prekes","11":"first","12":"instock","13":"taxable","14":"shipping-taxable","15":"purchasable","16":"product-type-simple"},"bundled_by":[],"bundle_stock_status":"instock","bundle_stock_quantity":12,"bundle_virtual":false,"bundle_layout":"","bundle_add_to_cart_form_location":"","bundle_editable_in_cart":false,"bundle_sold_individually_context":"","bundle_item_grouping":"","bundle_min_size":"","bundle_max_size":"","bundle_price":[],"bundled_items":[],"bundle_sell_ids":[],"acf":[],"yoast_head":"<!-- This site is optimized with the Yoast SEO plugin v27.1.1 - https:\/\/yoast.com\/product\/yoast-seo-wordpress\/ -->\n<title>Jautienos gulia\u0161o su bulv\u0117mis maisto rinkinys FOOD FORCE<\/title>\n<meta name=\"description\" content=\"Jautienos gulia\u0161o su bulv\u0117mis maisto rinkin\u012f sudaro: pagrindinis patiekalas, sausainiai, u\u017etep\u0117l\u0117, rie\u0161utai, uog\u0173 baton\u0117lis, izotoninio g\u0117rimo milteliai ir dr\u0117gna servet\u0117l\u0117.\" \/>\n<meta name=\"robots\" content=\"index, follow, max-snippet:-1, max-image-preview:large, max-video-preview:-1\" \/>\n<link rel=\"canonical\" href=\"https:\/\/toidupakk.ee\/lt\/toode\/jautienos-guliaso-su-bulvemis-maisto-rinkinys\/\" \/>\n<meta property=\"og:locale\" content=\"lt_LT\" \/>\n<meta property=\"og:type\" content=\"article\" \/>\n<meta property=\"og:title\" content=\"Jautienos gulia\u0161o su bulv\u0117mis maisto rinkinys FOOD FORCE\" \/>\n<meta property=\"og:description\" content=\"Jautienos gulia\u0161o su bulv\u0117mis maisto rinkin\u012f sudaro: pagrindinis patiekalas, sausainiai, u\u017etep\u0117l\u0117, rie\u0161utai, uog\u0173 baton\u0117lis, izotoninio g\u0117rimo milteliai ir dr\u0117gna servet\u0117l\u0117.\" \/>\n<meta property=\"og:url\" content=\"https:\/\/toidupakk.ee\/lt\/toode\/jautienos-guliaso-su-bulvemis-maisto-rinkinys\/\" \/>\n<meta property=\"og:site_name\" content=\"Toidupakk.ee - Tactical Foodpack toidupakid\" \/>\n<meta property=\"article:publisher\" content=\"https:\/\/www.facebook.com\/Toidupakk\" \/>\n<meta property=\"article:modified_time\" content=\"2026-04-03T21:01:33+00:00\" \/>\n<meta property=\"og:image\" content=\"https:\/\/toidupakk.ee\/wp-content\/uploads\/2024\/06\/Veiseliha-guljass-kartulitega-toidukomplekt-2.png\" \/>\n\t<meta property=\"og:image:width\" content=\"800\" \/>\n\t<meta property=\"og:image:height\" content=\"800\" \/>\n\t<meta property=\"og:image:type\" content=\"image\/png\" \/>\n<meta name=\"twitter:card\" content=\"summary_large_image\" \/>\n<meta name=\"twitter:label1\" content=\"Est. reading time\" \/>\n\t<meta name=\"twitter:data1\" content=\"1 minut\u0117\" \/>\n<script type=\"application\/ld+json\" class=\"yoast-schema-graph\">{\"@context\":\"https:\/\/schema.org\",\"@graph\":[{\"@type\":\"WebPage\",\"@id\":\"https:\/\/toidupakk.ee\/lt\/toode\/jautienos-guliaso-su-bulvemis-maisto-rinkinys\/\",\"url\":\"https:\/\/toidupakk.ee\/lt\/toode\/jautienos-guliaso-su-bulvemis-maisto-rinkinys\/\",\"name\":\"Jautienos gulia\u0161o su bulv\u0117mis maisto rinkinys FOOD FORCE\",\"isPartOf\":{\"@id\":\"https:\/\/toidupakk.ee\/lt\/#website\"},\"primaryImageOfPage\":{\"@id\":\"https:\/\/toidupakk.ee\/lt\/toode\/jautienos-guliaso-su-bulvemis-maisto-rinkinys\/#primaryimage\"},\"image\":{\"@id\":\"https:\/\/toidupakk.ee\/lt\/toode\/jautienos-guliaso-su-bulvemis-maisto-rinkinys\/#primaryimage\"},\"thumbnailUrl\":\"https:\/\/toidupakk.ee\/wp-content\/uploads\/2024\/06\/Veiseliha-guljass-kartulitega-toidukomplekt-2.png\",\"datePublished\":\"2024-06-25T11:21:03+00:00\",\"dateModified\":\"2026-04-03T21:01:33+00:00\",\"description\":\"Jautienos gulia\u0161o su bulv\u0117mis maisto rinkin\u012f sudaro: pagrindinis patiekalas, sausainiai, u\u017etep\u0117l\u0117, rie\u0161utai, uog\u0173 baton\u0117lis, izotoninio g\u0117rimo milteliai ir dr\u0117gna servet\u0117l\u0117.\",\"breadcrumb\":{\"@id\":\"https:\/\/toidupakk.ee\/lt\/toode\/jautienos-guliaso-su-bulvemis-maisto-rinkinys\/#breadcrumb\"},\"inLanguage\":\"lt-LT\",\"potentialAction\":[{\"@type\":\"ReadAction\",\"target\":[\"https:\/\/toidupakk.ee\/lt\/toode\/jautienos-guliaso-su-bulvemis-maisto-rinkinys\/\"]}]},{\"@type\":\"ImageObject\",\"inLanguage\":\"lt-LT\",\"@id\":\"https:\/\/toidupakk.ee\/lt\/toode\/jautienos-guliaso-su-bulvemis-maisto-rinkinys\/#primaryimage\",\"url\":\"https:\/\/toidupakk.ee\/wp-content\/uploads\/2024\/06\/Veiseliha-guljass-kartulitega-toidukomplekt-2.png\",\"contentUrl\":\"https:\/\/toidupakk.ee\/wp-content\/uploads\/2024\/06\/Veiseliha-guljass-kartulitega-toidukomplekt-2.png\",\"width\":800,\"height\":800,\"caption\":\"Veiseliha gulja\u0161\u0161 kartulitega\"},{\"@type\":\"BreadcrumbList\",\"@id\":\"https:\/\/toidupakk.ee\/lt\/toode\/jautienos-guliaso-su-bulvemis-maisto-rinkinys\/#breadcrumb\",\"itemListElement\":[{\"@type\":\"ListItem\",\"position\":1,\"name\":\"Avaleht\",\"item\":\"https:\/\/toidupakk.ee\/lt\/\"},{\"@type\":\"ListItem\",\"position\":2,\"name\":\"El. parduotuv\u0117\",\"item\":\"https:\/\/toidupakk.ee\/lt\/el-parduotuve\/\"},{\"@type\":\"ListItem\",\"position\":3,\"name\":\"Jautienos gulia\u0161o su bulv\u0117mis maisto rinkinys\"}]},{\"@type\":\"WebSite\",\"@id\":\"https:\/\/toidupakk.ee\/lt\/#website\",\"url\":\"https:\/\/toidupakk.ee\/lt\/\",\"name\":\"Toidupakk.ee - Tactical Foodpack toidupakid\",\"description\":\"Tactical Foodpack k\u00fclmkuivatatud toidupakid ja matkaeined\",\"publisher\":{\"@id\":\"https:\/\/toidupakk.ee\/lt\/#organization\"},\"potentialAction\":[{\"@type\":\"SearchAction\",\"target\":{\"@type\":\"EntryPoint\",\"urlTemplate\":\"https:\/\/toidupakk.ee\/lt\/?s={search_term_string}\"},\"query-input\":{\"@type\":\"PropertyValueSpecification\",\"valueRequired\":true,\"valueName\":\"search_term_string\"}}],\"inLanguage\":\"lt-LT\"},{\"@type\":\"Organization\",\"@id\":\"https:\/\/toidupakk.ee\/lt\/#organization\",\"name\":\"Tactical Foodpack matkaeined\",\"url\":\"https:\/\/toidupakk.ee\/lt\/\",\"logo\":{\"@type\":\"ImageObject\",\"inLanguage\":\"lt-LT\",\"@id\":\"https:\/\/toidupakk.ee\/lt\/#\/schema\/logo\/image\/\",\"url\":\"https:\/\/toidupakk.ee\/wp-content\/uploads\/2022\/01\/Toidupakk-matkapood-logo-transparent.png\",\"contentUrl\":\"https:\/\/toidupakk.ee\/wp-content\/uploads\/2022\/01\/Toidupakk-matkapood-logo-transparent.png\",\"width\":500,\"height\":500,\"caption\":\"Tactical Foodpack matkaeined\"},\"image\":{\"@id\":\"https:\/\/toidupakk.ee\/lt\/#\/schema\/logo\/image\/\"},\"sameAs\":[\"https:\/\/www.facebook.com\/Toidupakk\",\"https:\/\/www.instagram.com\/toidupakk\/\"]}]}<\/script>\n<!-- \/ Yoast SEO plugin. -->","yoast_head_json":{"title":"Jautienos gulia\u0161o su bulv\u0117mis maisto rinkinys FOOD FORCE","description":"Jautienos gulia\u0161o su bulv\u0117mis maisto rinkin\u012f sudaro: pagrindinis patiekalas, sausainiai, u\u017etep\u0117l\u0117, rie\u0161utai, uog\u0173 baton\u0117lis, izotoninio g\u0117rimo milteliai ir dr\u0117gna servet\u0117l\u0117.","robots":{"index":"index","follow":"follow","max-snippet":"max-snippet:-1","max-image-preview":"max-image-preview:large","max-video-preview":"max-video-preview:-1"},"canonical":"https:\/\/toidupakk.ee\/lt\/toode\/jautienos-guliaso-su-bulvemis-maisto-rinkinys\/","og_locale":"lt_LT","og_type":"article","og_title":"Jautienos gulia\u0161o su bulv\u0117mis maisto rinkinys FOOD FORCE","og_description":"Jautienos gulia\u0161o su bulv\u0117mis maisto rinkin\u012f sudaro: pagrindinis patiekalas, sausainiai, u\u017etep\u0117l\u0117, rie\u0161utai, uog\u0173 baton\u0117lis, izotoninio g\u0117rimo milteliai ir dr\u0117gna servet\u0117l\u0117.","og_url":"https:\/\/toidupakk.ee\/lt\/toode\/jautienos-guliaso-su-bulvemis-maisto-rinkinys\/","og_site_name":"Toidupakk.ee - Tactical Foodpack toidupakid","article_publisher":"https:\/\/www.facebook.com\/Toidupakk","article_modified_time":"2026-04-03T21:01:33+00:00","og_image":[{"width":800,"height":800,"url":"https:\/\/toidupakk.ee\/wp-content\/uploads\/2024\/06\/Veiseliha-guljass-kartulitega-toidukomplekt-2.png","type":"image\/png"}],"twitter_card":"summary_large_image","twitter_misc":{"Est. reading time":"1 minut\u0117"},"schema":{"@context":"https:\/\/schema.org","@graph":[{"@type":"WebPage","@id":"https:\/\/toidupakk.ee\/lt\/toode\/jautienos-guliaso-su-bulvemis-maisto-rinkinys\/","url":"https:\/\/toidupakk.ee\/lt\/toode\/jautienos-guliaso-su-bulvemis-maisto-rinkinys\/","name":"Jautienos gulia\u0161o su bulv\u0117mis maisto rinkinys FOOD FORCE","isPartOf":{"@id":"https:\/\/toidupakk.ee\/lt\/#website"},"primaryImageOfPage":{"@id":"https:\/\/toidupakk.ee\/lt\/toode\/jautienos-guliaso-su-bulvemis-maisto-rinkinys\/#primaryimage"},"image":{"@id":"https:\/\/toidupakk.ee\/lt\/toode\/jautienos-guliaso-su-bulvemis-maisto-rinkinys\/#primaryimage"},"thumbnailUrl":"https:\/\/toidupakk.ee\/wp-content\/uploads\/2024\/06\/Veiseliha-guljass-kartulitega-toidukomplekt-2.png","datePublished":"2024-06-25T11:21:03+00:00","dateModified":"2026-04-03T21:01:33+00:00","description":"Jautienos gulia\u0161o su bulv\u0117mis maisto rinkin\u012f sudaro: pagrindinis patiekalas, sausainiai, u\u017etep\u0117l\u0117, rie\u0161utai, uog\u0173 baton\u0117lis, izotoninio g\u0117rimo milteliai ir dr\u0117gna servet\u0117l\u0117.","breadcrumb":{"@id":"https:\/\/toidupakk.ee\/lt\/toode\/jautienos-guliaso-su-bulvemis-maisto-rinkinys\/#breadcrumb"},"inLanguage":"lt-LT","potentialAction":[{"@type":"ReadAction","target":["https:\/\/toidupakk.ee\/lt\/toode\/jautienos-guliaso-su-bulvemis-maisto-rinkinys\/"]}]},{"@type":"ImageObject","inLanguage":"lt-LT","@id":"https:\/\/toidupakk.ee\/lt\/toode\/jautienos-guliaso-su-bulvemis-maisto-rinkinys\/#primaryimage","url":"https:\/\/toidupakk.ee\/wp-content\/uploads\/2024\/06\/Veiseliha-guljass-kartulitega-toidukomplekt-2.png","contentUrl":"https:\/\/toidupakk.ee\/wp-content\/uploads\/2024\/06\/Veiseliha-guljass-kartulitega-toidukomplekt-2.png","width":800,"height":800,"caption":"Veiseliha gulja\u0161\u0161 kartulitega"},{"@type":"BreadcrumbList","@id":"https:\/\/toidupakk.ee\/lt\/toode\/jautienos-guliaso-su-bulvemis-maisto-rinkinys\/#breadcrumb","itemListElement":[{"@type":"ListItem","position":1,"name":"Avaleht","item":"https:\/\/toidupakk.ee\/lt\/"},{"@type":"ListItem","position":2,"name":"El. parduotuv\u0117","item":"https:\/\/toidupakk.ee\/lt\/el-parduotuve\/"},{"@type":"ListItem","position":3,"name":"Jautienos gulia\u0161o su bulv\u0117mis maisto rinkinys"}]},{"@type":"WebSite","@id":"https:\/\/toidupakk.ee\/lt\/#website","url":"https:\/\/toidupakk.ee\/lt\/","name":"Toidupakk.ee - Tactical Foodpack toidupakid","description":"Tactical Foodpack k\u00fclmkuivatatud toidupakid ja matkaeined","publisher":{"@id":"https:\/\/toidupakk.ee\/lt\/#organization"},"potentialAction":[{"@type":"SearchAction","target":{"@type":"EntryPoint","urlTemplate":"https:\/\/toidupakk.ee\/lt\/?s={search_term_string}"},"query-input":{"@type":"PropertyValueSpecification","valueRequired":true,"valueName":"search_term_string"}}],"inLanguage":"lt-LT"},{"@type":"Organization","@id":"https:\/\/toidupakk.ee\/lt\/#organization","name":"Tactical Foodpack matkaeined","url":"https:\/\/toidupakk.ee\/lt\/","logo":{"@type":"ImageObject","inLanguage":"lt-LT","@id":"https:\/\/toidupakk.ee\/lt\/#\/schema\/logo\/image\/","url":"https:\/\/toidupakk.ee\/wp-content\/uploads\/2022\/01\/Toidupakk-matkapood-logo-transparent.png","contentUrl":"https:\/\/toidupakk.ee\/wp-content\/uploads\/2022\/01\/Toidupakk-matkapood-logo-transparent.png","width":500,"height":500,"caption":"Tactical Foodpack matkaeined"},"image":{"@id":"https:\/\/toidupakk.ee\/lt\/#\/schema\/logo\/image\/"},"sameAs":["https:\/\/www.facebook.com\/Toidupakk","https:\/\/www.instagram.com\/toidupakk\/"]}]}},"jetpack_sharing_enabled":true,"_links":{"self":[{"href":"https:\/\/toidupakk.ee\/lt\/wp-json\/wp\/v2\/product\/46748","targetHints":{"allow":["GET"]}}],"collection":[{"href":"https:\/\/toidupakk.ee\/lt\/wp-json\/wp\/v2\/product"}],"about":[{"href":"https:\/\/toidupakk.ee\/lt\/wp-json\/wp\/v2\/types\/product"}],"replies":[{"embeddable":true,"href":"https:\/\/toidupakk.ee\/lt\/wp-json\/wp\/v2\/comments?post=46748"}],"wp:featuredmedia":[{"embeddable":true,"href":"https:\/\/toidupakk.ee\/lt\/wp-json\/wp\/v2\/media\/24041"}],"wp:attachment":[{"href":"https:\/\/toidupakk.ee\/lt\/wp-json\/wp\/v2\/media?parent=46748"}],"wp:term":[{"taxonomy":"product_brand","embeddable":true,"href":"https:\/\/toidupakk.ee\/lt\/wp-json\/wp\/v2\/product_brand?post=46748"},{"taxonomy":"product_cat","embeddable":true,"href":"https:\/\/toidupakk.ee\/lt\/wp-json\/wp\/v2\/product_cat?post=46748"},{"taxonomy":"product_tag","embeddable":true,"href":"https:\/\/toidupakk.ee\/lt\/wp-json\/wp\/v2\/product_tag?post=46748"}],"curies":[{"name":"wp","href":"https:\/\/api.w.org\/{rel}","templated":true}]}}