{"id":46745,"date":"2024-06-25T14:10:17","date_gmt":"2024-06-25T11:10:17","guid":{"rendered":"https:\/\/toidupakk.ee\/toode\/pasta-carbonara-maisto-rinkinys\/"},"modified":"2026-04-29T16:31:44","modified_gmt":"2026-04-29T13:31:44","slug":"pasta-carbonara-maisto-rinkinys","status":"publish","type":"product","link":"https:\/\/toidupakk.ee\/lt\/toode\/pasta-carbonara-maisto-rinkinys\/","title":{"rendered":"Pasta Carbonara maisto rinkinys"},"content":{"rendered":"<p><img decoding=\"async\" class=\"alignnone size-full wp-image-23874\" src=\"https:\/\/toidupakk.ee\/wp-content\/uploads\/2024\/06\/Food-Force-logo-transparent-150-x-75-px.png\" alt=\"\" width=\"150\" height=\"75\"><\/p>\n<h1>Pasta Carbonara maisto rinkinys \u2013 paruo\u0161imo instrukcija:<\/h1>\n<p>Atidaryk \u201ePasta Carbonara\u201c maisto rinkin\u012f ir visi\u0161kai i\u0161skleisk jo dugn\u0105. U\u017epildyk pakuot\u0119 verdan\u010diu vandeniu iki \u017eymos kitoje pakuot\u0117s pus\u0117je. (NB! Skirting\u0173 patiekal\u0173 pakuot\u0117s \u017eymos skiriasi, tod\u0117l skiriasi ir pilamo kar\u0161to vandens kiekis). Kruop\u0161\u010diai i\u0161mai\u0161yk ir u\u017edaryk pakuot\u0119. Palauk 15 minu\u010di\u0173. Atidaryk pakuot\u0119 ir prie\u0161 valgant dar kart\u0105 gerai i\u0161mai\u0161yk. Jei reikia, \u012fpilk daugiau vandens.      <\/p>\n<h2>\u201eFood Force\u201c sausas maistas<\/h2>\n<p>\u201eFood Force\u201c davini\u0173 rinkinius sudaro pagrindinis patiekalas, gr\u016bdinis produktas, u\u017etep\u0117l\u0117, u\u017ekandis, g\u0117rimas ir dezinfekuojan\u010dios servet\u0117l\u0117s. Maisto rinkiniai sukurti Estijoje ir yra populiar\u016bs tarp kariuomen\u0117s bei savanori\u0173 paj\u0117g\u0173 nari\u0173. Be to, \u201eFood Force\u201c maistas m\u0117gstamas \u017eygeivi\u0173, buriuotoj\u0173 ir sportinink\u0173, vertinan\u010di\u0173 maisting\u0105 bei skan\u0173 maist\u0105.  <\/p>\n<p>\u201eFood Force\u201c produkcija gaminama Tabasalu mieste, \u0161alia Talino. Gamykla turi ISO9001 sertifikat\u0105, patvirtinant\u012f m\u016bs\u0173 \u012fsipareigojim\u0105 laikytis auk\u0161\u010diausi\u0173 kokyb\u0117s ir saugos standart\u0173. <\/p>\n<p><img fetchpriority=\"high\" decoding=\"async\" class=\"alignnone wp-image-23871 size-thumbnail\" src=\"https:\/\/toidupakk.ee\/wp-content\/uploads\/2024\/06\/Pasta-Carbonara-toidukomplekt-FOOD-FORCE-500x500.png\" alt=\"\u201ePasta Carbonara\u201c maisto rinkinys\" width=\"500\" height=\"500\" data-wp-editing=\"1\" srcset=\"https:\/\/toidupakk.ee\/wp-content\/uploads\/2024\/06\/Pasta-Carbonara-toidukomplekt-FOOD-FORCE-500x500.png 500w, https:\/\/toidupakk.ee\/wp-content\/uploads\/2024\/06\/Pasta-Carbonara-toidukomplekt-FOOD-FORCE-400x400.png 400w, https:\/\/toidupakk.ee\/wp-content\/uploads\/2024\/06\/Pasta-Carbonara-toidukomplekt-FOOD-FORCE-100x100.png 100w, https:\/\/toidupakk.ee\/wp-content\/uploads\/2024\/06\/Pasta-Carbonara-toidukomplekt-FOOD-FORCE-800x800.png 800w, https:\/\/toidupakk.ee\/wp-content\/uploads\/2024\/06\/Pasta-Carbonara-toidukomplekt-FOOD-FORCE-300x300.png 300w, https:\/\/toidupakk.ee\/wp-content\/uploads\/2024\/06\/Pasta-Carbonara-toidukomplekt-FOOD-FORCE-1024x1024.png 1024w, https:\/\/toidupakk.ee\/wp-content\/uploads\/2024\/06\/Pasta-Carbonara-toidukomplekt-FOOD-FORCE-768x768.png 768w, https:\/\/toidupakk.ee\/wp-content\/uploads\/2024\/06\/Pasta-Carbonara-toidukomplekt-FOOD-FORCE.png 1080w\" sizes=\"(max-width: 500px) 100vw, 500px\" \/><\/p>\n<p>Su\u017einok daugiau apie \u201eTactical Foodpack\u201c \u017eygi\u0173 maist\u0105 <a href=\"https:\/\/toidupakk.ee\/lt\/tootekategooria\/tactical-foodpack-patiekalai\/\">\u010cIA.<\/a><\/p>\n<p>Per\u017ei\u016br\u0117k daugiau \u017eygi\u0173 reikmen\u0173 <a href=\"https:\/\/toidupakk.ee\/lt\/tootekategooria\/zygio-iranga\/#section-3-79\">\u010cIA<\/a><\/p>\n<p>Pasisemk \u012fkv\u0117pimo kitiems nuotykiams \u201eToidupakk\u201c <a href=\"https:\/\/www.instagram.com\/toidupakk\/\">Instagram<\/a> ir <a href=\"https:\/\/www.facebook.com\/Toidupakk\/\">Facebook<\/a> paskyrose.<\/p>\n","protected":false},"excerpt":{"rendered":"<p><strong>\u201ePasta Carbonara\u201c yra klasikinis ital\u0173 patiekalas, gaminamas i\u0161 spage\u010di\u0173 ar kit\u0173 ilg\u0173 makaron\u0173, pan\u010detos (pancetta) arba gvan\u010dial\u0117s (guanciale) (itali\u0161ka \u0161onin\u0117), kiau\u0161ini\u0173 tryni\u0173, \u201ePecorino Romano\u201c s\u016brio ir juod\u0173j\u0173 pipir\u0173. Pada\u017eas ruo\u0161iamas i\u0161 tryni\u0173 ir s\u016brio, kurie sumai\u0161omi su kar\u0161tais makaronais, taip sukuriant kremin\u0119 tekst\u016br\u0105 be grietin\u0117l\u0117s. <\/strong><\/p>\n<p>Rinkinius sudaro pagrindinis patiekalas, gr\u016bdinis produktas, u\u017etep\u0117l\u0117, u\u017ekandis, g\u0117rimas ir dezinfekuojan\u010dios servet\u0117l\u0117s.<\/p>\n<p>Pasta Carbonara maisto rinkin\u012f sudaro:<\/p>\n<ul>\n<li>Pasta Carbonara 150 g<\/li>\n<li>Traputis su pavasarin\u0117mis dar\u017eov\u0117mis 50 g<\/li>\n<li>U\u017etep\u0117l\u0117 su vi\u0161tiena 100 g<\/li>\n<li>Sausainiai su cukrumi 80 g<\/li>\n<li>Izotoninio g\u0117rimo milteliai (obuoli\u0173 skonio) 5 g<\/li>\n<li>\u017dalioji arbata 2 g<\/li>\n<li>Cukrus 4 g<\/li>\n<li>Druska 1 g<\/li>\n<li>Dr\u0117gna servet\u0117l\u0117 5 g<\/li>\n<\/ul>\n<p><img decoding=\"async\" class=\"alignnone size-full wp-image-23874\" src=\"https:\/\/toidupakk.ee\/wp-content\/uploads\/2024\/06\/Food-Force-logo-transparent-150-x-75-px.png\" alt=\"\" width=\"150\" height=\"75\"><\/p>\n<p>Maistin\u0117 vert\u0117 vienai porcijai: energin\u0117 vert\u0117 5975 kJ \/ 1426 kcal, riebalai 56 g, angliavandeniai 182,6 g, baltymai 41,5 g, druska 9,1 g.<\/p>\n<p>\u2705 Turime sand\u0117lyje, greitas pristatymas per 1\u20133 d. d.<\/p>\n","protected":false},"featured_media":23871,"comment_status":"open","ping_status":"closed","template":"","meta":{"_acf_changed":false},"product_brand":[],"product_cat":[232,268,189,190],"product_tag":[],"class_list":{"0":"post-46745","1":"product","2":"type-product","3":"status-publish","4":"has-post-thumbnail","6":"product_cat-food-force-sauso-maisto-paketai","7":"product_cat-mre-maisto-rinkiniai","8":"product_cat-zygio-iranga","9":"product_cat-zygio-prekes","11":"first","12":"instock","13":"taxable","14":"shipping-taxable","15":"purchasable","16":"product-type-simple"},"bundled_by":[],"bundle_stock_status":"instock","bundle_stock_quantity":12,"bundle_virtual":false,"bundle_layout":"","bundle_add_to_cart_form_location":"","bundle_editable_in_cart":false,"bundle_sold_individually_context":"","bundle_item_grouping":"","bundle_min_size":"","bundle_max_size":"","bundle_price":[],"bundled_items":[],"bundle_sell_ids":[],"acf":[],"yoast_head":"<!-- This site is optimized with the Yoast SEO plugin v27.3 - https:\/\/yoast.com\/product\/yoast-seo-wordpress\/ -->\n<title>Pasta Carbonara maisto rinkinys<\/title>\n<meta name=\"description\" content=\"Pasta Carbonara maisto rinkin\u012f sudaro: pagrindinis patiekalas, traputis su dar\u017eov\u0117mis, u\u017etep\u0117l\u0117 su vi\u0161tiena, sausainiai, izotoninio g\u0117rimo milteliai, arbata, dr\u0117gna servet\u0117l\u0117\" \/>\n<meta name=\"robots\" content=\"index, follow, max-snippet:-1, max-image-preview:large, max-video-preview:-1\" \/>\n<link rel=\"canonical\" href=\"https:\/\/toidupakk.ee\/lt\/toode\/pasta-carbonara-maisto-rinkinys\/\" \/>\n<meta property=\"og:locale\" content=\"lt_LT\" \/>\n<meta property=\"og:type\" content=\"article\" \/>\n<meta property=\"og:title\" content=\"Pasta Carbonara maisto rinkinys\" \/>\n<meta property=\"og:description\" content=\"Pasta Carbonara maisto rinkin\u012f sudaro: pagrindinis patiekalas, traputis su dar\u017eov\u0117mis, u\u017etep\u0117l\u0117 su vi\u0161tiena, sausainiai, izotoninio g\u0117rimo milteliai, arbata, dr\u0117gna servet\u0117l\u0117\" \/>\n<meta property=\"og:url\" content=\"https:\/\/toidupakk.ee\/lt\/toode\/pasta-carbonara-maisto-rinkinys\/\" \/>\n<meta property=\"og:site_name\" content=\"Toidupakk.ee - Tactical Foodpack toidupakid\" \/>\n<meta property=\"article:publisher\" content=\"https:\/\/www.facebook.com\/Toidupakk\" \/>\n<meta property=\"article:modified_time\" content=\"2026-04-29T13:31:44+00:00\" \/>\n<meta property=\"og:image\" content=\"https:\/\/toidupakk.ee\/wp-content\/uploads\/2024\/06\/Pasta-Carbonara-toidukomplekt-FOOD-FORCE.png\" \/>\n\t<meta property=\"og:image:width\" content=\"1080\" \/>\n\t<meta property=\"og:image:height\" content=\"1080\" \/>\n\t<meta property=\"og:image:type\" content=\"image\/png\" \/>\n<meta name=\"twitter:card\" content=\"summary_large_image\" \/>\n<meta name=\"twitter:label1\" content=\"Est. reading time\" \/>\n\t<meta name=\"twitter:data1\" content=\"1 minut\u0117\" \/>\n<script type=\"application\/ld+json\" class=\"yoast-schema-graph\">{\"@context\":\"https:\\\/\\\/schema.org\",\"@graph\":[{\"@type\":\"WebPage\",\"@id\":\"https:\\\/\\\/toidupakk.ee\\\/lt\\\/toode\\\/pasta-carbonara-maisto-rinkinys\\\/\",\"url\":\"https:\\\/\\\/toidupakk.ee\\\/lt\\\/toode\\\/pasta-carbonara-maisto-rinkinys\\\/\",\"name\":\"Pasta Carbonara maisto rinkinys\",\"isPartOf\":{\"@id\":\"https:\\\/\\\/toidupakk.ee\\\/lt\\\/#website\"},\"primaryImageOfPage\":{\"@id\":\"https:\\\/\\\/toidupakk.ee\\\/lt\\\/toode\\\/pasta-carbonara-maisto-rinkinys\\\/#primaryimage\"},\"image\":{\"@id\":\"https:\\\/\\\/toidupakk.ee\\\/lt\\\/toode\\\/pasta-carbonara-maisto-rinkinys\\\/#primaryimage\"},\"thumbnailUrl\":\"https:\\\/\\\/toidupakk.ee\\\/wp-content\\\/uploads\\\/2024\\\/06\\\/Pasta-Carbonara-toidukomplekt-FOOD-FORCE.png\",\"datePublished\":\"2024-06-25T11:10:17+00:00\",\"dateModified\":\"2026-04-29T13:31:44+00:00\",\"description\":\"Pasta Carbonara maisto rinkin\u012f sudaro: pagrindinis patiekalas, traputis su dar\u017eov\u0117mis, u\u017etep\u0117l\u0117 su vi\u0161tiena, sausainiai, izotoninio g\u0117rimo milteliai, arbata, dr\u0117gna servet\u0117l\u0117\",\"breadcrumb\":{\"@id\":\"https:\\\/\\\/toidupakk.ee\\\/lt\\\/toode\\\/pasta-carbonara-maisto-rinkinys\\\/#breadcrumb\"},\"inLanguage\":\"lt-LT\",\"potentialAction\":[{\"@type\":\"ReadAction\",\"target\":[\"https:\\\/\\\/toidupakk.ee\\\/lt\\\/toode\\\/pasta-carbonara-maisto-rinkinys\\\/\"]}]},{\"@type\":\"ImageObject\",\"inLanguage\":\"lt-LT\",\"@id\":\"https:\\\/\\\/toidupakk.ee\\\/lt\\\/toode\\\/pasta-carbonara-maisto-rinkinys\\\/#primaryimage\",\"url\":\"https:\\\/\\\/toidupakk.ee\\\/wp-content\\\/uploads\\\/2024\\\/06\\\/Pasta-Carbonara-toidukomplekt-FOOD-FORCE.png\",\"contentUrl\":\"https:\\\/\\\/toidupakk.ee\\\/wp-content\\\/uploads\\\/2024\\\/06\\\/Pasta-Carbonara-toidukomplekt-FOOD-FORCE.png\",\"width\":1080,\"height\":1080,\"caption\":\"pasta carbonara toidukomplekt\"},{\"@type\":\"BreadcrumbList\",\"@id\":\"https:\\\/\\\/toidupakk.ee\\\/lt\\\/toode\\\/pasta-carbonara-maisto-rinkinys\\\/#breadcrumb\",\"itemListElement\":[{\"@type\":\"ListItem\",\"position\":1,\"name\":\"Avaleht\",\"item\":\"https:\\\/\\\/toidupakk.ee\\\/lt\\\/\"},{\"@type\":\"ListItem\",\"position\":2,\"name\":\"El. parduotuv\u0117\",\"item\":\"https:\\\/\\\/toidupakk.ee\\\/lt\\\/el-parduotuve\\\/\"},{\"@type\":\"ListItem\",\"position\":3,\"name\":\"Pasta Carbonara maisto rinkinys\"}]},{\"@type\":\"WebSite\",\"@id\":\"https:\\\/\\\/toidupakk.ee\\\/lt\\\/#website\",\"url\":\"https:\\\/\\\/toidupakk.ee\\\/lt\\\/\",\"name\":\"Toidupakk.ee - Tactical Foodpack toidupakid\",\"description\":\"Tactical Foodpack k\u00fclmkuivatatud toidupakid ja matkaeined\",\"publisher\":{\"@id\":\"https:\\\/\\\/toidupakk.ee\\\/lt\\\/#organization\"},\"potentialAction\":[{\"@type\":\"SearchAction\",\"target\":{\"@type\":\"EntryPoint\",\"urlTemplate\":\"https:\\\/\\\/toidupakk.ee\\\/lt\\\/?s={search_term_string}\"},\"query-input\":{\"@type\":\"PropertyValueSpecification\",\"valueRequired\":true,\"valueName\":\"search_term_string\"}}],\"inLanguage\":\"lt-LT\"},{\"@type\":\"Organization\",\"@id\":\"https:\\\/\\\/toidupakk.ee\\\/lt\\\/#organization\",\"name\":\"Tactical Foodpack matkaeined\",\"url\":\"https:\\\/\\\/toidupakk.ee\\\/lt\\\/\",\"logo\":{\"@type\":\"ImageObject\",\"inLanguage\":\"lt-LT\",\"@id\":\"https:\\\/\\\/toidupakk.ee\\\/lt\\\/#\\\/schema\\\/logo\\\/image\\\/\",\"url\":\"https:\\\/\\\/toidupakk.ee\\\/wp-content\\\/uploads\\\/2022\\\/01\\\/Toidupakk-matkapood-logo-transparent.png\",\"contentUrl\":\"https:\\\/\\\/toidupakk.ee\\\/wp-content\\\/uploads\\\/2022\\\/01\\\/Toidupakk-matkapood-logo-transparent.png\",\"width\":500,\"height\":500,\"caption\":\"Tactical Foodpack matkaeined\"},\"image\":{\"@id\":\"https:\\\/\\\/toidupakk.ee\\\/lt\\\/#\\\/schema\\\/logo\\\/image\\\/\"},\"sameAs\":[\"https:\\\/\\\/www.facebook.com\\\/Toidupakk\",\"https:\\\/\\\/www.instagram.com\\\/toidupakk\\\/\"]}]}<\/script>\n<!-- \/ Yoast SEO plugin. -->","yoast_head_json":{"title":"Pasta Carbonara maisto rinkinys","description":"Pasta Carbonara maisto rinkin\u012f sudaro: pagrindinis patiekalas, traputis su dar\u017eov\u0117mis, u\u017etep\u0117l\u0117 su vi\u0161tiena, sausainiai, izotoninio g\u0117rimo milteliai, arbata, dr\u0117gna servet\u0117l\u0117","robots":{"index":"index","follow":"follow","max-snippet":"max-snippet:-1","max-image-preview":"max-image-preview:large","max-video-preview":"max-video-preview:-1"},"canonical":"https:\/\/toidupakk.ee\/lt\/toode\/pasta-carbonara-maisto-rinkinys\/","og_locale":"lt_LT","og_type":"article","og_title":"Pasta Carbonara maisto rinkinys","og_description":"Pasta Carbonara maisto rinkin\u012f sudaro: pagrindinis patiekalas, traputis su dar\u017eov\u0117mis, u\u017etep\u0117l\u0117 su vi\u0161tiena, sausainiai, izotoninio g\u0117rimo milteliai, arbata, dr\u0117gna servet\u0117l\u0117","og_url":"https:\/\/toidupakk.ee\/lt\/toode\/pasta-carbonara-maisto-rinkinys\/","og_site_name":"Toidupakk.ee - Tactical Foodpack toidupakid","article_publisher":"https:\/\/www.facebook.com\/Toidupakk","article_modified_time":"2026-04-29T13:31:44+00:00","og_image":[{"width":1080,"height":1080,"url":"https:\/\/toidupakk.ee\/wp-content\/uploads\/2024\/06\/Pasta-Carbonara-toidukomplekt-FOOD-FORCE.png","type":"image\/png"}],"twitter_card":"summary_large_image","twitter_misc":{"Est. reading time":"1 minut\u0117"},"schema":{"@context":"https:\/\/schema.org","@graph":[{"@type":"WebPage","@id":"https:\/\/toidupakk.ee\/lt\/toode\/pasta-carbonara-maisto-rinkinys\/","url":"https:\/\/toidupakk.ee\/lt\/toode\/pasta-carbonara-maisto-rinkinys\/","name":"Pasta Carbonara maisto rinkinys","isPartOf":{"@id":"https:\/\/toidupakk.ee\/lt\/#website"},"primaryImageOfPage":{"@id":"https:\/\/toidupakk.ee\/lt\/toode\/pasta-carbonara-maisto-rinkinys\/#primaryimage"},"image":{"@id":"https:\/\/toidupakk.ee\/lt\/toode\/pasta-carbonara-maisto-rinkinys\/#primaryimage"},"thumbnailUrl":"https:\/\/toidupakk.ee\/wp-content\/uploads\/2024\/06\/Pasta-Carbonara-toidukomplekt-FOOD-FORCE.png","datePublished":"2024-06-25T11:10:17+00:00","dateModified":"2026-04-29T13:31:44+00:00","description":"Pasta Carbonara maisto rinkin\u012f sudaro: pagrindinis patiekalas, traputis su dar\u017eov\u0117mis, u\u017etep\u0117l\u0117 su vi\u0161tiena, sausainiai, izotoninio g\u0117rimo milteliai, arbata, dr\u0117gna servet\u0117l\u0117","breadcrumb":{"@id":"https:\/\/toidupakk.ee\/lt\/toode\/pasta-carbonara-maisto-rinkinys\/#breadcrumb"},"inLanguage":"lt-LT","potentialAction":[{"@type":"ReadAction","target":["https:\/\/toidupakk.ee\/lt\/toode\/pasta-carbonara-maisto-rinkinys\/"]}]},{"@type":"ImageObject","inLanguage":"lt-LT","@id":"https:\/\/toidupakk.ee\/lt\/toode\/pasta-carbonara-maisto-rinkinys\/#primaryimage","url":"https:\/\/toidupakk.ee\/wp-content\/uploads\/2024\/06\/Pasta-Carbonara-toidukomplekt-FOOD-FORCE.png","contentUrl":"https:\/\/toidupakk.ee\/wp-content\/uploads\/2024\/06\/Pasta-Carbonara-toidukomplekt-FOOD-FORCE.png","width":1080,"height":1080,"caption":"pasta carbonara toidukomplekt"},{"@type":"BreadcrumbList","@id":"https:\/\/toidupakk.ee\/lt\/toode\/pasta-carbonara-maisto-rinkinys\/#breadcrumb","itemListElement":[{"@type":"ListItem","position":1,"name":"Avaleht","item":"https:\/\/toidupakk.ee\/lt\/"},{"@type":"ListItem","position":2,"name":"El. parduotuv\u0117","item":"https:\/\/toidupakk.ee\/lt\/el-parduotuve\/"},{"@type":"ListItem","position":3,"name":"Pasta Carbonara maisto rinkinys"}]},{"@type":"WebSite","@id":"https:\/\/toidupakk.ee\/lt\/#website","url":"https:\/\/toidupakk.ee\/lt\/","name":"Toidupakk.ee - Tactical Foodpack toidupakid","description":"Tactical Foodpack k\u00fclmkuivatatud toidupakid ja matkaeined","publisher":{"@id":"https:\/\/toidupakk.ee\/lt\/#organization"},"potentialAction":[{"@type":"SearchAction","target":{"@type":"EntryPoint","urlTemplate":"https:\/\/toidupakk.ee\/lt\/?s={search_term_string}"},"query-input":{"@type":"PropertyValueSpecification","valueRequired":true,"valueName":"search_term_string"}}],"inLanguage":"lt-LT"},{"@type":"Organization","@id":"https:\/\/toidupakk.ee\/lt\/#organization","name":"Tactical Foodpack matkaeined","url":"https:\/\/toidupakk.ee\/lt\/","logo":{"@type":"ImageObject","inLanguage":"lt-LT","@id":"https:\/\/toidupakk.ee\/lt\/#\/schema\/logo\/image\/","url":"https:\/\/toidupakk.ee\/wp-content\/uploads\/2022\/01\/Toidupakk-matkapood-logo-transparent.png","contentUrl":"https:\/\/toidupakk.ee\/wp-content\/uploads\/2022\/01\/Toidupakk-matkapood-logo-transparent.png","width":500,"height":500,"caption":"Tactical Foodpack matkaeined"},"image":{"@id":"https:\/\/toidupakk.ee\/lt\/#\/schema\/logo\/image\/"},"sameAs":["https:\/\/www.facebook.com\/Toidupakk","https:\/\/www.instagram.com\/toidupakk\/"]}]}},"jetpack_sharing_enabled":true,"_links":{"self":[{"href":"https:\/\/toidupakk.ee\/lt\/wp-json\/wp\/v2\/product\/46745","targetHints":{"allow":["GET"]}}],"collection":[{"href":"https:\/\/toidupakk.ee\/lt\/wp-json\/wp\/v2\/product"}],"about":[{"href":"https:\/\/toidupakk.ee\/lt\/wp-json\/wp\/v2\/types\/product"}],"replies":[{"embeddable":true,"href":"https:\/\/toidupakk.ee\/lt\/wp-json\/wp\/v2\/comments?post=46745"}],"wp:featuredmedia":[{"embeddable":true,"href":"https:\/\/toidupakk.ee\/lt\/wp-json\/wp\/v2\/media\/23871"}],"wp:attachment":[{"href":"https:\/\/toidupakk.ee\/lt\/wp-json\/wp\/v2\/media?parent=46745"}],"wp:term":[{"taxonomy":"product_brand","embeddable":true,"href":"https:\/\/toidupakk.ee\/lt\/wp-json\/wp\/v2\/product_brand?post=46745"},{"taxonomy":"product_cat","embeddable":true,"href":"https:\/\/toidupakk.ee\/lt\/wp-json\/wp\/v2\/product_cat?post=46745"},{"taxonomy":"product_tag","embeddable":true,"href":"https:\/\/toidupakk.ee\/lt\/wp-json\/wp\/v2\/product_tag?post=46745"}],"curies":[{"name":"wp","href":"https:\/\/api.w.org\/{rel}","templated":true}]}}