{"id":46735,"date":"2024-06-12T13:40:26","date_gmt":"2024-06-12T10:40:26","guid":{"rendered":"https:\/\/toidupakk.ee\/toode\/repelentas-nuo-uodu-bens-30-100-ml\/"},"modified":"2026-04-29T14:31:21","modified_gmt":"2026-04-29T11:31:21","slug":"repelentas-nuo-uodu-bens-30-100-ml","status":"publish","type":"product","link":"https:\/\/toidupakk.ee\/lt\/toode\/repelentas-nuo-uodu-bens-30-100-ml\/","title":{"rendered":"Repelentas nuo uod\u0173 Ben&#8217;s 30 (100 ml)"},"content":{"rendered":"<h1>Repelentas nuo uod\u0173 Ben&#8217;s 30, kuris tikrai veikia<\/h1>\n<p>Repelento Ben&#8217;s 30 sud\u0117tyje yra 30 % veikliosios med\u017eiagos DEET (N,N-dietil-meta-toluamido), kuri laikoma iki \u0161iol veiksmingiausia sukurta priemone vabzd\u017eiams atbaidyti. Skirtingai nei alkoholiniai repelentai, \u0161is DEET pur\u0161kalas pagamintas vandens pagrindu, tod\u0117l nuo odos i\u0161garuoja ma\u017eiau priemon\u0117s. Jis atbaido uodus, erkes, briedmuses ir kitus \u012fkyrius vabzd\u017eius, kurie gali platinti Laimo lig\u0105, Zikos virus\u0105, Vakar\u0173 Nilo virus\u0105 ir deng\u0117 kar\u0161tlig\u0119 (dauguma j\u0173 pasitaiko tik u\u017esienyje). D\u0117l stipraus poveikio Ben&#8217;s Max sunaudojama labai ma\u017eai, o <a href=\"https:\/\/toidupakk.ee\/tactical-foodpack\/matka-seljakott-75l-mil-tec\/\">\u017eygio kuprin\u0117je<\/a> ar kitur j\u012f ne\u0161iotis itin lengva.   <\/p>\n<p><img fetchpriority=\"high\" decoding=\"async\" class=\"alignnone wp-image-24013 size-thumbnail\" src=\"https:\/\/toidupakk.ee\/wp-content\/uploads\/2024\/06\/Saasetorjevahend-Bens-30-1-500x500.png\" alt=\"\" width=\"500\" height=\"500\" srcset=\"https:\/\/toidupakk.ee\/wp-content\/uploads\/2024\/06\/Saasetorjevahend-Bens-30-1-500x500.png 500w, https:\/\/toidupakk.ee\/wp-content\/uploads\/2024\/06\/Saasetorjevahend-Bens-30-1-400x400.png 400w, https:\/\/toidupakk.ee\/wp-content\/uploads\/2024\/06\/Saasetorjevahend-Bens-30-1-100x100.png 100w, https:\/\/toidupakk.ee\/wp-content\/uploads\/2024\/06\/Saasetorjevahend-Bens-30-1-800x800.png 800w, https:\/\/toidupakk.ee\/wp-content\/uploads\/2024\/06\/Saasetorjevahend-Bens-30-1-300x300.png 300w, https:\/\/toidupakk.ee\/wp-content\/uploads\/2024\/06\/Saasetorjevahend-Bens-30-1-1024x1024.png 1024w, https:\/\/toidupakk.ee\/wp-content\/uploads\/2024\/06\/Saasetorjevahend-Bens-30-1-768x768.png 768w, https:\/\/toidupakk.ee\/wp-content\/uploads\/2024\/06\/Saasetorjevahend-Bens-30-1.png 1080w\" sizes=\"(max-width: 500px) 100vw, 500px\" \/><\/p>\n<h2>Kaip naudoti, kad repelentas Ben&#8217;s 30 pad\u0117t\u0173?<\/h2>\n<p>Nedidel\u012f kiek\u012f u\u017epurk\u0161k ant drabu\u017ei\u0173 ir odos, ta\u010diau venk purk\u0161ti tiesiai ant veido. Produktas pasi\u017eymi lengvu, bet maloniu kvapu, tad visi prisiminimai apie intensyviai ir nemaloniai kvepian\u010dius repelentus su Ben\u2019s 30 tokiais ir liks.<br \/>\nNor\u0117damas efektyviai apsisaugoti nuo erki\u0173 ir blus\u0173, apipurk\u0161k ir avalyn\u0119, kojines bei kelnes. <\/p>\n<p>&nbsp;<\/p>\n<h2>Saugus repelento naudojimas<\/h2>\n<p>Prie\u0161 naudojim\u0105 rekomenduojame suplakti. Nuimk apsaugin\u012f dangtel\u012f, \u012f deln\u0105 \u012fpurk\u0161k ma\u017edaug du paspaudimus priemon\u0117s ir tepk ant odos bei drabu\u017ei\u0173, laikydamas pur\u0161kikl\u012f toliau nuo veido. Purk\u0161damas ne\u012fkv\u0117pk! Nepurk\u0161k ant \u017eaizd\u0173, nubrozdinim\u0173 ar sudirgusios odos. Vien\u0105 kart\u0105 pasitepus, uodus efektyviai atbaido iki 5 valand\u0173, o erkes \u2013 iki 4,5 valandos.    <\/p>\n<p>&nbsp;<\/p>\n<h3>Ben\u2019s repelentas yra saugus naudoti ant odos. Ta\u010diau, kaip ir bet kurios kitos med\u017eiagos ar vaisto atveju, yra tam tikr\u0173 i\u0161im\u010di\u0173. <\/h3>\n<p>Nenaudoti vaikams iki 2 met\u0173. Ant odos tepti tik vien\u0105 kart\u0105 per dien\u0105. Suaugusieji per dien\u0105 gali sunaudoti ne daugiau kaip 58 papur\u0161kimus, o vyresni nei 12 met\u0173 vaikai \u2013 iki 23 papur\u0161kim\u0173. 2\u201312 met\u0173 vaikams per dien\u0105 galima u\u017epurk\u0161ti ne daugiau kaip 9 papur\u0161kimus ir tik ant kaklo, dilbi\u0173 bei koj\u0173. Likusios k\u016bno dalys turi b\u016bti apsaugotos drabu\u017eiais. Produkto nenaudoti vaikams iki 1 met\u0173. Jiems yra skirti special\u016bs repelentai. Netepk priemon\u0117s ant jaunesni\u0173 nei 12 met\u0173 vaik\u0173 deln\u0173. Rekomenduojama drabu\u017eiais u\u017edengti bet kok\u012f priemone nepadengt\u0105 odos plot\u0105, kad apribotum pri\u0117jim\u0105 kandin\u0117jantiems vabzd\u017eiams.        <\/p>\n<h2><img decoding=\"async\" class=\"alignnone wp-image-24012 size-thumbnail\" src=\"https:\/\/toidupakk.ee\/wp-content\/uploads\/2024\/06\/Saasetorjevahend-Bens-30-2-500x500.jpg\" alt=\"repelentas bens\" width=\"500\" height=\"500\" srcset=\"https:\/\/toidupakk.ee\/wp-content\/uploads\/2024\/06\/Saasetorjevahend-Bens-30-2-500x500.jpg 500w, https:\/\/toidupakk.ee\/wp-content\/uploads\/2024\/06\/Saasetorjevahend-Bens-30-2-400x400.jpg 400w, https:\/\/toidupakk.ee\/wp-content\/uploads\/2024\/06\/Saasetorjevahend-Bens-30-2-100x100.jpg 100w, https:\/\/toidupakk.ee\/wp-content\/uploads\/2024\/06\/Saasetorjevahend-Bens-30-2-800x800.jpg 800w, https:\/\/toidupakk.ee\/wp-content\/uploads\/2024\/06\/Saasetorjevahend-Bens-30-2-300x300.jpg 300w, https:\/\/toidupakk.ee\/wp-content\/uploads\/2024\/06\/Saasetorjevahend-Bens-30-2-1024x1024.jpg 1024w, https:\/\/toidupakk.ee\/wp-content\/uploads\/2024\/06\/Saasetorjevahend-Bens-30-2-768x768.jpg 768w, https:\/\/toidupakk.ee\/wp-content\/uploads\/2024\/06\/Saasetorjevahend-Bens-30-2.jpg 1080w\" sizes=\"(max-width: 500px) 100vw, 500px\" \/><\/h2>\n<h2>Atsargumo priemon\u0117s naudojant repelent\u0105 Ben&#8217;s 30<\/h2>\n<ul>\n<li>Nenaudok priemon\u0117s aplink akis ir burn\u0105! Patep\u0119s od\u0105 delnais, kruop\u0161\u010diai nusiplauk rankas. <\/li>\n<li>Neleisk savaranki\u0161kai naudoti jaunesniems nei 10 met\u0173 vaikams. Jei nori naudoti priemon\u0119 vaikams, u\u017epurk\u0161k jos ant savo rank\u0173 ir tada i\u0161tepk vaiko vietas, kurioms reikia apsaugos. <\/li>\n<li>Naudok saiking\u0105 kiek\u012f ant atviros odos. Nenaudok priemon\u0117s po drabu\u017eiais. <\/li>\n<li>Venk perdozavimo!<\/li>\n<li>Kai apsauga nebereikalinga, vietas, kurias tep\u0117te priemone, nuplauk vandeniu su muilu.<\/li>\n<li>Prie\u0161 v\u0117l vilkdamasis drabu\u017eius, ant kuri\u0173 naudojai priemon\u0119, juos i\u0161skalbk.<\/li>\n<li>Nepurk\u0161k priemon\u0117s u\u017edarose patalpose!<\/li>\n<\/ul>\n<p>&nbsp;<\/p>\n<p><strong>Laikymas<\/strong><\/p>\n<p>Laikyti v\u0117sioje, sausoje, vaikams ir gyv\u016bnams nepasiekiamoje vietoje. Saugoti nuo kar\u0161\u010dio ir atviros liepsnos. <\/p>\n<p><strong>\u0160alinimas<\/strong><\/p>\n<p>Nemesti \u012f ugn\u012f ir neardyti! Nenaudoti tu\u0161\u010dio buteliuko kitiems tikslams! Tu\u0161\u010di\u0105 pakuot\u0119 pristatyk \u012f pavojing\u0173 atliek\u0173 surinkimo punkt\u0105 arba i\u0161mesk \u012f \u0161iuk\u0161liad\u0117\u017e\u0119.  <\/p>\n<h3><strong>Pirmoji pagalba<\/strong><\/h3>\n<p>Produkto patekus \u012f akis, plauti dideliu kiekiu vandens. Prarijus produkt\u0105, nedelsiant kreiptis \u012f gydytoj\u0105! <\/p>\n<p>&nbsp;<\/p>\n<p>Per\u017ei\u016br\u0117k daugiau \u017eygi\u0173 reikmen\u0173 <a href=\"https:\/\/toidupakk.ee\/lt\/tootekategooria\/zygio-iranga\/#section-3-79\">\u010cIA<\/a><\/p>\n<p>\u017dygio maist\u0105 rasi <a href=\"https:\/\/toidupakk.ee\/lt\/tootekategooria\/zygio-maistas\/\">\u010cIA<\/a><\/p>\n<p>Pasisemk \u012fkv\u0117pimo kitiems nuotykiams \u201eToidupakk\u201c <a href=\"https:\/\/www.instagram.com\/toidupakk\/\">Instagram<\/a> ir <a href=\"https:\/\/www.facebook.com\/Toidupakk\/\">Facebook<\/a> paskyrose.<\/p>\n","protected":false},"excerpt":{"rendered":"<p><strong>Repelentas Ben&#8217;s 30 laikomas viena efektyviausi\u0173 iki \u0161iol sukurt\u0173 priemoni\u0173 nuo vabzd\u017ei\u0173. Tai \u017evej\u0173 bei med\u017eiotoj\u0173 m\u0117gstamiausias ir nepakei\u010diamas kiekvieno gamtos myl\u0117tojo palydovas. Iki 5 val. apsauga nuo uod\u0173, erki\u0173, briedmusi\u0173 ir kit\u0173 \u012fkyri\u0173 vabzd\u017ei\u0173.  <\/strong><\/p>\n<ul>\n<li>Efektyvi apsauga <strong>nuo uod\u0173, erki\u0173 ir kit\u0173 \u012fkyri\u0173 vabzd\u017ei\u0173<\/strong><\/li>\n<li>100 ml buteliukas<\/li>\n<li>Lengvai naudojamas pur\u0161kiamas buteliukas (ne aerozolis)<\/li>\n<li><strong>Veiklioji med\u017eiaga DEET (30 %)<\/strong><\/li>\n<li>Vandens pagrindu<\/li>\n<li>Galiojimo laikas: iki 3 m.<\/li>\n<\/ul>\n<p><img decoding=\"async\" class=\"alignnone wp-image-1909 size-full\" src=\"https:\/\/toidupakk.ee\/wp-content\/uploads\/2022\/05\/Saasetorje-Bens-Max-4-e1713251010971.png\" alt=\"\" width=\"139\" height=\"196\"><\/p>\n<p>\u2705 \u0160iuo metu i\u0161parduota, nauja partija bus 2026 m. baland\u012f<\/p>\n","protected":false},"featured_media":46741,"comment_status":"open","ping_status":"closed","template":"","meta":{"_acf_changed":false},"product_brand":[],"product_cat":[259,189,190],"product_tag":[],"class_list":{"0":"post-46735","1":"product","2":"type-product","3":"status-publish","4":"has-post-thumbnail","6":"product_cat-apsauga-nuo-uodu-apsauga-nuo-vabzdziu-apsauga-nuo-erkiu","7":"product_cat-zygio-iranga","8":"product_cat-zygio-prekes","10":"first","11":"outofstock","12":"taxable","13":"shipping-taxable","14":"purchasable","15":"product-type-simple"},"bundled_by":[],"bundle_stock_status":"outofstock","bundle_stock_quantity":0,"bundle_virtual":false,"bundle_layout":"","bundle_add_to_cart_form_location":"","bundle_editable_in_cart":false,"bundle_sold_individually_context":"","bundle_item_grouping":"","bundle_min_size":"","bundle_max_size":"","bundle_price":[],"bundled_items":[],"bundle_sell_ids":[],"acf":[],"yoast_head":"<!-- This site is optimized with the Yoast SEO plugin v27.3 - https:\/\/yoast.com\/product\/yoast-seo-wordpress\/ -->\n<title>Repelentas nuo uod\u0173 Ben&#039;s 30 (100 ml) nuo uod\u0173 ir erki\u0173<\/title>\n<meta name=\"description\" content=\"Repelentas Ben&#039;s 30 laikomas viena efektyviausi\u0173 kada nors sukurt\u0173 priemoni\u0173 nuo vabzd\u017ei\u0173. Tai \u017evej\u0173 bei med\u017eiotoj\u0173 m\u0117gstamiausias ir nepakei\u010diamas palydovas gamtoje.\" \/>\n<meta name=\"robots\" content=\"index, follow, max-snippet:-1, max-image-preview:large, max-video-preview:-1\" \/>\n<link rel=\"canonical\" href=\"https:\/\/toidupakk.ee\/lt\/toode\/repelentas-nuo-uodu-bens-30-100-ml\/\" \/>\n<meta property=\"og:locale\" content=\"lt_LT\" \/>\n<meta property=\"og:type\" content=\"article\" \/>\n<meta property=\"og:title\" content=\"Repelentas nuo uod\u0173 Ben&#039;s 30 (100 ml) nuo uod\u0173 ir erki\u0173\" \/>\n<meta property=\"og:description\" content=\"Repelentas Ben&#039;s 30 laikomas viena efektyviausi\u0173 kada nors sukurt\u0173 priemoni\u0173 nuo vabzd\u017ei\u0173. Tai \u017evej\u0173 bei med\u017eiotoj\u0173 m\u0117gstamiausias ir nepakei\u010diamas palydovas gamtoje.\" \/>\n<meta property=\"og:url\" content=\"https:\/\/toidupakk.ee\/lt\/toode\/repelentas-nuo-uodu-bens-30-100-ml\/\" \/>\n<meta property=\"og:site_name\" content=\"Toidupakk.ee - Tactical Foodpack toidupakid\" \/>\n<meta property=\"article:publisher\" content=\"https:\/\/www.facebook.com\/Toidupakk\" \/>\n<meta property=\"article:modified_time\" content=\"2026-04-29T11:31:21+00:00\" \/>\n<meta property=\"og:image\" content=\"https:\/\/toidupakk.ee\/wp-content\/uploads\/2024\/06\/Saasetorjeahend-Bens-30-1.png\" \/>\n\t<meta property=\"og:image:width\" content=\"1080\" \/>\n\t<meta property=\"og:image:height\" content=\"1080\" \/>\n\t<meta property=\"og:image:type\" content=\"image\/png\" \/>\n<meta name=\"twitter:card\" content=\"summary_large_image\" \/>\n<meta name=\"twitter:label1\" content=\"Est. reading time\" \/>\n\t<meta name=\"twitter:data1\" content=\"3 minut\u0117s\" \/>\n<script type=\"application\/ld+json\" class=\"yoast-schema-graph\">{\"@context\":\"https:\\\/\\\/schema.org\",\"@graph\":[{\"@type\":\"WebPage\",\"@id\":\"https:\\\/\\\/toidupakk.ee\\\/lt\\\/toode\\\/repelentas-nuo-uodu-bens-30-100-ml\\\/\",\"url\":\"https:\\\/\\\/toidupakk.ee\\\/lt\\\/toode\\\/repelentas-nuo-uodu-bens-30-100-ml\\\/\",\"name\":\"Repelentas nuo uod\u0173 Ben's 30 (100 ml) nuo uod\u0173 ir erki\u0173\",\"isPartOf\":{\"@id\":\"https:\\\/\\\/toidupakk.ee\\\/lt\\\/#website\"},\"primaryImageOfPage\":{\"@id\":\"https:\\\/\\\/toidupakk.ee\\\/lt\\\/toode\\\/repelentas-nuo-uodu-bens-30-100-ml\\\/#primaryimage\"},\"image\":{\"@id\":\"https:\\\/\\\/toidupakk.ee\\\/lt\\\/toode\\\/repelentas-nuo-uodu-bens-30-100-ml\\\/#primaryimage\"},\"thumbnailUrl\":\"https:\\\/\\\/toidupakk.ee\\\/wp-content\\\/uploads\\\/2024\\\/06\\\/Saasetorjeahend-Bens-30-1.png\",\"datePublished\":\"2024-06-12T10:40:26+00:00\",\"dateModified\":\"2026-04-29T11:31:21+00:00\",\"description\":\"Repelentas Ben's 30 laikomas viena efektyviausi\u0173 kada nors sukurt\u0173 priemoni\u0173 nuo vabzd\u017ei\u0173. Tai \u017evej\u0173 bei med\u017eiotoj\u0173 m\u0117gstamiausias ir nepakei\u010diamas palydovas gamtoje.\",\"breadcrumb\":{\"@id\":\"https:\\\/\\\/toidupakk.ee\\\/lt\\\/toode\\\/repelentas-nuo-uodu-bens-30-100-ml\\\/#breadcrumb\"},\"inLanguage\":\"lt-LT\",\"potentialAction\":[{\"@type\":\"ReadAction\",\"target\":[\"https:\\\/\\\/toidupakk.ee\\\/lt\\\/toode\\\/repelentas-nuo-uodu-bens-30-100-ml\\\/\"]}]},{\"@type\":\"ImageObject\",\"inLanguage\":\"lt-LT\",\"@id\":\"https:\\\/\\\/toidupakk.ee\\\/lt\\\/toode\\\/repelentas-nuo-uodu-bens-30-100-ml\\\/#primaryimage\",\"url\":\"https:\\\/\\\/toidupakk.ee\\\/wp-content\\\/uploads\\\/2024\\\/06\\\/Saasetorjeahend-Bens-30-1.png\",\"contentUrl\":\"https:\\\/\\\/toidupakk.ee\\\/wp-content\\\/uploads\\\/2024\\\/06\\\/Saasetorjeahend-Bens-30-1.png\",\"width\":1080,\"height\":1080,\"caption\":\"Ben's pur\u0161kiklis nuo uod\u0173\"},{\"@type\":\"BreadcrumbList\",\"@id\":\"https:\\\/\\\/toidupakk.ee\\\/lt\\\/toode\\\/repelentas-nuo-uodu-bens-30-100-ml\\\/#breadcrumb\",\"itemListElement\":[{\"@type\":\"ListItem\",\"position\":1,\"name\":\"Avaleht\",\"item\":\"https:\\\/\\\/toidupakk.ee\\\/lt\\\/\"},{\"@type\":\"ListItem\",\"position\":2,\"name\":\"El. parduotuv\u0117\",\"item\":\"https:\\\/\\\/toidupakk.ee\\\/lt\\\/el-parduotuve\\\/\"},{\"@type\":\"ListItem\",\"position\":3,\"name\":\"Repelentas nuo uod\u0173 Ben&#8217;s 30 (100 ml)\"}]},{\"@type\":\"WebSite\",\"@id\":\"https:\\\/\\\/toidupakk.ee\\\/lt\\\/#website\",\"url\":\"https:\\\/\\\/toidupakk.ee\\\/lt\\\/\",\"name\":\"Toidupakk.ee - Tactical Foodpack toidupakid\",\"description\":\"Tactical Foodpack k\u00fclmkuivatatud toidupakid ja matkaeined\",\"publisher\":{\"@id\":\"https:\\\/\\\/toidupakk.ee\\\/lt\\\/#organization\"},\"potentialAction\":[{\"@type\":\"SearchAction\",\"target\":{\"@type\":\"EntryPoint\",\"urlTemplate\":\"https:\\\/\\\/toidupakk.ee\\\/lt\\\/?s={search_term_string}\"},\"query-input\":{\"@type\":\"PropertyValueSpecification\",\"valueRequired\":true,\"valueName\":\"search_term_string\"}}],\"inLanguage\":\"lt-LT\"},{\"@type\":\"Organization\",\"@id\":\"https:\\\/\\\/toidupakk.ee\\\/lt\\\/#organization\",\"name\":\"Tactical Foodpack matkaeined\",\"url\":\"https:\\\/\\\/toidupakk.ee\\\/lt\\\/\",\"logo\":{\"@type\":\"ImageObject\",\"inLanguage\":\"lt-LT\",\"@id\":\"https:\\\/\\\/toidupakk.ee\\\/lt\\\/#\\\/schema\\\/logo\\\/image\\\/\",\"url\":\"https:\\\/\\\/toidupakk.ee\\\/wp-content\\\/uploads\\\/2022\\\/01\\\/Toidupakk-matkapood-logo-transparent.png\",\"contentUrl\":\"https:\\\/\\\/toidupakk.ee\\\/wp-content\\\/uploads\\\/2022\\\/01\\\/Toidupakk-matkapood-logo-transparent.png\",\"width\":500,\"height\":500,\"caption\":\"Tactical Foodpack matkaeined\"},\"image\":{\"@id\":\"https:\\\/\\\/toidupakk.ee\\\/lt\\\/#\\\/schema\\\/logo\\\/image\\\/\"},\"sameAs\":[\"https:\\\/\\\/www.facebook.com\\\/Toidupakk\",\"https:\\\/\\\/www.instagram.com\\\/toidupakk\\\/\"]}]}<\/script>\n<!-- \/ Yoast SEO plugin. -->","yoast_head_json":{"title":"Repelentas nuo uod\u0173 Ben's 30 (100 ml) nuo uod\u0173 ir erki\u0173","description":"Repelentas Ben's 30 laikomas viena efektyviausi\u0173 kada nors sukurt\u0173 priemoni\u0173 nuo vabzd\u017ei\u0173. Tai \u017evej\u0173 bei med\u017eiotoj\u0173 m\u0117gstamiausias ir nepakei\u010diamas palydovas gamtoje.","robots":{"index":"index","follow":"follow","max-snippet":"max-snippet:-1","max-image-preview":"max-image-preview:large","max-video-preview":"max-video-preview:-1"},"canonical":"https:\/\/toidupakk.ee\/lt\/toode\/repelentas-nuo-uodu-bens-30-100-ml\/","og_locale":"lt_LT","og_type":"article","og_title":"Repelentas nuo uod\u0173 Ben's 30 (100 ml) nuo uod\u0173 ir erki\u0173","og_description":"Repelentas Ben's 30 laikomas viena efektyviausi\u0173 kada nors sukurt\u0173 priemoni\u0173 nuo vabzd\u017ei\u0173. Tai \u017evej\u0173 bei med\u017eiotoj\u0173 m\u0117gstamiausias ir nepakei\u010diamas palydovas gamtoje.","og_url":"https:\/\/toidupakk.ee\/lt\/toode\/repelentas-nuo-uodu-bens-30-100-ml\/","og_site_name":"Toidupakk.ee - Tactical Foodpack toidupakid","article_publisher":"https:\/\/www.facebook.com\/Toidupakk","article_modified_time":"2026-04-29T11:31:21+00:00","og_image":[{"width":1080,"height":1080,"url":"https:\/\/toidupakk.ee\/wp-content\/uploads\/2024\/06\/Saasetorjeahend-Bens-30-1.png","type":"image\/png"}],"twitter_card":"summary_large_image","twitter_misc":{"Est. reading time":"3 minut\u0117s"},"schema":{"@context":"https:\/\/schema.org","@graph":[{"@type":"WebPage","@id":"https:\/\/toidupakk.ee\/lt\/toode\/repelentas-nuo-uodu-bens-30-100-ml\/","url":"https:\/\/toidupakk.ee\/lt\/toode\/repelentas-nuo-uodu-bens-30-100-ml\/","name":"Repelentas nuo uod\u0173 Ben's 30 (100 ml) nuo uod\u0173 ir erki\u0173","isPartOf":{"@id":"https:\/\/toidupakk.ee\/lt\/#website"},"primaryImageOfPage":{"@id":"https:\/\/toidupakk.ee\/lt\/toode\/repelentas-nuo-uodu-bens-30-100-ml\/#primaryimage"},"image":{"@id":"https:\/\/toidupakk.ee\/lt\/toode\/repelentas-nuo-uodu-bens-30-100-ml\/#primaryimage"},"thumbnailUrl":"https:\/\/toidupakk.ee\/wp-content\/uploads\/2024\/06\/Saasetorjeahend-Bens-30-1.png","datePublished":"2024-06-12T10:40:26+00:00","dateModified":"2026-04-29T11:31:21+00:00","description":"Repelentas Ben's 30 laikomas viena efektyviausi\u0173 kada nors sukurt\u0173 priemoni\u0173 nuo vabzd\u017ei\u0173. Tai \u017evej\u0173 bei med\u017eiotoj\u0173 m\u0117gstamiausias ir nepakei\u010diamas palydovas gamtoje.","breadcrumb":{"@id":"https:\/\/toidupakk.ee\/lt\/toode\/repelentas-nuo-uodu-bens-30-100-ml\/#breadcrumb"},"inLanguage":"lt-LT","potentialAction":[{"@type":"ReadAction","target":["https:\/\/toidupakk.ee\/lt\/toode\/repelentas-nuo-uodu-bens-30-100-ml\/"]}]},{"@type":"ImageObject","inLanguage":"lt-LT","@id":"https:\/\/toidupakk.ee\/lt\/toode\/repelentas-nuo-uodu-bens-30-100-ml\/#primaryimage","url":"https:\/\/toidupakk.ee\/wp-content\/uploads\/2024\/06\/Saasetorjeahend-Bens-30-1.png","contentUrl":"https:\/\/toidupakk.ee\/wp-content\/uploads\/2024\/06\/Saasetorjeahend-Bens-30-1.png","width":1080,"height":1080,"caption":"Ben's pur\u0161kiklis nuo uod\u0173"},{"@type":"BreadcrumbList","@id":"https:\/\/toidupakk.ee\/lt\/toode\/repelentas-nuo-uodu-bens-30-100-ml\/#breadcrumb","itemListElement":[{"@type":"ListItem","position":1,"name":"Avaleht","item":"https:\/\/toidupakk.ee\/lt\/"},{"@type":"ListItem","position":2,"name":"El. parduotuv\u0117","item":"https:\/\/toidupakk.ee\/lt\/el-parduotuve\/"},{"@type":"ListItem","position":3,"name":"Repelentas nuo uod\u0173 Ben&#8217;s 30 (100 ml)"}]},{"@type":"WebSite","@id":"https:\/\/toidupakk.ee\/lt\/#website","url":"https:\/\/toidupakk.ee\/lt\/","name":"Toidupakk.ee - Tactical Foodpack toidupakid","description":"Tactical Foodpack k\u00fclmkuivatatud toidupakid ja matkaeined","publisher":{"@id":"https:\/\/toidupakk.ee\/lt\/#organization"},"potentialAction":[{"@type":"SearchAction","target":{"@type":"EntryPoint","urlTemplate":"https:\/\/toidupakk.ee\/lt\/?s={search_term_string}"},"query-input":{"@type":"PropertyValueSpecification","valueRequired":true,"valueName":"search_term_string"}}],"inLanguage":"lt-LT"},{"@type":"Organization","@id":"https:\/\/toidupakk.ee\/lt\/#organization","name":"Tactical Foodpack matkaeined","url":"https:\/\/toidupakk.ee\/lt\/","logo":{"@type":"ImageObject","inLanguage":"lt-LT","@id":"https:\/\/toidupakk.ee\/lt\/#\/schema\/logo\/image\/","url":"https:\/\/toidupakk.ee\/wp-content\/uploads\/2022\/01\/Toidupakk-matkapood-logo-transparent.png","contentUrl":"https:\/\/toidupakk.ee\/wp-content\/uploads\/2022\/01\/Toidupakk-matkapood-logo-transparent.png","width":500,"height":500,"caption":"Tactical Foodpack matkaeined"},"image":{"@id":"https:\/\/toidupakk.ee\/lt\/#\/schema\/logo\/image\/"},"sameAs":["https:\/\/www.facebook.com\/Toidupakk","https:\/\/www.instagram.com\/toidupakk\/"]}]}},"jetpack_sharing_enabled":true,"_links":{"self":[{"href":"https:\/\/toidupakk.ee\/lt\/wp-json\/wp\/v2\/product\/46735","targetHints":{"allow":["GET"]}}],"collection":[{"href":"https:\/\/toidupakk.ee\/lt\/wp-json\/wp\/v2\/product"}],"about":[{"href":"https:\/\/toidupakk.ee\/lt\/wp-json\/wp\/v2\/types\/product"}],"replies":[{"embeddable":true,"href":"https:\/\/toidupakk.ee\/lt\/wp-json\/wp\/v2\/comments?post=46735"}],"wp:featuredmedia":[{"embeddable":true,"href":"https:\/\/toidupakk.ee\/lt\/wp-json\/wp\/v2\/media\/46741"}],"wp:attachment":[{"href":"https:\/\/toidupakk.ee\/lt\/wp-json\/wp\/v2\/media?parent=46735"}],"wp:term":[{"taxonomy":"product_brand","embeddable":true,"href":"https:\/\/toidupakk.ee\/lt\/wp-json\/wp\/v2\/product_brand?post=46735"},{"taxonomy":"product_cat","embeddable":true,"href":"https:\/\/toidupakk.ee\/lt\/wp-json\/wp\/v2\/product_cat?post=46735"},{"taxonomy":"product_tag","embeddable":true,"href":"https:\/\/toidupakk.ee\/lt\/wp-json\/wp\/v2\/product_tag?post=46735"}],"curies":[{"name":"wp","href":"https:\/\/api.w.org\/{rel}","templated":true}]}}