{"id":46729,"date":"2024-06-12T11:41:53","date_gmt":"2024-06-12T08:41:53","guid":{"rendered":"https:\/\/toidupakk.ee\/toode\/livercon-maisto-papildas-kepenu-funkcijai-palaikyti-iconfit-30-kapsuliu\/"},"modified":"2026-04-04T00:00:40","modified_gmt":"2026-04-03T21:00:40","slug":"livercon-maisto-papildas-kepenu-funkcijai-palaikyti-iconfit-30-kapsuliu","status":"publish","type":"product","link":"https:\/\/toidupakk.ee\/lt\/toode\/livercon-maisto-papildas-kepenu-funkcijai-palaikyti-iconfit-30-kapsuliu\/","title":{"rendered":"Livercon \u2013 maisto papildas kepen\u0173 funkcijai palaikyti ICONFIT (30 kapsuli\u0173)"},"content":{"rendered":"<div class=\"flex flex-grow flex-col max-w-full\">\n<div class=\"min-h-[20px] text-message flex flex-col items-start whitespace-pre-wrap break-words [.text-message+&amp;]:mt-5 juice:w-full juice:items-end overflow-x-auto gap-2\" dir=\"auto\" data-message-author-role=\"assistant\" data-message-id=\"0d627863-3206-4fcd-84b5-7a92545ec18d\">\n<div class=\"flex w-full flex-col gap-1 juice:empty:hidden juice:first:pt-[3px]\">\n<div class=\"markdown prose w-full break-words dark:prose-invert light\">\n<h1>Livercon \u2013 maisto papildas kepen\u0173 funkcijai palaikyti<\/h1>\n<p>Kepenys yra vienas svarbiausi\u0173 organizmo organ\u0173, vaidinantis pagrindin\u012f vaidmen\u012f palaikant bendr\u0105 sveikat\u0105 ir med\u017eiag\u0173 apykait\u0105. \u0160is maisto papildas kepen\u0173 funkcijai palaikyti padeda u\u017etikrinti svarbias kepen\u0173 funkcijas, kurios yra b\u016btinos vir\u0161kinimui, med\u017eiag\u0173 apykaitai, imunitetui ir kraujo sud\u0117ties reguliavimui. <\/p>\n<h2>Livercon \u2013 maisto papildas kepen\u0173 funkcijai palaikyti<\/h2>\n<ol>\n<li><strong>Toksin\u0173 \u0161alinimas<\/strong>: kepenys filtruoja ir \u0161alina i\u0161 kraujo toksinus, \u012fskaitant med\u017eiag\u0173 apykaitos atliekas, vaistus, alkohol\u012f ir kitas kenksmingas med\u017eiagas. Jos suskaidomos \u012f ma\u017eiau kenksmingus junginius, kurie v\u0117liau pa\u0161alinami su \u0161lapimu arba tul\u017eimi. <\/li>\n<li><strong>Maistini\u0173 med\u017eiag\u0173 apykaita<\/strong>: kepenys atlieka pagrindin\u012f vaidmen\u012f maistini\u0173 med\u017eiag\u0173 apykaitoje. Jos paver\u010dia angliavandenius gliukoze, kuri kaupiama energijai glikogeno pavidalu. Taip pat kepenys apdoroja riebalus ir baltymus, taip prisid\u0117damos prie vir\u0161kinimo ir maistini\u0173 med\u017eiag\u0173 \u012fsisavinimo.  <\/li>\n<li><strong>Tul\u017eies gamyba<\/strong>: kepenys gamina tul\u017e\u012f \u2013 skyst\u012f, kuris yra svarbus riebal\u0173 ir riebaluose tirpi\u0173 vitamin\u0173 vir\u0161kinimui bei \u012fsisavinimui plonojoje \u017earnoje. Tul\u017eis kaupiasi tul\u017eies p\u016bsl\u0117je ir i\u0161siskiria tada, kai jos reikia. <\/li>\n<li><strong>Vitamin\u0173 ir mineral\u0173 kaupimas<\/strong>: kepenyse kaupiamas didelis kiekis vitamin\u0173 ir mineral\u0173, \u012fskaitant vitaminus A, D, E, K ir B12, taip pat gele\u017e\u012f bei var\u012f. Tai u\u017etikrina, kad organizmas prireikus tur\u0117t\u0173 \u0161i\u0173 svarbi\u0173 maistini\u0173 med\u017eiag\u0173 atsarg\u0173. <\/li>\n<\/ol>\n<p><img fetchpriority=\"high\" decoding=\"async\" class=\"alignnone size-thumbnail wp-image-23975\" src=\"https:\/\/toidupakk.ee\/wp-content\/uploads\/2024\/06\/Livercon-toidulisand-maksafunktsioonide-toetamiseks-ICONFIT-30-kapslit-500x500.png\" alt=\"maisto papildas kepen\u0173 funkcijai palaikyti\" width=\"500\" height=\"500\" srcset=\"https:\/\/toidupakk.ee\/wp-content\/uploads\/2024\/06\/Livercon-toidulisand-maksafunktsioonide-toetamiseks-ICONFIT-30-kapslit-500x500.png 500w, https:\/\/toidupakk.ee\/wp-content\/uploads\/2024\/06\/Livercon-toidulisand-maksafunktsioonide-toetamiseks-ICONFIT-30-kapslit-400x400.png 400w, https:\/\/toidupakk.ee\/wp-content\/uploads\/2024\/06\/Livercon-toidulisand-maksafunktsioonide-toetamiseks-ICONFIT-30-kapslit-100x100.png 100w, https:\/\/toidupakk.ee\/wp-content\/uploads\/2024\/06\/Livercon-toidulisand-maksafunktsioonide-toetamiseks-ICONFIT-30-kapslit-300x300.png 300w, https:\/\/toidupakk.ee\/wp-content\/uploads\/2024\/06\/Livercon-toidulisand-maksafunktsioonide-toetamiseks-ICONFIT-30-kapslit-768x768.png 768w, https:\/\/toidupakk.ee\/wp-content\/uploads\/2024\/06\/Livercon-toidulisand-maksafunktsioonide-toetamiseks-ICONFIT-30-kapslit.png 800w\" sizes=\"(max-width: 500px) 100vw, 500px\" \/><\/p>\n<p>ICONFIT LIVERCON yra specialiai sukurtas kompleksinis produktas, palaikantis kepen\u0173 funkcijas. Jo sud\u0117tyje yra augalini\u0173 ekstrakt\u0173, antioksidant\u0173, cholino, vitamino B6 ir seleno, kurie visi padeda i\u0161laikyti kepenis sveikas. <\/p>\n<ul>\n<li><strong>Kiaulpien\u0117s<\/strong> padeda palaikyti normali\u0105 kepen\u0173 funkcij\u0105, skatina lipid\u0173 bei cholesterolio apykait\u0105 ir palaiko nat\u016bral\u0173 organizmo valymosi mechanizm\u0105.<\/li>\n<li><strong>Cholinas<\/strong> padeda palaikyti normali\u0105 kepen\u0173 veikl\u0105 ir skatina riebal\u0173 bei homocisteino apykait\u0105.<\/li>\n<li><strong>Gliutationas<\/strong> yra stiprus antioksidantas, daugiausia randamas kepenyse, bet ir kituose organuose. Jis padeda i\u0161vengti laisv\u0173j\u0173 radikal\u0173 ir sunki\u0173j\u0173 metal\u0173 sukeltos \u017ealos, apsaugodamas l\u0105steles. <\/li>\n<li><strong>NAC (N-acetil-L-cisteinas)<\/strong> yra gliutationo pirmtakas, veikiantis kaip laisv\u0173j\u0173 radikal\u0173 gaudykl\u0117 ir saugantis l\u0105steles nuo pa\u017eeidim\u0173. NAC yra stabili ir biologi\u0161kai prieinama cisteino forma. <\/li>\n<li><strong>Tikrasis margainis<\/strong> palaiko kepen\u0173 sveikat\u0105 ir kepen\u0173 l\u0105steli\u0173 apsaug\u0105, prisid\u0117damas prie vir\u0161kinimo ir organizmo valymo.<\/li>\n<li><strong>Arti\u0161okas<\/strong> palaiko vir\u0161kinimo sul\u010di\u0173 i\u0161siskyrim\u0105 ir detoksikacij\u0105, saugo kepen\u0173 l\u0105steles ir skatina tul\u017eies gamyb\u0105, pad\u0117damas palaikyti cholesterolio kiek\u012f kraujyje.<\/li>\n<li><strong>Selenas<\/strong> padeda apsaugoti l\u0105steles nuo oksidacin\u0117s pa\u017eaidos.<\/li>\n<li><strong>Vitaminas B6<\/strong> palaiko cisteino sintez\u0119, energijos apykait\u0105 bei homocisteino, baltym\u0173 ir glikogeno apykait\u0105.<\/li>\n<\/ul>\n<\/div>\n<\/div>\n<\/div>\n<\/div>\n<h2 class=\"image-with-text__heading pxu-lia-element\">ICONFIT kokyb\u0117 ir r\u016bpestis<\/h2>\n<div class=\"image-with-text__text pxu-lia-element\">\n<p>ICONFIT produktai sukurti Estijoje ir remiasi auk\u0161\u010diausiais Europos kokyb\u0117s standartais. Savo produktus kuriame kartu su mitybos specialistais, sportininkais ir maisto technologais. <\/p>\n<p>ICONFIT produktuose n\u0117ra nereikaling\u0173 dirbtini\u0173 stabilizatori\u0173, da\u017eikli\u0173 ar konservant\u0173. M\u016bs\u0173 klientai gr\u012f\u017eta v\u0117l ir v\u0117l d\u0117l m\u016bs\u0173 kokyb\u0117s, grynumo ir gero skonio. <\/p>\n<p><img decoding=\"async\" class=\"alignnone wp-image-15624 size-medium lazyautosizes ls-is-cached lazyloaded\" src=\"https:\/\/toidupakk.ee\/wp-content\/uploads\/2023\/11\/ICONFIT-kollageeni-pulber-liigestele-5-300x300.png\" alt=\"iconfit logotipas\" width=\"300\" height=\"300\" data-src=\"https:\/\/toidupakk.ee\/wp-content\/uploads\/2023\/11\/ICONFIT-kollageeni-pulber-liigestele-5-300x300.png\" data-srcset=\"https:\/\/toidupakk.ee\/wp-content\/uploads\/2023\/11\/ICONFIT-kollageeni-pulber-liigestele-5-300x300.png 300w, https:\/\/toidupakk.ee\/wp-content\/uploads\/2023\/11\/ICONFIT-kollageeni-pulber-liigestele-5-500x500.png 500w, https:\/\/toidupakk.ee\/wp-content\/uploads\/2023\/11\/ICONFIT-kollageeni-pulber-liigestele-5-768x768.png 768w, https:\/\/toidupakk.ee\/wp-content\/uploads\/2023\/11\/ICONFIT-kollageeni-pulber-liigestele-5-400x400.png 400w, https:\/\/toidupakk.ee\/wp-content\/uploads\/2023\/11\/ICONFIT-kollageeni-pulber-liigestele-5-100x100.png 100w, https:\/\/toidupakk.ee\/wp-content\/uploads\/2023\/11\/ICONFIT-kollageeni-pulber-liigestele-5.png 800w\" data-sizes=\"auto\" data-eio-rwidth=\"300\" data-eio-rheight=\"300\" srcset=\"https:\/\/toidupakk.ee\/wp-content\/uploads\/2023\/11\/ICONFIT-kollageeni-pulber-liigestele-5-300x300.png 300w, https:\/\/toidupakk.ee\/wp-content\/uploads\/2023\/11\/ICONFIT-kollageeni-pulber-liigestele-5-400x400.png 400w, https:\/\/toidupakk.ee\/wp-content\/uploads\/2023\/11\/ICONFIT-kollageeni-pulber-liigestele-5-100x100.png 100w, https:\/\/toidupakk.ee\/wp-content\/uploads\/2023\/11\/ICONFIT-kollageeni-pulber-liigestele-5-500x500.png 500w, https:\/\/toidupakk.ee\/wp-content\/uploads\/2023\/11\/ICONFIT-kollageeni-pulber-liigestele-5-768x768.png 768w, https:\/\/toidupakk.ee\/wp-content\/uploads\/2023\/11\/ICONFIT-kollageeni-pulber-liigestele-5.png 800w\" sizes=\"(max-width: 300px) 100vw, 300px\" \/><\/p>\n<p>Domiesi \u017eygi\u0173 reikmenimis? Su\u017einok daugiau <a href=\"https:\/\/toidupakk.ee\/lt\/tootekategooria\/zygio-iranga\/#section-3-79\">\u010cIA<\/a><\/p>\n<p>O gal domina maistas \u017eygiams? \u017di\u016br\u0117k <a href=\"https:\/\/toidupakk.ee\/lt\/tootekategooria\/pagrindiniai-patiekalai\/\">\u010cIA<\/a><\/p>\n<p>Pasisemk \u012fkv\u0117pimo kitiems nuotykiams \u201eToidupakk\u201c <a href=\"https:\/\/www.instagram.com\/toidupakk\/\">Instagram<\/a> ir <a href=\"https:\/\/www.facebook.com\/Toidupakk\/\">Facebook<\/a> paskyrose.<\/p>\n<\/div>\n","protected":false},"excerpt":{"rendered":"<p><b>ICONFIT LIVERCON<\/b><span style=\"font-weight: 400;\"> yra kompleksinis produktas kepen\u0173 funkcijai palaikyti. Produkto sud\u0117tyje yra antioksidant\u0173, cholino, vitamino B6, seleno ir augalini\u0173 ekstrakt\u0173. D\u0117l \u0161iuolaikinio gyvenimo b\u016bdo ir didelio toksin\u0173 kiekio kiekvienam rekomenduojama pasir\u016bpinti savo kepen\u0173 sveikata.<\/span><\/p>\n<ul>\n<li>Cholinas padeda palaikyti <strong>normali\u0105 kepen\u0173 veikl\u0105 bei skatina<\/strong><span style=\"font-weight: 400;\"><strong> riebal\u0173 ir homocisteino apykait\u0105<\/strong>.<\/span><\/li>\n<li style=\"font-weight: 400;\"><span style=\"font-weight: 400;\">Tikrasis margainis <\/span>padeda gerinti <b>vir\u0161kinim\u0105 ir organizmo valym\u0105si<\/b>.<\/li>\n<li style=\"font-weight: 400;\"><span style=\"font-weight: 400;\">Arti\u0161okas palaiko <strong>vir\u0161kinimo sul\u010di\u0173 i\u0161siskyrim\u0105 ir detoksikacij\u0105<\/strong>. Skatina tul\u017eies gamyb\u0105, padeda palaikyti cholesterolio lyg\u012f ir saugoti kepenis. <\/span><\/li>\n<li style=\"font-weight: 400;\"><span style=\"font-weight: 400;\">Kiaulpien\u0117 padeda <strong>k\u016bnui nat\u016braliai valytis<\/strong><\/span><span style=\"font-weight: 400;\"><b>.<\/b><\/span><\/li>\n<li><span style=\"font-weight: 400;\">NAC ir gliutationas padeda pagauti l\u0105steles \u017ealojan\u010dius laisvuosius radikalus.<\/span><\/li>\n<li>Vienoje pakuot\u0117je \u2013 <strong>30 kapsuli\u0173<\/strong>.<\/li>\n<li>Rekomenduojama vartoti<strong> 2 kapsules per dien\u0105<\/strong>.<\/li>\n<\/ul>\n<p>\u2705 Pristatymo laikas 3\u20134 darbo dienos<\/p>\n","protected":false},"featured_media":23975,"comment_status":"open","ping_status":"closed","template":"","meta":{"_acf_changed":false},"product_brand":[],"product_cat":[261,237,189,190],"product_tag":[],"class_list":{"0":"post-46729","1":"product","2":"type-product","3":"status-publish","4":"has-post-thumbnail","6":"product_cat-kapsules","7":"product_cat-maisto-papildai","8":"product_cat-zygio-iranga","9":"product_cat-zygio-prekes","11":"first","12":"instock","13":"taxable","14":"shipping-taxable","15":"purchasable","16":"product-type-simple"},"bundled_by":[],"bundle_stock_status":"instock","bundle_stock_quantity":4,"bundle_virtual":false,"bundle_layout":"","bundle_add_to_cart_form_location":"","bundle_editable_in_cart":false,"bundle_sold_individually_context":"","bundle_item_grouping":"","bundle_min_size":"","bundle_max_size":"","bundle_price":[],"bundled_items":[],"bundle_sell_ids":[],"acf":[],"yoast_head":"<!-- This site is optimized with the Yoast SEO plugin v27.1.1 - https:\/\/yoast.com\/product\/yoast-seo-wordpress\/ -->\n<title>Maisto papildas kepen\u0173 funkcijai palaikyti \u2013 ICONFIT LIVERCON<\/title>\n<meta name=\"description\" content=\"ICONFIT LIVERCON yra maisto papildas kepen\u0173 funkcijai palaikyti. Produkto sud\u0117tyje yra antioksidant\u0173, cholino, vitamino B6, seleno ir augalini\u0173 ekstrakt\u0173.\" \/>\n<meta name=\"robots\" content=\"index, follow, max-snippet:-1, max-image-preview:large, max-video-preview:-1\" \/>\n<link rel=\"canonical\" href=\"https:\/\/toidupakk.ee\/lt\/toode\/livercon-maisto-papildas-kepenu-funkcijai-palaikyti-iconfit-30-kapsuliu\/\" \/>\n<meta property=\"og:locale\" content=\"lt_LT\" \/>\n<meta property=\"og:type\" content=\"article\" \/>\n<meta property=\"og:title\" content=\"Maisto papildas kepen\u0173 funkcijai palaikyti \u2013 ICONFIT LIVERCON\" \/>\n<meta property=\"og:description\" content=\"ICONFIT LIVERCON yra maisto papildas kepen\u0173 funkcijai palaikyti. Produkto sud\u0117tyje yra antioksidant\u0173, cholino, vitamino B6, seleno ir augalini\u0173 ekstrakt\u0173.\" \/>\n<meta property=\"og:url\" content=\"https:\/\/toidupakk.ee\/lt\/toode\/livercon-maisto-papildas-kepenu-funkcijai-palaikyti-iconfit-30-kapsuliu\/\" \/>\n<meta property=\"og:site_name\" content=\"Toidupakk.ee - Tactical Foodpack toidupakid\" \/>\n<meta property=\"article:publisher\" content=\"https:\/\/www.facebook.com\/Toidupakk\" \/>\n<meta property=\"article:modified_time\" content=\"2026-04-03T21:00:40+00:00\" \/>\n<meta property=\"og:image\" content=\"https:\/\/toidupakk.ee\/wp-content\/uploads\/2024\/06\/Livercon-toidulisand-maksafunktsioonide-toetamiseks-ICONFIT-30-kapslit.png\" \/>\n\t<meta property=\"og:image:width\" content=\"800\" \/>\n\t<meta property=\"og:image:height\" content=\"800\" \/>\n\t<meta property=\"og:image:type\" content=\"image\/png\" \/>\n<meta name=\"twitter:card\" content=\"summary_large_image\" \/>\n<meta name=\"twitter:label1\" content=\"Est. reading time\" \/>\n\t<meta name=\"twitter:data1\" content=\"2 minut\u0117s\" \/>\n<script type=\"application\/ld+json\" class=\"yoast-schema-graph\">{\"@context\":\"https:\/\/schema.org\",\"@graph\":[{\"@type\":\"WebPage\",\"@id\":\"https:\/\/toidupakk.ee\/lt\/toode\/livercon-maisto-papildas-kepenu-funkcijai-palaikyti-iconfit-30-kapsuliu\/\",\"url\":\"https:\/\/toidupakk.ee\/lt\/toode\/livercon-maisto-papildas-kepenu-funkcijai-palaikyti-iconfit-30-kapsuliu\/\",\"name\":\"Maisto papildas kepen\u0173 funkcijai palaikyti \u2013 ICONFIT LIVERCON\",\"isPartOf\":{\"@id\":\"https:\/\/toidupakk.ee\/lt\/#website\"},\"primaryImageOfPage\":{\"@id\":\"https:\/\/toidupakk.ee\/lt\/toode\/livercon-maisto-papildas-kepenu-funkcijai-palaikyti-iconfit-30-kapsuliu\/#primaryimage\"},\"image\":{\"@id\":\"https:\/\/toidupakk.ee\/lt\/toode\/livercon-maisto-papildas-kepenu-funkcijai-palaikyti-iconfit-30-kapsuliu\/#primaryimage\"},\"thumbnailUrl\":\"https:\/\/toidupakk.ee\/wp-content\/uploads\/2024\/06\/Livercon-toidulisand-maksafunktsioonide-toetamiseks-ICONFIT-30-kapslit.png\",\"datePublished\":\"2024-06-12T08:41:53+00:00\",\"dateModified\":\"2026-04-03T21:00:40+00:00\",\"description\":\"ICONFIT LIVERCON yra maisto papildas kepen\u0173 funkcijai palaikyti. Produkto sud\u0117tyje yra antioksidant\u0173, cholino, vitamino B6, seleno ir augalini\u0173 ekstrakt\u0173.\",\"breadcrumb\":{\"@id\":\"https:\/\/toidupakk.ee\/lt\/toode\/livercon-maisto-papildas-kepenu-funkcijai-palaikyti-iconfit-30-kapsuliu\/#breadcrumb\"},\"inLanguage\":\"lt-LT\",\"potentialAction\":[{\"@type\":\"ReadAction\",\"target\":[\"https:\/\/toidupakk.ee\/lt\/toode\/livercon-maisto-papildas-kepenu-funkcijai-palaikyti-iconfit-30-kapsuliu\/\"]}]},{\"@type\":\"ImageObject\",\"inLanguage\":\"lt-LT\",\"@id\":\"https:\/\/toidupakk.ee\/lt\/toode\/livercon-maisto-papildas-kepenu-funkcijai-palaikyti-iconfit-30-kapsuliu\/#primaryimage\",\"url\":\"https:\/\/toidupakk.ee\/wp-content\/uploads\/2024\/06\/Livercon-toidulisand-maksafunktsioonide-toetamiseks-ICONFIT-30-kapslit.png\",\"contentUrl\":\"https:\/\/toidupakk.ee\/wp-content\/uploads\/2024\/06\/Livercon-toidulisand-maksafunktsioonide-toetamiseks-ICONFIT-30-kapslit.png\",\"width\":800,\"height\":800,\"caption\":\"toidulisand maksafunktsioonide toetamiseks\"},{\"@type\":\"BreadcrumbList\",\"@id\":\"https:\/\/toidupakk.ee\/lt\/toode\/livercon-maisto-papildas-kepenu-funkcijai-palaikyti-iconfit-30-kapsuliu\/#breadcrumb\",\"itemListElement\":[{\"@type\":\"ListItem\",\"position\":1,\"name\":\"Avaleht\",\"item\":\"https:\/\/toidupakk.ee\/lt\/\"},{\"@type\":\"ListItem\",\"position\":2,\"name\":\"El. parduotuv\u0117\",\"item\":\"https:\/\/toidupakk.ee\/lt\/el-parduotuve\/\"},{\"@type\":\"ListItem\",\"position\":3,\"name\":\"Livercon \u2013 maisto papildas kepen\u0173 funkcijai palaikyti ICONFIT (30 kapsuli\u0173)\"}]},{\"@type\":\"WebSite\",\"@id\":\"https:\/\/toidupakk.ee\/lt\/#website\",\"url\":\"https:\/\/toidupakk.ee\/lt\/\",\"name\":\"Toidupakk.ee - Tactical Foodpack toidupakid\",\"description\":\"Tactical Foodpack k\u00fclmkuivatatud toidupakid ja matkaeined\",\"publisher\":{\"@id\":\"https:\/\/toidupakk.ee\/lt\/#organization\"},\"potentialAction\":[{\"@type\":\"SearchAction\",\"target\":{\"@type\":\"EntryPoint\",\"urlTemplate\":\"https:\/\/toidupakk.ee\/lt\/?s={search_term_string}\"},\"query-input\":{\"@type\":\"PropertyValueSpecification\",\"valueRequired\":true,\"valueName\":\"search_term_string\"}}],\"inLanguage\":\"lt-LT\"},{\"@type\":\"Organization\",\"@id\":\"https:\/\/toidupakk.ee\/lt\/#organization\",\"name\":\"Tactical Foodpack matkaeined\",\"url\":\"https:\/\/toidupakk.ee\/lt\/\",\"logo\":{\"@type\":\"ImageObject\",\"inLanguage\":\"lt-LT\",\"@id\":\"https:\/\/toidupakk.ee\/lt\/#\/schema\/logo\/image\/\",\"url\":\"https:\/\/toidupakk.ee\/wp-content\/uploads\/2022\/01\/Toidupakk-matkapood-logo-transparent.png\",\"contentUrl\":\"https:\/\/toidupakk.ee\/wp-content\/uploads\/2022\/01\/Toidupakk-matkapood-logo-transparent.png\",\"width\":500,\"height\":500,\"caption\":\"Tactical Foodpack matkaeined\"},\"image\":{\"@id\":\"https:\/\/toidupakk.ee\/lt\/#\/schema\/logo\/image\/\"},\"sameAs\":[\"https:\/\/www.facebook.com\/Toidupakk\",\"https:\/\/www.instagram.com\/toidupakk\/\"]}]}<\/script>\n<!-- \/ Yoast SEO plugin. -->","yoast_head_json":{"title":"Maisto papildas kepen\u0173 funkcijai palaikyti \u2013 ICONFIT LIVERCON","description":"ICONFIT LIVERCON yra maisto papildas kepen\u0173 funkcijai palaikyti. Produkto sud\u0117tyje yra antioksidant\u0173, cholino, vitamino B6, seleno ir augalini\u0173 ekstrakt\u0173.","robots":{"index":"index","follow":"follow","max-snippet":"max-snippet:-1","max-image-preview":"max-image-preview:large","max-video-preview":"max-video-preview:-1"},"canonical":"https:\/\/toidupakk.ee\/lt\/toode\/livercon-maisto-papildas-kepenu-funkcijai-palaikyti-iconfit-30-kapsuliu\/","og_locale":"lt_LT","og_type":"article","og_title":"Maisto papildas kepen\u0173 funkcijai palaikyti \u2013 ICONFIT LIVERCON","og_description":"ICONFIT LIVERCON yra maisto papildas kepen\u0173 funkcijai palaikyti. Produkto sud\u0117tyje yra antioksidant\u0173, cholino, vitamino B6, seleno ir augalini\u0173 ekstrakt\u0173.","og_url":"https:\/\/toidupakk.ee\/lt\/toode\/livercon-maisto-papildas-kepenu-funkcijai-palaikyti-iconfit-30-kapsuliu\/","og_site_name":"Toidupakk.ee - Tactical Foodpack toidupakid","article_publisher":"https:\/\/www.facebook.com\/Toidupakk","article_modified_time":"2026-04-03T21:00:40+00:00","og_image":[{"width":800,"height":800,"url":"https:\/\/toidupakk.ee\/wp-content\/uploads\/2024\/06\/Livercon-toidulisand-maksafunktsioonide-toetamiseks-ICONFIT-30-kapslit.png","type":"image\/png"}],"twitter_card":"summary_large_image","twitter_misc":{"Est. reading time":"2 minut\u0117s"},"schema":{"@context":"https:\/\/schema.org","@graph":[{"@type":"WebPage","@id":"https:\/\/toidupakk.ee\/lt\/toode\/livercon-maisto-papildas-kepenu-funkcijai-palaikyti-iconfit-30-kapsuliu\/","url":"https:\/\/toidupakk.ee\/lt\/toode\/livercon-maisto-papildas-kepenu-funkcijai-palaikyti-iconfit-30-kapsuliu\/","name":"Maisto papildas kepen\u0173 funkcijai palaikyti \u2013 ICONFIT LIVERCON","isPartOf":{"@id":"https:\/\/toidupakk.ee\/lt\/#website"},"primaryImageOfPage":{"@id":"https:\/\/toidupakk.ee\/lt\/toode\/livercon-maisto-papildas-kepenu-funkcijai-palaikyti-iconfit-30-kapsuliu\/#primaryimage"},"image":{"@id":"https:\/\/toidupakk.ee\/lt\/toode\/livercon-maisto-papildas-kepenu-funkcijai-palaikyti-iconfit-30-kapsuliu\/#primaryimage"},"thumbnailUrl":"https:\/\/toidupakk.ee\/wp-content\/uploads\/2024\/06\/Livercon-toidulisand-maksafunktsioonide-toetamiseks-ICONFIT-30-kapslit.png","datePublished":"2024-06-12T08:41:53+00:00","dateModified":"2026-04-03T21:00:40+00:00","description":"ICONFIT LIVERCON yra maisto papildas kepen\u0173 funkcijai palaikyti. Produkto sud\u0117tyje yra antioksidant\u0173, cholino, vitamino B6, seleno ir augalini\u0173 ekstrakt\u0173.","breadcrumb":{"@id":"https:\/\/toidupakk.ee\/lt\/toode\/livercon-maisto-papildas-kepenu-funkcijai-palaikyti-iconfit-30-kapsuliu\/#breadcrumb"},"inLanguage":"lt-LT","potentialAction":[{"@type":"ReadAction","target":["https:\/\/toidupakk.ee\/lt\/toode\/livercon-maisto-papildas-kepenu-funkcijai-palaikyti-iconfit-30-kapsuliu\/"]}]},{"@type":"ImageObject","inLanguage":"lt-LT","@id":"https:\/\/toidupakk.ee\/lt\/toode\/livercon-maisto-papildas-kepenu-funkcijai-palaikyti-iconfit-30-kapsuliu\/#primaryimage","url":"https:\/\/toidupakk.ee\/wp-content\/uploads\/2024\/06\/Livercon-toidulisand-maksafunktsioonide-toetamiseks-ICONFIT-30-kapslit.png","contentUrl":"https:\/\/toidupakk.ee\/wp-content\/uploads\/2024\/06\/Livercon-toidulisand-maksafunktsioonide-toetamiseks-ICONFIT-30-kapslit.png","width":800,"height":800,"caption":"toidulisand maksafunktsioonide toetamiseks"},{"@type":"BreadcrumbList","@id":"https:\/\/toidupakk.ee\/lt\/toode\/livercon-maisto-papildas-kepenu-funkcijai-palaikyti-iconfit-30-kapsuliu\/#breadcrumb","itemListElement":[{"@type":"ListItem","position":1,"name":"Avaleht","item":"https:\/\/toidupakk.ee\/lt\/"},{"@type":"ListItem","position":2,"name":"El. parduotuv\u0117","item":"https:\/\/toidupakk.ee\/lt\/el-parduotuve\/"},{"@type":"ListItem","position":3,"name":"Livercon \u2013 maisto papildas kepen\u0173 funkcijai palaikyti ICONFIT (30 kapsuli\u0173)"}]},{"@type":"WebSite","@id":"https:\/\/toidupakk.ee\/lt\/#website","url":"https:\/\/toidupakk.ee\/lt\/","name":"Toidupakk.ee - Tactical Foodpack toidupakid","description":"Tactical Foodpack k\u00fclmkuivatatud toidupakid ja matkaeined","publisher":{"@id":"https:\/\/toidupakk.ee\/lt\/#organization"},"potentialAction":[{"@type":"SearchAction","target":{"@type":"EntryPoint","urlTemplate":"https:\/\/toidupakk.ee\/lt\/?s={search_term_string}"},"query-input":{"@type":"PropertyValueSpecification","valueRequired":true,"valueName":"search_term_string"}}],"inLanguage":"lt-LT"},{"@type":"Organization","@id":"https:\/\/toidupakk.ee\/lt\/#organization","name":"Tactical Foodpack matkaeined","url":"https:\/\/toidupakk.ee\/lt\/","logo":{"@type":"ImageObject","inLanguage":"lt-LT","@id":"https:\/\/toidupakk.ee\/lt\/#\/schema\/logo\/image\/","url":"https:\/\/toidupakk.ee\/wp-content\/uploads\/2022\/01\/Toidupakk-matkapood-logo-transparent.png","contentUrl":"https:\/\/toidupakk.ee\/wp-content\/uploads\/2022\/01\/Toidupakk-matkapood-logo-transparent.png","width":500,"height":500,"caption":"Tactical Foodpack matkaeined"},"image":{"@id":"https:\/\/toidupakk.ee\/lt\/#\/schema\/logo\/image\/"},"sameAs":["https:\/\/www.facebook.com\/Toidupakk","https:\/\/www.instagram.com\/toidupakk\/"]}]}},"jetpack_sharing_enabled":true,"_links":{"self":[{"href":"https:\/\/toidupakk.ee\/lt\/wp-json\/wp\/v2\/product\/46729","targetHints":{"allow":["GET"]}}],"collection":[{"href":"https:\/\/toidupakk.ee\/lt\/wp-json\/wp\/v2\/product"}],"about":[{"href":"https:\/\/toidupakk.ee\/lt\/wp-json\/wp\/v2\/types\/product"}],"replies":[{"embeddable":true,"href":"https:\/\/toidupakk.ee\/lt\/wp-json\/wp\/v2\/comments?post=46729"}],"wp:featuredmedia":[{"embeddable":true,"href":"https:\/\/toidupakk.ee\/lt\/wp-json\/wp\/v2\/media\/23975"}],"wp:attachment":[{"href":"https:\/\/toidupakk.ee\/lt\/wp-json\/wp\/v2\/media?parent=46729"}],"wp:term":[{"taxonomy":"product_brand","embeddable":true,"href":"https:\/\/toidupakk.ee\/lt\/wp-json\/wp\/v2\/product_brand?post=46729"},{"taxonomy":"product_cat","embeddable":true,"href":"https:\/\/toidupakk.ee\/lt\/wp-json\/wp\/v2\/product_cat?post=46729"},{"taxonomy":"product_tag","embeddable":true,"href":"https:\/\/toidupakk.ee\/lt\/wp-json\/wp\/v2\/product_tag?post=46729"}],"curies":[{"name":"wp","href":"https:\/\/api.w.org\/{rel}","templated":true}]}}