{"id":46724,"date":"2024-06-12T11:21:32","date_gmt":"2024-06-12T08:21:32","guid":{"rendered":"https:\/\/toidupakk.ee\/toode\/l-karnitinas-cla-ir-zaliosios-arbatos-ekstraktas-n90\/"},"modified":"2026-04-16T13:00:41","modified_gmt":"2026-04-16T10:00:41","slug":"l-karnitinas-cla-ir-zaliosios-arbatos-ekstraktas-n90","status":"publish","type":"product","link":"https:\/\/toidupakk.ee\/lt\/toode\/l-karnitinas-cla-ir-zaliosios-arbatos-ekstraktas-n90\/","title":{"rendered":"L-karnitinas + CLA ir \u017ealiosios arbatos ekstraktas (N90)"},"content":{"rendered":"<h1><img fetchpriority=\"high\" decoding=\"async\" class=\"alignnone wp-image-26988 size-large\" src=\"https:\/\/toidupakk.ee\/wp-content\/uploads\/2024\/06\/Kiirendab-rasvapoletust-Your-Story-576x1024.jpg\" alt=\"l-karnitinas\" width=\"576\" height=\"1024\" srcset=\"https:\/\/toidupakk.ee\/wp-content\/uploads\/2024\/06\/Kiirendab-rasvapoletust-Your-Story-576x1024.jpg 576w, https:\/\/toidupakk.ee\/wp-content\/uploads\/2024\/06\/Kiirendab-rasvapoletust-Your-Story-800x1422.jpg 800w, https:\/\/toidupakk.ee\/wp-content\/uploads\/2024\/06\/Kiirendab-rasvapoletust-Your-Story-169x300.jpg 169w, https:\/\/toidupakk.ee\/wp-content\/uploads\/2024\/06\/Kiirendab-rasvapoletust-Your-Story-768x1365.jpg 768w, https:\/\/toidupakk.ee\/wp-content\/uploads\/2024\/06\/Kiirendab-rasvapoletust-Your-Story-864x1536.jpg 864w, https:\/\/toidupakk.ee\/wp-content\/uploads\/2024\/06\/Kiirendab-rasvapoletust-Your-Story.jpg 1080w\" sizes=\"(max-width: 576px) 100vw, 576px\" \/><\/h1>\n<h1>L-karnitinas + CLA ir \u017ealiosios arbatos ekstraktas<\/h1>\n<p>L-karnitinas yra nat\u016brali aminor\u016bg\u0161tis, padedanti ma\u017einti svor\u012f. \u0160ios med\u017eiagos randama griau\u010di\u0173 raumenyse, taip pat kepenyse ir inkstuose. Pagrindin\u0117 L-karnitino funkcija \u2013 riebal\u0173 pavertimas energija. Tai vyksta L-karnitinui transportuojant ilgos grandin\u0117s riebal\u0173 r\u016bg\u0161tis \u012f mitochondrijas, taip u\u017ekertant keli\u0105 lipid\u0173 kaupimuisi griau\u010di\u0173 raumenyse, \u0161irdies raumenyje ir kepenyse. L-karnitino gauname i\u0161 gyv\u016bnin\u0117s kilm\u0117s maisto produkt\u0173, pavyzd\u017eiui, avienos, kiaulienos, jautienos, triu\u0161ienos, \u017euvies ir pieno. Be to, m\u016bs\u0173 organizmas \u0161i\u0105 aminor\u016bg\u0161t\u012f gamina ir pats.     <\/p>\n<p>\u017daliosios arbatos ekstraktas (Camellia sinensis L.) yra stipri nat\u016brali med\u017eiaga, kurioje gausu nauding\u0173 komponent\u0173. \u017daliojoje arbatoje gausu \u012fvairi\u0173 vitamin\u0173 ir mineral\u0173, ta\u010diau svarbiausi yra polifenoliai. M\u016bs\u0173 gaminyje naudojamame \u017ealiosios arbatos ekstrakte yra 50 % polifenoli\u0173. Polifenoliai yra vieni stipriausi\u0173 antioksidant\u0173 pasaulyje, atliekantys daug svarbi\u0173 funkcij\u0173 organizme, \u012fskaitant l\u0105steli\u0173 pa\u017eaidos, kuri\u0105 sukelia sen\u0117jimas ir laisvieji radikalai, ma\u017einim\u0105. Be polifenoli\u0173, \u017ealiojoje arbatoje yra nat\u016bralaus kofeino (8 %). Tyrimai parod\u0117, kad kofeinas padeda ma\u017einti svor\u012f reguliuodamas hormonus, kurie didina termogenez\u0119 \u2013 proces\u0105, kurio metu organizmas degina kalorijas, kad suvir\u0161kint\u0173 maist\u0105 ir gamint\u0173 \u0161ilum\u0105.     <\/p>\n<p>CLA, arba konjuguota linolo r\u016bg\u0161tis, yra dar vienas svarbus svorio ma\u017einim\u0105 palaikantis ingredientas, gaunamas i\u0161 da\u017einio dygmino (Carthamus tinctorius) s\u0117kl\u0173. CLA yra vertinamas maisto papildas, galintis pad\u0117ti siekti svorio ma\u017einimo tiksl\u0173. Nors CLA nat\u016braliai randama daugiausia m\u0117sos ir pieno produktuose, gauti jos pakankam\u0105 kiek\u012f su maistu yra sud\u0117tinga, tod\u0117l naudinga papildyti savo racion\u0105 CLA papildu.  <\/p>\n<p>Derinant \u0161iuos produktus su sveika mityba ir treniruo\u010di\u0173 programa, tai gali pad\u0117ti svorio ma\u017einimo kelion\u0117je. L-karnitinas padeda organizmui naudoti riebalus energijai, \u017ealioji arbata suteikia antioksidacin\u0119 apsaug\u0105 ir skatina termogenez\u0119, o CLA palaiko med\u017eiag\u0173 apykait\u0105 ir padeda siekti svorio ma\u017einimo tiksl\u0173. \u0160ie komponentai kartu sudaro veiksming\u0105 ir visapusi\u0161k\u0105 po\u017ei\u016br\u012f \u012f svorio ma\u017einim\u0105.  <\/p>\n<p><img decoding=\"async\" class=\"alignnone size-thumbnail wp-image-24009\" src=\"https:\/\/toidupakk.ee\/wp-content\/uploads\/2024\/06\/L-Karnitiin-CLA-ja-Rohelise-tee-ekstrakt-N90-2-500x500.png\" alt=\"l-karnitinas, CLA, \u017ealiosios arbatos ekstraktas\" width=\"500\" height=\"500\" srcset=\"https:\/\/toidupakk.ee\/wp-content\/uploads\/2024\/06\/L-Karnitiin-CLA-ja-Rohelise-tee-ekstrakt-N90-2-500x500.png 500w, https:\/\/toidupakk.ee\/wp-content\/uploads\/2024\/06\/L-Karnitiin-CLA-ja-Rohelise-tee-ekstrakt-N90-2-400x400.png 400w, https:\/\/toidupakk.ee\/wp-content\/uploads\/2024\/06\/L-Karnitiin-CLA-ja-Rohelise-tee-ekstrakt-N90-2-100x100.png 100w, https:\/\/toidupakk.ee\/wp-content\/uploads\/2024\/06\/L-Karnitiin-CLA-ja-Rohelise-tee-ekstrakt-N90-2-300x300.png 300w, https:\/\/toidupakk.ee\/wp-content\/uploads\/2024\/06\/L-Karnitiin-CLA-ja-Rohelise-tee-ekstrakt-N90-2-768x768.png 768w, https:\/\/toidupakk.ee\/wp-content\/uploads\/2024\/06\/L-Karnitiin-CLA-ja-Rohelise-tee-ekstrakt-N90-2.png 800w\" sizes=\"(max-width: 500px) 100vw, 500px\" \/><\/p>\n<h2 class=\"image-with-text__heading pxu-lia-element\">ICONFIT kokyb\u0117 ir r\u016bpestis<\/h2>\n<div class=\"image-with-text__text pxu-lia-element\">\n<p>ICONFIT produktai sukurti Estijoje ir pagr\u012fsti auk\u0161\u010diausiais Euroopa kokyb\u0117s standartais. Savo produktus kuriame kartu su mitybos specialistais, sportininkais ir maisto technologais. <\/p>\n<p>ICONFIT produktuose n\u0117ra nereikaling\u0173 dirbtini\u0173 stabilizatori\u0173, da\u017eikli\u0173 ar konservant\u0173. M\u016bs\u0173 klientai gr\u012f\u017eta v\u0117l ir v\u0117l d\u0117l m\u016bs\u0173 kokyb\u0117s, grynumo ir gero skonio. <\/p>\n<p><img decoding=\"async\" class=\"alignnone wp-image-15624 size-medium\" src=\"https:\/\/toidupakk.ee\/wp-content\/uploads\/2023\/11\/ICONFIT-kollageeni-pulber-liigestele-5-300x300.png\" alt=\"iconfit logotipas\" width=\"300\" height=\"300\" srcset=\"https:\/\/toidupakk.ee\/wp-content\/uploads\/2023\/11\/ICONFIT-kollageeni-pulber-liigestele-5-300x300.png 300w, https:\/\/toidupakk.ee\/wp-content\/uploads\/2023\/11\/ICONFIT-kollageeni-pulber-liigestele-5-400x400.png 400w, https:\/\/toidupakk.ee\/wp-content\/uploads\/2023\/11\/ICONFIT-kollageeni-pulber-liigestele-5-100x100.png 100w, https:\/\/toidupakk.ee\/wp-content\/uploads\/2023\/11\/ICONFIT-kollageeni-pulber-liigestele-5-500x500.png 500w, https:\/\/toidupakk.ee\/wp-content\/uploads\/2023\/11\/ICONFIT-kollageeni-pulber-liigestele-5-768x768.png 768w, https:\/\/toidupakk.ee\/wp-content\/uploads\/2023\/11\/ICONFIT-kollageeni-pulber-liigestele-5.png 800w\" sizes=\"(max-width: 300px) 100vw, 300px\" \/><\/p>\n<p>Domiesi kitais maisto papildais? Su\u017einok daugiau <a href=\"https:\/\/toidupakk.ee\/lt\/tootekategooria\/maisto-papildai\/\">\u010cIA<\/a><\/p>\n<p>Domina \u017eygi\u0173 maistas? \u017di\u016br\u0117k <a href=\"https:\/\/toidupakk.ee\/lt\/tootekategooria\/pagrindiniai-patiekalai\/\">\u010cIA<\/a><\/p>\n<p>Pasisemk \u012fkv\u0117pimo kitiems nuotykiams \u201eToidupakk\u201c <a href=\"https:\/\/www.instagram.com\/toidupakk\/\">Instagram<\/a> ir <a href=\"https:\/\/www.facebook.com\/Toidupakk\/\">Facebook<\/a> paskyrose<\/p>\n<\/div>\n","protected":false},"excerpt":{"rendered":"<p><strong>L-karnitinas su CLA ir \u017ealiosios arbatos ekstraktu padeda ma\u017einti svor\u012f. Sud\u0117tyje yra nat\u016bralaus kofeino i\u0161 \u017ealiosios arbatos ekstrakto. Derinant su sveika mityba ir reguliariomis treniruot\u0117mis, jis palaiko svorio ma\u017e\u0117jim\u0105. Pagaminta naudojant tik kokybi\u0161kas augalines pululano kapsules.   <\/strong><\/p>\n<ul>\n<li>Padeda organizmui riebalus paversti energija.<\/li>\n<li>L-karnitinas padeda i\u0161vengti lipid\u0173 kaupimosi griau\u010di\u0173 raumenyse, \u0161irdies raumenyje ir kepenyse.<\/li>\n<li>CLA su 60 % aktyvi\u0173 izomer\u0173.<\/li>\n<li>Sud\u0117tyje yra nat\u016bralaus kofeino i\u0161 \u017ealiosios arbatos ekstrakto.<\/li>\n<li>Pakuot\u0117je yra 90 kapsuli\u0173.<\/li>\n<\/ul>\n<p>\u2705 Turime sand\u0117lyje, greitas pristatymas per 1\u20133 darbo dienas<\/p>\n","protected":false},"featured_media":23976,"comment_status":"open","ping_status":"closed","template":"","meta":{"_acf_changed":false},"product_brand":[],"product_cat":[261,237,189,190],"product_tag":[],"class_list":{"0":"post-46724","1":"product","2":"type-product","3":"status-publish","4":"has-post-thumbnail","6":"product_cat-kapsules","7":"product_cat-maisto-papildai","8":"product_cat-zygio-iranga","9":"product_cat-zygio-prekes","11":"first","12":"instock","13":"taxable","14":"shipping-taxable","15":"purchasable","16":"product-type-simple"},"bundled_by":[],"bundle_stock_status":"instock","bundle_stock_quantity":1,"bundle_virtual":false,"bundle_layout":"","bundle_add_to_cart_form_location":"","bundle_editable_in_cart":false,"bundle_sold_individually_context":"","bundle_item_grouping":"","bundle_min_size":"","bundle_max_size":"","bundle_price":[],"bundled_items":[],"bundle_sell_ids":[],"acf":[],"yoast_head":"<!-- This site is optimized with the Yoast SEO plugin v27.3 - https:\/\/yoast.com\/product\/yoast-seo-wordpress\/ -->\n<title>L-karnitinas + CLA ir \u017ealiosios arbatos ekstraktas (N90)<\/title>\n<meta name=\"description\" content=\"L-KARNITINAS su CLA ir \u017ealiosios arbatos ekstraktu padeda ma\u017einti svor\u012f skatindamas energijos gamyb\u0105 i\u0161 riebal\u0173 r\u016bg\u0161\u010di\u0173. Pakuot\u0117je 90 kapsuli\u0173.\" \/>\n<meta name=\"robots\" content=\"index, follow, max-snippet:-1, max-image-preview:large, max-video-preview:-1\" \/>\n<link rel=\"canonical\" href=\"https:\/\/toidupakk.ee\/lt\/toode\/l-karnitinas-cla-ir-zaliosios-arbatos-ekstraktas-n90\/\" \/>\n<meta property=\"og:locale\" content=\"lt_LT\" \/>\n<meta property=\"og:type\" content=\"article\" \/>\n<meta property=\"og:title\" content=\"L-karnitinas + CLA ir \u017ealiosios arbatos ekstraktas (N90)\" \/>\n<meta property=\"og:description\" content=\"L-KARNITINAS su CLA ir \u017ealiosios arbatos ekstraktu padeda ma\u017einti svor\u012f skatindamas energijos gamyb\u0105 i\u0161 riebal\u0173 r\u016bg\u0161\u010di\u0173. Pakuot\u0117je 90 kapsuli\u0173.\" \/>\n<meta property=\"og:url\" content=\"https:\/\/toidupakk.ee\/lt\/toode\/l-karnitinas-cla-ir-zaliosios-arbatos-ekstraktas-n90\/\" \/>\n<meta property=\"og:site_name\" content=\"Toidupakk.ee - Tactical Foodpack toidupakid\" \/>\n<meta property=\"article:publisher\" content=\"https:\/\/www.facebook.com\/Toidupakk\" \/>\n<meta property=\"article:modified_time\" content=\"2026-04-16T10:00:41+00:00\" \/>\n<meta property=\"og:image\" content=\"https:\/\/toidupakk.ee\/wp-content\/uploads\/2024\/06\/L-Karnitiin-CLA-ja-Rohelise-tee-ekstrakt-N90.png\" \/>\n\t<meta property=\"og:image:width\" content=\"800\" \/>\n\t<meta property=\"og:image:height\" content=\"800\" \/>\n\t<meta property=\"og:image:type\" content=\"image\/png\" \/>\n<meta name=\"twitter:card\" content=\"summary_large_image\" \/>\n<meta name=\"twitter:label1\" content=\"Est. reading time\" \/>\n\t<meta name=\"twitter:data1\" content=\"2 minut\u0117s\" \/>\n<script type=\"application\/ld+json\" class=\"yoast-schema-graph\">{\"@context\":\"https:\\\/\\\/schema.org\",\"@graph\":[{\"@type\":\"WebPage\",\"@id\":\"https:\\\/\\\/toidupakk.ee\\\/lt\\\/toode\\\/l-karnitinas-cla-ir-zaliosios-arbatos-ekstraktas-n90\\\/\",\"url\":\"https:\\\/\\\/toidupakk.ee\\\/lt\\\/toode\\\/l-karnitinas-cla-ir-zaliosios-arbatos-ekstraktas-n90\\\/\",\"name\":\"L-karnitinas + CLA ir \u017ealiosios arbatos ekstraktas (N90)\",\"isPartOf\":{\"@id\":\"https:\\\/\\\/toidupakk.ee\\\/lt\\\/#website\"},\"primaryImageOfPage\":{\"@id\":\"https:\\\/\\\/toidupakk.ee\\\/lt\\\/toode\\\/l-karnitinas-cla-ir-zaliosios-arbatos-ekstraktas-n90\\\/#primaryimage\"},\"image\":{\"@id\":\"https:\\\/\\\/toidupakk.ee\\\/lt\\\/toode\\\/l-karnitinas-cla-ir-zaliosios-arbatos-ekstraktas-n90\\\/#primaryimage\"},\"thumbnailUrl\":\"https:\\\/\\\/toidupakk.ee\\\/wp-content\\\/uploads\\\/2024\\\/06\\\/L-Karnitiin-CLA-ja-Rohelise-tee-ekstrakt-N90.png\",\"datePublished\":\"2024-06-12T08:21:32+00:00\",\"dateModified\":\"2026-04-16T10:00:41+00:00\",\"description\":\"L-KARNITINAS su CLA ir \u017ealiosios arbatos ekstraktu padeda ma\u017einti svor\u012f skatindamas energijos gamyb\u0105 i\u0161 riebal\u0173 r\u016bg\u0161\u010di\u0173. Pakuot\u0117je 90 kapsuli\u0173.\",\"breadcrumb\":{\"@id\":\"https:\\\/\\\/toidupakk.ee\\\/lt\\\/toode\\\/l-karnitinas-cla-ir-zaliosios-arbatos-ekstraktas-n90\\\/#breadcrumb\"},\"inLanguage\":\"lt-LT\",\"potentialAction\":[{\"@type\":\"ReadAction\",\"target\":[\"https:\\\/\\\/toidupakk.ee\\\/lt\\\/toode\\\/l-karnitinas-cla-ir-zaliosios-arbatos-ekstraktas-n90\\\/\"]}]},{\"@type\":\"ImageObject\",\"inLanguage\":\"lt-LT\",\"@id\":\"https:\\\/\\\/toidupakk.ee\\\/lt\\\/toode\\\/l-karnitinas-cla-ir-zaliosios-arbatos-ekstraktas-n90\\\/#primaryimage\",\"url\":\"https:\\\/\\\/toidupakk.ee\\\/wp-content\\\/uploads\\\/2024\\\/06\\\/L-Karnitiin-CLA-ja-Rohelise-tee-ekstrakt-N90.png\",\"contentUrl\":\"https:\\\/\\\/toidupakk.ee\\\/wp-content\\\/uploads\\\/2024\\\/06\\\/L-Karnitiin-CLA-ja-Rohelise-tee-ekstrakt-N90.png\",\"width\":800,\"height\":800,\"caption\":\"toidulisand L-karnitiin + CLA\"},{\"@type\":\"BreadcrumbList\",\"@id\":\"https:\\\/\\\/toidupakk.ee\\\/lt\\\/toode\\\/l-karnitinas-cla-ir-zaliosios-arbatos-ekstraktas-n90\\\/#breadcrumb\",\"itemListElement\":[{\"@type\":\"ListItem\",\"position\":1,\"name\":\"Avaleht\",\"item\":\"https:\\\/\\\/toidupakk.ee\\\/lt\\\/\"},{\"@type\":\"ListItem\",\"position\":2,\"name\":\"El. parduotuv\u0117\",\"item\":\"https:\\\/\\\/toidupakk.ee\\\/lt\\\/el-parduotuve\\\/\"},{\"@type\":\"ListItem\",\"position\":3,\"name\":\"L-karnitinas + CLA ir \u017ealiosios arbatos ekstraktas (N90)\"}]},{\"@type\":\"WebSite\",\"@id\":\"https:\\\/\\\/toidupakk.ee\\\/lt\\\/#website\",\"url\":\"https:\\\/\\\/toidupakk.ee\\\/lt\\\/\",\"name\":\"Toidupakk.ee - Tactical Foodpack toidupakid\",\"description\":\"Tactical Foodpack k\u00fclmkuivatatud toidupakid ja matkaeined\",\"publisher\":{\"@id\":\"https:\\\/\\\/toidupakk.ee\\\/lt\\\/#organization\"},\"potentialAction\":[{\"@type\":\"SearchAction\",\"target\":{\"@type\":\"EntryPoint\",\"urlTemplate\":\"https:\\\/\\\/toidupakk.ee\\\/lt\\\/?s={search_term_string}\"},\"query-input\":{\"@type\":\"PropertyValueSpecification\",\"valueRequired\":true,\"valueName\":\"search_term_string\"}}],\"inLanguage\":\"lt-LT\"},{\"@type\":\"Organization\",\"@id\":\"https:\\\/\\\/toidupakk.ee\\\/lt\\\/#organization\",\"name\":\"Tactical Foodpack matkaeined\",\"url\":\"https:\\\/\\\/toidupakk.ee\\\/lt\\\/\",\"logo\":{\"@type\":\"ImageObject\",\"inLanguage\":\"lt-LT\",\"@id\":\"https:\\\/\\\/toidupakk.ee\\\/lt\\\/#\\\/schema\\\/logo\\\/image\\\/\",\"url\":\"https:\\\/\\\/toidupakk.ee\\\/wp-content\\\/uploads\\\/2022\\\/01\\\/Toidupakk-matkapood-logo-transparent.png\",\"contentUrl\":\"https:\\\/\\\/toidupakk.ee\\\/wp-content\\\/uploads\\\/2022\\\/01\\\/Toidupakk-matkapood-logo-transparent.png\",\"width\":500,\"height\":500,\"caption\":\"Tactical Foodpack matkaeined\"},\"image\":{\"@id\":\"https:\\\/\\\/toidupakk.ee\\\/lt\\\/#\\\/schema\\\/logo\\\/image\\\/\"},\"sameAs\":[\"https:\\\/\\\/www.facebook.com\\\/Toidupakk\",\"https:\\\/\\\/www.instagram.com\\\/toidupakk\\\/\"]}]}<\/script>\n<!-- \/ Yoast SEO plugin. -->","yoast_head_json":{"title":"L-karnitinas + CLA ir \u017ealiosios arbatos ekstraktas (N90)","description":"L-KARNITINAS su CLA ir \u017ealiosios arbatos ekstraktu padeda ma\u017einti svor\u012f skatindamas energijos gamyb\u0105 i\u0161 riebal\u0173 r\u016bg\u0161\u010di\u0173. Pakuot\u0117je 90 kapsuli\u0173.","robots":{"index":"index","follow":"follow","max-snippet":"max-snippet:-1","max-image-preview":"max-image-preview:large","max-video-preview":"max-video-preview:-1"},"canonical":"https:\/\/toidupakk.ee\/lt\/toode\/l-karnitinas-cla-ir-zaliosios-arbatos-ekstraktas-n90\/","og_locale":"lt_LT","og_type":"article","og_title":"L-karnitinas + CLA ir \u017ealiosios arbatos ekstraktas (N90)","og_description":"L-KARNITINAS su CLA ir \u017ealiosios arbatos ekstraktu padeda ma\u017einti svor\u012f skatindamas energijos gamyb\u0105 i\u0161 riebal\u0173 r\u016bg\u0161\u010di\u0173. Pakuot\u0117je 90 kapsuli\u0173.","og_url":"https:\/\/toidupakk.ee\/lt\/toode\/l-karnitinas-cla-ir-zaliosios-arbatos-ekstraktas-n90\/","og_site_name":"Toidupakk.ee - Tactical Foodpack toidupakid","article_publisher":"https:\/\/www.facebook.com\/Toidupakk","article_modified_time":"2026-04-16T10:00:41+00:00","og_image":[{"width":800,"height":800,"url":"https:\/\/toidupakk.ee\/wp-content\/uploads\/2024\/06\/L-Karnitiin-CLA-ja-Rohelise-tee-ekstrakt-N90.png","type":"image\/png"}],"twitter_card":"summary_large_image","twitter_misc":{"Est. reading time":"2 minut\u0117s"},"schema":{"@context":"https:\/\/schema.org","@graph":[{"@type":"WebPage","@id":"https:\/\/toidupakk.ee\/lt\/toode\/l-karnitinas-cla-ir-zaliosios-arbatos-ekstraktas-n90\/","url":"https:\/\/toidupakk.ee\/lt\/toode\/l-karnitinas-cla-ir-zaliosios-arbatos-ekstraktas-n90\/","name":"L-karnitinas + CLA ir \u017ealiosios arbatos ekstraktas (N90)","isPartOf":{"@id":"https:\/\/toidupakk.ee\/lt\/#website"},"primaryImageOfPage":{"@id":"https:\/\/toidupakk.ee\/lt\/toode\/l-karnitinas-cla-ir-zaliosios-arbatos-ekstraktas-n90\/#primaryimage"},"image":{"@id":"https:\/\/toidupakk.ee\/lt\/toode\/l-karnitinas-cla-ir-zaliosios-arbatos-ekstraktas-n90\/#primaryimage"},"thumbnailUrl":"https:\/\/toidupakk.ee\/wp-content\/uploads\/2024\/06\/L-Karnitiin-CLA-ja-Rohelise-tee-ekstrakt-N90.png","datePublished":"2024-06-12T08:21:32+00:00","dateModified":"2026-04-16T10:00:41+00:00","description":"L-KARNITINAS su CLA ir \u017ealiosios arbatos ekstraktu padeda ma\u017einti svor\u012f skatindamas energijos gamyb\u0105 i\u0161 riebal\u0173 r\u016bg\u0161\u010di\u0173. Pakuot\u0117je 90 kapsuli\u0173.","breadcrumb":{"@id":"https:\/\/toidupakk.ee\/lt\/toode\/l-karnitinas-cla-ir-zaliosios-arbatos-ekstraktas-n90\/#breadcrumb"},"inLanguage":"lt-LT","potentialAction":[{"@type":"ReadAction","target":["https:\/\/toidupakk.ee\/lt\/toode\/l-karnitinas-cla-ir-zaliosios-arbatos-ekstraktas-n90\/"]}]},{"@type":"ImageObject","inLanguage":"lt-LT","@id":"https:\/\/toidupakk.ee\/lt\/toode\/l-karnitinas-cla-ir-zaliosios-arbatos-ekstraktas-n90\/#primaryimage","url":"https:\/\/toidupakk.ee\/wp-content\/uploads\/2024\/06\/L-Karnitiin-CLA-ja-Rohelise-tee-ekstrakt-N90.png","contentUrl":"https:\/\/toidupakk.ee\/wp-content\/uploads\/2024\/06\/L-Karnitiin-CLA-ja-Rohelise-tee-ekstrakt-N90.png","width":800,"height":800,"caption":"toidulisand L-karnitiin + CLA"},{"@type":"BreadcrumbList","@id":"https:\/\/toidupakk.ee\/lt\/toode\/l-karnitinas-cla-ir-zaliosios-arbatos-ekstraktas-n90\/#breadcrumb","itemListElement":[{"@type":"ListItem","position":1,"name":"Avaleht","item":"https:\/\/toidupakk.ee\/lt\/"},{"@type":"ListItem","position":2,"name":"El. parduotuv\u0117","item":"https:\/\/toidupakk.ee\/lt\/el-parduotuve\/"},{"@type":"ListItem","position":3,"name":"L-karnitinas + CLA ir \u017ealiosios arbatos ekstraktas (N90)"}]},{"@type":"WebSite","@id":"https:\/\/toidupakk.ee\/lt\/#website","url":"https:\/\/toidupakk.ee\/lt\/","name":"Toidupakk.ee - Tactical Foodpack toidupakid","description":"Tactical Foodpack k\u00fclmkuivatatud toidupakid ja matkaeined","publisher":{"@id":"https:\/\/toidupakk.ee\/lt\/#organization"},"potentialAction":[{"@type":"SearchAction","target":{"@type":"EntryPoint","urlTemplate":"https:\/\/toidupakk.ee\/lt\/?s={search_term_string}"},"query-input":{"@type":"PropertyValueSpecification","valueRequired":true,"valueName":"search_term_string"}}],"inLanguage":"lt-LT"},{"@type":"Organization","@id":"https:\/\/toidupakk.ee\/lt\/#organization","name":"Tactical Foodpack matkaeined","url":"https:\/\/toidupakk.ee\/lt\/","logo":{"@type":"ImageObject","inLanguage":"lt-LT","@id":"https:\/\/toidupakk.ee\/lt\/#\/schema\/logo\/image\/","url":"https:\/\/toidupakk.ee\/wp-content\/uploads\/2022\/01\/Toidupakk-matkapood-logo-transparent.png","contentUrl":"https:\/\/toidupakk.ee\/wp-content\/uploads\/2022\/01\/Toidupakk-matkapood-logo-transparent.png","width":500,"height":500,"caption":"Tactical Foodpack matkaeined"},"image":{"@id":"https:\/\/toidupakk.ee\/lt\/#\/schema\/logo\/image\/"},"sameAs":["https:\/\/www.facebook.com\/Toidupakk","https:\/\/www.instagram.com\/toidupakk\/"]}]}},"jetpack_sharing_enabled":true,"_links":{"self":[{"href":"https:\/\/toidupakk.ee\/lt\/wp-json\/wp\/v2\/product\/46724","targetHints":{"allow":["GET"]}}],"collection":[{"href":"https:\/\/toidupakk.ee\/lt\/wp-json\/wp\/v2\/product"}],"about":[{"href":"https:\/\/toidupakk.ee\/lt\/wp-json\/wp\/v2\/types\/product"}],"replies":[{"embeddable":true,"href":"https:\/\/toidupakk.ee\/lt\/wp-json\/wp\/v2\/comments?post=46724"}],"wp:featuredmedia":[{"embeddable":true,"href":"https:\/\/toidupakk.ee\/lt\/wp-json\/wp\/v2\/media\/23976"}],"wp:attachment":[{"href":"https:\/\/toidupakk.ee\/lt\/wp-json\/wp\/v2\/media?parent=46724"}],"wp:term":[{"taxonomy":"product_brand","embeddable":true,"href":"https:\/\/toidupakk.ee\/lt\/wp-json\/wp\/v2\/product_brand?post=46724"},{"taxonomy":"product_cat","embeddable":true,"href":"https:\/\/toidupakk.ee\/lt\/wp-json\/wp\/v2\/product_cat?post=46724"},{"taxonomy":"product_tag","embeddable":true,"href":"https:\/\/toidupakk.ee\/lt\/wp-json\/wp\/v2\/product_tag?post=46724"}],"curies":[{"name":"wp","href":"https:\/\/api.w.org\/{rel}","templated":true}]}}