{"id":46708,"date":"2024-06-07T17:13:47","date_gmt":"2024-06-07T14:13:47","guid":{"rendered":"https:\/\/toidupakk.ee\/toode\/turistinis-zibintas-su-led-lemputemis-ir-trimis-apsvietimo-rezimais\/"},"modified":"2026-04-29T16:31:17","modified_gmt":"2026-04-29T13:31:17","slug":"turistinis-zibintas-su-led-lemputemis-ir-trimis-apsvietimo-rezimais","status":"publish","type":"product","link":"https:\/\/toidupakk.ee\/lt\/toode\/turistinis-zibintas-su-led-lemputemis-ir-trimis-apsvietimo-rezimais\/","title":{"rendered":"Turistinis \u017eibintas su LED lemput\u0117mis ir trimis ap\u0161vietimo re\u017eimais"},"content":{"rendered":"<div class=\"w-full text-token-text-primary\" dir=\"auto\" data-testid=\"conversation-turn-7\" data-scroll-anchor=\"false\">\n<div class=\"py-2 juice:py-[18px] px-3 text-base md:px-4 m-auto md:px-5 lg:px-1 xl:px-5\">\n<div class=\"mx-auto flex flex-1 gap-3 text-base juice:gap-4 juice:md:gap-5 juice:lg:gap-6 md:max-w-3xl lg:max-w-[40rem] xl:max-w-[48rem]\">\n<div class=\"group\/conversation-turn relative flex w-full min-w-0 flex-col agent-turn\">\n<div class=\"flex-col gap-1 md:gap-3\">\n<div class=\"flex flex-grow flex-col max-w-full\">\n<div class=\"min-h-[20px] text-message flex flex-col items-start whitespace-pre-wrap break-words [.text-message+&amp;]:mt-5 juice:w-full juice:items-end overflow-x-auto gap-2\" dir=\"auto\" data-message-author-role=\"assistant\" data-message-id=\"dc070466-377a-4524-9736-3f1ba224865d\">\n<div class=\"flex w-full flex-col gap-1 juice:empty:hidden juice:first:pt-[3px]\">\n<h1 class=\"markdown prose w-full break-words dark:prose-invert light\"><strong>LED turistinis \u017eibintas \u2013 trij\u0173 ap\u0161vietimo re\u017eim\u0173 \u017eibintas su telefono \u012fkrovimo funkcija tavo kitiems nuotykiams gamtoje<\/strong><\/h1>\n<\/div>\n<\/div>\n<\/div>\n<\/div>\n<\/div>\n<\/div>\n<\/div>\n<\/div>\n<div class=\"w-full text-token-text-primary\" dir=\"auto\" data-testid=\"conversation-turn-9\" data-scroll-anchor=\"true\">\n<div class=\"py-2 juice:py-[18px] px-3 text-base md:px-4 m-auto md:px-5 lg:px-1 xl:px-5\">\n<div class=\"mx-auto flex flex-1 gap-3 text-base juice:gap-4 juice:md:gap-5 juice:lg:gap-6 md:max-w-3xl lg:max-w-[40rem] xl:max-w-[48rem]\">\n<div class=\"group\/conversation-turn relative flex w-full min-w-0 flex-col agent-turn\">\n<div class=\"flex-col gap-1 md:gap-3\">\n<div class=\"flex flex-grow flex-col max-w-full\">\n<div class=\"min-h-[20px] text-message flex flex-col items-start whitespace-pre-wrap break-words [.text-message+&amp;]:mt-5 juice:w-full juice:items-end overflow-x-auto gap-2\" dir=\"auto\" data-message-author-role=\"assistant\" data-message-id=\"65b75c89-2878-4fd7-9f54-d522adde0e84\">\n<div class=\"flex w-full flex-col gap-1 juice:empty:hidden juice:first:pt-[3px]\">\n<div class=\"markdown prose w-full break-words dark:prose-invert light\">\n<p>Ie\u0161kai turistinio \u017eibinto, kuris puikiai ap\u0161viest\u0173, b\u016bt\u0173 kompakti\u0161kas ir universalus? Susipa\u017eink su LED turistiniu \u017eibintu \u2013 tai idealus pasirinkimas stovyklautojams, \u017eygeiviams ar \u017evejams. <\/p>\n<h2>Turistinis \u017eibintas su malonia sklaidyta \u0161viesa<\/h2>\n<p>LED turistinis \u017eibintas skleid\u017eia maloniai sklaidyt\u0105 \u0161vies\u0105, kuri nevargina aki\u0173 ir u\u017etikrina optimal\u0173 aplinkos ap\u0161vietim\u0105. LED technologija leid\u017eia tiksliai ir efektyviai ap\u0161viesti, o lempos dizainas bei optin\u0117s savyb\u0117s u\u017etikrina, kad \u0161viesa b\u016bt\u0173 tolygi ir patogi akims. <\/p>\n<p><img fetchpriority=\"high\" decoding=\"async\" class=\"size-thumbnail wp-image-23837 alignright\" src=\"https:\/\/toidupakk.ee\/wp-content\/uploads\/2024\/06\/matkalatern-16-500x500.jpg\" alt=\"lengvas LED turistinis \u017eibintas\" width=\"500\" height=\"500\" srcset=\"https:\/\/toidupakk.ee\/wp-content\/uploads\/2024\/06\/matkalatern-16-500x500.jpg 500w, https:\/\/toidupakk.ee\/wp-content\/uploads\/2024\/06\/matkalatern-16-400x400.jpg 400w, https:\/\/toidupakk.ee\/wp-content\/uploads\/2024\/06\/matkalatern-16-100x100.jpg 100w, https:\/\/toidupakk.ee\/wp-content\/uploads\/2024\/06\/matkalatern-16-300x300.jpg 300w, https:\/\/toidupakk.ee\/wp-content\/uploads\/2024\/06\/matkalatern-16-768x768.jpg 768w, https:\/\/toidupakk.ee\/wp-content\/uploads\/2024\/06\/matkalatern-16.jpg 800w\" sizes=\"(max-width: 500px) 100vw, 500px\" \/><\/p>\n<h2>Tolygus ap\u0161vietimas visomis kryptimis<\/h2>\n<p>\u017dibinto \u0161viesos diodai sumontuoti taip, kad \u0161viesa sklist\u0173 tolygiai visomis kryptimis, u\u017etikrinant geriausi\u0105 \u012fmanom\u0105 ap\u0161vietim\u0105 net tamsiausiose vietose. \u0160i savyb\u0117 ypa\u010d svarbi \u017eygiuose, kur da\u017enai prireikia gero ap\u0161vietimo \u012fvairiomis s\u0105lygomis. <\/p>\n<h2>Turistinis \u017eibintas pasi\u017eymi unikaliu dizainu<\/h2>\n<p>Turistinio \u017eibinto i\u0161vaizda primena senovin\u0119 \u017eibalin\u0119 lemp\u0105, suteikdama \u017eygiui \u017eavesio ir nostalgijos poj\u016bt\u012f. Kartu jame \u012fdiegta \u0161iuolaikin\u0117 LED technologija, u\u017etikrinanti ilgesn\u012f veikimo laik\u0105 ir efektyvesn\u012f ap\u0161vietim\u0105. <\/p>\n<h2>Patogus laikiklis pakabinimui<\/h2>\n<p>\u017dibintas turi laikikl\u012f, leid\u017eiant\u012f j\u012f patogiai pakabinti, pavyzd\u017eiui, ant kuprin\u0117s ar med\u017eio \u0161akos. Tai palengvina naudojim\u0105si \u017eibintu ir leid\u017eia tur\u0117ti laisvas rankas \u017eygio metu. <\/p>\n<p><img decoding=\"async\" class=\"alignnone size-thumbnail wp-image-23829\" src=\"https:\/\/toidupakk.ee\/wp-content\/uploads\/2024\/06\/matkalatern-8-500x500.jpg\" alt=\"prie kuprin\u0117s kabinamas \u017eibintas\" width=\"500\" height=\"500\" srcset=\"https:\/\/toidupakk.ee\/wp-content\/uploads\/2024\/06\/matkalatern-8-500x500.jpg 500w, https:\/\/toidupakk.ee\/wp-content\/uploads\/2024\/06\/matkalatern-8-400x400.jpg 400w, https:\/\/toidupakk.ee\/wp-content\/uploads\/2024\/06\/matkalatern-8-100x100.jpg 100w, https:\/\/toidupakk.ee\/wp-content\/uploads\/2024\/06\/matkalatern-8-300x300.jpg 300w, https:\/\/toidupakk.ee\/wp-content\/uploads\/2024\/06\/matkalatern-8-768x768.jpg 768w, https:\/\/toidupakk.ee\/wp-content\/uploads\/2024\/06\/matkalatern-8.jpg 800w\" sizes=\"(max-width: 500px) 100vw, 500px\" \/><\/p>\n<h2>Turistinis \u017eibintas su keliais ap\u0161vietimo re\u017eimais<\/h2>\n<p>LED turistinis \u017eibintas si\u016blo tris skirtingus ap\u0161vietimo re\u017eimus: \u0161alt\u0105 ir ry\u0161ki\u0105 reguliuojam\u0105 m\u0117nulio \u0161vies\u0105, \u0161ilt\u0105 liepsnojan\u010di\u0105 (mirgan\u010di\u0105) gelton\u0105 \u0161vies\u0105 bei spalvas kei\u010dian\u010di\u0105 \u0161vies\u0105. \u0160ie pasirinkimai leid\u017eia pasirinkti tinkam\u0105 ap\u0161vietim\u0105 pagal tavo norus, poreikius ir situacij\u0105. <\/p>\n<h2>Patogus \u012fkrovimas<\/h2>\n<p>Pridedamas mikro-USB laidas, kuriuo patogiai \u012fkrausi turistin\u012f \u017eibint\u0105. Tai rei\u0161kia, kad \u017eibint\u0105 gali \u012fkrauti visur, kur yra USB jungtis: automobilyje, i\u0161 ne\u0161iojamojo kompiuterio ar saul\u0117s baterijos. <\/p>\n<h2>Turistinis \u017eibintas, naudojamas kaip i\u0161orin\u0117 baterija<\/h2>\n<p>LED turistinis \u017eibintas turi USB i\u0161vest\u012f, kuri\u0105 gali naudoti kitiems savo \u012frenginiams \u012fkrauti. Tai paver\u010dia j\u012f ne tik \u0161viestuvu, bet ir vertingu \u012frankiu lauko s\u0105lygomis. <\/p>\n<h2>Apsaugotos USB jungtys<\/h2>\n<p>Mikro-USB \u012fvestis ir USB i\u0161vestis u\u017edengtos guminiu dangteliu, saugan\u010diu jungtis nuo dr\u0117gm\u0117s ir pa\u017eeidim\u0173. Tai u\u017etikrina patikim\u0105 ir saug\u0173 \u017eibinto naudojim\u0105 bet kokiomis s\u0105lygomis. <\/p>\n<h2>Baterijos steb\u0117jimas<\/h2>\n<p>\u017dibinto b\u016bsen\u0105 galima steb\u0117ti pagal indikatorines lemputes, tod\u0117l \u0161viesa nepasibaigs netik\u0117tai svarbiomis akimirkomis.<\/p>\n<h2>Lengvas ir kompakti\u0161kas<\/h2>\n<p>LED turistinis \u017eibintas yra itin lengvas (tik 300 gram\u0173) ir kompakti\u0161kas, tod\u0117l patogiai telpa \u012f \u017eygio krep\u0161\u012f. Jo matmenys \u2013 10 x 10 x 14 cm + 5 cm (rankena), tod\u0117l jis yra idealus palydovas visuose \u017eygiuose. Tai puikus patogumo ir funkcionalumo derinys.  <\/p>\n<p><img decoding=\"async\" class=\"alignnone size-thumbnail wp-image-23825\" src=\"https:\/\/toidupakk.ee\/wp-content\/uploads\/2024\/06\/matkalatern-4-500x500.jpg\" alt=\"\u0160iltos \u0161viesos LED turistinis \u017eibintas\" width=\"500\" height=\"500\" srcset=\"https:\/\/toidupakk.ee\/wp-content\/uploads\/2024\/06\/matkalatern-4-500x500.jpg 500w, https:\/\/toidupakk.ee\/wp-content\/uploads\/2024\/06\/matkalatern-4-400x400.jpg 400w, https:\/\/toidupakk.ee\/wp-content\/uploads\/2024\/06\/matkalatern-4-100x100.jpg 100w, https:\/\/toidupakk.ee\/wp-content\/uploads\/2024\/06\/matkalatern-4-300x300.jpg 300w, https:\/\/toidupakk.ee\/wp-content\/uploads\/2024\/06\/matkalatern-4-768x768.jpg 768w, https:\/\/toidupakk.ee\/wp-content\/uploads\/2024\/06\/matkalatern-4.jpg 800w\" sizes=\"(max-width: 500px) 100vw, 500px\" \/><\/p>\n<h2>I\u0161samesni techniniai duomenys:<\/h2>\n<ul>\n<li><strong>LED:<\/strong> 15 (12 balt\u0173, 3 oran\u017einiai, 1 RGB)<\/li>\n<li><strong>Galia:<\/strong> 3W<\/li>\n<li><strong>Baterija:<\/strong> li\u010dio baterija 3,7V \/ 4000mAh<\/li>\n<li><strong>USB maitinimo \u0161altinis:<\/strong> 5V \/ 1500mAh<\/li>\n<li><strong>Spalva:<\/strong> alyvuogi\u0173 \u017ealia<\/li>\n<li><strong>Med\u017eiaga:<\/strong> plastikas<\/li>\n<\/ul>\n<h2>Gamtoje ir lauko s\u0105lygomis tinkamas naudoti LED turistinis \u017eibintas<\/h2>\n<p>LED turistinis \u017eibintas skirtas naudoti bet kur lauko s\u0105lygomis. Nesvarbu, ar \u017eygiuoji, stovyklauji, \u017evejoji, ar tiesiog m\u0117gaujiesi vakaru sode, \u0161is \u017eibintas suteiks \u0161viesos ir komforto bet kokioje situacijoje. Kadangi yra lengvas ir kompakti\u0161kas, j\u012f lengva ne\u0161iotis, ta\u010diau jis suteikia pakankamai \u0161viesos visai palapinei ar stalui ap\u0161viesti. D\u0117l skirting\u0173 ap\u0161vietimo re\u017eim\u0173 ir patvarios konstrukcijos tai vienas geriausi\u0173 pasirinkim\u0173 \u017eygeiviams ir gamtos myl\u0117tojams.   <\/p>\n<p>Daugiau \u017eygio preki\u0173 rasi <a href=\"https:\/\/toidupakk.ee\/lt\/tootekategooria\/zygio-iranga\/#section-3-79\">\u010cIA<\/a><\/p>\n<p>Pasisemk \u012fkv\u0117pimo kitiems nuotykiams Toidupakk <a href=\"https:\/\/www.instagram.com\/toidupakk\/\">Instagram<\/a> ir <a href=\"https:\/\/www.facebook.com\/Toidupakk\/\">Facebook<\/a> paskyrose.<\/p>\n<\/div>\n<\/div>\n<\/div>\n<\/div>\n<\/div>\n<\/div>\n<\/div>\n<\/div>\n<\/div>\n","protected":false},"excerpt":{"rendered":"<p><strong>Akumuliatorinis LED \u017eibintas su trimis ap\u0161vietimo re\u017eimais ir telefono \u012fkrovimo funkcija romanti\u0161kam stovyklavimui ar nuotykiams gamtoje<\/strong><\/p>\n<ul>\n<li>\u017dibintas skleid\u017eia maloniai <strong>sklaidyt\u0105 \u0161vies\u0105<\/strong>, kuri nevargina aki\u0173<\/li>\n<li>LED diodai sumontuoti taip, kad \u0161viesa b\u016bt\u0173 tolygi visomis kryptimis<\/li>\n<li>\u017dibintui ypatingo \u017eavesio suteikia i\u0161orinis pana\u0161umas \u012f senovin\u0119 \u017eibalin\u0119 lemp\u0105<\/li>\n<li>\u017dibintas turi laikikl\u012f, kad j\u012f b\u016bt\u0173 galima patogiai pakabinti, pavyzd\u017eiui, ant kuprin\u0117s ar med\u017eio<\/li>\n<li>\u017dibintas turi <strong>3 ap\u0161vietimo re\u017eimus<\/strong>: \u0161alt\u0105 ir ry\u0161ki\u0105 reguliuojam\u0105 m\u0117nulio \u0161vies\u0105, \u0161ilt\u0105 liepsnojan\u010di\u0105 (mirgan\u010di\u0105) gelton\u0105 \u0161vies\u0105 bei spalvas kei\u010dian\u010di\u0105 \u0161vies\u0105<\/li>\n<li>Pridedamas <strong>mikro-USB<\/strong> laidas patogiam \u012fkrovimui<\/li>\n<li>\u017dibintas turi USB i\u0161vest\u012f, kad gal\u0117tum j\u012f naudoti ir kaip <strong>i\u0161orin\u0119 baterij\u0105<\/strong><\/li>\n<li>Mikro-USB \u012fvestis ir USB i\u0161vestis u\u017edengtos guminiu dangteliu jung\u010di\u0173 apsaugai<\/li>\n<li>Baterijos b\u016bsen\u0105 galima steb\u0117ti pagal indikatorines lemputes<\/li>\n<li><strong>Lengvas ir ma\u017eas<\/strong>, kad patogiai tilpt\u0173 \u012f \u017eygio krep\u0161\u012f: svoris 300 gram\u0173, matmenys: 10 x 10 x 14 cm + 5 cm (rankena)<\/li>\n<li>Susideda i\u0161 15 LED diod\u0173: 12 balt\u0173, 3 oran\u017eini\u0173, 1 RGB<\/li>\n<li>Galia: 3W<\/li>\n<li>Baterija: li\u010dio baterija 3,7V \/ 4000mAh<\/li>\n<li>USB maitinimo \u0161altinis: 5V \/ 1500mAh<\/li>\n<li>Spalva: alyvuogi\u0173 \u017ealia<\/li>\n<\/ul>\n<p><strong>\u2705 <\/strong>Turime sand\u0117lyje, greitas pristatymas per 1\u20133 darbo dienas<\/p>\n","protected":false},"featured_media":23823,"comment_status":"open","ping_status":"closed","template":"","meta":{"_acf_changed":false},"product_brand":[],"product_cat":[207,200,206,208,244,189,190],"product_tag":[],"class_list":{"0":"post-46708","1":"product","2":"type-product","3":"status-publish","4":"has-post-thumbnail","6":"product_cat-elektronika","7":"product_cat-praktiskos-dovanu-idejos","8":"product_cat-prozektoriai","9":"product_cat-sviesa","10":"product_cat-zibintai","11":"product_cat-zygio-iranga","12":"product_cat-zygio-prekes","14":"first","15":"instock","16":"sale","17":"taxable","18":"shipping-taxable","19":"purchasable","20":"product-type-simple"},"bundled_by":[],"bundle_stock_status":"instock","bundle_stock_quantity":8,"bundle_virtual":false,"bundle_layout":"","bundle_add_to_cart_form_location":"","bundle_editable_in_cart":false,"bundle_sold_individually_context":"","bundle_item_grouping":"","bundle_min_size":"","bundle_max_size":"","bundle_price":[],"bundled_items":[],"bundle_sell_ids":[],"acf":[],"yoast_head":"<!-- This site is optimized with the Yoast SEO plugin v27.3 - https:\/\/yoast.com\/product\/yoast-seo-wordpress\/ -->\n<title>Turistinis \u017eibintas su LED lemput\u0117mis ir trimis ap\u0161vietimo re\u017eimais<\/title>\n<meta name=\"description\" content=\"Ma\u017eas ir lengvas LED turistinis \u017eibintas su trimis ap\u0161vietimo re\u017eimais: prakti\u0161ka reguliuojama \u0161alta \u0161viesa, jauki mirganti \u017evaki\u0173 \u0161viesa ir spalvas kei\u010dianti \u0161viesa.\" \/>\n<meta name=\"robots\" content=\"index, follow, max-snippet:-1, max-image-preview:large, max-video-preview:-1\" \/>\n<link rel=\"canonical\" href=\"https:\/\/toidupakk.ee\/lt\/toode\/turistinis-zibintas-su-led-lemputemis-ir-trimis-apsvietimo-rezimais\/\" \/>\n<meta property=\"og:locale\" content=\"lt_LT\" \/>\n<meta property=\"og:type\" content=\"article\" \/>\n<meta property=\"og:title\" content=\"Turistinis \u017eibintas su LED lemput\u0117mis ir trimis ap\u0161vietimo re\u017eimais\" \/>\n<meta property=\"og:description\" content=\"Ma\u017eas ir lengvas LED turistinis \u017eibintas su trimis ap\u0161vietimo re\u017eimais: prakti\u0161ka reguliuojama \u0161alta \u0161viesa, jauki mirganti \u017evaki\u0173 \u0161viesa ir spalvas kei\u010dianti \u0161viesa.\" \/>\n<meta property=\"og:url\" content=\"https:\/\/toidupakk.ee\/lt\/toode\/turistinis-zibintas-su-led-lemputemis-ir-trimis-apsvietimo-rezimais\/\" \/>\n<meta property=\"og:site_name\" content=\"Toidupakk.ee - Tactical Foodpack toidupakid\" \/>\n<meta property=\"article:publisher\" content=\"https:\/\/www.facebook.com\/Toidupakk\" \/>\n<meta property=\"article:modified_time\" content=\"2026-04-29T13:31:17+00:00\" \/>\n<meta property=\"og:image\" content=\"https:\/\/toidupakk.ee\/wp-content\/uploads\/2024\/06\/matkalatern-2.png\" \/>\n\t<meta property=\"og:image:width\" content=\"800\" \/>\n\t<meta property=\"og:image:height\" content=\"800\" \/>\n\t<meta property=\"og:image:type\" content=\"image\/png\" \/>\n<meta name=\"twitter:card\" content=\"summary_large_image\" \/>\n<meta name=\"twitter:label1\" content=\"Est. reading time\" \/>\n\t<meta name=\"twitter:data1\" content=\"3 minut\u0117s\" \/>\n<script type=\"application\/ld+json\" class=\"yoast-schema-graph\">{\"@context\":\"https:\\\/\\\/schema.org\",\"@graph\":[{\"@type\":\"WebPage\",\"@id\":\"https:\\\/\\\/toidupakk.ee\\\/lt\\\/toode\\\/turistinis-zibintas-su-led-lemputemis-ir-trimis-apsvietimo-rezimais\\\/\",\"url\":\"https:\\\/\\\/toidupakk.ee\\\/lt\\\/toode\\\/turistinis-zibintas-su-led-lemputemis-ir-trimis-apsvietimo-rezimais\\\/\",\"name\":\"Turistinis \u017eibintas su LED lemput\u0117mis ir trimis ap\u0161vietimo re\u017eimais\",\"isPartOf\":{\"@id\":\"https:\\\/\\\/toidupakk.ee\\\/lt\\\/#website\"},\"primaryImageOfPage\":{\"@id\":\"https:\\\/\\\/toidupakk.ee\\\/lt\\\/toode\\\/turistinis-zibintas-su-led-lemputemis-ir-trimis-apsvietimo-rezimais\\\/#primaryimage\"},\"image\":{\"@id\":\"https:\\\/\\\/toidupakk.ee\\\/lt\\\/toode\\\/turistinis-zibintas-su-led-lemputemis-ir-trimis-apsvietimo-rezimais\\\/#primaryimage\"},\"thumbnailUrl\":\"https:\\\/\\\/toidupakk.ee\\\/wp-content\\\/uploads\\\/2024\\\/06\\\/matkalatern-2.png\",\"datePublished\":\"2024-06-07T14:13:47+00:00\",\"dateModified\":\"2026-04-29T13:31:17+00:00\",\"description\":\"Ma\u017eas ir lengvas LED turistinis \u017eibintas su trimis ap\u0161vietimo re\u017eimais: prakti\u0161ka reguliuojama \u0161alta \u0161viesa, jauki mirganti \u017evaki\u0173 \u0161viesa ir spalvas kei\u010dianti \u0161viesa.\",\"breadcrumb\":{\"@id\":\"https:\\\/\\\/toidupakk.ee\\\/lt\\\/toode\\\/turistinis-zibintas-su-led-lemputemis-ir-trimis-apsvietimo-rezimais\\\/#breadcrumb\"},\"inLanguage\":\"lt-LT\",\"potentialAction\":[{\"@type\":\"ReadAction\",\"target\":[\"https:\\\/\\\/toidupakk.ee\\\/lt\\\/toode\\\/turistinis-zibintas-su-led-lemputemis-ir-trimis-apsvietimo-rezimais\\\/\"]}]},{\"@type\":\"ImageObject\",\"inLanguage\":\"lt-LT\",\"@id\":\"https:\\\/\\\/toidupakk.ee\\\/lt\\\/toode\\\/turistinis-zibintas-su-led-lemputemis-ir-trimis-apsvietimo-rezimais\\\/#primaryimage\",\"url\":\"https:\\\/\\\/toidupakk.ee\\\/wp-content\\\/uploads\\\/2024\\\/06\\\/matkalatern-2.png\",\"contentUrl\":\"https:\\\/\\\/toidupakk.ee\\\/wp-content\\\/uploads\\\/2024\\\/06\\\/matkalatern-2.png\",\"width\":800,\"height\":800,\"caption\":\"matkalatern USB\"},{\"@type\":\"BreadcrumbList\",\"@id\":\"https:\\\/\\\/toidupakk.ee\\\/lt\\\/toode\\\/turistinis-zibintas-su-led-lemputemis-ir-trimis-apsvietimo-rezimais\\\/#breadcrumb\",\"itemListElement\":[{\"@type\":\"ListItem\",\"position\":1,\"name\":\"Avaleht\",\"item\":\"https:\\\/\\\/toidupakk.ee\\\/lt\\\/\"},{\"@type\":\"ListItem\",\"position\":2,\"name\":\"El. parduotuv\u0117\",\"item\":\"https:\\\/\\\/toidupakk.ee\\\/lt\\\/el-parduotuve\\\/\"},{\"@type\":\"ListItem\",\"position\":3,\"name\":\"Turistinis \u017eibintas su LED lemput\u0117mis ir trimis ap\u0161vietimo re\u017eimais\"}]},{\"@type\":\"WebSite\",\"@id\":\"https:\\\/\\\/toidupakk.ee\\\/lt\\\/#website\",\"url\":\"https:\\\/\\\/toidupakk.ee\\\/lt\\\/\",\"name\":\"Toidupakk.ee - Tactical Foodpack toidupakid\",\"description\":\"Tactical Foodpack k\u00fclmkuivatatud toidupakid ja matkaeined\",\"publisher\":{\"@id\":\"https:\\\/\\\/toidupakk.ee\\\/lt\\\/#organization\"},\"potentialAction\":[{\"@type\":\"SearchAction\",\"target\":{\"@type\":\"EntryPoint\",\"urlTemplate\":\"https:\\\/\\\/toidupakk.ee\\\/lt\\\/?s={search_term_string}\"},\"query-input\":{\"@type\":\"PropertyValueSpecification\",\"valueRequired\":true,\"valueName\":\"search_term_string\"}}],\"inLanguage\":\"lt-LT\"},{\"@type\":\"Organization\",\"@id\":\"https:\\\/\\\/toidupakk.ee\\\/lt\\\/#organization\",\"name\":\"Tactical Foodpack matkaeined\",\"url\":\"https:\\\/\\\/toidupakk.ee\\\/lt\\\/\",\"logo\":{\"@type\":\"ImageObject\",\"inLanguage\":\"lt-LT\",\"@id\":\"https:\\\/\\\/toidupakk.ee\\\/lt\\\/#\\\/schema\\\/logo\\\/image\\\/\",\"url\":\"https:\\\/\\\/toidupakk.ee\\\/wp-content\\\/uploads\\\/2022\\\/01\\\/Toidupakk-matkapood-logo-transparent.png\",\"contentUrl\":\"https:\\\/\\\/toidupakk.ee\\\/wp-content\\\/uploads\\\/2022\\\/01\\\/Toidupakk-matkapood-logo-transparent.png\",\"width\":500,\"height\":500,\"caption\":\"Tactical Foodpack matkaeined\"},\"image\":{\"@id\":\"https:\\\/\\\/toidupakk.ee\\\/lt\\\/#\\\/schema\\\/logo\\\/image\\\/\"},\"sameAs\":[\"https:\\\/\\\/www.facebook.com\\\/Toidupakk\",\"https:\\\/\\\/www.instagram.com\\\/toidupakk\\\/\"]}]}<\/script>\n<!-- \/ Yoast SEO plugin. -->","yoast_head_json":{"title":"Turistinis \u017eibintas su LED lemput\u0117mis ir trimis ap\u0161vietimo re\u017eimais","description":"Ma\u017eas ir lengvas LED turistinis \u017eibintas su trimis ap\u0161vietimo re\u017eimais: prakti\u0161ka reguliuojama \u0161alta \u0161viesa, jauki mirganti \u017evaki\u0173 \u0161viesa ir spalvas kei\u010dianti \u0161viesa.","robots":{"index":"index","follow":"follow","max-snippet":"max-snippet:-1","max-image-preview":"max-image-preview:large","max-video-preview":"max-video-preview:-1"},"canonical":"https:\/\/toidupakk.ee\/lt\/toode\/turistinis-zibintas-su-led-lemputemis-ir-trimis-apsvietimo-rezimais\/","og_locale":"lt_LT","og_type":"article","og_title":"Turistinis \u017eibintas su LED lemput\u0117mis ir trimis ap\u0161vietimo re\u017eimais","og_description":"Ma\u017eas ir lengvas LED turistinis \u017eibintas su trimis ap\u0161vietimo re\u017eimais: prakti\u0161ka reguliuojama \u0161alta \u0161viesa, jauki mirganti \u017evaki\u0173 \u0161viesa ir spalvas kei\u010dianti \u0161viesa.","og_url":"https:\/\/toidupakk.ee\/lt\/toode\/turistinis-zibintas-su-led-lemputemis-ir-trimis-apsvietimo-rezimais\/","og_site_name":"Toidupakk.ee - Tactical Foodpack toidupakid","article_publisher":"https:\/\/www.facebook.com\/Toidupakk","article_modified_time":"2026-04-29T13:31:17+00:00","og_image":[{"width":800,"height":800,"url":"https:\/\/toidupakk.ee\/wp-content\/uploads\/2024\/06\/matkalatern-2.png","type":"image\/png"}],"twitter_card":"summary_large_image","twitter_misc":{"Est. reading time":"3 minut\u0117s"},"schema":{"@context":"https:\/\/schema.org","@graph":[{"@type":"WebPage","@id":"https:\/\/toidupakk.ee\/lt\/toode\/turistinis-zibintas-su-led-lemputemis-ir-trimis-apsvietimo-rezimais\/","url":"https:\/\/toidupakk.ee\/lt\/toode\/turistinis-zibintas-su-led-lemputemis-ir-trimis-apsvietimo-rezimais\/","name":"Turistinis \u017eibintas su LED lemput\u0117mis ir trimis ap\u0161vietimo re\u017eimais","isPartOf":{"@id":"https:\/\/toidupakk.ee\/lt\/#website"},"primaryImageOfPage":{"@id":"https:\/\/toidupakk.ee\/lt\/toode\/turistinis-zibintas-su-led-lemputemis-ir-trimis-apsvietimo-rezimais\/#primaryimage"},"image":{"@id":"https:\/\/toidupakk.ee\/lt\/toode\/turistinis-zibintas-su-led-lemputemis-ir-trimis-apsvietimo-rezimais\/#primaryimage"},"thumbnailUrl":"https:\/\/toidupakk.ee\/wp-content\/uploads\/2024\/06\/matkalatern-2.png","datePublished":"2024-06-07T14:13:47+00:00","dateModified":"2026-04-29T13:31:17+00:00","description":"Ma\u017eas ir lengvas LED turistinis \u017eibintas su trimis ap\u0161vietimo re\u017eimais: prakti\u0161ka reguliuojama \u0161alta \u0161viesa, jauki mirganti \u017evaki\u0173 \u0161viesa ir spalvas kei\u010dianti \u0161viesa.","breadcrumb":{"@id":"https:\/\/toidupakk.ee\/lt\/toode\/turistinis-zibintas-su-led-lemputemis-ir-trimis-apsvietimo-rezimais\/#breadcrumb"},"inLanguage":"lt-LT","potentialAction":[{"@type":"ReadAction","target":["https:\/\/toidupakk.ee\/lt\/toode\/turistinis-zibintas-su-led-lemputemis-ir-trimis-apsvietimo-rezimais\/"]}]},{"@type":"ImageObject","inLanguage":"lt-LT","@id":"https:\/\/toidupakk.ee\/lt\/toode\/turistinis-zibintas-su-led-lemputemis-ir-trimis-apsvietimo-rezimais\/#primaryimage","url":"https:\/\/toidupakk.ee\/wp-content\/uploads\/2024\/06\/matkalatern-2.png","contentUrl":"https:\/\/toidupakk.ee\/wp-content\/uploads\/2024\/06\/matkalatern-2.png","width":800,"height":800,"caption":"matkalatern USB"},{"@type":"BreadcrumbList","@id":"https:\/\/toidupakk.ee\/lt\/toode\/turistinis-zibintas-su-led-lemputemis-ir-trimis-apsvietimo-rezimais\/#breadcrumb","itemListElement":[{"@type":"ListItem","position":1,"name":"Avaleht","item":"https:\/\/toidupakk.ee\/lt\/"},{"@type":"ListItem","position":2,"name":"El. parduotuv\u0117","item":"https:\/\/toidupakk.ee\/lt\/el-parduotuve\/"},{"@type":"ListItem","position":3,"name":"Turistinis \u017eibintas su LED lemput\u0117mis ir trimis ap\u0161vietimo re\u017eimais"}]},{"@type":"WebSite","@id":"https:\/\/toidupakk.ee\/lt\/#website","url":"https:\/\/toidupakk.ee\/lt\/","name":"Toidupakk.ee - Tactical Foodpack toidupakid","description":"Tactical Foodpack k\u00fclmkuivatatud toidupakid ja matkaeined","publisher":{"@id":"https:\/\/toidupakk.ee\/lt\/#organization"},"potentialAction":[{"@type":"SearchAction","target":{"@type":"EntryPoint","urlTemplate":"https:\/\/toidupakk.ee\/lt\/?s={search_term_string}"},"query-input":{"@type":"PropertyValueSpecification","valueRequired":true,"valueName":"search_term_string"}}],"inLanguage":"lt-LT"},{"@type":"Organization","@id":"https:\/\/toidupakk.ee\/lt\/#organization","name":"Tactical Foodpack matkaeined","url":"https:\/\/toidupakk.ee\/lt\/","logo":{"@type":"ImageObject","inLanguage":"lt-LT","@id":"https:\/\/toidupakk.ee\/lt\/#\/schema\/logo\/image\/","url":"https:\/\/toidupakk.ee\/wp-content\/uploads\/2022\/01\/Toidupakk-matkapood-logo-transparent.png","contentUrl":"https:\/\/toidupakk.ee\/wp-content\/uploads\/2022\/01\/Toidupakk-matkapood-logo-transparent.png","width":500,"height":500,"caption":"Tactical Foodpack matkaeined"},"image":{"@id":"https:\/\/toidupakk.ee\/lt\/#\/schema\/logo\/image\/"},"sameAs":["https:\/\/www.facebook.com\/Toidupakk","https:\/\/www.instagram.com\/toidupakk\/"]}]}},"jetpack_sharing_enabled":true,"_links":{"self":[{"href":"https:\/\/toidupakk.ee\/lt\/wp-json\/wp\/v2\/product\/46708","targetHints":{"allow":["GET"]}}],"collection":[{"href":"https:\/\/toidupakk.ee\/lt\/wp-json\/wp\/v2\/product"}],"about":[{"href":"https:\/\/toidupakk.ee\/lt\/wp-json\/wp\/v2\/types\/product"}],"replies":[{"embeddable":true,"href":"https:\/\/toidupakk.ee\/lt\/wp-json\/wp\/v2\/comments?post=46708"}],"wp:featuredmedia":[{"embeddable":true,"href":"https:\/\/toidupakk.ee\/lt\/wp-json\/wp\/v2\/media\/23823"}],"wp:attachment":[{"href":"https:\/\/toidupakk.ee\/lt\/wp-json\/wp\/v2\/media?parent=46708"}],"wp:term":[{"taxonomy":"product_brand","embeddable":true,"href":"https:\/\/toidupakk.ee\/lt\/wp-json\/wp\/v2\/product_brand?post=46708"},{"taxonomy":"product_cat","embeddable":true,"href":"https:\/\/toidupakk.ee\/lt\/wp-json\/wp\/v2\/product_cat?post=46708"},{"taxonomy":"product_tag","embeddable":true,"href":"https:\/\/toidupakk.ee\/lt\/wp-json\/wp\/v2\/product_tag?post=46708"}],"curies":[{"name":"wp","href":"https:\/\/api.w.org\/{rel}","templated":true}]}}