{"id":46660,"date":"2024-06-04T17:13:22","date_gmt":"2024-06-04T14:13:22","guid":{"rendered":"https:\/\/toidupakk.ee\/toode\/10-vietu-palapine-black-knob-grand-canyon\/"},"modified":"2026-04-04T00:01:52","modified_gmt":"2026-04-03T21:01:52","slug":"10-vietu-palapine-black-knob-grand-canyon","status":"publish","type":"product","link":"https:\/\/toidupakk.ee\/lt\/toode\/10-vietu-palapine-black-knob-grand-canyon\/","title":{"rendered":"10 viet\u0173 palapin\u0117 \u201eBlack Knob GRAND CANYON\u00ae\u201c"},"content":{"rendered":"<div class=\"flex flex-grow flex-col max-w-full\">\n<div class=\"min-h-[20px] text-message flex flex-col items-start whitespace-pre-wrap break-words [.text-message+&amp;]:mt-5 juice:w-full juice:items-end overflow-x-auto gap-2\" dir=\"auto\" data-message-author-role=\"assistant\" data-message-id=\"a9643db0-e2fd-400a-9853-c939466f0833\">\n<div class=\"flex w-full flex-col gap-1 juice:empty:hidden juice:first:pt-[3px]\">\n<div class=\"markdown prose w-full break-words dark:prose-invert light\">\n<h1>10 viet\u0173 palapin\u0117 \u201eBlack Knob GRAND CANYON\u00ae\u201c \u2013 maloniai erdvi palapin\u0117, leid\u017eianti leisti laik\u0105 kartu su didele kompanija<\/h1>\n<p>Iki 10 viet\u0173 palapin\u0117 \u201eBlack Knob\u201c yra naujos kartos grupin\u0117 palapin\u0117, sukurta talpinti didel\u0119 kompanij\u0105.<\/p>\n<h2>Palapin\u0117 \u201eBlack Knob\u201c pasi\u017eymi inovatyviu dizainu ir patogumu naudoti<\/h2>\n<p>\u201eBlack Knob\u201c yra erdvi palapin\u0117, kurioje patogiai telpa iki 10 \u017emoni\u0173. Palapin\u0117s centre yra klasikin\u0117 atrama, o papildomai \u2013 trys lankst\u016bs lankai, u\u017etikrinantys, kad beveik visame palapin\u0117s plote gal\u0117tum patogiai stov\u0117ti pilnu \u016bgiu. Tai rei\u0161kia, kad palapin\u0117je gali laisvai jud\u0117ti ir tvarkytis nesilenkdamas. Trys dideli \u012f\u0117jimai suteikia universalumo ir leid\u017eia atidaryti palapin\u0119 i\u0161 trij\u0173 pusi\u0173. Dienos metu gali atverti \u201eduris\u201c ir sukurti malon\u0173 pav\u0117s\u012f, tod\u0117l palapin\u0117 tampa idealia pastoge ir poilsio zona.    <\/p>\n<p><img fetchpriority=\"high\" decoding=\"async\" class=\"alignnone size-thumbnail wp-image-23711\" src=\"https:\/\/toidupakk.ee\/wp-content\/uploads\/2024\/06\/kuni-10-inimese-telk-Black-Knob-GRAND-CANYON-9-1-500x500.png\" alt=\"erdvi iki 10 viet\u0173 palapin\u0117\" width=\"500\" height=\"500\" srcset=\"https:\/\/toidupakk.ee\/wp-content\/uploads\/2024\/06\/kuni-10-inimese-telk-Black-Knob-GRAND-CANYON-9-1-500x500.png 500w, https:\/\/toidupakk.ee\/wp-content\/uploads\/2024\/06\/kuni-10-inimese-telk-Black-Knob-GRAND-CANYON-9-1-400x400.png 400w, https:\/\/toidupakk.ee\/wp-content\/uploads\/2024\/06\/kuni-10-inimese-telk-Black-Knob-GRAND-CANYON-9-1-100x100.png 100w, https:\/\/toidupakk.ee\/wp-content\/uploads\/2024\/06\/kuni-10-inimese-telk-Black-Knob-GRAND-CANYON-9-1-300x300.png 300w, https:\/\/toidupakk.ee\/wp-content\/uploads\/2024\/06\/kuni-10-inimese-telk-Black-Knob-GRAND-CANYON-9-1-768x768.png 768w, https:\/\/toidupakk.ee\/wp-content\/uploads\/2024\/06\/kuni-10-inimese-telk-Black-Knob-GRAND-CANYON-9-1.png 800w\" sizes=\"(max-width: 500px) 100vw, 500px\" \/><\/p>\n<h2>\u0160i 10 viet\u0173 palapin\u0117 \u201eBlack Knob\u201c yra patogi ir gerai v\u0117dinama<\/h2>\n<p>\u0160i palapin\u0117 tau ir tavo kompanionams suteikia maksimal\u0173 komfort\u0105. Tinkleliai ant ventiliacijos lang\u0173 leid\u017eia orui laisvai cirkuliuoti, tod\u0117l palapin\u0117je i\u0161lieka maloniai v\u0117su ir n\u0117ra uod\u0173. Gali m\u0117gautis grynu oru nesijaudindamas d\u0117l \u012fkyri\u0173 vabzd\u017ei\u0173.  <\/p>\n<h2>Patvarios ir kokybi\u0161kos med\u017eiagos<\/h2>\n<p>Palapin\u0117 \u201eBlack Knob\u201c pagaminta i\u0161 kokybi\u0161k\u0173 med\u017eiag\u0173, u\u017etikrinan\u010di\u0173 ilgaam\u017ei\u0161kum\u0105 ir atsparum\u0105 \u012fvairioms oro s\u0105lygoms. Palapin\u0117s i\u0161orinis sluoksnis yra 68D 190T poliesteris PU, kuris yra lengvas, tvirtas, patvarus, atsparus v\u0117jui, vandeniui ir greitai d\u017ei\u016bstantis. Dangos atsparumas lietui siekia \u012fsp\u016bdingus 3000 mm. Dugnas pagamintas i\u0161 polietileno PU, u\u017etikrinan\u010dio puik\u0173 atsparum\u0105 vandeniui ir dr\u0117gmei (4000 mm). Plieniniai lankai ir kuoliukai suteikia palapinei stabilumo net esant stipriam v\u0117jui.    <\/p>\n<p><img decoding=\"async\" class=\"alignnone wp-image-23655\" src=\"https:\/\/toidupakk.ee\/wp-content\/uploads\/2024\/06\/kuni-10-inimese-telk-Black-Knob-GRAND-CANYON-3-500x500.png\" alt=\"\" width=\"500\" height=\"500\" srcset=\"https:\/\/toidupakk.ee\/wp-content\/uploads\/2024\/06\/kuni-10-inimese-telk-Black-Knob-GRAND-CANYON-3-500x500.png 500w, https:\/\/toidupakk.ee\/wp-content\/uploads\/2024\/06\/kuni-10-inimese-telk-Black-Knob-GRAND-CANYON-3-400x400.png 400w, https:\/\/toidupakk.ee\/wp-content\/uploads\/2024\/06\/kuni-10-inimese-telk-Black-Knob-GRAND-CANYON-3-100x100.png 100w, https:\/\/toidupakk.ee\/wp-content\/uploads\/2024\/06\/kuni-10-inimese-telk-Black-Knob-GRAND-CANYON-3-300x300.png 300w, https:\/\/toidupakk.ee\/wp-content\/uploads\/2024\/06\/kuni-10-inimese-telk-Black-Knob-GRAND-CANYON-3-768x768.png 768w, https:\/\/toidupakk.ee\/wp-content\/uploads\/2024\/06\/kuni-10-inimese-telk-Black-Knob-GRAND-CANYON-3.png 800w\" sizes=\"(max-width: 500px) 100vw, 500px\" \/><\/p>\n<h2>Lengvai transportuojama ir pastatoma<\/h2>\n<p>Nepaisant savo dyd\u017eio, palapin\u0117 \u201eBlack Knob\u201c yra steb\u0117tinai lengva ir kompakti\u0161ka, sverianti tik 13,5 kg. Palapin\u0117 lengvai supakuojama (matmenys \u00d821 x 75 cm), tod\u0117l j\u0105 patogu transportuoti ir laikyti. Palapin\u0117s pastatymas yra greitas ir paprastas, tad gal\u0117si daugiau laiko m\u0117gautis gamta ir ma\u017eiau laiko skirti palapin\u0117s statymui.  <\/p>\n<h2>Idealus pasirinkimas grupiniam \u017eygiui<\/h2>\n<p>Jei ie\u0161kai palapin\u0117s, kuri suteikt\u0173 daug erdv\u0117s, komforto ir patvarumo, \u201eBlack Knob\u201c yra b\u016btent tai, ko tau reikia. Nesvarbu, ar tai \u017eygis su draugais, ar stovyklavimas su \u0161eima \u2013 \u0161i palapin\u0117 pakels tavo grupinio stovyklavimo patirt\u012f \u012f nauj\u0105 lyg\u012f. Susipa\u017eink su palapin\u0117s matmenimis m\u016bs\u0173 nuotrauk\u0173 galerijoje ir pats \u012fsitikink, kokia erdvi ir funkcionali \u0161i palapin\u0117.  <\/p>\n<p><img decoding=\"async\" class=\"alignnone size-thumbnail wp-image-23677\" src=\"https:\/\/toidupakk.ee\/wp-content\/uploads\/2024\/06\/kuni-10-inimese-telk-Black-Knob-GRAND-CANYON-25-500x500.png\" alt=\"atvira palapin\u0117\" width=\"500\" height=\"500\" srcset=\"https:\/\/toidupakk.ee\/wp-content\/uploads\/2024\/06\/kuni-10-inimese-telk-Black-Knob-GRAND-CANYON-25-500x500.png 500w, https:\/\/toidupakk.ee\/wp-content\/uploads\/2024\/06\/kuni-10-inimese-telk-Black-Knob-GRAND-CANYON-25-400x400.png 400w, https:\/\/toidupakk.ee\/wp-content\/uploads\/2024\/06\/kuni-10-inimese-telk-Black-Knob-GRAND-CANYON-25-100x100.png 100w, https:\/\/toidupakk.ee\/wp-content\/uploads\/2024\/06\/kuni-10-inimese-telk-Black-Knob-GRAND-CANYON-25-300x300.png 300w, https:\/\/toidupakk.ee\/wp-content\/uploads\/2024\/06\/kuni-10-inimese-telk-Black-Knob-GRAND-CANYON-25-768x768.png 768w, https:\/\/toidupakk.ee\/wp-content\/uploads\/2024\/06\/kuni-10-inimese-telk-Black-Knob-GRAND-CANYON-25.png 800w\" sizes=\"(max-width: 500px) 100vw, 500px\" \/><\/p>\n<h2>U\u017esisakyk 10 viet\u0173 palapin\u0119 \u201eBlack Knob\u201c ir m\u0117gaukis gamta patogiai bei draugi\u0161kai!<\/h2>\n<p>Nepraleisk progos \u2013 u\u017esisakyk palapin\u0119 \u201eBlack Knob\u201c jau \u0161iandien ir pasiruo\u0161k nepamir\u0161tamiems nuotykiams gamtoje!<\/p>\n<\/div>\n<\/div>\n<\/div>\n<\/div>\n<div class=\"mt-1 flex gap-3 empty:hidden juice:-ml-3\">\n<div class=\"items-center justify-start rounded-xl p-1 flex\">\n<div class=\"flex items-center\">\n<p>Daugiau \u017eygio reikmen\u0173 rasi <a href=\"https:\/\/toidupakk.ee\/lt\/tootekategooria\/zygio-iranga\/#section-3-79\">\u010cIA<\/a><\/p>\n<p>Pasisemk \u012fkv\u0117pimo kitiems nuotykiams \u201eToidupakk\u201c <a href=\"https:\/\/www.instagram.com\/toidupakk\/\">Instagram<\/a> ir <a href=\"https:\/\/www.facebook.com\/Toidupakk\/\">Facebook<\/a> paskyrose.<\/p>\n<\/div>\n<\/div>\n<\/div>\n","protected":false},"excerpt":{"rendered":"<p><strong>Inovatyvaus dizaino, i\u0161skirtinai erdvi ir talpi palapin\u0117.<\/strong><\/p>\n<ul>\n<li>Palapin\u0117je telpa <strong>iki 10 \u017emoni\u0173<\/strong><\/li>\n<li>Be palapin\u0117s centre esan\u010dios atramos, palapin\u0117 turi tris lanks\u010dius lankus, kuri\u0173 d\u0117ka <strong>palapin\u0117je galima stov\u0117ti pilnu \u016bgiu beveik visame jos plote<\/strong><\/li>\n<li>Palapin\u0119 galima <strong>atidaryti i\u0161 trij\u0173 pusi\u0173<\/strong><\/li>\n<li>I\u0161 atvir\u0173 \u201edur\u0173\u201c galima patogiai <strong>sukurti pav\u0117s\u012f<\/strong><\/li>\n<li>Tinkleliai ant ventiliacijos lang\u0173 leid\u017eia<strong> orui cirkuliuoti palapin\u0117je be uod\u0173 draugijos<\/strong><\/li>\n<li>Palapin\u0117s med\u017eiaga: 68D 190T poliesteris PU \u2013 med\u017eiaga yra<strong> lengva, tvirta, patvari, atspari v\u0117jui, vandeniui ir greitai d\u017ei\u016bstanti<\/strong><\/li>\n<li>Puikus palapin\u0117s atsparumas lietui: <strong>3000 mm<\/strong><\/li>\n<li>Dugno med\u017eiaga: polietilenas PU \u2013 atsparus vandeniui ir patvarus<\/li>\n<li>Geras dugno atsparumas dr\u0117gmei: <strong>4000 mm<\/strong><\/li>\n<li><strong>Lankai ir kuoliukai pagaminti i\u0161 plieno<\/strong><\/li>\n<li>Svoris: 13,5 kg<\/li>\n<li>Pastatytos palapin\u0117s matmenis rasi nuotraukoje<\/li>\n<li>Matmenys supakavus: \u00d821 x 75 cm<\/li>\n<li>Galima rinktis i\u0161 2 spalv\u0173: <strong>sm\u0117lio ir \u017ealios<\/strong><\/li>\n<\/ul>\n<p>\u2705 Greitas pristatymas per 1\u20133 darbo dienas<\/p>\n","protected":false},"featured_media":23711,"comment_status":"open","ping_status":"closed","template":"","meta":{"_acf_changed":false},"product_brand":[],"product_cat":[257,189,190],"product_tag":[],"class_list":{"0":"post-46660","1":"product","2":"type-product","3":"status-publish","4":"has-post-thumbnail","6":"product_cat-palapines","7":"product_cat-zygio-iranga","8":"product_cat-zygio-prekes","10":"first","11":"instock","12":"sale","13":"taxable","14":"shipping-taxable","15":"purchasable","16":"product-type-variable","17":"has-default-attributes"},"bundled_by":[],"bundle_stock_status":"instock","bundle_stock_quantity":null,"bundle_virtual":false,"bundle_layout":"","bundle_add_to_cart_form_location":"","bundle_editable_in_cart":false,"bundle_sold_individually_context":"","bundle_item_grouping":"","bundle_min_size":"","bundle_max_size":"","bundle_price":[],"bundled_items":[],"bundle_sell_ids":[],"acf":[],"yoast_head":"<!-- This site is optimized with the Yoast SEO plugin v27.1.1 - https:\/\/yoast.com\/product\/yoast-seo-wordpress\/ -->\n<title>10 viet\u0173 palapin\u0117 \u201eBlack Knob GRAND CANYON\u00ae\u201c<\/title>\n<meta name=\"description\" content=\"Iki 10 viet\u0173 palapin\u0117 \u201eBlack Knob\u201c. Didel\u0117 ir auk\u0161ta palapin\u0117, kurioje gali patogiai stov\u0117ti pilnu \u016bgiu. Palapin\u0119 galima atidaryti net i\u0161 trij\u0173 pusi\u0173.\" \/>\n<meta name=\"robots\" content=\"index, follow, max-snippet:-1, max-image-preview:large, max-video-preview:-1\" \/>\n<link rel=\"canonical\" href=\"https:\/\/toidupakk.ee\/lt\/toode\/10-vietu-palapine-black-knob-grand-canyon\/\" \/>\n<meta property=\"og:locale\" content=\"lt_LT\" \/>\n<meta property=\"og:type\" content=\"article\" \/>\n<meta property=\"og:title\" content=\"10 viet\u0173 palapin\u0117 \u201eBlack Knob GRAND CANYON\u00ae\u201c\" \/>\n<meta property=\"og:description\" content=\"Iki 10 viet\u0173 palapin\u0117 \u201eBlack Knob\u201c. Didel\u0117 ir auk\u0161ta palapin\u0117, kurioje gali patogiai stov\u0117ti pilnu \u016bgiu. Palapin\u0119 galima atidaryti net i\u0161 trij\u0173 pusi\u0173.\" \/>\n<meta property=\"og:url\" content=\"https:\/\/toidupakk.ee\/lt\/toode\/10-vietu-palapine-black-knob-grand-canyon\/\" \/>\n<meta property=\"og:site_name\" content=\"Toidupakk.ee - Tactical Foodpack toidupakid\" \/>\n<meta property=\"article:publisher\" content=\"https:\/\/www.facebook.com\/Toidupakk\" \/>\n<meta property=\"article:modified_time\" content=\"2026-04-03T21:01:52+00:00\" \/>\n<meta property=\"og:image\" content=\"https:\/\/toidupakk.ee\/wp-content\/uploads\/2024\/06\/kuni-10-inimese-telk-Black-Knob-GRAND-CANYON-9-1.png\" \/>\n\t<meta property=\"og:image:width\" content=\"800\" \/>\n\t<meta property=\"og:image:height\" content=\"800\" \/>\n\t<meta property=\"og:image:type\" content=\"image\/png\" \/>\n<meta name=\"twitter:card\" content=\"summary_large_image\" \/>\n<meta name=\"twitter:label1\" content=\"Est. reading time\" \/>\n\t<meta name=\"twitter:data1\" content=\"2 minut\u0117s\" \/>\n<script type=\"application\/ld+json\" class=\"yoast-schema-graph\">{\"@context\":\"https:\/\/schema.org\",\"@graph\":[{\"@type\":\"WebPage\",\"@id\":\"https:\/\/toidupakk.ee\/lt\/toode\/10-vietu-palapine-black-knob-grand-canyon\/\",\"url\":\"https:\/\/toidupakk.ee\/lt\/toode\/10-vietu-palapine-black-knob-grand-canyon\/\",\"name\":\"10 viet\u0173 palapin\u0117 \u201eBlack Knob GRAND CANYON\u00ae\u201c\",\"isPartOf\":{\"@id\":\"https:\/\/toidupakk.ee\/lt\/#website\"},\"primaryImageOfPage\":{\"@id\":\"https:\/\/toidupakk.ee\/lt\/toode\/10-vietu-palapine-black-knob-grand-canyon\/#primaryimage\"},\"image\":{\"@id\":\"https:\/\/toidupakk.ee\/lt\/toode\/10-vietu-palapine-black-knob-grand-canyon\/#primaryimage\"},\"thumbnailUrl\":\"https:\/\/toidupakk.ee\/wp-content\/uploads\/2024\/06\/kuni-10-inimese-telk-Black-Knob-GRAND-CANYON-9-1.png\",\"datePublished\":\"2024-06-04T14:13:22+00:00\",\"dateModified\":\"2026-04-03T21:01:52+00:00\",\"description\":\"Iki 10 viet\u0173 palapin\u0117 \u201eBlack Knob\u201c. Didel\u0117 ir auk\u0161ta palapin\u0117, kurioje gali patogiai stov\u0117ti pilnu \u016bgiu. Palapin\u0119 galima atidaryti net i\u0161 trij\u0173 pusi\u0173.\",\"breadcrumb\":{\"@id\":\"https:\/\/toidupakk.ee\/lt\/toode\/10-vietu-palapine-black-knob-grand-canyon\/#breadcrumb\"},\"inLanguage\":\"lt-LT\",\"potentialAction\":[{\"@type\":\"ReadAction\",\"target\":[\"https:\/\/toidupakk.ee\/lt\/toode\/10-vietu-palapine-black-knob-grand-canyon\/\"]}]},{\"@type\":\"ImageObject\",\"inLanguage\":\"lt-LT\",\"@id\":\"https:\/\/toidupakk.ee\/lt\/toode\/10-vietu-palapine-black-knob-grand-canyon\/#primaryimage\",\"url\":\"https:\/\/toidupakk.ee\/wp-content\/uploads\/2024\/06\/kuni-10-inimese-telk-Black-Knob-GRAND-CANYON-9-1.png\",\"contentUrl\":\"https:\/\/toidupakk.ee\/wp-content\/uploads\/2024\/06\/kuni-10-inimese-telk-Black-Knob-GRAND-CANYON-9-1.png\",\"width\":800,\"height\":800,\"caption\":\"ruumikas kuni 10 inimese telk\"},{\"@type\":\"BreadcrumbList\",\"@id\":\"https:\/\/toidupakk.ee\/lt\/toode\/10-vietu-palapine-black-knob-grand-canyon\/#breadcrumb\",\"itemListElement\":[{\"@type\":\"ListItem\",\"position\":1,\"name\":\"Avaleht\",\"item\":\"https:\/\/toidupakk.ee\/lt\/\"},{\"@type\":\"ListItem\",\"position\":2,\"name\":\"El. parduotuv\u0117\",\"item\":\"https:\/\/toidupakk.ee\/lt\/el-parduotuve\/\"},{\"@type\":\"ListItem\",\"position\":3,\"name\":\"10 viet\u0173 palapin\u0117 \u201eBlack Knob GRAND CANYON\u00ae\u201c\"}]},{\"@type\":\"WebSite\",\"@id\":\"https:\/\/toidupakk.ee\/lt\/#website\",\"url\":\"https:\/\/toidupakk.ee\/lt\/\",\"name\":\"Toidupakk.ee - Tactical Foodpack toidupakid\",\"description\":\"Tactical Foodpack k\u00fclmkuivatatud toidupakid ja matkaeined\",\"publisher\":{\"@id\":\"https:\/\/toidupakk.ee\/lt\/#organization\"},\"potentialAction\":[{\"@type\":\"SearchAction\",\"target\":{\"@type\":\"EntryPoint\",\"urlTemplate\":\"https:\/\/toidupakk.ee\/lt\/?s={search_term_string}\"},\"query-input\":{\"@type\":\"PropertyValueSpecification\",\"valueRequired\":true,\"valueName\":\"search_term_string\"}}],\"inLanguage\":\"lt-LT\"},{\"@type\":\"Organization\",\"@id\":\"https:\/\/toidupakk.ee\/lt\/#organization\",\"name\":\"Tactical Foodpack matkaeined\",\"url\":\"https:\/\/toidupakk.ee\/lt\/\",\"logo\":{\"@type\":\"ImageObject\",\"inLanguage\":\"lt-LT\",\"@id\":\"https:\/\/toidupakk.ee\/lt\/#\/schema\/logo\/image\/\",\"url\":\"https:\/\/toidupakk.ee\/wp-content\/uploads\/2022\/01\/Toidupakk-matkapood-logo-transparent.png\",\"contentUrl\":\"https:\/\/toidupakk.ee\/wp-content\/uploads\/2022\/01\/Toidupakk-matkapood-logo-transparent.png\",\"width\":500,\"height\":500,\"caption\":\"Tactical Foodpack matkaeined\"},\"image\":{\"@id\":\"https:\/\/toidupakk.ee\/lt\/#\/schema\/logo\/image\/\"},\"sameAs\":[\"https:\/\/www.facebook.com\/Toidupakk\",\"https:\/\/www.instagram.com\/toidupakk\/\"]}]}<\/script>\n<!-- \/ Yoast SEO plugin. -->","yoast_head_json":{"title":"10 viet\u0173 palapin\u0117 \u201eBlack Knob GRAND CANYON\u00ae\u201c","description":"Iki 10 viet\u0173 palapin\u0117 \u201eBlack Knob\u201c. Didel\u0117 ir auk\u0161ta palapin\u0117, kurioje gali patogiai stov\u0117ti pilnu \u016bgiu. Palapin\u0119 galima atidaryti net i\u0161 trij\u0173 pusi\u0173.","robots":{"index":"index","follow":"follow","max-snippet":"max-snippet:-1","max-image-preview":"max-image-preview:large","max-video-preview":"max-video-preview:-1"},"canonical":"https:\/\/toidupakk.ee\/lt\/toode\/10-vietu-palapine-black-knob-grand-canyon\/","og_locale":"lt_LT","og_type":"article","og_title":"10 viet\u0173 palapin\u0117 \u201eBlack Knob GRAND CANYON\u00ae\u201c","og_description":"Iki 10 viet\u0173 palapin\u0117 \u201eBlack Knob\u201c. Didel\u0117 ir auk\u0161ta palapin\u0117, kurioje gali patogiai stov\u0117ti pilnu \u016bgiu. Palapin\u0119 galima atidaryti net i\u0161 trij\u0173 pusi\u0173.","og_url":"https:\/\/toidupakk.ee\/lt\/toode\/10-vietu-palapine-black-knob-grand-canyon\/","og_site_name":"Toidupakk.ee - Tactical Foodpack toidupakid","article_publisher":"https:\/\/www.facebook.com\/Toidupakk","article_modified_time":"2026-04-03T21:01:52+00:00","og_image":[{"width":800,"height":800,"url":"https:\/\/toidupakk.ee\/wp-content\/uploads\/2024\/06\/kuni-10-inimese-telk-Black-Knob-GRAND-CANYON-9-1.png","type":"image\/png"}],"twitter_card":"summary_large_image","twitter_misc":{"Est. reading time":"2 minut\u0117s"},"schema":{"@context":"https:\/\/schema.org","@graph":[{"@type":"WebPage","@id":"https:\/\/toidupakk.ee\/lt\/toode\/10-vietu-palapine-black-knob-grand-canyon\/","url":"https:\/\/toidupakk.ee\/lt\/toode\/10-vietu-palapine-black-knob-grand-canyon\/","name":"10 viet\u0173 palapin\u0117 \u201eBlack Knob GRAND CANYON\u00ae\u201c","isPartOf":{"@id":"https:\/\/toidupakk.ee\/lt\/#website"},"primaryImageOfPage":{"@id":"https:\/\/toidupakk.ee\/lt\/toode\/10-vietu-palapine-black-knob-grand-canyon\/#primaryimage"},"image":{"@id":"https:\/\/toidupakk.ee\/lt\/toode\/10-vietu-palapine-black-knob-grand-canyon\/#primaryimage"},"thumbnailUrl":"https:\/\/toidupakk.ee\/wp-content\/uploads\/2024\/06\/kuni-10-inimese-telk-Black-Knob-GRAND-CANYON-9-1.png","datePublished":"2024-06-04T14:13:22+00:00","dateModified":"2026-04-03T21:01:52+00:00","description":"Iki 10 viet\u0173 palapin\u0117 \u201eBlack Knob\u201c. Didel\u0117 ir auk\u0161ta palapin\u0117, kurioje gali patogiai stov\u0117ti pilnu \u016bgiu. Palapin\u0119 galima atidaryti net i\u0161 trij\u0173 pusi\u0173.","breadcrumb":{"@id":"https:\/\/toidupakk.ee\/lt\/toode\/10-vietu-palapine-black-knob-grand-canyon\/#breadcrumb"},"inLanguage":"lt-LT","potentialAction":[{"@type":"ReadAction","target":["https:\/\/toidupakk.ee\/lt\/toode\/10-vietu-palapine-black-knob-grand-canyon\/"]}]},{"@type":"ImageObject","inLanguage":"lt-LT","@id":"https:\/\/toidupakk.ee\/lt\/toode\/10-vietu-palapine-black-knob-grand-canyon\/#primaryimage","url":"https:\/\/toidupakk.ee\/wp-content\/uploads\/2024\/06\/kuni-10-inimese-telk-Black-Knob-GRAND-CANYON-9-1.png","contentUrl":"https:\/\/toidupakk.ee\/wp-content\/uploads\/2024\/06\/kuni-10-inimese-telk-Black-Knob-GRAND-CANYON-9-1.png","width":800,"height":800,"caption":"ruumikas kuni 10 inimese telk"},{"@type":"BreadcrumbList","@id":"https:\/\/toidupakk.ee\/lt\/toode\/10-vietu-palapine-black-knob-grand-canyon\/#breadcrumb","itemListElement":[{"@type":"ListItem","position":1,"name":"Avaleht","item":"https:\/\/toidupakk.ee\/lt\/"},{"@type":"ListItem","position":2,"name":"El. parduotuv\u0117","item":"https:\/\/toidupakk.ee\/lt\/el-parduotuve\/"},{"@type":"ListItem","position":3,"name":"10 viet\u0173 palapin\u0117 \u201eBlack Knob GRAND CANYON\u00ae\u201c"}]},{"@type":"WebSite","@id":"https:\/\/toidupakk.ee\/lt\/#website","url":"https:\/\/toidupakk.ee\/lt\/","name":"Toidupakk.ee - Tactical Foodpack toidupakid","description":"Tactical Foodpack k\u00fclmkuivatatud toidupakid ja matkaeined","publisher":{"@id":"https:\/\/toidupakk.ee\/lt\/#organization"},"potentialAction":[{"@type":"SearchAction","target":{"@type":"EntryPoint","urlTemplate":"https:\/\/toidupakk.ee\/lt\/?s={search_term_string}"},"query-input":{"@type":"PropertyValueSpecification","valueRequired":true,"valueName":"search_term_string"}}],"inLanguage":"lt-LT"},{"@type":"Organization","@id":"https:\/\/toidupakk.ee\/lt\/#organization","name":"Tactical Foodpack matkaeined","url":"https:\/\/toidupakk.ee\/lt\/","logo":{"@type":"ImageObject","inLanguage":"lt-LT","@id":"https:\/\/toidupakk.ee\/lt\/#\/schema\/logo\/image\/","url":"https:\/\/toidupakk.ee\/wp-content\/uploads\/2022\/01\/Toidupakk-matkapood-logo-transparent.png","contentUrl":"https:\/\/toidupakk.ee\/wp-content\/uploads\/2022\/01\/Toidupakk-matkapood-logo-transparent.png","width":500,"height":500,"caption":"Tactical Foodpack matkaeined"},"image":{"@id":"https:\/\/toidupakk.ee\/lt\/#\/schema\/logo\/image\/"},"sameAs":["https:\/\/www.facebook.com\/Toidupakk","https:\/\/www.instagram.com\/toidupakk\/"]}]}},"jetpack_sharing_enabled":true,"_links":{"self":[{"href":"https:\/\/toidupakk.ee\/lt\/wp-json\/wp\/v2\/product\/46660","targetHints":{"allow":["GET"]}}],"collection":[{"href":"https:\/\/toidupakk.ee\/lt\/wp-json\/wp\/v2\/product"}],"about":[{"href":"https:\/\/toidupakk.ee\/lt\/wp-json\/wp\/v2\/types\/product"}],"replies":[{"embeddable":true,"href":"https:\/\/toidupakk.ee\/lt\/wp-json\/wp\/v2\/comments?post=46660"}],"wp:featuredmedia":[{"embeddable":true,"href":"https:\/\/toidupakk.ee\/lt\/wp-json\/wp\/v2\/media\/23711"}],"wp:attachment":[{"href":"https:\/\/toidupakk.ee\/lt\/wp-json\/wp\/v2\/media?parent=46660"}],"wp:term":[{"taxonomy":"product_brand","embeddable":true,"href":"https:\/\/toidupakk.ee\/lt\/wp-json\/wp\/v2\/product_brand?post=46660"},{"taxonomy":"product_cat","embeddable":true,"href":"https:\/\/toidupakk.ee\/lt\/wp-json\/wp\/v2\/product_cat?post=46660"},{"taxonomy":"product_tag","embeddable":true,"href":"https:\/\/toidupakk.ee\/lt\/wp-json\/wp\/v2\/product_tag?post=46660"}],"curies":[{"name":"wp","href":"https:\/\/api.w.org\/{rel}","templated":true}]}}