{"id":46639,"date":"2024-05-27T15:39:58","date_gmt":"2024-05-27T12:39:58","guid":{"rendered":"https:\/\/toidupakk.ee\/toode\/m-tac-turistiniu-puodu-rinkinys\/"},"modified":"2026-04-15T00:31:03","modified_gmt":"2026-04-14T21:31:03","slug":"m-tac-turistiniu-puodu-rinkinys","status":"publish","type":"product","link":"https:\/\/toidupakk.ee\/lt\/toode\/m-tac-turistiniu-puodu-rinkinys\/","title":{"rendered":"M-TAC turistini\u0173 puod\u0173 rinkinys"},"content":{"rendered":"<h1><img fetchpriority=\"high\" decoding=\"async\" class=\"alignright wp-image-23247 size-thumbnail\" style=\"font-size: 16px; font-weight: 400;\" src=\"https:\/\/toidupakk.ee\/wp-content\/uploads\/2024\/05\/matkapottide_komplekt_M-TAC-4-500x500.png\" alt=\"turistini\u0173 puod\u0173 rinkinys \u017eygiams\" width=\"500\" height=\"500\" srcset=\"https:\/\/toidupakk.ee\/wp-content\/uploads\/2024\/05\/matkapottide_komplekt_M-TAC-4-500x500.png 500w, https:\/\/toidupakk.ee\/wp-content\/uploads\/2024\/05\/matkapottide_komplekt_M-TAC-4-400x400.png 400w, https:\/\/toidupakk.ee\/wp-content\/uploads\/2024\/05\/matkapottide_komplekt_M-TAC-4-100x100.png 100w, https:\/\/toidupakk.ee\/wp-content\/uploads\/2024\/05\/matkapottide_komplekt_M-TAC-4-300x300.png 300w, https:\/\/toidupakk.ee\/wp-content\/uploads\/2024\/05\/matkapottide_komplekt_M-TAC-4-768x768.png 768w, https:\/\/toidupakk.ee\/wp-content\/uploads\/2024\/05\/matkapottide_komplekt_M-TAC-4.png 800w\" sizes=\"(max-width: 500px) 100vw, 500px\" \/><\/h1>\n<h1>M-TAC turistini\u0173 puod\u0173 rinkinys \u2013 idealus kompanionas kiekviename \u017eygyje<\/h1>\n<h2>Kompakti\u0161kas turistini\u0173 puod\u0173 rinkinys<\/h2>\n<p>Esi \u017eygeivis, \u017evejys ar tiesiog m\u0117gsti leisti laik\u0105 gamtoje? Tuomet <strong>M-TAC turistini\u0173 puod\u0173 rinkinys<\/strong> sukurtas b\u016btent tau. \u0160\u012f prakti\u0161k\u0105 ir lengv\u0105 rinkin\u012f sudaro du 0,5 ir 0,9 litro talpos puodai, u\u017etikrinantys visk\u0105, ko reikia maisto gaminimui gamtoje.  <\/p>\n<h2>Universalus naudojimas<\/h2>\n<p>\u0160is rinkinys sukurtas maksimaliam patogumui ir efektyvumui:<\/p>\n<ul>\n<li><strong>Ma\u017eesnis puodas<\/strong> puikiai tinka ir kaip <strong>duben\u0117lis<\/strong>, tod\u0117l tau nereik\u0117s imti papildom\u0173 ind\u0173.<\/li>\n<li><strong>Didesn\u012f puod\u0105<\/strong> gali naudoti kaip ma\u017eesniojo dangt\u012f \u2013 tai padeda i\u0161laikyti \u0161ilum\u0105 ir pagreitina maisto ruo\u0161im\u0105.<\/li>\n<li>Abu puodai turi <strong>sulankstomas ranken\u0117les<\/strong>, kurios taupo viet\u0105 ir leid\u017eia patogiai supakuoti rinkin\u012f \u012f krep\u0161\u012f.<\/li>\n<\/ul>\n<h2>Patvarus ir ilgaam\u017eis turistini\u0173 puod\u0173 rinkinys<\/h2>\n<p>Puodai pagaminti i\u0161 <strong>anoduoto aliuminio<\/strong>, u\u017etikrinan\u010dio ilg\u0105 tarnavimo laik\u0105 ir atsparum\u0105. \u0160i med\u017eiaga pasi\u017eymi tvirtumu ir lengvumu, tod\u0117l yra idealus palydovas kiekviename \u017eygyje. Be to, aliuminis puikiai praleid\u017eia \u0161ilum\u0105, tod\u0117l maistas gaminamas tolygiai ir grei\u010diau.  <\/p>\n<p><img decoding=\"async\" class=\"alignright wp-image-23249 size-thumbnail\" src=\"https:\/\/toidupakk.ee\/wp-content\/uploads\/2024\/05\/matkapottide_komplekt_M-TAC-6-500x500.jpg\" alt=\"ma\u017eas turistini\u0173 puod\u0173 rinkinys\" width=\"500\" height=\"500\" srcset=\"https:\/\/toidupakk.ee\/wp-content\/uploads\/2024\/05\/matkapottide_komplekt_M-TAC-6-500x500.jpg 500w, https:\/\/toidupakk.ee\/wp-content\/uploads\/2024\/05\/matkapottide_komplekt_M-TAC-6-400x400.jpg 400w, https:\/\/toidupakk.ee\/wp-content\/uploads\/2024\/05\/matkapottide_komplekt_M-TAC-6-100x100.jpg 100w, https:\/\/toidupakk.ee\/wp-content\/uploads\/2024\/05\/matkapottide_komplekt_M-TAC-6-300x300.jpg 300w, https:\/\/toidupakk.ee\/wp-content\/uploads\/2024\/05\/matkapottide_komplekt_M-TAC-6-768x768.jpg 768w, https:\/\/toidupakk.ee\/wp-content\/uploads\/2024\/05\/matkapottide_komplekt_M-TAC-6.jpg 800w\" sizes=\"(max-width: 500px) 100vw, 500px\" \/><\/p>\n<h2>Saugumas ir patogumas<\/h2>\n<p>Papildomo patogumo suteikia ranken\u0117li\u0173 <strong>kar\u0161\u010diui atspari med\u017eiaga<\/strong>, leid\u017eianti saugiai suimti net ir \u012fkaitusius puodus. Kar\u0161\u010diui atspari med\u017eiaga apsaugo nuo nudegim\u0173 ir u\u017etikrina tvirt\u0105 su\u0117mim\u0105 net gaminant maist\u0105 vir\u0161 stiprios ugnies. <\/p>\n<h2>Lengva ne\u0161iotis<\/h2>\n<p>Rinkinyje yra <strong>tinklinis krep\u0161elis<\/strong>, saugantis puodus nuo \u012fbr\u0117\u017eim\u0173 ir leid\u017eiantis juos pakabinti, pavyzd\u017eiui, ant kuprin\u0117s. Taip visada po ranka tur\u0117si visk\u0105, ko reikia maistui ruo\u0161ti. <\/p>\n<h2>Techniniai duomenys<\/h2>\n<ul>\n<li><strong>Didesnis puodas<\/strong>: 125 x 102 mm<\/li>\n<li><strong>Ma\u017eesnis puodas<\/strong>: 120 x 60 mm<\/li>\n<li><strong>Bendras svoris<\/strong>: 195 gramai<\/li>\n<\/ul>\n<h2>M-TAC turistini\u0173 puod\u0173 rinkinys \u2013 tavo patikimas palydovas gamtoje<\/h2>\n<p>\u0160ie M-TAC puodai yra idealus pasirinkimas vertinantiems kokyb\u0119, patvarum\u0105 ir prakti\u0161kum\u0105. Rinkinys sukurtas tiems, kurie myli gamt\u0105 ir nori leisti laik\u0105 lauke nesukdami galvos d\u0117l maisto ruo\u0161imo reikmen\u0173. Jei ie\u0161kai patikimo ir efektyvaus sprendimo, \u0161is M-TAC rinkinys yra b\u016btent tai, ko tau reikia.  <\/p>\n<p>\u012esigyk savo M-TAC turistini\u0173 puod\u0173 rinkin\u012f jau \u0161iandien ir m\u0117gaukis ner\u016bpestingomis pertrauk\u0117l\u0117mis \u017eygyje, \u017evejyboje ar stovyklaujant!<\/p>\n<p><img decoding=\"async\" class=\"alignright wp-image-23251 size-thumbnail\" src=\"https:\/\/toidupakk.ee\/wp-content\/uploads\/2024\/05\/matkapottide_komplekt_M-TAC-8-500x500.jpg\" alt=\"ma\u017eas turistini\u0173 puod\u0173 rinkinys stovyklaujant\" width=\"500\" height=\"500\" srcset=\"https:\/\/toidupakk.ee\/wp-content\/uploads\/2024\/05\/matkapottide_komplekt_M-TAC-8-500x500.jpg 500w, https:\/\/toidupakk.ee\/wp-content\/uploads\/2024\/05\/matkapottide_komplekt_M-TAC-8-400x400.jpg 400w, https:\/\/toidupakk.ee\/wp-content\/uploads\/2024\/05\/matkapottide_komplekt_M-TAC-8-100x100.jpg 100w, https:\/\/toidupakk.ee\/wp-content\/uploads\/2024\/05\/matkapottide_komplekt_M-TAC-8-300x300.jpg 300w, https:\/\/toidupakk.ee\/wp-content\/uploads\/2024\/05\/matkapottide_komplekt_M-TAC-8-768x768.jpg 768w, https:\/\/toidupakk.ee\/wp-content\/uploads\/2024\/05\/matkapottide_komplekt_M-TAC-8.jpg 800w\" sizes=\"(max-width: 500px) 100vw, 500px\" \/><\/p>\n<p>Daugiau \u017eygio preki\u0173 rasi <a href=\"https:\/\/toidupakk.ee\/lt\/tootekategooria\/zygio-iranga\/#section-3-79\">\u010cIA<\/a><\/p>\n<p>Pasisemk \u012fkv\u0117pimo kitiems nuotykiams Toidupakk <a href=\"https:\/\/www.instagram.com\/toidupakk\/\">Instagram<\/a> ir <a href=\"https:\/\/www.facebook.com\/Toidupakk\/\">Facebook<\/a> paskyrose.<\/p>\n","protected":false},"excerpt":{"rendered":"<p><strong>Ma\u017eas ir kompakti\u0161kas turistini\u0173 puod\u0173 rinkinys \u2013 patogu pasiimti \u012f bet kok\u012f nuotyk\u012f gamtoje<\/strong><\/p>\n<ul>\n<li>Susideda i\u0161 dviej\u0173 0,5 ir 0,9 litro talpos puod\u0173<\/li>\n<li>Ma\u017eesn\u012f puod\u0105 (o kod\u0117l gi ne ir didesn\u012f) galima naudoti kaip kito puodo dangt\u012f, kad \u0161iluma nei\u0161garuot\u0173 ir maistas b\u016bt\u0173 paruo\u0161tas grei\u010diau<\/li>\n<li>Ma\u017eesnis puodas taip pat skirtas naudoti kaip duben\u0117lis<\/li>\n<li>Puodai turi sulankstomas ranken\u0117les, kad rinkinys patogiai tilpt\u0173 \u012f krep\u0161\u012f<\/li>\n<li>Patogesniam naudojimui ranken\u0117l\u0117s padengtos kar\u0161\u010diui atsparia med\u017eiaga<\/li>\n<li>Pagaminta i\u0161 patvaraus anoduoto aliuminio, u\u017etikrinan\u010dio ilg\u0105 naudojim\u0105<\/li>\n<li>Puod\u0173 matmenys: didesnis 125 x 102 mm, ma\u017eesnis 120 x 60 mm<\/li>\n<li>Prie puod\u0173 pridedamas tinklinis krep\u0161elis, kuris apsaugo juos ir leid\u017eia pakabinti, pavyzd\u017eiui, ant kuprin\u0117s<\/li>\n<li>Bendras svoris \u2013 195 gramai<\/li>\n<\/ul>\n<p>\u2705 Turime sand\u0117lyje, greitas pristatymas per 1\u20133 d. d.<br \/>\n\u2705 Pirk dabar, mok\u0117k v\u0117liau (pal\u016bkanos 0 %)<\/p>\n","protected":false},"featured_media":23244,"comment_status":"open","ping_status":"closed","template":"","meta":{"_acf_changed":false},"product_brand":[],"product_cat":[197,189,190],"product_tag":[],"class_list":{"0":"post-46639","1":"product","2":"type-product","3":"status-publish","4":"has-post-thumbnail","6":"product_cat-stalo-irankiai","7":"product_cat-zygio-iranga","8":"product_cat-zygio-prekes","10":"first","11":"onbackorder","12":"taxable","13":"shipping-taxable","14":"purchasable","15":"product-type-simple"},"bundled_by":[],"bundle_stock_status":"onbackorder","bundle_stock_quantity":0,"bundle_virtual":false,"bundle_layout":"","bundle_add_to_cart_form_location":"","bundle_editable_in_cart":false,"bundle_sold_individually_context":"","bundle_item_grouping":"","bundle_min_size":"","bundle_max_size":"","bundle_price":[],"bundled_items":[],"bundle_sell_ids":[],"acf":[],"yoast_head":"<!-- This site is optimized with the Yoast SEO plugin v27.3 - https:\/\/yoast.com\/product\/yoast-seo-wordpress\/ -->\n<title>M-TAC turistini\u0173 puod\u0173 rinkinys<\/title>\n<meta name=\"description\" content=\"Ma\u017eai vietos u\u017eimantis turistini\u0173 puod\u0173 rinkinys. Puod\u0173 talpa \u2013 0,5 ir 0,9 litro. Ma\u017eesn\u012f puod\u0105 galima naudoti ir kaip duben\u0117l\u012f ar dangt\u012f.\" \/>\n<meta name=\"robots\" content=\"index, follow, max-snippet:-1, max-image-preview:large, max-video-preview:-1\" \/>\n<link rel=\"canonical\" href=\"https:\/\/toidupakk.ee\/lt\/toode\/m-tac-turistiniu-puodu-rinkinys\/\" \/>\n<meta property=\"og:locale\" content=\"lt_LT\" \/>\n<meta property=\"og:type\" content=\"article\" \/>\n<meta property=\"og:title\" content=\"M-TAC turistini\u0173 puod\u0173 rinkinys\" \/>\n<meta property=\"og:description\" content=\"Ma\u017eai vietos u\u017eimantis turistini\u0173 puod\u0173 rinkinys. Puod\u0173 talpa \u2013 0,5 ir 0,9 litro. Ma\u017eesn\u012f puod\u0105 galima naudoti ir kaip duben\u0117l\u012f ar dangt\u012f.\" \/>\n<meta property=\"og:url\" content=\"https:\/\/toidupakk.ee\/lt\/toode\/m-tac-turistiniu-puodu-rinkinys\/\" \/>\n<meta property=\"og:site_name\" content=\"Toidupakk.ee - Tactical Foodpack toidupakid\" \/>\n<meta property=\"article:publisher\" content=\"https:\/\/www.facebook.com\/Toidupakk\" \/>\n<meta property=\"article:modified_time\" content=\"2026-04-14T21:31:03+00:00\" \/>\n<meta property=\"og:image\" content=\"https:\/\/toidupakk.ee\/wp-content\/uploads\/2024\/05\/matkapottide_komplekt_M-TAC-1.png\" \/>\n\t<meta property=\"og:image:width\" content=\"800\" \/>\n\t<meta property=\"og:image:height\" content=\"800\" \/>\n\t<meta property=\"og:image:type\" content=\"image\/png\" \/>\n<meta name=\"twitter:card\" content=\"summary_large_image\" \/>\n<meta name=\"twitter:label1\" content=\"Est. reading time\" \/>\n\t<meta name=\"twitter:data1\" content=\"2 minut\u0117s\" \/>\n<script type=\"application\/ld+json\" class=\"yoast-schema-graph\">{\"@context\":\"https:\\\/\\\/schema.org\",\"@graph\":[{\"@type\":\"WebPage\",\"@id\":\"https:\\\/\\\/toidupakk.ee\\\/lt\\\/toode\\\/m-tac-turistiniu-puodu-rinkinys\\\/\",\"url\":\"https:\\\/\\\/toidupakk.ee\\\/lt\\\/toode\\\/m-tac-turistiniu-puodu-rinkinys\\\/\",\"name\":\"M-TAC turistini\u0173 puod\u0173 rinkinys\",\"isPartOf\":{\"@id\":\"https:\\\/\\\/toidupakk.ee\\\/lt\\\/#website\"},\"primaryImageOfPage\":{\"@id\":\"https:\\\/\\\/toidupakk.ee\\\/lt\\\/toode\\\/m-tac-turistiniu-puodu-rinkinys\\\/#primaryimage\"},\"image\":{\"@id\":\"https:\\\/\\\/toidupakk.ee\\\/lt\\\/toode\\\/m-tac-turistiniu-puodu-rinkinys\\\/#primaryimage\"},\"thumbnailUrl\":\"https:\\\/\\\/toidupakk.ee\\\/wp-content\\\/uploads\\\/2024\\\/05\\\/matkapottide_komplekt_M-TAC-1.png\",\"datePublished\":\"2024-05-27T12:39:58+00:00\",\"dateModified\":\"2026-04-14T21:31:03+00:00\",\"description\":\"Ma\u017eai vietos u\u017eimantis turistini\u0173 puod\u0173 rinkinys. Puod\u0173 talpa \u2013 0,5 ir 0,9 litro. Ma\u017eesn\u012f puod\u0105 galima naudoti ir kaip duben\u0117l\u012f ar dangt\u012f.\",\"breadcrumb\":{\"@id\":\"https:\\\/\\\/toidupakk.ee\\\/lt\\\/toode\\\/m-tac-turistiniu-puodu-rinkinys\\\/#breadcrumb\"},\"inLanguage\":\"lt-LT\",\"potentialAction\":[{\"@type\":\"ReadAction\",\"target\":[\"https:\\\/\\\/toidupakk.ee\\\/lt\\\/toode\\\/m-tac-turistiniu-puodu-rinkinys\\\/\"]}]},{\"@type\":\"ImageObject\",\"inLanguage\":\"lt-LT\",\"@id\":\"https:\\\/\\\/toidupakk.ee\\\/lt\\\/toode\\\/m-tac-turistiniu-puodu-rinkinys\\\/#primaryimage\",\"url\":\"https:\\\/\\\/toidupakk.ee\\\/wp-content\\\/uploads\\\/2024\\\/05\\\/matkapottide_komplekt_M-TAC-1.png\",\"contentUrl\":\"https:\\\/\\\/toidupakk.ee\\\/wp-content\\\/uploads\\\/2024\\\/05\\\/matkapottide_komplekt_M-TAC-1.png\",\"width\":800,\"height\":800,\"caption\":\"kaasaskantav matkapottide komplekt\"},{\"@type\":\"BreadcrumbList\",\"@id\":\"https:\\\/\\\/toidupakk.ee\\\/lt\\\/toode\\\/m-tac-turistiniu-puodu-rinkinys\\\/#breadcrumb\",\"itemListElement\":[{\"@type\":\"ListItem\",\"position\":1,\"name\":\"Avaleht\",\"item\":\"https:\\\/\\\/toidupakk.ee\\\/lt\\\/\"},{\"@type\":\"ListItem\",\"position\":2,\"name\":\"El. parduotuv\u0117\",\"item\":\"https:\\\/\\\/toidupakk.ee\\\/lt\\\/el-parduotuve\\\/\"},{\"@type\":\"ListItem\",\"position\":3,\"name\":\"M-TAC turistini\u0173 puod\u0173 rinkinys\"}]},{\"@type\":\"WebSite\",\"@id\":\"https:\\\/\\\/toidupakk.ee\\\/lt\\\/#website\",\"url\":\"https:\\\/\\\/toidupakk.ee\\\/lt\\\/\",\"name\":\"Toidupakk.ee - Tactical Foodpack toidupakid\",\"description\":\"Tactical Foodpack k\u00fclmkuivatatud toidupakid ja matkaeined\",\"publisher\":{\"@id\":\"https:\\\/\\\/toidupakk.ee\\\/lt\\\/#organization\"},\"potentialAction\":[{\"@type\":\"SearchAction\",\"target\":{\"@type\":\"EntryPoint\",\"urlTemplate\":\"https:\\\/\\\/toidupakk.ee\\\/lt\\\/?s={search_term_string}\"},\"query-input\":{\"@type\":\"PropertyValueSpecification\",\"valueRequired\":true,\"valueName\":\"search_term_string\"}}],\"inLanguage\":\"lt-LT\"},{\"@type\":\"Organization\",\"@id\":\"https:\\\/\\\/toidupakk.ee\\\/lt\\\/#organization\",\"name\":\"Tactical Foodpack matkaeined\",\"url\":\"https:\\\/\\\/toidupakk.ee\\\/lt\\\/\",\"logo\":{\"@type\":\"ImageObject\",\"inLanguage\":\"lt-LT\",\"@id\":\"https:\\\/\\\/toidupakk.ee\\\/lt\\\/#\\\/schema\\\/logo\\\/image\\\/\",\"url\":\"https:\\\/\\\/toidupakk.ee\\\/wp-content\\\/uploads\\\/2022\\\/01\\\/Toidupakk-matkapood-logo-transparent.png\",\"contentUrl\":\"https:\\\/\\\/toidupakk.ee\\\/wp-content\\\/uploads\\\/2022\\\/01\\\/Toidupakk-matkapood-logo-transparent.png\",\"width\":500,\"height\":500,\"caption\":\"Tactical Foodpack matkaeined\"},\"image\":{\"@id\":\"https:\\\/\\\/toidupakk.ee\\\/lt\\\/#\\\/schema\\\/logo\\\/image\\\/\"},\"sameAs\":[\"https:\\\/\\\/www.facebook.com\\\/Toidupakk\",\"https:\\\/\\\/www.instagram.com\\\/toidupakk\\\/\"]}]}<\/script>\n<!-- \/ Yoast SEO plugin. -->","yoast_head_json":{"title":"M-TAC turistini\u0173 puod\u0173 rinkinys","description":"Ma\u017eai vietos u\u017eimantis turistini\u0173 puod\u0173 rinkinys. Puod\u0173 talpa \u2013 0,5 ir 0,9 litro. Ma\u017eesn\u012f puod\u0105 galima naudoti ir kaip duben\u0117l\u012f ar dangt\u012f.","robots":{"index":"index","follow":"follow","max-snippet":"max-snippet:-1","max-image-preview":"max-image-preview:large","max-video-preview":"max-video-preview:-1"},"canonical":"https:\/\/toidupakk.ee\/lt\/toode\/m-tac-turistiniu-puodu-rinkinys\/","og_locale":"lt_LT","og_type":"article","og_title":"M-TAC turistini\u0173 puod\u0173 rinkinys","og_description":"Ma\u017eai vietos u\u017eimantis turistini\u0173 puod\u0173 rinkinys. Puod\u0173 talpa \u2013 0,5 ir 0,9 litro. Ma\u017eesn\u012f puod\u0105 galima naudoti ir kaip duben\u0117l\u012f ar dangt\u012f.","og_url":"https:\/\/toidupakk.ee\/lt\/toode\/m-tac-turistiniu-puodu-rinkinys\/","og_site_name":"Toidupakk.ee - Tactical Foodpack toidupakid","article_publisher":"https:\/\/www.facebook.com\/Toidupakk","article_modified_time":"2026-04-14T21:31:03+00:00","og_image":[{"width":800,"height":800,"url":"https:\/\/toidupakk.ee\/wp-content\/uploads\/2024\/05\/matkapottide_komplekt_M-TAC-1.png","type":"image\/png"}],"twitter_card":"summary_large_image","twitter_misc":{"Est. reading time":"2 minut\u0117s"},"schema":{"@context":"https:\/\/schema.org","@graph":[{"@type":"WebPage","@id":"https:\/\/toidupakk.ee\/lt\/toode\/m-tac-turistiniu-puodu-rinkinys\/","url":"https:\/\/toidupakk.ee\/lt\/toode\/m-tac-turistiniu-puodu-rinkinys\/","name":"M-TAC turistini\u0173 puod\u0173 rinkinys","isPartOf":{"@id":"https:\/\/toidupakk.ee\/lt\/#website"},"primaryImageOfPage":{"@id":"https:\/\/toidupakk.ee\/lt\/toode\/m-tac-turistiniu-puodu-rinkinys\/#primaryimage"},"image":{"@id":"https:\/\/toidupakk.ee\/lt\/toode\/m-tac-turistiniu-puodu-rinkinys\/#primaryimage"},"thumbnailUrl":"https:\/\/toidupakk.ee\/wp-content\/uploads\/2024\/05\/matkapottide_komplekt_M-TAC-1.png","datePublished":"2024-05-27T12:39:58+00:00","dateModified":"2026-04-14T21:31:03+00:00","description":"Ma\u017eai vietos u\u017eimantis turistini\u0173 puod\u0173 rinkinys. Puod\u0173 talpa \u2013 0,5 ir 0,9 litro. Ma\u017eesn\u012f puod\u0105 galima naudoti ir kaip duben\u0117l\u012f ar dangt\u012f.","breadcrumb":{"@id":"https:\/\/toidupakk.ee\/lt\/toode\/m-tac-turistiniu-puodu-rinkinys\/#breadcrumb"},"inLanguage":"lt-LT","potentialAction":[{"@type":"ReadAction","target":["https:\/\/toidupakk.ee\/lt\/toode\/m-tac-turistiniu-puodu-rinkinys\/"]}]},{"@type":"ImageObject","inLanguage":"lt-LT","@id":"https:\/\/toidupakk.ee\/lt\/toode\/m-tac-turistiniu-puodu-rinkinys\/#primaryimage","url":"https:\/\/toidupakk.ee\/wp-content\/uploads\/2024\/05\/matkapottide_komplekt_M-TAC-1.png","contentUrl":"https:\/\/toidupakk.ee\/wp-content\/uploads\/2024\/05\/matkapottide_komplekt_M-TAC-1.png","width":800,"height":800,"caption":"kaasaskantav matkapottide komplekt"},{"@type":"BreadcrumbList","@id":"https:\/\/toidupakk.ee\/lt\/toode\/m-tac-turistiniu-puodu-rinkinys\/#breadcrumb","itemListElement":[{"@type":"ListItem","position":1,"name":"Avaleht","item":"https:\/\/toidupakk.ee\/lt\/"},{"@type":"ListItem","position":2,"name":"El. parduotuv\u0117","item":"https:\/\/toidupakk.ee\/lt\/el-parduotuve\/"},{"@type":"ListItem","position":3,"name":"M-TAC turistini\u0173 puod\u0173 rinkinys"}]},{"@type":"WebSite","@id":"https:\/\/toidupakk.ee\/lt\/#website","url":"https:\/\/toidupakk.ee\/lt\/","name":"Toidupakk.ee - Tactical Foodpack toidupakid","description":"Tactical Foodpack k\u00fclmkuivatatud toidupakid ja matkaeined","publisher":{"@id":"https:\/\/toidupakk.ee\/lt\/#organization"},"potentialAction":[{"@type":"SearchAction","target":{"@type":"EntryPoint","urlTemplate":"https:\/\/toidupakk.ee\/lt\/?s={search_term_string}"},"query-input":{"@type":"PropertyValueSpecification","valueRequired":true,"valueName":"search_term_string"}}],"inLanguage":"lt-LT"},{"@type":"Organization","@id":"https:\/\/toidupakk.ee\/lt\/#organization","name":"Tactical Foodpack matkaeined","url":"https:\/\/toidupakk.ee\/lt\/","logo":{"@type":"ImageObject","inLanguage":"lt-LT","@id":"https:\/\/toidupakk.ee\/lt\/#\/schema\/logo\/image\/","url":"https:\/\/toidupakk.ee\/wp-content\/uploads\/2022\/01\/Toidupakk-matkapood-logo-transparent.png","contentUrl":"https:\/\/toidupakk.ee\/wp-content\/uploads\/2022\/01\/Toidupakk-matkapood-logo-transparent.png","width":500,"height":500,"caption":"Tactical Foodpack matkaeined"},"image":{"@id":"https:\/\/toidupakk.ee\/lt\/#\/schema\/logo\/image\/"},"sameAs":["https:\/\/www.facebook.com\/Toidupakk","https:\/\/www.instagram.com\/toidupakk\/"]}]}},"jetpack_sharing_enabled":true,"_links":{"self":[{"href":"https:\/\/toidupakk.ee\/lt\/wp-json\/wp\/v2\/product\/46639","targetHints":{"allow":["GET"]}}],"collection":[{"href":"https:\/\/toidupakk.ee\/lt\/wp-json\/wp\/v2\/product"}],"about":[{"href":"https:\/\/toidupakk.ee\/lt\/wp-json\/wp\/v2\/types\/product"}],"replies":[{"embeddable":true,"href":"https:\/\/toidupakk.ee\/lt\/wp-json\/wp\/v2\/comments?post=46639"}],"wp:featuredmedia":[{"embeddable":true,"href":"https:\/\/toidupakk.ee\/lt\/wp-json\/wp\/v2\/media\/23244"}],"wp:attachment":[{"href":"https:\/\/toidupakk.ee\/lt\/wp-json\/wp\/v2\/media?parent=46639"}],"wp:term":[{"taxonomy":"product_brand","embeddable":true,"href":"https:\/\/toidupakk.ee\/lt\/wp-json\/wp\/v2\/product_brand?post=46639"},{"taxonomy":"product_cat","embeddable":true,"href":"https:\/\/toidupakk.ee\/lt\/wp-json\/wp\/v2\/product_cat?post=46639"},{"taxonomy":"product_tag","embeddable":true,"href":"https:\/\/toidupakk.ee\/lt\/wp-json\/wp\/v2\/product_tag?post=46639"}],"curies":[{"name":"wp","href":"https:\/\/api.w.org\/{rel}","templated":true}]}}