{"id":46638,"date":"2024-06-03T17:04:37","date_gmt":"2024-06-03T14:04:37","guid":{"rendered":"https:\/\/toidupakk.ee\/toode\/quickboil-dujine-virykle-turistine-virykle\/"},"modified":"2026-04-15T03:01:36","modified_gmt":"2026-04-15T00:01:36","slug":"quickboil-dujine-virykle-turistine-virykle","status":"publish","type":"product","link":"https:\/\/toidupakk.ee\/lt\/toode\/quickboil-dujine-virykle-turistine-virykle\/","title":{"rendered":"\u201eQuickBoil\u201c dujin\u0117 virykl\u0117 \/ turistin\u0117 virykl\u0117"},"content":{"rendered":"<h1>\u201eQuickBoil\u201c dujin\u0117 virykl\u0117 \/ turistin\u0117 virykl\u0117 \u2013 tavo patikimas palydovas gamtoje<\/h1>\n<h2>Grei\u010diausias b\u016bdas gaminti maist\u0105 gamtoje<\/h2>\n<p>M\u0117gsti \u017eygius, \u017evejyb\u0105, stovyklavim\u0105 ar tiesiog laisvalaik\u012f gamtoje? \u201eQuickBoil\u201c dujin\u0117 virykl\u0117 yra idealus sprendimas tau, ie\u0161kan\u010diam efektyvaus ir greito b\u016bdo gaminti maist\u0105. M\u016bs\u0173 inovatyvi virykl\u0117 u\u017etikrina, kad \u0161iltu maistu gal\u0117si m\u0117gautis grei\u010diau nei bet kada anks\u010diau.  <\/p>\n<p><img fetchpriority=\"high\" decoding=\"async\" class=\"alignnone size-thumbnail wp-image-23479\" src=\"https:\/\/toidupakk.ee\/wp-content\/uploads\/2024\/05\/QuickBoil-gaasipriimus-1-500x500.png\" alt=\"dujin\u0117 virykl\u0117 \/ turistin\u0117 virykl\u0117 \" width=\"500\" height=\"500\" srcset=\"https:\/\/toidupakk.ee\/wp-content\/uploads\/2024\/05\/QuickBoil-gaasipriimus-1-500x500.png 500w, https:\/\/toidupakk.ee\/wp-content\/uploads\/2024\/05\/QuickBoil-gaasipriimus-1-400x400.png 400w, https:\/\/toidupakk.ee\/wp-content\/uploads\/2024\/05\/QuickBoil-gaasipriimus-1-100x100.png 100w, https:\/\/toidupakk.ee\/wp-content\/uploads\/2024\/05\/QuickBoil-gaasipriimus-1-300x300.png 300w, https:\/\/toidupakk.ee\/wp-content\/uploads\/2024\/05\/QuickBoil-gaasipriimus-1-768x768.png 768w, https:\/\/toidupakk.ee\/wp-content\/uploads\/2024\/05\/QuickBoil-gaasipriimus-1.png 800w\" sizes=\"(max-width: 500px) 100vw, 500px\" \/><\/p>\n<h2>Greitas ir efektyvus vandens u\u017evirinimas ar maisto pa\u0161ildymas<\/h2>\n<p>0,5 litro vandens u\u017everda vos per 2 minutes, tod\u0117l \u201eQuickBoil\u201c yra vienas grei\u010diausi\u0173 b\u016bd\u0173 gaminti maist\u0105 gamtoje. Virykl\u0117 veikia radiatoriaus principu, kuris tolygiai paskirsto \u0161ilum\u0105 ir pastebimai sutrumpina gaminimo laik\u0105 bei suma\u017eina duj\u0173 s\u0105naudas. Tai rei\u0161kia, kad m\u0117gstamus patiekalus paruo\u0161i grei\u010diau ir efektyviau, kartu taupydamas dujas.  <\/p>\n<h2><img decoding=\"async\" class=\"alignnone size-thumbnail wp-image-23489\" style=\"font-size: 16px;\" src=\"https:\/\/toidupakk.ee\/wp-content\/uploads\/2024\/05\/QuickBoil-gaasipriimus-12-500x500.png\" alt=\"\" width=\"500\" height=\"500\" srcset=\"https:\/\/toidupakk.ee\/wp-content\/uploads\/2024\/05\/QuickBoil-gaasipriimus-12-500x500.png 500w, https:\/\/toidupakk.ee\/wp-content\/uploads\/2024\/05\/QuickBoil-gaasipriimus-12-400x400.png 400w, https:\/\/toidupakk.ee\/wp-content\/uploads\/2024\/05\/QuickBoil-gaasipriimus-12-100x100.png 100w, https:\/\/toidupakk.ee\/wp-content\/uploads\/2024\/05\/QuickBoil-gaasipriimus-12-300x300.png 300w, https:\/\/toidupakk.ee\/wp-content\/uploads\/2024\/05\/QuickBoil-gaasipriimus-12-768x768.png 768w, https:\/\/toidupakk.ee\/wp-content\/uploads\/2024\/05\/QuickBoil-gaasipriimus-12.png 800w\" sizes=\"(max-width: 500px) 100vw, 500px\" \/><\/h2>\n<h2>\u201eQuickBoil\u201c dujin\u0117 virykl\u0117 yra kompakti\u0161ka ir lengva<\/h2>\n<p>\u0160i dujin\u0117 virykl\u0117 sukurta taip, kad visos dalys kompakti\u0161kai tilpt\u0173 puodo viduje, tod\u0117l j\u0105 transportuoti itin patogu. Virykl\u0117 sveria vos 620 gram\u0173, o jos matmenys sulanks\u010dius yra 133 x 205 mm. I\u0161skleistos virykl\u0117s matmenys \u2013 254 x 265 mm, tad vietos maistui gaminti pakanka, ta\u010diau ji i\u0161lieka kompakti\u0161ka.  <\/p>\n<h2>Galinga ir patvari<\/h2>\n<p>\u201eQuickBoil\u201c dujin\u0117 virykl\u0117 pasi\u017eymi \u012fsp\u016bdinga 2 200 W galia, u\u017etikrinan\u010dia greit\u0105 ir efektyv\u0173 maisto ruo\u0161im\u0105 bet kokiomis s\u0105lygomis. Naudojamos med\u017eiagos \u2013 polikarbonatas (PC), aliuminis ir \u017ealvaris \u2013 parinktos siekiant u\u017etikrinti patvarum\u0105 ir ilgaam\u017ei\u0161kum\u0105. D\u0117l \u0161i\u0173 med\u017eiag\u0173 virykl\u0117 yra saugi ir patikima, nepriklausomai nuo naudojimo s\u0105lyg\u0173.  <\/p>\n<p><img decoding=\"async\" class=\"alignnone size-thumbnail wp-image-23484\" src=\"https:\/\/toidupakk.ee\/wp-content\/uploads\/2024\/05\/QuickBoil-gaasipriimus-6-500x500.png\" alt=\"\" width=\"500\" height=\"500\" srcset=\"https:\/\/toidupakk.ee\/wp-content\/uploads\/2024\/05\/QuickBoil-gaasipriimus-6-500x500.png 500w, https:\/\/toidupakk.ee\/wp-content\/uploads\/2024\/05\/QuickBoil-gaasipriimus-6-400x400.png 400w, https:\/\/toidupakk.ee\/wp-content\/uploads\/2024\/05\/QuickBoil-gaasipriimus-6-100x100.png 100w, https:\/\/toidupakk.ee\/wp-content\/uploads\/2024\/05\/QuickBoil-gaasipriimus-6-300x300.png 300w, https:\/\/toidupakk.ee\/wp-content\/uploads\/2024\/05\/QuickBoil-gaasipriimus-6-768x768.png 768w, https:\/\/toidupakk.ee\/wp-content\/uploads\/2024\/05\/QuickBoil-gaasipriimus-6.png 800w\" sizes=\"(max-width: 500px) 100vw, 500px\" \/><\/p>\n<h2>\u201eQuickBoil\u201c dujin\u0117 virykl\u0117 \u2013 idealus pasirinkimas kiekvienam gamtos myl\u0117tojui<\/h2>\n<p>\u201eQuickBoil\u201c dujin\u0117 virykl\u0117 yra puikus pasirinkimas \u017eygeiviams, \u017evejams, stovyklautojams ir visiems, kurie m\u0117gsta leisti laik\u0105 gamtoje. Su \u0161ia virykle \u0161ilt\u0105 maist\u0105 paruo\u0161i greitai ir paprastai, kad ir kur b\u016btum. Neleisk \u0161al\u010diui ar ilgam gaminimo procesui sugadinti poilsio gamtoje \u2013 rinkis \u201eQuickBoil\u201c ir m\u0117gaukis kiekviena akimirka.  <\/p>\n<p>\u201eQuickBoil\u201c dujin\u0117 virykl\u0117 yra daugiau nei tik maisto gaminimo \u012frankis \u2013 tai patikimas palydovas, padedantis geriausiu b\u016bdu m\u0117gautis gamta. U\u017esisakyk \u0161i\u0105 virykl\u0119 jau \u0161iandien ir pasiruo\u0161k kitam nuotykiui gamtoje! <\/p>\n<p>Per\u017ei\u016br\u0117k daugiau \u017eygi\u0173 reikmen\u0173 <a href=\"https:\/\/toidupakk.ee\/lt\/tootekategooria\/zygio-iranga\/#section-3-79\">\u010cIA<\/a><\/p>\n<p>Pasisemk \u012fkv\u0117pimo kitiems nuotykiams \u201eToidupakk\u201c <a href=\"https:\/\/www.instagram.com\/toidupakk\/\">Instagram<\/a> ir <a href=\"https:\/\/www.facebook.com\/Toidupakk\/\">Facebook<\/a> paskyrose.<\/p>\n","protected":false},"excerpt":{"rendered":"<p><strong>Itin greitas sprendimas vandeniui \u0161ildyti ir maistui gaminti \u017eygyje. \u201eQuickBoil\u201c dujin\u0117 virykl\u0117 prakti\u0161kai iki minimumo suma\u017eina \u0161ilumos energijos s\u0105naudas, tod\u0117l u\u017etikrina itin greit\u0105 kaitinim\u0105. <\/strong><\/p>\n<ul>\n<li>0,5 litro vandens u\u017everda vos per <strong>2 minutes<\/strong><\/li>\n<li>Dujin\u0117 virykl\u0117 paskirsto \u0161ilum\u0105 radiatoriaus principu, o tai <strong>pastebimai sutrumpina gaminimo laik\u0105 ir suma\u017eina duj\u0173 s\u0105naudas<\/strong><\/li>\n<li>\n<div class=\"html-div xe8uvvx xdj266r x11i5rnm xat24cr x1mh8g0r xexx8yu x4uap5 x18d9i69 xkhd6sd x6ikm8r x10wlt62\">\n<div class=\"html-div xe8uvvx xdj266r x11i5rnm xat24cr x1mh8g0r x14ctfv x1okitfd x1k4qllp x6ikm8r x10wlt62 x1y1aw1k xwib8y2 x1ye3gou xn6708d x1n2onr6 x1vjfegm x1mzt3pk x13faqbe x1xr0vuk x1jm4cbz x1lmq8lz xrrpcnn x1xtl47e x13fuv20 xu3j5b3 x1q0q8m5 x26u7qi x19livfd x2t687o x3p3xfz x5od304 x1g8br2z x1gn5b1j x1lcm9me x10y3i5r\" role=\"presentation\">\n<div class=\"html-div xe8uvvx xexx8yu x4uap5 x18d9i69 xkhd6sd x1gslohp x11i5rnm x12nagc x1mh8g0r x1yc453h x126k92a x18lvrbx\" dir=\"auto\">Virykl\u0117 turi <strong>pjezo u\u017edegim\u0105<\/strong> (u\u017edegama mygtuku), kuris leid\u017eia labai greitai ir patogiai u\u017ekurti ugn\u012f.<\/div>\n<\/div>\n<\/div>\n<\/li>\n<li>Reguliuojamas duj\u0173 vo\u017etuvas<\/li>\n<li>Aplink puod\u0105 esanti kar\u0161\u010diui atspari med\u017eiaga <strong>leid\u017eia puod\u0105 liesti rankomis (kar\u0161\u010diui atsparus ir mink\u0161tas neoprenas).<\/strong><\/li>\n<li>Komplekte yra papildomos kojel\u0117s duj\u0173 balionui tvirtinti, kurios suteikia viryklei stabilumo ir neleid\u017eia jai nety\u010dia apvirsti.<\/li>\n<li>Patogus tvirtinimo mechanizmas, saugiai laikantis vis\u0105 komplekt\u0105 kartu kuprin\u0117je.<\/li>\n<li>Sveria <strong>tik 620 gram\u0173<\/strong><\/li>\n<li>Matmenys sulanks\u010dius: <strong>133 x 205 mm<\/strong><\/li>\n<li>Matmenys i\u0161skleidus: <strong>254 x 265 mm<\/strong><\/li>\n<li>Galia: <strong>2 200 W<\/strong><\/li>\n<li>Med\u017eiagos: polikarbonatas (PC), aliuminis, \u017ealvaris<\/li>\n<li>NB! Duj\u0173 balionas \u012f komplekt\u0105 ne\u012feina. Tinkam\u0105 duj\u0173 balion\u0105 su sriegiu gali u\u017esisakyti <strong><a href=\"https:\/\/toidupakk.ee\/toode\/gaasiballoon-matkagaas-230g-keermega\/\">\u010dia<\/a>.<\/strong>  <\/li>\n<\/ul>\n<p>\u2705 Turime sand\u0117lyje, greitas pristatymas per 1\u20133 d. d.<br \/>\n\u2705 Pirk dabar, mok\u0117k v\u0117liau (pal\u016bkanos 0 %)<\/p>\n","protected":false},"featured_media":46641,"comment_status":"open","ping_status":"closed","template":"","meta":{"_acf_changed":false},"product_brand":[],"product_cat":[189,190,209],"product_tag":[],"class_list":{"0":"post-46638","1":"product","2":"type-product","3":"status-publish","4":"has-post-thumbnail","6":"product_cat-zygio-iranga","7":"product_cat-zygio-prekes","8":"product_cat-zygio-virykles","10":"first","11":"instock","12":"sale","13":"taxable","14":"shipping-taxable","15":"purchasable","16":"product-type-simple"},"bundled_by":[],"bundle_stock_status":"instock","bundle_stock_quantity":3,"bundle_virtual":false,"bundle_layout":"","bundle_add_to_cart_form_location":"","bundle_editable_in_cart":false,"bundle_sold_individually_context":"","bundle_item_grouping":"","bundle_min_size":"","bundle_max_size":"","bundle_price":[],"bundled_items":[],"bundle_sell_ids":[],"acf":[],"yoast_head":"<!-- This site is optimized with the Yoast SEO plugin v27.3 - https:\/\/yoast.com\/product\/yoast-seo-wordpress\/ -->\n<title>\u201eQuickBoil\u201c dujin\u0117 virykl\u0117 \/ turistin\u0117 virykl\u0117<\/title>\n<meta name=\"description\" content=\"\u201eQuickBoil\u201c dujin\u0117 virykl\u0117 1 litr\u0105 vandens u\u017evirina per ma\u017edaug 3 minutes. Itin greitas sprendimas, u\u017etikrinantis minimalius \u0161ilumos nuostolius ir ma\u017eas duj\u0173 s\u0105naudas.\" \/>\n<meta name=\"robots\" content=\"index, follow, max-snippet:-1, max-image-preview:large, max-video-preview:-1\" \/>\n<link rel=\"canonical\" href=\"https:\/\/toidupakk.ee\/lt\/toode\/quickboil-dujine-virykle-turistine-virykle\/\" \/>\n<meta property=\"og:locale\" content=\"lt_LT\" \/>\n<meta property=\"og:type\" content=\"article\" \/>\n<meta property=\"og:title\" content=\"\u201eQuickBoil\u201c dujin\u0117 virykl\u0117 \/ turistin\u0117 virykl\u0117\" \/>\n<meta property=\"og:description\" content=\"\u201eQuickBoil\u201c dujin\u0117 virykl\u0117 1 litr\u0105 vandens u\u017evirina per ma\u017edaug 3 minutes. Itin greitas sprendimas, u\u017etikrinantis minimalius \u0161ilumos nuostolius ir ma\u017eas duj\u0173 s\u0105naudas.\" \/>\n<meta property=\"og:url\" content=\"https:\/\/toidupakk.ee\/lt\/toode\/quickboil-dujine-virykle-turistine-virykle\/\" \/>\n<meta property=\"og:site_name\" content=\"Toidupakk.ee - Tactical Foodpack toidupakid\" \/>\n<meta property=\"article:publisher\" content=\"https:\/\/www.facebook.com\/Toidupakk\" \/>\n<meta property=\"article:modified_time\" content=\"2026-04-15T00:01:36+00:00\" \/>\n<meta property=\"og:image\" content=\"https:\/\/toidupakk.ee\/wp-content\/uploads\/2024\/05\/QuickBoil-gaasipriimus-1.png\" \/>\n\t<meta property=\"og:image:width\" content=\"800\" \/>\n\t<meta property=\"og:image:height\" content=\"800\" \/>\n\t<meta property=\"og:image:type\" content=\"image\/png\" \/>\n<meta name=\"twitter:card\" content=\"summary_large_image\" \/>\n<meta name=\"twitter:label1\" content=\"Est. reading time\" \/>\n\t<meta name=\"twitter:data1\" content=\"2 minut\u0117s\" \/>\n<script type=\"application\/ld+json\" class=\"yoast-schema-graph\">{\"@context\":\"https:\\\/\\\/schema.org\",\"@graph\":[{\"@type\":\"WebPage\",\"@id\":\"https:\\\/\\\/toidupakk.ee\\\/lt\\\/toode\\\/quickboil-dujine-virykle-turistine-virykle\\\/\",\"url\":\"https:\\\/\\\/toidupakk.ee\\\/lt\\\/toode\\\/quickboil-dujine-virykle-turistine-virykle\\\/\",\"name\":\"\u201eQuickBoil\u201c dujin\u0117 virykl\u0117 \\\/ turistin\u0117 virykl\u0117\",\"isPartOf\":{\"@id\":\"https:\\\/\\\/toidupakk.ee\\\/lt\\\/#website\"},\"primaryImageOfPage\":{\"@id\":\"https:\\\/\\\/toidupakk.ee\\\/lt\\\/toode\\\/quickboil-dujine-virykle-turistine-virykle\\\/#primaryimage\"},\"image\":{\"@id\":\"https:\\\/\\\/toidupakk.ee\\\/lt\\\/toode\\\/quickboil-dujine-virykle-turistine-virykle\\\/#primaryimage\"},\"thumbnailUrl\":\"https:\\\/\\\/toidupakk.ee\\\/wp-content\\\/uploads\\\/2024\\\/05\\\/QuickBoil-gaasipriimus-1.png\",\"datePublished\":\"2024-06-03T14:04:37+00:00\",\"dateModified\":\"2026-04-15T00:01:36+00:00\",\"description\":\"\u201eQuickBoil\u201c dujin\u0117 virykl\u0117 1 litr\u0105 vandens u\u017evirina per ma\u017edaug 3 minutes. Itin greitas sprendimas, u\u017etikrinantis minimalius \u0161ilumos nuostolius ir ma\u017eas duj\u0173 s\u0105naudas.\",\"breadcrumb\":{\"@id\":\"https:\\\/\\\/toidupakk.ee\\\/lt\\\/toode\\\/quickboil-dujine-virykle-turistine-virykle\\\/#breadcrumb\"},\"inLanguage\":\"lt-LT\",\"potentialAction\":[{\"@type\":\"ReadAction\",\"target\":[\"https:\\\/\\\/toidupakk.ee\\\/lt\\\/toode\\\/quickboil-dujine-virykle-turistine-virykle\\\/\"]}]},{\"@type\":\"ImageObject\",\"inLanguage\":\"lt-LT\",\"@id\":\"https:\\\/\\\/toidupakk.ee\\\/lt\\\/toode\\\/quickboil-dujine-virykle-turistine-virykle\\\/#primaryimage\",\"url\":\"https:\\\/\\\/toidupakk.ee\\\/wp-content\\\/uploads\\\/2024\\\/05\\\/QuickBoil-gaasipriimus-1.png\",\"contentUrl\":\"https:\\\/\\\/toidupakk.ee\\\/wp-content\\\/uploads\\\/2024\\\/05\\\/QuickBoil-gaasipriimus-1.png\",\"width\":800,\"height\":800,\"caption\":\"dujin\u0117 virykl\u0117 \u017eygiui\"},{\"@type\":\"BreadcrumbList\",\"@id\":\"https:\\\/\\\/toidupakk.ee\\\/lt\\\/toode\\\/quickboil-dujine-virykle-turistine-virykle\\\/#breadcrumb\",\"itemListElement\":[{\"@type\":\"ListItem\",\"position\":1,\"name\":\"Avaleht\",\"item\":\"https:\\\/\\\/toidupakk.ee\\\/lt\\\/\"},{\"@type\":\"ListItem\",\"position\":2,\"name\":\"El. parduotuv\u0117\",\"item\":\"https:\\\/\\\/toidupakk.ee\\\/lt\\\/el-parduotuve\\\/\"},{\"@type\":\"ListItem\",\"position\":3,\"name\":\"\u201eQuickBoil\u201c dujin\u0117 virykl\u0117 \\\/ turistin\u0117 virykl\u0117\"}]},{\"@type\":\"WebSite\",\"@id\":\"https:\\\/\\\/toidupakk.ee\\\/lt\\\/#website\",\"url\":\"https:\\\/\\\/toidupakk.ee\\\/lt\\\/\",\"name\":\"Toidupakk.ee - Tactical Foodpack toidupakid\",\"description\":\"Tactical Foodpack k\u00fclmkuivatatud toidupakid ja matkaeined\",\"publisher\":{\"@id\":\"https:\\\/\\\/toidupakk.ee\\\/lt\\\/#organization\"},\"potentialAction\":[{\"@type\":\"SearchAction\",\"target\":{\"@type\":\"EntryPoint\",\"urlTemplate\":\"https:\\\/\\\/toidupakk.ee\\\/lt\\\/?s={search_term_string}\"},\"query-input\":{\"@type\":\"PropertyValueSpecification\",\"valueRequired\":true,\"valueName\":\"search_term_string\"}}],\"inLanguage\":\"lt-LT\"},{\"@type\":\"Organization\",\"@id\":\"https:\\\/\\\/toidupakk.ee\\\/lt\\\/#organization\",\"name\":\"Tactical Foodpack matkaeined\",\"url\":\"https:\\\/\\\/toidupakk.ee\\\/lt\\\/\",\"logo\":{\"@type\":\"ImageObject\",\"inLanguage\":\"lt-LT\",\"@id\":\"https:\\\/\\\/toidupakk.ee\\\/lt\\\/#\\\/schema\\\/logo\\\/image\\\/\",\"url\":\"https:\\\/\\\/toidupakk.ee\\\/wp-content\\\/uploads\\\/2022\\\/01\\\/Toidupakk-matkapood-logo-transparent.png\",\"contentUrl\":\"https:\\\/\\\/toidupakk.ee\\\/wp-content\\\/uploads\\\/2022\\\/01\\\/Toidupakk-matkapood-logo-transparent.png\",\"width\":500,\"height\":500,\"caption\":\"Tactical Foodpack matkaeined\"},\"image\":{\"@id\":\"https:\\\/\\\/toidupakk.ee\\\/lt\\\/#\\\/schema\\\/logo\\\/image\\\/\"},\"sameAs\":[\"https:\\\/\\\/www.facebook.com\\\/Toidupakk\",\"https:\\\/\\\/www.instagram.com\\\/toidupakk\\\/\"]}]}<\/script>\n<!-- \/ Yoast SEO plugin. -->","yoast_head_json":{"title":"\u201eQuickBoil\u201c dujin\u0117 virykl\u0117 \/ turistin\u0117 virykl\u0117","description":"\u201eQuickBoil\u201c dujin\u0117 virykl\u0117 1 litr\u0105 vandens u\u017evirina per ma\u017edaug 3 minutes. Itin greitas sprendimas, u\u017etikrinantis minimalius \u0161ilumos nuostolius ir ma\u017eas duj\u0173 s\u0105naudas.","robots":{"index":"index","follow":"follow","max-snippet":"max-snippet:-1","max-image-preview":"max-image-preview:large","max-video-preview":"max-video-preview:-1"},"canonical":"https:\/\/toidupakk.ee\/lt\/toode\/quickboil-dujine-virykle-turistine-virykle\/","og_locale":"lt_LT","og_type":"article","og_title":"\u201eQuickBoil\u201c dujin\u0117 virykl\u0117 \/ turistin\u0117 virykl\u0117","og_description":"\u201eQuickBoil\u201c dujin\u0117 virykl\u0117 1 litr\u0105 vandens u\u017evirina per ma\u017edaug 3 minutes. Itin greitas sprendimas, u\u017etikrinantis minimalius \u0161ilumos nuostolius ir ma\u017eas duj\u0173 s\u0105naudas.","og_url":"https:\/\/toidupakk.ee\/lt\/toode\/quickboil-dujine-virykle-turistine-virykle\/","og_site_name":"Toidupakk.ee - Tactical Foodpack toidupakid","article_publisher":"https:\/\/www.facebook.com\/Toidupakk","article_modified_time":"2026-04-15T00:01:36+00:00","og_image":[{"width":800,"height":800,"url":"https:\/\/toidupakk.ee\/wp-content\/uploads\/2024\/05\/QuickBoil-gaasipriimus-1.png","type":"image\/png"}],"twitter_card":"summary_large_image","twitter_misc":{"Est. reading time":"2 minut\u0117s"},"schema":{"@context":"https:\/\/schema.org","@graph":[{"@type":"WebPage","@id":"https:\/\/toidupakk.ee\/lt\/toode\/quickboil-dujine-virykle-turistine-virykle\/","url":"https:\/\/toidupakk.ee\/lt\/toode\/quickboil-dujine-virykle-turistine-virykle\/","name":"\u201eQuickBoil\u201c dujin\u0117 virykl\u0117 \/ turistin\u0117 virykl\u0117","isPartOf":{"@id":"https:\/\/toidupakk.ee\/lt\/#website"},"primaryImageOfPage":{"@id":"https:\/\/toidupakk.ee\/lt\/toode\/quickboil-dujine-virykle-turistine-virykle\/#primaryimage"},"image":{"@id":"https:\/\/toidupakk.ee\/lt\/toode\/quickboil-dujine-virykle-turistine-virykle\/#primaryimage"},"thumbnailUrl":"https:\/\/toidupakk.ee\/wp-content\/uploads\/2024\/05\/QuickBoil-gaasipriimus-1.png","datePublished":"2024-06-03T14:04:37+00:00","dateModified":"2026-04-15T00:01:36+00:00","description":"\u201eQuickBoil\u201c dujin\u0117 virykl\u0117 1 litr\u0105 vandens u\u017evirina per ma\u017edaug 3 minutes. Itin greitas sprendimas, u\u017etikrinantis minimalius \u0161ilumos nuostolius ir ma\u017eas duj\u0173 s\u0105naudas.","breadcrumb":{"@id":"https:\/\/toidupakk.ee\/lt\/toode\/quickboil-dujine-virykle-turistine-virykle\/#breadcrumb"},"inLanguage":"lt-LT","potentialAction":[{"@type":"ReadAction","target":["https:\/\/toidupakk.ee\/lt\/toode\/quickboil-dujine-virykle-turistine-virykle\/"]}]},{"@type":"ImageObject","inLanguage":"lt-LT","@id":"https:\/\/toidupakk.ee\/lt\/toode\/quickboil-dujine-virykle-turistine-virykle\/#primaryimage","url":"https:\/\/toidupakk.ee\/wp-content\/uploads\/2024\/05\/QuickBoil-gaasipriimus-1.png","contentUrl":"https:\/\/toidupakk.ee\/wp-content\/uploads\/2024\/05\/QuickBoil-gaasipriimus-1.png","width":800,"height":800,"caption":"dujin\u0117 virykl\u0117 \u017eygiui"},{"@type":"BreadcrumbList","@id":"https:\/\/toidupakk.ee\/lt\/toode\/quickboil-dujine-virykle-turistine-virykle\/#breadcrumb","itemListElement":[{"@type":"ListItem","position":1,"name":"Avaleht","item":"https:\/\/toidupakk.ee\/lt\/"},{"@type":"ListItem","position":2,"name":"El. parduotuv\u0117","item":"https:\/\/toidupakk.ee\/lt\/el-parduotuve\/"},{"@type":"ListItem","position":3,"name":"\u201eQuickBoil\u201c dujin\u0117 virykl\u0117 \/ turistin\u0117 virykl\u0117"}]},{"@type":"WebSite","@id":"https:\/\/toidupakk.ee\/lt\/#website","url":"https:\/\/toidupakk.ee\/lt\/","name":"Toidupakk.ee - Tactical Foodpack toidupakid","description":"Tactical Foodpack k\u00fclmkuivatatud toidupakid ja matkaeined","publisher":{"@id":"https:\/\/toidupakk.ee\/lt\/#organization"},"potentialAction":[{"@type":"SearchAction","target":{"@type":"EntryPoint","urlTemplate":"https:\/\/toidupakk.ee\/lt\/?s={search_term_string}"},"query-input":{"@type":"PropertyValueSpecification","valueRequired":true,"valueName":"search_term_string"}}],"inLanguage":"lt-LT"},{"@type":"Organization","@id":"https:\/\/toidupakk.ee\/lt\/#organization","name":"Tactical Foodpack matkaeined","url":"https:\/\/toidupakk.ee\/lt\/","logo":{"@type":"ImageObject","inLanguage":"lt-LT","@id":"https:\/\/toidupakk.ee\/lt\/#\/schema\/logo\/image\/","url":"https:\/\/toidupakk.ee\/wp-content\/uploads\/2022\/01\/Toidupakk-matkapood-logo-transparent.png","contentUrl":"https:\/\/toidupakk.ee\/wp-content\/uploads\/2022\/01\/Toidupakk-matkapood-logo-transparent.png","width":500,"height":500,"caption":"Tactical Foodpack matkaeined"},"image":{"@id":"https:\/\/toidupakk.ee\/lt\/#\/schema\/logo\/image\/"},"sameAs":["https:\/\/www.facebook.com\/Toidupakk","https:\/\/www.instagram.com\/toidupakk\/"]}]}},"jetpack_sharing_enabled":true,"_links":{"self":[{"href":"https:\/\/toidupakk.ee\/lt\/wp-json\/wp\/v2\/product\/46638","targetHints":{"allow":["GET"]}}],"collection":[{"href":"https:\/\/toidupakk.ee\/lt\/wp-json\/wp\/v2\/product"}],"about":[{"href":"https:\/\/toidupakk.ee\/lt\/wp-json\/wp\/v2\/types\/product"}],"replies":[{"embeddable":true,"href":"https:\/\/toidupakk.ee\/lt\/wp-json\/wp\/v2\/comments?post=46638"}],"wp:featuredmedia":[{"embeddable":true,"href":"https:\/\/toidupakk.ee\/lt\/wp-json\/wp\/v2\/media\/46641"}],"wp:attachment":[{"href":"https:\/\/toidupakk.ee\/lt\/wp-json\/wp\/v2\/media?parent=46638"}],"wp:term":[{"taxonomy":"product_brand","embeddable":true,"href":"https:\/\/toidupakk.ee\/lt\/wp-json\/wp\/v2\/product_brand?post=46638"},{"taxonomy":"product_cat","embeddable":true,"href":"https:\/\/toidupakk.ee\/lt\/wp-json\/wp\/v2\/product_cat?post=46638"},{"taxonomy":"product_tag","embeddable":true,"href":"https:\/\/toidupakk.ee\/lt\/wp-json\/wp\/v2\/product_tag?post=46638"}],"curies":[{"name":"wp","href":"https:\/\/api.w.org\/{rel}","templated":true}]}}