{"id":46630,"date":"2024-05-27T15:25:51","date_gmt":"2024-05-27T12:25:51","guid":{"rendered":"https:\/\/toidupakk.ee\/toode\/terminis-puodelis-m-tac-450-ml\/"},"modified":"2026-04-29T17:01:17","modified_gmt":"2026-04-29T14:01:17","slug":"terminis-puodelis-m-tac-450-ml","status":"publish","type":"product","link":"https:\/\/toidupakk.ee\/lt\/toode\/terminis-puodelis-m-tac-450-ml\/","title":{"rendered":"Terminis puodelis \u201eM-Tac\u201c, 450 ml"},"content":{"rendered":"<h1>Terminis puodelis \u201eM-Tac\u201c, 450 ml \u2013 puikus kompanionas gamtoje ir biure<\/h1>\n<h2>Universalus ir patogus<\/h2>\n<p>Ie\u0161kai puodelio, kuris idealiai tikt\u0173 tiek nuotykiams mi\u0161ke, tiek ant biuro stalo? <strong>Terminis puodelis \u201eM-Tac\u201c, 450 ml<\/strong> sukurtas b\u016btent tau. Jo universalus dizainas puikiai tinka \u017eygeiviams, stovyklautojams, mi\u0161ko tyrin\u0117tojams, taip pat biuro darbuotojams ir vairuotojams. Nesvarbu, ar tavo tikslas \u2013 mi\u0161ko takas, ar biuras, \u0161is terminis puodelis atitiks visus tavo poreikius.   <\/p>\n<h2><img fetchpriority=\"high\" decoding=\"async\" class=\"alignnone size-thumbnail wp-image-23264\" src=\"https:\/\/toidupakk.ee\/wp-content\/uploads\/2024\/05\/Termokruus-M-Tac-450ml-1-500x500.png\" alt=\"terminis puodelis su rankena\" width=\"500\" height=\"500\" srcset=\"https:\/\/toidupakk.ee\/wp-content\/uploads\/2024\/05\/Termokruus-M-Tac-450ml-1-500x500.png 500w, https:\/\/toidupakk.ee\/wp-content\/uploads\/2024\/05\/Termokruus-M-Tac-450ml-1-400x400.png 400w, https:\/\/toidupakk.ee\/wp-content\/uploads\/2024\/05\/Termokruus-M-Tac-450ml-1-100x100.png 100w, https:\/\/toidupakk.ee\/wp-content\/uploads\/2024\/05\/Termokruus-M-Tac-450ml-1-300x300.png 300w, https:\/\/toidupakk.ee\/wp-content\/uploads\/2024\/05\/Termokruus-M-Tac-450ml-1-768x768.png 768w, https:\/\/toidupakk.ee\/wp-content\/uploads\/2024\/05\/Termokruus-M-Tac-450ml-1.png 800w\" sizes=\"(max-width: 500px) 100vw, 500px\" \/><\/h2>\n<h2>Puikus terminis puodelis vairuotojams<\/h2>\n<p><strong>\u201eM-Tac\u201c terminio puodelio<\/strong> dizainas tinka daugumos automobili\u0173 puodeli\u0173 laikikliams, tod\u0117l tai idealus pasirinkimas vairuotojams. Dabar gal\u0117si m\u0117gautis savo m\u0117gstamu g\u0117rimu ir kelyje, nesukant galvos, kur pastatyti puodel\u012f. Be to, \u0161is puodelis yra puikus palydovas ilgose kelion\u0117se, suteikiantis galimyb\u0119 m\u0117gautis kar\u0161ta kava ar arbata net ir ilgiausiuose mar\u0161rutuose.  <\/p>\n<h2>Optimali izoliacija<\/h2>\n<p>Tarp dvigub\u0173 puodelio sieneli\u0173 esantis <strong>vakuumin\u0117s izoliacijos sluoksnis<\/strong> u\u017etikrina, kad tavo g\u0117rimas ilgiau i\u0161likt\u0173 kar\u0161tas. Nesvarbu, ar tai kar\u0161ta kava anksti ryte ruo\u0161iantis \u012f \u017eyg\u012f, ar \u0161ilta arbata v\u0117s\u0173 vakar\u0105 palapin\u0117je \u2013 \u201eM-Tac\u201c terminis puodelis i\u0161laikys g\u0117rimo temperat\u016br\u0105 b\u016btent toki\u0105, kokios nori. Tai rei\u0161kia, kad gal\u0117si m\u0117gautis g\u0117rimu tokio skonio, koks jis ir turi b\u016bti, nesijaudinant, kad jis per greitai atv\u0117s.  <\/p>\n<h2><img decoding=\"async\" class=\"alignnone size-thumbnail wp-image-23265\" src=\"https:\/\/toidupakk.ee\/wp-content\/uploads\/2024\/05\/Termokruus-M-Tac-450ml-2-500x500.png\" alt=\"puodelis \u201em-tac\u201c\" width=\"500\" height=\"500\" srcset=\"https:\/\/toidupakk.ee\/wp-content\/uploads\/2024\/05\/Termokruus-M-Tac-450ml-2-500x500.png 500w, https:\/\/toidupakk.ee\/wp-content\/uploads\/2024\/05\/Termokruus-M-Tac-450ml-2-400x400.png 400w, https:\/\/toidupakk.ee\/wp-content\/uploads\/2024\/05\/Termokruus-M-Tac-450ml-2-100x100.png 100w, https:\/\/toidupakk.ee\/wp-content\/uploads\/2024\/05\/Termokruus-M-Tac-450ml-2-300x300.png 300w, https:\/\/toidupakk.ee\/wp-content\/uploads\/2024\/05\/Termokruus-M-Tac-450ml-2-768x768.png 768w, https:\/\/toidupakk.ee\/wp-content\/uploads\/2024\/05\/Termokruus-M-Tac-450ml-2.png 800w\" sizes=\"(max-width: 500px) 100vw, 500px\" \/><\/h2>\n<h2>Terminis puodelis yra patogus ir prakti\u0161kas<\/h2>\n<p>Ypatingas d\u0117mesys skirtas puodelio naudojimo patogumui:<\/p>\n<ul>\n<li><strong>Itin patogi ir paranki rankena<\/strong> u\u017etikrina tvirt\u0105 su\u0117mim\u0105. Rankena pagaminta i\u0161 plastiko ir turi special\u0173 griovel\u012f nyk\u0161\u010diui, tod\u0117l puodel\u012f laikyti ypa\u010d patogu. <\/li>\n<li><strong>Hermeti\u0161kas dangtelis<\/strong> su integruota anga g\u0117rimui leid\u017eia jud\u0117ti be r\u016bpes\u010di\u0173, nei\u0161laistant g\u0117rimo. Dangtelis sandariai u\u017esidaro, saugiai i\u0161laikydamas g\u0117rim\u0105 puodelio viduje net ir judant. <\/li>\n<li>Puodelio dugnas turi <strong>neslystant\u012f pavir\u0161i\u0173<\/strong>, kuris neleid\u017eia puodeliui slysti bet kokiu pavir\u0161iumi. Tai ypa\u010d naudinga automobilyje, valtyje ar ant nelygaus pavir\u0161iaus. <\/li>\n<\/ul>\n<h2>Techniniai duomenys<\/h2>\n<ul>\n<li><strong>Talpa<\/strong>: 450 ml<\/li>\n<li><strong>Svoris<\/strong>: 220 gram\u0173<\/li>\n<li><strong>Med\u017eiaga<\/strong>: patvarus plienas, u\u017etikrinantis ilg\u0105 puodelio tarnavimo laik\u0105 ir atsparum\u0105.<\/li>\n<li><strong>Ypatyb\u0117s<\/strong>: dvigubos sienel\u0117s, vakuumin\u0117s izoliacijos sluoksnis, hermeti\u0161kas dangtelis, neslystantis dugnas.<\/li>\n<\/ul>\n<p><img decoding=\"async\" class=\"size-thumbnail wp-image-23266\" src=\"https:\/\/toidupakk.ee\/wp-content\/uploads\/2024\/05\/Termokruus-M-Tac-450ml-3-500x500.png\" alt=\"\" width=\"500\" height=\"500\" srcset=\"https:\/\/toidupakk.ee\/wp-content\/uploads\/2024\/05\/Termokruus-M-Tac-450ml-3-500x500.png 500w, https:\/\/toidupakk.ee\/wp-content\/uploads\/2024\/05\/Termokruus-M-Tac-450ml-3-400x400.png 400w, https:\/\/toidupakk.ee\/wp-content\/uploads\/2024\/05\/Termokruus-M-Tac-450ml-3-100x100.png 100w, https:\/\/toidupakk.ee\/wp-content\/uploads\/2024\/05\/Termokruus-M-Tac-450ml-3-300x300.png 300w, https:\/\/toidupakk.ee\/wp-content\/uploads\/2024\/05\/Termokruus-M-Tac-450ml-3-768x768.png 768w, https:\/\/toidupakk.ee\/wp-content\/uploads\/2024\/05\/Termokruus-M-Tac-450ml-3.png 800w\" sizes=\"(max-width: 500px) 100vw, 500px\" \/><\/p>\n<h2>Terminis puodelis \u201eM-Tac\u201c \u2013 tavo patikimas palydovas<\/h2>\n<p><strong>Terminis puodelis \u201eM-Tac\u201c, 450 ml<\/strong> yra idealus palydovas bet kokioje situacijoje. Jis prakti\u0161kas, patogus ir patvarus \u2013 sukurtas tarnauti tau ilgai ir gerai. Nesvarbu, ar tavo kelion\u0117s tikslas mi\u0161kas, biuras ar kelias, \u0161is puodelis u\u017etikrins, kad po ranka visada tur\u0117tum \u0161ilt\u0105 g\u0117rim\u0105. Terminio puodelio dizainas ir savyb\u0117s daro j\u012f idealu pasirinkimu visiems, vertinantiems kokyb\u0119 ir prakti\u0161kum\u0105.   <\/p>\n<p>U\u017esisakyk savo <strong>termin\u012f puodel\u012f \u201eM-Tac\u201c, 450 ml<\/strong> jau \u0161iandien ir m\u0117gaukis kiekvienu nuotykiu su visi\u0161ku komfortu! \u0160is puodelis yra ne tik prakti\u0161kas, bet ir stilingas bei patvarus, tod\u0117l tai puiki investicija \u012f kiekvieno gamtos ir \u017eygi\u0173 m\u0117g\u0117jo \u012frang\u0105. \u012esigyk savo \u201eM-Tac\u201c termin\u012f puodel\u012f ir m\u0117gaukis \u0161iltu g\u0117rimu bet kada ir bet kur.  <\/p>\n<p>Daugiau \u017eygio preki\u0173 rasi <a href=\"https:\/\/toidupakk.ee\/lt\/tootekategooria\/zygio-iranga\/#section-3-79\">\u010cIA<\/a><\/p>\n<p>Pasisemk \u012fkv\u0117pimo kitiems nuotykiams Toidupakk <a href=\"https:\/\/www.instagram.com\/toidupakk\/\">Instagram<\/a> ir <a href=\"https:\/\/www.facebook.com\/Toidupakk\/\">Facebook<\/a> paskyrose.<\/p>\n","protected":false},"excerpt":{"rendered":"<p><strong>Alyvin\u0117s spalvos terminis puodelis, kad gal\u0117tum m\u0117gautis kar\u0161ta rytine kava kuo ilgiau<\/strong><\/p>\n<ul>\n<li>Universalus dizainas, tinkantis tiek mi\u0161kui, tiek biurui<\/li>\n<li>Puikus pasirinkimas vairuotojams, nes puodelis telpa \u012f (daugumos) automobili\u0173 laikiklius<\/li>\n<li>Tarp dvigub\u0173 sieneli\u0173 yra vakuumin\u0117s izoliacijos sluoksnis, padedantis g\u0117rimui ilgiau i\u0161likti kar\u0161tam<\/li>\n<li>Itin patogi ir paranki rankena<\/li>\n<li>Hermeti\u0161kas dangtelis<\/li>\n<li>Neslystantis dugno pavir\u0161ius<\/li>\n<li>Puodelio talpa 450 ml<\/li>\n<li>Svoris 220 gram\u0173<\/li>\n<\/ul>\n<p>\u2705 Turime sand\u0117lyje, greitas pristatymas per 1\u20133 darbo dienas<\/p>\n","protected":false},"featured_media":23264,"comment_status":"open","ping_status":"closed","template":"","meta":{"_acf_changed":false},"product_brand":[],"product_cat":[197,199,189,190],"product_tag":[],"class_list":{"0":"post-46630","1":"product","2":"type-product","3":"status-publish","4":"has-post-thumbnail","6":"product_cat-stalo-irankiai","7":"product_cat-ziemos-prekes","8":"product_cat-zygio-iranga","9":"product_cat-zygio-prekes","11":"first","12":"instock","13":"taxable","14":"shipping-taxable","15":"purchasable","16":"product-type-simple"},"bundled_by":[],"bundle_stock_status":"instock","bundle_stock_quantity":2,"bundle_virtual":false,"bundle_layout":"","bundle_add_to_cart_form_location":"","bundle_editable_in_cart":false,"bundle_sold_individually_context":"","bundle_item_grouping":"","bundle_min_size":"","bundle_max_size":"","bundle_price":[],"bundled_items":[],"bundle_sell_ids":[],"acf":[],"yoast_head":"<!-- This site is optimized with the Yoast SEO plugin v27.3 - https:\/\/yoast.com\/product\/yoast-seo-wordpress\/ -->\n<title>Terminis puodelis \u201eM-Tac\u201c, 450 ml<\/title>\n<meta name=\"description\" content=\"\u201eM-Tac\u201c terminis puodelis turi dvigubas sieneles su vakuumine izoliacija ir hermeti\u0161k\u0105 dangtel\u012f, tod\u0117l tavo g\u0117rimas ilgai i\u0161liks kar\u0161tas. Puodelis telpa \u012f automobilio puodeli\u0173 laikikl\u012f.\" \/>\n<meta name=\"robots\" content=\"index, follow, max-snippet:-1, max-image-preview:large, max-video-preview:-1\" \/>\n<link rel=\"canonical\" href=\"https:\/\/toidupakk.ee\/lt\/toode\/terminis-puodelis-m-tac-450-ml\/\" \/>\n<meta property=\"og:locale\" content=\"lt_LT\" \/>\n<meta property=\"og:type\" content=\"article\" \/>\n<meta property=\"og:title\" content=\"Terminis puodelis \u201eM-Tac\u201c, 450 ml\" \/>\n<meta property=\"og:description\" content=\"\u201eM-Tac\u201c terminis puodelis turi dvigubas sieneles su vakuumine izoliacija ir hermeti\u0161k\u0105 dangtel\u012f, tod\u0117l tavo g\u0117rimas ilgai i\u0161liks kar\u0161tas. Puodelis telpa \u012f automobilio puodeli\u0173 laikikl\u012f.\" \/>\n<meta property=\"og:url\" content=\"https:\/\/toidupakk.ee\/lt\/toode\/terminis-puodelis-m-tac-450-ml\/\" \/>\n<meta property=\"og:site_name\" content=\"Toidupakk.ee - Tactical Foodpack toidupakid\" \/>\n<meta property=\"article:publisher\" content=\"https:\/\/www.facebook.com\/Toidupakk\" \/>\n<meta property=\"article:modified_time\" content=\"2026-04-29T14:01:17+00:00\" \/>\n<meta property=\"og:image\" content=\"https:\/\/toidupakk.ee\/wp-content\/uploads\/2024\/05\/Termokruus-M-Tac-450ml-1.png\" \/>\n\t<meta property=\"og:image:width\" content=\"800\" \/>\n\t<meta property=\"og:image:height\" content=\"800\" \/>\n\t<meta property=\"og:image:type\" content=\"image\/png\" \/>\n<meta name=\"twitter:card\" content=\"summary_large_image\" \/>\n<meta name=\"twitter:label1\" content=\"Est. reading time\" \/>\n\t<meta name=\"twitter:data1\" content=\"2 minut\u0117s\" \/>\n<script type=\"application\/ld+json\" class=\"yoast-schema-graph\">{\"@context\":\"https:\\\/\\\/schema.org\",\"@graph\":[{\"@type\":\"WebPage\",\"@id\":\"https:\\\/\\\/toidupakk.ee\\\/lt\\\/toode\\\/terminis-puodelis-m-tac-450-ml\\\/\",\"url\":\"https:\\\/\\\/toidupakk.ee\\\/lt\\\/toode\\\/terminis-puodelis-m-tac-450-ml\\\/\",\"name\":\"Terminis puodelis \u201eM-Tac\u201c, 450 ml\",\"isPartOf\":{\"@id\":\"https:\\\/\\\/toidupakk.ee\\\/lt\\\/#website\"},\"primaryImageOfPage\":{\"@id\":\"https:\\\/\\\/toidupakk.ee\\\/lt\\\/toode\\\/terminis-puodelis-m-tac-450-ml\\\/#primaryimage\"},\"image\":{\"@id\":\"https:\\\/\\\/toidupakk.ee\\\/lt\\\/toode\\\/terminis-puodelis-m-tac-450-ml\\\/#primaryimage\"},\"thumbnailUrl\":\"https:\\\/\\\/toidupakk.ee\\\/wp-content\\\/uploads\\\/2024\\\/05\\\/Termokruus-M-Tac-450ml-1.png\",\"datePublished\":\"2024-05-27T12:25:51+00:00\",\"dateModified\":\"2026-04-29T14:01:17+00:00\",\"description\":\"\u201eM-Tac\u201c terminis puodelis turi dvigubas sieneles su vakuumine izoliacija ir hermeti\u0161k\u0105 dangtel\u012f, tod\u0117l tavo g\u0117rimas ilgai i\u0161liks kar\u0161tas. Puodelis telpa \u012f automobilio puodeli\u0173 laikikl\u012f.\",\"breadcrumb\":{\"@id\":\"https:\\\/\\\/toidupakk.ee\\\/lt\\\/toode\\\/terminis-puodelis-m-tac-450-ml\\\/#breadcrumb\"},\"inLanguage\":\"lt-LT\",\"potentialAction\":[{\"@type\":\"ReadAction\",\"target\":[\"https:\\\/\\\/toidupakk.ee\\\/lt\\\/toode\\\/terminis-puodelis-m-tac-450-ml\\\/\"]}]},{\"@type\":\"ImageObject\",\"inLanguage\":\"lt-LT\",\"@id\":\"https:\\\/\\\/toidupakk.ee\\\/lt\\\/toode\\\/terminis-puodelis-m-tac-450-ml\\\/#primaryimage\",\"url\":\"https:\\\/\\\/toidupakk.ee\\\/wp-content\\\/uploads\\\/2024\\\/05\\\/Termokruus-M-Tac-450ml-1.png\",\"contentUrl\":\"https:\\\/\\\/toidupakk.ee\\\/wp-content\\\/uploads\\\/2024\\\/05\\\/Termokruus-M-Tac-450ml-1.png\",\"width\":800,\"height\":800,\"caption\":\"termokruus sangaga\"},{\"@type\":\"BreadcrumbList\",\"@id\":\"https:\\\/\\\/toidupakk.ee\\\/lt\\\/toode\\\/terminis-puodelis-m-tac-450-ml\\\/#breadcrumb\",\"itemListElement\":[{\"@type\":\"ListItem\",\"position\":1,\"name\":\"Avaleht\",\"item\":\"https:\\\/\\\/toidupakk.ee\\\/lt\\\/\"},{\"@type\":\"ListItem\",\"position\":2,\"name\":\"El. parduotuv\u0117\",\"item\":\"https:\\\/\\\/toidupakk.ee\\\/lt\\\/el-parduotuve\\\/\"},{\"@type\":\"ListItem\",\"position\":3,\"name\":\"Terminis puodelis \u201eM-Tac\u201c, 450 ml\"}]},{\"@type\":\"WebSite\",\"@id\":\"https:\\\/\\\/toidupakk.ee\\\/lt\\\/#website\",\"url\":\"https:\\\/\\\/toidupakk.ee\\\/lt\\\/\",\"name\":\"Toidupakk.ee - Tactical Foodpack toidupakid\",\"description\":\"Tactical Foodpack k\u00fclmkuivatatud toidupakid ja matkaeined\",\"publisher\":{\"@id\":\"https:\\\/\\\/toidupakk.ee\\\/lt\\\/#organization\"},\"potentialAction\":[{\"@type\":\"SearchAction\",\"target\":{\"@type\":\"EntryPoint\",\"urlTemplate\":\"https:\\\/\\\/toidupakk.ee\\\/lt\\\/?s={search_term_string}\"},\"query-input\":{\"@type\":\"PropertyValueSpecification\",\"valueRequired\":true,\"valueName\":\"search_term_string\"}}],\"inLanguage\":\"lt-LT\"},{\"@type\":\"Organization\",\"@id\":\"https:\\\/\\\/toidupakk.ee\\\/lt\\\/#organization\",\"name\":\"Tactical Foodpack matkaeined\",\"url\":\"https:\\\/\\\/toidupakk.ee\\\/lt\\\/\",\"logo\":{\"@type\":\"ImageObject\",\"inLanguage\":\"lt-LT\",\"@id\":\"https:\\\/\\\/toidupakk.ee\\\/lt\\\/#\\\/schema\\\/logo\\\/image\\\/\",\"url\":\"https:\\\/\\\/toidupakk.ee\\\/wp-content\\\/uploads\\\/2022\\\/01\\\/Toidupakk-matkapood-logo-transparent.png\",\"contentUrl\":\"https:\\\/\\\/toidupakk.ee\\\/wp-content\\\/uploads\\\/2022\\\/01\\\/Toidupakk-matkapood-logo-transparent.png\",\"width\":500,\"height\":500,\"caption\":\"Tactical Foodpack matkaeined\"},\"image\":{\"@id\":\"https:\\\/\\\/toidupakk.ee\\\/lt\\\/#\\\/schema\\\/logo\\\/image\\\/\"},\"sameAs\":[\"https:\\\/\\\/www.facebook.com\\\/Toidupakk\",\"https:\\\/\\\/www.instagram.com\\\/toidupakk\\\/\"]}]}<\/script>\n<!-- \/ Yoast SEO plugin. -->","yoast_head_json":{"title":"Terminis puodelis \u201eM-Tac\u201c, 450 ml","description":"\u201eM-Tac\u201c terminis puodelis turi dvigubas sieneles su vakuumine izoliacija ir hermeti\u0161k\u0105 dangtel\u012f, tod\u0117l tavo g\u0117rimas ilgai i\u0161liks kar\u0161tas. Puodelis telpa \u012f automobilio puodeli\u0173 laikikl\u012f.","robots":{"index":"index","follow":"follow","max-snippet":"max-snippet:-1","max-image-preview":"max-image-preview:large","max-video-preview":"max-video-preview:-1"},"canonical":"https:\/\/toidupakk.ee\/lt\/toode\/terminis-puodelis-m-tac-450-ml\/","og_locale":"lt_LT","og_type":"article","og_title":"Terminis puodelis \u201eM-Tac\u201c, 450 ml","og_description":"\u201eM-Tac\u201c terminis puodelis turi dvigubas sieneles su vakuumine izoliacija ir hermeti\u0161k\u0105 dangtel\u012f, tod\u0117l tavo g\u0117rimas ilgai i\u0161liks kar\u0161tas. Puodelis telpa \u012f automobilio puodeli\u0173 laikikl\u012f.","og_url":"https:\/\/toidupakk.ee\/lt\/toode\/terminis-puodelis-m-tac-450-ml\/","og_site_name":"Toidupakk.ee - Tactical Foodpack toidupakid","article_publisher":"https:\/\/www.facebook.com\/Toidupakk","article_modified_time":"2026-04-29T14:01:17+00:00","og_image":[{"width":800,"height":800,"url":"https:\/\/toidupakk.ee\/wp-content\/uploads\/2024\/05\/Termokruus-M-Tac-450ml-1.png","type":"image\/png"}],"twitter_card":"summary_large_image","twitter_misc":{"Est. reading time":"2 minut\u0117s"},"schema":{"@context":"https:\/\/schema.org","@graph":[{"@type":"WebPage","@id":"https:\/\/toidupakk.ee\/lt\/toode\/terminis-puodelis-m-tac-450-ml\/","url":"https:\/\/toidupakk.ee\/lt\/toode\/terminis-puodelis-m-tac-450-ml\/","name":"Terminis puodelis \u201eM-Tac\u201c, 450 ml","isPartOf":{"@id":"https:\/\/toidupakk.ee\/lt\/#website"},"primaryImageOfPage":{"@id":"https:\/\/toidupakk.ee\/lt\/toode\/terminis-puodelis-m-tac-450-ml\/#primaryimage"},"image":{"@id":"https:\/\/toidupakk.ee\/lt\/toode\/terminis-puodelis-m-tac-450-ml\/#primaryimage"},"thumbnailUrl":"https:\/\/toidupakk.ee\/wp-content\/uploads\/2024\/05\/Termokruus-M-Tac-450ml-1.png","datePublished":"2024-05-27T12:25:51+00:00","dateModified":"2026-04-29T14:01:17+00:00","description":"\u201eM-Tac\u201c terminis puodelis turi dvigubas sieneles su vakuumine izoliacija ir hermeti\u0161k\u0105 dangtel\u012f, tod\u0117l tavo g\u0117rimas ilgai i\u0161liks kar\u0161tas. Puodelis telpa \u012f automobilio puodeli\u0173 laikikl\u012f.","breadcrumb":{"@id":"https:\/\/toidupakk.ee\/lt\/toode\/terminis-puodelis-m-tac-450-ml\/#breadcrumb"},"inLanguage":"lt-LT","potentialAction":[{"@type":"ReadAction","target":["https:\/\/toidupakk.ee\/lt\/toode\/terminis-puodelis-m-tac-450-ml\/"]}]},{"@type":"ImageObject","inLanguage":"lt-LT","@id":"https:\/\/toidupakk.ee\/lt\/toode\/terminis-puodelis-m-tac-450-ml\/#primaryimage","url":"https:\/\/toidupakk.ee\/wp-content\/uploads\/2024\/05\/Termokruus-M-Tac-450ml-1.png","contentUrl":"https:\/\/toidupakk.ee\/wp-content\/uploads\/2024\/05\/Termokruus-M-Tac-450ml-1.png","width":800,"height":800,"caption":"termokruus sangaga"},{"@type":"BreadcrumbList","@id":"https:\/\/toidupakk.ee\/lt\/toode\/terminis-puodelis-m-tac-450-ml\/#breadcrumb","itemListElement":[{"@type":"ListItem","position":1,"name":"Avaleht","item":"https:\/\/toidupakk.ee\/lt\/"},{"@type":"ListItem","position":2,"name":"El. parduotuv\u0117","item":"https:\/\/toidupakk.ee\/lt\/el-parduotuve\/"},{"@type":"ListItem","position":3,"name":"Terminis puodelis \u201eM-Tac\u201c, 450 ml"}]},{"@type":"WebSite","@id":"https:\/\/toidupakk.ee\/lt\/#website","url":"https:\/\/toidupakk.ee\/lt\/","name":"Toidupakk.ee - Tactical Foodpack toidupakid","description":"Tactical Foodpack k\u00fclmkuivatatud toidupakid ja matkaeined","publisher":{"@id":"https:\/\/toidupakk.ee\/lt\/#organization"},"potentialAction":[{"@type":"SearchAction","target":{"@type":"EntryPoint","urlTemplate":"https:\/\/toidupakk.ee\/lt\/?s={search_term_string}"},"query-input":{"@type":"PropertyValueSpecification","valueRequired":true,"valueName":"search_term_string"}}],"inLanguage":"lt-LT"},{"@type":"Organization","@id":"https:\/\/toidupakk.ee\/lt\/#organization","name":"Tactical Foodpack matkaeined","url":"https:\/\/toidupakk.ee\/lt\/","logo":{"@type":"ImageObject","inLanguage":"lt-LT","@id":"https:\/\/toidupakk.ee\/lt\/#\/schema\/logo\/image\/","url":"https:\/\/toidupakk.ee\/wp-content\/uploads\/2022\/01\/Toidupakk-matkapood-logo-transparent.png","contentUrl":"https:\/\/toidupakk.ee\/wp-content\/uploads\/2022\/01\/Toidupakk-matkapood-logo-transparent.png","width":500,"height":500,"caption":"Tactical Foodpack matkaeined"},"image":{"@id":"https:\/\/toidupakk.ee\/lt\/#\/schema\/logo\/image\/"},"sameAs":["https:\/\/www.facebook.com\/Toidupakk","https:\/\/www.instagram.com\/toidupakk\/"]}]}},"jetpack_sharing_enabled":true,"_links":{"self":[{"href":"https:\/\/toidupakk.ee\/lt\/wp-json\/wp\/v2\/product\/46630","targetHints":{"allow":["GET"]}}],"collection":[{"href":"https:\/\/toidupakk.ee\/lt\/wp-json\/wp\/v2\/product"}],"about":[{"href":"https:\/\/toidupakk.ee\/lt\/wp-json\/wp\/v2\/types\/product"}],"replies":[{"embeddable":true,"href":"https:\/\/toidupakk.ee\/lt\/wp-json\/wp\/v2\/comments?post=46630"}],"wp:featuredmedia":[{"embeddable":true,"href":"https:\/\/toidupakk.ee\/lt\/wp-json\/wp\/v2\/media\/23264"}],"wp:attachment":[{"href":"https:\/\/toidupakk.ee\/lt\/wp-json\/wp\/v2\/media?parent=46630"}],"wp:term":[{"taxonomy":"product_brand","embeddable":true,"href":"https:\/\/toidupakk.ee\/lt\/wp-json\/wp\/v2\/product_brand?post=46630"},{"taxonomy":"product_cat","embeddable":true,"href":"https:\/\/toidupakk.ee\/lt\/wp-json\/wp\/v2\/product_cat?post=46630"},{"taxonomy":"product_tag","embeddable":true,"href":"https:\/\/toidupakk.ee\/lt\/wp-json\/wp\/v2\/product_tag?post=46630"}],"curies":[{"name":"wp","href":"https:\/\/api.w.org\/{rel}","templated":true}]}}