{"id":46614,"date":"2024-06-03T16:49:04","date_gmt":"2024-06-03T13:49:04","guid":{"rendered":"https:\/\/toidupakk.ee\/toode\/5-6-asmenu-palapine-dolomiti-grand-canyon\/"},"modified":"2026-04-04T00:00:05","modified_gmt":"2026-04-03T21:00:05","slug":"5-6-asmenu-palapine-dolomiti-grand-canyon","status":"publish","type":"product","link":"https:\/\/toidupakk.ee\/lt\/toode\/5-6-asmenu-palapine-dolomiti-grand-canyon\/","title":{"rendered":"5\u20136 asmen\u0173 palapin\u0117 DOLOMITI GRAND CANYON\u00ae"},"content":{"rendered":"<h1>5\u20136 asmen\u0173 palapin\u0117 Dolomiti Grand Canyon\u00ae \u2013 ideali palapin\u0117 didel\u0117ms \u0161eimoms ir draug\u0173 kompanijoms<\/h1>\n<p>Dolomiti Grand Canyon\u00ae 5\u20136 asmen\u0173 palapin\u0117 sukurta didel\u0117ms \u0161eimoms ir draug\u0173 grup\u0117ms, m\u0117gstan\u010dioms kartu \u017eygiuoti ir nakvoti gamtoje. \u0160ioje palapin\u0117je patogiai telpa 5\u20136 asmenys, suteikiant pakankamai erdv\u0117s kiekvienam. Palapin\u0119 sudaro du vienodo dyd\u017eio miegamieji skyriai, kuri\u0173 kiekviename telpa po 3 \u017emones, paliekant vietos daiktams, bei erdvus prieangis.  <\/p>\n<p><img fetchpriority=\"high\" decoding=\"async\" class=\"alignnone size-thumbnail wp-image-23490\" src=\"https:\/\/toidupakk.ee\/wp-content\/uploads\/2024\/05\/5-6-inimese-telk-DOLOMITI-GRAND-CANYON%C2%AE-1-500x500.png\" alt=\"didel\u0117 ir erdvi 5 asmen\u0173 palapin\u0117\" width=\"500\" height=\"500\"><\/p>\n<h2>I\u0161skirtinai erdvus dizainas ir prakti\u0161kas prieangis<\/h2>\n<p>Dolomiti Grand Canyon\u00ae palapin\u0117s \u0161onin\u0117s sienos yra beveik sta\u010dios, tod\u0117l ji yra i\u0161skirtinai erdvi ir patogi. Be to, palapin\u0117 turi didel\u012f prieang\u012f, kurio auk\u0161tis per vis\u0105 ilg\u012f siekia 2,10 metro, tad jame u\u017eteks vietos susiburti net ir didesnei kompanijai, pavyzd\u017eiui, lyjant lietui. Taip gal\u0117si m\u0117gautis laiku su \u0161eima ir draugais nesijaudindamas d\u0117l vietos tr\u016bkumo.  <\/p>\n<h2>5\u20136 asmen\u0173 palapin\u0117 DOLOMITI GRAND CANYON\u00ae pasi\u017eymi gera ventiliacija ir laidumu \u0161viesai<\/h2>\n<p>I\u0161orinio sluoksnio ventiliacijos langai u\u017etikrina tinkam\u0105 oro cirkuliacij\u0105, palaikydami malon\u0173 mikroklimat\u0105 viduje. Dideli langai praleid\u017eia daug \u0161viesos, tod\u0117l palapin\u0117s vidus tampa \u0161viesus ir erdvus. Langus galima patogiai u\u017edaryti arba atidaryti, pritaikant ap\u0161vietim\u0105 ir ventiliacij\u0105 pagal poreik\u012f.  <\/p>\n<p><img decoding=\"async\" class=\"alignnone size-thumbnail wp-image-23501\" src=\"https:\/\/toidupakk.ee\/wp-content\/uploads\/2024\/05\/5-6-inimese-telk-DOLOMITI-GRAND-CANYON%C2%AE-12-500x500.png\" alt=\"palapin\u0117 dolomiti grand canyon\" width=\"500\" height=\"500\"><\/p>\n<h2>Kokybi\u0161kos med\u017eiagos ir puikus atsparumas vandeniui<\/h2>\n<p>Dolomiti Grand Canyon\u00ae palapin\u0117s i\u0161orinis sluoksnis pagamintas i\u0161 68D 190T poliesterio PU. \u0160i med\u017eiaga yra lengva, tvirta, patvari, atspari v\u0117jui, vandeniui ir greitai d\u017ei\u016bsta. I\u0161orinio sluoksnio atsparumas vandeniui siekia 3000 mm, tod\u0117l palapin\u0117 i\u0161liks sausa net ir lyjant.  <\/p>\n<p>Palapin\u0117s dugnas pagamintas i\u0161 polietileno PU, kuris taip pat yra atsparus vandeniui ir patvarus. Dugno atsparumas vandeniui siekia 4000 mm, o tai neleid\u017eia dr\u0117gmei prasiskverbti \u012f vid\u0173 ir u\u017etikrina sausum\u0105 net ant \u0161lapio pavir\u0161iaus. <\/p>\n<h2>Dolomiti Grand Canyon\u00ae 5\u20136 asmen\u0173 palapin\u0117 pasi\u017eymi tvirta ir stabilia konstrukcija<\/h2>\n<p>Dolomiti Grand Canyon\u00ae palapin\u0117s lankai pagaminti i\u0161 stiklo pluo\u0161to ir dviej\u0173 plienini\u0173 stryp\u0173, u\u017etikrinan\u010di\u0173 tvirt\u0105 ir stabili\u0105 konstrukcij\u0105. Palapin\u0117s smeigtukai pagaminti i\u0161 plieno, tod\u0117l palapin\u0117 tvirtai laikosi net ir v\u0117juotu oru. Palapin\u0117 sveria 22 kg, o jos matmenys supakavus yra \u00d835 x 75 cm, tod\u0117l j\u0105 paprasta transportuoti ir laikyti.  <\/p>\n<p><img decoding=\"async\" class=\"alignnone size-thumbnail wp-image-23497\" src=\"https:\/\/toidupakk.ee\/wp-content\/uploads\/2024\/05\/5-6-inimese-telk-DOLOMITI-GRAND-CANYON%C2%AE-8-500x500.png\" alt=\"\" width=\"500\" height=\"500\"><\/p>\n<p>Pasirink Dolomiti Grand Canyon\u00ae palapin\u0119 kitam savo nuotykiui ir m\u0117gaukis patogia, erdvia bei vandeniui atsparia pastoge, kuri idealiai tinka didel\u0117ms \u0161eimoms ir draug\u0173 kompanijoms.<\/p>\n<p>Daugiau \u017eygio preki\u0173 rasi <a href=\"https:\/\/toidupakk.ee\/lt\/tootekategooria\/zygio-iranga\/#section-3-79\">\u010cIA<\/a><\/p>\n<p>Pasisemk \u012fkv\u0117pimo kitiems nuotykiams Toidupakk <a href=\"https:\/\/www.instagram.com\/toidupakk\/\">Instagram<\/a> ir <a href=\"https:\/\/www.facebook.com\/Toidupakk\/\">Facebook<\/a> paskyrose.<\/p>\n","protected":false},"excerpt":{"rendered":"<p><strong>Erdvi ir talpi palapin\u0117, kurioje tilps visa tavo \u0161eima ar draug\u0173 kompanija<\/strong><\/p>\n<ul>\n<li>Telpa 5\u20136 asmenys<\/li>\n<li>Susideda i\u0161 dviej\u0173 vienodo dyd\u017eio miegam\u0173j\u0173 skyri\u0173, kuriuose telpa po 3 \u017emones ir lieka vietos daiktams<\/li>\n<li>Palapin\u0117s \u0161onin\u0117s sienos yra beveik vertikalios, tod\u0117l palapin\u0117 yra i\u0161skirtinai erdvi<\/li>\n<li>Prieangis per vis\u0105 ilg\u012f yra 2,10 metro auk\u0161\u010dio ir suteikia pakankamai erdv\u0117s susiburti net ir didesnei kompanijai<\/li>\n<li>I\u0161orinio sluoksnio ventiliacijos langai u\u017etikrina tinkam\u0105 oro cirkuliacij\u0105<\/li>\n<li>Dideli langai praleid\u017eia daug \u0161viesos, juos galima patogiai u\u017edaryti arba atidaryti<\/li>\n<li>I\u0161orinio sluoksnio med\u017eiaga: 68D 190T poliesteris PU \u2013 lengva, tvirta, patvari, atspari v\u0117jui, vandeniui ir greitai d\u017ei\u016bstanti<\/li>\n<li>I\u0161orinio sluoksnio atsparumas lietui: 3000 mm<\/li>\n<li>Dugno med\u017eiaga: polietilenas PU \u2013 atsparus vandeniui ir patvarus<\/li>\n<li>Dugno atsparumas dr\u0117gmei: 4000 mm<\/li>\n<li>Vidinis audinys: kv\u0117puojantis poliesteris<\/li>\n<li>Lank\u0173 med\u017eiaga: stiklo pluo\u0161tas + 2 plieniniai strypai<\/li>\n<li>Smeigtuk\u0173 med\u017eiaga: plienas<\/li>\n<li>Svoris: 22 kg<\/li>\n<li>Pastatytos palapin\u0117s matmenis rasi nuotraukoje<\/li>\n<li>Matmenys supakavus: \u00d835 x 75 cm<\/li>\n<\/ul>\n<p>\u2705 Prek\u0117s \u0161iuo metu sand\u0117lyje n\u0117ra<\/p>\n","protected":false},"featured_media":23505,"comment_status":"open","ping_status":"closed","template":"","meta":{"_acf_changed":false},"product_brand":[],"product_cat":[257,189,190],"product_tag":[],"class_list":{"0":"post-46614","1":"product","2":"type-product","3":"status-publish","4":"has-post-thumbnail","6":"product_cat-palapines","7":"product_cat-zygio-iranga","8":"product_cat-zygio-prekes","10":"first","11":"outofstock","12":"sale","13":"taxable","14":"shipping-taxable","15":"purchasable","16":"product-type-simple"},"bundled_by":[],"bundle_stock_status":"outofstock","bundle_stock_quantity":0,"bundle_virtual":false,"bundle_layout":"","bundle_add_to_cart_form_location":"","bundle_editable_in_cart":false,"bundle_sold_individually_context":"","bundle_item_grouping":"","bundle_min_size":"","bundle_max_size":"","bundle_price":[],"bundled_items":[],"bundle_sell_ids":[],"acf":[],"yoast_head":"<!-- This site is optimized with the Yoast SEO plugin v27.1.1 - https:\/\/yoast.com\/product\/yoast-seo-wordpress\/ -->\n<title>5\u20136 asmen\u0173 palapin\u0117 DOLOMITI GRAND CANYON\u00ae<\/title>\n<meta name=\"description\" content=\"5\u20136 asmen\u0173 palapin\u0117 DOLOMITI GRAND CANYON \u2013 tai erdvi palapin\u0117 su dviem miegamaisiais skyriais ir vienu erdviu prieangiu. Visos erdv\u0117s pasi\u017eymi maloniai auk\u0161tomis lubomis.\" \/>\n<meta name=\"robots\" content=\"index, follow, max-snippet:-1, max-image-preview:large, max-video-preview:-1\" \/>\n<link rel=\"canonical\" href=\"https:\/\/toidupakk.ee\/lt\/toode\/5-6-asmenu-palapine-dolomiti-grand-canyon\/\" \/>\n<meta property=\"og:locale\" content=\"lt_LT\" \/>\n<meta property=\"og:type\" content=\"article\" \/>\n<meta property=\"og:title\" content=\"5\u20136 asmen\u0173 palapin\u0117 DOLOMITI GRAND CANYON\u00ae\" \/>\n<meta property=\"og:description\" content=\"5\u20136 asmen\u0173 palapin\u0117 DOLOMITI GRAND CANYON \u2013 tai erdvi palapin\u0117 su dviem miegamaisiais skyriais ir vienu erdviu prieangiu. Visos erdv\u0117s pasi\u017eymi maloniai auk\u0161tomis lubomis.\" \/>\n<meta property=\"og:url\" content=\"https:\/\/toidupakk.ee\/lt\/toode\/5-6-asmenu-palapine-dolomiti-grand-canyon\/\" \/>\n<meta property=\"og:site_name\" content=\"Toidupakk.ee - Tactical Foodpack toidupakid\" \/>\n<meta property=\"article:publisher\" content=\"https:\/\/www.facebook.com\/Toidupakk\" \/>\n<meta property=\"article:modified_time\" content=\"2026-04-03T21:00:05+00:00\" \/>\n<meta property=\"og:image\" content=\"https:\/\/toidupakk.ee\/wp-content\/uploads\/2024\/05\/5-6-inimese-telk-DOLOMITI-GRAND-CANYON\u00ae-17.png\" \/>\n\t<meta property=\"og:image:width\" content=\"800\" \/>\n\t<meta property=\"og:image:height\" content=\"800\" \/>\n\t<meta property=\"og:image:type\" content=\"image\/png\" \/>\n<meta name=\"twitter:card\" content=\"summary_large_image\" \/>\n<meta name=\"twitter:label1\" content=\"Est. reading time\" \/>\n\t<meta name=\"twitter:data1\" content=\"2 minut\u0117s\" \/>\n<script type=\"application\/ld+json\" class=\"yoast-schema-graph\">{\"@context\":\"https:\/\/schema.org\",\"@graph\":[{\"@type\":\"WebPage\",\"@id\":\"https:\/\/toidupakk.ee\/lt\/toode\/5-6-asmenu-palapine-dolomiti-grand-canyon\/\",\"url\":\"https:\/\/toidupakk.ee\/lt\/toode\/5-6-asmenu-palapine-dolomiti-grand-canyon\/\",\"name\":\"5\u20136 asmen\u0173 palapin\u0117 DOLOMITI GRAND CANYON\u00ae\",\"isPartOf\":{\"@id\":\"https:\/\/toidupakk.ee\/lt\/#website\"},\"primaryImageOfPage\":{\"@id\":\"https:\/\/toidupakk.ee\/lt\/toode\/5-6-asmenu-palapine-dolomiti-grand-canyon\/#primaryimage\"},\"image\":{\"@id\":\"https:\/\/toidupakk.ee\/lt\/toode\/5-6-asmenu-palapine-dolomiti-grand-canyon\/#primaryimage\"},\"thumbnailUrl\":\"https:\/\/toidupakk.ee\/wp-content\/uploads\/2024\/05\/5-6-inimese-telk-DOLOMITI-GRAND-CANYON\u00ae-17.png\",\"datePublished\":\"2024-06-03T13:49:04+00:00\",\"dateModified\":\"2026-04-03T21:00:05+00:00\",\"description\":\"5\u20136 asmen\u0173 palapin\u0117 DOLOMITI GRAND CANYON \u2013 tai erdvi palapin\u0117 su dviem miegamaisiais skyriais ir vienu erdviu prieangiu. Visos erdv\u0117s pasi\u017eymi maloniai auk\u0161tomis lubomis.\",\"breadcrumb\":{\"@id\":\"https:\/\/toidupakk.ee\/lt\/toode\/5-6-asmenu-palapine-dolomiti-grand-canyon\/#breadcrumb\"},\"inLanguage\":\"lt-LT\",\"potentialAction\":[{\"@type\":\"ReadAction\",\"target\":[\"https:\/\/toidupakk.ee\/lt\/toode\/5-6-asmenu-palapine-dolomiti-grand-canyon\/\"]}]},{\"@type\":\"ImageObject\",\"inLanguage\":\"lt-LT\",\"@id\":\"https:\/\/toidupakk.ee\/lt\/toode\/5-6-asmenu-palapine-dolomiti-grand-canyon\/#primaryimage\",\"url\":\"https:\/\/toidupakk.ee\/wp-content\/uploads\/2024\/05\/5-6-inimese-telk-DOLOMITI-GRAND-CANYON\u00ae-17.png\",\"contentUrl\":\"https:\/\/toidupakk.ee\/wp-content\/uploads\/2024\/05\/5-6-inimese-telk-DOLOMITI-GRAND-CANYON\u00ae-17.png\",\"width\":800,\"height\":800,\"caption\":\"suur 5-6 inimese telk DOLOMITI GRAND CANYON\"},{\"@type\":\"BreadcrumbList\",\"@id\":\"https:\/\/toidupakk.ee\/lt\/toode\/5-6-asmenu-palapine-dolomiti-grand-canyon\/#breadcrumb\",\"itemListElement\":[{\"@type\":\"ListItem\",\"position\":1,\"name\":\"Avaleht\",\"item\":\"https:\/\/toidupakk.ee\/lt\/\"},{\"@type\":\"ListItem\",\"position\":2,\"name\":\"El. parduotuv\u0117\",\"item\":\"https:\/\/toidupakk.ee\/lt\/el-parduotuve\/\"},{\"@type\":\"ListItem\",\"position\":3,\"name\":\"5\u20136 asmen\u0173 palapin\u0117 DOLOMITI GRAND CANYON\u00ae\"}]},{\"@type\":\"WebSite\",\"@id\":\"https:\/\/toidupakk.ee\/lt\/#website\",\"url\":\"https:\/\/toidupakk.ee\/lt\/\",\"name\":\"Toidupakk.ee - Tactical Foodpack toidupakid\",\"description\":\"Tactical Foodpack k\u00fclmkuivatatud toidupakid ja matkaeined\",\"publisher\":{\"@id\":\"https:\/\/toidupakk.ee\/lt\/#organization\"},\"potentialAction\":[{\"@type\":\"SearchAction\",\"target\":{\"@type\":\"EntryPoint\",\"urlTemplate\":\"https:\/\/toidupakk.ee\/lt\/?s={search_term_string}\"},\"query-input\":{\"@type\":\"PropertyValueSpecification\",\"valueRequired\":true,\"valueName\":\"search_term_string\"}}],\"inLanguage\":\"lt-LT\"},{\"@type\":\"Organization\",\"@id\":\"https:\/\/toidupakk.ee\/lt\/#organization\",\"name\":\"Tactical Foodpack matkaeined\",\"url\":\"https:\/\/toidupakk.ee\/lt\/\",\"logo\":{\"@type\":\"ImageObject\",\"inLanguage\":\"lt-LT\",\"@id\":\"https:\/\/toidupakk.ee\/lt\/#\/schema\/logo\/image\/\",\"url\":\"https:\/\/toidupakk.ee\/wp-content\/uploads\/2022\/01\/Toidupakk-matkapood-logo-transparent.png\",\"contentUrl\":\"https:\/\/toidupakk.ee\/wp-content\/uploads\/2022\/01\/Toidupakk-matkapood-logo-transparent.png\",\"width\":500,\"height\":500,\"caption\":\"Tactical Foodpack matkaeined\"},\"image\":{\"@id\":\"https:\/\/toidupakk.ee\/lt\/#\/schema\/logo\/image\/\"},\"sameAs\":[\"https:\/\/www.facebook.com\/Toidupakk\",\"https:\/\/www.instagram.com\/toidupakk\/\"]}]}<\/script>\n<!-- \/ Yoast SEO plugin. -->","yoast_head_json":{"title":"5\u20136 asmen\u0173 palapin\u0117 DOLOMITI GRAND CANYON\u00ae","description":"5\u20136 asmen\u0173 palapin\u0117 DOLOMITI GRAND CANYON \u2013 tai erdvi palapin\u0117 su dviem miegamaisiais skyriais ir vienu erdviu prieangiu. Visos erdv\u0117s pasi\u017eymi maloniai auk\u0161tomis lubomis.","robots":{"index":"index","follow":"follow","max-snippet":"max-snippet:-1","max-image-preview":"max-image-preview:large","max-video-preview":"max-video-preview:-1"},"canonical":"https:\/\/toidupakk.ee\/lt\/toode\/5-6-asmenu-palapine-dolomiti-grand-canyon\/","og_locale":"lt_LT","og_type":"article","og_title":"5\u20136 asmen\u0173 palapin\u0117 DOLOMITI GRAND CANYON\u00ae","og_description":"5\u20136 asmen\u0173 palapin\u0117 DOLOMITI GRAND CANYON \u2013 tai erdvi palapin\u0117 su dviem miegamaisiais skyriais ir vienu erdviu prieangiu. Visos erdv\u0117s pasi\u017eymi maloniai auk\u0161tomis lubomis.","og_url":"https:\/\/toidupakk.ee\/lt\/toode\/5-6-asmenu-palapine-dolomiti-grand-canyon\/","og_site_name":"Toidupakk.ee - Tactical Foodpack toidupakid","article_publisher":"https:\/\/www.facebook.com\/Toidupakk","article_modified_time":"2026-04-03T21:00:05+00:00","og_image":[{"width":800,"height":800,"url":"https:\/\/toidupakk.ee\/wp-content\/uploads\/2024\/05\/5-6-inimese-telk-DOLOMITI-GRAND-CANYON\u00ae-17.png","type":"image\/png"}],"twitter_card":"summary_large_image","twitter_misc":{"Est. reading time":"2 minut\u0117s"},"schema":{"@context":"https:\/\/schema.org","@graph":[{"@type":"WebPage","@id":"https:\/\/toidupakk.ee\/lt\/toode\/5-6-asmenu-palapine-dolomiti-grand-canyon\/","url":"https:\/\/toidupakk.ee\/lt\/toode\/5-6-asmenu-palapine-dolomiti-grand-canyon\/","name":"5\u20136 asmen\u0173 palapin\u0117 DOLOMITI GRAND CANYON\u00ae","isPartOf":{"@id":"https:\/\/toidupakk.ee\/lt\/#website"},"primaryImageOfPage":{"@id":"https:\/\/toidupakk.ee\/lt\/toode\/5-6-asmenu-palapine-dolomiti-grand-canyon\/#primaryimage"},"image":{"@id":"https:\/\/toidupakk.ee\/lt\/toode\/5-6-asmenu-palapine-dolomiti-grand-canyon\/#primaryimage"},"thumbnailUrl":"https:\/\/toidupakk.ee\/wp-content\/uploads\/2024\/05\/5-6-inimese-telk-DOLOMITI-GRAND-CANYON\u00ae-17.png","datePublished":"2024-06-03T13:49:04+00:00","dateModified":"2026-04-03T21:00:05+00:00","description":"5\u20136 asmen\u0173 palapin\u0117 DOLOMITI GRAND CANYON \u2013 tai erdvi palapin\u0117 su dviem miegamaisiais skyriais ir vienu erdviu prieangiu. Visos erdv\u0117s pasi\u017eymi maloniai auk\u0161tomis lubomis.","breadcrumb":{"@id":"https:\/\/toidupakk.ee\/lt\/toode\/5-6-asmenu-palapine-dolomiti-grand-canyon\/#breadcrumb"},"inLanguage":"lt-LT","potentialAction":[{"@type":"ReadAction","target":["https:\/\/toidupakk.ee\/lt\/toode\/5-6-asmenu-palapine-dolomiti-grand-canyon\/"]}]},{"@type":"ImageObject","inLanguage":"lt-LT","@id":"https:\/\/toidupakk.ee\/lt\/toode\/5-6-asmenu-palapine-dolomiti-grand-canyon\/#primaryimage","url":"https:\/\/toidupakk.ee\/wp-content\/uploads\/2024\/05\/5-6-inimese-telk-DOLOMITI-GRAND-CANYON\u00ae-17.png","contentUrl":"https:\/\/toidupakk.ee\/wp-content\/uploads\/2024\/05\/5-6-inimese-telk-DOLOMITI-GRAND-CANYON\u00ae-17.png","width":800,"height":800,"caption":"suur 5-6 inimese telk DOLOMITI GRAND CANYON"},{"@type":"BreadcrumbList","@id":"https:\/\/toidupakk.ee\/lt\/toode\/5-6-asmenu-palapine-dolomiti-grand-canyon\/#breadcrumb","itemListElement":[{"@type":"ListItem","position":1,"name":"Avaleht","item":"https:\/\/toidupakk.ee\/lt\/"},{"@type":"ListItem","position":2,"name":"El. parduotuv\u0117","item":"https:\/\/toidupakk.ee\/lt\/el-parduotuve\/"},{"@type":"ListItem","position":3,"name":"5\u20136 asmen\u0173 palapin\u0117 DOLOMITI GRAND CANYON\u00ae"}]},{"@type":"WebSite","@id":"https:\/\/toidupakk.ee\/lt\/#website","url":"https:\/\/toidupakk.ee\/lt\/","name":"Toidupakk.ee - Tactical Foodpack toidupakid","description":"Tactical Foodpack k\u00fclmkuivatatud toidupakid ja matkaeined","publisher":{"@id":"https:\/\/toidupakk.ee\/lt\/#organization"},"potentialAction":[{"@type":"SearchAction","target":{"@type":"EntryPoint","urlTemplate":"https:\/\/toidupakk.ee\/lt\/?s={search_term_string}"},"query-input":{"@type":"PropertyValueSpecification","valueRequired":true,"valueName":"search_term_string"}}],"inLanguage":"lt-LT"},{"@type":"Organization","@id":"https:\/\/toidupakk.ee\/lt\/#organization","name":"Tactical Foodpack matkaeined","url":"https:\/\/toidupakk.ee\/lt\/","logo":{"@type":"ImageObject","inLanguage":"lt-LT","@id":"https:\/\/toidupakk.ee\/lt\/#\/schema\/logo\/image\/","url":"https:\/\/toidupakk.ee\/wp-content\/uploads\/2022\/01\/Toidupakk-matkapood-logo-transparent.png","contentUrl":"https:\/\/toidupakk.ee\/wp-content\/uploads\/2022\/01\/Toidupakk-matkapood-logo-transparent.png","width":500,"height":500,"caption":"Tactical Foodpack matkaeined"},"image":{"@id":"https:\/\/toidupakk.ee\/lt\/#\/schema\/logo\/image\/"},"sameAs":["https:\/\/www.facebook.com\/Toidupakk","https:\/\/www.instagram.com\/toidupakk\/"]}]}},"jetpack_sharing_enabled":true,"_links":{"self":[{"href":"https:\/\/toidupakk.ee\/lt\/wp-json\/wp\/v2\/product\/46614","targetHints":{"allow":["GET"]}}],"collection":[{"href":"https:\/\/toidupakk.ee\/lt\/wp-json\/wp\/v2\/product"}],"about":[{"href":"https:\/\/toidupakk.ee\/lt\/wp-json\/wp\/v2\/types\/product"}],"replies":[{"embeddable":true,"href":"https:\/\/toidupakk.ee\/lt\/wp-json\/wp\/v2\/comments?post=46614"}],"wp:featuredmedia":[{"embeddable":true,"href":"https:\/\/toidupakk.ee\/lt\/wp-json\/wp\/v2\/media\/23505"}],"wp:attachment":[{"href":"https:\/\/toidupakk.ee\/lt\/wp-json\/wp\/v2\/media?parent=46614"}],"wp:term":[{"taxonomy":"product_brand","embeddable":true,"href":"https:\/\/toidupakk.ee\/lt\/wp-json\/wp\/v2\/product_brand?post=46614"},{"taxonomy":"product_cat","embeddable":true,"href":"https:\/\/toidupakk.ee\/lt\/wp-json\/wp\/v2\/product_cat?post=46614"},{"taxonomy":"product_tag","embeddable":true,"href":"https:\/\/toidupakk.ee\/lt\/wp-json\/wp\/v2\/product_tag?post=46614"}],"curies":[{"name":"wp","href":"https:\/\/api.w.org\/{rel}","templated":true}]}}