{"id":46523,"date":"2024-04-11T17:59:41","date_gmt":"2024-04-11T14:59:41","guid":{"rendered":"https:\/\/toidupakk.ee\/toode\/universalus-turistinis-saukstas-m-tac\/"},"modified":"2026-04-15T19:30:36","modified_gmt":"2026-04-15T16:30:36","slug":"universalus-turistinis-saukstas-m-tac","status":"publish","type":"product","link":"https:\/\/toidupakk.ee\/lt\/toode\/universalus-turistinis-saukstas-m-tac\/","title":{"rendered":"Universalus turistinis \u0161auk\u0161tas M-TAC"},"content":{"rendered":"<h1>Universalus turistinis \u0161auk\u0161tas M-TAC \u2013 tavo universalus \u012frankis gamtoje<\/h1>\n<p><strong>Turistinis \u0161auk\u0161tas \u201etrys viename\u201c:<\/strong> universalus turistinis \u0161auk\u0161tas M-TAC yra puikus palydovas kiekvienam \u017eygeiviui ir stovyklautojui, si\u016blantis tris svarbias funkcijas viename kompakti\u0161kame dizaine \u2013 \u0161auk\u0161t\u0105, \u0161akut\u0119 ir peil\u012f. Vientisas integruotas dizainas paver\u010dia j\u012f b\u016btinu priedu kiekvienam nuotykiui gamtoje. <\/p>\n<p><strong>Lengvas ir kompakti\u0161kas:<\/strong> pamir\u0161k sunk\u0173 ir grem\u0117zdi\u0161k\u0105 stalo \u012franki\u0173 rinkin\u012f! M-TAC turistinis \u0161auk\u0161tas yra itin lengvas ir kompakti\u0161kas, tod\u0117l tai idealus palydovas kuprin\u0117je ar \u017eygio \u012frangos komplekte. Net nepasteb\u0117si, kad j\u012f turi, bet jis visada bus pasiruo\u0161\u0119s tau pasitarnauti.  <\/p>\n<p><strong>S\u0105ly\u010diui su maistu tinkama med\u017eiaga:<\/strong> pagamintas i\u0161 maistui saugaus plastiko, \u0161is turistinis \u0161auk\u0161tas u\u017etikrina saug\u0173 ir patikim\u0105 naudojim\u0105 bet kokiomis s\u0105lygomis. Atsparumas kar\u0161\u010diui ir nusid\u0117v\u0117jimui suteikia jam patvarumo bei prakti\u0161kumo, nes jis sukurtas atlaikyti net sud\u0117tingiausias s\u0105lygas. <\/p>\n<p><strong>Galima plauti indaplov\u0117je:<\/strong> M-TAC turistin\u012f \u0161auk\u0161t\u0105 lengva pri\u017ei\u016br\u0117ti \u2013 j\u012f galima dr\u0105siai plauti indaplov\u0117je, tod\u0117l jis tampa dar patogesniu palydovu ilgesniuose \u017eygiuose ar stovyklaunant.<\/p>\n<p><strong>Stilingas juodas dizainas:<\/strong> stilingas juodos spalvos dizainas suteikia \u017eygio \u012frangai elegancijos, tod\u0117l kiekvienas valgymas gamtoje tampa tikru malonumu.<\/p>\n<p><img fetchpriority=\"high\" decoding=\"async\" class=\"alignnone wp-image-22032 size-thumbnail\" src=\"https:\/\/toidupakk.ee\/wp-content\/uploads\/2024\/04\/Universaalne-matkalusikas-M-TAC-2-500x500.png\" alt=\"universalus turistinis \u0161auk\u0161tas\" width=\"500\" height=\"500\" srcset=\"https:\/\/toidupakk.ee\/wp-content\/uploads\/2024\/04\/Universaalne-matkalusikas-M-TAC-2-500x500.png 500w, https:\/\/toidupakk.ee\/wp-content\/uploads\/2024\/04\/Universaalne-matkalusikas-M-TAC-2-400x400.png 400w, https:\/\/toidupakk.ee\/wp-content\/uploads\/2024\/04\/Universaalne-matkalusikas-M-TAC-2-100x100.png 100w, https:\/\/toidupakk.ee\/wp-content\/uploads\/2024\/04\/Universaalne-matkalusikas-M-TAC-2-300x300.png 300w, https:\/\/toidupakk.ee\/wp-content\/uploads\/2024\/04\/Universaalne-matkalusikas-M-TAC-2-768x768.png 768w, https:\/\/toidupakk.ee\/wp-content\/uploads\/2024\/04\/Universaalne-matkalusikas-M-TAC-2.png 800w\" sizes=\"(max-width: 500px) 100vw, 500px\" \/><\/p>\n<h2>Universalus turistinis \u0161auk\u0161tas M-TAC \u2013 <strong>techniniai duomenys<\/strong><\/h2>\n<ul>\n<li>Med\u017eiaga: maistui saugus plastikas<\/li>\n<li>Spalva: juoda<\/li>\n<li>Gamintojas: M-TAC<\/li>\n<\/ul>\n<p><strong>Greitas pristatymas:<\/strong> u\u017esisakius pas mus, u\u017etikriname greit\u0105 pristatym\u0105 per 1\u20133 dienas, kad gal\u0117tum kuo grei\u010diau leistis \u012f nuotykius.<\/p>\n<p>Keliauk be apribojim\u0173 ir m\u0117gaukis komfortu bei funkcionalumu, kur\u012f suteikia universalus turistinis \u0161auk\u0161tas M-TAC!<\/p>\n<p>Domina \u017eygi\u0173 maistas? \u017di\u016br\u0117k <a href=\"\/?product_cat=snakk#section-3-79\">\u010cIA<\/a><\/p>\n<p>Pasisemk \u012fkv\u0117pimo kitiems nuotykiams Toidupakk <a href=\"https:\/\/www.instagram.com\/toidupakk\/\">Instagram<\/a> ir <a href=\"https:\/\/www.facebook.com\/Toidupakk\/\">Facebook<\/a> paskyrose.<\/p>\n","protected":false},"excerpt":{"rendered":"<p><strong>Universalus turistinis \u0161auk\u0161tas, apjungiantis 3 funkcijas: \u0161auk\u0161t\u0105, \u0161akut\u0119 ir peil\u012f (3-in-1).<\/strong><\/p>\n<ul>\n<li>Funkcionalus \u012frankis \u017eygeivio arsenalui \u2013 prakti\u0161kai nieko nesveria ir neu\u017eima vietos<\/li>\n<li>Pagamintas i\u0161 maistui saugaus plastiko<\/li>\n<li>Atsparus kar\u0161\u010diui<\/li>\n<li>Nepa\u017eeid\u017eia teflonini\u0173 ind\u0173<\/li>\n<li>Galima plauti indaplov\u0117je<\/li>\n<li>Atsparus nusid\u0117v\u0117jimui<\/li>\n<li>Spalva: juoda<\/li>\n<li>Gamintojas: M-TAC<\/li>\n<\/ul>\n<p>\u2705 Turime sand\u0117lyje, greitas pristatymas per 1\u20133 darbo dienas<\/p>\n","protected":false},"featured_media":22031,"comment_status":"open","ping_status":"closed","template":"","meta":{"_acf_changed":false},"product_brand":[],"product_cat":[197,189,190],"product_tag":[194],"class_list":{"0":"post-46523","1":"product","2":"type-product","3":"status-publish","4":"has-post-thumbnail","6":"product_cat-stalo-irankiai","7":"product_cat-zygio-iranga","8":"product_cat-zygio-prekes","9":"product_tag-no_ads","11":"first","12":"instock","13":"taxable","14":"shipping-taxable","15":"purchasable","16":"product-type-simple"},"bundled_by":[],"bundle_stock_status":"instock","bundle_stock_quantity":47,"bundle_virtual":false,"bundle_layout":"","bundle_add_to_cart_form_location":"","bundle_editable_in_cart":false,"bundle_sold_individually_context":"","bundle_item_grouping":"","bundle_min_size":"","bundle_max_size":"","bundle_price":[],"bundled_items":[],"bundle_sell_ids":[],"acf":[],"yoast_head":"<!-- This site is optimized with the Yoast SEO plugin v27.3 - https:\/\/yoast.com\/product\/yoast-seo-wordpress\/ -->\n<title>Universalus turistinis \u0161auk\u0161tas M-TAC<\/title>\n<meta name=\"description\" content=\"Universalus turistinis \u0161auk\u0161tas, apjungiantis 3 funkcijas: \u0161auk\u0161t\u0105, \u0161akut\u0119 ir peil\u012f (3-in-1). Funkcionalus \u012frankis \u017eygeivio arsenalui.\" \/>\n<meta name=\"robots\" content=\"index, follow, max-snippet:-1, max-image-preview:large, max-video-preview:-1\" \/>\n<link rel=\"canonical\" href=\"https:\/\/toidupakk.ee\/lt\/toode\/universalus-turistinis-saukstas-m-tac\/\" \/>\n<meta property=\"og:locale\" content=\"lt_LT\" \/>\n<meta property=\"og:type\" content=\"article\" \/>\n<meta property=\"og:title\" content=\"Universalus turistinis \u0161auk\u0161tas M-TAC\" \/>\n<meta property=\"og:description\" content=\"Universalus turistinis \u0161auk\u0161tas, apjungiantis 3 funkcijas: \u0161auk\u0161t\u0105, \u0161akut\u0119 ir peil\u012f (3-in-1). Funkcionalus \u012frankis \u017eygeivio arsenalui.\" \/>\n<meta property=\"og:url\" content=\"https:\/\/toidupakk.ee\/lt\/toode\/universalus-turistinis-saukstas-m-tac\/\" \/>\n<meta property=\"og:site_name\" content=\"Toidupakk.ee - Tactical Foodpack toidupakid\" \/>\n<meta property=\"article:publisher\" content=\"https:\/\/www.facebook.com\/Toidupakk\" \/>\n<meta property=\"article:modified_time\" content=\"2026-04-15T16:30:36+00:00\" \/>\n<meta property=\"og:image\" content=\"https:\/\/toidupakk.ee\/wp-content\/uploads\/2024\/04\/Universaalne-matkalusikas-M-TAC-1.png\" \/>\n\t<meta property=\"og:image:width\" content=\"800\" \/>\n\t<meta property=\"og:image:height\" content=\"800\" \/>\n\t<meta property=\"og:image:type\" content=\"image\/png\" \/>\n<meta name=\"twitter:card\" content=\"summary_large_image\" \/>\n<meta name=\"twitter:label1\" content=\"Est. reading time\" \/>\n\t<meta name=\"twitter:data1\" content=\"1 minut\u0117\" \/>\n<script type=\"application\/ld+json\" class=\"yoast-schema-graph\">{\"@context\":\"https:\\\/\\\/schema.org\",\"@graph\":[{\"@type\":\"WebPage\",\"@id\":\"https:\\\/\\\/toidupakk.ee\\\/lt\\\/toode\\\/universalus-turistinis-saukstas-m-tac\\\/\",\"url\":\"https:\\\/\\\/toidupakk.ee\\\/lt\\\/toode\\\/universalus-turistinis-saukstas-m-tac\\\/\",\"name\":\"Universalus turistinis \u0161auk\u0161tas M-TAC\",\"isPartOf\":{\"@id\":\"https:\\\/\\\/toidupakk.ee\\\/lt\\\/#website\"},\"primaryImageOfPage\":{\"@id\":\"https:\\\/\\\/toidupakk.ee\\\/lt\\\/toode\\\/universalus-turistinis-saukstas-m-tac\\\/#primaryimage\"},\"image\":{\"@id\":\"https:\\\/\\\/toidupakk.ee\\\/lt\\\/toode\\\/universalus-turistinis-saukstas-m-tac\\\/#primaryimage\"},\"thumbnailUrl\":\"https:\\\/\\\/toidupakk.ee\\\/wp-content\\\/uploads\\\/2024\\\/04\\\/Universaalne-matkalusikas-M-TAC-1.png\",\"datePublished\":\"2024-04-11T14:59:41+00:00\",\"dateModified\":\"2026-04-15T16:30:36+00:00\",\"description\":\"Universalus turistinis \u0161auk\u0161tas, apjungiantis 3 funkcijas: \u0161auk\u0161t\u0105, \u0161akut\u0119 ir peil\u012f (3-in-1). Funkcionalus \u012frankis \u017eygeivio arsenalui.\",\"breadcrumb\":{\"@id\":\"https:\\\/\\\/toidupakk.ee\\\/lt\\\/toode\\\/universalus-turistinis-saukstas-m-tac\\\/#breadcrumb\"},\"inLanguage\":\"lt-LT\",\"potentialAction\":[{\"@type\":\"ReadAction\",\"target\":[\"https:\\\/\\\/toidupakk.ee\\\/lt\\\/toode\\\/universalus-turistinis-saukstas-m-tac\\\/\"]}]},{\"@type\":\"ImageObject\",\"inLanguage\":\"lt-LT\",\"@id\":\"https:\\\/\\\/toidupakk.ee\\\/lt\\\/toode\\\/universalus-turistinis-saukstas-m-tac\\\/#primaryimage\",\"url\":\"https:\\\/\\\/toidupakk.ee\\\/wp-content\\\/uploads\\\/2024\\\/04\\\/Universaalne-matkalusikas-M-TAC-1.png\",\"contentUrl\":\"https:\\\/\\\/toidupakk.ee\\\/wp-content\\\/uploads\\\/2024\\\/04\\\/Universaalne-matkalusikas-M-TAC-1.png\",\"width\":800,\"height\":800},{\"@type\":\"BreadcrumbList\",\"@id\":\"https:\\\/\\\/toidupakk.ee\\\/lt\\\/toode\\\/universalus-turistinis-saukstas-m-tac\\\/#breadcrumb\",\"itemListElement\":[{\"@type\":\"ListItem\",\"position\":1,\"name\":\"Avaleht\",\"item\":\"https:\\\/\\\/toidupakk.ee\\\/lt\\\/\"},{\"@type\":\"ListItem\",\"position\":2,\"name\":\"El. parduotuv\u0117\",\"item\":\"https:\\\/\\\/toidupakk.ee\\\/lt\\\/el-parduotuve\\\/\"},{\"@type\":\"ListItem\",\"position\":3,\"name\":\"Universalus turistinis \u0161auk\u0161tas M-TAC\"}]},{\"@type\":\"WebSite\",\"@id\":\"https:\\\/\\\/toidupakk.ee\\\/lt\\\/#website\",\"url\":\"https:\\\/\\\/toidupakk.ee\\\/lt\\\/\",\"name\":\"Toidupakk.ee - Tactical Foodpack toidupakid\",\"description\":\"Tactical Foodpack k\u00fclmkuivatatud toidupakid ja matkaeined\",\"publisher\":{\"@id\":\"https:\\\/\\\/toidupakk.ee\\\/lt\\\/#organization\"},\"potentialAction\":[{\"@type\":\"SearchAction\",\"target\":{\"@type\":\"EntryPoint\",\"urlTemplate\":\"https:\\\/\\\/toidupakk.ee\\\/lt\\\/?s={search_term_string}\"},\"query-input\":{\"@type\":\"PropertyValueSpecification\",\"valueRequired\":true,\"valueName\":\"search_term_string\"}}],\"inLanguage\":\"lt-LT\"},{\"@type\":\"Organization\",\"@id\":\"https:\\\/\\\/toidupakk.ee\\\/lt\\\/#organization\",\"name\":\"Tactical Foodpack matkaeined\",\"url\":\"https:\\\/\\\/toidupakk.ee\\\/lt\\\/\",\"logo\":{\"@type\":\"ImageObject\",\"inLanguage\":\"lt-LT\",\"@id\":\"https:\\\/\\\/toidupakk.ee\\\/lt\\\/#\\\/schema\\\/logo\\\/image\\\/\",\"url\":\"https:\\\/\\\/toidupakk.ee\\\/wp-content\\\/uploads\\\/2022\\\/01\\\/Toidupakk-matkapood-logo-transparent.png\",\"contentUrl\":\"https:\\\/\\\/toidupakk.ee\\\/wp-content\\\/uploads\\\/2022\\\/01\\\/Toidupakk-matkapood-logo-transparent.png\",\"width\":500,\"height\":500,\"caption\":\"Tactical Foodpack matkaeined\"},\"image\":{\"@id\":\"https:\\\/\\\/toidupakk.ee\\\/lt\\\/#\\\/schema\\\/logo\\\/image\\\/\"},\"sameAs\":[\"https:\\\/\\\/www.facebook.com\\\/Toidupakk\",\"https:\\\/\\\/www.instagram.com\\\/toidupakk\\\/\"]}]}<\/script>\n<!-- \/ Yoast SEO plugin. -->","yoast_head_json":{"title":"Universalus turistinis \u0161auk\u0161tas M-TAC","description":"Universalus turistinis \u0161auk\u0161tas, apjungiantis 3 funkcijas: \u0161auk\u0161t\u0105, \u0161akut\u0119 ir peil\u012f (3-in-1). Funkcionalus \u012frankis \u017eygeivio arsenalui.","robots":{"index":"index","follow":"follow","max-snippet":"max-snippet:-1","max-image-preview":"max-image-preview:large","max-video-preview":"max-video-preview:-1"},"canonical":"https:\/\/toidupakk.ee\/lt\/toode\/universalus-turistinis-saukstas-m-tac\/","og_locale":"lt_LT","og_type":"article","og_title":"Universalus turistinis \u0161auk\u0161tas M-TAC","og_description":"Universalus turistinis \u0161auk\u0161tas, apjungiantis 3 funkcijas: \u0161auk\u0161t\u0105, \u0161akut\u0119 ir peil\u012f (3-in-1). Funkcionalus \u012frankis \u017eygeivio arsenalui.","og_url":"https:\/\/toidupakk.ee\/lt\/toode\/universalus-turistinis-saukstas-m-tac\/","og_site_name":"Toidupakk.ee - Tactical Foodpack toidupakid","article_publisher":"https:\/\/www.facebook.com\/Toidupakk","article_modified_time":"2026-04-15T16:30:36+00:00","og_image":[{"width":800,"height":800,"url":"https:\/\/toidupakk.ee\/wp-content\/uploads\/2024\/04\/Universaalne-matkalusikas-M-TAC-1.png","type":"image\/png"}],"twitter_card":"summary_large_image","twitter_misc":{"Est. reading time":"1 minut\u0117"},"schema":{"@context":"https:\/\/schema.org","@graph":[{"@type":"WebPage","@id":"https:\/\/toidupakk.ee\/lt\/toode\/universalus-turistinis-saukstas-m-tac\/","url":"https:\/\/toidupakk.ee\/lt\/toode\/universalus-turistinis-saukstas-m-tac\/","name":"Universalus turistinis \u0161auk\u0161tas M-TAC","isPartOf":{"@id":"https:\/\/toidupakk.ee\/lt\/#website"},"primaryImageOfPage":{"@id":"https:\/\/toidupakk.ee\/lt\/toode\/universalus-turistinis-saukstas-m-tac\/#primaryimage"},"image":{"@id":"https:\/\/toidupakk.ee\/lt\/toode\/universalus-turistinis-saukstas-m-tac\/#primaryimage"},"thumbnailUrl":"https:\/\/toidupakk.ee\/wp-content\/uploads\/2024\/04\/Universaalne-matkalusikas-M-TAC-1.png","datePublished":"2024-04-11T14:59:41+00:00","dateModified":"2026-04-15T16:30:36+00:00","description":"Universalus turistinis \u0161auk\u0161tas, apjungiantis 3 funkcijas: \u0161auk\u0161t\u0105, \u0161akut\u0119 ir peil\u012f (3-in-1). Funkcionalus \u012frankis \u017eygeivio arsenalui.","breadcrumb":{"@id":"https:\/\/toidupakk.ee\/lt\/toode\/universalus-turistinis-saukstas-m-tac\/#breadcrumb"},"inLanguage":"lt-LT","potentialAction":[{"@type":"ReadAction","target":["https:\/\/toidupakk.ee\/lt\/toode\/universalus-turistinis-saukstas-m-tac\/"]}]},{"@type":"ImageObject","inLanguage":"lt-LT","@id":"https:\/\/toidupakk.ee\/lt\/toode\/universalus-turistinis-saukstas-m-tac\/#primaryimage","url":"https:\/\/toidupakk.ee\/wp-content\/uploads\/2024\/04\/Universaalne-matkalusikas-M-TAC-1.png","contentUrl":"https:\/\/toidupakk.ee\/wp-content\/uploads\/2024\/04\/Universaalne-matkalusikas-M-TAC-1.png","width":800,"height":800},{"@type":"BreadcrumbList","@id":"https:\/\/toidupakk.ee\/lt\/toode\/universalus-turistinis-saukstas-m-tac\/#breadcrumb","itemListElement":[{"@type":"ListItem","position":1,"name":"Avaleht","item":"https:\/\/toidupakk.ee\/lt\/"},{"@type":"ListItem","position":2,"name":"El. parduotuv\u0117","item":"https:\/\/toidupakk.ee\/lt\/el-parduotuve\/"},{"@type":"ListItem","position":3,"name":"Universalus turistinis \u0161auk\u0161tas M-TAC"}]},{"@type":"WebSite","@id":"https:\/\/toidupakk.ee\/lt\/#website","url":"https:\/\/toidupakk.ee\/lt\/","name":"Toidupakk.ee - Tactical Foodpack toidupakid","description":"Tactical Foodpack k\u00fclmkuivatatud toidupakid ja matkaeined","publisher":{"@id":"https:\/\/toidupakk.ee\/lt\/#organization"},"potentialAction":[{"@type":"SearchAction","target":{"@type":"EntryPoint","urlTemplate":"https:\/\/toidupakk.ee\/lt\/?s={search_term_string}"},"query-input":{"@type":"PropertyValueSpecification","valueRequired":true,"valueName":"search_term_string"}}],"inLanguage":"lt-LT"},{"@type":"Organization","@id":"https:\/\/toidupakk.ee\/lt\/#organization","name":"Tactical Foodpack matkaeined","url":"https:\/\/toidupakk.ee\/lt\/","logo":{"@type":"ImageObject","inLanguage":"lt-LT","@id":"https:\/\/toidupakk.ee\/lt\/#\/schema\/logo\/image\/","url":"https:\/\/toidupakk.ee\/wp-content\/uploads\/2022\/01\/Toidupakk-matkapood-logo-transparent.png","contentUrl":"https:\/\/toidupakk.ee\/wp-content\/uploads\/2022\/01\/Toidupakk-matkapood-logo-transparent.png","width":500,"height":500,"caption":"Tactical Foodpack matkaeined"},"image":{"@id":"https:\/\/toidupakk.ee\/lt\/#\/schema\/logo\/image\/"},"sameAs":["https:\/\/www.facebook.com\/Toidupakk","https:\/\/www.instagram.com\/toidupakk\/"]}]}},"jetpack_sharing_enabled":true,"_links":{"self":[{"href":"https:\/\/toidupakk.ee\/lt\/wp-json\/wp\/v2\/product\/46523","targetHints":{"allow":["GET"]}}],"collection":[{"href":"https:\/\/toidupakk.ee\/lt\/wp-json\/wp\/v2\/product"}],"about":[{"href":"https:\/\/toidupakk.ee\/lt\/wp-json\/wp\/v2\/types\/product"}],"replies":[{"embeddable":true,"href":"https:\/\/toidupakk.ee\/lt\/wp-json\/wp\/v2\/comments?post=46523"}],"wp:featuredmedia":[{"embeddable":true,"href":"https:\/\/toidupakk.ee\/lt\/wp-json\/wp\/v2\/media\/22031"}],"wp:attachment":[{"href":"https:\/\/toidupakk.ee\/lt\/wp-json\/wp\/v2\/media?parent=46523"}],"wp:term":[{"taxonomy":"product_brand","embeddable":true,"href":"https:\/\/toidupakk.ee\/lt\/wp-json\/wp\/v2\/product_brand?post=46523"},{"taxonomy":"product_cat","embeddable":true,"href":"https:\/\/toidupakk.ee\/lt\/wp-json\/wp\/v2\/product_cat?post=46523"},{"taxonomy":"product_tag","embeddable":true,"href":"https:\/\/toidupakk.ee\/lt\/wp-json\/wp\/v2\/product_tag?post=46523"}],"curies":[{"name":"wp","href":"https:\/\/api.w.org\/{rel}","templated":true}]}}