{"id":46502,"date":"2024-04-10T16:27:54","date_gmt":"2024-04-10T13:27:54","guid":{"rendered":"https:\/\/toidupakk.ee\/toode\/kojines-coolmax\/"},"modified":"2026-04-29T15:32:06","modified_gmt":"2026-04-29T12:32:06","slug":"kojines-coolmax","status":"publish","type":"product","link":"https:\/\/toidupakk.ee\/lt\/toode\/kojines-coolmax\/","title":{"rendered":"Kojin\u0117s Coolmax\u00ae"},"content":{"rendered":"<p><img fetchpriority=\"high\" decoding=\"async\" class=\"wp-image-34852 size-thumbnail alignright\" src=\"https:\/\/toidupakk.ee\/wp-content\/uploads\/2024\/04\/2-500x500.jpg\" alt=\"\" width=\"500\" height=\"500\" srcset=\"https:\/\/toidupakk.ee\/wp-content\/uploads\/2024\/04\/2-500x500.jpg 500w, https:\/\/toidupakk.ee\/wp-content\/uploads\/2024\/04\/2-300x300.jpg 300w, https:\/\/toidupakk.ee\/wp-content\/uploads\/2024\/04\/2-768x768.jpg 768w, https:\/\/toidupakk.ee\/wp-content\/uploads\/2024\/04\/2-400x400.jpg 400w, https:\/\/toidupakk.ee\/wp-content\/uploads\/2024\/04\/2-100x100.jpg 100w, https:\/\/toidupakk.ee\/wp-content\/uploads\/2024\/04\/2.jpg 800w\" sizes=\"(max-width: 500px) 100vw, 500px\" \/><\/p>\n<p><strong>Kojin\u0117s Coolmax\u00ae \u2013 sausos kojos yra malonios dienos pagrindas<\/strong><\/p>\n<p>Esi nuotyki\u0173 ie\u0161kotojas i\u0161 \u0161irdies, dirbi lauke ar tiesiog m\u0117gsti kasdien\u012f komfort\u0105? M\u016bs\u0173 kojin\u0117s Coolmax\u00ae yra b\u016btent tai, ko ie\u0161kai! Jos yra idealios palydov\u0117s \u017eygiuose, dirbant lauke ar tiesiog tvarkantis namuose.  <\/p>\n<p>Kod\u0117l verta rinktis kojines Coolmax\u00ae? Pirma, Coolmax\u00ae med\u017eiaga yra tikra inovacija \u2013 jos hidrofobin\u0117s savyb\u0117s rei\u0161kia, kad kojin\u0117s negeria dr\u0117gm\u0117s, bet tuo pa\u010diu leid\u017eia prakaitui i\u0161garuoti. Tai rei\u0161kia, kad tavo kojos i\u0161liks sausos ir jausis patogiai bet kokioje situacijoje. Be to, Coolmax med\u017eiaga padeda pa\u0161alinti dr\u0117gm\u0119 nuo odos pavir\u0161iaus, suteikdama v\u0117sos ir gaivos poj\u016bt\u012f.   <\/p>\n<p><img decoding=\"async\" class=\"alignnone size-full wp-image-22005\" src=\"https:\/\/toidupakk.ee\/wp-content\/uploads\/2024\/04\/Sokid-Coolmax-400-x-100-px-200-x-50-px.png\" alt=\"Coolmax technologija\" width=\"200\" height=\"50\"><\/p>\n<p>Nepamir\u0161ome ir patvarumo. Nailonas suteikia \u0161ioms kojin\u0117ms tvirtumo, u\u017etikrinan\u010dio ilgalaik\u012f naudojim\u0105. Elastanas prideda mink\u0161tumo ir \u0161velnumo, suteikdamas tavo kojoms visi\u0161k\u0105 komfort\u0105. M\u016bs\u0173 kojin\u0117s pagamintos i\u0161 kruop\u0161\u010diai parinkt\u0173 med\u017eiag\u0173: 75 % Coolmax\u00ae, 17 % nailono, 8 % elastano.   <\/p>\n<p>Be to, Coolmax yra \u201eThe Lycra Company\u201c sukurtas prek\u0117s \u017eenklas, \u017eadantis \u201edr\u0117gm\u0119 sugerian\u010di\u0105\u201c ir \u201ekv\u0117puojan\u010di\u0105\u201c kokyb\u0119. Kadangi Coolmax yra poliesteris, jis sugeria ma\u017eai skys\u010di\u0173 ir greitai d\u017ei\u016bsta \u2013 idealu aktyviam gyvenimo b\u016bdui! <\/p>\n<p>Nepamir\u0161k \u2013 u\u017esisak\u0119s m\u016bs\u0173 el. parduotuv\u0117je, savo kojines Coolmax\u00ae gausi greitai, vos per 1\u20133 darbo dienas. Neleisk komfortui i\u0161spr\u016bsti tau i\u0161 po koj\u0173. Spustel\u0117k \u010dia ir \u017eenk \u012f patogum\u0105!  <\/p>\n<p>\u2705 Kojin\u0117s Coolmax\u00ae \u2013 tavo kasdieniam komfortui ir nuotykiams! \u2705 Greitas pristatymas per 1\u20133 darbo dienas! <\/p>\n<p>&nbsp;<\/p>\n<p>Domiesi \u017eygio reikmenimis? Su\u017einok daugiau <a href=\"https:\/\/toidupakk.ee\/lt\/tootekategooria\/zygio-iranga\/#section-3-79\">\u010cIA<\/a><\/p>\n<p>Domina \u017eygio maistas? \u017di\u016br\u0117k <a href=\"https:\/\/toidupakk.ee\/lt\/tootekategooria\/pagrindiniai-patiekalai\/\">\u010cIA<\/a><\/p>\n<p>Pasisemk \u012fkv\u0117pimo kitiems nuotykiams Toidupakk <a href=\"https:\/\/www.instagram.com\/toidupakk\/\">Instagram<\/a> ir <a href=\"https:\/\/www.facebook.com\/Toidupakk\/\">Facebook<\/a> paskyrose.<\/p>\n","protected":false},"excerpt":{"rendered":"<p><strong>Kojin\u0117s Coolmax\u00ae tinka \u017eygiams, darbui lauke ar kasdieniams darbams namuose.<\/strong><\/p>\n<ul>\n<li>Coolmax\u00ae med\u017eiaga pasi\u017eymi hidrofobin\u0117mis savyb\u0117mis, o tai rei\u0161kia, kad ji negeria dr\u0117gm\u0117s, bet leid\u017eia jai i\u0161garuoti<\/li>\n<li>Coolmax med\u017eiaga padeda pa\u0161alinti dr\u0117gm\u0119 nuo odos pavir\u0161iaus. Nailonas suteikia kojin\u0117ms tvirtumo ir patvarumo, tod\u0117l jos tarnauja ilgiau. Elastanas suteikia kojin\u0117ms mink\u0161tumo ir malonaus \u0161velnumo, u\u017etikrindamas ger\u0105 savijaut\u0105 kojoms.  <\/li>\n<li>Naudojamos med\u017eiagos: 75 % Coolmax\u00ae, 17 % nailonas, 8 % elastanas<\/li>\n<li>Gamintojas: M-TAC, pagaminta Ukrainoje<\/li>\n<li>Coolmax yra \u201eThe Lycra Company\u201c sukurtas ir parduodamas poliesterio audini\u0173 serijos prek\u0117s \u017eenklas. Coolmax pristatomas kaip \u201esugerantis dr\u0117gm\u0119\u201c ir \u201ekv\u0117puojantis\u201c. Kaip poliesteris, jis yra vidutini\u0161kai hidrofobi\u0161kas, tod\u0117l sugeria ma\u017eai skys\u010di\u0173 ir d\u017ei\u016bsta santykinai greitai.  <\/li>\n<\/ul>\n<p>\u2705 Greitas pristatymas per 1\u20133 darbo dienas<\/p>\n","protected":false},"featured_media":22002,"comment_status":"open","ping_status":"closed","template":"","meta":{"_acf_changed":false},"product_brand":[],"product_cat":[191,200,189,198,190],"product_tag":[],"class_list":{"0":"post-46502","1":"product","2":"type-product","3":"status-publish","4":"has-post-thumbnail","6":"product_cat-drabuziai","7":"product_cat-praktiskos-dovanu-idejos","8":"product_cat-zygio-iranga","9":"product_cat-zygio-kojines","10":"product_cat-zygio-prekes","12":"first","13":"instock","14":"sale","15":"taxable","16":"shipping-taxable","17":"purchasable","18":"product-type-variable","19":"has-default-attributes"},"bundled_by":[],"bundle_stock_status":"instock","bundle_stock_quantity":null,"bundle_virtual":false,"bundle_layout":"","bundle_add_to_cart_form_location":"","bundle_editable_in_cart":false,"bundle_sold_individually_context":"","bundle_item_grouping":"","bundle_min_size":"","bundle_max_size":"","bundle_price":[],"bundled_items":[],"bundle_sell_ids":[],"acf":[],"yoast_head":"<!-- This site is optimized with the Yoast SEO plugin v27.3 - https:\/\/yoast.com\/product\/yoast-seo-wordpress\/ -->\n<title>Kojin\u0117s Coolmax\u00ae<\/title>\n<meta name=\"description\" content=\"Kojin\u0117s Coolmax\u00ae tinka \u017eygiams, darbui lauke ar kasdieniams darbams namuose. Coolmax\u00ae med\u017eiaga pasi\u017eymi hidrofobin\u0117mis savyb\u0117mis.\" \/>\n<meta name=\"robots\" content=\"index, follow, max-snippet:-1, max-image-preview:large, max-video-preview:-1\" \/>\n<link rel=\"canonical\" href=\"https:\/\/toidupakk.ee\/lt\/toode\/kojines-coolmax\/\" \/>\n<meta property=\"og:locale\" content=\"lt_LT\" \/>\n<meta property=\"og:type\" content=\"article\" \/>\n<meta property=\"og:title\" content=\"Kojin\u0117s Coolmax\u00ae\" \/>\n<meta property=\"og:description\" content=\"Kojin\u0117s Coolmax\u00ae tinka \u017eygiams, darbui lauke ar kasdieniams darbams namuose. Coolmax\u00ae med\u017eiaga pasi\u017eymi hidrofobin\u0117mis savyb\u0117mis.\" \/>\n<meta property=\"og:url\" content=\"https:\/\/toidupakk.ee\/lt\/toode\/kojines-coolmax\/\" \/>\n<meta property=\"og:site_name\" content=\"Toidupakk.ee - Tactical Foodpack toidupakid\" \/>\n<meta property=\"article:publisher\" content=\"https:\/\/www.facebook.com\/Toidupakk\" \/>\n<meta property=\"article:modified_time\" content=\"2026-04-29T12:32:06+00:00\" \/>\n<meta property=\"og:image\" content=\"https:\/\/toidupakk.ee\/wp-content\/uploads\/2024\/04\/sokid-coolmax-11.png\" \/>\n\t<meta property=\"og:image:width\" content=\"800\" \/>\n\t<meta property=\"og:image:height\" content=\"800\" \/>\n\t<meta property=\"og:image:type\" content=\"image\/png\" \/>\n<meta name=\"twitter:card\" content=\"summary_large_image\" \/>\n<meta name=\"twitter:label1\" content=\"Est. reading time\" \/>\n\t<meta name=\"twitter:data1\" content=\"1 minut\u0117\" \/>\n<script type=\"application\/ld+json\" class=\"yoast-schema-graph\">{\"@context\":\"https:\\\/\\\/schema.org\",\"@graph\":[{\"@type\":\"WebPage\",\"@id\":\"https:\\\/\\\/toidupakk.ee\\\/lt\\\/toode\\\/kojines-coolmax\\\/\",\"url\":\"https:\\\/\\\/toidupakk.ee\\\/lt\\\/toode\\\/kojines-coolmax\\\/\",\"name\":\"Kojin\u0117s Coolmax\u00ae\",\"isPartOf\":{\"@id\":\"https:\\\/\\\/toidupakk.ee\\\/lt\\\/#website\"},\"primaryImageOfPage\":{\"@id\":\"https:\\\/\\\/toidupakk.ee\\\/lt\\\/toode\\\/kojines-coolmax\\\/#primaryimage\"},\"image\":{\"@id\":\"https:\\\/\\\/toidupakk.ee\\\/lt\\\/toode\\\/kojines-coolmax\\\/#primaryimage\"},\"thumbnailUrl\":\"https:\\\/\\\/toidupakk.ee\\\/wp-content\\\/uploads\\\/2024\\\/04\\\/sokid-coolmax-11.png\",\"datePublished\":\"2024-04-10T13:27:54+00:00\",\"dateModified\":\"2026-04-29T12:32:06+00:00\",\"description\":\"Kojin\u0117s Coolmax\u00ae tinka \u017eygiams, darbui lauke ar kasdieniams darbams namuose. Coolmax\u00ae med\u017eiaga pasi\u017eymi hidrofobin\u0117mis savyb\u0117mis.\",\"breadcrumb\":{\"@id\":\"https:\\\/\\\/toidupakk.ee\\\/lt\\\/toode\\\/kojines-coolmax\\\/#breadcrumb\"},\"inLanguage\":\"lt-LT\",\"potentialAction\":[{\"@type\":\"ReadAction\",\"target\":[\"https:\\\/\\\/toidupakk.ee\\\/lt\\\/toode\\\/kojines-coolmax\\\/\"]}]},{\"@type\":\"ImageObject\",\"inLanguage\":\"lt-LT\",\"@id\":\"https:\\\/\\\/toidupakk.ee\\\/lt\\\/toode\\\/kojines-coolmax\\\/#primaryimage\",\"url\":\"https:\\\/\\\/toidupakk.ee\\\/wp-content\\\/uploads\\\/2024\\\/04\\\/sokid-coolmax-11.png\",\"contentUrl\":\"https:\\\/\\\/toidupakk.ee\\\/wp-content\\\/uploads\\\/2024\\\/04\\\/sokid-coolmax-11.png\",\"width\":800,\"height\":800,\"caption\":\"Coolmax tehnoloogiaga sokid\"},{\"@type\":\"BreadcrumbList\",\"@id\":\"https:\\\/\\\/toidupakk.ee\\\/lt\\\/toode\\\/kojines-coolmax\\\/#breadcrumb\",\"itemListElement\":[{\"@type\":\"ListItem\",\"position\":1,\"name\":\"Avaleht\",\"item\":\"https:\\\/\\\/toidupakk.ee\\\/lt\\\/\"},{\"@type\":\"ListItem\",\"position\":2,\"name\":\"El. parduotuv\u0117\",\"item\":\"https:\\\/\\\/toidupakk.ee\\\/lt\\\/el-parduotuve\\\/\"},{\"@type\":\"ListItem\",\"position\":3,\"name\":\"Kojin\u0117s Coolmax\u00ae\"}]},{\"@type\":\"WebSite\",\"@id\":\"https:\\\/\\\/toidupakk.ee\\\/lt\\\/#website\",\"url\":\"https:\\\/\\\/toidupakk.ee\\\/lt\\\/\",\"name\":\"Toidupakk.ee - Tactical Foodpack toidupakid\",\"description\":\"Tactical Foodpack k\u00fclmkuivatatud toidupakid ja matkaeined\",\"publisher\":{\"@id\":\"https:\\\/\\\/toidupakk.ee\\\/lt\\\/#organization\"},\"potentialAction\":[{\"@type\":\"SearchAction\",\"target\":{\"@type\":\"EntryPoint\",\"urlTemplate\":\"https:\\\/\\\/toidupakk.ee\\\/lt\\\/?s={search_term_string}\"},\"query-input\":{\"@type\":\"PropertyValueSpecification\",\"valueRequired\":true,\"valueName\":\"search_term_string\"}}],\"inLanguage\":\"lt-LT\"},{\"@type\":\"Organization\",\"@id\":\"https:\\\/\\\/toidupakk.ee\\\/lt\\\/#organization\",\"name\":\"Tactical Foodpack matkaeined\",\"url\":\"https:\\\/\\\/toidupakk.ee\\\/lt\\\/\",\"logo\":{\"@type\":\"ImageObject\",\"inLanguage\":\"lt-LT\",\"@id\":\"https:\\\/\\\/toidupakk.ee\\\/lt\\\/#\\\/schema\\\/logo\\\/image\\\/\",\"url\":\"https:\\\/\\\/toidupakk.ee\\\/wp-content\\\/uploads\\\/2022\\\/01\\\/Toidupakk-matkapood-logo-transparent.png\",\"contentUrl\":\"https:\\\/\\\/toidupakk.ee\\\/wp-content\\\/uploads\\\/2022\\\/01\\\/Toidupakk-matkapood-logo-transparent.png\",\"width\":500,\"height\":500,\"caption\":\"Tactical Foodpack matkaeined\"},\"image\":{\"@id\":\"https:\\\/\\\/toidupakk.ee\\\/lt\\\/#\\\/schema\\\/logo\\\/image\\\/\"},\"sameAs\":[\"https:\\\/\\\/www.facebook.com\\\/Toidupakk\",\"https:\\\/\\\/www.instagram.com\\\/toidupakk\\\/\"]}]}<\/script>\n<!-- \/ Yoast SEO plugin. -->","yoast_head_json":{"title":"Kojin\u0117s Coolmax\u00ae","description":"Kojin\u0117s Coolmax\u00ae tinka \u017eygiams, darbui lauke ar kasdieniams darbams namuose. Coolmax\u00ae med\u017eiaga pasi\u017eymi hidrofobin\u0117mis savyb\u0117mis.","robots":{"index":"index","follow":"follow","max-snippet":"max-snippet:-1","max-image-preview":"max-image-preview:large","max-video-preview":"max-video-preview:-1"},"canonical":"https:\/\/toidupakk.ee\/lt\/toode\/kojines-coolmax\/","og_locale":"lt_LT","og_type":"article","og_title":"Kojin\u0117s Coolmax\u00ae","og_description":"Kojin\u0117s Coolmax\u00ae tinka \u017eygiams, darbui lauke ar kasdieniams darbams namuose. Coolmax\u00ae med\u017eiaga pasi\u017eymi hidrofobin\u0117mis savyb\u0117mis.","og_url":"https:\/\/toidupakk.ee\/lt\/toode\/kojines-coolmax\/","og_site_name":"Toidupakk.ee - Tactical Foodpack toidupakid","article_publisher":"https:\/\/www.facebook.com\/Toidupakk","article_modified_time":"2026-04-29T12:32:06+00:00","og_image":[{"width":800,"height":800,"url":"https:\/\/toidupakk.ee\/wp-content\/uploads\/2024\/04\/sokid-coolmax-11.png","type":"image\/png"}],"twitter_card":"summary_large_image","twitter_misc":{"Est. reading time":"1 minut\u0117"},"schema":{"@context":"https:\/\/schema.org","@graph":[{"@type":"WebPage","@id":"https:\/\/toidupakk.ee\/lt\/toode\/kojines-coolmax\/","url":"https:\/\/toidupakk.ee\/lt\/toode\/kojines-coolmax\/","name":"Kojin\u0117s Coolmax\u00ae","isPartOf":{"@id":"https:\/\/toidupakk.ee\/lt\/#website"},"primaryImageOfPage":{"@id":"https:\/\/toidupakk.ee\/lt\/toode\/kojines-coolmax\/#primaryimage"},"image":{"@id":"https:\/\/toidupakk.ee\/lt\/toode\/kojines-coolmax\/#primaryimage"},"thumbnailUrl":"https:\/\/toidupakk.ee\/wp-content\/uploads\/2024\/04\/sokid-coolmax-11.png","datePublished":"2024-04-10T13:27:54+00:00","dateModified":"2026-04-29T12:32:06+00:00","description":"Kojin\u0117s Coolmax\u00ae tinka \u017eygiams, darbui lauke ar kasdieniams darbams namuose. Coolmax\u00ae med\u017eiaga pasi\u017eymi hidrofobin\u0117mis savyb\u0117mis.","breadcrumb":{"@id":"https:\/\/toidupakk.ee\/lt\/toode\/kojines-coolmax\/#breadcrumb"},"inLanguage":"lt-LT","potentialAction":[{"@type":"ReadAction","target":["https:\/\/toidupakk.ee\/lt\/toode\/kojines-coolmax\/"]}]},{"@type":"ImageObject","inLanguage":"lt-LT","@id":"https:\/\/toidupakk.ee\/lt\/toode\/kojines-coolmax\/#primaryimage","url":"https:\/\/toidupakk.ee\/wp-content\/uploads\/2024\/04\/sokid-coolmax-11.png","contentUrl":"https:\/\/toidupakk.ee\/wp-content\/uploads\/2024\/04\/sokid-coolmax-11.png","width":800,"height":800,"caption":"Coolmax tehnoloogiaga sokid"},{"@type":"BreadcrumbList","@id":"https:\/\/toidupakk.ee\/lt\/toode\/kojines-coolmax\/#breadcrumb","itemListElement":[{"@type":"ListItem","position":1,"name":"Avaleht","item":"https:\/\/toidupakk.ee\/lt\/"},{"@type":"ListItem","position":2,"name":"El. parduotuv\u0117","item":"https:\/\/toidupakk.ee\/lt\/el-parduotuve\/"},{"@type":"ListItem","position":3,"name":"Kojin\u0117s Coolmax\u00ae"}]},{"@type":"WebSite","@id":"https:\/\/toidupakk.ee\/lt\/#website","url":"https:\/\/toidupakk.ee\/lt\/","name":"Toidupakk.ee - Tactical Foodpack toidupakid","description":"Tactical Foodpack k\u00fclmkuivatatud toidupakid ja matkaeined","publisher":{"@id":"https:\/\/toidupakk.ee\/lt\/#organization"},"potentialAction":[{"@type":"SearchAction","target":{"@type":"EntryPoint","urlTemplate":"https:\/\/toidupakk.ee\/lt\/?s={search_term_string}"},"query-input":{"@type":"PropertyValueSpecification","valueRequired":true,"valueName":"search_term_string"}}],"inLanguage":"lt-LT"},{"@type":"Organization","@id":"https:\/\/toidupakk.ee\/lt\/#organization","name":"Tactical Foodpack matkaeined","url":"https:\/\/toidupakk.ee\/lt\/","logo":{"@type":"ImageObject","inLanguage":"lt-LT","@id":"https:\/\/toidupakk.ee\/lt\/#\/schema\/logo\/image\/","url":"https:\/\/toidupakk.ee\/wp-content\/uploads\/2022\/01\/Toidupakk-matkapood-logo-transparent.png","contentUrl":"https:\/\/toidupakk.ee\/wp-content\/uploads\/2022\/01\/Toidupakk-matkapood-logo-transparent.png","width":500,"height":500,"caption":"Tactical Foodpack matkaeined"},"image":{"@id":"https:\/\/toidupakk.ee\/lt\/#\/schema\/logo\/image\/"},"sameAs":["https:\/\/www.facebook.com\/Toidupakk","https:\/\/www.instagram.com\/toidupakk\/"]}]}},"jetpack_sharing_enabled":true,"_links":{"self":[{"href":"https:\/\/toidupakk.ee\/lt\/wp-json\/wp\/v2\/product\/46502","targetHints":{"allow":["GET"]}}],"collection":[{"href":"https:\/\/toidupakk.ee\/lt\/wp-json\/wp\/v2\/product"}],"about":[{"href":"https:\/\/toidupakk.ee\/lt\/wp-json\/wp\/v2\/types\/product"}],"replies":[{"embeddable":true,"href":"https:\/\/toidupakk.ee\/lt\/wp-json\/wp\/v2\/comments?post=46502"}],"wp:featuredmedia":[{"embeddable":true,"href":"https:\/\/toidupakk.ee\/lt\/wp-json\/wp\/v2\/media\/22002"}],"wp:attachment":[{"href":"https:\/\/toidupakk.ee\/lt\/wp-json\/wp\/v2\/media?parent=46502"}],"wp:term":[{"taxonomy":"product_brand","embeddable":true,"href":"https:\/\/toidupakk.ee\/lt\/wp-json\/wp\/v2\/product_brand?post=46502"},{"taxonomy":"product_cat","embeddable":true,"href":"https:\/\/toidupakk.ee\/lt\/wp-json\/wp\/v2\/product_cat?post=46502"},{"taxonomy":"product_tag","embeddable":true,"href":"https:\/\/toidupakk.ee\/lt\/wp-json\/wp\/v2\/product_tag?post=46502"}],"curies":[{"name":"wp","href":"https:\/\/api.w.org\/{rel}","templated":true}]}}