{"id":46486,"date":"2024-04-09T16:37:54","date_gmt":"2024-04-09T13:37:54","guid":{"rendered":"https:\/\/toidupakk.ee\/toode\/taktikine-karine-kuprine-mil-tec-36l-coyote\/"},"modified":"2026-04-29T18:00:42","modified_gmt":"2026-04-29T15:00:42","slug":"taktikine-karine-kuprine-mil-tec-36l-coyote","status":"publish","type":"product","link":"https:\/\/toidupakk.ee\/lt\/toode\/taktikine-karine-kuprine-mil-tec-36l-coyote\/","title":{"rendered":"Taktikin\u0117 karin\u0117 kuprin\u0117 MIL-TEC\u00ae 36L (coyote)"},"content":{"rendered":"<h1>Taktikin\u0117 karin\u0117 kuprin\u0117 COYOTE \u2013 tinka ir kasdieniams reikalams<\/h1>\n<p>Taktikin\u0117 karin\u0117 kuprin\u0117 pagaminta i\u0161 tankaus poliesterio, kuris yra patvari ir vandeniui atspari med\u017eiaga. Dvipusiai u\u017etrauktukai yra patvar\u016bs, su stipriomis si\u016bl\u0117mis ir leid\u017eia atidaryti ki\u0161enes i\u0161 abiej\u0173 pusi\u0173. Karin\u0117s kuprin\u0117s nugaros dalis ir pe\u010di\u0173 dir\u017eai pamink\u0161tinti storasluoksniu putplas\u010diu, kuris padeda geriau paskirstyti svor\u012f ir ma\u017eiau vargina nugaros bei pe\u010di\u0173 srit\u012f. Ventiliuojamas tinklinis pamink\u0161tinimas leid\u017eia kuprinei kv\u0117puoti. Taktikin\u0117 kuprin\u0117 taip pat turi greito u\u017esegimo juosmens dir\u017e\u0105, kuriuo krep\u0161\u012f galima lengvai pritvirtinti aplink klubus. Tai suteikia krep\u0161iui stabilumo, laiko j\u012f prigludus\u012f prie k\u016bno ir padeda perkelti svor\u012f nuo pe\u010di\u0173 ant klub\u0173.     <\/p>\n<p>&nbsp;<\/p>\n<h2>Daugiafunkcin\u0117 kuprin\u0117<\/h2>\n<p>Karin\u0117 kuprin\u0117 su keliais vidiniais ir i\u0161oriniais skyriais, kuriuose galima sutalpinti mobil\u0173j\u012f telefon\u0105, \u012fkroviklius, \u017eibintuv\u0117l\u012f, galvos lukt\u0105, \u201ecamelpack\u201c g\u0117rimo sistem\u0105, pir\u0161tines, i\u0161gyvenimo reikmenis ir kt. Dvi priekin\u0117s ki\u0161en\u0117s su u\u017etrauktukais, vienas pagrindinis skyrius su u\u017etrauktuku, viena pamink\u0161tinta galin\u0117 ki\u0161en\u0117 ir skyrius hidravimo sistemai. Kiekviename skyriuje yra tinklin\u0117 ki\u0161en\u0117 arba ki\u0161en\u0117 su u\u017etrauktuku, kad tavo svarbiausi daiktai b\u016bt\u0173 tvarkingai sud\u0117ti.  <\/p>\n<p><img fetchpriority=\"high\" decoding=\"async\" class=\"alignnone wp-image-21942 size-thumbnail\" src=\"https:\/\/toidupakk.ee\/wp-content\/uploads\/2024\/04\/Taktikaline-militaar-seljakott-patrullkott-MIL-TEC%C2%AE-36L-coyote-1-500x500.png\" alt=\"\" width=\"500\" height=\"500\"><\/p>\n<h3>Taktikin\u0117 karin\u0117 kuprin\u0117 yra patogi ir patvari net ir kasdienyb\u0117je<\/h3>\n<p>Ergonomi\u0161ka ir sutvirtinta kuprin\u0117 padeda suma\u017einti nugaros ir kaklo skausmus \u017eygi\u0173 metu. Plati pamink\u0161tinta nugaros dalis u\u017etikrina ne\u0161iojimo komfort\u0105. Kuprin\u0117 turi reguliuojam\u0105 kr\u016btin\u0117s dir\u017e\u0105 ir juosmens dir\u017e\u0105, kad j\u0105 b\u016bt\u0173 galima ne\u0161ioti patogiai ir saugiai. Abu dir\u017eus gali nuimti, kai jie nenaudojami. Kariuomen\u0117s kuprin\u0117s tam tikru mastu yra atsparios vandeniui ir lietui, tod\u0117l idealiai tinka naudoti lauko s\u0105lygomis. \u017dygi\u0173 kuprin\u0117s nugarin\u0117je dalyje esan\u010dios dvi storos putplas\u010dio juostos ir pamink\u0161tinti pe\u010di\u0173 dir\u017eai yra ergonomi\u0161kai suprojektuoti taip, kad suma\u017eint\u0173 spaudim\u0105 pe\u010diams, o tinklinis putplastis padeda i\u0161sklaidyti \u0161ilum\u0105 net ir vasar\u0105.     <\/p>\n<p>&nbsp;<\/p>\n<h2>Kas yra Molle sistema?<\/h2>\n<p>Taktikin\u0117 kuprin\u0117 turi Molle sistem\u0105. Kuprin\u0117s i\u0161or\u0117je yra daug tvirtinimo ta\u0161k\u0173 papildomai \u012frangai. Prie savo kuprin\u0117s pritvirtink papildomus krep\u0161elius ar \u012frang\u0105, pavyzd\u017eiui, pirmosios pagalbos rinkin\u012f, radijo stotel\u0119, \u017eibintuv\u0117l\u012f, sulankstom\u0105 kastuv\u0105, kilim\u0117l\u012f ar miegmai\u0161\u012f. Molle modulin\u0117 sistema yra pla\u010diai paplitusi \u012fvairi\u0173 \u0161ali\u0173 taktiniuose daliniuose, j\u0117gos strukt\u016brose ir gynybos institucijose.    <\/p>\n<p><iframe style=\"width: 455px; height: 809px;\" title=\"YouTube vaizdo grotuvas\" src=\"https:\/\/www.youtube.com\/embed\/sBRaff_AsxU\" frameborder=\"0\" allowfullscreen=\"allowfullscreen\"><\/iframe><br \/>\n<iframe style=\"width: 455px; height: 809px;\" title=\"YouTube vaizdo grotuvas\" src=\"https:\/\/www.youtube.com\/embed\/cytB75x9lq4\" frameborder=\"0\" allowfullscreen=\"allowfullscreen\"><\/iframe><\/p>\n<p>Pasisemk \u012fkv\u0117pimo kitiems nuotykiams Toidupakk <a href=\"https:\/\/www.instagram.com\/toidupakk\/\">Instagram<\/a> ir <a href=\"https:\/\/www.facebook.com\/Toidupakk\/\">Facebook<\/a> paskyrose.<\/p>\n<p>\u017di\u016br\u0117k \u017eygio prekes <a href=\"https:\/\/toidupakk.ee\/lt\/tootekategooria\/zygio-iranga\/#section-3-79\">\u010cIA<\/a>.<\/p>\n","protected":false},"excerpt":{"rendered":"<div class=\"flex items-start justify-start\">\n<div class=\"flex-1 pt-1\">\n<p><strong>M\u016bs\u0173 populiariausia kuprin\u0117! \u0160io tipo kuprin\u0117s pla\u010diai naudojamos \u012fvairi\u0173 \u0161ali\u0173 j\u0117gos strukt\u016brose, kariuomen\u0117je, taip pat ir entuziast\u0173 tarpe. 36 litr\u0173 talpos kuprin\u0117 yra patvari, lengva ir tinkama naudoti kasdien.  <\/strong><\/p>\n<ul>\n<li><strong>MOLLE modulin\u0117 sistema<\/strong> leid\u017eia tvirtinti papildomus krep\u0161elius ir \u012frang\u0105<\/li>\n<li>EVA putomis pamink\u0161tinta <strong>sustiprinta nugaros dalis<\/strong> komfortui u\u017etikrinti ilg\u0173 \u017eygi\u0173 metu<\/li>\n<li><strong>Ergonomi\u0161ki pe\u010di\u0173 dir\u017eai<\/strong> yra su pamink\u0161tinimais, kad ne\u012fsir\u0117\u017et\u0173 ne\u0161ant sunk\u0173 krep\u0161\u012f<\/li>\n<li>Pe\u010di\u0173 dir\u017eai yra 5 cm plo\u010dio ir reguliuojami<\/li>\n<li>Greito u\u017esegimo reguliuojamas <strong>klub\u0173 dir\u017eas tolygesniam apkrovos paskirstymui<\/strong><\/li>\n<li>2 dideli pagrindiniai skyriai su papildomomis vidin\u0117mis ki\u0161en\u0117mis<\/li>\n<li>2 ma\u017eesn\u0117s papildomos ki\u0161en\u0117s greitesnei prieigai prie reikaling\u0173 daikt\u0173<\/li>\n<li>Visos ki\u0161en\u0117s turi <strong>dvipusius ZIP u\u017etrauktukus<\/strong>, kurie leid\u017eia patogiai pasiekti turin\u012f i\u0161 abiej\u0173 pusi\u0173<\/li>\n<li>Integruota <strong>ki\u0161en\u0117 \u201ehydropack\u201c vandens sistemai<\/strong><\/li>\n<li>Komplekte yra specialios lipnios juostos krep\u0161io <strong>laisviems dir\u017eams u\u017efiksuoti<\/strong><\/li>\n<\/ul>\n<p>&nbsp;<\/p>\n<p><strong>Matmenys:<\/strong> 51 x 29 x 28 cm<br \/>\n<strong>Talpa:<\/strong> 36 l<br \/>\n<strong>Kuprin\u0117s i\u0161orin\u0117 med\u017eiaga:<\/strong> 100 % poliesteris, padengtas polivinilchloridu<br \/>\n<strong>Pamu\u0161alas:<\/strong> 100 % poliesteris<br \/>\n<strong>Pamink\u0161tinimas:<\/strong> EVA putos<br \/>\n<strong>Svoris:<\/strong> apie 1 450 g <\/p>\n<p>\u2705 Turime sand\u0117lyje, pristatymas per 1\u20133 d. d.<br \/>\n\u2705 Pirk dabar, mok\u0117k v\u0117liau (pal\u016bkanos 0 %)<\/p>\n<\/div>\n<\/div>\n","protected":false},"featured_media":21942,"comment_status":"open","ping_status":"closed","template":"","meta":{"_acf_changed":false},"product_brand":[],"product_cat":[193,202,201,210,189,190],"product_tag":[],"class_list":{"0":"post-46486","1":"product","2":"type-product","3":"status-publish","4":"has-post-thumbnail","6":"product_cat-karine-ekipuote","7":"product_cat-krepsiai","8":"product_cat-kuprines","9":"product_cat-mil-tec","10":"product_cat-zygio-iranga","11":"product_cat-zygio-prekes","13":"first","14":"instock","15":"sale","16":"taxable","17":"shipping-taxable","18":"purchasable","19":"product-type-simple"},"bundled_by":[],"bundle_stock_status":"instock","bundle_stock_quantity":5,"bundle_virtual":false,"bundle_layout":"","bundle_add_to_cart_form_location":"","bundle_editable_in_cart":false,"bundle_sold_individually_context":"","bundle_item_grouping":"","bundle_min_size":"","bundle_max_size":"","bundle_price":[],"bundled_items":[],"bundle_sell_ids":[],"acf":[],"yoast_head":"<!-- This site is optimized with the Yoast SEO plugin v27.3 - https:\/\/yoast.com\/product\/yoast-seo-wordpress\/ -->\n<title>Taktikin\u0117 karin\u0117 kuprin\u0117 MIL-TEC\u00ae 36L (coyote)<\/title>\n<meta name=\"description\" content=\"Taktikin\u0117 karin\u0117 kuprin\u0117 MIL-TEC Coyote. \u0160io tipo kuprin\u0117s pla\u010diai naudojamos \u012fvairi\u0173 \u0161ali\u0173 j\u0117gos strukt\u016brose, kariuomen\u0117je, taip pat ir entuziast\u0173 tarpe.\" \/>\n<meta name=\"robots\" content=\"index, follow, max-snippet:-1, max-image-preview:large, max-video-preview:-1\" \/>\n<link rel=\"canonical\" href=\"https:\/\/toidupakk.ee\/lt\/toode\/taktikine-karine-kuprine-mil-tec-36l-coyote\/\" \/>\n<meta property=\"og:locale\" content=\"lt_LT\" \/>\n<meta property=\"og:type\" content=\"article\" \/>\n<meta property=\"og:title\" content=\"Taktikin\u0117 karin\u0117 kuprin\u0117 MIL-TEC\u00ae 36L (coyote)\" \/>\n<meta property=\"og:description\" content=\"Taktikin\u0117 karin\u0117 kuprin\u0117 MIL-TEC Coyote. \u0160io tipo kuprin\u0117s pla\u010diai naudojamos \u012fvairi\u0173 \u0161ali\u0173 j\u0117gos strukt\u016brose, kariuomen\u0117je, taip pat ir entuziast\u0173 tarpe.\" \/>\n<meta property=\"og:url\" content=\"https:\/\/toidupakk.ee\/lt\/toode\/taktikine-karine-kuprine-mil-tec-36l-coyote\/\" \/>\n<meta property=\"og:site_name\" content=\"Toidupakk.ee - Tactical Foodpack toidupakid\" \/>\n<meta property=\"article:publisher\" content=\"https:\/\/www.facebook.com\/Toidupakk\" \/>\n<meta property=\"article:modified_time\" content=\"2026-04-29T15:00:42+00:00\" \/>\n<meta property=\"og:image\" content=\"https:\/\/toidupakk.ee\/wp-content\/uploads\/2024\/04\/Taktikaline-militaar-seljakott-patrullkott-MIL-TEC\u00ae-36L-coyote-1.png\" \/>\n\t<meta property=\"og:image:width\" content=\"800\" \/>\n\t<meta property=\"og:image:height\" content=\"800\" \/>\n\t<meta property=\"og:image:type\" content=\"image\/png\" \/>\n<meta name=\"twitter:card\" content=\"summary_large_image\" \/>\n<meta name=\"twitter:label1\" content=\"Est. reading time\" \/>\n\t<meta name=\"twitter:data1\" content=\"2 minut\u0117s\" \/>\n<script type=\"application\/ld+json\" class=\"yoast-schema-graph\">{\"@context\":\"https:\\\/\\\/schema.org\",\"@graph\":[{\"@type\":\"WebPage\",\"@id\":\"https:\\\/\\\/toidupakk.ee\\\/lt\\\/toode\\\/taktikine-karine-kuprine-mil-tec-36l-coyote\\\/\",\"url\":\"https:\\\/\\\/toidupakk.ee\\\/lt\\\/toode\\\/taktikine-karine-kuprine-mil-tec-36l-coyote\\\/\",\"name\":\"Taktikin\u0117 karin\u0117 kuprin\u0117 MIL-TEC\u00ae 36L (coyote)\",\"isPartOf\":{\"@id\":\"https:\\\/\\\/toidupakk.ee\\\/lt\\\/#website\"},\"primaryImageOfPage\":{\"@id\":\"https:\\\/\\\/toidupakk.ee\\\/lt\\\/toode\\\/taktikine-karine-kuprine-mil-tec-36l-coyote\\\/#primaryimage\"},\"image\":{\"@id\":\"https:\\\/\\\/toidupakk.ee\\\/lt\\\/toode\\\/taktikine-karine-kuprine-mil-tec-36l-coyote\\\/#primaryimage\"},\"thumbnailUrl\":\"https:\\\/\\\/toidupakk.ee\\\/wp-content\\\/uploads\\\/2024\\\/04\\\/Taktikaline-militaar-seljakott-patrullkott-MIL-TEC\u00ae-36L-coyote-1.png\",\"datePublished\":\"2024-04-09T13:37:54+00:00\",\"dateModified\":\"2026-04-29T15:00:42+00:00\",\"description\":\"Taktikin\u0117 karin\u0117 kuprin\u0117 MIL-TEC Coyote. \u0160io tipo kuprin\u0117s pla\u010diai naudojamos \u012fvairi\u0173 \u0161ali\u0173 j\u0117gos strukt\u016brose, kariuomen\u0117je, taip pat ir entuziast\u0173 tarpe.\",\"breadcrumb\":{\"@id\":\"https:\\\/\\\/toidupakk.ee\\\/lt\\\/toode\\\/taktikine-karine-kuprine-mil-tec-36l-coyote\\\/#breadcrumb\"},\"inLanguage\":\"lt-LT\",\"potentialAction\":[{\"@type\":\"ReadAction\",\"target\":[\"https:\\\/\\\/toidupakk.ee\\\/lt\\\/toode\\\/taktikine-karine-kuprine-mil-tec-36l-coyote\\\/\"]}]},{\"@type\":\"ImageObject\",\"inLanguage\":\"lt-LT\",\"@id\":\"https:\\\/\\\/toidupakk.ee\\\/lt\\\/toode\\\/taktikine-karine-kuprine-mil-tec-36l-coyote\\\/#primaryimage\",\"url\":\"https:\\\/\\\/toidupakk.ee\\\/wp-content\\\/uploads\\\/2024\\\/04\\\/Taktikaline-militaar-seljakott-patrullkott-MIL-TEC\u00ae-36L-coyote-1.png\",\"contentUrl\":\"https:\\\/\\\/toidupakk.ee\\\/wp-content\\\/uploads\\\/2024\\\/04\\\/Taktikaline-militaar-seljakott-patrullkott-MIL-TEC\u00ae-36L-coyote-1.png\",\"width\":800,\"height\":800},{\"@type\":\"BreadcrumbList\",\"@id\":\"https:\\\/\\\/toidupakk.ee\\\/lt\\\/toode\\\/taktikine-karine-kuprine-mil-tec-36l-coyote\\\/#breadcrumb\",\"itemListElement\":[{\"@type\":\"ListItem\",\"position\":1,\"name\":\"Avaleht\",\"item\":\"https:\\\/\\\/toidupakk.ee\\\/lt\\\/\"},{\"@type\":\"ListItem\",\"position\":2,\"name\":\"El. parduotuv\u0117\",\"item\":\"https:\\\/\\\/toidupakk.ee\\\/lt\\\/el-parduotuve\\\/\"},{\"@type\":\"ListItem\",\"position\":3,\"name\":\"Taktikin\u0117 karin\u0117 kuprin\u0117 MIL-TEC\u00ae 36L (coyote)\"}]},{\"@type\":\"WebSite\",\"@id\":\"https:\\\/\\\/toidupakk.ee\\\/lt\\\/#website\",\"url\":\"https:\\\/\\\/toidupakk.ee\\\/lt\\\/\",\"name\":\"Toidupakk.ee - Tactical Foodpack toidupakid\",\"description\":\"Tactical Foodpack k\u00fclmkuivatatud toidupakid ja matkaeined\",\"publisher\":{\"@id\":\"https:\\\/\\\/toidupakk.ee\\\/lt\\\/#organization\"},\"potentialAction\":[{\"@type\":\"SearchAction\",\"target\":{\"@type\":\"EntryPoint\",\"urlTemplate\":\"https:\\\/\\\/toidupakk.ee\\\/lt\\\/?s={search_term_string}\"},\"query-input\":{\"@type\":\"PropertyValueSpecification\",\"valueRequired\":true,\"valueName\":\"search_term_string\"}}],\"inLanguage\":\"lt-LT\"},{\"@type\":\"Organization\",\"@id\":\"https:\\\/\\\/toidupakk.ee\\\/lt\\\/#organization\",\"name\":\"Tactical Foodpack matkaeined\",\"url\":\"https:\\\/\\\/toidupakk.ee\\\/lt\\\/\",\"logo\":{\"@type\":\"ImageObject\",\"inLanguage\":\"lt-LT\",\"@id\":\"https:\\\/\\\/toidupakk.ee\\\/lt\\\/#\\\/schema\\\/logo\\\/image\\\/\",\"url\":\"https:\\\/\\\/toidupakk.ee\\\/wp-content\\\/uploads\\\/2022\\\/01\\\/Toidupakk-matkapood-logo-transparent.png\",\"contentUrl\":\"https:\\\/\\\/toidupakk.ee\\\/wp-content\\\/uploads\\\/2022\\\/01\\\/Toidupakk-matkapood-logo-transparent.png\",\"width\":500,\"height\":500,\"caption\":\"Tactical Foodpack matkaeined\"},\"image\":{\"@id\":\"https:\\\/\\\/toidupakk.ee\\\/lt\\\/#\\\/schema\\\/logo\\\/image\\\/\"},\"sameAs\":[\"https:\\\/\\\/www.facebook.com\\\/Toidupakk\",\"https:\\\/\\\/www.instagram.com\\\/toidupakk\\\/\"]}]}<\/script>\n<!-- \/ Yoast SEO plugin. -->","yoast_head_json":{"title":"Taktikin\u0117 karin\u0117 kuprin\u0117 MIL-TEC\u00ae 36L (coyote)","description":"Taktikin\u0117 karin\u0117 kuprin\u0117 MIL-TEC Coyote. \u0160io tipo kuprin\u0117s pla\u010diai naudojamos \u012fvairi\u0173 \u0161ali\u0173 j\u0117gos strukt\u016brose, kariuomen\u0117je, taip pat ir entuziast\u0173 tarpe.","robots":{"index":"index","follow":"follow","max-snippet":"max-snippet:-1","max-image-preview":"max-image-preview:large","max-video-preview":"max-video-preview:-1"},"canonical":"https:\/\/toidupakk.ee\/lt\/toode\/taktikine-karine-kuprine-mil-tec-36l-coyote\/","og_locale":"lt_LT","og_type":"article","og_title":"Taktikin\u0117 karin\u0117 kuprin\u0117 MIL-TEC\u00ae 36L (coyote)","og_description":"Taktikin\u0117 karin\u0117 kuprin\u0117 MIL-TEC Coyote. \u0160io tipo kuprin\u0117s pla\u010diai naudojamos \u012fvairi\u0173 \u0161ali\u0173 j\u0117gos strukt\u016brose, kariuomen\u0117je, taip pat ir entuziast\u0173 tarpe.","og_url":"https:\/\/toidupakk.ee\/lt\/toode\/taktikine-karine-kuprine-mil-tec-36l-coyote\/","og_site_name":"Toidupakk.ee - Tactical Foodpack toidupakid","article_publisher":"https:\/\/www.facebook.com\/Toidupakk","article_modified_time":"2026-04-29T15:00:42+00:00","og_image":[{"width":800,"height":800,"url":"https:\/\/toidupakk.ee\/wp-content\/uploads\/2024\/04\/Taktikaline-militaar-seljakott-patrullkott-MIL-TEC\u00ae-36L-coyote-1.png","type":"image\/png"}],"twitter_card":"summary_large_image","twitter_misc":{"Est. reading time":"2 minut\u0117s"},"schema":{"@context":"https:\/\/schema.org","@graph":[{"@type":"WebPage","@id":"https:\/\/toidupakk.ee\/lt\/toode\/taktikine-karine-kuprine-mil-tec-36l-coyote\/","url":"https:\/\/toidupakk.ee\/lt\/toode\/taktikine-karine-kuprine-mil-tec-36l-coyote\/","name":"Taktikin\u0117 karin\u0117 kuprin\u0117 MIL-TEC\u00ae 36L (coyote)","isPartOf":{"@id":"https:\/\/toidupakk.ee\/lt\/#website"},"primaryImageOfPage":{"@id":"https:\/\/toidupakk.ee\/lt\/toode\/taktikine-karine-kuprine-mil-tec-36l-coyote\/#primaryimage"},"image":{"@id":"https:\/\/toidupakk.ee\/lt\/toode\/taktikine-karine-kuprine-mil-tec-36l-coyote\/#primaryimage"},"thumbnailUrl":"https:\/\/toidupakk.ee\/wp-content\/uploads\/2024\/04\/Taktikaline-militaar-seljakott-patrullkott-MIL-TEC\u00ae-36L-coyote-1.png","datePublished":"2024-04-09T13:37:54+00:00","dateModified":"2026-04-29T15:00:42+00:00","description":"Taktikin\u0117 karin\u0117 kuprin\u0117 MIL-TEC Coyote. \u0160io tipo kuprin\u0117s pla\u010diai naudojamos \u012fvairi\u0173 \u0161ali\u0173 j\u0117gos strukt\u016brose, kariuomen\u0117je, taip pat ir entuziast\u0173 tarpe.","breadcrumb":{"@id":"https:\/\/toidupakk.ee\/lt\/toode\/taktikine-karine-kuprine-mil-tec-36l-coyote\/#breadcrumb"},"inLanguage":"lt-LT","potentialAction":[{"@type":"ReadAction","target":["https:\/\/toidupakk.ee\/lt\/toode\/taktikine-karine-kuprine-mil-tec-36l-coyote\/"]}]},{"@type":"ImageObject","inLanguage":"lt-LT","@id":"https:\/\/toidupakk.ee\/lt\/toode\/taktikine-karine-kuprine-mil-tec-36l-coyote\/#primaryimage","url":"https:\/\/toidupakk.ee\/wp-content\/uploads\/2024\/04\/Taktikaline-militaar-seljakott-patrullkott-MIL-TEC\u00ae-36L-coyote-1.png","contentUrl":"https:\/\/toidupakk.ee\/wp-content\/uploads\/2024\/04\/Taktikaline-militaar-seljakott-patrullkott-MIL-TEC\u00ae-36L-coyote-1.png","width":800,"height":800},{"@type":"BreadcrumbList","@id":"https:\/\/toidupakk.ee\/lt\/toode\/taktikine-karine-kuprine-mil-tec-36l-coyote\/#breadcrumb","itemListElement":[{"@type":"ListItem","position":1,"name":"Avaleht","item":"https:\/\/toidupakk.ee\/lt\/"},{"@type":"ListItem","position":2,"name":"El. parduotuv\u0117","item":"https:\/\/toidupakk.ee\/lt\/el-parduotuve\/"},{"@type":"ListItem","position":3,"name":"Taktikin\u0117 karin\u0117 kuprin\u0117 MIL-TEC\u00ae 36L (coyote)"}]},{"@type":"WebSite","@id":"https:\/\/toidupakk.ee\/lt\/#website","url":"https:\/\/toidupakk.ee\/lt\/","name":"Toidupakk.ee - Tactical Foodpack toidupakid","description":"Tactical Foodpack k\u00fclmkuivatatud toidupakid ja matkaeined","publisher":{"@id":"https:\/\/toidupakk.ee\/lt\/#organization"},"potentialAction":[{"@type":"SearchAction","target":{"@type":"EntryPoint","urlTemplate":"https:\/\/toidupakk.ee\/lt\/?s={search_term_string}"},"query-input":{"@type":"PropertyValueSpecification","valueRequired":true,"valueName":"search_term_string"}}],"inLanguage":"lt-LT"},{"@type":"Organization","@id":"https:\/\/toidupakk.ee\/lt\/#organization","name":"Tactical Foodpack matkaeined","url":"https:\/\/toidupakk.ee\/lt\/","logo":{"@type":"ImageObject","inLanguage":"lt-LT","@id":"https:\/\/toidupakk.ee\/lt\/#\/schema\/logo\/image\/","url":"https:\/\/toidupakk.ee\/wp-content\/uploads\/2022\/01\/Toidupakk-matkapood-logo-transparent.png","contentUrl":"https:\/\/toidupakk.ee\/wp-content\/uploads\/2022\/01\/Toidupakk-matkapood-logo-transparent.png","width":500,"height":500,"caption":"Tactical Foodpack matkaeined"},"image":{"@id":"https:\/\/toidupakk.ee\/lt\/#\/schema\/logo\/image\/"},"sameAs":["https:\/\/www.facebook.com\/Toidupakk","https:\/\/www.instagram.com\/toidupakk\/"]}]}},"jetpack_sharing_enabled":true,"_links":{"self":[{"href":"https:\/\/toidupakk.ee\/lt\/wp-json\/wp\/v2\/product\/46486","targetHints":{"allow":["GET"]}}],"collection":[{"href":"https:\/\/toidupakk.ee\/lt\/wp-json\/wp\/v2\/product"}],"about":[{"href":"https:\/\/toidupakk.ee\/lt\/wp-json\/wp\/v2\/types\/product"}],"replies":[{"embeddable":true,"href":"https:\/\/toidupakk.ee\/lt\/wp-json\/wp\/v2\/comments?post=46486"}],"wp:featuredmedia":[{"embeddable":true,"href":"https:\/\/toidupakk.ee\/lt\/wp-json\/wp\/v2\/media\/21942"}],"wp:attachment":[{"href":"https:\/\/toidupakk.ee\/lt\/wp-json\/wp\/v2\/media?parent=46486"}],"wp:term":[{"taxonomy":"product_brand","embeddable":true,"href":"https:\/\/toidupakk.ee\/lt\/wp-json\/wp\/v2\/product_brand?post=46486"},{"taxonomy":"product_cat","embeddable":true,"href":"https:\/\/toidupakk.ee\/lt\/wp-json\/wp\/v2\/product_cat?post=46486"},{"taxonomy":"product_tag","embeddable":true,"href":"https:\/\/toidupakk.ee\/lt\/wp-json\/wp\/v2\/product_tag?post=46486"}],"curies":[{"name":"wp","href":"https:\/\/api.w.org\/{rel}","templated":true}]}}