{"id":46484,"date":"2024-04-19T18:06:15","date_gmt":"2024-04-19T15:06:15","guid":{"rendered":"https:\/\/toidupakk.ee\/toode\/nordisk-pukines-slepetes\/"},"modified":"2026-04-04T00:01:41","modified_gmt":"2026-04-03T21:01:41","slug":"nordisk-pukines-slepetes","status":"publish","type":"product","link":"https:\/\/toidupakk.ee\/lt\/toode\/nordisk-pukines-slepetes\/","title":{"rendered":"\u201eNordisk\u201c p\u016bkin\u0117s \u0161lepet\u0117s"},"content":{"rendered":"<h1><img fetchpriority=\"high\" decoding=\"async\" class=\"alignnone wp-image-22221 size-thumbnail\" src=\"https:\/\/toidupakk.ee\/wp-content\/uploads\/2024\/04\/Sulesussid-1-500x500.png\" alt=\"mink\u0161tos p\u016bkin\u0117s \u0161lepet\u0117s\" width=\"500\" height=\"500\" srcset=\"https:\/\/toidupakk.ee\/wp-content\/uploads\/2024\/04\/Sulesussid-1-500x500.png 500w, https:\/\/toidupakk.ee\/wp-content\/uploads\/2024\/04\/Sulesussid-1-400x400.png 400w, https:\/\/toidupakk.ee\/wp-content\/uploads\/2024\/04\/Sulesussid-1-100x100.png 100w, https:\/\/toidupakk.ee\/wp-content\/uploads\/2024\/04\/Sulesussid-1-300x300.png 300w, https:\/\/toidupakk.ee\/wp-content\/uploads\/2024\/04\/Sulesussid-1-768x768.png 768w, https:\/\/toidupakk.ee\/wp-content\/uploads\/2024\/04\/Sulesussid-1.png 800w\" sizes=\"(max-width: 500px) 100vw, 500px\" \/><\/h1>\n<h1>P\u016bkin\u0117s \u0161lepet\u0117s \u2013 geriausios tavo koj\u0173 draug\u0117s po ilgo \u017eygio<\/h1>\n<h2>Idealus pasirinkimas \u017eygeiviams ir stovyklautojams<\/h2>\n<p>\u012esivaizduok, kaip po ilgos dienos gamtoje \u012f\u017eengi \u012f palapin\u0119, nusiauni \u017eygio batus ir \u012fsispiri \u012f itin mink\u0161tas bei \u0161iltas \u0161lepetes. B\u016btent toki\u0105 patirt\u012f tau suteikia <strong>p\u016bkin\u0117s \u0161lepet\u0117s<\/strong>. Jos sukurtos tiems, kurie m\u0117gsta \u017eygius ir stovyklavim\u0105, u\u017etikrinant did\u017eiausi\u0105 komfort\u0105 bei \u0161ilum\u0105 po varginan\u010dios dienos.  <\/p>\n<p>\u0160lepet\u0117s pagamintos i\u0161 kruop\u0161\u010diai parinkt\u0173 med\u017eiag\u0173, \u012fskaitant tikrus \u017e\u0105s\u0173 p\u016bkus (80 % p\u016bk\u0173 ir 20 % plunksn\u0173), kurie yra <strong>RDS sertifikuoti<\/strong>. Tai u\u017etikrina, kad gaminys b\u016bt\u0173 ne tik patogus ir \u0161iltas, bet ir pagamintas eti\u0161kai. D\u0117l i\u0161oriniame sluoksnyje naudojamo perdirbto nailono ir poliesterio p\u016bkin\u0117s \u0161lepet\u0117s taip pat yra draugi\u0161kos aplinkai. Itin mink\u0161tas pamu\u0161alas ir neslystantys padai leid\u017eia jas puikiai naudoti tiek palapin\u0117je, tiek namuose ant \u0161alt\u0173 grind\u0173.   <\/p>\n<p><img decoding=\"async\" class=\"alignnone wp-image-22220 size-thumbnail\" src=\"https:\/\/toidupakk.ee\/wp-content\/uploads\/2024\/04\/Sulesussid-3-500x500.png\" alt=\"\u201eNordisk\u201c p\u016bkin\u0117s \u0161lepet\u0117s su krep\u0161iu\" width=\"500\" height=\"500\" srcset=\"https:\/\/toidupakk.ee\/wp-content\/uploads\/2024\/04\/Sulesussid-3-500x500.png 500w, https:\/\/toidupakk.ee\/wp-content\/uploads\/2024\/04\/Sulesussid-3-400x400.png 400w, https:\/\/toidupakk.ee\/wp-content\/uploads\/2024\/04\/Sulesussid-3-100x100.png 100w, https:\/\/toidupakk.ee\/wp-content\/uploads\/2024\/04\/Sulesussid-3-300x300.png 300w, https:\/\/toidupakk.ee\/wp-content\/uploads\/2024\/04\/Sulesussid-3-768x768.png 768w, https:\/\/toidupakk.ee\/wp-content\/uploads\/2024\/04\/Sulesussid-3.png 800w\" sizes=\"(max-width: 500px) 100vw, 500px\" \/><\/p>\n<h2><strong>Kod\u0117l verta rinktis p\u016bkines \u0161lepetes?<\/strong><\/h2>\n<ul>\n<li><strong>I\u0161skirtinis komfortas:<\/strong> itin mink\u0161tas pamu\u0161alas apgaubia tavo kojas tarsi \u0161iltas debesis.<\/li>\n<li><strong>Kokyb\u0117 ir draugi\u0161kumas aplinkai:<\/strong> naudojame perdirbtas med\u017eiagas ir tikrus RDS sertifikuotus \u017e\u0105s\u0173 p\u016bkus.<\/li>\n<li><strong>Prakti\u0161kumas:<\/strong> \u0161lepet\u0117s sveria vos 160 g ir yra itin lengvai supakuojamos, tod\u0117l jos yra puikus kiekvieno \u017eygio palydovas.<\/li>\n<li><strong>Universalumas:<\/strong> tinka naudoti tiek lauke, tiek viduje (NB! neskirtos naudoti kaip lauko avalyn\u0117).<\/li>\n<\/ul>\n<p>Be prakti\u0161kumo ir komforto, p\u016bkin\u0117s \u0161lepet\u0117s yra \u012fvairi\u0173 spalv\u0173 bei dyd\u017ei\u0173, kad kiekvienas rast\u0173 sau tinkamas. Siunt\u0105 pristatysime greitai, per 1\u20133 darbo dienas, ir si\u016blome NEMOKAM\u0104 gr\u0105\u017einim\u0105 bei keitim\u0105, jei dydis netikt\u0173. <\/p>\n<p>\u012esid\u0117k savo p\u016bkines \u0161lepetes ir patirk nauj\u0105 komforto bei \u0161ilumos lyg\u012f \u017eygiuose! \ud83c\udf32<\/p>\n<p><img decoding=\"async\" class=\"alignnone size-full wp-image-22232\" src=\"https:\/\/toidupakk.ee\/wp-content\/uploads\/2024\/04\/3.png\" alt=\"\" width=\"100\" height=\"100\"> <img loading=\"lazy\" decoding=\"async\" class=\"alignnone size-full wp-image-22233\" src=\"https:\/\/toidupakk.ee\/wp-content\/uploads\/2024\/04\/4.png\" alt=\"\" width=\"100\" height=\"100\"> <img loading=\"lazy\" decoding=\"async\" class=\"alignnone size-full wp-image-22234\" src=\"https:\/\/toidupakk.ee\/wp-content\/uploads\/2024\/04\/5.png\" alt=\"\" width=\"100\" height=\"100\"> <img loading=\"lazy\" decoding=\"async\" class=\"alignnone size-full wp-image-22235\" src=\"https:\/\/toidupakk.ee\/wp-content\/uploads\/2024\/04\/6.png\" alt=\"\" width=\"100\" height=\"100\"><\/p>\n<p>Daugiau \u017eygio preki\u0173 rasi <a href=\"https:\/\/toidupakk.ee\/lt\/tootekategooria\/zygio-iranga\/#section-3-79\">\u010cIA<\/a><\/p>\n<p>Pasisemk \u012fkv\u0117pimo kitiems nuotykiams Toidupakk <a href=\"https:\/\/www.instagram.com\/toidupakk\/\">Instagram<\/a> ir <a href=\"https:\/\/www.facebook.com\/Toidupakk\/\">Facebook<\/a> paskyrose.<\/p>\n","protected":false},"excerpt":{"rendered":"<p><strong>Itin mink\u0161tos ir \u0161iltos p\u016bkin\u0117s \u0161lepet\u0117s. Skirtos naudoti palapin\u0117je po ilgo \u017eygio ar kelion\u0117s, kad pavargusios ir galb\u016bt nutrintos kojos gal\u0117t\u0173 pails\u0117ti. Taip pat avimos miegant \u0161altu oru arba kambariuose su \u0161altomis grindimis.   <\/strong><\/p>\n<ul>\n<li>U\u017etikrina \u0161ilumos ir mink\u0161tumo poj\u016bt\u012f<\/li>\n<li>P\u016bkin\u0117se \u0161lepet\u0117se yra tikr\u0173 \u017e\u0105s\u0173 p\u016bk\u0173 (80 % p\u016bk\u0173, 20 % plunksn\u0173), RDS sertifikuota<\/li>\n<li>Itin mink\u0161tas pamu\u0161alas<\/li>\n<li>Neslystantys padai<\/li>\n<li>\u0160lepe\u010di\u0173 vir\u0161uje yra elastinga virvel\u0117, kad geriau i\u0161laikyt\u0173 \u0161ilum\u0105<\/li>\n<li>I\u0161orinio sluoksnio med\u017eiaga: perdirbtas nailonas ir poliesteris<\/li>\n<li>Komplekte yra prie kuprin\u0117s tvirtinamas kompakti\u0161kas krep\u0161ys su u\u017etrauktuku<\/li>\n<li>Gamintojas: \u201eNordisk\u201c<\/li>\n<li>Svoris: 160 g<\/li>\n<li>Spalva: oran\u017ein\u0117 arba \u017ealia<\/li>\n<\/ul>\n<p><img loading=\"lazy\" decoding=\"async\" class=\"alignnone size-full wp-image-22230\" src=\"https:\/\/toidupakk.ee\/wp-content\/uploads\/2024\/04\/Nordisk-logo.png\" alt=\"\" width=\"100\" height=\"100\"><\/p>\n<p>\u2705 Greitas pristatymas per 1\u20133 darbo dienas<br \/>\n\u2705 NEMOKAMAS gr\u0105\u017einimas ir keitimas, jei dydis netinka<\/p>\n","protected":false},"featured_media":22221,"comment_status":"open","ping_status":"closed","template":"","meta":{"_acf_changed":false},"product_brand":[],"product_cat":[224,223,189,190],"product_tag":[],"class_list":{"0":"post-46484","1":"product","2":"type-product","3":"status-publish","4":"has-post-thumbnail","6":"product_cat-avalyne","7":"product_cat-zygio-batai","8":"product_cat-zygio-iranga","9":"product_cat-zygio-prekes","11":"first","12":"instock","13":"taxable","14":"shipping-taxable","15":"purchasable","16":"product-type-variable","17":"has-default-attributes"},"bundled_by":[],"bundle_stock_status":"instock","bundle_stock_quantity":null,"bundle_virtual":false,"bundle_layout":"","bundle_add_to_cart_form_location":"","bundle_editable_in_cart":false,"bundle_sold_individually_context":"","bundle_item_grouping":"","bundle_min_size":"","bundle_max_size":"","bundle_price":[],"bundled_items":[],"bundle_sell_ids":[],"acf":[],"yoast_head":"<!-- This site is optimized with the Yoast SEO plugin v27.1.1 - https:\/\/yoast.com\/product\/yoast-seo-wordpress\/ -->\n<title>\u201eNordisk\u201c p\u016bkin\u0117s \u0161lepet\u0117s<\/title>\n<meta name=\"description\" content=\"P\u016bkin\u0117s \u0161lepet\u0117s, skirtos pailsinti pavargusias kojas po ilgo \u017eygio. Tikri \u017e\u0105s\u0173 p\u016bkai (80 % p\u016bk\u0173, 20 % plunksn\u0173), RDS sertifikuota.\" \/>\n<meta name=\"robots\" content=\"index, follow, max-snippet:-1, max-image-preview:large, max-video-preview:-1\" \/>\n<link rel=\"canonical\" href=\"https:\/\/toidupakk.ee\/lt\/toode\/nordisk-pukines-slepetes\/\" \/>\n<meta property=\"og:locale\" content=\"lt_LT\" \/>\n<meta property=\"og:type\" content=\"article\" \/>\n<meta property=\"og:title\" content=\"\u201eNordisk\u201c p\u016bkin\u0117s \u0161lepet\u0117s\" \/>\n<meta property=\"og:description\" content=\"P\u016bkin\u0117s \u0161lepet\u0117s, skirtos pailsinti pavargusias kojas po ilgo \u017eygio. Tikri \u017e\u0105s\u0173 p\u016bkai (80 % p\u016bk\u0173, 20 % plunksn\u0173), RDS sertifikuota.\" \/>\n<meta property=\"og:url\" content=\"https:\/\/toidupakk.ee\/lt\/toode\/nordisk-pukines-slepetes\/\" \/>\n<meta property=\"og:site_name\" content=\"Toidupakk.ee - Tactical Foodpack toidupakid\" \/>\n<meta property=\"article:publisher\" content=\"https:\/\/www.facebook.com\/Toidupakk\" \/>\n<meta property=\"article:modified_time\" content=\"2026-04-03T21:01:41+00:00\" \/>\n<meta property=\"og:image\" content=\"https:\/\/toidupakk.ee\/wp-content\/uploads\/2024\/04\/Sulesussid-1.png\" \/>\n\t<meta property=\"og:image:width\" content=\"800\" \/>\n\t<meta property=\"og:image:height\" content=\"800\" \/>\n\t<meta property=\"og:image:type\" content=\"image\/png\" \/>\n<meta name=\"twitter:card\" content=\"summary_large_image\" \/>\n<meta name=\"twitter:label1\" content=\"Est. reading time\" \/>\n\t<meta name=\"twitter:data1\" content=\"1 minut\u0117\" \/>\n<script type=\"application\/ld+json\" class=\"yoast-schema-graph\">{\"@context\":\"https:\/\/schema.org\",\"@graph\":[{\"@type\":\"WebPage\",\"@id\":\"https:\/\/toidupakk.ee\/lt\/toode\/nordisk-pukines-slepetes\/\",\"url\":\"https:\/\/toidupakk.ee\/lt\/toode\/nordisk-pukines-slepetes\/\",\"name\":\"\u201eNordisk\u201c p\u016bkin\u0117s \u0161lepet\u0117s\",\"isPartOf\":{\"@id\":\"https:\/\/toidupakk.ee\/lt\/#website\"},\"primaryImageOfPage\":{\"@id\":\"https:\/\/toidupakk.ee\/lt\/toode\/nordisk-pukines-slepetes\/#primaryimage\"},\"image\":{\"@id\":\"https:\/\/toidupakk.ee\/lt\/toode\/nordisk-pukines-slepetes\/#primaryimage\"},\"thumbnailUrl\":\"https:\/\/toidupakk.ee\/wp-content\/uploads\/2024\/04\/Sulesussid-1.png\",\"datePublished\":\"2024-04-19T15:06:15+00:00\",\"dateModified\":\"2026-04-03T21:01:41+00:00\",\"description\":\"P\u016bkin\u0117s \u0161lepet\u0117s, skirtos pailsinti pavargusias kojas po ilgo \u017eygio. Tikri \u017e\u0105s\u0173 p\u016bkai (80 % p\u016bk\u0173, 20 % plunksn\u0173), RDS sertifikuota.\",\"breadcrumb\":{\"@id\":\"https:\/\/toidupakk.ee\/lt\/toode\/nordisk-pukines-slepetes\/#breadcrumb\"},\"inLanguage\":\"lt-LT\",\"potentialAction\":[{\"@type\":\"ReadAction\",\"target\":[\"https:\/\/toidupakk.ee\/lt\/toode\/nordisk-pukines-slepetes\/\"]}]},{\"@type\":\"ImageObject\",\"inLanguage\":\"lt-LT\",\"@id\":\"https:\/\/toidupakk.ee\/lt\/toode\/nordisk-pukines-slepetes\/#primaryimage\",\"url\":\"https:\/\/toidupakk.ee\/wp-content\/uploads\/2024\/04\/Sulesussid-1.png\",\"contentUrl\":\"https:\/\/toidupakk.ee\/wp-content\/uploads\/2024\/04\/Sulesussid-1.png\",\"width\":800,\"height\":800,\"caption\":\"pehmed sulesussid\"},{\"@type\":\"BreadcrumbList\",\"@id\":\"https:\/\/toidupakk.ee\/lt\/toode\/nordisk-pukines-slepetes\/#breadcrumb\",\"itemListElement\":[{\"@type\":\"ListItem\",\"position\":1,\"name\":\"Avaleht\",\"item\":\"https:\/\/toidupakk.ee\/lt\/\"},{\"@type\":\"ListItem\",\"position\":2,\"name\":\"El. parduotuv\u0117\",\"item\":\"https:\/\/toidupakk.ee\/lt\/el-parduotuve\/\"},{\"@type\":\"ListItem\",\"position\":3,\"name\":\"\u201eNordisk\u201c p\u016bkin\u0117s \u0161lepet\u0117s\"}]},{\"@type\":\"WebSite\",\"@id\":\"https:\/\/toidupakk.ee\/lt\/#website\",\"url\":\"https:\/\/toidupakk.ee\/lt\/\",\"name\":\"Toidupakk.ee - Tactical Foodpack toidupakid\",\"description\":\"Tactical Foodpack k\u00fclmkuivatatud toidupakid ja matkaeined\",\"publisher\":{\"@id\":\"https:\/\/toidupakk.ee\/lt\/#organization\"},\"potentialAction\":[{\"@type\":\"SearchAction\",\"target\":{\"@type\":\"EntryPoint\",\"urlTemplate\":\"https:\/\/toidupakk.ee\/lt\/?s={search_term_string}\"},\"query-input\":{\"@type\":\"PropertyValueSpecification\",\"valueRequired\":true,\"valueName\":\"search_term_string\"}}],\"inLanguage\":\"lt-LT\"},{\"@type\":\"Organization\",\"@id\":\"https:\/\/toidupakk.ee\/lt\/#organization\",\"name\":\"Tactical Foodpack matkaeined\",\"url\":\"https:\/\/toidupakk.ee\/lt\/\",\"logo\":{\"@type\":\"ImageObject\",\"inLanguage\":\"lt-LT\",\"@id\":\"https:\/\/toidupakk.ee\/lt\/#\/schema\/logo\/image\/\",\"url\":\"https:\/\/toidupakk.ee\/wp-content\/uploads\/2022\/01\/Toidupakk-matkapood-logo-transparent.png\",\"contentUrl\":\"https:\/\/toidupakk.ee\/wp-content\/uploads\/2022\/01\/Toidupakk-matkapood-logo-transparent.png\",\"width\":500,\"height\":500,\"caption\":\"Tactical Foodpack matkaeined\"},\"image\":{\"@id\":\"https:\/\/toidupakk.ee\/lt\/#\/schema\/logo\/image\/\"},\"sameAs\":[\"https:\/\/www.facebook.com\/Toidupakk\",\"https:\/\/www.instagram.com\/toidupakk\/\"]}]}<\/script>\n<!-- \/ Yoast SEO plugin. -->","yoast_head_json":{"title":"\u201eNordisk\u201c p\u016bkin\u0117s \u0161lepet\u0117s","description":"P\u016bkin\u0117s \u0161lepet\u0117s, skirtos pailsinti pavargusias kojas po ilgo \u017eygio. Tikri \u017e\u0105s\u0173 p\u016bkai (80 % p\u016bk\u0173, 20 % plunksn\u0173), RDS sertifikuota.","robots":{"index":"index","follow":"follow","max-snippet":"max-snippet:-1","max-image-preview":"max-image-preview:large","max-video-preview":"max-video-preview:-1"},"canonical":"https:\/\/toidupakk.ee\/lt\/toode\/nordisk-pukines-slepetes\/","og_locale":"lt_LT","og_type":"article","og_title":"\u201eNordisk\u201c p\u016bkin\u0117s \u0161lepet\u0117s","og_description":"P\u016bkin\u0117s \u0161lepet\u0117s, skirtos pailsinti pavargusias kojas po ilgo \u017eygio. Tikri \u017e\u0105s\u0173 p\u016bkai (80 % p\u016bk\u0173, 20 % plunksn\u0173), RDS sertifikuota.","og_url":"https:\/\/toidupakk.ee\/lt\/toode\/nordisk-pukines-slepetes\/","og_site_name":"Toidupakk.ee - Tactical Foodpack toidupakid","article_publisher":"https:\/\/www.facebook.com\/Toidupakk","article_modified_time":"2026-04-03T21:01:41+00:00","og_image":[{"width":800,"height":800,"url":"https:\/\/toidupakk.ee\/wp-content\/uploads\/2024\/04\/Sulesussid-1.png","type":"image\/png"}],"twitter_card":"summary_large_image","twitter_misc":{"Est. reading time":"1 minut\u0117"},"schema":{"@context":"https:\/\/schema.org","@graph":[{"@type":"WebPage","@id":"https:\/\/toidupakk.ee\/lt\/toode\/nordisk-pukines-slepetes\/","url":"https:\/\/toidupakk.ee\/lt\/toode\/nordisk-pukines-slepetes\/","name":"\u201eNordisk\u201c p\u016bkin\u0117s \u0161lepet\u0117s","isPartOf":{"@id":"https:\/\/toidupakk.ee\/lt\/#website"},"primaryImageOfPage":{"@id":"https:\/\/toidupakk.ee\/lt\/toode\/nordisk-pukines-slepetes\/#primaryimage"},"image":{"@id":"https:\/\/toidupakk.ee\/lt\/toode\/nordisk-pukines-slepetes\/#primaryimage"},"thumbnailUrl":"https:\/\/toidupakk.ee\/wp-content\/uploads\/2024\/04\/Sulesussid-1.png","datePublished":"2024-04-19T15:06:15+00:00","dateModified":"2026-04-03T21:01:41+00:00","description":"P\u016bkin\u0117s \u0161lepet\u0117s, skirtos pailsinti pavargusias kojas po ilgo \u017eygio. Tikri \u017e\u0105s\u0173 p\u016bkai (80 % p\u016bk\u0173, 20 % plunksn\u0173), RDS sertifikuota.","breadcrumb":{"@id":"https:\/\/toidupakk.ee\/lt\/toode\/nordisk-pukines-slepetes\/#breadcrumb"},"inLanguage":"lt-LT","potentialAction":[{"@type":"ReadAction","target":["https:\/\/toidupakk.ee\/lt\/toode\/nordisk-pukines-slepetes\/"]}]},{"@type":"ImageObject","inLanguage":"lt-LT","@id":"https:\/\/toidupakk.ee\/lt\/toode\/nordisk-pukines-slepetes\/#primaryimage","url":"https:\/\/toidupakk.ee\/wp-content\/uploads\/2024\/04\/Sulesussid-1.png","contentUrl":"https:\/\/toidupakk.ee\/wp-content\/uploads\/2024\/04\/Sulesussid-1.png","width":800,"height":800,"caption":"pehmed sulesussid"},{"@type":"BreadcrumbList","@id":"https:\/\/toidupakk.ee\/lt\/toode\/nordisk-pukines-slepetes\/#breadcrumb","itemListElement":[{"@type":"ListItem","position":1,"name":"Avaleht","item":"https:\/\/toidupakk.ee\/lt\/"},{"@type":"ListItem","position":2,"name":"El. parduotuv\u0117","item":"https:\/\/toidupakk.ee\/lt\/el-parduotuve\/"},{"@type":"ListItem","position":3,"name":"\u201eNordisk\u201c p\u016bkin\u0117s \u0161lepet\u0117s"}]},{"@type":"WebSite","@id":"https:\/\/toidupakk.ee\/lt\/#website","url":"https:\/\/toidupakk.ee\/lt\/","name":"Toidupakk.ee - Tactical Foodpack toidupakid","description":"Tactical Foodpack k\u00fclmkuivatatud toidupakid ja matkaeined","publisher":{"@id":"https:\/\/toidupakk.ee\/lt\/#organization"},"potentialAction":[{"@type":"SearchAction","target":{"@type":"EntryPoint","urlTemplate":"https:\/\/toidupakk.ee\/lt\/?s={search_term_string}"},"query-input":{"@type":"PropertyValueSpecification","valueRequired":true,"valueName":"search_term_string"}}],"inLanguage":"lt-LT"},{"@type":"Organization","@id":"https:\/\/toidupakk.ee\/lt\/#organization","name":"Tactical Foodpack matkaeined","url":"https:\/\/toidupakk.ee\/lt\/","logo":{"@type":"ImageObject","inLanguage":"lt-LT","@id":"https:\/\/toidupakk.ee\/lt\/#\/schema\/logo\/image\/","url":"https:\/\/toidupakk.ee\/wp-content\/uploads\/2022\/01\/Toidupakk-matkapood-logo-transparent.png","contentUrl":"https:\/\/toidupakk.ee\/wp-content\/uploads\/2022\/01\/Toidupakk-matkapood-logo-transparent.png","width":500,"height":500,"caption":"Tactical Foodpack matkaeined"},"image":{"@id":"https:\/\/toidupakk.ee\/lt\/#\/schema\/logo\/image\/"},"sameAs":["https:\/\/www.facebook.com\/Toidupakk","https:\/\/www.instagram.com\/toidupakk\/"]}]}},"jetpack_sharing_enabled":true,"_links":{"self":[{"href":"https:\/\/toidupakk.ee\/lt\/wp-json\/wp\/v2\/product\/46484","targetHints":{"allow":["GET"]}}],"collection":[{"href":"https:\/\/toidupakk.ee\/lt\/wp-json\/wp\/v2\/product"}],"about":[{"href":"https:\/\/toidupakk.ee\/lt\/wp-json\/wp\/v2\/types\/product"}],"replies":[{"embeddable":true,"href":"https:\/\/toidupakk.ee\/lt\/wp-json\/wp\/v2\/comments?post=46484"}],"wp:featuredmedia":[{"embeddable":true,"href":"https:\/\/toidupakk.ee\/lt\/wp-json\/wp\/v2\/media\/22221"}],"wp:attachment":[{"href":"https:\/\/toidupakk.ee\/lt\/wp-json\/wp\/v2\/media?parent=46484"}],"wp:term":[{"taxonomy":"product_brand","embeddable":true,"href":"https:\/\/toidupakk.ee\/lt\/wp-json\/wp\/v2\/product_brand?post=46484"},{"taxonomy":"product_cat","embeddable":true,"href":"https:\/\/toidupakk.ee\/lt\/wp-json\/wp\/v2\/product_cat?post=46484"},{"taxonomy":"product_tag","embeddable":true,"href":"https:\/\/toidupakk.ee\/lt\/wp-json\/wp\/v2\/product_tag?post=46484"}],"curies":[{"name":"wp","href":"https:\/\/api.w.org\/{rel}","templated":true}]}}