{"id":46455,"date":"2024-04-18T15:04:54","date_gmt":"2024-04-18T12:04:54","guid":{"rendered":"https:\/\/toidupakk.ee\/toode\/baltyminis-batonelis-iconfit-quicky-35-g\/"},"modified":"2026-04-29T18:31:55","modified_gmt":"2026-04-29T15:31:55","slug":"baltyminis-batonelis-iconfit-quicky-35-g","status":"publish","type":"product","link":"https:\/\/toidupakk.ee\/lt\/toode\/baltyminis-batonelis-iconfit-quicky-35-g\/","title":{"rendered":"Baltyminis baton\u0117lis ICONFIT QUICKY (35 g)"},"content":{"rendered":"<p><img fetchpriority=\"high\" decoding=\"async\" class=\"alignnone wp-image-26451 size-thumbnail\" src=\"https:\/\/toidupakk.ee\/wp-content\/uploads\/2024\/04\/Iconbar-proteiinibatoon-iconfit-500x500.png\" alt=\"iconfit quicky\" width=\"500\" height=\"500\" srcset=\"https:\/\/toidupakk.ee\/wp-content\/uploads\/2024\/04\/Iconbar-proteiinibatoon-iconfit-500x500.png 500w, https:\/\/toidupakk.ee\/wp-content\/uploads\/2024\/04\/Iconbar-proteiinibatoon-iconfit-400x400.png 400w, https:\/\/toidupakk.ee\/wp-content\/uploads\/2024\/04\/Iconbar-proteiinibatoon-iconfit-100x100.png 100w, https:\/\/toidupakk.ee\/wp-content\/uploads\/2024\/04\/Iconbar-proteiinibatoon-iconfit-300x300.png 300w, https:\/\/toidupakk.ee\/wp-content\/uploads\/2024\/04\/Iconbar-proteiinibatoon-iconfit.png 540w\" sizes=\"(max-width: 500px) 100vw, 500px\" \/><\/p>\n<h1>Baltyminis baton\u0117lis ICONFIT QUICKY \u2013 jei ie\u0161kai ko nors, kas suteikt\u0173 j\u0117g\u0173 ir energijos be dideli\u0173 pastang\u0173<\/h1>\n<p>Tokiu atveju ICONFIT QUICKY baltyminis baton\u0117lis skirtas b\u016btent Tau! \u0160is nuostabus 35 gram\u0173 u\u017ekandis yra tikras skonio potyris, puikiai papildantis Tavo aktyv\u0173 gyvenimo b\u016bd\u0105. <\/p>\n<p>QUICKY baton\u0117liai pasi\u017eymi puikiu skoniu ir tekst\u016bra \u2013 tarsi apkabinimas Tavo skonio receptoriams! Gali rinktis i\u0161 dviej\u0173 neatsispiriam\u0173 skoni\u0173: klasikinio \u0161okolado ir gaivaus \u017eem\u0117s rie\u0161ut\u0173. Sunku i\u0161sirinkti? Pasiimk abu ir m\u0117gaukis!   <\/p>\n<p><img decoding=\"async\" class=\"alignnone wp-image-22197 size-thumbnail\" src=\"https:\/\/toidupakk.ee\/wp-content\/uploads\/2024\/04\/Proteiinibatoon-ICONFIT-QUICKY-1-500x500.jpg\" alt=\"iconfit baltyminis baton\u0117lis automobilyje\" width=\"500\" height=\"500\" srcset=\"https:\/\/toidupakk.ee\/wp-content\/uploads\/2024\/04\/Proteiinibatoon-ICONFIT-QUICKY-1-500x500.jpg 500w, https:\/\/toidupakk.ee\/wp-content\/uploads\/2024\/04\/Proteiinibatoon-ICONFIT-QUICKY-1-400x400.jpg 400w, https:\/\/toidupakk.ee\/wp-content\/uploads\/2024\/04\/Proteiinibatoon-ICONFIT-QUICKY-1-100x100.jpg 100w, https:\/\/toidupakk.ee\/wp-content\/uploads\/2024\/04\/Proteiinibatoon-ICONFIT-QUICKY-1-300x300.jpg 300w, https:\/\/toidupakk.ee\/wp-content\/uploads\/2024\/04\/Proteiinibatoon-ICONFIT-QUICKY-1-768x768.jpg 768w, https:\/\/toidupakk.ee\/wp-content\/uploads\/2024\/04\/Proteiinibatoon-ICONFIT-QUICKY-1.jpg 800w\" sizes=\"(max-width: 500px) 100vw, 500px\" \/><\/p>\n<h2>Kuo ICONFIT QUICKY baltyminis baton\u0117lis toks ypatingas?<\/h2>\n<p>Kiekviename k\u0105snyje yra 33 % baltym\u0173 ir daugiau nei 8 % skaidul\u0173, kurios padeda jaustis so\u010diam ir pamaitintam. Baltymai yra geriausi Tavo raumen\u0173 draugai \u2013 jie padeda i\u0161laikyti bei auginti raumen\u0173 mas\u0119 ir stiprina kaulus. Skaidulos r\u016bpinasi Tavo vir\u0161kinimu, palaiko normali\u0105 \u017earnyno veikl\u0105 ir padeda i\u0161saugoti sotumo jausm\u0105.  <\/p>\n<p>M\u0117gaukis QUICKY baton\u0117liu, kai tik prireikia greito, bet maistingo energijos antpl\u016bd\u017eio \u2013 prie\u0161 treniruot\u0119, po intensyvaus sporto ar tiesiog kaip greitu u\u017ekand\u017eiu dienos metu. \u0160ie baton\u0117liai yra ideal\u016bs palydovai kiekvienam sportiniam nuotykiui, visada pasiruo\u0161\u0119 suteikti skani\u0173 ir energing\u0173 akimirk\u0173. <\/p>\n<p><strong>Kaip naudoti?<\/strong> Griebk QUICKY baton\u0117l\u012f, kai pajunti alk\u012f ar prireikia greito energijos u\u017etaiso. Derink j\u012f su ICONFIT <a href=\"https:\/\/toidupakk.ee\/toode\/iconfit-diet-shake\/\">Diet Shake<\/a>, jei nori pakeisti pilnavert\u012f valg\u012f. D\u0117mesio: per didelis vartojimas gali pakenkti \u017earnynui, tod\u0117l m\u0117gaukis saikingai!  <\/p>\n<p>Baltyminiai baton\u0117liai ilgai negenda ir nebijo ekstremali\u0173 temperat\u016br\u0173. Tod\u0117l verta kelis baton\u0117lius tur\u0117ti automobilio daiktad\u0117\u017e\u0117je, sportiniame krep\u0161yje ar rankin\u0117je. Niekada ne\u017einai, kada netik\u0117tai prireiks greitos energijos ar u\u017ekand\u017eio.  <\/p>\n<p>QUICKY \u2013 Tavo skanus ir sveikas pasirinkimas greitai energijai bet kada ir bet kur. I\u0161bandyk ir \u012fsitikink pats! <\/p>\n<p><img decoding=\"async\" class=\"alignnone wp-image-27342 size-thumbnail\" src=\"https:\/\/toidupakk.ee\/wp-content\/uploads\/2024\/04\/Iconfit-Quicky-energiabatoon-sinise-sargiga-500x500.jpg\" alt=\"\" width=\"500\" height=\"500\" srcset=\"https:\/\/toidupakk.ee\/wp-content\/uploads\/2024\/04\/Iconfit-Quicky-energiabatoon-sinise-sargiga-500x500.jpg 500w, https:\/\/toidupakk.ee\/wp-content\/uploads\/2024\/04\/Iconfit-Quicky-energiabatoon-sinise-sargiga-400x400.jpg 400w, https:\/\/toidupakk.ee\/wp-content\/uploads\/2024\/04\/Iconfit-Quicky-energiabatoon-sinise-sargiga-100x100.jpg 100w\" sizes=\"(max-width: 500px) 100vw, 500px\" \/><\/p>\n<p>&nbsp;<\/p>\n<h3>ICONFIT kokyb\u0117 ir r\u016bpestis<\/h3>\n<p>ICONFIT produktai sukurti Estijoje ir remiasi auk\u0161\u010diausiais Europos kokyb\u0117s standartais. Savo produktus kuriame kartu su mitybos specialistais, sportininkais ir maisto technologais. <\/p>\n<p>ICONFIT produktuose n\u0117ra nereikaling\u0173 dirbtini\u0173 stabilizatori\u0173, da\u017eikli\u0173 ar konservant\u0173. M\u016bs\u0173 klientai gr\u012f\u017eta v\u0117l ir v\u0117l d\u0117l m\u016bs\u0173 kokyb\u0117s, grynumo ir puikaus skonio. <\/p>\n<p><img loading=\"lazy\" decoding=\"async\" class=\"alignnone wp-image-15624 size-medium\" src=\"https:\/\/toidupakk.ee\/wp-content\/uploads\/2023\/11\/ICONFIT-kollageeni-pulber-liigestele-5-300x300.png\" alt=\"iconfit logotipas\" width=\"300\" height=\"300\" srcset=\"https:\/\/toidupakk.ee\/wp-content\/uploads\/2023\/11\/ICONFIT-kollageeni-pulber-liigestele-5-300x300.png 300w, https:\/\/toidupakk.ee\/wp-content\/uploads\/2023\/11\/ICONFIT-kollageeni-pulber-liigestele-5-400x400.png 400w, https:\/\/toidupakk.ee\/wp-content\/uploads\/2023\/11\/ICONFIT-kollageeni-pulber-liigestele-5-100x100.png 100w, https:\/\/toidupakk.ee\/wp-content\/uploads\/2023\/11\/ICONFIT-kollageeni-pulber-liigestele-5-500x500.png 500w, https:\/\/toidupakk.ee\/wp-content\/uploads\/2023\/11\/ICONFIT-kollageeni-pulber-liigestele-5-768x768.png 768w, https:\/\/toidupakk.ee\/wp-content\/uploads\/2023\/11\/ICONFIT-kollageeni-pulber-liigestele-5.png 800w\" sizes=\"(max-width: 300px) 100vw, 300px\" \/><\/p>\n<p>Pasisemk \u012fkv\u0117pimo kitiems nuotykiams Toidupakk <a href=\"https:\/\/www.instagram.com\/toidupakk\/\">Instagram<\/a> ir <a href=\"https:\/\/www.facebook.com\/Toidupakk\/\">Facebook<\/a> paskyrose.<\/p>\n","protected":false},"excerpt":{"rendered":"<p><strong>ICONFIT QUICKY baltyminiai baton\u0117liai \u2013 skan\u016bs, sveiki ir greiti baltym\u0173 \u0161altiniai! <\/strong>Puikus skonis, maloni tekst\u016bra ir kokybi\u0161ki ingredientai paver\u010dia QUICKY idealiu u\u017ekand\u017eiu aktyviems \u017emon\u0117ms, vertinantiems sveik\u0105 mityb\u0105 ir nenorintiems atsisakyti gero skonio.<\/p>\n<ul>\n<li><strong>Idealiai tinka aktyviam gyvenimo b\u016bdui.<\/strong> QUICKY baton\u0117liai paruo\u0161ti m\u0117gautis i\u0161kart, nesvarbu, ar Tau reikia baltymingo u\u017ekand\u017eio, ar tiesiog sveikesnio saldumyno<strong>.<\/strong><\/li>\n<li><b>Daug baltym\u0173 ir skaidul\u0173.<\/b> Kiekviename baton\u0117lyje yra 33 % baltym\u0173 ir vir\u0161 8 % skaidul\u0173. Priklausomai nuo skonio, viename baton\u0117lyje yra 135 arba 136 kcal. <\/li>\n<li><b>Rinkis i\u0161 dviej\u0173 puiki\u0173 skoni\u0173.<\/b> \u0160okoladas ir \u017eem\u0117s rie\u0161utai. Sunku apsispr\u0119sti? Kod\u0117l nei\u0161band\u017eius abiej\u0173?  <\/li>\n<\/ul>\n<p>\u2705 Turime sand\u0117lyje, greitas pristatymas per 1\u20133 darbo dienas<\/p>\n","protected":false},"featured_media":46468,"comment_status":"open","ping_status":"closed","template":"","meta":{"_acf_changed":false},"product_brand":[],"product_cat":[214,248,189,190],"product_tag":[194],"class_list":{"0":"post-46455","1":"product","2":"type-product","3":"status-publish","4":"has-post-thumbnail","6":"product_cat-energijos-batoneliai","7":"product_cat-energiniai-geliai","8":"product_cat-zygio-iranga","9":"product_cat-zygio-prekes","10":"product_tag-no_ads","12":"first","13":"instock","14":"taxable","15":"shipping-taxable","16":"purchasable","17":"product-type-variable","18":"has-default-attributes"},"bundled_by":[],"bundle_stock_status":"instock","bundle_stock_quantity":null,"bundle_virtual":false,"bundle_layout":"","bundle_add_to_cart_form_location":"","bundle_editable_in_cart":false,"bundle_sold_individually_context":"","bundle_item_grouping":"","bundle_min_size":"","bundle_max_size":"","bundle_price":[],"bundled_items":[],"bundle_sell_ids":[],"acf":[],"yoast_head":"<!-- This site is optimized with the Yoast SEO plugin v27.3 - https:\/\/yoast.com\/product\/yoast-seo-wordpress\/ -->\n<title>Baltyminis baton\u0117lis ICONFIT QUICKY (35 g)<\/title>\n<meta name=\"description\" content=\"Kiekviename ICONFIT QUICKY baltyminiame baton\u0117lyje yra 33 % baltym\u0173 ir 8 % skaidul\u0173, padedan\u010di\u0173 auginti raumen\u0173 mas\u0119 ir suteikian\u010di\u0173 greit\u0105 bei maisting\u0105 energijos u\u017etais\u0105.\" \/>\n<meta name=\"robots\" content=\"index, follow, max-snippet:-1, max-image-preview:large, max-video-preview:-1\" \/>\n<link rel=\"canonical\" href=\"https:\/\/toidupakk.ee\/lt\/toode\/baltyminis-batonelis-iconfit-quicky-35-g\/\" \/>\n<meta property=\"og:locale\" content=\"lt_LT\" \/>\n<meta property=\"og:type\" content=\"article\" \/>\n<meta property=\"og:title\" content=\"Baltyminis baton\u0117lis ICONFIT QUICKY (35 g)\" \/>\n<meta property=\"og:description\" content=\"Kiekviename ICONFIT QUICKY baltyminiame baton\u0117lyje yra 33 % baltym\u0173 ir 8 % skaidul\u0173, padedan\u010di\u0173 auginti raumen\u0173 mas\u0119 ir suteikian\u010di\u0173 greit\u0105 bei maisting\u0105 energijos u\u017etais\u0105.\" \/>\n<meta property=\"og:url\" content=\"https:\/\/toidupakk.ee\/lt\/toode\/baltyminis-batonelis-iconfit-quicky-35-g\/\" \/>\n<meta property=\"og:site_name\" content=\"Toidupakk.ee - Tactical Foodpack toidupakid\" \/>\n<meta property=\"article:publisher\" content=\"https:\/\/www.facebook.com\/Toidupakk\" \/>\n<meta property=\"article:modified_time\" content=\"2026-04-29T15:31:55+00:00\" \/>\n<meta property=\"og:image\" content=\"https:\/\/toidupakk.ee\/wp-content\/uploads\/2024\/04\/Proteiinibatoon-ICONFIT-QUICKY.png\" \/>\n\t<meta property=\"og:image:width\" content=\"800\" \/>\n\t<meta property=\"og:image:height\" content=\"800\" \/>\n\t<meta property=\"og:image:type\" content=\"image\/png\" \/>\n<meta name=\"twitter:card\" content=\"summary_large_image\" \/>\n<meta name=\"twitter:label1\" content=\"Est. reading time\" \/>\n\t<meta name=\"twitter:data1\" content=\"2 minut\u0117s\" \/>\n<script type=\"application\/ld+json\" class=\"yoast-schema-graph\">{\"@context\":\"https:\\\/\\\/schema.org\",\"@graph\":[{\"@type\":\"WebPage\",\"@id\":\"https:\\\/\\\/toidupakk.ee\\\/lt\\\/toode\\\/baltyminis-batonelis-iconfit-quicky-35-g\\\/\",\"url\":\"https:\\\/\\\/toidupakk.ee\\\/lt\\\/toode\\\/baltyminis-batonelis-iconfit-quicky-35-g\\\/\",\"name\":\"Baltyminis baton\u0117lis ICONFIT QUICKY (35 g)\",\"isPartOf\":{\"@id\":\"https:\\\/\\\/toidupakk.ee\\\/lt\\\/#website\"},\"primaryImageOfPage\":{\"@id\":\"https:\\\/\\\/toidupakk.ee\\\/lt\\\/toode\\\/baltyminis-batonelis-iconfit-quicky-35-g\\\/#primaryimage\"},\"image\":{\"@id\":\"https:\\\/\\\/toidupakk.ee\\\/lt\\\/toode\\\/baltyminis-batonelis-iconfit-quicky-35-g\\\/#primaryimage\"},\"thumbnailUrl\":\"https:\\\/\\\/toidupakk.ee\\\/wp-content\\\/uploads\\\/2024\\\/04\\\/Proteiinibatoon-ICONFIT-QUICKY.png\",\"datePublished\":\"2024-04-18T12:04:54+00:00\",\"dateModified\":\"2026-04-29T15:31:55+00:00\",\"description\":\"Kiekviename ICONFIT QUICKY baltyminiame baton\u0117lyje yra 33 % baltym\u0173 ir 8 % skaidul\u0173, padedan\u010di\u0173 auginti raumen\u0173 mas\u0119 ir suteikian\u010di\u0173 greit\u0105 bei maisting\u0105 energijos u\u017etais\u0105.\",\"breadcrumb\":{\"@id\":\"https:\\\/\\\/toidupakk.ee\\\/lt\\\/toode\\\/baltyminis-batonelis-iconfit-quicky-35-g\\\/#breadcrumb\"},\"inLanguage\":\"lt-LT\",\"potentialAction\":[{\"@type\":\"ReadAction\",\"target\":[\"https:\\\/\\\/toidupakk.ee\\\/lt\\\/toode\\\/baltyminis-batonelis-iconfit-quicky-35-g\\\/\"]}]},{\"@type\":\"ImageObject\",\"inLanguage\":\"lt-LT\",\"@id\":\"https:\\\/\\\/toidupakk.ee\\\/lt\\\/toode\\\/baltyminis-batonelis-iconfit-quicky-35-g\\\/#primaryimage\",\"url\":\"https:\\\/\\\/toidupakk.ee\\\/wp-content\\\/uploads\\\/2024\\\/04\\\/Proteiinibatoon-ICONFIT-QUICKY.png\",\"contentUrl\":\"https:\\\/\\\/toidupakk.ee\\\/wp-content\\\/uploads\\\/2024\\\/04\\\/Proteiinibatoon-ICONFIT-QUICKY.png\",\"width\":800,\"height\":800,\"caption\":\"quicky baton\u0117lis\"},{\"@type\":\"BreadcrumbList\",\"@id\":\"https:\\\/\\\/toidupakk.ee\\\/lt\\\/toode\\\/baltyminis-batonelis-iconfit-quicky-35-g\\\/#breadcrumb\",\"itemListElement\":[{\"@type\":\"ListItem\",\"position\":1,\"name\":\"Avaleht\",\"item\":\"https:\\\/\\\/toidupakk.ee\\\/lt\\\/\"},{\"@type\":\"ListItem\",\"position\":2,\"name\":\"El. parduotuv\u0117\",\"item\":\"https:\\\/\\\/toidupakk.ee\\\/lt\\\/el-parduotuve\\\/\"},{\"@type\":\"ListItem\",\"position\":3,\"name\":\"Baltyminis baton\u0117lis ICONFIT QUICKY (35 g)\"}]},{\"@type\":\"WebSite\",\"@id\":\"https:\\\/\\\/toidupakk.ee\\\/lt\\\/#website\",\"url\":\"https:\\\/\\\/toidupakk.ee\\\/lt\\\/\",\"name\":\"Toidupakk.ee - Tactical Foodpack toidupakid\",\"description\":\"Tactical Foodpack k\u00fclmkuivatatud toidupakid ja matkaeined\",\"publisher\":{\"@id\":\"https:\\\/\\\/toidupakk.ee\\\/lt\\\/#organization\"},\"potentialAction\":[{\"@type\":\"SearchAction\",\"target\":{\"@type\":\"EntryPoint\",\"urlTemplate\":\"https:\\\/\\\/toidupakk.ee\\\/lt\\\/?s={search_term_string}\"},\"query-input\":{\"@type\":\"PropertyValueSpecification\",\"valueRequired\":true,\"valueName\":\"search_term_string\"}}],\"inLanguage\":\"lt-LT\"},{\"@type\":\"Organization\",\"@id\":\"https:\\\/\\\/toidupakk.ee\\\/lt\\\/#organization\",\"name\":\"Tactical Foodpack matkaeined\",\"url\":\"https:\\\/\\\/toidupakk.ee\\\/lt\\\/\",\"logo\":{\"@type\":\"ImageObject\",\"inLanguage\":\"lt-LT\",\"@id\":\"https:\\\/\\\/toidupakk.ee\\\/lt\\\/#\\\/schema\\\/logo\\\/image\\\/\",\"url\":\"https:\\\/\\\/toidupakk.ee\\\/wp-content\\\/uploads\\\/2022\\\/01\\\/Toidupakk-matkapood-logo-transparent.png\",\"contentUrl\":\"https:\\\/\\\/toidupakk.ee\\\/wp-content\\\/uploads\\\/2022\\\/01\\\/Toidupakk-matkapood-logo-transparent.png\",\"width\":500,\"height\":500,\"caption\":\"Tactical Foodpack matkaeined\"},\"image\":{\"@id\":\"https:\\\/\\\/toidupakk.ee\\\/lt\\\/#\\\/schema\\\/logo\\\/image\\\/\"},\"sameAs\":[\"https:\\\/\\\/www.facebook.com\\\/Toidupakk\",\"https:\\\/\\\/www.instagram.com\\\/toidupakk\\\/\"]}]}<\/script>\n<!-- \/ Yoast SEO plugin. -->","yoast_head_json":{"title":"Baltyminis baton\u0117lis ICONFIT QUICKY (35 g)","description":"Kiekviename ICONFIT QUICKY baltyminiame baton\u0117lyje yra 33 % baltym\u0173 ir 8 % skaidul\u0173, padedan\u010di\u0173 auginti raumen\u0173 mas\u0119 ir suteikian\u010di\u0173 greit\u0105 bei maisting\u0105 energijos u\u017etais\u0105.","robots":{"index":"index","follow":"follow","max-snippet":"max-snippet:-1","max-image-preview":"max-image-preview:large","max-video-preview":"max-video-preview:-1"},"canonical":"https:\/\/toidupakk.ee\/lt\/toode\/baltyminis-batonelis-iconfit-quicky-35-g\/","og_locale":"lt_LT","og_type":"article","og_title":"Baltyminis baton\u0117lis ICONFIT QUICKY (35 g)","og_description":"Kiekviename ICONFIT QUICKY baltyminiame baton\u0117lyje yra 33 % baltym\u0173 ir 8 % skaidul\u0173, padedan\u010di\u0173 auginti raumen\u0173 mas\u0119 ir suteikian\u010di\u0173 greit\u0105 bei maisting\u0105 energijos u\u017etais\u0105.","og_url":"https:\/\/toidupakk.ee\/lt\/toode\/baltyminis-batonelis-iconfit-quicky-35-g\/","og_site_name":"Toidupakk.ee - Tactical Foodpack toidupakid","article_publisher":"https:\/\/www.facebook.com\/Toidupakk","article_modified_time":"2026-04-29T15:31:55+00:00","og_image":[{"width":800,"height":800,"url":"https:\/\/toidupakk.ee\/wp-content\/uploads\/2024\/04\/Proteiinibatoon-ICONFIT-QUICKY.png","type":"image\/png"}],"twitter_card":"summary_large_image","twitter_misc":{"Est. reading time":"2 minut\u0117s"},"schema":{"@context":"https:\/\/schema.org","@graph":[{"@type":"WebPage","@id":"https:\/\/toidupakk.ee\/lt\/toode\/baltyminis-batonelis-iconfit-quicky-35-g\/","url":"https:\/\/toidupakk.ee\/lt\/toode\/baltyminis-batonelis-iconfit-quicky-35-g\/","name":"Baltyminis baton\u0117lis ICONFIT QUICKY (35 g)","isPartOf":{"@id":"https:\/\/toidupakk.ee\/lt\/#website"},"primaryImageOfPage":{"@id":"https:\/\/toidupakk.ee\/lt\/toode\/baltyminis-batonelis-iconfit-quicky-35-g\/#primaryimage"},"image":{"@id":"https:\/\/toidupakk.ee\/lt\/toode\/baltyminis-batonelis-iconfit-quicky-35-g\/#primaryimage"},"thumbnailUrl":"https:\/\/toidupakk.ee\/wp-content\/uploads\/2024\/04\/Proteiinibatoon-ICONFIT-QUICKY.png","datePublished":"2024-04-18T12:04:54+00:00","dateModified":"2026-04-29T15:31:55+00:00","description":"Kiekviename ICONFIT QUICKY baltyminiame baton\u0117lyje yra 33 % baltym\u0173 ir 8 % skaidul\u0173, padedan\u010di\u0173 auginti raumen\u0173 mas\u0119 ir suteikian\u010di\u0173 greit\u0105 bei maisting\u0105 energijos u\u017etais\u0105.","breadcrumb":{"@id":"https:\/\/toidupakk.ee\/lt\/toode\/baltyminis-batonelis-iconfit-quicky-35-g\/#breadcrumb"},"inLanguage":"lt-LT","potentialAction":[{"@type":"ReadAction","target":["https:\/\/toidupakk.ee\/lt\/toode\/baltyminis-batonelis-iconfit-quicky-35-g\/"]}]},{"@type":"ImageObject","inLanguage":"lt-LT","@id":"https:\/\/toidupakk.ee\/lt\/toode\/baltyminis-batonelis-iconfit-quicky-35-g\/#primaryimage","url":"https:\/\/toidupakk.ee\/wp-content\/uploads\/2024\/04\/Proteiinibatoon-ICONFIT-QUICKY.png","contentUrl":"https:\/\/toidupakk.ee\/wp-content\/uploads\/2024\/04\/Proteiinibatoon-ICONFIT-QUICKY.png","width":800,"height":800,"caption":"quicky baton\u0117lis"},{"@type":"BreadcrumbList","@id":"https:\/\/toidupakk.ee\/lt\/toode\/baltyminis-batonelis-iconfit-quicky-35-g\/#breadcrumb","itemListElement":[{"@type":"ListItem","position":1,"name":"Avaleht","item":"https:\/\/toidupakk.ee\/lt\/"},{"@type":"ListItem","position":2,"name":"El. parduotuv\u0117","item":"https:\/\/toidupakk.ee\/lt\/el-parduotuve\/"},{"@type":"ListItem","position":3,"name":"Baltyminis baton\u0117lis ICONFIT QUICKY (35 g)"}]},{"@type":"WebSite","@id":"https:\/\/toidupakk.ee\/lt\/#website","url":"https:\/\/toidupakk.ee\/lt\/","name":"Toidupakk.ee - Tactical Foodpack toidupakid","description":"Tactical Foodpack k\u00fclmkuivatatud toidupakid ja matkaeined","publisher":{"@id":"https:\/\/toidupakk.ee\/lt\/#organization"},"potentialAction":[{"@type":"SearchAction","target":{"@type":"EntryPoint","urlTemplate":"https:\/\/toidupakk.ee\/lt\/?s={search_term_string}"},"query-input":{"@type":"PropertyValueSpecification","valueRequired":true,"valueName":"search_term_string"}}],"inLanguage":"lt-LT"},{"@type":"Organization","@id":"https:\/\/toidupakk.ee\/lt\/#organization","name":"Tactical Foodpack matkaeined","url":"https:\/\/toidupakk.ee\/lt\/","logo":{"@type":"ImageObject","inLanguage":"lt-LT","@id":"https:\/\/toidupakk.ee\/lt\/#\/schema\/logo\/image\/","url":"https:\/\/toidupakk.ee\/wp-content\/uploads\/2022\/01\/Toidupakk-matkapood-logo-transparent.png","contentUrl":"https:\/\/toidupakk.ee\/wp-content\/uploads\/2022\/01\/Toidupakk-matkapood-logo-transparent.png","width":500,"height":500,"caption":"Tactical Foodpack matkaeined"},"image":{"@id":"https:\/\/toidupakk.ee\/lt\/#\/schema\/logo\/image\/"},"sameAs":["https:\/\/www.facebook.com\/Toidupakk","https:\/\/www.instagram.com\/toidupakk\/"]}]}},"jetpack_sharing_enabled":true,"_links":{"self":[{"href":"https:\/\/toidupakk.ee\/lt\/wp-json\/wp\/v2\/product\/46455","targetHints":{"allow":["GET"]}}],"collection":[{"href":"https:\/\/toidupakk.ee\/lt\/wp-json\/wp\/v2\/product"}],"about":[{"href":"https:\/\/toidupakk.ee\/lt\/wp-json\/wp\/v2\/types\/product"}],"replies":[{"embeddable":true,"href":"https:\/\/toidupakk.ee\/lt\/wp-json\/wp\/v2\/comments?post=46455"}],"wp:featuredmedia":[{"embeddable":true,"href":"https:\/\/toidupakk.ee\/lt\/wp-json\/wp\/v2\/media\/46468"}],"wp:attachment":[{"href":"https:\/\/toidupakk.ee\/lt\/wp-json\/wp\/v2\/media?parent=46455"}],"wp:term":[{"taxonomy":"product_brand","embeddable":true,"href":"https:\/\/toidupakk.ee\/lt\/wp-json\/wp\/v2\/product_brand?post=46455"},{"taxonomy":"product_cat","embeddable":true,"href":"https:\/\/toidupakk.ee\/lt\/wp-json\/wp\/v2\/product_cat?post=46455"},{"taxonomy":"product_tag","embeddable":true,"href":"https:\/\/toidupakk.ee\/lt\/wp-json\/wp\/v2\/product_tag?post=46455"}],"curies":[{"name":"wp","href":"https:\/\/api.w.org\/{rel}","templated":true}]}}