{"id":46435,"date":"2024-04-04T12:54:29","date_gmt":"2024-04-04T09:54:29","guid":{"rendered":"https:\/\/toidupakk.ee\/toode\/pavasarine-rudenine-kepure-mil-tec\/"},"modified":"2026-04-04T00:01:49","modified_gmt":"2026-04-03T21:01:49","slug":"pavasarine-rudenine-kepure-mil-tec","status":"publish","type":"product","link":"https:\/\/toidupakk.ee\/lt\/toode\/pavasarine-rudenine-kepure-mil-tec\/","title":{"rendered":"Pavasarin\u0117-rudenin\u0117 kepur\u0117 MIL-TEC\u00ae"},"content":{"rendered":"<p>Pasisemk \u012fkv\u0117pimo kitiems nuotykiams \u201eToidupakk\u201c <a href=\"https:\/\/www.instagram.com\/toidupakk\/\">Instagram<\/a> ir <a href=\"https:\/\/www.facebook.com\/Toidupakk\/\">Facebook<\/a> paskyrose.<\/p>\n<p>\u017dygi\u0173 reikmenis ap\u017ei\u016br\u0117k <a href=\"https:\/\/toidupakk.ee\/lt\/tootekategooria\/zygio-iranga\/#section-3-79\">\u010cIA<\/a>.<\/p>\n","protected":false},"excerpt":{"rendered":"<p><strong>V\u0117jui atspari kepur\u0117 su flisiniu pamu\u0161alu, skirta d\u0117v\u0117ti pavasar\u012f ir ruden\u012f. Plona, ta\u010diau \u0161ilta, maloni, mink\u0161ta ir tampri med\u017eiaga. Ideali kepur\u0117 aktyv\u0173 gyvenimo b\u016bd\u0105 m\u0117gstan\u010diam ir patogum\u0105 vertinan\u010diam \u017emogui. Puikus pasirinkimas sporto entuziastams, u\u017esiimantiems b\u0117gimu, slidin\u0117jimu ar kita pana\u0161ia veikla lauke.   <\/strong><\/p>\n<ul>\n<li>Atspari v\u0117jui, maloni odai ir lengva (35 g)<\/li>\n<li>Pagaminta i\u0161 95 % poliesterio ir 5 % elastano<\/li>\n<li>Vidinis pamu\u0161alas yra i\u0161 mink\u0161to fliso<\/li>\n<li>Tinka sportui ar kitai aktyviai veiklai, pa\u0161alina dr\u0117gm\u0119 nuo k\u016bno pavir\u0161iaus<\/li>\n<li>Nesiglam\u017eo<\/li>\n<li>Greitai d\u017ei\u016bstanti<\/li>\n<li>\u201eUnisex\u201c \u2013 tinka tiek vyrams, tiek moterims<\/li>\n<li>Spalv\u0173 pasirinkimas: juoda arba \u017ealia<\/li>\n<li>Vokietijos prek\u0117s \u017eenklo MIL-TEC\u00ae gaminys<\/li>\n<\/ul>\n<p>\u2705 Turime sand\u0117lyje, greitas pristatymas per 1\u20133 darbo dienas<br \/>\n\u2705 NEMOKAMAS gr\u0105\u017einimas ir keitimas, jei netinka dydis<\/p>\n","protected":false},"featured_media":21750,"comment_status":"open","ping_status":"closed","template":"","meta":{"_acf_changed":false},"product_brand":[],"product_cat":[191,193,221,210,189,190],"product_tag":[],"class_list":{"0":"post-46435","1":"product","2":"type-product","3":"status-publish","4":"has-post-thumbnail","6":"product_cat-drabuziai","7":"product_cat-karine-ekipuote","8":"product_cat-kepures","9":"product_cat-mil-tec","10":"product_cat-zygio-iranga","11":"product_cat-zygio-prekes","13":"first","14":"instock","15":"taxable","16":"shipping-taxable","17":"purchasable","18":"product-type-variable","19":"has-default-attributes"},"bundled_by":[],"bundle_stock_status":"instock","bundle_stock_quantity":null,"bundle_virtual":false,"bundle_layout":"","bundle_add_to_cart_form_location":"","bundle_editable_in_cart":false,"bundle_sold_individually_context":"","bundle_item_grouping":"","bundle_min_size":"","bundle_max_size":"","bundle_price":[],"bundled_items":[],"bundle_sell_ids":[],"acf":[],"yoast_head":"<!-- This site is optimized with the Yoast SEO plugin v27.1.1 - https:\/\/yoast.com\/product\/yoast-seo-wordpress\/ -->\n<title>Pavasarin\u0117-rudenin\u0117 kepur\u0117 MIL-TEC\u00ae<\/title>\n<meta name=\"description\" content=\"Pavasariui ir rudeniui skirta v\u0117jui atspari kepur\u0117 su flisiniu pamu\u0161alu aktyv\u0173 gyvenimo b\u016bd\u0105 m\u0117gstan\u010diam ir patogum\u0105 vertinan\u010diam \u017emogui. Plona, bet \u0161ilta, maloni, mink\u0161ta ir tampri med\u017eiaga.\" \/>\n<meta name=\"robots\" content=\"index, follow, max-snippet:-1, max-image-preview:large, max-video-preview:-1\" \/>\n<link rel=\"canonical\" href=\"https:\/\/toidupakk.ee\/lt\/toode\/pavasarine-rudenine-kepure-mil-tec\/\" \/>\n<meta property=\"og:locale\" content=\"lt_LT\" \/>\n<meta property=\"og:type\" content=\"article\" \/>\n<meta property=\"og:title\" content=\"Pavasarin\u0117-rudenin\u0117 kepur\u0117 MIL-TEC\u00ae\" \/>\n<meta property=\"og:description\" content=\"Pavasariui ir rudeniui skirta v\u0117jui atspari kepur\u0117 su flisiniu pamu\u0161alu aktyv\u0173 gyvenimo b\u016bd\u0105 m\u0117gstan\u010diam ir patogum\u0105 vertinan\u010diam \u017emogui. Plona, bet \u0161ilta, maloni, mink\u0161ta ir tampri med\u017eiaga.\" \/>\n<meta property=\"og:url\" content=\"https:\/\/toidupakk.ee\/lt\/toode\/pavasarine-rudenine-kepure-mil-tec\/\" \/>\n<meta property=\"og:site_name\" content=\"Toidupakk.ee - Tactical Foodpack toidupakid\" \/>\n<meta property=\"article:publisher\" content=\"https:\/\/www.facebook.com\/Toidupakk\" \/>\n<meta property=\"article:modified_time\" content=\"2026-04-03T21:01:49+00:00\" \/>\n<meta property=\"og:image\" content=\"https:\/\/toidupakk.ee\/wp-content\/uploads\/2024\/04\/Kevad-sugis-muts-MIL-TEC-1.png\" \/>\n\t<meta property=\"og:image:width\" content=\"800\" \/>\n\t<meta property=\"og:image:height\" content=\"800\" \/>\n\t<meta property=\"og:image:type\" content=\"image\/png\" \/>\n<meta name=\"twitter:card\" content=\"summary_large_image\" \/>\n<script type=\"application\/ld+json\" class=\"yoast-schema-graph\">{\"@context\":\"https:\/\/schema.org\",\"@graph\":[{\"@type\":\"WebPage\",\"@id\":\"https:\/\/toidupakk.ee\/lt\/toode\/pavasarine-rudenine-kepure-mil-tec\/\",\"url\":\"https:\/\/toidupakk.ee\/lt\/toode\/pavasarine-rudenine-kepure-mil-tec\/\",\"name\":\"Pavasarin\u0117-rudenin\u0117 kepur\u0117 MIL-TEC\u00ae\",\"isPartOf\":{\"@id\":\"https:\/\/toidupakk.ee\/lt\/#website\"},\"primaryImageOfPage\":{\"@id\":\"https:\/\/toidupakk.ee\/lt\/toode\/pavasarine-rudenine-kepure-mil-tec\/#primaryimage\"},\"image\":{\"@id\":\"https:\/\/toidupakk.ee\/lt\/toode\/pavasarine-rudenine-kepure-mil-tec\/#primaryimage\"},\"thumbnailUrl\":\"https:\/\/toidupakk.ee\/wp-content\/uploads\/2024\/04\/Kevad-sugis-muts-MIL-TEC-1.png\",\"datePublished\":\"2024-04-04T09:54:29+00:00\",\"dateModified\":\"2026-04-03T21:01:49+00:00\",\"description\":\"Pavasariui ir rudeniui skirta v\u0117jui atspari kepur\u0117 su flisiniu pamu\u0161alu aktyv\u0173 gyvenimo b\u016bd\u0105 m\u0117gstan\u010diam ir patogum\u0105 vertinan\u010diam \u017emogui. Plona, bet \u0161ilta, maloni, mink\u0161ta ir tampri med\u017eiaga.\",\"breadcrumb\":{\"@id\":\"https:\/\/toidupakk.ee\/lt\/toode\/pavasarine-rudenine-kepure-mil-tec\/#breadcrumb\"},\"inLanguage\":\"lt-LT\",\"potentialAction\":[{\"@type\":\"ReadAction\",\"target\":[\"https:\/\/toidupakk.ee\/lt\/toode\/pavasarine-rudenine-kepure-mil-tec\/\"]}]},{\"@type\":\"ImageObject\",\"inLanguage\":\"lt-LT\",\"@id\":\"https:\/\/toidupakk.ee\/lt\/toode\/pavasarine-rudenine-kepure-mil-tec\/#primaryimage\",\"url\":\"https:\/\/toidupakk.ee\/wp-content\/uploads\/2024\/04\/Kevad-sugis-muts-MIL-TEC-1.png\",\"contentUrl\":\"https:\/\/toidupakk.ee\/wp-content\/uploads\/2024\/04\/Kevad-sugis-muts-MIL-TEC-1.png\",\"width\":800,\"height\":800},{\"@type\":\"BreadcrumbList\",\"@id\":\"https:\/\/toidupakk.ee\/lt\/toode\/pavasarine-rudenine-kepure-mil-tec\/#breadcrumb\",\"itemListElement\":[{\"@type\":\"ListItem\",\"position\":1,\"name\":\"Avaleht\",\"item\":\"https:\/\/toidupakk.ee\/lt\/\"},{\"@type\":\"ListItem\",\"position\":2,\"name\":\"El. parduotuv\u0117\",\"item\":\"https:\/\/toidupakk.ee\/lt\/el-parduotuve\/\"},{\"@type\":\"ListItem\",\"position\":3,\"name\":\"Pavasarin\u0117-rudenin\u0117 kepur\u0117 MIL-TEC\u00ae\"}]},{\"@type\":\"WebSite\",\"@id\":\"https:\/\/toidupakk.ee\/lt\/#website\",\"url\":\"https:\/\/toidupakk.ee\/lt\/\",\"name\":\"Toidupakk.ee - Tactical Foodpack toidupakid\",\"description\":\"Tactical Foodpack k\u00fclmkuivatatud toidupakid ja matkaeined\",\"publisher\":{\"@id\":\"https:\/\/toidupakk.ee\/lt\/#organization\"},\"potentialAction\":[{\"@type\":\"SearchAction\",\"target\":{\"@type\":\"EntryPoint\",\"urlTemplate\":\"https:\/\/toidupakk.ee\/lt\/?s={search_term_string}\"},\"query-input\":{\"@type\":\"PropertyValueSpecification\",\"valueRequired\":true,\"valueName\":\"search_term_string\"}}],\"inLanguage\":\"lt-LT\"},{\"@type\":\"Organization\",\"@id\":\"https:\/\/toidupakk.ee\/lt\/#organization\",\"name\":\"Tactical Foodpack matkaeined\",\"url\":\"https:\/\/toidupakk.ee\/lt\/\",\"logo\":{\"@type\":\"ImageObject\",\"inLanguage\":\"lt-LT\",\"@id\":\"https:\/\/toidupakk.ee\/lt\/#\/schema\/logo\/image\/\",\"url\":\"https:\/\/toidupakk.ee\/wp-content\/uploads\/2022\/01\/Toidupakk-matkapood-logo-transparent.png\",\"contentUrl\":\"https:\/\/toidupakk.ee\/wp-content\/uploads\/2022\/01\/Toidupakk-matkapood-logo-transparent.png\",\"width\":500,\"height\":500,\"caption\":\"Tactical Foodpack matkaeined\"},\"image\":{\"@id\":\"https:\/\/toidupakk.ee\/lt\/#\/schema\/logo\/image\/\"},\"sameAs\":[\"https:\/\/www.facebook.com\/Toidupakk\",\"https:\/\/www.instagram.com\/toidupakk\/\"]}]}<\/script>\n<!-- \/ Yoast SEO plugin. -->","yoast_head_json":{"title":"Pavasarin\u0117-rudenin\u0117 kepur\u0117 MIL-TEC\u00ae","description":"Pavasariui ir rudeniui skirta v\u0117jui atspari kepur\u0117 su flisiniu pamu\u0161alu aktyv\u0173 gyvenimo b\u016bd\u0105 m\u0117gstan\u010diam ir patogum\u0105 vertinan\u010diam \u017emogui. Plona, bet \u0161ilta, maloni, mink\u0161ta ir tampri med\u017eiaga.","robots":{"index":"index","follow":"follow","max-snippet":"max-snippet:-1","max-image-preview":"max-image-preview:large","max-video-preview":"max-video-preview:-1"},"canonical":"https:\/\/toidupakk.ee\/lt\/toode\/pavasarine-rudenine-kepure-mil-tec\/","og_locale":"lt_LT","og_type":"article","og_title":"Pavasarin\u0117-rudenin\u0117 kepur\u0117 MIL-TEC\u00ae","og_description":"Pavasariui ir rudeniui skirta v\u0117jui atspari kepur\u0117 su flisiniu pamu\u0161alu aktyv\u0173 gyvenimo b\u016bd\u0105 m\u0117gstan\u010diam ir patogum\u0105 vertinan\u010diam \u017emogui. Plona, bet \u0161ilta, maloni, mink\u0161ta ir tampri med\u017eiaga.","og_url":"https:\/\/toidupakk.ee\/lt\/toode\/pavasarine-rudenine-kepure-mil-tec\/","og_site_name":"Toidupakk.ee - Tactical Foodpack toidupakid","article_publisher":"https:\/\/www.facebook.com\/Toidupakk","article_modified_time":"2026-04-03T21:01:49+00:00","og_image":[{"width":800,"height":800,"url":"https:\/\/toidupakk.ee\/wp-content\/uploads\/2024\/04\/Kevad-sugis-muts-MIL-TEC-1.png","type":"image\/png"}],"twitter_card":"summary_large_image","schema":{"@context":"https:\/\/schema.org","@graph":[{"@type":"WebPage","@id":"https:\/\/toidupakk.ee\/lt\/toode\/pavasarine-rudenine-kepure-mil-tec\/","url":"https:\/\/toidupakk.ee\/lt\/toode\/pavasarine-rudenine-kepure-mil-tec\/","name":"Pavasarin\u0117-rudenin\u0117 kepur\u0117 MIL-TEC\u00ae","isPartOf":{"@id":"https:\/\/toidupakk.ee\/lt\/#website"},"primaryImageOfPage":{"@id":"https:\/\/toidupakk.ee\/lt\/toode\/pavasarine-rudenine-kepure-mil-tec\/#primaryimage"},"image":{"@id":"https:\/\/toidupakk.ee\/lt\/toode\/pavasarine-rudenine-kepure-mil-tec\/#primaryimage"},"thumbnailUrl":"https:\/\/toidupakk.ee\/wp-content\/uploads\/2024\/04\/Kevad-sugis-muts-MIL-TEC-1.png","datePublished":"2024-04-04T09:54:29+00:00","dateModified":"2026-04-03T21:01:49+00:00","description":"Pavasariui ir rudeniui skirta v\u0117jui atspari kepur\u0117 su flisiniu pamu\u0161alu aktyv\u0173 gyvenimo b\u016bd\u0105 m\u0117gstan\u010diam ir patogum\u0105 vertinan\u010diam \u017emogui. Plona, bet \u0161ilta, maloni, mink\u0161ta ir tampri med\u017eiaga.","breadcrumb":{"@id":"https:\/\/toidupakk.ee\/lt\/toode\/pavasarine-rudenine-kepure-mil-tec\/#breadcrumb"},"inLanguage":"lt-LT","potentialAction":[{"@type":"ReadAction","target":["https:\/\/toidupakk.ee\/lt\/toode\/pavasarine-rudenine-kepure-mil-tec\/"]}]},{"@type":"ImageObject","inLanguage":"lt-LT","@id":"https:\/\/toidupakk.ee\/lt\/toode\/pavasarine-rudenine-kepure-mil-tec\/#primaryimage","url":"https:\/\/toidupakk.ee\/wp-content\/uploads\/2024\/04\/Kevad-sugis-muts-MIL-TEC-1.png","contentUrl":"https:\/\/toidupakk.ee\/wp-content\/uploads\/2024\/04\/Kevad-sugis-muts-MIL-TEC-1.png","width":800,"height":800},{"@type":"BreadcrumbList","@id":"https:\/\/toidupakk.ee\/lt\/toode\/pavasarine-rudenine-kepure-mil-tec\/#breadcrumb","itemListElement":[{"@type":"ListItem","position":1,"name":"Avaleht","item":"https:\/\/toidupakk.ee\/lt\/"},{"@type":"ListItem","position":2,"name":"El. parduotuv\u0117","item":"https:\/\/toidupakk.ee\/lt\/el-parduotuve\/"},{"@type":"ListItem","position":3,"name":"Pavasarin\u0117-rudenin\u0117 kepur\u0117 MIL-TEC\u00ae"}]},{"@type":"WebSite","@id":"https:\/\/toidupakk.ee\/lt\/#website","url":"https:\/\/toidupakk.ee\/lt\/","name":"Toidupakk.ee - Tactical Foodpack toidupakid","description":"Tactical Foodpack k\u00fclmkuivatatud toidupakid ja matkaeined","publisher":{"@id":"https:\/\/toidupakk.ee\/lt\/#organization"},"potentialAction":[{"@type":"SearchAction","target":{"@type":"EntryPoint","urlTemplate":"https:\/\/toidupakk.ee\/lt\/?s={search_term_string}"},"query-input":{"@type":"PropertyValueSpecification","valueRequired":true,"valueName":"search_term_string"}}],"inLanguage":"lt-LT"},{"@type":"Organization","@id":"https:\/\/toidupakk.ee\/lt\/#organization","name":"Tactical Foodpack matkaeined","url":"https:\/\/toidupakk.ee\/lt\/","logo":{"@type":"ImageObject","inLanguage":"lt-LT","@id":"https:\/\/toidupakk.ee\/lt\/#\/schema\/logo\/image\/","url":"https:\/\/toidupakk.ee\/wp-content\/uploads\/2022\/01\/Toidupakk-matkapood-logo-transparent.png","contentUrl":"https:\/\/toidupakk.ee\/wp-content\/uploads\/2022\/01\/Toidupakk-matkapood-logo-transparent.png","width":500,"height":500,"caption":"Tactical Foodpack matkaeined"},"image":{"@id":"https:\/\/toidupakk.ee\/lt\/#\/schema\/logo\/image\/"},"sameAs":["https:\/\/www.facebook.com\/Toidupakk","https:\/\/www.instagram.com\/toidupakk\/"]}]}},"jetpack_sharing_enabled":true,"_links":{"self":[{"href":"https:\/\/toidupakk.ee\/lt\/wp-json\/wp\/v2\/product\/46435","targetHints":{"allow":["GET"]}}],"collection":[{"href":"https:\/\/toidupakk.ee\/lt\/wp-json\/wp\/v2\/product"}],"about":[{"href":"https:\/\/toidupakk.ee\/lt\/wp-json\/wp\/v2\/types\/product"}],"replies":[{"embeddable":true,"href":"https:\/\/toidupakk.ee\/lt\/wp-json\/wp\/v2\/comments?post=46435"}],"wp:featuredmedia":[{"embeddable":true,"href":"https:\/\/toidupakk.ee\/lt\/wp-json\/wp\/v2\/media\/21750"}],"wp:attachment":[{"href":"https:\/\/toidupakk.ee\/lt\/wp-json\/wp\/v2\/media?parent=46435"}],"wp:term":[{"taxonomy":"product_brand","embeddable":true,"href":"https:\/\/toidupakk.ee\/lt\/wp-json\/wp\/v2\/product_brand?post=46435"},{"taxonomy":"product_cat","embeddable":true,"href":"https:\/\/toidupakk.ee\/lt\/wp-json\/wp\/v2\/product_cat?post=46435"},{"taxonomy":"product_tag","embeddable":true,"href":"https:\/\/toidupakk.ee\/lt\/wp-json\/wp\/v2\/product_tag?post=46435"}],"curies":[{"name":"wp","href":"https:\/\/api.w.org\/{rel}","templated":true}]}}