{"id":46418,"date":"2024-03-27T16:43:24","date_gmt":"2024-03-27T14:43:24","guid":{"rendered":"https:\/\/toidupakk.ee\/toode\/zygio-batai-alpina-tracker-low\/"},"modified":"2026-04-29T21:31:45","modified_gmt":"2026-04-29T18:31:45","slug":"zygio-batai-alpina-tracker-low","status":"publish","type":"product","link":"https:\/\/toidupakk.ee\/lt\/toode\/zygio-batai-alpina-tracker-low\/","title":{"rendered":"\u017dygio batai Alpina TRACKER LOW"},"content":{"rendered":"<h1>Alpina batai, j\u0173 med\u017eiagos ir technologijos<\/h1>\n<p>&nbsp;<\/p>\n<h2>ALPITEX technologija<\/h2>\n<p><img decoding=\"async\" class=\"alignnone size-full wp-image-21431\" src=\"https:\/\/toidupakk.ee\/wp-content\/uploads\/2024\/03\/Alpitex-Technology.png\" alt=\"\" width=\"200\" height=\"50\"><\/p>\n<p><img fetchpriority=\"high\" decoding=\"async\" class=\"alignnone wp-image-21589 size-full\" src=\"https:\/\/toidupakk.ee\/wp-content\/uploads\/2024\/03\/valge-taust.png\" alt=\"\" width=\"400\" height=\"250\" srcset=\"https:\/\/toidupakk.ee\/wp-content\/uploads\/2024\/03\/valge-taust.png 400w, https:\/\/toidupakk.ee\/wp-content\/uploads\/2024\/03\/valge-taust-300x188.png 300w\" sizes=\"(max-width: 400px) 100vw, 400px\" \/><\/p>\n<p>Revoliucin\u0117 Alpitex membrana nustato nauj\u0105<br \/>\natsparumo vandeniui standart\u0105 \u2013 18 000 mm vandens stulpo.<br \/>\nAlpitex technologija padeda i\u0161likti sausam, u\u017etikrina ventiliacij\u0105<br \/>\n\u012fvairiomis oro s\u0105lygomis ir suteikia komfort\u0105 bet kokiu oru.<br \/>\nM\u0117gaukis gamta su Alpitex.<\/p>\n<h2>Sympatex\u00ae technologija<\/h2>\n<p><img decoding=\"async\" class=\"wp-image-21443 size-full alignnone\" src=\"https:\/\/toidupakk.ee\/wp-content\/uploads\/2024\/03\/Sympatex.png\" alt=\"\" width=\"400\" height=\"250\" srcset=\"https:\/\/toidupakk.ee\/wp-content\/uploads\/2024\/03\/Sympatex.png 400w, https:\/\/toidupakk.ee\/wp-content\/uploads\/2024\/03\/Sympatex-300x188.png 300w\" sizes=\"(max-width: 400px) 100vw, 400px\" \/><\/p>\n<p>\u017dygeivi\u0173 itin vertinama sympatex\u00ae<br \/>\nvandeniui atspari membrana (iki 45 000 mm)<br \/>\natitinka DIN EN 343 standart\u0105.<br \/>\nPasitik\u0117k m\u016bs\u0173 patvaria, bepore konstrukcija<br \/>\nir dinaminiu dr\u0117gm\u0117s bei gar\u0173 pa\u0161alinimu.<br \/>\nTai u\u017etikrina optimal\u0173 komfort\u0105<br \/>\nir koj\u0173 apsaug\u0105.<\/p>\n<h2>ALPINA bat\u0173 prek\u0117s \u017eenklas ir jo istorija<\/h2>\n<p>ALPINA \u2013 tai Slov\u0117nijos bat\u0173 gamintojas, gaminantis \u012fvairi\u0105 avalyn\u0119 nuo 1947 met\u0173. ALPINA prek\u0117s \u017eenklas pasi\u017eymi i\u0161skirtiniu meistri\u0161kumu, inovatyviomis med\u017eiagomis, funkcionalumu ir dizainu. Iki \u0161iol ALPINA labiausiai \u017einoma kaip geriausi\u0173 pasaulio slidinink\u0173 pasirinkimas. Su ALPINA batais pasiekta daugyb\u0117 olimpini\u0173 ir pasaulio \u010dempionat\u0173 rekord\u0173. \u0160ie batai puikiai \u017einomi lygum\u0173 slidininkams visame pasaulyje, ta\u010diau b\u0117gant laikui juos vis da\u017eniau renkasi ir \u017eygeiviai.    <\/p>\n<p>Po 75 met\u0173 gamybos patirties ALPINA pasuko nauja kryptimi ir \u0161iandien papildomai gamina \u017eygio batus bei avalyn\u0119 kasdieniam ne\u0161iojimui. ALPINA misija \u2013 suteikti \u017emon\u0117ms jud\u0117jimo laisv\u0119 ir d\u017eiaugsm\u0105. <\/p>\n<p><img loading=\"lazy\" decoding=\"async\" class=\"size-full wp-image-21582\" src=\"https:\/\/toidupakk.ee\/wp-content\/uploads\/2024\/03\/Alpina-jalatsi-brandi-loomisest.png\" alt=\"\" width=\"687\" height=\"600\" srcset=\"https:\/\/toidupakk.ee\/wp-content\/uploads\/2024\/03\/Alpina-jalatsi-brandi-loomisest.png 687w, https:\/\/toidupakk.ee\/wp-content\/uploads\/2024\/03\/Alpina-jalatsi-brandi-loomisest-300x262.png 300w\" sizes=\"(max-width: 687px) 100vw, 687px\" \/><\/p>\n<h2>Bat\u0173 prie\u017ei\u016bros instrukcija \u2013 kaip pri\u017ei\u016br\u0117ti \u017eygio batus?<\/h2>\n<p>ALPINA batai gaminami naudojant kokybi\u0161k\u0105 nat\u016brali\u0105 od\u0105 ir inovatyvias sintetines med\u017eiagas. Kad batai tarnaut\u0173 ilgiau, i\u0161laikyt\u0173 savo funkcionalum\u0105 ir i\u0161vaizd\u0105, juos reikia periodi\u0161kai pri\u017ei\u016br\u0117ti. R\u016bpindamiesi avalyne prailginsite jos tarnavimo laik\u0105 ir u\u017etikrinsite ger\u0105 i\u0161vaizd\u0105. Bat\u0173 prie\u017ei\u016bra n\u0117ra sud\u0117tinga \u2013 da\u017eniausiai juos reikia nuvalyti ir patepti kremu. Kalbant apie kremavim\u0105, turima omenyje nat\u016bralios odos dali\u0173 prie\u017ei\u016bra. Tam tinka visi nat\u016braliai odai skirti kremai ir skys\u010diai. Priklausomai nuo oro s\u0105lyg\u0173, galima naudoti \u012fvairias dr\u0117gm\u0119 atstumian\u010dias priemones, nanova\u0161kus ir pan. Odos prie\u017ei\u016bros priemoni\u0173 galima \u012fsigyti visose bat\u0173 parduotuv\u0117se.       <\/p>\n<p>Pirmiausia i\u0161verk rai\u0161telius ir mink\u0161tu \u0161epe\u010diu nuvalyk purv\u0105. Jei prie pado prilipo stipresni\u0173 ne\u0161varum\u0173, naudok kiet\u0173 \u0161eri\u0173 \u0161epet\u012f. Tinkamiausias laikas valyti \u017eygio batus yra i\u0161kart po \u017eygio, kol purvas dar nesp\u0117jo prid\u017ei\u016bti. Jei reikia, valymui gali naudoti b\u0117gant\u012f vanden\u012f ir avalyn\u0117s valikl\u012f.   <\/p>\n<p>D\u017eiovink batus kambario temperat\u016broje, kurioje yra ma\u017ea oro dr\u0117gm\u0117. D\u017eiovinimui nenaudok labai kar\u0161t\u0173 viet\u0173 ar kar\u0161to oro. Geras patarimas \u2013 prikim\u0161k batus laikra\u0161\u010di\u0173, tai pad\u0117s sutrumpinti d\u017ei\u016bvimo laik\u0105.  <\/p>\n<p>&nbsp;<\/p>\n<h2>ALPINA batuose da\u017eniausiai naudojami dviej\u0173 prek\u0117s \u017eenkl\u0173 padai \u2013 vibram\u00ae arba MICHELIN<\/h2>\n<p><img loading=\"lazy\" decoding=\"async\" class=\"alignnone size-full wp-image-21584\" src=\"https:\/\/toidupakk.ee\/wp-content\/uploads\/2024\/03\/Alpina-jalatsi-brandi-loomisest-192-x-112-px.png\" alt=\"\" width=\"192\" height=\"112\"><\/p>\n<p><img loading=\"lazy\" decoding=\"async\" class=\"size-full wp-image-21585\" src=\"https:\/\/toidupakk.ee\/wp-content\/uploads\/2024\/03\/vibram-saapatald.png\" alt=\"\" width=\"600\" height=\"200\" srcset=\"https:\/\/toidupakk.ee\/wp-content\/uploads\/2024\/03\/vibram-saapatald.png 600w, https:\/\/toidupakk.ee\/wp-content\/uploads\/2024\/03\/vibram-saapatald-300x100.png 300w\" sizes=\"(max-width: 600px) 100vw, 600px\" \/><\/p>\n<p>Vibram padai gars\u0117ja puikiu sukibimu su \u012fvairiais pavir\u0161iais. Juos ypa\u010d vertina \u017eygeiviai kalnuotose vietov\u0117se. <\/p>\n<p>&nbsp;<\/p>\n<p><img loading=\"lazy\" decoding=\"async\" class=\"alignnone size-full wp-image-21586\" src=\"https:\/\/toidupakk.ee\/wp-content\/uploads\/2024\/03\/Alpina-jalatsi-brandi-loomisest-192-x-112-px-1.png\" alt=\"\" width=\"155\" height=\"60\"><\/p>\n<p><img loading=\"lazy\" decoding=\"async\" class=\"alignnone size-full wp-image-21587\" src=\"https:\/\/toidupakk.ee\/wp-content\/uploads\/2024\/03\/Saapatallad-MICHELIN.png\" alt=\"\" width=\"600\" height=\"200\" srcset=\"https:\/\/toidupakk.ee\/wp-content\/uploads\/2024\/03\/Saapatallad-MICHELIN.png 600w, https:\/\/toidupakk.ee\/wp-content\/uploads\/2024\/03\/Saapatallad-MICHELIN-300x100.png 300w\" sizes=\"(max-width: 600px) 100vw, 600px\" \/><\/p>\n<p>Michelin padai \u017einomi d\u0117l savo patvarumo ir lengvumo. Michelin gumos mi\u0161inys puikiai tinka \u012fvairiems gruntams. Tai pasiekta d\u0117l ilgamet\u0117s Michelin patirties padang\u0173 technologij\u0173 ir med\u017eiag\u0173 srityje.  <\/p>\n<p><img loading=\"lazy\" decoding=\"async\" class=\"alignnone size-full wp-image-21588\" src=\"https:\/\/toidupakk.ee\/wp-content\/uploads\/2024\/03\/Alpina-saapad-varviline.png\" alt=\"alpina avalyn\u0117\" width=\"300\" height=\"450\" srcset=\"https:\/\/toidupakk.ee\/wp-content\/uploads\/2024\/03\/Alpina-saapad-varviline.png 300w, https:\/\/toidupakk.ee\/wp-content\/uploads\/2024\/03\/Alpina-saapad-varviline-200x300.png 200w\" sizes=\"(max-width: 300px) 100vw, 300px\" \/><\/p>\n<p>Pasisemk \u012fkv\u0117pimo kitiems nuotykiams Toidupakk <a href=\"https:\/\/www.instagram.com\/toidupakk\/\">Instagram<\/a> ir <a href=\"https:\/\/www.facebook.com\/Toidupakk\/\">Facebook<\/a> paskyrose.<\/p>\n<p>\u017dygio prekes per\u017ei\u016br\u0117k <a href=\"https:\/\/toidupakk.ee\/lt\/tootekategooria\/zygio-iranga\/#section-3-79\">\u010cIA<\/a>.<\/p>\n","protected":false},"excerpt":{"rendered":"<p id=\"-product-title-10-51\" class=\"oxy-product-title product_title entry-title oxy-woo-element\"><strong>\u017dygio batai Alpina TRACKER LOW skirti aktyvaus gyvenimo b\u016bdo \u017emogui, vertinan\u010diam patogi\u0105 ir lengv\u0105 avalyn\u0119.<\/strong><\/p>\n<ul>\n<li>\u017demi \u017eygio batai pagaminti i\u0161 nat\u016bralios <strong>auk\u0161tos kokyb\u0117s odos<\/strong> (1,4\u20131,6 mm)<\/li>\n<li>Vidinis pamu\u0161alas pagamintas i\u0161 <strong>Alpitex\u00ae<\/strong> med\u017eiagos, kuri kartu u\u017etikrina<strong> atsparum\u0105 vandeniui ir ger\u0105 kv\u0117pavim\u0105<\/strong><\/li>\n<li>Padas turi ry\u0161k\u0173 gumin\u012f protektori\u0173, kuris<strong> neleid\u017eia paslysti net ant \u0161lapio pavir\u0161iaus. <\/strong>EVA \/ guma<\/li>\n<li>Tai <strong>itin lengvi \u017eygio batai<\/strong>, suteikiantys kojoms maloni\u0105 patirt\u012f \u017eygiuojant<\/li>\n<li>Tinka tiek vyrams, tiek moterims<\/li>\n<li>Bat\u0173 svoris: 420 g<\/li>\n<li>Spalva: juoda \/ pilka<\/li>\n<li>Bat\u0173 lankstumas \/ kietumas: vidutinis (medium)<\/li>\n<li>Batams suteikiama <strong>2 met\u0173 garantija<\/strong><\/li>\n<li>Alpina \u2013 vertinamas Slov\u0117nijos avalyn\u0117s gamintojas, gaminantis \u017eygio batus nuo 1947 met\u0173. <\/li>\n<\/ul>\n<p><img decoding=\"async\" class=\"alignnone size-full wp-image-21431\" src=\"https:\/\/toidupakk.ee\/wp-content\/uploads\/2024\/03\/Alpitex-Technology.png\" alt=\"\" width=\"200\" height=\"50\"><\/p>\n<p>\u2705 Greitas pristatymas per 1\u20133 darbo dienas (NB! Prie\u0161 u\u017esakydami pasiteiraukite d\u0117l liku\u010dio, kai kuri\u0173 dyd\u017ei\u0173 gali tekti palaukti)<br \/>\n\u2705 Galima pasimatuoti atstovyb\u0117je Veski 5, Kiili<br \/>\n\u2705 NEMOKAMAS gr\u0105\u017einimas ir keitimas, jei netinka dydis<br \/>\n\u2705 Pirk dabar, mok\u0117k v\u0117liau (pal\u016bkanos 0 %)<\/p>\n","protected":false},"featured_media":21600,"comment_status":"open","ping_status":"closed","template":"","meta":{"_acf_changed":false},"product_brand":[],"product_cat":[223,189,190],"product_tag":[],"class_list":{"0":"post-46418","1":"product","2":"type-product","3":"status-publish","4":"has-post-thumbnail","6":"product_cat-zygio-batai","7":"product_cat-zygio-iranga","8":"product_cat-zygio-prekes","10":"first","11":"instock","12":"sale","13":"taxable","14":"shipping-taxable","15":"purchasable","16":"product-type-variable","17":"has-default-attributes"},"bundled_by":[],"bundle_stock_status":"instock","bundle_stock_quantity":null,"bundle_virtual":false,"bundle_layout":"","bundle_add_to_cart_form_location":"","bundle_editable_in_cart":false,"bundle_sold_individually_context":"","bundle_item_grouping":"","bundle_min_size":"","bundle_max_size":"","bundle_price":[],"bundled_items":[],"bundle_sell_ids":[],"acf":[],"yoast_head":"<!-- This site is optimized with the Yoast SEO plugin v27.3 - https:\/\/yoast.com\/product\/yoast-seo-wordpress\/ -->\n<title>\u017dygio batai Alpina TRACKER LOW<\/title>\n<meta name=\"description\" content=\"\u017dygio batai Alpina TRACKER LOW aktyvaus gyvenimo b\u016bdo \u017emogui, vertinan\u010diam patogi\u0105 ir lengv\u0105 avalyn\u0119. Pagaminti i\u0161 Alpitex\u00ae med\u017eiagos ir nat\u016bralios odos.\" \/>\n<meta name=\"robots\" content=\"index, follow, max-snippet:-1, max-image-preview:large, max-video-preview:-1\" \/>\n<link rel=\"canonical\" href=\"https:\/\/toidupakk.ee\/lt\/toode\/zygio-batai-alpina-tracker-low\/\" \/>\n<meta property=\"og:locale\" content=\"lt_LT\" \/>\n<meta property=\"og:type\" content=\"article\" \/>\n<meta property=\"og:title\" content=\"\u017dygio batai Alpina TRACKER LOW\" \/>\n<meta property=\"og:description\" content=\"\u017dygio batai Alpina TRACKER LOW aktyvaus gyvenimo b\u016bdo \u017emogui, vertinan\u010diam patogi\u0105 ir lengv\u0105 avalyn\u0119. Pagaminti i\u0161 Alpitex\u00ae med\u017eiagos ir nat\u016bralios odos.\" \/>\n<meta property=\"og:url\" content=\"https:\/\/toidupakk.ee\/lt\/toode\/zygio-batai-alpina-tracker-low\/\" \/>\n<meta property=\"og:site_name\" content=\"Toidupakk.ee - Tactical Foodpack toidupakid\" \/>\n<meta property=\"article:publisher\" content=\"https:\/\/www.facebook.com\/Toidupakk\" \/>\n<meta property=\"article:modified_time\" content=\"2026-04-29T18:31:45+00:00\" \/>\n<meta property=\"og:image\" content=\"https:\/\/toidupakk.ee\/wp-content\/uploads\/2024\/03\/Matkasaapad-Alpina-TRACKER-23-2.png\" \/>\n\t<meta property=\"og:image:width\" content=\"800\" \/>\n\t<meta property=\"og:image:height\" content=\"800\" \/>\n\t<meta property=\"og:image:type\" content=\"image\/png\" \/>\n<meta name=\"twitter:card\" content=\"summary_large_image\" \/>\n<meta name=\"twitter:label1\" content=\"Est. reading time\" \/>\n\t<meta name=\"twitter:data1\" content=\"2 minut\u0117s\" \/>\n<script type=\"application\/ld+json\" class=\"yoast-schema-graph\">{\"@context\":\"https:\\\/\\\/schema.org\",\"@graph\":[{\"@type\":\"WebPage\",\"@id\":\"https:\\\/\\\/toidupakk.ee\\\/lt\\\/toode\\\/zygio-batai-alpina-tracker-low\\\/\",\"url\":\"https:\\\/\\\/toidupakk.ee\\\/lt\\\/toode\\\/zygio-batai-alpina-tracker-low\\\/\",\"name\":\"\u017dygio batai Alpina TRACKER LOW\",\"isPartOf\":{\"@id\":\"https:\\\/\\\/toidupakk.ee\\\/lt\\\/#website\"},\"primaryImageOfPage\":{\"@id\":\"https:\\\/\\\/toidupakk.ee\\\/lt\\\/toode\\\/zygio-batai-alpina-tracker-low\\\/#primaryimage\"},\"image\":{\"@id\":\"https:\\\/\\\/toidupakk.ee\\\/lt\\\/toode\\\/zygio-batai-alpina-tracker-low\\\/#primaryimage\"},\"thumbnailUrl\":\"https:\\\/\\\/toidupakk.ee\\\/wp-content\\\/uploads\\\/2024\\\/03\\\/Matkasaapad-Alpina-TRACKER-23-2.png\",\"datePublished\":\"2024-03-27T14:43:24+00:00\",\"dateModified\":\"2026-04-29T18:31:45+00:00\",\"description\":\"\u017dygio batai Alpina TRACKER LOW aktyvaus gyvenimo b\u016bdo \u017emogui, vertinan\u010diam patogi\u0105 ir lengv\u0105 avalyn\u0119. Pagaminti i\u0161 Alpitex\u00ae med\u017eiagos ir nat\u016bralios odos.\",\"breadcrumb\":{\"@id\":\"https:\\\/\\\/toidupakk.ee\\\/lt\\\/toode\\\/zygio-batai-alpina-tracker-low\\\/#breadcrumb\"},\"inLanguage\":\"lt-LT\",\"potentialAction\":[{\"@type\":\"ReadAction\",\"target\":[\"https:\\\/\\\/toidupakk.ee\\\/lt\\\/toode\\\/zygio-batai-alpina-tracker-low\\\/\"]}]},{\"@type\":\"ImageObject\",\"inLanguage\":\"lt-LT\",\"@id\":\"https:\\\/\\\/toidupakk.ee\\\/lt\\\/toode\\\/zygio-batai-alpina-tracker-low\\\/#primaryimage\",\"url\":\"https:\\\/\\\/toidupakk.ee\\\/wp-content\\\/uploads\\\/2024\\\/03\\\/Matkasaapad-Alpina-TRACKER-23-2.png\",\"contentUrl\":\"https:\\\/\\\/toidupakk.ee\\\/wp-content\\\/uploads\\\/2024\\\/03\\\/Matkasaapad-Alpina-TRACKER-23-2.png\",\"width\":800,\"height\":800,\"caption\":\"Alpina batai\"},{\"@type\":\"BreadcrumbList\",\"@id\":\"https:\\\/\\\/toidupakk.ee\\\/lt\\\/toode\\\/zygio-batai-alpina-tracker-low\\\/#breadcrumb\",\"itemListElement\":[{\"@type\":\"ListItem\",\"position\":1,\"name\":\"Avaleht\",\"item\":\"https:\\\/\\\/toidupakk.ee\\\/lt\\\/\"},{\"@type\":\"ListItem\",\"position\":2,\"name\":\"El. parduotuv\u0117\",\"item\":\"https:\\\/\\\/toidupakk.ee\\\/lt\\\/el-parduotuve\\\/\"},{\"@type\":\"ListItem\",\"position\":3,\"name\":\"\u017dygio batai Alpina TRACKER LOW\"}]},{\"@type\":\"WebSite\",\"@id\":\"https:\\\/\\\/toidupakk.ee\\\/lt\\\/#website\",\"url\":\"https:\\\/\\\/toidupakk.ee\\\/lt\\\/\",\"name\":\"Toidupakk.ee - Tactical Foodpack toidupakid\",\"description\":\"Tactical Foodpack k\u00fclmkuivatatud toidupakid ja matkaeined\",\"publisher\":{\"@id\":\"https:\\\/\\\/toidupakk.ee\\\/lt\\\/#organization\"},\"potentialAction\":[{\"@type\":\"SearchAction\",\"target\":{\"@type\":\"EntryPoint\",\"urlTemplate\":\"https:\\\/\\\/toidupakk.ee\\\/lt\\\/?s={search_term_string}\"},\"query-input\":{\"@type\":\"PropertyValueSpecification\",\"valueRequired\":true,\"valueName\":\"search_term_string\"}}],\"inLanguage\":\"lt-LT\"},{\"@type\":\"Organization\",\"@id\":\"https:\\\/\\\/toidupakk.ee\\\/lt\\\/#organization\",\"name\":\"Tactical Foodpack matkaeined\",\"url\":\"https:\\\/\\\/toidupakk.ee\\\/lt\\\/\",\"logo\":{\"@type\":\"ImageObject\",\"inLanguage\":\"lt-LT\",\"@id\":\"https:\\\/\\\/toidupakk.ee\\\/lt\\\/#\\\/schema\\\/logo\\\/image\\\/\",\"url\":\"https:\\\/\\\/toidupakk.ee\\\/wp-content\\\/uploads\\\/2022\\\/01\\\/Toidupakk-matkapood-logo-transparent.png\",\"contentUrl\":\"https:\\\/\\\/toidupakk.ee\\\/wp-content\\\/uploads\\\/2022\\\/01\\\/Toidupakk-matkapood-logo-transparent.png\",\"width\":500,\"height\":500,\"caption\":\"Tactical Foodpack matkaeined\"},\"image\":{\"@id\":\"https:\\\/\\\/toidupakk.ee\\\/lt\\\/#\\\/schema\\\/logo\\\/image\\\/\"},\"sameAs\":[\"https:\\\/\\\/www.facebook.com\\\/Toidupakk\",\"https:\\\/\\\/www.instagram.com\\\/toidupakk\\\/\"]}]}<\/script>\n<!-- \/ Yoast SEO plugin. -->","yoast_head_json":{"title":"\u017dygio batai Alpina TRACKER LOW","description":"\u017dygio batai Alpina TRACKER LOW aktyvaus gyvenimo b\u016bdo \u017emogui, vertinan\u010diam patogi\u0105 ir lengv\u0105 avalyn\u0119. Pagaminti i\u0161 Alpitex\u00ae med\u017eiagos ir nat\u016bralios odos.","robots":{"index":"index","follow":"follow","max-snippet":"max-snippet:-1","max-image-preview":"max-image-preview:large","max-video-preview":"max-video-preview:-1"},"canonical":"https:\/\/toidupakk.ee\/lt\/toode\/zygio-batai-alpina-tracker-low\/","og_locale":"lt_LT","og_type":"article","og_title":"\u017dygio batai Alpina TRACKER LOW","og_description":"\u017dygio batai Alpina TRACKER LOW aktyvaus gyvenimo b\u016bdo \u017emogui, vertinan\u010diam patogi\u0105 ir lengv\u0105 avalyn\u0119. Pagaminti i\u0161 Alpitex\u00ae med\u017eiagos ir nat\u016bralios odos.","og_url":"https:\/\/toidupakk.ee\/lt\/toode\/zygio-batai-alpina-tracker-low\/","og_site_name":"Toidupakk.ee - Tactical Foodpack toidupakid","article_publisher":"https:\/\/www.facebook.com\/Toidupakk","article_modified_time":"2026-04-29T18:31:45+00:00","og_image":[{"width":800,"height":800,"url":"https:\/\/toidupakk.ee\/wp-content\/uploads\/2024\/03\/Matkasaapad-Alpina-TRACKER-23-2.png","type":"image\/png"}],"twitter_card":"summary_large_image","twitter_misc":{"Est. reading time":"2 minut\u0117s"},"schema":{"@context":"https:\/\/schema.org","@graph":[{"@type":"WebPage","@id":"https:\/\/toidupakk.ee\/lt\/toode\/zygio-batai-alpina-tracker-low\/","url":"https:\/\/toidupakk.ee\/lt\/toode\/zygio-batai-alpina-tracker-low\/","name":"\u017dygio batai Alpina TRACKER LOW","isPartOf":{"@id":"https:\/\/toidupakk.ee\/lt\/#website"},"primaryImageOfPage":{"@id":"https:\/\/toidupakk.ee\/lt\/toode\/zygio-batai-alpina-tracker-low\/#primaryimage"},"image":{"@id":"https:\/\/toidupakk.ee\/lt\/toode\/zygio-batai-alpina-tracker-low\/#primaryimage"},"thumbnailUrl":"https:\/\/toidupakk.ee\/wp-content\/uploads\/2024\/03\/Matkasaapad-Alpina-TRACKER-23-2.png","datePublished":"2024-03-27T14:43:24+00:00","dateModified":"2026-04-29T18:31:45+00:00","description":"\u017dygio batai Alpina TRACKER LOW aktyvaus gyvenimo b\u016bdo \u017emogui, vertinan\u010diam patogi\u0105 ir lengv\u0105 avalyn\u0119. Pagaminti i\u0161 Alpitex\u00ae med\u017eiagos ir nat\u016bralios odos.","breadcrumb":{"@id":"https:\/\/toidupakk.ee\/lt\/toode\/zygio-batai-alpina-tracker-low\/#breadcrumb"},"inLanguage":"lt-LT","potentialAction":[{"@type":"ReadAction","target":["https:\/\/toidupakk.ee\/lt\/toode\/zygio-batai-alpina-tracker-low\/"]}]},{"@type":"ImageObject","inLanguage":"lt-LT","@id":"https:\/\/toidupakk.ee\/lt\/toode\/zygio-batai-alpina-tracker-low\/#primaryimage","url":"https:\/\/toidupakk.ee\/wp-content\/uploads\/2024\/03\/Matkasaapad-Alpina-TRACKER-23-2.png","contentUrl":"https:\/\/toidupakk.ee\/wp-content\/uploads\/2024\/03\/Matkasaapad-Alpina-TRACKER-23-2.png","width":800,"height":800,"caption":"Alpina batai"},{"@type":"BreadcrumbList","@id":"https:\/\/toidupakk.ee\/lt\/toode\/zygio-batai-alpina-tracker-low\/#breadcrumb","itemListElement":[{"@type":"ListItem","position":1,"name":"Avaleht","item":"https:\/\/toidupakk.ee\/lt\/"},{"@type":"ListItem","position":2,"name":"El. parduotuv\u0117","item":"https:\/\/toidupakk.ee\/lt\/el-parduotuve\/"},{"@type":"ListItem","position":3,"name":"\u017dygio batai Alpina TRACKER LOW"}]},{"@type":"WebSite","@id":"https:\/\/toidupakk.ee\/lt\/#website","url":"https:\/\/toidupakk.ee\/lt\/","name":"Toidupakk.ee - Tactical Foodpack toidupakid","description":"Tactical Foodpack k\u00fclmkuivatatud toidupakid ja matkaeined","publisher":{"@id":"https:\/\/toidupakk.ee\/lt\/#organization"},"potentialAction":[{"@type":"SearchAction","target":{"@type":"EntryPoint","urlTemplate":"https:\/\/toidupakk.ee\/lt\/?s={search_term_string}"},"query-input":{"@type":"PropertyValueSpecification","valueRequired":true,"valueName":"search_term_string"}}],"inLanguage":"lt-LT"},{"@type":"Organization","@id":"https:\/\/toidupakk.ee\/lt\/#organization","name":"Tactical Foodpack matkaeined","url":"https:\/\/toidupakk.ee\/lt\/","logo":{"@type":"ImageObject","inLanguage":"lt-LT","@id":"https:\/\/toidupakk.ee\/lt\/#\/schema\/logo\/image\/","url":"https:\/\/toidupakk.ee\/wp-content\/uploads\/2022\/01\/Toidupakk-matkapood-logo-transparent.png","contentUrl":"https:\/\/toidupakk.ee\/wp-content\/uploads\/2022\/01\/Toidupakk-matkapood-logo-transparent.png","width":500,"height":500,"caption":"Tactical Foodpack matkaeined"},"image":{"@id":"https:\/\/toidupakk.ee\/lt\/#\/schema\/logo\/image\/"},"sameAs":["https:\/\/www.facebook.com\/Toidupakk","https:\/\/www.instagram.com\/toidupakk\/"]}]}},"jetpack_sharing_enabled":true,"_links":{"self":[{"href":"https:\/\/toidupakk.ee\/lt\/wp-json\/wp\/v2\/product\/46418","targetHints":{"allow":["GET"]}}],"collection":[{"href":"https:\/\/toidupakk.ee\/lt\/wp-json\/wp\/v2\/product"}],"about":[{"href":"https:\/\/toidupakk.ee\/lt\/wp-json\/wp\/v2\/types\/product"}],"replies":[{"embeddable":true,"href":"https:\/\/toidupakk.ee\/lt\/wp-json\/wp\/v2\/comments?post=46418"}],"wp:featuredmedia":[{"embeddable":true,"href":"https:\/\/toidupakk.ee\/lt\/wp-json\/wp\/v2\/media\/21600"}],"wp:attachment":[{"href":"https:\/\/toidupakk.ee\/lt\/wp-json\/wp\/v2\/media?parent=46418"}],"wp:term":[{"taxonomy":"product_brand","embeddable":true,"href":"https:\/\/toidupakk.ee\/lt\/wp-json\/wp\/v2\/product_brand?post=46418"},{"taxonomy":"product_cat","embeddable":true,"href":"https:\/\/toidupakk.ee\/lt\/wp-json\/wp\/v2\/product_cat?post=46418"},{"taxonomy":"product_tag","embeddable":true,"href":"https:\/\/toidupakk.ee\/lt\/wp-json\/wp\/v2\/product_tag?post=46418"}],"curies":[{"name":"wp","href":"https:\/\/api.w.org\/{rel}","templated":true}]}}