{"id":46397,"date":"2024-03-11T16:22:34","date_gmt":"2024-03-11T14:22:34","guid":{"rendered":"https:\/\/toidupakk.ee\/toode\/turistiniu-indu-rinkinys-wildo\/"},"modified":"2026-04-16T03:00:10","modified_gmt":"2026-04-16T00:00:10","slug":"turistiniu-indu-rinkinys-wildo","status":"publish","type":"product","link":"https:\/\/toidupakk.ee\/lt\/toode\/turistiniu-indu-rinkinys-wildo\/","title":{"rendered":"Turistini\u0173 ind\u0173 rinkinys WILDO\u00ae"},"content":{"rendered":"<h1>Turistini\u0173 ind\u0173 rinkinys \u017eygyje yra nepakei\u010diamas<\/h1>\n<p>Turistini\u0173 ind\u0173 rinkinyje WILDO yra viskas, ko tau reikia patogiam valgymui gamtoje. Kiekvien\u0105 rinkin\u012f sudaro du duben\u0117liai (didesnis 900 ml ir ma\u017eesnis 350 ml), sulankstomas puodelis \u201eFold-a-Cup\u00ae\u201c ir \u201etrys viename\u201c \u012frankis \u2013 peilio, \u0161akut\u0117s ir \u0161auk\u0161to hibridas. <\/p>\n<p><img fetchpriority=\"high\" decoding=\"async\" class=\"alignnone wp-image-36717 size-thumbnail\" src=\"https:\/\/toidupakk.ee\/wp-content\/uploads\/2024\/03\/Matkanoude-komplekt-Wildo-2-1-500x500.png\" alt=\"wildo turistini\u0173 ind\u0173 rinkinys\" width=\"500\" height=\"500\" srcset=\"https:\/\/toidupakk.ee\/wp-content\/uploads\/2024\/03\/Matkanoude-komplekt-Wildo-2-1-500x500.png 500w, https:\/\/toidupakk.ee\/wp-content\/uploads\/2024\/03\/Matkanoude-komplekt-Wildo-2-1-300x300.png 300w, https:\/\/toidupakk.ee\/wp-content\/uploads\/2024\/03\/Matkanoude-komplekt-Wildo-2-1-768x768.png 768w, https:\/\/toidupakk.ee\/wp-content\/uploads\/2024\/03\/Matkanoude-komplekt-Wildo-2-1-400x400.png 400w, https:\/\/toidupakk.ee\/wp-content\/uploads\/2024\/03\/Matkanoude-komplekt-Wildo-2-1-100x100.png 100w, https:\/\/toidupakk.ee\/wp-content\/uploads\/2024\/03\/Matkanoude-komplekt-Wildo-2-1.png 800w\" sizes=\"(max-width: 500px) 100vw, 500px\" \/><\/p>\n<p>&nbsp;<\/p>\n<h2>\u0160vedi\u0161kos kokyb\u0117s turistini\u0173 ind\u0173 rinkinys<\/h2>\n<p>\u201eWildo\u201c gamina kokybi\u0161kus, funkcionalius ir ilgaam\u017eius gaminius. Juose derinamas \u0161vedi\u0161kas dizainas ir meistri\u0161kumas, tod\u0117l jie pranoksta kitus pana\u0161ius gaminius. Jie lengvi, patvar\u016bs ir kompakti\u0161ki.<br \/>\nGaminiai \u0160vedijos gamtos s\u0105lygomis bandomi ir tobulinami jau daugiau nei 35 metus, tod\u0117l j\u0173 kokybe n\u0117ra jokio pagrindo abejoti.  <\/p>\n<p>\u017dygyje ar tiesiog i\u0161kyloje su \u0161eima valgymas gamtoje visada malonus. Skoniais pasir\u016bpins \u201eTactical Foodpack\u201c ir \u201eMeki\u201c \u017eygio maistas, j\u0173 savaitiniai rinkiniai, \u0161e\u0161i\u0173 porcij\u0173 pakuot\u0117s, skan\u016bs pusry\u010diai bei u\u017ekand\u017eiai. Maistui pa\u0161ildyti puikus sprendimas \u2013 maisto \u0161ildymo mai\u0161elis. O kad nereikt\u0173 valgyti tiesiog ant \u017eem\u0117s, verta pasiimti lengv\u0105 ir kompakti\u0161k\u0105 \u017eygio stal\u0105.   <\/p>\n<p><img decoding=\"async\" class=\"alignnone wp-image-36716 size-thumbnail\" src=\"https:\/\/toidupakk.ee\/wp-content\/uploads\/2024\/03\/Matkanoude-komplekt-Wildo-1-1-500x500.png\" alt=\"\" width=\"500\" height=\"500\" srcset=\"https:\/\/toidupakk.ee\/wp-content\/uploads\/2024\/03\/Matkanoude-komplekt-Wildo-1-1-500x500.png 500w, https:\/\/toidupakk.ee\/wp-content\/uploads\/2024\/03\/Matkanoude-komplekt-Wildo-1-1-300x300.png 300w, https:\/\/toidupakk.ee\/wp-content\/uploads\/2024\/03\/Matkanoude-komplekt-Wildo-1-1-768x768.png 768w, https:\/\/toidupakk.ee\/wp-content\/uploads\/2024\/03\/Matkanoude-komplekt-Wildo-1-1-400x400.png 400w, https:\/\/toidupakk.ee\/wp-content\/uploads\/2024\/03\/Matkanoude-komplekt-Wildo-1-1-100x100.png 100w, https:\/\/toidupakk.ee\/wp-content\/uploads\/2024\/03\/Matkanoude-komplekt-Wildo-1-1.png 800w\" sizes=\"(max-width: 500px) 100vw, 500px\" \/><\/p>\n<p>&nbsp;<\/p>\n<p>I\u0161sirink patinkant\u012f maist\u0105, pasiimk draug\u0105, vaikus ar net vis\u0105 \u0161eim\u0105 ir keliauk \u012f \u017eyg\u012f!<\/p>\n<p>Daugiau \u017eygio preki\u0173 rasi <a href=\"https:\/\/toidupakk.ee\/lt\/tootekategooria\/zygio-iranga\/\">\u010cIA<\/a><\/p>\n<p>Pasisemk \u012fkv\u0117pimo kitiems nuotykiams Toidupakk <a href=\"https:\/\/www.instagram.com\/toidupakk\/\">Instagram<\/a> ir <a href=\"https:\/\/www.facebook.com\/Toidupakk\/\">Facebook<\/a> paskyrose.<\/p>\n","protected":false},"excerpt":{"rendered":"<p><strong>Turistini\u0173 ind\u0173 rinkin\u012f WILDO\u00ae sudaro kruop\u0161\u010diai parinkti, funkcional\u016bs ir lengvai pri\u017ei\u016brimi indai valgymui lauke. Prakti\u0161kas ir lengvas turistini\u0173 ind\u0173 rinkinys. <\/strong><\/p>\n<ul>\n<li>Rinkin\u012f sudaro dvi l\u0117k\u0161t\u0117s (gili ir sekli), du duben\u0117liai (didesnis ir ma\u017eesnis), sulankstomas puodelis \u201eFold-A-Cup\u00ae\u201c ir \u017eygio \u012frankis <a href=\"https:\/\/toidupakk.ee\/toode\/matkalusikas-wildo-spork-3in1\/\">Wildo Spork<\/a> (\u201etrys viename\u201c peilis, \u0161auk\u0161tas ir \u0161akut\u0117).<\/li>\n<li>WILDO turistini\u0173 ind\u0173 rinkiniai supakuoti \u012f orui pralaid\u0173 tinklin\u012f mai\u0161el\u012f, tod\u0117l i\u0161plauti indai gerai d\u017ei\u016bsta (pavyzd\u017eiui, pakabinti ant kuprin\u0117s).<\/li>\n<li>Gaminys pagamintas i\u0161 kokybi\u0161ko, gamtai draugi\u0161ko bioplastiko, tausojant aplink\u0105.<\/li>\n<li>100 % be BPA<\/li>\n<li>Pagaminta \u0160vedijoje<\/li>\n<li>Duben\u0117liai turi matavimo skales skys\u010diams<\/li>\n<li>Didelis duben\u0117lis 900 ml; ma\u017eas duben\u0117lis 350 ml; sulankstomas puodelis 250 ml<\/li>\n<li>Visas rinkinys su krep\u0161eliu sveria 355 g<\/li>\n<\/ul>\n<p>\u2705 Turime sand\u0117lyje, greitas pristatymas per 1\u20133 d. d.<\/p>\n","protected":false},"featured_media":36717,"comment_status":"open","ping_status":"closed","template":"","meta":{"_acf_changed":false},"product_brand":[],"product_cat":[217,197,189,190],"product_tag":[],"class_list":{"0":"post-46397","1":"product","2":"type-product","3":"status-publish","4":"has-post-thumbnail","6":"product_cat-nakvyne-gamtoje","7":"product_cat-stalo-irankiai","8":"product_cat-zygio-iranga","9":"product_cat-zygio-prekes","11":"first","12":"instock","13":"taxable","14":"shipping-taxable","15":"purchasable","16":"product-type-simple"},"bundled_by":[],"bundle_stock_status":"instock","bundle_stock_quantity":3,"bundle_virtual":false,"bundle_layout":"","bundle_add_to_cart_form_location":"","bundle_editable_in_cart":false,"bundle_sold_individually_context":"","bundle_item_grouping":"","bundle_min_size":"","bundle_max_size":"","bundle_price":[],"bundled_items":[],"bundle_sell_ids":[],"acf":[],"yoast_head":"<!-- This site is optimized with the Yoast SEO plugin v27.3 - https:\/\/yoast.com\/product\/yoast-seo-wordpress\/ -->\n<title>Turistini\u0173 ind\u0173 rinkinys WILDO\u00ae<\/title>\n<meta name=\"description\" content=\"Turistini\u0173 ind\u0173 rinkin\u012f WILDO\u00ae sudaro kruop\u0161\u010diai parinkti, funkcional\u016bs ir lengvai pri\u017ei\u016brimi indai valgymui gamtoje. Prakti\u0161kas ir lengvas.\" \/>\n<meta name=\"robots\" content=\"index, follow, max-snippet:-1, max-image-preview:large, max-video-preview:-1\" \/>\n<link rel=\"canonical\" href=\"https:\/\/toidupakk.ee\/lt\/toode\/turistiniu-indu-rinkinys-wildo\/\" \/>\n<meta property=\"og:locale\" content=\"lt_LT\" \/>\n<meta property=\"og:type\" content=\"article\" \/>\n<meta property=\"og:title\" content=\"Turistini\u0173 ind\u0173 rinkinys WILDO\u00ae\" \/>\n<meta property=\"og:description\" content=\"Turistini\u0173 ind\u0173 rinkin\u012f WILDO\u00ae sudaro kruop\u0161\u010diai parinkti, funkcional\u016bs ir lengvai pri\u017ei\u016brimi indai valgymui gamtoje. Prakti\u0161kas ir lengvas.\" \/>\n<meta property=\"og:url\" content=\"https:\/\/toidupakk.ee\/lt\/toode\/turistiniu-indu-rinkinys-wildo\/\" \/>\n<meta property=\"og:site_name\" content=\"Toidupakk.ee - Tactical Foodpack toidupakid\" \/>\n<meta property=\"article:publisher\" content=\"https:\/\/www.facebook.com\/Toidupakk\" \/>\n<meta property=\"article:modified_time\" content=\"2026-04-16T00:00:10+00:00\" \/>\n<meta property=\"og:image\" content=\"https:\/\/toidupakk.ee\/wp-content\/uploads\/2024\/03\/Matkanoude-komplekt-Wildo-2-1.png\" \/>\n\t<meta property=\"og:image:width\" content=\"800\" \/>\n\t<meta property=\"og:image:height\" content=\"800\" \/>\n\t<meta property=\"og:image:type\" content=\"image\/png\" \/>\n<meta name=\"twitter:card\" content=\"summary_large_image\" \/>\n<meta name=\"twitter:label1\" content=\"Est. reading time\" \/>\n\t<meta name=\"twitter:data1\" content=\"1 minut\u0117\" \/>\n<script type=\"application\/ld+json\" class=\"yoast-schema-graph\">{\"@context\":\"https:\\\/\\\/schema.org\",\"@graph\":[{\"@type\":\"WebPage\",\"@id\":\"https:\\\/\\\/toidupakk.ee\\\/lt\\\/toode\\\/turistiniu-indu-rinkinys-wildo\\\/\",\"url\":\"https:\\\/\\\/toidupakk.ee\\\/lt\\\/toode\\\/turistiniu-indu-rinkinys-wildo\\\/\",\"name\":\"Turistini\u0173 ind\u0173 rinkinys WILDO\u00ae\",\"isPartOf\":{\"@id\":\"https:\\\/\\\/toidupakk.ee\\\/lt\\\/#website\"},\"primaryImageOfPage\":{\"@id\":\"https:\\\/\\\/toidupakk.ee\\\/lt\\\/toode\\\/turistiniu-indu-rinkinys-wildo\\\/#primaryimage\"},\"image\":{\"@id\":\"https:\\\/\\\/toidupakk.ee\\\/lt\\\/toode\\\/turistiniu-indu-rinkinys-wildo\\\/#primaryimage\"},\"thumbnailUrl\":\"https:\\\/\\\/toidupakk.ee\\\/wp-content\\\/uploads\\\/2024\\\/03\\\/Matkanoude-komplekt-Wildo-2-1.png\",\"datePublished\":\"2024-03-11T14:22:34+00:00\",\"dateModified\":\"2026-04-16T00:00:10+00:00\",\"description\":\"Turistini\u0173 ind\u0173 rinkin\u012f WILDO\u00ae sudaro kruop\u0161\u010diai parinkti, funkcional\u016bs ir lengvai pri\u017ei\u016brimi indai valgymui gamtoje. Prakti\u0161kas ir lengvas.\",\"breadcrumb\":{\"@id\":\"https:\\\/\\\/toidupakk.ee\\\/lt\\\/toode\\\/turistiniu-indu-rinkinys-wildo\\\/#breadcrumb\"},\"inLanguage\":\"lt-LT\",\"potentialAction\":[{\"@type\":\"ReadAction\",\"target\":[\"https:\\\/\\\/toidupakk.ee\\\/lt\\\/toode\\\/turistiniu-indu-rinkinys-wildo\\\/\"]}]},{\"@type\":\"ImageObject\",\"inLanguage\":\"lt-LT\",\"@id\":\"https:\\\/\\\/toidupakk.ee\\\/lt\\\/toode\\\/turistiniu-indu-rinkinys-wildo\\\/#primaryimage\",\"url\":\"https:\\\/\\\/toidupakk.ee\\\/wp-content\\\/uploads\\\/2024\\\/03\\\/Matkanoude-komplekt-Wildo-2-1.png\",\"contentUrl\":\"https:\\\/\\\/toidupakk.ee\\\/wp-content\\\/uploads\\\/2024\\\/03\\\/Matkanoude-komplekt-Wildo-2-1.png\",\"width\":800,\"height\":800,\"caption\":\"wildo matkan\u00f5ude komplekt\"},{\"@type\":\"BreadcrumbList\",\"@id\":\"https:\\\/\\\/toidupakk.ee\\\/lt\\\/toode\\\/turistiniu-indu-rinkinys-wildo\\\/#breadcrumb\",\"itemListElement\":[{\"@type\":\"ListItem\",\"position\":1,\"name\":\"Avaleht\",\"item\":\"https:\\\/\\\/toidupakk.ee\\\/lt\\\/\"},{\"@type\":\"ListItem\",\"position\":2,\"name\":\"El. parduotuv\u0117\",\"item\":\"https:\\\/\\\/toidupakk.ee\\\/lt\\\/el-parduotuve\\\/\"},{\"@type\":\"ListItem\",\"position\":3,\"name\":\"Turistini\u0173 ind\u0173 rinkinys WILDO\u00ae\"}]},{\"@type\":\"WebSite\",\"@id\":\"https:\\\/\\\/toidupakk.ee\\\/lt\\\/#website\",\"url\":\"https:\\\/\\\/toidupakk.ee\\\/lt\\\/\",\"name\":\"Toidupakk.ee - Tactical Foodpack toidupakid\",\"description\":\"Tactical Foodpack k\u00fclmkuivatatud toidupakid ja matkaeined\",\"publisher\":{\"@id\":\"https:\\\/\\\/toidupakk.ee\\\/lt\\\/#organization\"},\"potentialAction\":[{\"@type\":\"SearchAction\",\"target\":{\"@type\":\"EntryPoint\",\"urlTemplate\":\"https:\\\/\\\/toidupakk.ee\\\/lt\\\/?s={search_term_string}\"},\"query-input\":{\"@type\":\"PropertyValueSpecification\",\"valueRequired\":true,\"valueName\":\"search_term_string\"}}],\"inLanguage\":\"lt-LT\"},{\"@type\":\"Organization\",\"@id\":\"https:\\\/\\\/toidupakk.ee\\\/lt\\\/#organization\",\"name\":\"Tactical Foodpack matkaeined\",\"url\":\"https:\\\/\\\/toidupakk.ee\\\/lt\\\/\",\"logo\":{\"@type\":\"ImageObject\",\"inLanguage\":\"lt-LT\",\"@id\":\"https:\\\/\\\/toidupakk.ee\\\/lt\\\/#\\\/schema\\\/logo\\\/image\\\/\",\"url\":\"https:\\\/\\\/toidupakk.ee\\\/wp-content\\\/uploads\\\/2022\\\/01\\\/Toidupakk-matkapood-logo-transparent.png\",\"contentUrl\":\"https:\\\/\\\/toidupakk.ee\\\/wp-content\\\/uploads\\\/2022\\\/01\\\/Toidupakk-matkapood-logo-transparent.png\",\"width\":500,\"height\":500,\"caption\":\"Tactical Foodpack matkaeined\"},\"image\":{\"@id\":\"https:\\\/\\\/toidupakk.ee\\\/lt\\\/#\\\/schema\\\/logo\\\/image\\\/\"},\"sameAs\":[\"https:\\\/\\\/www.facebook.com\\\/Toidupakk\",\"https:\\\/\\\/www.instagram.com\\\/toidupakk\\\/\"]}]}<\/script>\n<!-- \/ Yoast SEO plugin. -->","yoast_head_json":{"title":"Turistini\u0173 ind\u0173 rinkinys WILDO\u00ae","description":"Turistini\u0173 ind\u0173 rinkin\u012f WILDO\u00ae sudaro kruop\u0161\u010diai parinkti, funkcional\u016bs ir lengvai pri\u017ei\u016brimi indai valgymui gamtoje. Prakti\u0161kas ir lengvas.","robots":{"index":"index","follow":"follow","max-snippet":"max-snippet:-1","max-image-preview":"max-image-preview:large","max-video-preview":"max-video-preview:-1"},"canonical":"https:\/\/toidupakk.ee\/lt\/toode\/turistiniu-indu-rinkinys-wildo\/","og_locale":"lt_LT","og_type":"article","og_title":"Turistini\u0173 ind\u0173 rinkinys WILDO\u00ae","og_description":"Turistini\u0173 ind\u0173 rinkin\u012f WILDO\u00ae sudaro kruop\u0161\u010diai parinkti, funkcional\u016bs ir lengvai pri\u017ei\u016brimi indai valgymui gamtoje. Prakti\u0161kas ir lengvas.","og_url":"https:\/\/toidupakk.ee\/lt\/toode\/turistiniu-indu-rinkinys-wildo\/","og_site_name":"Toidupakk.ee - Tactical Foodpack toidupakid","article_publisher":"https:\/\/www.facebook.com\/Toidupakk","article_modified_time":"2026-04-16T00:00:10+00:00","og_image":[{"width":800,"height":800,"url":"https:\/\/toidupakk.ee\/wp-content\/uploads\/2024\/03\/Matkanoude-komplekt-Wildo-2-1.png","type":"image\/png"}],"twitter_card":"summary_large_image","twitter_misc":{"Est. reading time":"1 minut\u0117"},"schema":{"@context":"https:\/\/schema.org","@graph":[{"@type":"WebPage","@id":"https:\/\/toidupakk.ee\/lt\/toode\/turistiniu-indu-rinkinys-wildo\/","url":"https:\/\/toidupakk.ee\/lt\/toode\/turistiniu-indu-rinkinys-wildo\/","name":"Turistini\u0173 ind\u0173 rinkinys WILDO\u00ae","isPartOf":{"@id":"https:\/\/toidupakk.ee\/lt\/#website"},"primaryImageOfPage":{"@id":"https:\/\/toidupakk.ee\/lt\/toode\/turistiniu-indu-rinkinys-wildo\/#primaryimage"},"image":{"@id":"https:\/\/toidupakk.ee\/lt\/toode\/turistiniu-indu-rinkinys-wildo\/#primaryimage"},"thumbnailUrl":"https:\/\/toidupakk.ee\/wp-content\/uploads\/2024\/03\/Matkanoude-komplekt-Wildo-2-1.png","datePublished":"2024-03-11T14:22:34+00:00","dateModified":"2026-04-16T00:00:10+00:00","description":"Turistini\u0173 ind\u0173 rinkin\u012f WILDO\u00ae sudaro kruop\u0161\u010diai parinkti, funkcional\u016bs ir lengvai pri\u017ei\u016brimi indai valgymui gamtoje. Prakti\u0161kas ir lengvas.","breadcrumb":{"@id":"https:\/\/toidupakk.ee\/lt\/toode\/turistiniu-indu-rinkinys-wildo\/#breadcrumb"},"inLanguage":"lt-LT","potentialAction":[{"@type":"ReadAction","target":["https:\/\/toidupakk.ee\/lt\/toode\/turistiniu-indu-rinkinys-wildo\/"]}]},{"@type":"ImageObject","inLanguage":"lt-LT","@id":"https:\/\/toidupakk.ee\/lt\/toode\/turistiniu-indu-rinkinys-wildo\/#primaryimage","url":"https:\/\/toidupakk.ee\/wp-content\/uploads\/2024\/03\/Matkanoude-komplekt-Wildo-2-1.png","contentUrl":"https:\/\/toidupakk.ee\/wp-content\/uploads\/2024\/03\/Matkanoude-komplekt-Wildo-2-1.png","width":800,"height":800,"caption":"wildo matkan\u00f5ude komplekt"},{"@type":"BreadcrumbList","@id":"https:\/\/toidupakk.ee\/lt\/toode\/turistiniu-indu-rinkinys-wildo\/#breadcrumb","itemListElement":[{"@type":"ListItem","position":1,"name":"Avaleht","item":"https:\/\/toidupakk.ee\/lt\/"},{"@type":"ListItem","position":2,"name":"El. parduotuv\u0117","item":"https:\/\/toidupakk.ee\/lt\/el-parduotuve\/"},{"@type":"ListItem","position":3,"name":"Turistini\u0173 ind\u0173 rinkinys WILDO\u00ae"}]},{"@type":"WebSite","@id":"https:\/\/toidupakk.ee\/lt\/#website","url":"https:\/\/toidupakk.ee\/lt\/","name":"Toidupakk.ee - Tactical Foodpack toidupakid","description":"Tactical Foodpack k\u00fclmkuivatatud toidupakid ja matkaeined","publisher":{"@id":"https:\/\/toidupakk.ee\/lt\/#organization"},"potentialAction":[{"@type":"SearchAction","target":{"@type":"EntryPoint","urlTemplate":"https:\/\/toidupakk.ee\/lt\/?s={search_term_string}"},"query-input":{"@type":"PropertyValueSpecification","valueRequired":true,"valueName":"search_term_string"}}],"inLanguage":"lt-LT"},{"@type":"Organization","@id":"https:\/\/toidupakk.ee\/lt\/#organization","name":"Tactical Foodpack matkaeined","url":"https:\/\/toidupakk.ee\/lt\/","logo":{"@type":"ImageObject","inLanguage":"lt-LT","@id":"https:\/\/toidupakk.ee\/lt\/#\/schema\/logo\/image\/","url":"https:\/\/toidupakk.ee\/wp-content\/uploads\/2022\/01\/Toidupakk-matkapood-logo-transparent.png","contentUrl":"https:\/\/toidupakk.ee\/wp-content\/uploads\/2022\/01\/Toidupakk-matkapood-logo-transparent.png","width":500,"height":500,"caption":"Tactical Foodpack matkaeined"},"image":{"@id":"https:\/\/toidupakk.ee\/lt\/#\/schema\/logo\/image\/"},"sameAs":["https:\/\/www.facebook.com\/Toidupakk","https:\/\/www.instagram.com\/toidupakk\/"]}]}},"jetpack_sharing_enabled":true,"_links":{"self":[{"href":"https:\/\/toidupakk.ee\/lt\/wp-json\/wp\/v2\/product\/46397","targetHints":{"allow":["GET"]}}],"collection":[{"href":"https:\/\/toidupakk.ee\/lt\/wp-json\/wp\/v2\/product"}],"about":[{"href":"https:\/\/toidupakk.ee\/lt\/wp-json\/wp\/v2\/types\/product"}],"replies":[{"embeddable":true,"href":"https:\/\/toidupakk.ee\/lt\/wp-json\/wp\/v2\/comments?post=46397"}],"wp:featuredmedia":[{"embeddable":true,"href":"https:\/\/toidupakk.ee\/lt\/wp-json\/wp\/v2\/media\/36717"}],"wp:attachment":[{"href":"https:\/\/toidupakk.ee\/lt\/wp-json\/wp\/v2\/media?parent=46397"}],"wp:term":[{"taxonomy":"product_brand","embeddable":true,"href":"https:\/\/toidupakk.ee\/lt\/wp-json\/wp\/v2\/product_brand?post=46397"},{"taxonomy":"product_cat","embeddable":true,"href":"https:\/\/toidupakk.ee\/lt\/wp-json\/wp\/v2\/product_cat?post=46397"},{"taxonomy":"product_tag","embeddable":true,"href":"https:\/\/toidupakk.ee\/lt\/wp-json\/wp\/v2\/product_tag?post=46397"}],"curies":[{"name":"wp","href":"https:\/\/api.w.org\/{rel}","templated":true}]}}