{"id":46391,"date":"2024-03-04T15:08:21","date_gmt":"2024-03-04T13:08:21","guid":{"rendered":"https:\/\/toidupakk.ee\/toode\/palapines-kuoliukai-peakpro-extra-wide-10-vnt-komplektas\/"},"modified":"2026-04-04T01:01:20","modified_gmt":"2026-04-03T22:01:20","slug":"palapines-kuoliukai-peakpro-extra-wide-10-vnt-komplektas","status":"publish","type":"product","link":"https:\/\/toidupakk.ee\/lt\/toode\/palapines-kuoliukai-peakpro-extra-wide-10-vnt-komplektas\/","title":{"rendered":"Palapin\u0117s kuoliukai \u201ePeakPro Extra Wide\u201c (10 vnt. komplektas)"},"content":{"rendered":"<h1><img fetchpriority=\"high\" decoding=\"async\" class=\"alignright wp-image-20845 size-thumbnail\" style=\"font-size: 16px; font-weight: 400;\" src=\"https:\/\/toidupakk.ee\/wp-content\/uploads\/2024\/03\/Telgivaiad-tugevad-ekstra-laiad-4-500x500.png\" alt=\"palapin\u0117s kuoliuk\u0173 komplektas\" width=\"500\" height=\"500\" srcset=\"https:\/\/toidupakk.ee\/wp-content\/uploads\/2024\/03\/Telgivaiad-tugevad-ekstra-laiad-4-500x500.png 500w, https:\/\/toidupakk.ee\/wp-content\/uploads\/2024\/03\/Telgivaiad-tugevad-ekstra-laiad-4-400x400.png 400w, https:\/\/toidupakk.ee\/wp-content\/uploads\/2024\/03\/Telgivaiad-tugevad-ekstra-laiad-4-100x100.png 100w, https:\/\/toidupakk.ee\/wp-content\/uploads\/2024\/03\/Telgivaiad-tugevad-ekstra-laiad-4-300x300.png 300w, https:\/\/toidupakk.ee\/wp-content\/uploads\/2024\/03\/Telgivaiad-tugevad-ekstra-laiad-4-768x768.png 768w, https:\/\/toidupakk.ee\/wp-content\/uploads\/2024\/03\/Telgivaiad-tugevad-ekstra-laiad-4.png 800w\" sizes=\"(max-width: 500px) 100vw, 500px\" \/><\/h1>\n<h1>Palapin\u0117s kuoliukai, kurie nesilanksto<\/h1>\n<p>\u0160iame komplekte yra de\u0161imt tvirt\u0173 ir pla\u010di\u0173 palapin\u0117s kuoliuk\u0173, skirt\u0173 naudoti su \u012fvairiomis turistin\u0117mis palapin\u0117mis. Jie puikiai tinka \u012fvairiems pavir\u0161iams ir vietov\u0117ms, ypa\u010d sm\u0117lingam ar mink\u0161tesniam gruntui. Pamir\u0161k r\u016bpes\u010dius d\u0117l linkstan\u010di\u0173 plon\u0173 kuoliuk\u0173 \u2013 <strong>tvirti V formos palapin\u0117s kuoliukai sukurti atlaikyti apkrovas.<\/strong>  <\/p>\n<p>D\u0117l platesnio kuoliuk\u0173 pavir\u0161iaus juos <strong>patogiau \u012fspausti \u012f \u017eem\u0119 ir suma\u017e\u0117ja rizika jiems sulinkti<\/strong>. Pagaminti i\u0161 ner\u016bdijan\u010dio plieno, tod\u0117l yra <strong>atspar\u016bs korozijai ir u\u017etikrina ilgalaik\u012f naudojim\u0105<\/strong>. Be to, kuoliukai sukurti taip, kad tvirtai laikyt\u0173 palapin\u0119 prie \u017eem\u0117s, u\u017etikrindami saug\u0173 stovyklavim\u0105. <strong>Kietesnio grunto atveju<\/strong>, kur sunku \u012fspausti kuoliukus savo j\u0117gomis (pavyzd\u017eiui, uol\u0117ta vietov\u0117), juos gali \u012fkalti kirvio pentimi, plaktuku, medine kalade ar akmeniu.  <\/p>\n<h2>Palapin\u0117s kuoliukai, kurie taip lengvai nepasimeta<\/h2>\n<p><strong>Komplekt\u0105 sudaro de\u0161imt tvirt\u0173 kuoliuk\u0173<\/strong>, kurie yra 22 mm storio ir 24 cm ilgio \u2013 <strong>pakankamai masyv\u016bs, kad nelikt\u0173 nepasteb\u0117ti ir nepasimest\u0173<\/strong>. Vieno kuoliuko svoris yra 85 g, tad visas komplektas sveria 850 g. <\/p>\n<p>Greitas pristatymas (1\u20133 darbo dienos) u\u017etikrina, kad savo kuoliukus gausi greitai, o m\u016bs\u0173 si\u016blomi privalumai, tokie kaip nemokamas gr\u0105\u017einimas bei keitimas ir galimyb\u0117 pirkti dabar, o mok\u0117ti v\u0117liau be pal\u016bkan\u0173, daro pirkimo proces\u0105 paprast\u0105 ir patog\u0173. Nepraleisk progos \u012fsigyti tvirt\u0173 ir patikim\u0173 palapin\u0117s kuoliuk\u0173 \u2013 u\u017esisakyk dabar ir m\u0117gaukis ner\u016bpestingu stovyklavimu! <\/p>\n<p>Daugiau turizmo preki\u0173 rasi <a href=\"https:\/\/toidupakk.ee\/lt\/tootekategooria\/zygio-iranga\/#section-3-79\">\u010cIA<\/a><\/p>\n<p>Jei domina maistas \u017eygiams \u2013 \u017ei\u016br\u0117k <a href=\"https:\/\/toidupakk.ee\/lt\/tootekategooria\/zygio-maistas\/\">\u010cIA<\/a><\/p>\n<p>Pasisemk \u012fkv\u0117pimo kitiems nuotykiams Toidupakk <a href=\"https:\/\/www.instagram.com\/toidupakk\/\">Instagram<\/a> ir <a href=\"https:\/\/www.facebook.com\/Toidupakk\/\">Facebook<\/a> paskyrose.<\/p>\n","protected":false},"excerpt":{"rendered":"<p><strong>Atsibodo ploni palapin\u0117s kuoliukai, kurie sulinksta smeigiant \u012f \u017eem\u0119 ir nuolat pasimeta? Mums taip pat! Tod\u0117l dabar asortimente turime kokybi\u0161k\u0105 tvirt\u0173 ir pla\u010di\u0173 palapin\u0117s kuoliuk\u0173 komplekt\u0105, kuris tarnaus ilgai ir bus patogus naudoti. Komplekte yra 10 tvirt\u0173 kuoliuk\u0173.   <\/strong><\/p>\n<ul>\n<li>V formos <strong>tvirti palapin\u0117s kuoliukai<\/strong><\/li>\n<li>Pagaminta i\u0161 <strong>ner\u016bdijan\u010dio plieno<\/strong><\/li>\n<li>Skirta naudoti su \u012fvairiomis turistin\u0117mis palapin\u0117mis<\/li>\n<li>Tinka \u012fvairiems pavir\u0161iams ir vietov\u0117ms<\/li>\n<li>Idealiai tinka sm\u0117lingam ar mink\u0161tesniam gruntui<\/li>\n<li><strong>Nesilanksto smeigiant \u012f \u017eem\u0119<\/strong><\/li>\n<li><strong>Patogiau montuoti<\/strong> d\u0117l platesnio pavir\u0161iaus<\/li>\n<li>Tvirtai laiko palapin\u0119 prie \u017eem\u0117s<\/li>\n<li><strong>Nepasimeta taip lengvai<\/strong>, nes juos lengviau pasteb\u0117ti<\/li>\n<li><strong>Komplekte 10 vnt.<\/strong><\/li>\n<li>Spalva: sidabrin\u0117 (metalo)<\/li>\n<li>Ilgis: 24 cm<\/li>\n<li>Plotis: 2,2 cm<\/li>\n<li>Svoris: 85 g (komplektas 850 g)<\/li>\n<\/ul>\n<p>\u2705 Turime sand\u0117lyje, greitas pristatymas per 1\u20133 d. d.<br \/>\n\u2705 Pirk dabar, mok\u0117k v\u0117liau (0 % pal\u016bkan\u0173)<\/p>\n","protected":false},"featured_media":20844,"comment_status":"open","ping_status":"closed","template":"","meta":{"_acf_changed":false},"product_brand":[],"product_cat":[217,257,189,190],"product_tag":[],"class_list":{"0":"post-46391","1":"product","2":"type-product","3":"status-publish","4":"has-post-thumbnail","6":"product_cat-nakvyne-gamtoje","7":"product_cat-palapines","8":"product_cat-zygio-iranga","9":"product_cat-zygio-prekes","11":"first","12":"onbackorder","13":"sale","14":"taxable","15":"shipping-taxable","16":"purchasable","17":"product-type-simple"},"bundled_by":[],"bundle_stock_status":"onbackorder","bundle_stock_quantity":0,"bundle_virtual":false,"bundle_layout":"","bundle_add_to_cart_form_location":"","bundle_editable_in_cart":false,"bundle_sold_individually_context":"","bundle_item_grouping":"","bundle_min_size":"","bundle_max_size":"","bundle_price":[],"bundled_items":[],"bundle_sell_ids":[],"acf":[],"yoast_head":"<!-- This site is optimized with the Yoast SEO plugin v27.1.1 - https:\/\/yoast.com\/product\/yoast-seo-wordpress\/ -->\n<title>Palapin\u0117s kuoliukai \u201ePeakPro Extra Wide\u201c (10 vnt. komplektas)<\/title>\n<meta name=\"description\" content=\"Palapin\u0117s kuoliukai, kurie nesilanksto. Atsibodo ploni kuoliukai, kurie sulinksta smeigiant \u012f \u017eem\u0119 ir nuolat pasimeta? Mums taip pat!\" \/>\n<meta name=\"robots\" content=\"index, follow, max-snippet:-1, max-image-preview:large, max-video-preview:-1\" \/>\n<link rel=\"canonical\" href=\"https:\/\/toidupakk.ee\/lt\/toode\/palapines-kuoliukai-peakpro-extra-wide-10-vnt-komplektas\/\" \/>\n<meta property=\"og:locale\" content=\"lt_LT\" \/>\n<meta property=\"og:type\" content=\"article\" \/>\n<meta property=\"og:title\" content=\"Palapin\u0117s kuoliukai \u201ePeakPro Extra Wide\u201c (10 vnt. komplektas)\" \/>\n<meta property=\"og:description\" content=\"Palapin\u0117s kuoliukai, kurie nesilanksto. Atsibodo ploni kuoliukai, kurie sulinksta smeigiant \u012f \u017eem\u0119 ir nuolat pasimeta? Mums taip pat!\" \/>\n<meta property=\"og:url\" content=\"https:\/\/toidupakk.ee\/lt\/toode\/palapines-kuoliukai-peakpro-extra-wide-10-vnt-komplektas\/\" \/>\n<meta property=\"og:site_name\" content=\"Toidupakk.ee - Tactical Foodpack toidupakid\" \/>\n<meta property=\"article:publisher\" content=\"https:\/\/www.facebook.com\/Toidupakk\" \/>\n<meta property=\"article:modified_time\" content=\"2026-04-03T22:01:20+00:00\" \/>\n<meta property=\"og:image\" content=\"https:\/\/toidupakk.ee\/wp-content\/uploads\/2024\/03\/Telgivaiad-tugevad-ekstra-laiad-3.png\" \/>\n\t<meta property=\"og:image:width\" content=\"800\" \/>\n\t<meta property=\"og:image:height\" content=\"800\" \/>\n\t<meta property=\"og:image:type\" content=\"image\/png\" \/>\n<meta name=\"twitter:card\" content=\"summary_large_image\" \/>\n<meta name=\"twitter:label1\" content=\"Est. reading time\" \/>\n\t<meta name=\"twitter:data1\" content=\"1 minut\u0117\" \/>\n<script type=\"application\/ld+json\" class=\"yoast-schema-graph\">{\"@context\":\"https:\/\/schema.org\",\"@graph\":[{\"@type\":\"WebPage\",\"@id\":\"https:\/\/toidupakk.ee\/lt\/toode\/palapines-kuoliukai-peakpro-extra-wide-10-vnt-komplektas\/\",\"url\":\"https:\/\/toidupakk.ee\/lt\/toode\/palapines-kuoliukai-peakpro-extra-wide-10-vnt-komplektas\/\",\"name\":\"Palapin\u0117s kuoliukai \u201ePeakPro Extra Wide\u201c (10 vnt. komplektas)\",\"isPartOf\":{\"@id\":\"https:\/\/toidupakk.ee\/lt\/#website\"},\"primaryImageOfPage\":{\"@id\":\"https:\/\/toidupakk.ee\/lt\/toode\/palapines-kuoliukai-peakpro-extra-wide-10-vnt-komplektas\/#primaryimage\"},\"image\":{\"@id\":\"https:\/\/toidupakk.ee\/lt\/toode\/palapines-kuoliukai-peakpro-extra-wide-10-vnt-komplektas\/#primaryimage\"},\"thumbnailUrl\":\"https:\/\/toidupakk.ee\/wp-content\/uploads\/2024\/03\/Telgivaiad-tugevad-ekstra-laiad-3.png\",\"datePublished\":\"2024-03-04T13:08:21+00:00\",\"dateModified\":\"2026-04-03T22:01:20+00:00\",\"description\":\"Palapin\u0117s kuoliukai, kurie nesilanksto. Atsibodo ploni kuoliukai, kurie sulinksta smeigiant \u012f \u017eem\u0119 ir nuolat pasimeta? Mums taip pat!\",\"breadcrumb\":{\"@id\":\"https:\/\/toidupakk.ee\/lt\/toode\/palapines-kuoliukai-peakpro-extra-wide-10-vnt-komplektas\/#breadcrumb\"},\"inLanguage\":\"lt-LT\",\"potentialAction\":[{\"@type\":\"ReadAction\",\"target\":[\"https:\/\/toidupakk.ee\/lt\/toode\/palapines-kuoliukai-peakpro-extra-wide-10-vnt-komplektas\/\"]}]},{\"@type\":\"ImageObject\",\"inLanguage\":\"lt-LT\",\"@id\":\"https:\/\/toidupakk.ee\/lt\/toode\/palapines-kuoliukai-peakpro-extra-wide-10-vnt-komplektas\/#primaryimage\",\"url\":\"https:\/\/toidupakk.ee\/wp-content\/uploads\/2024\/03\/Telgivaiad-tugevad-ekstra-laiad-3.png\",\"contentUrl\":\"https:\/\/toidupakk.ee\/wp-content\/uploads\/2024\/03\/Telgivaiad-tugevad-ekstra-laiad-3.png\",\"width\":800,\"height\":800,\"caption\":\"Palapin\u0117s kuoliukai, 10 vnt. komplektas\"},{\"@type\":\"BreadcrumbList\",\"@id\":\"https:\/\/toidupakk.ee\/lt\/toode\/palapines-kuoliukai-peakpro-extra-wide-10-vnt-komplektas\/#breadcrumb\",\"itemListElement\":[{\"@type\":\"ListItem\",\"position\":1,\"name\":\"Avaleht\",\"item\":\"https:\/\/toidupakk.ee\/lt\/\"},{\"@type\":\"ListItem\",\"position\":2,\"name\":\"El. parduotuv\u0117\",\"item\":\"https:\/\/toidupakk.ee\/lt\/el-parduotuve\/\"},{\"@type\":\"ListItem\",\"position\":3,\"name\":\"Palapin\u0117s kuoliukai \u201ePeakPro Extra Wide\u201c (10 vnt. komplektas)\"}]},{\"@type\":\"WebSite\",\"@id\":\"https:\/\/toidupakk.ee\/lt\/#website\",\"url\":\"https:\/\/toidupakk.ee\/lt\/\",\"name\":\"Toidupakk.ee - Tactical Foodpack toidupakid\",\"description\":\"Tactical Foodpack k\u00fclmkuivatatud toidupakid ja matkaeined\",\"publisher\":{\"@id\":\"https:\/\/toidupakk.ee\/lt\/#organization\"},\"potentialAction\":[{\"@type\":\"SearchAction\",\"target\":{\"@type\":\"EntryPoint\",\"urlTemplate\":\"https:\/\/toidupakk.ee\/lt\/?s={search_term_string}\"},\"query-input\":{\"@type\":\"PropertyValueSpecification\",\"valueRequired\":true,\"valueName\":\"search_term_string\"}}],\"inLanguage\":\"lt-LT\"},{\"@type\":\"Organization\",\"@id\":\"https:\/\/toidupakk.ee\/lt\/#organization\",\"name\":\"Tactical Foodpack matkaeined\",\"url\":\"https:\/\/toidupakk.ee\/lt\/\",\"logo\":{\"@type\":\"ImageObject\",\"inLanguage\":\"lt-LT\",\"@id\":\"https:\/\/toidupakk.ee\/lt\/#\/schema\/logo\/image\/\",\"url\":\"https:\/\/toidupakk.ee\/wp-content\/uploads\/2022\/01\/Toidupakk-matkapood-logo-transparent.png\",\"contentUrl\":\"https:\/\/toidupakk.ee\/wp-content\/uploads\/2022\/01\/Toidupakk-matkapood-logo-transparent.png\",\"width\":500,\"height\":500,\"caption\":\"Tactical Foodpack matkaeined\"},\"image\":{\"@id\":\"https:\/\/toidupakk.ee\/lt\/#\/schema\/logo\/image\/\"},\"sameAs\":[\"https:\/\/www.facebook.com\/Toidupakk\",\"https:\/\/www.instagram.com\/toidupakk\/\"]}]}<\/script>\n<!-- \/ Yoast SEO plugin. -->","yoast_head_json":{"title":"Palapin\u0117s kuoliukai \u201ePeakPro Extra Wide\u201c (10 vnt. komplektas)","description":"Palapin\u0117s kuoliukai, kurie nesilanksto. Atsibodo ploni kuoliukai, kurie sulinksta smeigiant \u012f \u017eem\u0119 ir nuolat pasimeta? Mums taip pat!","robots":{"index":"index","follow":"follow","max-snippet":"max-snippet:-1","max-image-preview":"max-image-preview:large","max-video-preview":"max-video-preview:-1"},"canonical":"https:\/\/toidupakk.ee\/lt\/toode\/palapines-kuoliukai-peakpro-extra-wide-10-vnt-komplektas\/","og_locale":"lt_LT","og_type":"article","og_title":"Palapin\u0117s kuoliukai \u201ePeakPro Extra Wide\u201c (10 vnt. komplektas)","og_description":"Palapin\u0117s kuoliukai, kurie nesilanksto. Atsibodo ploni kuoliukai, kurie sulinksta smeigiant \u012f \u017eem\u0119 ir nuolat pasimeta? Mums taip pat!","og_url":"https:\/\/toidupakk.ee\/lt\/toode\/palapines-kuoliukai-peakpro-extra-wide-10-vnt-komplektas\/","og_site_name":"Toidupakk.ee - Tactical Foodpack toidupakid","article_publisher":"https:\/\/www.facebook.com\/Toidupakk","article_modified_time":"2026-04-03T22:01:20+00:00","og_image":[{"width":800,"height":800,"url":"https:\/\/toidupakk.ee\/wp-content\/uploads\/2024\/03\/Telgivaiad-tugevad-ekstra-laiad-3.png","type":"image\/png"}],"twitter_card":"summary_large_image","twitter_misc":{"Est. reading time":"1 minut\u0117"},"schema":{"@context":"https:\/\/schema.org","@graph":[{"@type":"WebPage","@id":"https:\/\/toidupakk.ee\/lt\/toode\/palapines-kuoliukai-peakpro-extra-wide-10-vnt-komplektas\/","url":"https:\/\/toidupakk.ee\/lt\/toode\/palapines-kuoliukai-peakpro-extra-wide-10-vnt-komplektas\/","name":"Palapin\u0117s kuoliukai \u201ePeakPro Extra Wide\u201c (10 vnt. komplektas)","isPartOf":{"@id":"https:\/\/toidupakk.ee\/lt\/#website"},"primaryImageOfPage":{"@id":"https:\/\/toidupakk.ee\/lt\/toode\/palapines-kuoliukai-peakpro-extra-wide-10-vnt-komplektas\/#primaryimage"},"image":{"@id":"https:\/\/toidupakk.ee\/lt\/toode\/palapines-kuoliukai-peakpro-extra-wide-10-vnt-komplektas\/#primaryimage"},"thumbnailUrl":"https:\/\/toidupakk.ee\/wp-content\/uploads\/2024\/03\/Telgivaiad-tugevad-ekstra-laiad-3.png","datePublished":"2024-03-04T13:08:21+00:00","dateModified":"2026-04-03T22:01:20+00:00","description":"Palapin\u0117s kuoliukai, kurie nesilanksto. Atsibodo ploni kuoliukai, kurie sulinksta smeigiant \u012f \u017eem\u0119 ir nuolat pasimeta? Mums taip pat!","breadcrumb":{"@id":"https:\/\/toidupakk.ee\/lt\/toode\/palapines-kuoliukai-peakpro-extra-wide-10-vnt-komplektas\/#breadcrumb"},"inLanguage":"lt-LT","potentialAction":[{"@type":"ReadAction","target":["https:\/\/toidupakk.ee\/lt\/toode\/palapines-kuoliukai-peakpro-extra-wide-10-vnt-komplektas\/"]}]},{"@type":"ImageObject","inLanguage":"lt-LT","@id":"https:\/\/toidupakk.ee\/lt\/toode\/palapines-kuoliukai-peakpro-extra-wide-10-vnt-komplektas\/#primaryimage","url":"https:\/\/toidupakk.ee\/wp-content\/uploads\/2024\/03\/Telgivaiad-tugevad-ekstra-laiad-3.png","contentUrl":"https:\/\/toidupakk.ee\/wp-content\/uploads\/2024\/03\/Telgivaiad-tugevad-ekstra-laiad-3.png","width":800,"height":800,"caption":"Palapin\u0117s kuoliukai, 10 vnt. komplektas"},{"@type":"BreadcrumbList","@id":"https:\/\/toidupakk.ee\/lt\/toode\/palapines-kuoliukai-peakpro-extra-wide-10-vnt-komplektas\/#breadcrumb","itemListElement":[{"@type":"ListItem","position":1,"name":"Avaleht","item":"https:\/\/toidupakk.ee\/lt\/"},{"@type":"ListItem","position":2,"name":"El. parduotuv\u0117","item":"https:\/\/toidupakk.ee\/lt\/el-parduotuve\/"},{"@type":"ListItem","position":3,"name":"Palapin\u0117s kuoliukai \u201ePeakPro Extra Wide\u201c (10 vnt. komplektas)"}]},{"@type":"WebSite","@id":"https:\/\/toidupakk.ee\/lt\/#website","url":"https:\/\/toidupakk.ee\/lt\/","name":"Toidupakk.ee - Tactical Foodpack toidupakid","description":"Tactical Foodpack k\u00fclmkuivatatud toidupakid ja matkaeined","publisher":{"@id":"https:\/\/toidupakk.ee\/lt\/#organization"},"potentialAction":[{"@type":"SearchAction","target":{"@type":"EntryPoint","urlTemplate":"https:\/\/toidupakk.ee\/lt\/?s={search_term_string}"},"query-input":{"@type":"PropertyValueSpecification","valueRequired":true,"valueName":"search_term_string"}}],"inLanguage":"lt-LT"},{"@type":"Organization","@id":"https:\/\/toidupakk.ee\/lt\/#organization","name":"Tactical Foodpack matkaeined","url":"https:\/\/toidupakk.ee\/lt\/","logo":{"@type":"ImageObject","inLanguage":"lt-LT","@id":"https:\/\/toidupakk.ee\/lt\/#\/schema\/logo\/image\/","url":"https:\/\/toidupakk.ee\/wp-content\/uploads\/2022\/01\/Toidupakk-matkapood-logo-transparent.png","contentUrl":"https:\/\/toidupakk.ee\/wp-content\/uploads\/2022\/01\/Toidupakk-matkapood-logo-transparent.png","width":500,"height":500,"caption":"Tactical Foodpack matkaeined"},"image":{"@id":"https:\/\/toidupakk.ee\/lt\/#\/schema\/logo\/image\/"},"sameAs":["https:\/\/www.facebook.com\/Toidupakk","https:\/\/www.instagram.com\/toidupakk\/"]}]}},"jetpack_sharing_enabled":true,"_links":{"self":[{"href":"https:\/\/toidupakk.ee\/lt\/wp-json\/wp\/v2\/product\/46391","targetHints":{"allow":["GET"]}}],"collection":[{"href":"https:\/\/toidupakk.ee\/lt\/wp-json\/wp\/v2\/product"}],"about":[{"href":"https:\/\/toidupakk.ee\/lt\/wp-json\/wp\/v2\/types\/product"}],"replies":[{"embeddable":true,"href":"https:\/\/toidupakk.ee\/lt\/wp-json\/wp\/v2\/comments?post=46391"}],"wp:featuredmedia":[{"embeddable":true,"href":"https:\/\/toidupakk.ee\/lt\/wp-json\/wp\/v2\/media\/20844"}],"wp:attachment":[{"href":"https:\/\/toidupakk.ee\/lt\/wp-json\/wp\/v2\/media?parent=46391"}],"wp:term":[{"taxonomy":"product_brand","embeddable":true,"href":"https:\/\/toidupakk.ee\/lt\/wp-json\/wp\/v2\/product_brand?post=46391"},{"taxonomy":"product_cat","embeddable":true,"href":"https:\/\/toidupakk.ee\/lt\/wp-json\/wp\/v2\/product_cat?post=46391"},{"taxonomy":"product_tag","embeddable":true,"href":"https:\/\/toidupakk.ee\/lt\/wp-json\/wp\/v2\/product_tag?post=46391"}],"curies":[{"name":"wp","href":"https:\/\/api.w.org\/{rel}","templated":true}]}}