{"id":46386,"date":"2024-03-20T14:50:14","date_gmt":"2024-03-20T12:50:14","guid":{"rendered":"https:\/\/toidupakk.ee\/toode\/bato-dygliai\/"},"modified":"2026-04-29T15:31:40","modified_gmt":"2026-04-29T12:31:40","slug":"bato-dygliai","status":"publish","type":"product","link":"https:\/\/toidupakk.ee\/lt\/toode\/bato-dygliai\/","title":{"rendered":"Bato dygliai"},"content":{"rendered":"<h1><img fetchpriority=\"high\" decoding=\"async\" class=\"alignright wp-image-21402 size-thumbnail\" style=\"font-size: 16px; font-weight: 400;\" src=\"https:\/\/toidupakk.ee\/wp-content\/uploads\/2024\/03\/Jaanaelad-saabastele-7-500x500.png\" alt=\"\" width=\"500\" height=\"500\" srcset=\"https:\/\/toidupakk.ee\/wp-content\/uploads\/2024\/03\/Jaanaelad-saabastele-7-500x500.png 500w, https:\/\/toidupakk.ee\/wp-content\/uploads\/2024\/03\/Jaanaelad-saabastele-7-400x400.png 400w, https:\/\/toidupakk.ee\/wp-content\/uploads\/2024\/03\/Jaanaelad-saabastele-7-100x100.png 100w, https:\/\/toidupakk.ee\/wp-content\/uploads\/2024\/03\/Jaanaelad-saabastele-7-300x300.png 300w, https:\/\/toidupakk.ee\/wp-content\/uploads\/2024\/03\/Jaanaelad-saabastele-7-768x768.png 768w, https:\/\/toidupakk.ee\/wp-content\/uploads\/2024\/03\/Jaanaelad-saabastele-7.png 800w\" sizes=\"(max-width: 500px) 100vw, 500px\" \/><\/h1>\n<h1>Bato dygliai yra svarbus priedas \u017eiemos sezonu<\/h1>\n<p>Bato dygliai, dar vadinami antba\u010diais nuo slydimo, yra \u017eieminis bat\u0173 priedas. Dygliai padeda i\u0161vengti paslydimo ant slidaus ledo ir pavojing\u0173 kritim\u0173.  <strong>Ypa\u010d rekomenduojama vyresnio am\u017eiaus \u017emon\u0117ms, kuri\u0173 reakcija l\u0117tesn\u0117.<\/strong>  Taip pat kaimo vietovi\u0173 gyventojams, kuriems da\u017eniau tenka susidurti su apled\u0117jusiais keliais ir gatv\u0117mis. Bato dygliai <strong>u\u017etikrins tavo kelion\u0117s saugum\u0105<\/strong> net ir ant suminto sniego, kuris tam tikromis s\u0105lygomis gali tapti labai slidus. <\/p>\n<p>\u0160ie padai pagaminti i\u0161 <strong>patvarios termoplastin\u0117s<\/strong> gumos, o j\u0173 apa\u010dioje yra <strong>plieniniai dygliukai<\/strong>, kurie sukimba su lediniu bei apsnigtu pavir\u0161iumi ir taip u\u017etikrina geresn\u012f sukibim\u0105.<\/p>\n<p>&nbsp;<\/p>\n<p>Dygliai dedami ant priekin\u0117s bat\u0173 dalies dygliukais \u017eemyn. Po bato padu susidaro neslystanti zona. Renkantis dyglius, reikia pasirinkti tavo bat\u0173 dyd\u012f atitinkant\u012f interval\u0105. Dygliai turi dir\u017eeli\u0173 tvirtinim\u0105, tod\u0117l jie yra universal\u016bs \u2013 <strong>vienas dydis tinka visiems<\/strong>. Dygliai tinka prakti\u0161kai visai avalynei: \u017eieminiams batams, gumininiams batams, \u017eygio batams ar net sportba\u010diams. Juos <strong>lengva u\u017esid\u0117ti ir nusiimti<\/strong>. Pavyzd\u017eiui, i\u0161eidamas i\u0161 nam\u0173 gali greitai juos u\u017esid\u0117ti prie dur\u0173, o atvyk\u0119s \u012f viet\u0105 \u2013 greitai nusiimti ir \u012fsid\u0117ti \u012f ki\u0161en\u0119 ar krep\u0161\u012f. Taip pat jie yra <strong>pakankamai ma\u017ei, kad tilpt\u0173 \u012f striuk\u0117s ki\u0161en\u0119.<\/strong>      <\/p>\n<p><img decoding=\"async\" class=\"alignnone wp-image-21399 size-thumbnail\" src=\"https:\/\/toidupakk.ee\/wp-content\/uploads\/2024\/03\/Jaanaelad-saabastele-4-500x500.png\" alt=\"\" width=\"500\" height=\"500\" srcset=\"https:\/\/toidupakk.ee\/wp-content\/uploads\/2024\/03\/Jaanaelad-saabastele-4-500x500.png 500w, https:\/\/toidupakk.ee\/wp-content\/uploads\/2024\/03\/Jaanaelad-saabastele-4-400x400.png 400w, https:\/\/toidupakk.ee\/wp-content\/uploads\/2024\/03\/Jaanaelad-saabastele-4-100x100.png 100w, https:\/\/toidupakk.ee\/wp-content\/uploads\/2024\/03\/Jaanaelad-saabastele-4-300x300.png 300w, https:\/\/toidupakk.ee\/wp-content\/uploads\/2024\/03\/Jaanaelad-saabastele-4-768x768.png 768w, https:\/\/toidupakk.ee\/wp-content\/uploads\/2024\/03\/Jaanaelad-saabastele-4.png 800w\" sizes=\"(max-width: 500px) 100vw, 500px\" \/><\/p>\n<p>Dygliai puikiai tinka vyresnio am\u017eiaus ar jud\u0117jimo negali\u0105 turintiems \u017emon\u0117ms, kurie gali b\u016bti ypa\u010d pa\u017eeid\u017eiami paslydus ar nukritus.<\/p>\n<p>Jei nori \u017eiem\u0105 i\u0161vengti slydimo ir kritim\u0173, tikrai verta apsvarstyti galimyb\u0119 naudoti bato dyglius.<\/p>\n<p><strong>NB!<\/strong>  Patalpose neslystan\u010dius padus b\u016btinai nusiimk. Su dygliais patalpoje gali b\u016bti slidu, be to, jie gali sugadinti grind\u0173 dang\u0105. <\/p>\n<p>&nbsp;<\/p>\n<h2>Bato dygli\u0173 naudojimo instrukcija<\/h2>\n<ul>\n<li>Bato padas turi b\u016bti \u0161varus, be purvo ir kit\u0173 ne\u0161varum\u0173<\/li>\n<li>Atsek dygli\u0173 tvirtinim\u0105<\/li>\n<li>U\u017ed\u0117k dyglius ant priekin\u0117s bato dalies dygliukais \u017eemyn<\/li>\n<li>Tvirtai u\u017efiksuok aplink batus<\/li>\n<li>Po keli\u0173 \u017eingsni\u0173 gali prireikti juos dar kart\u0105 paver\u017eti<\/li>\n<\/ul>\n<p>&nbsp;<\/p>\n<p>\u017di\u016br\u0117k visus u\u017ekand\u017eius <a href=\"\/?product_cat=snakk#section-3-79\">\u010cIA<\/a><\/p>\n<p>\u017di\u016br\u0117k \u017eygio prekes <a href=\"https:\/\/toidupakk.ee\/lt\/tootekategooria\/zygio-iranga\/#section-3-79\">\u010cIA<\/a><\/p>\n<p>Pasisemk \u012fkv\u0117pimo kitiems nuotykiams Toidupakk <a href=\"https:\/\/www.instagram.com\/toidupakk\/\">Instagram<\/a> ir <a href=\"https:\/\/www.facebook.com\/Toidupakk\/\">Facebook<\/a> paskyrose.<\/p>\n","protected":false},"excerpt":{"rendered":"<p><strong>Bato dygliai, dar vadinami antba\u010diais nuo slydimo, yra \u017eieminis bat\u0173 priedas. Dygliai padeda i\u0161vengti paslydimo ant slidaus ledo ir pavojing\u0173 kritim\u0173. Ypa\u010d rekomenduojama vyresnio am\u017eiaus \u017emon\u0117ms, kuri\u0173 reakcija l\u0117tesn\u0117. Dygliai u\u017etikrins tavo kelion\u0117s saugum\u0105. Kad \u017eengtum dr\u0105siau!    <\/strong><\/p>\n<ul>\n<li>Bato dygliai <strong>padeda i\u0161vengti traum\u0173 d\u0117l slydimo<\/strong><\/li>\n<li><strong>Pasir\u016bpink savimi ar savo artimaisiais ir pad\u0117k i\u0161vengti paslydim\u0173 ant ledo<\/strong><\/li>\n<li>Tinka <strong>visiems batams<\/strong><\/li>\n<li><strong>Lengva u\u017esid\u0117ti<\/strong> ir nusiimti<\/li>\n<li>Universalus dydis \u2013 tinka visiems<\/li>\n<li>Stipr\u016bs dir\u017eeli\u0173 tvirtinimai<\/li>\n<li><strong>Telpa \u012f ki\u0161en\u0119<\/strong><\/li>\n<li><strong>360\u00b0 sukibimas, taip pat ir \u012f \u0161onus<\/strong><\/li>\n<li>Med\u017eiagos: plieniniai dygliukai ir temperat\u016brai atspari elastinga guma<\/li>\n<li><strong>Komplekte rasite 2 vnt.<\/strong>, t. y. vien\u0105 por\u0105<\/li>\n<\/ul>\n<p>\u2705 Turime sand\u0117lyje, greitas pristatymas per 1\u20133 d. d.<\/p>\n","protected":false},"featured_media":21396,"comment_status":"open","ping_status":"closed","template":"","meta":{"_acf_changed":false},"product_brand":[],"product_cat":[267,200,225,199,223,189,190],"product_tag":[],"class_list":{"0":"post-46386","1":"product","2":"type-product","3":"status-publish","4":"has-post-thumbnail","6":"product_cat-padai-nuo-slydimo","7":"product_cat-praktiskos-dovanu-idejos","8":"product_cat-zieminiai-batai","9":"product_cat-ziemos-prekes","10":"product_cat-zygio-batai","11":"product_cat-zygio-iranga","12":"product_cat-zygio-prekes","14":"first","15":"instock","16":"taxable","17":"shipping-taxable","18":"purchasable","19":"product-type-simple"},"bundled_by":[],"bundle_stock_status":"instock","bundle_stock_quantity":28,"bundle_virtual":false,"bundle_layout":"","bundle_add_to_cart_form_location":"","bundle_editable_in_cart":false,"bundle_sold_individually_context":"","bundle_item_grouping":"","bundle_min_size":"","bundle_max_size":"","bundle_price":[],"bundled_items":[],"bundle_sell_ids":[],"acf":[],"yoast_head":"<!-- This site is optimized with the Yoast SEO plugin v27.3 - https:\/\/yoast.com\/product\/yoast-seo-wordpress\/ -->\n<title>Bato dygliai<\/title>\n<meta name=\"description\" content=\"Bato dygliai (arba antba\u010diai su dygliais) padeda i\u0161vengti pavojing\u0173 kritim\u0173. Tinka visai avalynei, lengva u\u017esid\u0117ti, universalus dydis.\" \/>\n<meta name=\"robots\" content=\"index, follow, max-snippet:-1, max-image-preview:large, max-video-preview:-1\" \/>\n<link rel=\"canonical\" href=\"https:\/\/toidupakk.ee\/lt\/toode\/bato-dygliai\/\" \/>\n<meta property=\"og:locale\" content=\"lt_LT\" \/>\n<meta property=\"og:type\" content=\"article\" \/>\n<meta property=\"og:title\" content=\"Bato dygliai\" \/>\n<meta property=\"og:description\" content=\"Bato dygliai (arba antba\u010diai su dygliais) padeda i\u0161vengti pavojing\u0173 kritim\u0173. Tinka visai avalynei, lengva u\u017esid\u0117ti, universalus dydis.\" \/>\n<meta property=\"og:url\" content=\"https:\/\/toidupakk.ee\/lt\/toode\/bato-dygliai\/\" \/>\n<meta property=\"og:site_name\" content=\"Toidupakk.ee - Tactical Foodpack toidupakid\" \/>\n<meta property=\"article:publisher\" content=\"https:\/\/www.facebook.com\/Toidupakk\" \/>\n<meta property=\"article:modified_time\" content=\"2026-04-29T12:31:40+00:00\" \/>\n<meta property=\"og:image\" content=\"https:\/\/toidupakk.ee\/wp-content\/uploads\/2024\/03\/Jaanaelad-saabastele-1.png\" \/>\n\t<meta property=\"og:image:width\" content=\"800\" \/>\n\t<meta property=\"og:image:height\" content=\"800\" \/>\n\t<meta property=\"og:image:type\" content=\"image\/png\" \/>\n<meta name=\"twitter:card\" content=\"summary_large_image\" \/>\n<meta name=\"twitter:label1\" content=\"Est. reading time\" \/>\n\t<meta name=\"twitter:data1\" content=\"2 minut\u0117s\" \/>\n<script type=\"application\/ld+json\" class=\"yoast-schema-graph\">{\"@context\":\"https:\\\/\\\/schema.org\",\"@graph\":[{\"@type\":\"WebPage\",\"@id\":\"https:\\\/\\\/toidupakk.ee\\\/lt\\\/toode\\\/bato-dygliai\\\/\",\"url\":\"https:\\\/\\\/toidupakk.ee\\\/lt\\\/toode\\\/bato-dygliai\\\/\",\"name\":\"Bato dygliai\",\"isPartOf\":{\"@id\":\"https:\\\/\\\/toidupakk.ee\\\/lt\\\/#website\"},\"primaryImageOfPage\":{\"@id\":\"https:\\\/\\\/toidupakk.ee\\\/lt\\\/toode\\\/bato-dygliai\\\/#primaryimage\"},\"image\":{\"@id\":\"https:\\\/\\\/toidupakk.ee\\\/lt\\\/toode\\\/bato-dygliai\\\/#primaryimage\"},\"thumbnailUrl\":\"https:\\\/\\\/toidupakk.ee\\\/wp-content\\\/uploads\\\/2024\\\/03\\\/Jaanaelad-saabastele-1.png\",\"datePublished\":\"2024-03-20T12:50:14+00:00\",\"dateModified\":\"2026-04-29T12:31:40+00:00\",\"description\":\"Bato dygliai (arba antba\u010diai su dygliais) padeda i\u0161vengti pavojing\u0173 kritim\u0173. Tinka visai avalynei, lengva u\u017esid\u0117ti, universalus dydis.\",\"breadcrumb\":{\"@id\":\"https:\\\/\\\/toidupakk.ee\\\/lt\\\/toode\\\/bato-dygliai\\\/#breadcrumb\"},\"inLanguage\":\"lt-LT\",\"potentialAction\":[{\"@type\":\"ReadAction\",\"target\":[\"https:\\\/\\\/toidupakk.ee\\\/lt\\\/toode\\\/bato-dygliai\\\/\"]}]},{\"@type\":\"ImageObject\",\"inLanguage\":\"lt-LT\",\"@id\":\"https:\\\/\\\/toidupakk.ee\\\/lt\\\/toode\\\/bato-dygliai\\\/#primaryimage\",\"url\":\"https:\\\/\\\/toidupakk.ee\\\/wp-content\\\/uploads\\\/2024\\\/03\\\/Jaanaelad-saabastele-1.png\",\"contentUrl\":\"https:\\\/\\\/toidupakk.ee\\\/wp-content\\\/uploads\\\/2024\\\/03\\\/Jaanaelad-saabastele-1.png\",\"width\":800,\"height\":800,\"caption\":\"j\u00e4\u00e4naelad saabaste all\"},{\"@type\":\"BreadcrumbList\",\"@id\":\"https:\\\/\\\/toidupakk.ee\\\/lt\\\/toode\\\/bato-dygliai\\\/#breadcrumb\",\"itemListElement\":[{\"@type\":\"ListItem\",\"position\":1,\"name\":\"Avaleht\",\"item\":\"https:\\\/\\\/toidupakk.ee\\\/lt\\\/\"},{\"@type\":\"ListItem\",\"position\":2,\"name\":\"El. parduotuv\u0117\",\"item\":\"https:\\\/\\\/toidupakk.ee\\\/lt\\\/el-parduotuve\\\/\"},{\"@type\":\"ListItem\",\"position\":3,\"name\":\"Bato dygliai\"}]},{\"@type\":\"WebSite\",\"@id\":\"https:\\\/\\\/toidupakk.ee\\\/lt\\\/#website\",\"url\":\"https:\\\/\\\/toidupakk.ee\\\/lt\\\/\",\"name\":\"Toidupakk.ee - Tactical Foodpack toidupakid\",\"description\":\"Tactical Foodpack k\u00fclmkuivatatud toidupakid ja matkaeined\",\"publisher\":{\"@id\":\"https:\\\/\\\/toidupakk.ee\\\/lt\\\/#organization\"},\"potentialAction\":[{\"@type\":\"SearchAction\",\"target\":{\"@type\":\"EntryPoint\",\"urlTemplate\":\"https:\\\/\\\/toidupakk.ee\\\/lt\\\/?s={search_term_string}\"},\"query-input\":{\"@type\":\"PropertyValueSpecification\",\"valueRequired\":true,\"valueName\":\"search_term_string\"}}],\"inLanguage\":\"lt-LT\"},{\"@type\":\"Organization\",\"@id\":\"https:\\\/\\\/toidupakk.ee\\\/lt\\\/#organization\",\"name\":\"Tactical Foodpack matkaeined\",\"url\":\"https:\\\/\\\/toidupakk.ee\\\/lt\\\/\",\"logo\":{\"@type\":\"ImageObject\",\"inLanguage\":\"lt-LT\",\"@id\":\"https:\\\/\\\/toidupakk.ee\\\/lt\\\/#\\\/schema\\\/logo\\\/image\\\/\",\"url\":\"https:\\\/\\\/toidupakk.ee\\\/wp-content\\\/uploads\\\/2022\\\/01\\\/Toidupakk-matkapood-logo-transparent.png\",\"contentUrl\":\"https:\\\/\\\/toidupakk.ee\\\/wp-content\\\/uploads\\\/2022\\\/01\\\/Toidupakk-matkapood-logo-transparent.png\",\"width\":500,\"height\":500,\"caption\":\"Tactical Foodpack matkaeined\"},\"image\":{\"@id\":\"https:\\\/\\\/toidupakk.ee\\\/lt\\\/#\\\/schema\\\/logo\\\/image\\\/\"},\"sameAs\":[\"https:\\\/\\\/www.facebook.com\\\/Toidupakk\",\"https:\\\/\\\/www.instagram.com\\\/toidupakk\\\/\"]}]}<\/script>\n<!-- \/ Yoast SEO plugin. -->","yoast_head_json":{"title":"Bato dygliai","description":"Bato dygliai (arba antba\u010diai su dygliais) padeda i\u0161vengti pavojing\u0173 kritim\u0173. Tinka visai avalynei, lengva u\u017esid\u0117ti, universalus dydis.","robots":{"index":"index","follow":"follow","max-snippet":"max-snippet:-1","max-image-preview":"max-image-preview:large","max-video-preview":"max-video-preview:-1"},"canonical":"https:\/\/toidupakk.ee\/lt\/toode\/bato-dygliai\/","og_locale":"lt_LT","og_type":"article","og_title":"Bato dygliai","og_description":"Bato dygliai (arba antba\u010diai su dygliais) padeda i\u0161vengti pavojing\u0173 kritim\u0173. Tinka visai avalynei, lengva u\u017esid\u0117ti, universalus dydis.","og_url":"https:\/\/toidupakk.ee\/lt\/toode\/bato-dygliai\/","og_site_name":"Toidupakk.ee - Tactical Foodpack toidupakid","article_publisher":"https:\/\/www.facebook.com\/Toidupakk","article_modified_time":"2026-04-29T12:31:40+00:00","og_image":[{"width":800,"height":800,"url":"https:\/\/toidupakk.ee\/wp-content\/uploads\/2024\/03\/Jaanaelad-saabastele-1.png","type":"image\/png"}],"twitter_card":"summary_large_image","twitter_misc":{"Est. reading time":"2 minut\u0117s"},"schema":{"@context":"https:\/\/schema.org","@graph":[{"@type":"WebPage","@id":"https:\/\/toidupakk.ee\/lt\/toode\/bato-dygliai\/","url":"https:\/\/toidupakk.ee\/lt\/toode\/bato-dygliai\/","name":"Bato dygliai","isPartOf":{"@id":"https:\/\/toidupakk.ee\/lt\/#website"},"primaryImageOfPage":{"@id":"https:\/\/toidupakk.ee\/lt\/toode\/bato-dygliai\/#primaryimage"},"image":{"@id":"https:\/\/toidupakk.ee\/lt\/toode\/bato-dygliai\/#primaryimage"},"thumbnailUrl":"https:\/\/toidupakk.ee\/wp-content\/uploads\/2024\/03\/Jaanaelad-saabastele-1.png","datePublished":"2024-03-20T12:50:14+00:00","dateModified":"2026-04-29T12:31:40+00:00","description":"Bato dygliai (arba antba\u010diai su dygliais) padeda i\u0161vengti pavojing\u0173 kritim\u0173. Tinka visai avalynei, lengva u\u017esid\u0117ti, universalus dydis.","breadcrumb":{"@id":"https:\/\/toidupakk.ee\/lt\/toode\/bato-dygliai\/#breadcrumb"},"inLanguage":"lt-LT","potentialAction":[{"@type":"ReadAction","target":["https:\/\/toidupakk.ee\/lt\/toode\/bato-dygliai\/"]}]},{"@type":"ImageObject","inLanguage":"lt-LT","@id":"https:\/\/toidupakk.ee\/lt\/toode\/bato-dygliai\/#primaryimage","url":"https:\/\/toidupakk.ee\/wp-content\/uploads\/2024\/03\/Jaanaelad-saabastele-1.png","contentUrl":"https:\/\/toidupakk.ee\/wp-content\/uploads\/2024\/03\/Jaanaelad-saabastele-1.png","width":800,"height":800,"caption":"j\u00e4\u00e4naelad saabaste all"},{"@type":"BreadcrumbList","@id":"https:\/\/toidupakk.ee\/lt\/toode\/bato-dygliai\/#breadcrumb","itemListElement":[{"@type":"ListItem","position":1,"name":"Avaleht","item":"https:\/\/toidupakk.ee\/lt\/"},{"@type":"ListItem","position":2,"name":"El. parduotuv\u0117","item":"https:\/\/toidupakk.ee\/lt\/el-parduotuve\/"},{"@type":"ListItem","position":3,"name":"Bato dygliai"}]},{"@type":"WebSite","@id":"https:\/\/toidupakk.ee\/lt\/#website","url":"https:\/\/toidupakk.ee\/lt\/","name":"Toidupakk.ee - Tactical Foodpack toidupakid","description":"Tactical Foodpack k\u00fclmkuivatatud toidupakid ja matkaeined","publisher":{"@id":"https:\/\/toidupakk.ee\/lt\/#organization"},"potentialAction":[{"@type":"SearchAction","target":{"@type":"EntryPoint","urlTemplate":"https:\/\/toidupakk.ee\/lt\/?s={search_term_string}"},"query-input":{"@type":"PropertyValueSpecification","valueRequired":true,"valueName":"search_term_string"}}],"inLanguage":"lt-LT"},{"@type":"Organization","@id":"https:\/\/toidupakk.ee\/lt\/#organization","name":"Tactical Foodpack matkaeined","url":"https:\/\/toidupakk.ee\/lt\/","logo":{"@type":"ImageObject","inLanguage":"lt-LT","@id":"https:\/\/toidupakk.ee\/lt\/#\/schema\/logo\/image\/","url":"https:\/\/toidupakk.ee\/wp-content\/uploads\/2022\/01\/Toidupakk-matkapood-logo-transparent.png","contentUrl":"https:\/\/toidupakk.ee\/wp-content\/uploads\/2022\/01\/Toidupakk-matkapood-logo-transparent.png","width":500,"height":500,"caption":"Tactical Foodpack matkaeined"},"image":{"@id":"https:\/\/toidupakk.ee\/lt\/#\/schema\/logo\/image\/"},"sameAs":["https:\/\/www.facebook.com\/Toidupakk","https:\/\/www.instagram.com\/toidupakk\/"]}]}},"jetpack_sharing_enabled":true,"_links":{"self":[{"href":"https:\/\/toidupakk.ee\/lt\/wp-json\/wp\/v2\/product\/46386","targetHints":{"allow":["GET"]}}],"collection":[{"href":"https:\/\/toidupakk.ee\/lt\/wp-json\/wp\/v2\/product"}],"about":[{"href":"https:\/\/toidupakk.ee\/lt\/wp-json\/wp\/v2\/types\/product"}],"replies":[{"embeddable":true,"href":"https:\/\/toidupakk.ee\/lt\/wp-json\/wp\/v2\/comments?post=46386"}],"wp:featuredmedia":[{"embeddable":true,"href":"https:\/\/toidupakk.ee\/lt\/wp-json\/wp\/v2\/media\/21396"}],"wp:attachment":[{"href":"https:\/\/toidupakk.ee\/lt\/wp-json\/wp\/v2\/media?parent=46386"}],"wp:term":[{"taxonomy":"product_brand","embeddable":true,"href":"https:\/\/toidupakk.ee\/lt\/wp-json\/wp\/v2\/product_brand?post=46386"},{"taxonomy":"product_cat","embeddable":true,"href":"https:\/\/toidupakk.ee\/lt\/wp-json\/wp\/v2\/product_cat?post=46386"},{"taxonomy":"product_tag","embeddable":true,"href":"https:\/\/toidupakk.ee\/lt\/wp-json\/wp\/v2\/product_tag?post=46386"}],"curies":[{"name":"wp","href":"https:\/\/api.w.org\/{rel}","templated":true}]}}