{"id":46378,"date":"2024-02-21T17:25:10","date_gmt":"2024-02-21T15:25:10","guid":{"rendered":"https:\/\/toidupakk.ee\/toode\/tinklelis-nuo-uodu-vabzdziu-lovai-baldachimas\/"},"modified":"2026-04-04T00:01:50","modified_gmt":"2026-04-03T21:01:50","slug":"tinklelis-nuo-uodu-vabzdziu-lovai-baldachimas","status":"publish","type":"product","link":"https:\/\/toidupakk.ee\/lt\/toode\/tinklelis-nuo-uodu-vabzdziu-lovai-baldachimas\/","title":{"rendered":"Tinklelis nuo uod\u0173 \/ vabzd\u017ei\u0173 lovai (baldachimas)"},"content":{"rendered":"<h1><strong style=\"font-size: 16px;\">Tinklelis nuo uod\u0173 sukuria unikali\u0105 saugi\u0105 aplink\u0105 aplink tavo lov\u0105<\/strong><\/h1>\n<p><em>Ar tau atsibodo nakt\u012f ramyb\u0119 drumstiantys uodai ir kiti vabzd\u017eiai? Lovos baldachimas sukurtas tam, kad gal\u0117tum ramiai i\u0161simiegoti. <\/em><\/p>\n<p>Tinklelis nuo uod\u0173 lovai \u2013 tai ne tik prakti\u0161kas sprendimas, bet ir eleganti\u0161kas tavo miegamojo akcentas. Pagamintas i\u0161 kokybi\u0161ko ir laidaus poliesterio, jis sukuria jauki\u0105 atmosfer\u0105, kuri tavo mieg\u0105 padarys dar saldesn\u012f. <\/p>\n<p><img fetchpriority=\"high\" decoding=\"async\" class=\"alignnone wp-image-20568 size-thumbnail\" src=\"https:\/\/toidupakk.ee\/wp-content\/uploads\/2024\/02\/Saasevorkputukavork-voodile-baldahhiin-3-500x500.png\" alt=\"tinklelis nuo vabzd\u017ei\u0173 dvigulei lovai\" width=\"500\" height=\"500\" srcset=\"https:\/\/toidupakk.ee\/wp-content\/uploads\/2024\/02\/Saasevorkputukavork-voodile-baldahhiin-3-500x500.png 500w, https:\/\/toidupakk.ee\/wp-content\/uploads\/2024\/02\/Saasevorkputukavork-voodile-baldahhiin-3-400x400.png 400w, https:\/\/toidupakk.ee\/wp-content\/uploads\/2024\/02\/Saasevorkputukavork-voodile-baldahhiin-3-100x100.png 100w, https:\/\/toidupakk.ee\/wp-content\/uploads\/2024\/02\/Saasevorkputukavork-voodile-baldahhiin-3-300x300.png 300w, https:\/\/toidupakk.ee\/wp-content\/uploads\/2024\/02\/Saasevorkputukavork-voodile-baldahhiin-3-768x768.png 768w, https:\/\/toidupakk.ee\/wp-content\/uploads\/2024\/02\/Saasevorkputukavork-voodile-baldahhiin-3.png 800w\" sizes=\"(max-width: 500px) 100vw, 500px\" \/><\/p>\n<p>Domiesi \u017eygio maistu? \u017di\u016br\u0117k <a href=\"\/?product_cat=snakk#section-3-79\">\u010cIA<\/a><\/p>\n<p>Pasisemk \u012fkv\u0117pimo kitiems nuotykiams Toidupakk <a href=\"https:\/\/www.instagram.com\/toidupakk\/\">Instagram<\/a> ir <a href=\"https:\/\/www.facebook.com\/Toidupakk\/\">Facebook<\/a> paskyrose.<\/p>\n","protected":false},"excerpt":{"rendered":"<p><strong>Apsaugok save ir savo kompanionus nuo \u012fkyri\u0173 vabzd\u017ei\u0173 \u2013 uod\u0173, vor\u0173, erki\u0173 ar akli\u0173. Kokybi\u0161kas ir nepertraukiamas miegas u\u017etikrins energij\u0105 visai dienai. <\/strong><\/p>\n<ul>\n<li>Galima rinktis tinklel\u012f tiek viengulei, tiek dvigulei lovai<\/li>\n<li>Med\u017eiaga: 100 % poliesteris<\/li>\n<li>Tinklo tankis: 180 skylu\u010di\u0173 kvadratiniame colyje<\/li>\n<li>Auk\u0161tis: 250 cm (dvigul\u0117 versija) arba 230 cm (viengul\u0117 versija)<\/li>\n<li>Plotis: 250 cm (dvigul\u0117 versija) arba 220 cm (viengul\u0117 versija)<\/li>\n<li>Pakuot\u0117s dydis: 24 x 8 x 26 cm (dvigul\u0117 versija) arba 23 x 7 x 22 cm (viengul\u0117 versija)<\/li>\n<li>Spalva: \u017ealsva<\/li>\n<li>Tinklelis nuo uod\u0173 yra baldachimo formos, kabinamas prie lub\u0173 vir\u0161 lovos<\/li>\n<li>Tvirtinamas prie lub\u0173 viename ta\u0161ke<\/li>\n<li>Komplekte yra krep\u0161ys ne\u0161iojimui<\/li>\n<\/ul>\n<p>\u2705 Turime sand\u0117lyje, greitas pristatymas per 1\u20133 darbo dienas<\/p>\n","protected":false},"featured_media":20566,"comment_status":"open","ping_status":"closed","template":"","meta":{"_acf_changed":false},"product_brand":[],"product_cat":[259,217,189,190],"product_tag":[],"class_list":{"0":"post-46378","1":"product","2":"type-product","3":"status-publish","4":"has-post-thumbnail","6":"product_cat-apsauga-nuo-uodu-apsauga-nuo-vabzdziu-apsauga-nuo-erkiu","7":"product_cat-nakvyne-gamtoje","8":"product_cat-zygio-iranga","9":"product_cat-zygio-prekes","11":"first","12":"instock","13":"sale","14":"taxable","15":"shipping-taxable","16":"purchasable","17":"product-type-variable","18":"has-default-attributes"},"bundled_by":[],"bundle_stock_status":"instock","bundle_stock_quantity":null,"bundle_virtual":false,"bundle_layout":"","bundle_add_to_cart_form_location":"","bundle_editable_in_cart":false,"bundle_sold_individually_context":"","bundle_item_grouping":"","bundle_min_size":"","bundle_max_size":"","bundle_price":[],"bundled_items":[],"bundle_sell_ids":[],"acf":[],"yoast_head":"<!-- This site is optimized with the Yoast SEO plugin v27.1.1 - https:\/\/yoast.com\/product\/yoast-seo-wordpress\/ -->\n<title>Tinklelis nuo uod\u0173 \/ vabzd\u017ei\u0173 lovai (baldachimas)<\/title>\n<meta name=\"description\" content=\"Apsaugok save ir savo kompanionus nuo \u012fkyri\u0173 vabzd\u017ei\u0173 \u2013 uod\u0173, vor\u0173, erki\u0173 ar akli\u0173. Kokybi\u0161kas miegas u\u017etikrins energij\u0105 visai dienai.\" \/>\n<meta name=\"robots\" content=\"index, follow, max-snippet:-1, max-image-preview:large, max-video-preview:-1\" \/>\n<link rel=\"canonical\" href=\"https:\/\/toidupakk.ee\/lt\/toode\/tinklelis-nuo-uodu-vabzdziu-lovai-baldachimas\/\" \/>\n<meta property=\"og:locale\" content=\"lt_LT\" \/>\n<meta property=\"og:type\" content=\"article\" \/>\n<meta property=\"og:title\" content=\"Tinklelis nuo uod\u0173 \/ vabzd\u017ei\u0173 lovai (baldachimas)\" \/>\n<meta property=\"og:description\" content=\"Apsaugok save ir savo kompanionus nuo \u012fkyri\u0173 vabzd\u017ei\u0173 \u2013 uod\u0173, vor\u0173, erki\u0173 ar akli\u0173. Kokybi\u0161kas miegas u\u017etikrins energij\u0105 visai dienai.\" \/>\n<meta property=\"og:url\" content=\"https:\/\/toidupakk.ee\/lt\/toode\/tinklelis-nuo-uodu-vabzdziu-lovai-baldachimas\/\" \/>\n<meta property=\"og:site_name\" content=\"Toidupakk.ee - Tactical Foodpack toidupakid\" \/>\n<meta property=\"article:publisher\" content=\"https:\/\/www.facebook.com\/Toidupakk\" \/>\n<meta property=\"article:modified_time\" content=\"2026-04-03T21:01:50+00:00\" \/>\n<meta property=\"og:image\" content=\"https:\/\/toidupakk.ee\/wp-content\/uploads\/2024\/02\/Saasevorkputukavork-voodile-baldahhiin-1.png\" \/>\n\t<meta property=\"og:image:width\" content=\"800\" \/>\n\t<meta property=\"og:image:height\" content=\"800\" \/>\n\t<meta property=\"og:image:type\" content=\"image\/png\" \/>\n<meta name=\"twitter:card\" content=\"summary_large_image\" \/>\n<script type=\"application\/ld+json\" class=\"yoast-schema-graph\">{\"@context\":\"https:\/\/schema.org\",\"@graph\":[{\"@type\":\"WebPage\",\"@id\":\"https:\/\/toidupakk.ee\/lt\/toode\/tinklelis-nuo-uodu-vabzdziu-lovai-baldachimas\/\",\"url\":\"https:\/\/toidupakk.ee\/lt\/toode\/tinklelis-nuo-uodu-vabzdziu-lovai-baldachimas\/\",\"name\":\"Tinklelis nuo uod\u0173 \/ vabzd\u017ei\u0173 lovai (baldachimas)\",\"isPartOf\":{\"@id\":\"https:\/\/toidupakk.ee\/lt\/#website\"},\"primaryImageOfPage\":{\"@id\":\"https:\/\/toidupakk.ee\/lt\/toode\/tinklelis-nuo-uodu-vabzdziu-lovai-baldachimas\/#primaryimage\"},\"image\":{\"@id\":\"https:\/\/toidupakk.ee\/lt\/toode\/tinklelis-nuo-uodu-vabzdziu-lovai-baldachimas\/#primaryimage\"},\"thumbnailUrl\":\"https:\/\/toidupakk.ee\/wp-content\/uploads\/2024\/02\/Saasevorkputukavork-voodile-baldahhiin-1.png\",\"datePublished\":\"2024-02-21T15:25:10+00:00\",\"dateModified\":\"2026-04-03T21:01:50+00:00\",\"description\":\"Apsaugok save ir savo kompanionus nuo \u012fkyri\u0173 vabzd\u017ei\u0173 \u2013 uod\u0173, vor\u0173, erki\u0173 ar akli\u0173. Kokybi\u0161kas miegas u\u017etikrins energij\u0105 visai dienai.\",\"breadcrumb\":{\"@id\":\"https:\/\/toidupakk.ee\/lt\/toode\/tinklelis-nuo-uodu-vabzdziu-lovai-baldachimas\/#breadcrumb\"},\"inLanguage\":\"lt-LT\",\"potentialAction\":[{\"@type\":\"ReadAction\",\"target\":[\"https:\/\/toidupakk.ee\/lt\/toode\/tinklelis-nuo-uodu-vabzdziu-lovai-baldachimas\/\"]}]},{\"@type\":\"ImageObject\",\"inLanguage\":\"lt-LT\",\"@id\":\"https:\/\/toidupakk.ee\/lt\/toode\/tinklelis-nuo-uodu-vabzdziu-lovai-baldachimas\/#primaryimage\",\"url\":\"https:\/\/toidupakk.ee\/wp-content\/uploads\/2024\/02\/Saasevorkputukavork-voodile-baldahhiin-1.png\",\"contentUrl\":\"https:\/\/toidupakk.ee\/wp-content\/uploads\/2024\/02\/Saasevorkputukavork-voodile-baldahhiin-1.png\",\"width\":800,\"height\":800,\"caption\":\"\u00fche inimese voodi putukav\u00f5rk\"},{\"@type\":\"BreadcrumbList\",\"@id\":\"https:\/\/toidupakk.ee\/lt\/toode\/tinklelis-nuo-uodu-vabzdziu-lovai-baldachimas\/#breadcrumb\",\"itemListElement\":[{\"@type\":\"ListItem\",\"position\":1,\"name\":\"Avaleht\",\"item\":\"https:\/\/toidupakk.ee\/lt\/\"},{\"@type\":\"ListItem\",\"position\":2,\"name\":\"El. parduotuv\u0117\",\"item\":\"https:\/\/toidupakk.ee\/lt\/el-parduotuve\/\"},{\"@type\":\"ListItem\",\"position\":3,\"name\":\"Tinklelis nuo uod\u0173 \/ vabzd\u017ei\u0173 lovai (baldachimas)\"}]},{\"@type\":\"WebSite\",\"@id\":\"https:\/\/toidupakk.ee\/lt\/#website\",\"url\":\"https:\/\/toidupakk.ee\/lt\/\",\"name\":\"Toidupakk.ee - Tactical Foodpack toidupakid\",\"description\":\"Tactical Foodpack k\u00fclmkuivatatud toidupakid ja matkaeined\",\"publisher\":{\"@id\":\"https:\/\/toidupakk.ee\/lt\/#organization\"},\"potentialAction\":[{\"@type\":\"SearchAction\",\"target\":{\"@type\":\"EntryPoint\",\"urlTemplate\":\"https:\/\/toidupakk.ee\/lt\/?s={search_term_string}\"},\"query-input\":{\"@type\":\"PropertyValueSpecification\",\"valueRequired\":true,\"valueName\":\"search_term_string\"}}],\"inLanguage\":\"lt-LT\"},{\"@type\":\"Organization\",\"@id\":\"https:\/\/toidupakk.ee\/lt\/#organization\",\"name\":\"Tactical Foodpack matkaeined\",\"url\":\"https:\/\/toidupakk.ee\/lt\/\",\"logo\":{\"@type\":\"ImageObject\",\"inLanguage\":\"lt-LT\",\"@id\":\"https:\/\/toidupakk.ee\/lt\/#\/schema\/logo\/image\/\",\"url\":\"https:\/\/toidupakk.ee\/wp-content\/uploads\/2022\/01\/Toidupakk-matkapood-logo-transparent.png\",\"contentUrl\":\"https:\/\/toidupakk.ee\/wp-content\/uploads\/2022\/01\/Toidupakk-matkapood-logo-transparent.png\",\"width\":500,\"height\":500,\"caption\":\"Tactical Foodpack matkaeined\"},\"image\":{\"@id\":\"https:\/\/toidupakk.ee\/lt\/#\/schema\/logo\/image\/\"},\"sameAs\":[\"https:\/\/www.facebook.com\/Toidupakk\",\"https:\/\/www.instagram.com\/toidupakk\/\"]}]}<\/script>\n<!-- \/ Yoast SEO plugin. -->","yoast_head_json":{"title":"Tinklelis nuo uod\u0173 \/ vabzd\u017ei\u0173 lovai (baldachimas)","description":"Apsaugok save ir savo kompanionus nuo \u012fkyri\u0173 vabzd\u017ei\u0173 \u2013 uod\u0173, vor\u0173, erki\u0173 ar akli\u0173. Kokybi\u0161kas miegas u\u017etikrins energij\u0105 visai dienai.","robots":{"index":"index","follow":"follow","max-snippet":"max-snippet:-1","max-image-preview":"max-image-preview:large","max-video-preview":"max-video-preview:-1"},"canonical":"https:\/\/toidupakk.ee\/lt\/toode\/tinklelis-nuo-uodu-vabzdziu-lovai-baldachimas\/","og_locale":"lt_LT","og_type":"article","og_title":"Tinklelis nuo uod\u0173 \/ vabzd\u017ei\u0173 lovai (baldachimas)","og_description":"Apsaugok save ir savo kompanionus nuo \u012fkyri\u0173 vabzd\u017ei\u0173 \u2013 uod\u0173, vor\u0173, erki\u0173 ar akli\u0173. Kokybi\u0161kas miegas u\u017etikrins energij\u0105 visai dienai.","og_url":"https:\/\/toidupakk.ee\/lt\/toode\/tinklelis-nuo-uodu-vabzdziu-lovai-baldachimas\/","og_site_name":"Toidupakk.ee - Tactical Foodpack toidupakid","article_publisher":"https:\/\/www.facebook.com\/Toidupakk","article_modified_time":"2026-04-03T21:01:50+00:00","og_image":[{"width":800,"height":800,"url":"https:\/\/toidupakk.ee\/wp-content\/uploads\/2024\/02\/Saasevorkputukavork-voodile-baldahhiin-1.png","type":"image\/png"}],"twitter_card":"summary_large_image","schema":{"@context":"https:\/\/schema.org","@graph":[{"@type":"WebPage","@id":"https:\/\/toidupakk.ee\/lt\/toode\/tinklelis-nuo-uodu-vabzdziu-lovai-baldachimas\/","url":"https:\/\/toidupakk.ee\/lt\/toode\/tinklelis-nuo-uodu-vabzdziu-lovai-baldachimas\/","name":"Tinklelis nuo uod\u0173 \/ vabzd\u017ei\u0173 lovai (baldachimas)","isPartOf":{"@id":"https:\/\/toidupakk.ee\/lt\/#website"},"primaryImageOfPage":{"@id":"https:\/\/toidupakk.ee\/lt\/toode\/tinklelis-nuo-uodu-vabzdziu-lovai-baldachimas\/#primaryimage"},"image":{"@id":"https:\/\/toidupakk.ee\/lt\/toode\/tinklelis-nuo-uodu-vabzdziu-lovai-baldachimas\/#primaryimage"},"thumbnailUrl":"https:\/\/toidupakk.ee\/wp-content\/uploads\/2024\/02\/Saasevorkputukavork-voodile-baldahhiin-1.png","datePublished":"2024-02-21T15:25:10+00:00","dateModified":"2026-04-03T21:01:50+00:00","description":"Apsaugok save ir savo kompanionus nuo \u012fkyri\u0173 vabzd\u017ei\u0173 \u2013 uod\u0173, vor\u0173, erki\u0173 ar akli\u0173. Kokybi\u0161kas miegas u\u017etikrins energij\u0105 visai dienai.","breadcrumb":{"@id":"https:\/\/toidupakk.ee\/lt\/toode\/tinklelis-nuo-uodu-vabzdziu-lovai-baldachimas\/#breadcrumb"},"inLanguage":"lt-LT","potentialAction":[{"@type":"ReadAction","target":["https:\/\/toidupakk.ee\/lt\/toode\/tinklelis-nuo-uodu-vabzdziu-lovai-baldachimas\/"]}]},{"@type":"ImageObject","inLanguage":"lt-LT","@id":"https:\/\/toidupakk.ee\/lt\/toode\/tinklelis-nuo-uodu-vabzdziu-lovai-baldachimas\/#primaryimage","url":"https:\/\/toidupakk.ee\/wp-content\/uploads\/2024\/02\/Saasevorkputukavork-voodile-baldahhiin-1.png","contentUrl":"https:\/\/toidupakk.ee\/wp-content\/uploads\/2024\/02\/Saasevorkputukavork-voodile-baldahhiin-1.png","width":800,"height":800,"caption":"\u00fche inimese voodi putukav\u00f5rk"},{"@type":"BreadcrumbList","@id":"https:\/\/toidupakk.ee\/lt\/toode\/tinklelis-nuo-uodu-vabzdziu-lovai-baldachimas\/#breadcrumb","itemListElement":[{"@type":"ListItem","position":1,"name":"Avaleht","item":"https:\/\/toidupakk.ee\/lt\/"},{"@type":"ListItem","position":2,"name":"El. parduotuv\u0117","item":"https:\/\/toidupakk.ee\/lt\/el-parduotuve\/"},{"@type":"ListItem","position":3,"name":"Tinklelis nuo uod\u0173 \/ vabzd\u017ei\u0173 lovai (baldachimas)"}]},{"@type":"WebSite","@id":"https:\/\/toidupakk.ee\/lt\/#website","url":"https:\/\/toidupakk.ee\/lt\/","name":"Toidupakk.ee - Tactical Foodpack toidupakid","description":"Tactical Foodpack k\u00fclmkuivatatud toidupakid ja matkaeined","publisher":{"@id":"https:\/\/toidupakk.ee\/lt\/#organization"},"potentialAction":[{"@type":"SearchAction","target":{"@type":"EntryPoint","urlTemplate":"https:\/\/toidupakk.ee\/lt\/?s={search_term_string}"},"query-input":{"@type":"PropertyValueSpecification","valueRequired":true,"valueName":"search_term_string"}}],"inLanguage":"lt-LT"},{"@type":"Organization","@id":"https:\/\/toidupakk.ee\/lt\/#organization","name":"Tactical Foodpack matkaeined","url":"https:\/\/toidupakk.ee\/lt\/","logo":{"@type":"ImageObject","inLanguage":"lt-LT","@id":"https:\/\/toidupakk.ee\/lt\/#\/schema\/logo\/image\/","url":"https:\/\/toidupakk.ee\/wp-content\/uploads\/2022\/01\/Toidupakk-matkapood-logo-transparent.png","contentUrl":"https:\/\/toidupakk.ee\/wp-content\/uploads\/2022\/01\/Toidupakk-matkapood-logo-transparent.png","width":500,"height":500,"caption":"Tactical Foodpack matkaeined"},"image":{"@id":"https:\/\/toidupakk.ee\/lt\/#\/schema\/logo\/image\/"},"sameAs":["https:\/\/www.facebook.com\/Toidupakk","https:\/\/www.instagram.com\/toidupakk\/"]}]}},"jetpack_sharing_enabled":true,"_links":{"self":[{"href":"https:\/\/toidupakk.ee\/lt\/wp-json\/wp\/v2\/product\/46378","targetHints":{"allow":["GET"]}}],"collection":[{"href":"https:\/\/toidupakk.ee\/lt\/wp-json\/wp\/v2\/product"}],"about":[{"href":"https:\/\/toidupakk.ee\/lt\/wp-json\/wp\/v2\/types\/product"}],"replies":[{"embeddable":true,"href":"https:\/\/toidupakk.ee\/lt\/wp-json\/wp\/v2\/comments?post=46378"}],"wp:featuredmedia":[{"embeddable":true,"href":"https:\/\/toidupakk.ee\/lt\/wp-json\/wp\/v2\/media\/20566"}],"wp:attachment":[{"href":"https:\/\/toidupakk.ee\/lt\/wp-json\/wp\/v2\/media?parent=46378"}],"wp:term":[{"taxonomy":"product_brand","embeddable":true,"href":"https:\/\/toidupakk.ee\/lt\/wp-json\/wp\/v2\/product_brand?post=46378"},{"taxonomy":"product_cat","embeddable":true,"href":"https:\/\/toidupakk.ee\/lt\/wp-json\/wp\/v2\/product_cat?post=46378"},{"taxonomy":"product_tag","embeddable":true,"href":"https:\/\/toidupakk.ee\/lt\/wp-json\/wp\/v2\/product_tag?post=46378"}],"curies":[{"name":"wp","href":"https:\/\/api.w.org\/{rel}","templated":true}]}}