{"id":46377,"date":"2024-03-18T13:55:41","date_gmt":"2024-03-18T11:55:41","guid":{"rendered":"https:\/\/toidupakk.ee\/toode\/taktikine-karine-kuprine-patruliavimo-krepsys-mil-tec-36l-zalia-juoda\/"},"modified":"2026-04-20T12:01:57","modified_gmt":"2026-04-20T09:01:57","slug":"taktikine-karine-kuprine-patruliavimo-krepsys-mil-tec-36l-zalia-juoda","status":"publish","type":"product","link":"https:\/\/toidupakk.ee\/lt\/toode\/taktikine-karine-kuprine-patruliavimo-krepsys-mil-tec-36l-zalia-juoda\/","title":{"rendered":"Taktikin\u0117 karin\u0117 kuprin\u0117, patruliavimo krep\u0161ys MIL-TEC\u00ae 36L (\u017ealia-juoda)"},"content":{"rendered":"<h1><img fetchpriority=\"high\" decoding=\"async\" class=\"alignright wp-image-21344 size-thumbnail\" src=\"https:\/\/toidupakk.ee\/wp-content\/uploads\/2024\/03\/Taktikaline-militaar-seljakott-patrullkott-MIL-TEC%C2%AE-36L-roheline-must-2-500x500.png\" alt=\"taktikin\u0117 kuprin\u0117 \u017ealia juoda\" width=\"500\" height=\"500\"><\/h1>\n<h1>Taktikin\u0117 karin\u0117 kuprin\u0117 \u2013 patruliavimo krep\u0161ys tinka ir kasdieniams reikalams<\/h1>\n<p>Taktikin\u0117 karin\u0117 kuprin\u0117 pagaminta i\u0161 tankaus poliesterio, kuris yra patvari ir vandeniui atspari med\u017eiaga. Dvipusiai u\u017etrauktukai yra patvar\u016bs, su stipriomis si\u016bl\u0117mis ir leid\u017eia atidaryti ki\u0161enes i\u0161 abiej\u0173 pusi\u0173. Karin\u0117s kuprin\u0117s nugaros dalis ir pe\u010di\u0173 dir\u017eai pamink\u0161tinti storasluoksniu putplas\u010diu, kuris padeda geriau paskirstyti svor\u012f ir ma\u017eiau vargina nugaros bei pe\u010di\u0173 sritis. Ventiliuojamas tinklinis pamink\u0161tinimas leid\u017eia kuprinei kv\u0117puoti. Taktikin\u0117 kuprin\u0117 taip pat turi greito atsegimo juosmens dir\u017e\u0105, kuriuo krep\u0161\u012f galima lengvai pritvirtinti prie k\u016bno aplink klubus. Tai suteikia krep\u0161iui stabilumo, i\u0161laiko j\u012f prigludus\u012f prie k\u016bno ir padeda paskirstyti svor\u012f nuo pe\u010di\u0173 ant klub\u0173.     <\/p>\n<p>&nbsp;<\/p>\n<h2>Daugiafunkcin\u0117 kuprin\u0117<\/h2>\n<p>Karin\u0117 kuprin\u0117 su keliais vidiniais ir i\u0161oriniais skyriais, kuriuose galima sutalpinti mobil\u0173j\u012f telefon\u0105, \u012fkroviklius, \u017eibintuv\u0117l\u012f, galvos \u017eibint\u0105, \u201ehydropack\u201c g\u0117rimo sistem\u0105, pir\u0161tines, i\u0161gyvenimo priemones ir kt. Dvi priekin\u0117s ki\u0161en\u0117s su u\u017etrauktukais, vienas pagrindinis skyrius su u\u017etrauktuku, viena pamink\u0161tinta galin\u0117 ki\u0161en\u0117 ir vieta nugarin\u0117je dalyje g\u0117rimo sistemai. Kiekviename skyriuje yra tinklin\u0117 ki\u0161en\u0117 arba ki\u0161en\u0117 su u\u017etrauktuku, kad tavo svarbiausi daiktai b\u016bt\u0173 tvarkingai sud\u0117ti.  <\/p>\n<p>&nbsp;<\/p>\n<h3>Taktikin\u0117 karin\u0117 kuprin\u0117 arba patruliavimo krep\u0161ys yra patogus ir patvarus net ir kasdieniame gyvenime<\/h3>\n<p>Ergonomi\u0161ka ir sutvirtinta kuprin\u0117 padeda suma\u017einti nugaros bei kaklo skausmus \u017eygi\u0173 ar kelioni\u0173 metu. Plati pamink\u0161tinta nugaros dalis u\u017etikrina patog\u0173 ne\u0161iojim\u0105. Kuprin\u0117 turi reguliuojam\u0105 kr\u016btin\u0117s dir\u017e\u0105 ir juosmens dir\u017e\u0105, kad j\u0105 b\u016bt\u0173 galima ne\u0161ioti patogiai ir saugiai. Abu dir\u017eus gali nuimti, kai jie nenaudojami. Kariuomen\u0117s kuprin\u0117s tam tikru mastu yra atsparios vandeniui ir lietui, tod\u0117l idealiai tinka naudoti lauko s\u0105lygomis. \u017dygi\u0173 kuprin\u0117s nugarin\u0117je dalyje esan\u010dios dvi storos putplas\u010dio juostos ir pamink\u0161tinti pe\u010di\u0173 dir\u017eai yra ergonomi\u0161kos formos, kad suma\u017eint\u0173 spaudim\u0105 pe\u010diams ir b\u016bt\u0173 patogiau, o tinklinis putplastis padeda i\u0161sklaidyti \u0161ilum\u0105 net vasar\u0105.     <\/p>\n<p>&nbsp;<\/p>\n<h2>Kas yra MOLLE sistema?<\/h2>\n<p>Taktikin\u0117 kuprin\u0117 turi MOLLE sistem\u0105. Kuprin\u0117s i\u0161or\u0117je yra daug tvirtinimo ta\u0161k\u0173 papildomai \u012frangai. Prie savo kuprin\u0117s pritvirtink papildomas ki\u0161enes, \u012frang\u0105, pavyzd\u017eiui, pirmosios pagalbos rinkin\u012f, racij\u0105, \u017eibintuv\u0117l\u012f, sulankstom\u0105 mentel\u0119, kilim\u0117l\u012f ar miegmai\u0161\u012f. MOLLE modulin\u0117 sistema pla\u010diai paplitusi \u012fvairi\u0173 \u0161ali\u0173 taktiniuose padaliniuose, teis\u0117saugos strukt\u016brose ir gynybos institucijose. Naudojama ir Estijos kariuomen\u0117je.    <\/p>\n<p><iframe style=\"width: 455px; height: 809px;\" title=\"YouTube vaizdo grotuvas\" src=\"https:\/\/www.youtube.com\/embed\/cytB75x9lq4\" frameborder=\"0\" allowfullscreen=\"allowfullscreen\"><\/iframe><\/p>\n<p>Pasisemk \u012fkv\u0117pimo kitiems nuotykiams \u201eToidupakk\u201c <a href=\"https:\/\/www.instagram.com\/toidupakk\/\">Instagram<\/a> ir <a href=\"https:\/\/www.facebook.com\/Toidupakk\/\">Facebook<\/a> paskyrose.<\/p>\n<p>\u017dygio reikmenis ap\u017ei\u016br\u0117k <a href=\"https:\/\/toidupakk.ee\/lt\/tootekategooria\/zygio-iranga\/#section-3-79\">\u010cIA<\/a>.<\/p>\n","protected":false},"excerpt":{"rendered":"<div class=\"flex items-start justify-start\">\n<div class=\"flex-1 pt-1\">\n<p><strong>Patruliavimo krep\u0161ys pla\u010diai naudojamas \u012fvairi\u0173 \u0161ali\u0173 teis\u0117saugos strukt\u016brose, kariuomen\u0117je ir tarp entuziast\u0173. 36 litr\u0173 talpos kuprin\u0117 yra patvari, lengva ir tinkama naudoti kasdien. <\/strong><\/p>\n<ul>\n<li><strong>MOLLE modulin\u0117 sistema<\/strong> leid\u017eia pritvirtinti papildomas ki\u0161enes ir \u012frang\u0105<\/li>\n<li>EVA putomis pamink\u0161tinta <strong>sustiprinta nugaros dalis<\/strong> patogumui ilgesniuose \u017eygiuose u\u017etikrinti<\/li>\n<li><strong>Ergonomi\u0161ki pe\u010di\u0173 dir\u017eai<\/strong> yra su pamink\u0161tinimais, kad ne\u012fsir\u0117\u017et\u0173 ne\u0161ant sunk\u0173 krep\u0161\u012f<\/li>\n<li>Pe\u010di\u0173 dir\u017eai yra 5 cm plo\u010dio ir reguliuojami<\/li>\n<li>Greito atsegimo reguliuojamas <strong>klub\u0173 dir\u017eas tolygesniam apkrovos paskirstymui<\/strong><\/li>\n<li>2 dideli pagrindiniai skyriai su papildomomis ki\u0161en\u0117mis viduje<\/li>\n<li>2 ma\u017eesn\u0117s papildomos ki\u0161en\u0117s greitesnei prieigai prie reikaling\u0173 daikt\u0173<\/li>\n<li>Visos ki\u0161en\u0117s turi <strong>dvipusius ZIP u\u017etrauktukus<\/strong>, kurie leid\u017eia patogiai pasiekti krep\u0161io turin\u012f i\u0161 abiej\u0173 pusi\u0173<\/li>\n<li>Integruota <strong>ki\u0161en\u0117 \u201ehydropack\u201c g\u0117rimo sistemai<\/strong><\/li>\n<li>Komplekte yra specialios lipnios juostos krep\u0161io <strong>laisviems dir\u017eams u\u017efiksuoti<\/strong><\/li>\n<li>Komplekte yra MIL-TEC\u00ae emblema su \u201evelcro\u201c tvirtinimu<\/li>\n<li>Esant pageidavimui, galima papildomai u\u017esisakyti <a href=\"https:\/\/toidupakk.ee\/toode\/eesti-lipu-embleem\/\"><strong>Estijos v\u0117liavos emblem\u0105<\/strong><\/a><\/li>\n<\/ul>\n<p>&nbsp;<\/p>\n<p><strong>Matmenys:<\/strong> 51 x 29 x 28 cm<br \/>\n<strong>Talpa:<\/strong> 36 l<br \/>\n<strong>Kuprin\u0117s i\u0161orin\u0117 med\u017eiaga:<\/strong> 100 % poliesteris, padengtas polivinilchloridu<br \/>\n<strong>Pamu\u0161alas:<\/strong> 100 % poliesteris<br \/>\n<strong>Pamink\u0161tinimas:<\/strong> EVA putos<br \/>\n<strong>Svoris:<\/strong> apie 1 450 g <\/p>\n<p>\u2705 Turime sand\u0117lyje, greitas pristatymas per 1\u20133 darbo dienas<br \/>\n \u2705 Pirk dabar, mok\u0117k v\u0117liau (pal\u016bkanos 0 %)<\/p>\n<\/div>\n<\/div>\n","protected":false},"featured_media":21345,"comment_status":"open","ping_status":"closed","template":"","meta":{"_acf_changed":false},"product_brand":[],"product_cat":[193,202,201,210,189,190],"product_tag":[],"class_list":{"0":"post-46377","1":"product","2":"type-product","3":"status-publish","4":"has-post-thumbnail","6":"product_cat-karine-ekipuote","7":"product_cat-krepsiai","8":"product_cat-kuprines","9":"product_cat-mil-tec","10":"product_cat-zygio-iranga","11":"product_cat-zygio-prekes","13":"first","14":"instock","15":"taxable","16":"shipping-taxable","17":"purchasable","18":"product-type-simple"},"bundled_by":[],"bundle_stock_status":"instock","bundle_stock_quantity":4,"bundle_virtual":false,"bundle_layout":"","bundle_add_to_cart_form_location":"","bundle_editable_in_cart":false,"bundle_sold_individually_context":"","bundle_item_grouping":"","bundle_min_size":"","bundle_max_size":"","bundle_price":[],"bundled_items":[],"bundle_sell_ids":[],"acf":[],"yoast_head":"<!-- This site is optimized with the Yoast SEO plugin v27.3 - https:\/\/yoast.com\/product\/yoast-seo-wordpress\/ -->\n<title>Taktikin\u0117 karin\u0117 kuprin\u0117, patruliavimo krep\u0161ys MIL-TEC\u00ae 36L (\u017ealia-juoda)<\/title>\n<meta name=\"description\" content=\"Taktikin\u0117 karin\u0117 kuprin\u0117. Patruliavimo krep\u0161ys pla\u010diai naudojamas \u012fvairi\u0173 \u0161ali\u0173 teis\u0117saugos strukt\u016brose, kariuomen\u0117je ir tarp entuziast\u0173. MOLLE tvirtinimai.\" \/>\n<meta name=\"robots\" content=\"index, follow, max-snippet:-1, max-image-preview:large, max-video-preview:-1\" \/>\n<link rel=\"canonical\" href=\"https:\/\/toidupakk.ee\/lt\/toode\/taktikine-karine-kuprine-patruliavimo-krepsys-mil-tec-36l-zalia-juoda\/\" \/>\n<meta property=\"og:locale\" content=\"lt_LT\" \/>\n<meta property=\"og:type\" content=\"article\" \/>\n<meta property=\"og:title\" content=\"Taktikin\u0117 karin\u0117 kuprin\u0117, patruliavimo krep\u0161ys MIL-TEC\u00ae 36L (\u017ealia-juoda)\" \/>\n<meta property=\"og:description\" content=\"Taktikin\u0117 karin\u0117 kuprin\u0117. Patruliavimo krep\u0161ys pla\u010diai naudojamas \u012fvairi\u0173 \u0161ali\u0173 teis\u0117saugos strukt\u016brose, kariuomen\u0117je ir tarp entuziast\u0173. MOLLE tvirtinimai.\" \/>\n<meta property=\"og:url\" content=\"https:\/\/toidupakk.ee\/lt\/toode\/taktikine-karine-kuprine-patruliavimo-krepsys-mil-tec-36l-zalia-juoda\/\" \/>\n<meta property=\"og:site_name\" content=\"Toidupakk.ee - Tactical Foodpack toidupakid\" \/>\n<meta property=\"article:publisher\" content=\"https:\/\/www.facebook.com\/Toidupakk\" \/>\n<meta property=\"article:modified_time\" content=\"2026-04-20T09:01:57+00:00\" \/>\n<meta property=\"og:image\" content=\"https:\/\/toidupakk.ee\/wp-content\/uploads\/2024\/03\/Taktikaline-militaar-seljakott-patrullkott-MIL-TEC\u00ae-36L-roheline-must-1.png\" \/>\n\t<meta property=\"og:image:width\" content=\"800\" \/>\n\t<meta property=\"og:image:height\" content=\"800\" \/>\n\t<meta property=\"og:image:type\" content=\"image\/png\" \/>\n<meta name=\"twitter:card\" content=\"summary_large_image\" \/>\n<meta name=\"twitter:label1\" content=\"Est. reading time\" \/>\n\t<meta name=\"twitter:data1\" content=\"2 minut\u0117s\" \/>\n<script type=\"application\/ld+json\" class=\"yoast-schema-graph\">{\"@context\":\"https:\\\/\\\/schema.org\",\"@graph\":[{\"@type\":\"WebPage\",\"@id\":\"https:\\\/\\\/toidupakk.ee\\\/lt\\\/toode\\\/taktikine-karine-kuprine-patruliavimo-krepsys-mil-tec-36l-zalia-juoda\\\/\",\"url\":\"https:\\\/\\\/toidupakk.ee\\\/lt\\\/toode\\\/taktikine-karine-kuprine-patruliavimo-krepsys-mil-tec-36l-zalia-juoda\\\/\",\"name\":\"Taktikin\u0117 karin\u0117 kuprin\u0117, patruliavimo krep\u0161ys MIL-TEC\u00ae 36L (\u017ealia-juoda)\",\"isPartOf\":{\"@id\":\"https:\\\/\\\/toidupakk.ee\\\/lt\\\/#website\"},\"primaryImageOfPage\":{\"@id\":\"https:\\\/\\\/toidupakk.ee\\\/lt\\\/toode\\\/taktikine-karine-kuprine-patruliavimo-krepsys-mil-tec-36l-zalia-juoda\\\/#primaryimage\"},\"image\":{\"@id\":\"https:\\\/\\\/toidupakk.ee\\\/lt\\\/toode\\\/taktikine-karine-kuprine-patruliavimo-krepsys-mil-tec-36l-zalia-juoda\\\/#primaryimage\"},\"thumbnailUrl\":\"https:\\\/\\\/toidupakk.ee\\\/wp-content\\\/uploads\\\/2024\\\/03\\\/Taktikaline-militaar-seljakott-patrullkott-MIL-TEC\u00ae-36L-roheline-must-1.png\",\"datePublished\":\"2024-03-18T11:55:41+00:00\",\"dateModified\":\"2026-04-20T09:01:57+00:00\",\"description\":\"Taktikin\u0117 karin\u0117 kuprin\u0117. Patruliavimo krep\u0161ys pla\u010diai naudojamas \u012fvairi\u0173 \u0161ali\u0173 teis\u0117saugos strukt\u016brose, kariuomen\u0117je ir tarp entuziast\u0173. MOLLE tvirtinimai.\",\"breadcrumb\":{\"@id\":\"https:\\\/\\\/toidupakk.ee\\\/lt\\\/toode\\\/taktikine-karine-kuprine-patruliavimo-krepsys-mil-tec-36l-zalia-juoda\\\/#breadcrumb\"},\"inLanguage\":\"lt-LT\",\"potentialAction\":[{\"@type\":\"ReadAction\",\"target\":[\"https:\\\/\\\/toidupakk.ee\\\/lt\\\/toode\\\/taktikine-karine-kuprine-patruliavimo-krepsys-mil-tec-36l-zalia-juoda\\\/\"]}]},{\"@type\":\"ImageObject\",\"inLanguage\":\"lt-LT\",\"@id\":\"https:\\\/\\\/toidupakk.ee\\\/lt\\\/toode\\\/taktikine-karine-kuprine-patruliavimo-krepsys-mil-tec-36l-zalia-juoda\\\/#primaryimage\",\"url\":\"https:\\\/\\\/toidupakk.ee\\\/wp-content\\\/uploads\\\/2024\\\/03\\\/Taktikaline-militaar-seljakott-patrullkott-MIL-TEC\u00ae-36L-roheline-must-1.png\",\"contentUrl\":\"https:\\\/\\\/toidupakk.ee\\\/wp-content\\\/uploads\\\/2024\\\/03\\\/Taktikaline-militaar-seljakott-patrullkott-MIL-TEC\u00ae-36L-roheline-must-1.png\",\"width\":800,\"height\":800},{\"@type\":\"BreadcrumbList\",\"@id\":\"https:\\\/\\\/toidupakk.ee\\\/lt\\\/toode\\\/taktikine-karine-kuprine-patruliavimo-krepsys-mil-tec-36l-zalia-juoda\\\/#breadcrumb\",\"itemListElement\":[{\"@type\":\"ListItem\",\"position\":1,\"name\":\"Avaleht\",\"item\":\"https:\\\/\\\/toidupakk.ee\\\/lt\\\/\"},{\"@type\":\"ListItem\",\"position\":2,\"name\":\"El. parduotuv\u0117\",\"item\":\"https:\\\/\\\/toidupakk.ee\\\/lt\\\/el-parduotuve\\\/\"},{\"@type\":\"ListItem\",\"position\":3,\"name\":\"Taktikin\u0117 karin\u0117 kuprin\u0117, patruliavimo krep\u0161ys MIL-TEC\u00ae 36L (\u017ealia-juoda)\"}]},{\"@type\":\"WebSite\",\"@id\":\"https:\\\/\\\/toidupakk.ee\\\/lt\\\/#website\",\"url\":\"https:\\\/\\\/toidupakk.ee\\\/lt\\\/\",\"name\":\"Toidupakk.ee - Tactical Foodpack toidupakid\",\"description\":\"Tactical Foodpack k\u00fclmkuivatatud toidupakid ja matkaeined\",\"publisher\":{\"@id\":\"https:\\\/\\\/toidupakk.ee\\\/lt\\\/#organization\"},\"potentialAction\":[{\"@type\":\"SearchAction\",\"target\":{\"@type\":\"EntryPoint\",\"urlTemplate\":\"https:\\\/\\\/toidupakk.ee\\\/lt\\\/?s={search_term_string}\"},\"query-input\":{\"@type\":\"PropertyValueSpecification\",\"valueRequired\":true,\"valueName\":\"search_term_string\"}}],\"inLanguage\":\"lt-LT\"},{\"@type\":\"Organization\",\"@id\":\"https:\\\/\\\/toidupakk.ee\\\/lt\\\/#organization\",\"name\":\"Tactical Foodpack matkaeined\",\"url\":\"https:\\\/\\\/toidupakk.ee\\\/lt\\\/\",\"logo\":{\"@type\":\"ImageObject\",\"inLanguage\":\"lt-LT\",\"@id\":\"https:\\\/\\\/toidupakk.ee\\\/lt\\\/#\\\/schema\\\/logo\\\/image\\\/\",\"url\":\"https:\\\/\\\/toidupakk.ee\\\/wp-content\\\/uploads\\\/2022\\\/01\\\/Toidupakk-matkapood-logo-transparent.png\",\"contentUrl\":\"https:\\\/\\\/toidupakk.ee\\\/wp-content\\\/uploads\\\/2022\\\/01\\\/Toidupakk-matkapood-logo-transparent.png\",\"width\":500,\"height\":500,\"caption\":\"Tactical Foodpack matkaeined\"},\"image\":{\"@id\":\"https:\\\/\\\/toidupakk.ee\\\/lt\\\/#\\\/schema\\\/logo\\\/image\\\/\"},\"sameAs\":[\"https:\\\/\\\/www.facebook.com\\\/Toidupakk\",\"https:\\\/\\\/www.instagram.com\\\/toidupakk\\\/\"]}]}<\/script>\n<!-- \/ Yoast SEO plugin. -->","yoast_head_json":{"title":"Taktikin\u0117 karin\u0117 kuprin\u0117, patruliavimo krep\u0161ys MIL-TEC\u00ae 36L (\u017ealia-juoda)","description":"Taktikin\u0117 karin\u0117 kuprin\u0117. Patruliavimo krep\u0161ys pla\u010diai naudojamas \u012fvairi\u0173 \u0161ali\u0173 teis\u0117saugos strukt\u016brose, kariuomen\u0117je ir tarp entuziast\u0173. MOLLE tvirtinimai.","robots":{"index":"index","follow":"follow","max-snippet":"max-snippet:-1","max-image-preview":"max-image-preview:large","max-video-preview":"max-video-preview:-1"},"canonical":"https:\/\/toidupakk.ee\/lt\/toode\/taktikine-karine-kuprine-patruliavimo-krepsys-mil-tec-36l-zalia-juoda\/","og_locale":"lt_LT","og_type":"article","og_title":"Taktikin\u0117 karin\u0117 kuprin\u0117, patruliavimo krep\u0161ys MIL-TEC\u00ae 36L (\u017ealia-juoda)","og_description":"Taktikin\u0117 karin\u0117 kuprin\u0117. Patruliavimo krep\u0161ys pla\u010diai naudojamas \u012fvairi\u0173 \u0161ali\u0173 teis\u0117saugos strukt\u016brose, kariuomen\u0117je ir tarp entuziast\u0173. MOLLE tvirtinimai.","og_url":"https:\/\/toidupakk.ee\/lt\/toode\/taktikine-karine-kuprine-patruliavimo-krepsys-mil-tec-36l-zalia-juoda\/","og_site_name":"Toidupakk.ee - Tactical Foodpack toidupakid","article_publisher":"https:\/\/www.facebook.com\/Toidupakk","article_modified_time":"2026-04-20T09:01:57+00:00","og_image":[{"width":800,"height":800,"url":"https:\/\/toidupakk.ee\/wp-content\/uploads\/2024\/03\/Taktikaline-militaar-seljakott-patrullkott-MIL-TEC\u00ae-36L-roheline-must-1.png","type":"image\/png"}],"twitter_card":"summary_large_image","twitter_misc":{"Est. reading time":"2 minut\u0117s"},"schema":{"@context":"https:\/\/schema.org","@graph":[{"@type":"WebPage","@id":"https:\/\/toidupakk.ee\/lt\/toode\/taktikine-karine-kuprine-patruliavimo-krepsys-mil-tec-36l-zalia-juoda\/","url":"https:\/\/toidupakk.ee\/lt\/toode\/taktikine-karine-kuprine-patruliavimo-krepsys-mil-tec-36l-zalia-juoda\/","name":"Taktikin\u0117 karin\u0117 kuprin\u0117, patruliavimo krep\u0161ys MIL-TEC\u00ae 36L (\u017ealia-juoda)","isPartOf":{"@id":"https:\/\/toidupakk.ee\/lt\/#website"},"primaryImageOfPage":{"@id":"https:\/\/toidupakk.ee\/lt\/toode\/taktikine-karine-kuprine-patruliavimo-krepsys-mil-tec-36l-zalia-juoda\/#primaryimage"},"image":{"@id":"https:\/\/toidupakk.ee\/lt\/toode\/taktikine-karine-kuprine-patruliavimo-krepsys-mil-tec-36l-zalia-juoda\/#primaryimage"},"thumbnailUrl":"https:\/\/toidupakk.ee\/wp-content\/uploads\/2024\/03\/Taktikaline-militaar-seljakott-patrullkott-MIL-TEC\u00ae-36L-roheline-must-1.png","datePublished":"2024-03-18T11:55:41+00:00","dateModified":"2026-04-20T09:01:57+00:00","description":"Taktikin\u0117 karin\u0117 kuprin\u0117. Patruliavimo krep\u0161ys pla\u010diai naudojamas \u012fvairi\u0173 \u0161ali\u0173 teis\u0117saugos strukt\u016brose, kariuomen\u0117je ir tarp entuziast\u0173. MOLLE tvirtinimai.","breadcrumb":{"@id":"https:\/\/toidupakk.ee\/lt\/toode\/taktikine-karine-kuprine-patruliavimo-krepsys-mil-tec-36l-zalia-juoda\/#breadcrumb"},"inLanguage":"lt-LT","potentialAction":[{"@type":"ReadAction","target":["https:\/\/toidupakk.ee\/lt\/toode\/taktikine-karine-kuprine-patruliavimo-krepsys-mil-tec-36l-zalia-juoda\/"]}]},{"@type":"ImageObject","inLanguage":"lt-LT","@id":"https:\/\/toidupakk.ee\/lt\/toode\/taktikine-karine-kuprine-patruliavimo-krepsys-mil-tec-36l-zalia-juoda\/#primaryimage","url":"https:\/\/toidupakk.ee\/wp-content\/uploads\/2024\/03\/Taktikaline-militaar-seljakott-patrullkott-MIL-TEC\u00ae-36L-roheline-must-1.png","contentUrl":"https:\/\/toidupakk.ee\/wp-content\/uploads\/2024\/03\/Taktikaline-militaar-seljakott-patrullkott-MIL-TEC\u00ae-36L-roheline-must-1.png","width":800,"height":800},{"@type":"BreadcrumbList","@id":"https:\/\/toidupakk.ee\/lt\/toode\/taktikine-karine-kuprine-patruliavimo-krepsys-mil-tec-36l-zalia-juoda\/#breadcrumb","itemListElement":[{"@type":"ListItem","position":1,"name":"Avaleht","item":"https:\/\/toidupakk.ee\/lt\/"},{"@type":"ListItem","position":2,"name":"El. parduotuv\u0117","item":"https:\/\/toidupakk.ee\/lt\/el-parduotuve\/"},{"@type":"ListItem","position":3,"name":"Taktikin\u0117 karin\u0117 kuprin\u0117, patruliavimo krep\u0161ys MIL-TEC\u00ae 36L (\u017ealia-juoda)"}]},{"@type":"WebSite","@id":"https:\/\/toidupakk.ee\/lt\/#website","url":"https:\/\/toidupakk.ee\/lt\/","name":"Toidupakk.ee - Tactical Foodpack toidupakid","description":"Tactical Foodpack k\u00fclmkuivatatud toidupakid ja matkaeined","publisher":{"@id":"https:\/\/toidupakk.ee\/lt\/#organization"},"potentialAction":[{"@type":"SearchAction","target":{"@type":"EntryPoint","urlTemplate":"https:\/\/toidupakk.ee\/lt\/?s={search_term_string}"},"query-input":{"@type":"PropertyValueSpecification","valueRequired":true,"valueName":"search_term_string"}}],"inLanguage":"lt-LT"},{"@type":"Organization","@id":"https:\/\/toidupakk.ee\/lt\/#organization","name":"Tactical Foodpack matkaeined","url":"https:\/\/toidupakk.ee\/lt\/","logo":{"@type":"ImageObject","inLanguage":"lt-LT","@id":"https:\/\/toidupakk.ee\/lt\/#\/schema\/logo\/image\/","url":"https:\/\/toidupakk.ee\/wp-content\/uploads\/2022\/01\/Toidupakk-matkapood-logo-transparent.png","contentUrl":"https:\/\/toidupakk.ee\/wp-content\/uploads\/2022\/01\/Toidupakk-matkapood-logo-transparent.png","width":500,"height":500,"caption":"Tactical Foodpack matkaeined"},"image":{"@id":"https:\/\/toidupakk.ee\/lt\/#\/schema\/logo\/image\/"},"sameAs":["https:\/\/www.facebook.com\/Toidupakk","https:\/\/www.instagram.com\/toidupakk\/"]}]}},"jetpack_sharing_enabled":true,"_links":{"self":[{"href":"https:\/\/toidupakk.ee\/lt\/wp-json\/wp\/v2\/product\/46377","targetHints":{"allow":["GET"]}}],"collection":[{"href":"https:\/\/toidupakk.ee\/lt\/wp-json\/wp\/v2\/product"}],"about":[{"href":"https:\/\/toidupakk.ee\/lt\/wp-json\/wp\/v2\/types\/product"}],"replies":[{"embeddable":true,"href":"https:\/\/toidupakk.ee\/lt\/wp-json\/wp\/v2\/comments?post=46377"}],"wp:featuredmedia":[{"embeddable":true,"href":"https:\/\/toidupakk.ee\/lt\/wp-json\/wp\/v2\/media\/21345"}],"wp:attachment":[{"href":"https:\/\/toidupakk.ee\/lt\/wp-json\/wp\/v2\/media?parent=46377"}],"wp:term":[{"taxonomy":"product_brand","embeddable":true,"href":"https:\/\/toidupakk.ee\/lt\/wp-json\/wp\/v2\/product_brand?post=46377"},{"taxonomy":"product_cat","embeddable":true,"href":"https:\/\/toidupakk.ee\/lt\/wp-json\/wp\/v2\/product_cat?post=46377"},{"taxonomy":"product_tag","embeddable":true,"href":"https:\/\/toidupakk.ee\/lt\/wp-json\/wp\/v2\/product_tag?post=46377"}],"curies":[{"name":"wp","href":"https:\/\/api.w.org\/{rel}","templated":true}]}}