{"id":46372,"date":"2024-09-19T13:05:50","date_gmt":"2024-09-19T10:05:50","guid":{"rendered":"https:\/\/toidupakk.ee\/toode\/makaronai-arrabiata-su-vistiena-115-g\/"},"modified":"2026-04-15T07:30:35","modified_gmt":"2026-04-15T04:30:35","slug":"makaronai-arrabiata-su-vistiena-115-g","status":"publish","type":"product","link":"https:\/\/toidupakk.ee\/lt\/toode\/makaronai-arrabiata-su-vistiena-115-g\/","title":{"rendered":"Makaronai \u201eArrabiata\u201c su vi\u0161tiena, 115 g"},"content":{"rendered":"<h1><img fetchpriority=\"high\" decoding=\"async\" class=\"wp-image-27110 size-thumbnail alignright\" src=\"https:\/\/toidupakk.ee\/wp-content\/uploads\/2024\/09\/Pasta-Arrabiata-kanalihaga-kauss-500x500.png\" alt=\"\u201eTactical Foodpack\u201c makaronai \u201eArrabiata\u201c\" width=\"500\" height=\"500\" srcset=\"https:\/\/toidupakk.ee\/wp-content\/uploads\/2024\/09\/Pasta-Arrabiata-kanalihaga-kauss-500x500.png 500w, https:\/\/toidupakk.ee\/wp-content\/uploads\/2024\/09\/Pasta-Arrabiata-kanalihaga-kauss-400x400.png 400w, https:\/\/toidupakk.ee\/wp-content\/uploads\/2024\/09\/Pasta-Arrabiata-kanalihaga-kauss-100x100.png 100w, https:\/\/toidupakk.ee\/wp-content\/uploads\/2024\/09\/Pasta-Arrabiata-kanalihaga-kauss-300x300.png 300w, https:\/\/toidupakk.ee\/wp-content\/uploads\/2024\/09\/Pasta-Arrabiata-kanalihaga-kauss-768x768.png 768w, https:\/\/toidupakk.ee\/wp-content\/uploads\/2024\/09\/Pasta-Arrabiata-kanalihaga-kauss.png 800w\" sizes=\"(max-width: 500px) 100vw, 500px\" \/><\/h1>\n<h1><strong>Atrask \u201eTactical Foodpack\u201c makaronus \u201eArrabiata\u201c su vi\u0161tiena<\/strong><\/h1>\n<p>\u201eTactical Foodpack\u201c makaronai \u201eArrabiata\u201c su vi\u0161tiena (115 g) \u2013 idealus pasirinkimas norintiems m\u0117gautis skaniu ir maistingu maistu bet kada ir bet kur. \u0160is \u0161al\u010diu d\u017eiovintas patiekalas sukurtas \u017eygiams, nuotykiams ar greitai vakarienei namuose, u\u017etikrinant patogum\u0105 ir maistin\u0119 vert\u0119. <\/p>\n<h2>Kod\u0117l verta rinktis makaronus \u201eArrabiata\u201c su vi\u0161tiena?<\/h2>\n<p>Tai n\u0117ra paprastas patiekalas \u2013 tai tikras skonio potyris. \u201eTactical Foodpack\u201c maistas, \u012fskaitant \u0161iuos makaronus, sukurtas suteikti didel\u0119 maistin\u0119 vert\u0119 ir energij\u0105 net sud\u0117tingiausiomis s\u0105lygomis. \u0160tai kelios prie\u017eastys, kod\u0117l \u0161is produktas tur\u0117t\u0173 b\u016bti tavo kitas pasirinkimas:  <\/p>\n<ul>\n<li><strong>Paprasta paruo\u0161ti:<\/strong> tiesiog \u012fpilk 300 ml kar\u0161to vandens ir palauk 10 minu\u010di\u0173. Greitas ir patogus sprendimas be jokio vargo. <\/li>\n<li><strong>Daug energijos:<\/strong> viena porcija turi 2133 kJ (511 kcal), kad i\u0161liktum energingas vis\u0105 dien\u0105.<\/li>\n<li><strong>Nat\u016brali sud\u0117tis:<\/strong> joki\u0173 konservant\u0173 ar dirbtini\u0173 pried\u0173 \u2013 tik geriausi ingredientai skaniam ir sveikam maistui.<\/li>\n<li><strong>Ilgas galiojimo laikas:<\/strong> geriausias 8 metus nuo pagaminimo datos, tod\u0117l puikiai tinka atsargoms ar nenumatytoms situacijoms.<\/li>\n<li><strong>Pagaminta Vokietijoje:<\/strong> auk\u0161ta kokyb\u0117 u\u017etikrina, kad kiekvienas patiekalas atitikt\u0173 grie\u017e\u010diausius standartus ir i\u0161laikyt\u0173 skon\u012f net po keleri\u0173 met\u0173.<\/li>\n<\/ul>\n<h2>Kuo ypatingi makaronai \u201eArrabiata\u201c su vi\u0161tiena?<\/h2>\n<p>Vi\u0161tienos patiekalas pagamintas i\u0161 kruop\u0161\u010diai atrinkt\u0173 ingredient\u0173, u\u017etikrinant puik\u0173 skon\u012f ir maistin\u0119 vert\u0119. Kiekvienoje pakuot\u0117je yra: <\/p>\n<ul>\n<li><strong>Makaronai (60 %)<\/strong> (kiet\u0173j\u0173 kvie\u010di\u0173 miltai, vanduo)<\/li>\n<li><strong>Sultinys<\/strong> (vi\u0161tiena, kalakutiena, morkos, kadagio uogos, lauro lapai, porai)<\/li>\n<li><strong>Vi\u0161tiena (12 %)<\/strong><\/li>\n<li><strong>Tomatai, svog\u016bnai, vanduo, \u0161pinatai, raps\u0173 aliejus, \u010desnakai, druska, cukrus, \u010dili milteliai, bazilikai, raudon\u0117liai, pipirai<\/strong><\/li>\n<\/ul>\n<h3>D\u017eiovinimo \u0161al\u010diu privalumai<\/h3>\n<p>D\u017eiovinimas \u0161al\u010diu \u2013 tai procesas, i\u0161saugantis maisto \u0161vie\u017eum\u0105, tekst\u016br\u0105 ir maistin\u0119 vert\u0119, pa\u0161alinant vanden\u012f \u017eemoje temperat\u016broje. Tai rei\u0161kia, kad visi \u201eTactical Foodpack\u201c patiekalai, \u012fskaitant makaronus \u201eArrabiata\u201c su vi\u0161tiena, yra lengvi, kompakti\u0161ki ir ilgai galiojantys, i\u0161laikant visus svarbius vitaminus bei mineralus. <\/p>\n<h3>Kam skirti makaronai \u201eArrabiata\u201c su vi\u0161tiena?<\/h3>\n<ul>\n<li><strong>\u017dygeiviams ir stovyklautojams:<\/strong> paprastas paruo\u0161imas ir lengva pakuot\u0117 paver\u010dia tai puikiu pasirinkimu \u017eygiams.<\/li>\n<li><strong>Nuotyki\u0173 ie\u0161kotojams ir i\u0161gyvenimo entuziastams:<\/strong> ilgas galiojimo laikas ir didel\u0117 energin\u0117 vert\u0117 idealiai tinka i\u0161gyvenimo situacijoms ir ilgoms kelion\u0117ms.<\/li>\n<li><strong>Greitiems pietums namuose:<\/strong> jei skubi, bet nori sveiko ir skanaus maisto, makaronai \u201eArrabiata\u201c su vi\u0161tiena yra idealus sprendimas.<\/li>\n<\/ul>\n<h3>Produkto informacija ir laikymo s\u0105lygos<\/h3>\n<p>Makaronai \u201eArrabiata\u201c su vi\u0161tiena parduodami 115 g pakuot\u0117je \u2013 tai optimalus kiekis vienam asmeniui. Tinkamiausia laikymo temperat\u016bra yra nuo 10 \u00b0C iki +30 \u00b0C. D\u0117l d\u017eiovinimo \u0161al\u010diu produktas yra patvarus ir lengvai transportuojamas, tod\u0117l tinka tiek atsargoms namuose, tiek \u017eygio kuprinei.  <\/p>\n<p><img decoding=\"async\" class=\"alignnone size-full wp-image-676\" src=\"https:\/\/toidupakk.ee\/wp-content\/uploads\/2021\/12\/TF_logo_RGB-22-16-43-849.png\" alt=\"\u017daliasis \u201eTactical Foodpack\u201c logotipas\" width=\"238\" height=\"100\"><\/p>\n<h3>\u201eTactical Foodpack\u201c patiekalai \u2013 kaip vartoti<\/h3>\n<p>Atpl\u0117\u0161k pakuot\u0119 vir\u0161uje nurodytoje vietoje. I\u0161imk deguonies absorbatori\u0173 (ma\u017e\u0105 paket\u0117l\u012f) ir i\u0161mesk j\u012f. \u012epilk \u012f pakuot\u0119 nurodyt\u0105 kiek\u012f kar\u0161to vandens. Gerai i\u0161mai\u0161yk vis\u0105 turin\u012f. U\u017espausk pakuot\u0119 vir\u0161uje esan\u010diu sandariu u\u017etrauktuku. Palauk 10 minu\u010di\u0173 ir m\u0117gaukis \u0161iltu maistu.     <\/p>\n<h3>U\u017esisakyk makaronus \u201eArrabiata\u201c su vi\u0161tiena jau \u0161iandien!<\/h3>\n<p>Nepraleisk progos! U\u017esisakyk \u201eTactical Foodpack\u201c makaronus \u201eArrabiata\u201c su vi\u0161tiena jau \u0161iandien ir m\u0117gaukis visaver\u010diu maistu bet kada ir bet kur. Sand\u0117lyje tur\u0117sime nuo spalio antros pus\u0117s. \u0160iuo metu galima u\u017esisakyti i\u0161 anksto.   <\/p>\n<p>Pirk dabar ir i\u0161bandyk \u201eTactical Foodpack\u201c kokyb\u0119 pats!<\/p>\n<hr>\n<p>Per\u017ei\u016br\u0117k visus <a href=\"https:\/\/toidupakk.ee\/lt\/tootekategooria\/tactical-foodpack-patiekalai\/\">\u201eTactical Foodpack\u201c patiekalus<\/a><\/p>\n<p>Pasisemk \u012fkv\u0117pimo kitiems nuotykiams \u201eToidupakk\u201c <a href=\"https:\/\/www.instagram.com\/toidupakk\/\">Instagram<\/a> ir <a href=\"https:\/\/www.facebook.com\/Toidupakk\/\">Facebook<\/a> paskyrose.<\/p>\n","protected":false},"excerpt":{"rendered":"<ul>\n<li>\u0160al\u010diu d\u017eiovinti makaronai \u201eArrabiata\u201c su vi\u0161tiena 142 g pakuot\u0117je<\/li>\n<li>Grynasis maisto svoris 115 g (prie\u0161 ruo\u0161im\u0105, d\u017eiovintas \u0161al\u010diu ir be skys\u010dio)<\/li>\n<li>Paruo\u0161to patiekalo svoris apie 415 g<\/li>\n<li>Paruo\u0161tas maistas \u2013 tiesiog u\u017epilk kar\u0161to vandens ir po 10 min. gal\u0117si m\u0117gautis visaver\u010diu patiekalu<\/li>\n<li>Paruo\u0161imui \u012f pakuot\u0119 \u012fpilk 300 ml kar\u0161to vandens<\/li>\n<li><span lang=\"ET\">Nat\u016brali sud\u0117tis, be konservant\u0173 ir pried\u0173<\/span><\/li>\n<li><span lang=\"ET\">Energin\u0117 vert\u0117 porcijoje \u2013 2133 kJ \/ 511 kcal<\/span><\/li>\n<li>Geriausias iki: 8 metai nuo pagaminimo datos<\/li>\n<li>Pagaminta Vokietijoje<\/li>\n<li>Ideali laikymo temperat\u016bra: nuo 10 \u00b0C iki +30 \u00b0C<\/li>\n<\/ul>\n<p><strong>Makaron\u0173 \u201eArrabiata\u201c su vi\u0161tiena sud\u0117tis:<\/strong><\/p>\n<p>Makaronai (60 %) (kiet\u0173j\u0173 kvie\u010di\u0173 miltai, vanduo), sultinys (vi\u0161tiena, kalakutiena, morkos, kadagio uogos, lauro lapai, porai), vi\u0161tiena (12 %), tomatai, svog\u016bnai, vanduo, \u0161pinatai, raps\u0173 aliejus, \u010desnakai, druska, cukrus, \u010dili milteliai, bazilikai, raudon\u0117liai, pipirai.<\/p>\n<p><strong>Geriausias iki:<\/strong> 8 metai nuo pagaminimo datos<\/p>\n<p>\u2705 Turime sand\u0117lyje, greitas pristatymas per 1\u20133 darbo dienas<\/p>\n","protected":false},"featured_media":46373,"comment_status":"open","ping_status":"closed","template":"","meta":{"_acf_changed":false},"product_brand":[],"product_cat":[256,204,231,190],"product_tag":[],"class_list":{"0":"post-46372","1":"product","2":"type-product","3":"status-publish","4":"has-post-thumbnail","6":"product_cat-pagrindiniai-patiekalai","7":"product_cat-tactical-foodpack-patiekalai","8":"product_cat-zygio-maistas","9":"product_cat-zygio-prekes","11":"first","12":"instock","13":"taxable","14":"shipping-taxable","15":"purchasable","16":"product-type-simple"},"bundled_by":[],"bundle_stock_status":"instock","bundle_stock_quantity":14,"bundle_virtual":false,"bundle_layout":"","bundle_add_to_cart_form_location":"","bundle_editable_in_cart":false,"bundle_sold_individually_context":"","bundle_item_grouping":"","bundle_min_size":"","bundle_max_size":"","bundle_price":[],"bundled_items":[],"bundle_sell_ids":[],"acf":[],"yoast_head":"<!-- This site is optimized with the Yoast SEO plugin v27.3 - https:\/\/yoast.com\/product\/yoast-seo-wordpress\/ -->\n<title>Makaronai \u201eArrabiata\u201c su vi\u0161tiena, 115 g - Toidupakk.ee - Tactical Foodpack toidupakid<\/title>\n<meta name=\"description\" content=\"\u201eTactical Foodpack\u201c makaronai \u201eArrabiata\u201c su vi\u0161tiena \u2013 idealus pasirinkimas norintiems m\u0117gautis skaniu ir maistingu paruo\u0161tu maistu bet kur.\" \/>\n<meta name=\"robots\" content=\"index, follow, max-snippet:-1, max-image-preview:large, max-video-preview:-1\" \/>\n<link rel=\"canonical\" href=\"https:\/\/toidupakk.ee\/lt\/toode\/makaronai-arrabiata-su-vistiena-115-g\/\" \/>\n<meta property=\"og:locale\" content=\"lt_LT\" \/>\n<meta property=\"og:type\" content=\"article\" \/>\n<meta property=\"og:title\" content=\"Makaronai \u201eArrabiata\u201c su vi\u0161tiena, 115 g - Toidupakk.ee - Tactical Foodpack toidupakid\" \/>\n<meta property=\"og:description\" content=\"\u201eTactical Foodpack\u201c makaronai \u201eArrabiata\u201c su vi\u0161tiena \u2013 idealus pasirinkimas norintiems m\u0117gautis skaniu ir maistingu paruo\u0161tu maistu bet kur.\" \/>\n<meta property=\"og:url\" content=\"https:\/\/toidupakk.ee\/lt\/toode\/makaronai-arrabiata-su-vistiena-115-g\/\" \/>\n<meta property=\"og:site_name\" content=\"Toidupakk.ee - Tactical Foodpack toidupakid\" \/>\n<meta property=\"article:publisher\" content=\"https:\/\/www.facebook.com\/Toidupakk\" \/>\n<meta property=\"article:modified_time\" content=\"2026-04-15T04:30:35+00:00\" \/>\n<meta property=\"og:image\" content=\"https:\/\/toidupakk.ee\/wp-content\/uploads\/2024\/09\/Pasta-Arrabiata-kanalihaga-kauss.png\" \/>\n\t<meta property=\"og:image:width\" content=\"800\" \/>\n\t<meta property=\"og:image:height\" content=\"800\" \/>\n\t<meta property=\"og:image:type\" content=\"image\/png\" \/>\n<meta name=\"twitter:card\" content=\"summary_large_image\" \/>\n<meta name=\"twitter:label1\" content=\"Est. reading time\" \/>\n\t<meta name=\"twitter:data1\" content=\"3 minut\u0117s\" \/>\n<script type=\"application\/ld+json\" class=\"yoast-schema-graph\">{\"@context\":\"https:\\\/\\\/schema.org\",\"@graph\":[{\"@type\":\"WebPage\",\"@id\":\"https:\\\/\\\/toidupakk.ee\\\/lt\\\/toode\\\/makaronai-arrabiata-su-vistiena-115-g\\\/\",\"url\":\"https:\\\/\\\/toidupakk.ee\\\/lt\\\/toode\\\/makaronai-arrabiata-su-vistiena-115-g\\\/\",\"name\":\"Makaronai \u201eArrabiata\u201c su vi\u0161tiena, 115 g - Toidupakk.ee - Tactical Foodpack toidupakid\",\"isPartOf\":{\"@id\":\"https:\\\/\\\/toidupakk.ee\\\/lt\\\/#website\"},\"primaryImageOfPage\":{\"@id\":\"https:\\\/\\\/toidupakk.ee\\\/lt\\\/toode\\\/makaronai-arrabiata-su-vistiena-115-g\\\/#primaryimage\"},\"image\":{\"@id\":\"https:\\\/\\\/toidupakk.ee\\\/lt\\\/toode\\\/makaronai-arrabiata-su-vistiena-115-g\\\/#primaryimage\"},\"thumbnailUrl\":\"https:\\\/\\\/toidupakk.ee\\\/wp-content\\\/uploads\\\/2024\\\/09\\\/Pasta-Arrabiata-kanalihaga-kauss.png\",\"datePublished\":\"2024-09-19T10:05:50+00:00\",\"dateModified\":\"2026-04-15T04:30:35+00:00\",\"description\":\"\u201eTactical Foodpack\u201c makaronai \u201eArrabiata\u201c su vi\u0161tiena \u2013 idealus pasirinkimas norintiems m\u0117gautis skaniu ir maistingu paruo\u0161tu maistu bet kur.\",\"breadcrumb\":{\"@id\":\"https:\\\/\\\/toidupakk.ee\\\/lt\\\/toode\\\/makaronai-arrabiata-su-vistiena-115-g\\\/#breadcrumb\"},\"inLanguage\":\"lt-LT\",\"potentialAction\":[{\"@type\":\"ReadAction\",\"target\":[\"https:\\\/\\\/toidupakk.ee\\\/lt\\\/toode\\\/makaronai-arrabiata-su-vistiena-115-g\\\/\"]}]},{\"@type\":\"ImageObject\",\"inLanguage\":\"lt-LT\",\"@id\":\"https:\\\/\\\/toidupakk.ee\\\/lt\\\/toode\\\/makaronai-arrabiata-su-vistiena-115-g\\\/#primaryimage\",\"url\":\"https:\\\/\\\/toidupakk.ee\\\/wp-content\\\/uploads\\\/2024\\\/09\\\/Pasta-Arrabiata-kanalihaga-kauss.png\",\"contentUrl\":\"https:\\\/\\\/toidupakk.ee\\\/wp-content\\\/uploads\\\/2024\\\/09\\\/Pasta-Arrabiata-kanalihaga-kauss.png\",\"width\":800,\"height\":800,\"caption\":\"\u201eTactical Foodpack\u201c makaronai \u201eArrabiata\u201c\"},{\"@type\":\"BreadcrumbList\",\"@id\":\"https:\\\/\\\/toidupakk.ee\\\/lt\\\/toode\\\/makaronai-arrabiata-su-vistiena-115-g\\\/#breadcrumb\",\"itemListElement\":[{\"@type\":\"ListItem\",\"position\":1,\"name\":\"Avaleht\",\"item\":\"https:\\\/\\\/toidupakk.ee\\\/lt\\\/\"},{\"@type\":\"ListItem\",\"position\":2,\"name\":\"El. parduotuv\u0117\",\"item\":\"https:\\\/\\\/toidupakk.ee\\\/lt\\\/el-parduotuve\\\/\"},{\"@type\":\"ListItem\",\"position\":3,\"name\":\"Makaronai \u201eArrabiata\u201c su vi\u0161tiena, 115 g\"}]},{\"@type\":\"WebSite\",\"@id\":\"https:\\\/\\\/toidupakk.ee\\\/lt\\\/#website\",\"url\":\"https:\\\/\\\/toidupakk.ee\\\/lt\\\/\",\"name\":\"Toidupakk.ee - Tactical Foodpack toidupakid\",\"description\":\"Tactical Foodpack k\u00fclmkuivatatud toidupakid ja matkaeined\",\"publisher\":{\"@id\":\"https:\\\/\\\/toidupakk.ee\\\/lt\\\/#organization\"},\"potentialAction\":[{\"@type\":\"SearchAction\",\"target\":{\"@type\":\"EntryPoint\",\"urlTemplate\":\"https:\\\/\\\/toidupakk.ee\\\/lt\\\/?s={search_term_string}\"},\"query-input\":{\"@type\":\"PropertyValueSpecification\",\"valueRequired\":true,\"valueName\":\"search_term_string\"}}],\"inLanguage\":\"lt-LT\"},{\"@type\":\"Organization\",\"@id\":\"https:\\\/\\\/toidupakk.ee\\\/lt\\\/#organization\",\"name\":\"Tactical Foodpack matkaeined\",\"url\":\"https:\\\/\\\/toidupakk.ee\\\/lt\\\/\",\"logo\":{\"@type\":\"ImageObject\",\"inLanguage\":\"lt-LT\",\"@id\":\"https:\\\/\\\/toidupakk.ee\\\/lt\\\/#\\\/schema\\\/logo\\\/image\\\/\",\"url\":\"https:\\\/\\\/toidupakk.ee\\\/wp-content\\\/uploads\\\/2022\\\/01\\\/Toidupakk-matkapood-logo-transparent.png\",\"contentUrl\":\"https:\\\/\\\/toidupakk.ee\\\/wp-content\\\/uploads\\\/2022\\\/01\\\/Toidupakk-matkapood-logo-transparent.png\",\"width\":500,\"height\":500,\"caption\":\"Tactical Foodpack matkaeined\"},\"image\":{\"@id\":\"https:\\\/\\\/toidupakk.ee\\\/lt\\\/#\\\/schema\\\/logo\\\/image\\\/\"},\"sameAs\":[\"https:\\\/\\\/www.facebook.com\\\/Toidupakk\",\"https:\\\/\\\/www.instagram.com\\\/toidupakk\\\/\"]}]}<\/script>\n<!-- \/ Yoast SEO plugin. -->","yoast_head_json":{"title":"Makaronai \u201eArrabiata\u201c su vi\u0161tiena, 115 g - Toidupakk.ee - Tactical Foodpack toidupakid","description":"\u201eTactical Foodpack\u201c makaronai \u201eArrabiata\u201c su vi\u0161tiena \u2013 idealus pasirinkimas norintiems m\u0117gautis skaniu ir maistingu paruo\u0161tu maistu bet kur.","robots":{"index":"index","follow":"follow","max-snippet":"max-snippet:-1","max-image-preview":"max-image-preview:large","max-video-preview":"max-video-preview:-1"},"canonical":"https:\/\/toidupakk.ee\/lt\/toode\/makaronai-arrabiata-su-vistiena-115-g\/","og_locale":"lt_LT","og_type":"article","og_title":"Makaronai \u201eArrabiata\u201c su vi\u0161tiena, 115 g - Toidupakk.ee - Tactical Foodpack toidupakid","og_description":"\u201eTactical Foodpack\u201c makaronai \u201eArrabiata\u201c su vi\u0161tiena \u2013 idealus pasirinkimas norintiems m\u0117gautis skaniu ir maistingu paruo\u0161tu maistu bet kur.","og_url":"https:\/\/toidupakk.ee\/lt\/toode\/makaronai-arrabiata-su-vistiena-115-g\/","og_site_name":"Toidupakk.ee - Tactical Foodpack toidupakid","article_publisher":"https:\/\/www.facebook.com\/Toidupakk","article_modified_time":"2026-04-15T04:30:35+00:00","og_image":[{"width":800,"height":800,"url":"https:\/\/toidupakk.ee\/wp-content\/uploads\/2024\/09\/Pasta-Arrabiata-kanalihaga-kauss.png","type":"image\/png"}],"twitter_card":"summary_large_image","twitter_misc":{"Est. reading time":"3 minut\u0117s"},"schema":{"@context":"https:\/\/schema.org","@graph":[{"@type":"WebPage","@id":"https:\/\/toidupakk.ee\/lt\/toode\/makaronai-arrabiata-su-vistiena-115-g\/","url":"https:\/\/toidupakk.ee\/lt\/toode\/makaronai-arrabiata-su-vistiena-115-g\/","name":"Makaronai \u201eArrabiata\u201c su vi\u0161tiena, 115 g - Toidupakk.ee - Tactical Foodpack toidupakid","isPartOf":{"@id":"https:\/\/toidupakk.ee\/lt\/#website"},"primaryImageOfPage":{"@id":"https:\/\/toidupakk.ee\/lt\/toode\/makaronai-arrabiata-su-vistiena-115-g\/#primaryimage"},"image":{"@id":"https:\/\/toidupakk.ee\/lt\/toode\/makaronai-arrabiata-su-vistiena-115-g\/#primaryimage"},"thumbnailUrl":"https:\/\/toidupakk.ee\/wp-content\/uploads\/2024\/09\/Pasta-Arrabiata-kanalihaga-kauss.png","datePublished":"2024-09-19T10:05:50+00:00","dateModified":"2026-04-15T04:30:35+00:00","description":"\u201eTactical Foodpack\u201c makaronai \u201eArrabiata\u201c su vi\u0161tiena \u2013 idealus pasirinkimas norintiems m\u0117gautis skaniu ir maistingu paruo\u0161tu maistu bet kur.","breadcrumb":{"@id":"https:\/\/toidupakk.ee\/lt\/toode\/makaronai-arrabiata-su-vistiena-115-g\/#breadcrumb"},"inLanguage":"lt-LT","potentialAction":[{"@type":"ReadAction","target":["https:\/\/toidupakk.ee\/lt\/toode\/makaronai-arrabiata-su-vistiena-115-g\/"]}]},{"@type":"ImageObject","inLanguage":"lt-LT","@id":"https:\/\/toidupakk.ee\/lt\/toode\/makaronai-arrabiata-su-vistiena-115-g\/#primaryimage","url":"https:\/\/toidupakk.ee\/wp-content\/uploads\/2024\/09\/Pasta-Arrabiata-kanalihaga-kauss.png","contentUrl":"https:\/\/toidupakk.ee\/wp-content\/uploads\/2024\/09\/Pasta-Arrabiata-kanalihaga-kauss.png","width":800,"height":800,"caption":"\u201eTactical Foodpack\u201c makaronai \u201eArrabiata\u201c"},{"@type":"BreadcrumbList","@id":"https:\/\/toidupakk.ee\/lt\/toode\/makaronai-arrabiata-su-vistiena-115-g\/#breadcrumb","itemListElement":[{"@type":"ListItem","position":1,"name":"Avaleht","item":"https:\/\/toidupakk.ee\/lt\/"},{"@type":"ListItem","position":2,"name":"El. parduotuv\u0117","item":"https:\/\/toidupakk.ee\/lt\/el-parduotuve\/"},{"@type":"ListItem","position":3,"name":"Makaronai \u201eArrabiata\u201c su vi\u0161tiena, 115 g"}]},{"@type":"WebSite","@id":"https:\/\/toidupakk.ee\/lt\/#website","url":"https:\/\/toidupakk.ee\/lt\/","name":"Toidupakk.ee - Tactical Foodpack toidupakid","description":"Tactical Foodpack k\u00fclmkuivatatud toidupakid ja matkaeined","publisher":{"@id":"https:\/\/toidupakk.ee\/lt\/#organization"},"potentialAction":[{"@type":"SearchAction","target":{"@type":"EntryPoint","urlTemplate":"https:\/\/toidupakk.ee\/lt\/?s={search_term_string}"},"query-input":{"@type":"PropertyValueSpecification","valueRequired":true,"valueName":"search_term_string"}}],"inLanguage":"lt-LT"},{"@type":"Organization","@id":"https:\/\/toidupakk.ee\/lt\/#organization","name":"Tactical Foodpack matkaeined","url":"https:\/\/toidupakk.ee\/lt\/","logo":{"@type":"ImageObject","inLanguage":"lt-LT","@id":"https:\/\/toidupakk.ee\/lt\/#\/schema\/logo\/image\/","url":"https:\/\/toidupakk.ee\/wp-content\/uploads\/2022\/01\/Toidupakk-matkapood-logo-transparent.png","contentUrl":"https:\/\/toidupakk.ee\/wp-content\/uploads\/2022\/01\/Toidupakk-matkapood-logo-transparent.png","width":500,"height":500,"caption":"Tactical Foodpack matkaeined"},"image":{"@id":"https:\/\/toidupakk.ee\/lt\/#\/schema\/logo\/image\/"},"sameAs":["https:\/\/www.facebook.com\/Toidupakk","https:\/\/www.instagram.com\/toidupakk\/"]}]}},"jetpack_sharing_enabled":true,"_links":{"self":[{"href":"https:\/\/toidupakk.ee\/lt\/wp-json\/wp\/v2\/product\/46372","targetHints":{"allow":["GET"]}}],"collection":[{"href":"https:\/\/toidupakk.ee\/lt\/wp-json\/wp\/v2\/product"}],"about":[{"href":"https:\/\/toidupakk.ee\/lt\/wp-json\/wp\/v2\/types\/product"}],"replies":[{"embeddable":true,"href":"https:\/\/toidupakk.ee\/lt\/wp-json\/wp\/v2\/comments?post=46372"}],"wp:featuredmedia":[{"embeddable":true,"href":"https:\/\/toidupakk.ee\/lt\/wp-json\/wp\/v2\/media\/46373"}],"wp:attachment":[{"href":"https:\/\/toidupakk.ee\/lt\/wp-json\/wp\/v2\/media?parent=46372"}],"wp:term":[{"taxonomy":"product_brand","embeddable":true,"href":"https:\/\/toidupakk.ee\/lt\/wp-json\/wp\/v2\/product_brand?post=46372"},{"taxonomy":"product_cat","embeddable":true,"href":"https:\/\/toidupakk.ee\/lt\/wp-json\/wp\/v2\/product_cat?post=46372"},{"taxonomy":"product_tag","embeddable":true,"href":"https:\/\/toidupakk.ee\/lt\/wp-json\/wp\/v2\/product_tag?post=46372"}],"curies":[{"name":"wp","href":"https:\/\/api.w.org\/{rel}","templated":true}]}}