{"id":46368,"date":"2024-09-19T14:48:37","date_gmt":"2024-09-19T11:48:37","guid":{"rendered":"https:\/\/toidupakk.ee\/toode\/lasisos-makaronai-baltojo-vyno-padaze-105-g\/"},"modified":"2026-04-15T12:00:45","modified_gmt":"2026-04-15T09:00:45","slug":"lasisos-makaronai-baltojo-vyno-padaze-105-g","status":"publish","type":"product","link":"https:\/\/toidupakk.ee\/lt\/toode\/lasisos-makaronai-baltojo-vyno-padaze-105-g\/","title":{"rendered":"La\u0161i\u0161os makaronai baltojo vyno pada\u017ee, 105 g"},"content":{"rendered":"<h1><img fetchpriority=\"high\" decoding=\"async\" class=\"wp-image-27121 size-thumbnail alignright\" src=\"https:\/\/toidupakk.ee\/wp-content\/uploads\/2024\/09\/Lohepasta-valge-veini-kastmes-Tactical-Foodpack-pakend-500x500.png\" alt=\"\u201eTactical Foodpack\u201c la\u0161i\u0161os makaron\u0173 baltojo vyno pada\u017ee paruo\u0161tas patiekalas\" width=\"500\" height=\"500\" srcset=\"https:\/\/toidupakk.ee\/wp-content\/uploads\/2024\/09\/Lohepasta-valge-veini-kastmes-Tactical-Foodpack-pakend-500x500.png 500w, https:\/\/toidupakk.ee\/wp-content\/uploads\/2024\/09\/Lohepasta-valge-veini-kastmes-Tactical-Foodpack-pakend-400x400.png 400w, https:\/\/toidupakk.ee\/wp-content\/uploads\/2024\/09\/Lohepasta-valge-veini-kastmes-Tactical-Foodpack-pakend-100x100.png 100w, https:\/\/toidupakk.ee\/wp-content\/uploads\/2024\/09\/Lohepasta-valge-veini-kastmes-Tactical-Foodpack-pakend-300x300.png 300w, https:\/\/toidupakk.ee\/wp-content\/uploads\/2024\/09\/Lohepasta-valge-veini-kastmes-Tactical-Foodpack-pakend-768x768.png 768w, https:\/\/toidupakk.ee\/wp-content\/uploads\/2024\/09\/Lohepasta-valge-veini-kastmes-Tactical-Foodpack-pakend.png 800w\" sizes=\"(max-width: 500px) 100vw, 500px\" \/><\/h1>\n<h1><strong>Atrask \u201eTactical Foodpack\u201c la\u0161i\u0161os makaronus baltojo vyno pada\u017ee<\/strong><\/h1>\n<p>\u201eTactical Foodpack\u201c la\u0161i\u0161os makaronai baltojo vyno pada\u017ee (132 g) \u2013 puikus pasirinkimas ie\u0161kantiems skanaus ir maistingo maisto. \u0160\u012f \u0161altyje d\u017eiovint\u0105 patiekal\u0105 paruo\u0161i lengvai, jis idealiai tinka \u017eygiams, nuotykiams ar greitai vakarienei namuose. <\/p>\n<h3>Kod\u0117l verta rinktis la\u0161i\u0161os makaronus baltojo vyno pada\u017ee?<\/h3>\n<p>\u0160is patiekalas \u2013 tai daugiau nei tik maistas, tai skanus ir sotus pasirinkimas. \u201eTactical Foodpack\u201c gaminiai, \u012fskaitant la\u0161i\u0161os makaronus, sukurti u\u017etikrinti didel\u0119 maistin\u0119 vert\u0119 ir suteikti energijos net sud\u0117tingiausiomis s\u0105lygomis. \u0160tai kelios prie\u017eastys, kod\u0117l \u0161is produktas tur\u0117t\u0173 b\u016bti tavo kitas pasirinkimas:  <\/p>\n<ul>\n<li><strong>Paprasta paruo\u0161ti:<\/strong> tiesiog \u012fpilk 280 ml kar\u0161to vandens ir palauk 8 minutes. Greitas ir patogus sprendimas be jokio vargo. <\/li>\n<li><strong>Daug energijos:<\/strong> viena porcija turi 2168 kJ (520 kcal), kad i\u0161liktum energingas vis\u0105 dien\u0105.<\/li>\n<li><strong>Nat\u016brali sud\u0117tis:<\/strong> joki\u0173 konservant\u0173 ar dirbtini\u0173 pried\u0173 \u2013 tik kokybi\u0161ki ingredientai skaniam ir sveikam maistui.<\/li>\n<li><strong>Ilgas galiojimo laikas:<\/strong> geriausias iki 8 met\u0173 nuo pagaminimo datos, tod\u0117l puikiai tinka atsargoms ar nenumatytoms situacijoms.<\/li>\n<li><strong>Pagaminta Vokietijoje:<\/strong> auk\u0161ta gamybos kokyb\u0117 u\u017etikrina, kad kiekvienas patiekalas atitikt\u0173 grie\u017e\u010diausius standartus ir i\u0161laikyt\u0173 skon\u012f net po keleri\u0173 met\u0173.<\/li>\n<\/ul>\n<h3>Produkto apra\u0161ymas: kuo ypatingi la\u0161i\u0161os makaronai baltojo vyno pada\u017ee?<\/h3>\n<p>La\u0161i\u0161os makaronai gaminami i\u0161 kruop\u0161\u010diai atrinkt\u0173 ingredient\u0173, u\u017etikrinan\u010di\u0173 puik\u0173 skon\u012f ir maistin\u0119 vert\u0119. Kiekvienoje pakuot\u0117je yra: <\/p>\n<ul>\n<li><strong>Makaronai (50 %)<\/strong> (kiet\u0173j\u0173 kvie\u010di\u0173 miltai, vanduo)<\/li>\n<li><strong>La\u0161i\u0161os fil\u0117 (15 %)<\/strong><\/li>\n<li><strong>Grietin\u0117l\u0117 (14 %)<\/strong><\/li>\n<li><strong>Baltasis vynas (5 %)<\/strong><\/li>\n<li><strong>Cukriniai \u017eirneliai, kvietiniai miltai, porai, kietasis s\u016bris, druska, \u010desnakai, krapai, laimas, baltieji pipirai<\/strong><\/li>\n<\/ul>\n<h3>\u0160al\u010diu d\u017eiovinto maisto privalumai<\/h3>\n<p>D\u017eiovinimas \u0161altyje (liofilizacija) \u2013 tai procesas, kurio metu \u017eemoje temperat\u016broje pa\u0161alinamas vanduo, taip i\u0161saugant maisto \u0161vie\u017eum\u0105, tekst\u016br\u0105 ir maistin\u0119 vert\u0119. Tai rei\u0161kia, kad visi \u201eTactical Foodpack\u201c patiekalai, \u012fskaitant la\u0161i\u0161os makaronus, yra lengvi, kompakti\u0161ki ir ilgai galioja, i\u0161laikydami visus svarbius vitaminus bei mineralus. <\/p>\n<h3>Kam skirti la\u0161i\u0161os makaronai baltojo vyno pada\u017ee?<\/h3>\n<ul>\n<li><strong>\u017dygeiviams ir stovyklautojams:<\/strong> d\u0117l paprasto paruo\u0161imo ir lengvos pakuot\u0117s tai puikus pasirinkimas \u017eygi\u0173 maistui.<\/li>\n<li><strong>Nuotyki\u0173 ie\u0161kotojams ir i\u0161gyvenimo entuziastams:<\/strong> ilgas galiojimo laikas ir didel\u0117 energin\u0117 vert\u0117 idealiai tinka i\u0161gyvenimo situacijoms bei ilgoms kelion\u0117ms.<\/li>\n<li><strong>Greitai vakarienei namuose:<\/strong> jei skubi, bet nori sveiko ir skanaus maisto, la\u0161i\u0161os makaronai baltojo vyno pada\u017ee yra idealus sprendimas.<\/li>\n<\/ul>\n<h3>Produkto informacija ir laikymo s\u0105lygos<\/h3>\n<p>La\u0161i\u0161os makaronai parduodami 132 g pakuot\u0117je \u2013 tai optimalus kiekis vienam asmeniui. Ideali laikymo temperat\u016bra yra nuo 10 \u00b0C iki +30 \u00b0C. D\u0117l d\u017eiovinimo \u0161altyje produktas yra atsparus ir lengvai transportuojamas, tod\u0117l tinka tiek atsargoms namuose, tiek \u017eygio kuprinei.  <\/p>\n<p><img decoding=\"async\" class=\"alignnone size-full wp-image-676\" src=\"https:\/\/toidupakk.ee\/wp-content\/uploads\/2021\/12\/TF_logo_RGB-22-16-43-849.png\" alt=\"Tactical Foodpack \u017ealiasis logotipas\" width=\"238\" height=\"100\"><\/p>\n<h3>Tactical Foodpack patiekalai \u2013 kaip naudoti<\/h3>\n<p>Atpl\u0117\u0161k pakuot\u0119 vir\u0161uje nurodytoje vietoje. I\u0161imk deguonies absorbuotoj\u0105 (ma\u017e\u0105 paket\u0117l\u012f) ir i\u0161mesk j\u012f \u012f \u0161iuk\u0161liad\u0117\u017e\u0119. \u012epilk \u012f pakuot\u0119 nurodyt\u0105 kiek\u012f kar\u0161to vandens. Gerai i\u0161mai\u0161yk vis\u0105 turin\u012f. U\u017espausk pakuot\u0117s vir\u0161uje esant\u012f sandar\u0173 u\u017etrauktuk\u0105. Palauk 8 minutes ir m\u0117gaukis \u0161iltu maistu.     <\/p>\n<h3>U\u017esisakyk la\u0161i\u0161os makaronus baltojo vyno pada\u017ee jau \u0161iandien!<\/h3>\n<p>Nepraleisk progos! U\u017esisakyk \u201eTactical Foodpack\u201c la\u0161i\u0161os makaronus jau \u0161iandien ir m\u0117gaukis visaver\u010diu maistu bet kada ir bet kur. Sand\u0117lyje tur\u0117sime nuo spalio antros pus\u0117s. \u0160iuo metu galima u\u017esisakyti i\u0161 anksto.   <\/p>\n<p>Pirk dabar ir pats \u012fsitikink \u201eTactical Foodpack\u201c kokybe!<\/p>\n<h3>Per\u017ei\u016br\u0117ti visus Tactical Foodpack patiekalus<\/h3>\n<p>Nepamir\u0161k susipa\u017einti ir su kitais <a href=\"https:\/\/toidupakk.ee\/lt\/tootekategooria\/tactical-foodpack-patiekalai\/\">Tactical Foodpack \u017eygi\u0173 patiekalais<\/a>, kad rastum sau tinkam\u0105 maist\u0105 kiekvienam nuotykiui.<\/p>\n<h3>Rask \u012fkv\u0117pimo kitam nuotykiui<\/h3>\n<p>Sek mus <a href=\"https:\/\/www.instagram.com\/toidupakk\/\">Instagram<\/a> ir <a href=\"https:\/\/www.facebook.com\/Toidupakk\/\">Facebook<\/a>, kad gautum \u012fkv\u0117pimo, recept\u0173 ir naujien\u0173 apie m\u016bs\u0173 asortiment\u0105!<\/p>\n","protected":false},"excerpt":{"rendered":"<ul>\n<li>La\u0161i\u0161os makaronai baltojo vyno pada\u017ee, 132 g pakuot\u0117<\/li>\n<li>Grynasis maisto svoris 105 g (prie\u0161 ruo\u0161iant, d\u017eiovintas \u0161altyje, be skys\u010dio)<\/li>\n<li>Paruo\u0161to patiekalo svoris apie 385 g<\/li>\n<li>Paruo\u0161tas maistas \u2013 tik u\u017epilk kar\u0161tu vandeniu ir po 8 min. gal\u0117si m\u0117gautis visaver\u010diu patiekalu<\/li>\n<li>Paruo\u0161imui \u012f pakuot\u0119 \u012fpilk 280 ml kar\u0161to vandens<\/li>\n<li><span lang=\"ET\">Nat\u016brali sud\u0117tis, be konservant\u0173 ir pried\u0173<\/span><\/li>\n<li><span lang=\"ET\">Energin\u0117 vert\u0117 vienai porcijai: 2168 kJ \/ 520 kcal<\/span><\/li>\n<li>Geriausias iki: 8 metai nuo pagaminimo datos<\/li>\n<li>Pagaminta Vokietijoje<\/li>\n<li>Ideali laikymo temperat\u016bra: nuo 10 \u00b0C iki +30 \u00b0C<\/li>\n<\/ul>\n<p><strong>La\u0161i\u0161os makaron\u0173 baltojo vyno pada\u017ee sud\u0117tis:<\/strong><\/p>\n<p>Makaronai (kiet\u0173j\u0173 kvie\u010di\u0173 miltai, vanduo) (50 %), la\u0161i\u0161os fil\u0117 (15 %), grietin\u0117l\u0117 (14 %), baltasis vynas (5 %), cukriniai \u017eirneliai, kvietiniai miltai, porai, kietasis s\u016bris, druska, \u010desnakai, krapai, laimas, baltieji pipirai.<\/p>\n<p><strong>Geriausias iki:<\/strong> 8 metai nuo pagaminimo datos<\/p>\n<p>\u2705 Turime sand\u0117lyje, greitas pristatymas per 1\u20133 darbo dienas<\/p>\n","protected":false},"featured_media":46369,"comment_status":"open","ping_status":"closed","template":"","meta":{"_acf_changed":false},"product_brand":[],"product_cat":[256,204,189,231,190],"product_tag":[],"class_list":{"0":"post-46368","1":"product","2":"type-product","3":"status-publish","4":"has-post-thumbnail","6":"product_cat-pagrindiniai-patiekalai","7":"product_cat-tactical-foodpack-patiekalai","8":"product_cat-zygio-iranga","9":"product_cat-zygio-maistas","10":"product_cat-zygio-prekes","12":"first","13":"instock","14":"taxable","15":"shipping-taxable","16":"purchasable","17":"product-type-simple"},"bundled_by":[],"bundle_stock_status":"instock","bundle_stock_quantity":28,"bundle_virtual":false,"bundle_layout":"","bundle_add_to_cart_form_location":"","bundle_editable_in_cart":false,"bundle_sold_individually_context":"","bundle_item_grouping":"","bundle_min_size":"","bundle_max_size":"","bundle_price":[],"bundled_items":[],"bundle_sell_ids":[],"acf":[],"yoast_head":"<!-- This site is optimized with the Yoast SEO plugin v27.3 - https:\/\/yoast.com\/product\/yoast-seo-wordpress\/ -->\n<title>La\u0161i\u0161os makaronai baltojo vyno pada\u017ee, 105 g - Toidupakk.ee - Tactical Foodpack toidupakid<\/title>\n<meta name=\"description\" content=\"\u201eTactical Foodpack\u201c la\u0161i\u0161os makaronai baltojo vyno pada\u017ee \u2013 puikus pasirinkimas ie\u0161kantiems skanaus ir maistingo patiekalo, kur\u012f paruo\u0161i greitai ir paprastai\" \/>\n<meta name=\"robots\" content=\"index, follow, max-snippet:-1, max-image-preview:large, max-video-preview:-1\" \/>\n<link rel=\"canonical\" href=\"https:\/\/toidupakk.ee\/lt\/toode\/lasisos-makaronai-baltojo-vyno-padaze-105-g\/\" \/>\n<meta property=\"og:locale\" content=\"lt_LT\" \/>\n<meta property=\"og:type\" content=\"article\" \/>\n<meta property=\"og:title\" content=\"La\u0161i\u0161os makaronai baltojo vyno pada\u017ee, 105 g - Toidupakk.ee - Tactical Foodpack toidupakid\" \/>\n<meta property=\"og:description\" content=\"\u201eTactical Foodpack\u201c la\u0161i\u0161os makaronai baltojo vyno pada\u017ee \u2013 puikus pasirinkimas ie\u0161kantiems skanaus ir maistingo patiekalo, kur\u012f paruo\u0161i greitai ir paprastai\" \/>\n<meta property=\"og:url\" content=\"https:\/\/toidupakk.ee\/lt\/toode\/lasisos-makaronai-baltojo-vyno-padaze-105-g\/\" \/>\n<meta property=\"og:site_name\" content=\"Toidupakk.ee - Tactical Foodpack toidupakid\" \/>\n<meta property=\"article:publisher\" content=\"https:\/\/www.facebook.com\/Toidupakk\" \/>\n<meta property=\"article:modified_time\" content=\"2026-04-15T09:00:45+00:00\" \/>\n<meta property=\"og:image\" content=\"https:\/\/toidupakk.ee\/wp-content\/uploads\/2024\/09\/Lohepasta-valge-veini-kastmes-kauss.png\" \/>\n\t<meta property=\"og:image:width\" content=\"800\" \/>\n\t<meta property=\"og:image:height\" content=\"800\" \/>\n\t<meta property=\"og:image:type\" content=\"image\/png\" \/>\n<meta name=\"twitter:card\" content=\"summary_large_image\" \/>\n<meta name=\"twitter:label1\" content=\"Est. reading time\" \/>\n\t<meta name=\"twitter:data1\" content=\"3 minut\u0117s\" \/>\n<script type=\"application\/ld+json\" class=\"yoast-schema-graph\">{\"@context\":\"https:\\\/\\\/schema.org\",\"@graph\":[{\"@type\":\"WebPage\",\"@id\":\"https:\\\/\\\/toidupakk.ee\\\/lt\\\/toode\\\/lasisos-makaronai-baltojo-vyno-padaze-105-g\\\/\",\"url\":\"https:\\\/\\\/toidupakk.ee\\\/lt\\\/toode\\\/lasisos-makaronai-baltojo-vyno-padaze-105-g\\\/\",\"name\":\"La\u0161i\u0161os makaronai baltojo vyno pada\u017ee, 105 g - Toidupakk.ee - Tactical Foodpack toidupakid\",\"isPartOf\":{\"@id\":\"https:\\\/\\\/toidupakk.ee\\\/lt\\\/#website\"},\"primaryImageOfPage\":{\"@id\":\"https:\\\/\\\/toidupakk.ee\\\/lt\\\/toode\\\/lasisos-makaronai-baltojo-vyno-padaze-105-g\\\/#primaryimage\"},\"image\":{\"@id\":\"https:\\\/\\\/toidupakk.ee\\\/lt\\\/toode\\\/lasisos-makaronai-baltojo-vyno-padaze-105-g\\\/#primaryimage\"},\"thumbnailUrl\":\"https:\\\/\\\/toidupakk.ee\\\/wp-content\\\/uploads\\\/2024\\\/09\\\/Lohepasta-valge-veini-kastmes-kauss.png\",\"datePublished\":\"2024-09-19T11:48:37+00:00\",\"dateModified\":\"2026-04-15T09:00:45+00:00\",\"description\":\"\u201eTactical Foodpack\u201c la\u0161i\u0161os makaronai baltojo vyno pada\u017ee \u2013 puikus pasirinkimas ie\u0161kantiems skanaus ir maistingo patiekalo, kur\u012f paruo\u0161i greitai ir paprastai\",\"breadcrumb\":{\"@id\":\"https:\\\/\\\/toidupakk.ee\\\/lt\\\/toode\\\/lasisos-makaronai-baltojo-vyno-padaze-105-g\\\/#breadcrumb\"},\"inLanguage\":\"lt-LT\",\"potentialAction\":[{\"@type\":\"ReadAction\",\"target\":[\"https:\\\/\\\/toidupakk.ee\\\/lt\\\/toode\\\/lasisos-makaronai-baltojo-vyno-padaze-105-g\\\/\"]}]},{\"@type\":\"ImageObject\",\"inLanguage\":\"lt-LT\",\"@id\":\"https:\\\/\\\/toidupakk.ee\\\/lt\\\/toode\\\/lasisos-makaronai-baltojo-vyno-padaze-105-g\\\/#primaryimage\",\"url\":\"https:\\\/\\\/toidupakk.ee\\\/wp-content\\\/uploads\\\/2024\\\/09\\\/Lohepasta-valge-veini-kastmes-kauss.png\",\"contentUrl\":\"https:\\\/\\\/toidupakk.ee\\\/wp-content\\\/uploads\\\/2024\\\/09\\\/Lohepasta-valge-veini-kastmes-kauss.png\",\"width\":800,\"height\":800},{\"@type\":\"BreadcrumbList\",\"@id\":\"https:\\\/\\\/toidupakk.ee\\\/lt\\\/toode\\\/lasisos-makaronai-baltojo-vyno-padaze-105-g\\\/#breadcrumb\",\"itemListElement\":[{\"@type\":\"ListItem\",\"position\":1,\"name\":\"Avaleht\",\"item\":\"https:\\\/\\\/toidupakk.ee\\\/lt\\\/\"},{\"@type\":\"ListItem\",\"position\":2,\"name\":\"El. parduotuv\u0117\",\"item\":\"https:\\\/\\\/toidupakk.ee\\\/lt\\\/el-parduotuve\\\/\"},{\"@type\":\"ListItem\",\"position\":3,\"name\":\"La\u0161i\u0161os makaronai baltojo vyno pada\u017ee, 105 g\"}]},{\"@type\":\"WebSite\",\"@id\":\"https:\\\/\\\/toidupakk.ee\\\/lt\\\/#website\",\"url\":\"https:\\\/\\\/toidupakk.ee\\\/lt\\\/\",\"name\":\"Toidupakk.ee - Tactical Foodpack toidupakid\",\"description\":\"Tactical Foodpack k\u00fclmkuivatatud toidupakid ja matkaeined\",\"publisher\":{\"@id\":\"https:\\\/\\\/toidupakk.ee\\\/lt\\\/#organization\"},\"potentialAction\":[{\"@type\":\"SearchAction\",\"target\":{\"@type\":\"EntryPoint\",\"urlTemplate\":\"https:\\\/\\\/toidupakk.ee\\\/lt\\\/?s={search_term_string}\"},\"query-input\":{\"@type\":\"PropertyValueSpecification\",\"valueRequired\":true,\"valueName\":\"search_term_string\"}}],\"inLanguage\":\"lt-LT\"},{\"@type\":\"Organization\",\"@id\":\"https:\\\/\\\/toidupakk.ee\\\/lt\\\/#organization\",\"name\":\"Tactical Foodpack matkaeined\",\"url\":\"https:\\\/\\\/toidupakk.ee\\\/lt\\\/\",\"logo\":{\"@type\":\"ImageObject\",\"inLanguage\":\"lt-LT\",\"@id\":\"https:\\\/\\\/toidupakk.ee\\\/lt\\\/#\\\/schema\\\/logo\\\/image\\\/\",\"url\":\"https:\\\/\\\/toidupakk.ee\\\/wp-content\\\/uploads\\\/2022\\\/01\\\/Toidupakk-matkapood-logo-transparent.png\",\"contentUrl\":\"https:\\\/\\\/toidupakk.ee\\\/wp-content\\\/uploads\\\/2022\\\/01\\\/Toidupakk-matkapood-logo-transparent.png\",\"width\":500,\"height\":500,\"caption\":\"Tactical Foodpack matkaeined\"},\"image\":{\"@id\":\"https:\\\/\\\/toidupakk.ee\\\/lt\\\/#\\\/schema\\\/logo\\\/image\\\/\"},\"sameAs\":[\"https:\\\/\\\/www.facebook.com\\\/Toidupakk\",\"https:\\\/\\\/www.instagram.com\\\/toidupakk\\\/\"]}]}<\/script>\n<!-- \/ Yoast SEO plugin. -->","yoast_head_json":{"title":"La\u0161i\u0161os makaronai baltojo vyno pada\u017ee, 105 g - Toidupakk.ee - Tactical Foodpack toidupakid","description":"\u201eTactical Foodpack\u201c la\u0161i\u0161os makaronai baltojo vyno pada\u017ee \u2013 puikus pasirinkimas ie\u0161kantiems skanaus ir maistingo patiekalo, kur\u012f paruo\u0161i greitai ir paprastai","robots":{"index":"index","follow":"follow","max-snippet":"max-snippet:-1","max-image-preview":"max-image-preview:large","max-video-preview":"max-video-preview:-1"},"canonical":"https:\/\/toidupakk.ee\/lt\/toode\/lasisos-makaronai-baltojo-vyno-padaze-105-g\/","og_locale":"lt_LT","og_type":"article","og_title":"La\u0161i\u0161os makaronai baltojo vyno pada\u017ee, 105 g - Toidupakk.ee - Tactical Foodpack toidupakid","og_description":"\u201eTactical Foodpack\u201c la\u0161i\u0161os makaronai baltojo vyno pada\u017ee \u2013 puikus pasirinkimas ie\u0161kantiems skanaus ir maistingo patiekalo, kur\u012f paruo\u0161i greitai ir paprastai","og_url":"https:\/\/toidupakk.ee\/lt\/toode\/lasisos-makaronai-baltojo-vyno-padaze-105-g\/","og_site_name":"Toidupakk.ee - Tactical Foodpack toidupakid","article_publisher":"https:\/\/www.facebook.com\/Toidupakk","article_modified_time":"2026-04-15T09:00:45+00:00","og_image":[{"width":800,"height":800,"url":"https:\/\/toidupakk.ee\/wp-content\/uploads\/2024\/09\/Lohepasta-valge-veini-kastmes-kauss.png","type":"image\/png"}],"twitter_card":"summary_large_image","twitter_misc":{"Est. reading time":"3 minut\u0117s"},"schema":{"@context":"https:\/\/schema.org","@graph":[{"@type":"WebPage","@id":"https:\/\/toidupakk.ee\/lt\/toode\/lasisos-makaronai-baltojo-vyno-padaze-105-g\/","url":"https:\/\/toidupakk.ee\/lt\/toode\/lasisos-makaronai-baltojo-vyno-padaze-105-g\/","name":"La\u0161i\u0161os makaronai baltojo vyno pada\u017ee, 105 g - Toidupakk.ee - Tactical Foodpack toidupakid","isPartOf":{"@id":"https:\/\/toidupakk.ee\/lt\/#website"},"primaryImageOfPage":{"@id":"https:\/\/toidupakk.ee\/lt\/toode\/lasisos-makaronai-baltojo-vyno-padaze-105-g\/#primaryimage"},"image":{"@id":"https:\/\/toidupakk.ee\/lt\/toode\/lasisos-makaronai-baltojo-vyno-padaze-105-g\/#primaryimage"},"thumbnailUrl":"https:\/\/toidupakk.ee\/wp-content\/uploads\/2024\/09\/Lohepasta-valge-veini-kastmes-kauss.png","datePublished":"2024-09-19T11:48:37+00:00","dateModified":"2026-04-15T09:00:45+00:00","description":"\u201eTactical Foodpack\u201c la\u0161i\u0161os makaronai baltojo vyno pada\u017ee \u2013 puikus pasirinkimas ie\u0161kantiems skanaus ir maistingo patiekalo, kur\u012f paruo\u0161i greitai ir paprastai","breadcrumb":{"@id":"https:\/\/toidupakk.ee\/lt\/toode\/lasisos-makaronai-baltojo-vyno-padaze-105-g\/#breadcrumb"},"inLanguage":"lt-LT","potentialAction":[{"@type":"ReadAction","target":["https:\/\/toidupakk.ee\/lt\/toode\/lasisos-makaronai-baltojo-vyno-padaze-105-g\/"]}]},{"@type":"ImageObject","inLanguage":"lt-LT","@id":"https:\/\/toidupakk.ee\/lt\/toode\/lasisos-makaronai-baltojo-vyno-padaze-105-g\/#primaryimage","url":"https:\/\/toidupakk.ee\/wp-content\/uploads\/2024\/09\/Lohepasta-valge-veini-kastmes-kauss.png","contentUrl":"https:\/\/toidupakk.ee\/wp-content\/uploads\/2024\/09\/Lohepasta-valge-veini-kastmes-kauss.png","width":800,"height":800},{"@type":"BreadcrumbList","@id":"https:\/\/toidupakk.ee\/lt\/toode\/lasisos-makaronai-baltojo-vyno-padaze-105-g\/#breadcrumb","itemListElement":[{"@type":"ListItem","position":1,"name":"Avaleht","item":"https:\/\/toidupakk.ee\/lt\/"},{"@type":"ListItem","position":2,"name":"El. parduotuv\u0117","item":"https:\/\/toidupakk.ee\/lt\/el-parduotuve\/"},{"@type":"ListItem","position":3,"name":"La\u0161i\u0161os makaronai baltojo vyno pada\u017ee, 105 g"}]},{"@type":"WebSite","@id":"https:\/\/toidupakk.ee\/lt\/#website","url":"https:\/\/toidupakk.ee\/lt\/","name":"Toidupakk.ee - Tactical Foodpack toidupakid","description":"Tactical Foodpack k\u00fclmkuivatatud toidupakid ja matkaeined","publisher":{"@id":"https:\/\/toidupakk.ee\/lt\/#organization"},"potentialAction":[{"@type":"SearchAction","target":{"@type":"EntryPoint","urlTemplate":"https:\/\/toidupakk.ee\/lt\/?s={search_term_string}"},"query-input":{"@type":"PropertyValueSpecification","valueRequired":true,"valueName":"search_term_string"}}],"inLanguage":"lt-LT"},{"@type":"Organization","@id":"https:\/\/toidupakk.ee\/lt\/#organization","name":"Tactical Foodpack matkaeined","url":"https:\/\/toidupakk.ee\/lt\/","logo":{"@type":"ImageObject","inLanguage":"lt-LT","@id":"https:\/\/toidupakk.ee\/lt\/#\/schema\/logo\/image\/","url":"https:\/\/toidupakk.ee\/wp-content\/uploads\/2022\/01\/Toidupakk-matkapood-logo-transparent.png","contentUrl":"https:\/\/toidupakk.ee\/wp-content\/uploads\/2022\/01\/Toidupakk-matkapood-logo-transparent.png","width":500,"height":500,"caption":"Tactical Foodpack matkaeined"},"image":{"@id":"https:\/\/toidupakk.ee\/lt\/#\/schema\/logo\/image\/"},"sameAs":["https:\/\/www.facebook.com\/Toidupakk","https:\/\/www.instagram.com\/toidupakk\/"]}]}},"jetpack_sharing_enabled":true,"_links":{"self":[{"href":"https:\/\/toidupakk.ee\/lt\/wp-json\/wp\/v2\/product\/46368","targetHints":{"allow":["GET"]}}],"collection":[{"href":"https:\/\/toidupakk.ee\/lt\/wp-json\/wp\/v2\/product"}],"about":[{"href":"https:\/\/toidupakk.ee\/lt\/wp-json\/wp\/v2\/types\/product"}],"replies":[{"embeddable":true,"href":"https:\/\/toidupakk.ee\/lt\/wp-json\/wp\/v2\/comments?post=46368"}],"wp:featuredmedia":[{"embeddable":true,"href":"https:\/\/toidupakk.ee\/lt\/wp-json\/wp\/v2\/media\/46369"}],"wp:attachment":[{"href":"https:\/\/toidupakk.ee\/lt\/wp-json\/wp\/v2\/media?parent=46368"}],"wp:term":[{"taxonomy":"product_brand","embeddable":true,"href":"https:\/\/toidupakk.ee\/lt\/wp-json\/wp\/v2\/product_brand?post=46368"},{"taxonomy":"product_cat","embeddable":true,"href":"https:\/\/toidupakk.ee\/lt\/wp-json\/wp\/v2\/product_cat?post=46368"},{"taxonomy":"product_tag","embeddable":true,"href":"https:\/\/toidupakk.ee\/lt\/wp-json\/wp\/v2\/product_tag?post=46368"}],"curies":[{"name":"wp","href":"https:\/\/api.w.org\/{rel}","templated":true}]}}