{"id":46362,"date":"2024-09-19T13:28:19","date_gmt":"2024-09-19T10:28:19","guid":{"rendered":"https:\/\/toidupakk.ee\/toode\/bulviu-kose-su-vistiena\/"},"modified":"2026-04-29T16:32:07","modified_gmt":"2026-04-29T13:32:07","slug":"bulviu-kose-su-vistiena","status":"publish","type":"product","link":"https:\/\/toidupakk.ee\/lt\/toode\/bulviu-kose-su-vistiena\/","title":{"rendered":"Bulvi\u0173 ko\u0161\u0117 su vi\u0161tiena"},"content":{"rendered":"<p><img fetchpriority=\"high\" decoding=\"async\" class=\"wp-image-27116 size-thumbnail alignright\" src=\"https:\/\/toidupakk.ee\/wp-content\/uploads\/2024\/09\/Kartulipuder-kanaga-Tactical-Foodpack-pakend-500x500.png\" alt=\"\" width=\"500\" height=\"500\" srcset=\"https:\/\/toidupakk.ee\/wp-content\/uploads\/2024\/09\/Kartulipuder-kanaga-Tactical-Foodpack-pakend-500x500.png 500w, https:\/\/toidupakk.ee\/wp-content\/uploads\/2024\/09\/Kartulipuder-kanaga-Tactical-Foodpack-pakend-400x400.png 400w, https:\/\/toidupakk.ee\/wp-content\/uploads\/2024\/09\/Kartulipuder-kanaga-Tactical-Foodpack-pakend-100x100.png 100w, https:\/\/toidupakk.ee\/wp-content\/uploads\/2024\/09\/Kartulipuder-kanaga-Tactical-Foodpack-pakend-300x300.png 300w, https:\/\/toidupakk.ee\/wp-content\/uploads\/2024\/09\/Kartulipuder-kanaga-Tactical-Foodpack-pakend-768x768.png 768w, https:\/\/toidupakk.ee\/wp-content\/uploads\/2024\/09\/Kartulipuder-kanaga-Tactical-Foodpack-pakend.png 800w\" sizes=\"(max-width: 500px) 100vw, 500px\" \/><\/p>\n<p><strong>Bulvi\u0173 ko\u0161\u0117 su vi\u0161tiena \u201eTactical Foodpack\u201c<\/strong><\/p>\n<p>\u201eTactical Foodpack\u201c bulvi\u0173 ko\u0161\u0117 su vi\u0161tiena (142 g) yra idealus pasirinkimas ie\u0161kantiems skanaus ir maistingo maisto. \u0160\u012f \u0161altyje d\u017eiovint\u0105 (sublimuot\u0105) patiekal\u0105 lengva paruo\u0161ti, jis puikiai tinka \u017eygiams, nuotykiams ar greitiems pietums namuose. <\/p>\n<h3>Kod\u0117l verta rinktis bulvi\u0173 ko\u0161\u0119 su vi\u0161tiena?<\/h3>\n<p>Tai daugiau nei tik maistas \u2013 tai patogus ir sotus pasirinkimas. \u201eTactical Foodpack\u201c patiekalai, \u012fskaitant \u0161i\u0105 bulvi\u0173 ko\u0161\u0119, sukurti u\u017etikrinti didel\u0119 maistin\u0119 vert\u0119 ir suteikti energijos net sud\u0117tingiausiomis s\u0105lygomis. \u0160tai kelios prie\u017eastys, kod\u0117l \u0161is produktas tur\u0117t\u0173 b\u016bti tavo kitas pasirinkimas:  <\/p>\n<ul>\n<li><strong>Lengva paruo\u0161ti:<\/strong> tiesiog \u012fpilk 380 ml kar\u0161to vandens ir palauk 8 minutes. Greitas ir patogus sprendimas be jokio sud\u0117tingo gaminimo. <\/li>\n<li><strong>Daug energijos:<\/strong> viena porcija turi 2103 kJ (506 kcal), kad i\u0161liktum energingas vis\u0105 dien\u0105.<\/li>\n<li><strong>Nat\u016brali sud\u0117tis:<\/strong> joki\u0173 konservant\u0173 ar dirbtini\u0173 pried\u0173 \u2013 tik geriausi ingredientai skaniam ir sveikam maistui.<\/li>\n<li><strong>Ilgas galiojimo laikas:<\/strong> geriausia iki 8 met\u0173 nuo pagaminimo datos, tod\u0117l puikiai tinka atsargoms ar nenumatytoms situacijoms.<\/li>\n<li><strong>Pagaminta Vokietijoje:<\/strong> auk\u0161ta gamybos kokyb\u0117 u\u017etikrina, kad kiekvienas patiekalas atitikt\u0173 grie\u017e\u010diausius standartus ir i\u0161laikyt\u0173 skon\u012f b\u0117gant metams.<\/li>\n<\/ul>\n<h3>Produkto apra\u0161ymas: kuo ypatinga \u0161i bulvi\u0173 ko\u0161\u0117 su vi\u0161tiena?<\/h3>\n<p>Bulvi\u0173 ko\u0161\u0117 su vi\u0161tiena pagaminta i\u0161 kruop\u0161\u010diai atrinkt\u0173 ingredient\u0173, u\u017etikrinant puik\u0173 skon\u012f ir maistin\u0119 vert\u0119. Kiekvienoje pakuot\u0117je yra: <\/p>\n<ul>\n<li><strong>Bulv\u0117s (66 %)<\/strong><\/li>\n<li><strong>Vi\u0161tiena (20 %)<\/strong><\/li>\n<li><strong>Pienas, svog\u016bnai, morkos, sviestas, raps\u0173 aliejus, joduota druska, petra\u017eol\u0117s<\/strong><\/li>\n<\/ul>\n<h3>\u0160al\u010diu d\u017eiovinto maisto privalumai<\/h3>\n<p>D\u017eiovinimas \u0161altyje (sublimacija) \u2013 tai procesas, kuris i\u0161saugo maisto \u0161vie\u017eum\u0105, tekst\u016br\u0105 ir maistin\u0119 vert\u0119, pa\u0161alinant vanden\u012f \u017eemoje temperat\u016broje. Tai rei\u0161kia, kad visi \u201eTactical Foodpack\u201c patiekalai, \u012fskaitant bulvi\u0173 ko\u0161\u0119 su vi\u0161tiena, yra lengvi, kompakti\u0161ki ir ilgai galiojantys, ta\u010diau i\u0161laiko visus svarbius vitaminus bei mineralus. <\/p>\n<h3>Kam skirtas \u0161is patiekalas?<\/h3>\n<ul>\n<li><strong>\u017dygeiviams ir stovyklautojams:<\/strong> d\u0117l lengvo paruo\u0161imo ir ma\u017eo svorio tai puikus pasirinkimas \u017eygi\u0173 maistui.<\/li>\n<li><strong>Nuotyki\u0173 ie\u0161kotojams ir i\u0161gyvenimo entuziastams:<\/strong> ilgas galiojimo laikas ir didel\u0117 energin\u0117 vert\u0117 idealiai tinka i\u0161gyvenimo situacijoms ir ilgoms kelion\u0117ms.<\/li>\n<li><strong>Greitiems pietums namuose:<\/strong> jei tr\u016bksta laiko, bet nori sveiko ir skanaus maisto, \u0161i bulvi\u0173 ko\u0161\u0117 yra idealus sprendimas.<\/li>\n<\/ul>\n<h3>Produkto informacija ir laikymo s\u0105lygos<\/h3>\n<p>Bulvi\u0173 ko\u0161\u0117 su vi\u0161tiena tiekiama 142 g pakuot\u0117je, kuri u\u017etikrina optimal\u0173 kiek\u012f vienam asmeniui. Ideali laikymo temperat\u016bra yra nuo 10 \u00b0C iki +30 \u00b0C. D\u0117l sublimacijos produktas yra patvarus ir lengvai transportuojamas, tod\u0117l tinka tiek laikyti namuose, tiek \u012fsid\u0117ti \u012f \u017eygio kuprin\u0119.  <\/p>\n<p><img decoding=\"async\" class=\"alignnone size-full wp-image-676\" src=\"https:\/\/toidupakk.ee\/wp-content\/uploads\/2021\/12\/TF_logo_RGB-22-16-43-849.png\" alt=\"Tactical Foodpack \u017ealiasis logotipas\" width=\"238\" height=\"100\"><\/p>\n<h3>Tactical Foodpack patiekalai \u2013 kaip naudoti<\/h3>\n<p>Atidaryk pakuot\u0119 vir\u0161uje nurodytoje vietoje. I\u0161imk pakuot\u0117s viduje esant\u012f deguonies absorbatori\u0173 (ma\u017e\u0105 paket\u0117l\u012f) ir i\u0161mesk j\u012f \u012f \u0161iuk\u0161liad\u0117\u017e\u0119. \u012epilk \u012f pakuot\u0119 nurodyt\u0105 kiek\u012f kar\u0161to vandens. Gerai i\u0161mai\u0161yk vis\u0105 turin\u012f. U\u017espausk pakuot\u0119 vir\u0161uje esan\u010diu \u201egrip\u201c u\u017eraktu. Palauk 8 minutes ir m\u0117gaukis \u0161iltu maistu.     <\/p>\n<h3>U\u017esisakyk bulvi\u0173 ko\u0161\u0119 su vi\u0161tiena jau \u0161iandien!<\/h3>\n<p>Nepraleisk progos! U\u017esisakyk \u201eTactical Foodpack\u201c bulvi\u0173 ko\u0161\u0119 su vi\u0161tiena jau \u0161iandien ir m\u0117gaukis visaver\u010diu maistu bet kada ir bet kur. Sand\u0117l\u012f pasieks nuo spalio antros pus\u0117s. \u0160iuo metu galima u\u017esisakyti i\u0161 anksto.   <\/p>\n<p>Pirk dabar ir i\u0161bandyk \u201eTactical Foodpack\u201c kokyb\u0119 pats!<\/p>\n<hr>\n<p>Per\u017ei\u016br\u0117ti visus <a href=\"https:\/\/toidupakk.ee\/lt\/tootekategooria\/tactical-foodpack-patiekalai\/\">\u201eTactical Foodpack\u201c patiekalus<\/a><\/p>\n<p>Pasisemk \u012fkv\u0117pimo kitiems nuotykiams \u201eToidupakk\u201c <a href=\"https:\/\/www.instagram.com\/toidupakk\/\">Instagram<\/a> ir <a href=\"https:\/\/www.facebook.com\/Toidupakk\/\">Facebook<\/a> paskyrose.<\/p>\n","protected":false},"excerpt":{"rendered":"<p><strong>Tradicin\u0117 bulvi\u0173 ko\u0161\u0117 su vi\u0161tiena pakuot\u0117je.<\/strong><\/p>\n<p><strong> Dabar galima ir DIDEL\u0116 porcija, nes tai tiesiog labai skanu.<\/strong><\/p>\n<ul>\n<li>Grynasis maisto svoris 115 g \/ DIDEL\u0116 porcija 160 g (prie\u0161 paruo\u0161im\u0105, d\u017eiovinta \u0161altyje, be skys\u010dio)<\/li>\n<li>Paruo\u0161to patiekalo svoris apie 495 g \/ DIDEL\u0116 porcija 660 g<\/li>\n<li>Paruo\u0161tas maistas \u2013 tik u\u017epilk kar\u0161tu vandeniu ir po 8 min. gal\u0117si m\u0117gautis visaver\u010diu patiekalu<\/li>\n<li>Paruo\u0161imui \u012f pakuot\u0119 \u012fpilk 380 ml kar\u0161to vandens<\/li>\n<li><span lang=\"ET\">Nat\u016brali sud\u0117tis, be konservant\u0173 ir pried\u0173<\/span><\/li>\n<li><span lang=\"ET\">Energin\u0117 vert\u0117 porcijoje yra 2103 kJ \/ 506 kcal, DIDEL\u0116JE porcijoje \u2013 2926 kJ \/ 704 kcal<\/span><\/li>\n<li>Geriausia iki: 8 metai nuo pagaminimo datos<\/li>\n<li>Pagaminta Vokietijoje pagal esti\u0161k\u0105 recept\u0105<\/li>\n<li>Ideali laikymo temperat\u016bra: nuo 10 \u00b0C iki +30 \u00b0C<\/li>\n<\/ul>\n<p><strong>Bulvi\u0173 ko\u0161\u0117s su vi\u0161tiena sud\u0117tis:<\/strong><\/p>\n<p>Bulv\u0117s (66 %), vi\u0161tiena (20 %), pienas, svog\u016bnai, morkos, sviestas, raps\u0173 aliejus, joduota druska, petra\u017eol\u0117s.<\/p>\n<p><strong>Geriausia iki:<\/strong> 8 metai nuo pagaminimo datos<\/p>\n<p>\u2705 Turime sand\u0117lyje, greitas pristatymas per 1\u20133 darbo dienas<\/p>\n","protected":false},"featured_media":46363,"comment_status":"open","ping_status":"closed","template":"","meta":{"_acf_changed":false},"product_brand":[],"product_cat":[256,204,231,190],"product_tag":[265],"class_list":{"0":"post-46362","1":"product","2":"type-product","3":"status-publish","4":"has-post-thumbnail","6":"product_cat-pagrindiniai-patiekalai","7":"product_cat-tactical-foodpack-patiekalai","8":"product_cat-zygio-maistas","9":"product_cat-zygio-prekes","10":"product_tag-designed-by-defence-forces","12":"first","13":"instock","14":"taxable","15":"shipping-taxable","16":"purchasable","17":"product-type-variable","18":"has-default-attributes"},"bundled_by":[],"bundle_stock_status":"instock","bundle_stock_quantity":null,"bundle_virtual":false,"bundle_layout":"","bundle_add_to_cart_form_location":"","bundle_editable_in_cart":false,"bundle_sold_individually_context":"","bundle_item_grouping":"","bundle_min_size":"","bundle_max_size":"","bundle_price":[],"bundled_items":[],"bundle_sell_ids":[],"acf":[],"yoast_head":"<!-- This site is optimized with the Yoast SEO plugin v27.3 - https:\/\/yoast.com\/product\/yoast-seo-wordpress\/ -->\n<title>Bulvi\u0173 ko\u0161\u0117 su vi\u0161tiena - Toidupakk.ee - Tactical Foodpack toidupakid<\/title>\n<meta name=\"description\" content=\"\u201eTactical Foodpack\u201c bulvi\u0173 ko\u0161\u0117 su vi\u0161tiena yra idealus sprendimas ie\u0161kantiems skanaus patiekalo, kur\u012f lengva paruo\u0161ti ir malonu m\u0117gautis.\" \/>\n<meta name=\"robots\" content=\"index, follow, max-snippet:-1, max-image-preview:large, max-video-preview:-1\" \/>\n<link rel=\"canonical\" href=\"https:\/\/toidupakk.ee\/lt\/toode\/bulviu-kose-su-vistiena\/\" \/>\n<meta property=\"og:locale\" content=\"lt_LT\" \/>\n<meta property=\"og:type\" content=\"article\" \/>\n<meta property=\"og:title\" content=\"Bulvi\u0173 ko\u0161\u0117 su vi\u0161tiena - Toidupakk.ee - Tactical Foodpack toidupakid\" \/>\n<meta property=\"og:description\" content=\"\u201eTactical Foodpack\u201c bulvi\u0173 ko\u0161\u0117 su vi\u0161tiena yra idealus sprendimas ie\u0161kantiems skanaus patiekalo, kur\u012f lengva paruo\u0161ti ir malonu m\u0117gautis.\" \/>\n<meta property=\"og:url\" content=\"https:\/\/toidupakk.ee\/lt\/toode\/bulviu-kose-su-vistiena\/\" \/>\n<meta property=\"og:site_name\" content=\"Toidupakk.ee - Tactical Foodpack toidupakid\" \/>\n<meta property=\"article:publisher\" content=\"https:\/\/www.facebook.com\/Toidupakk\" \/>\n<meta property=\"article:modified_time\" content=\"2026-04-29T13:32:07+00:00\" \/>\n<meta property=\"og:image\" content=\"https:\/\/toidupakk.ee\/wp-content\/uploads\/2024\/09\/Kartulipuder-kanaga-kauss.png\" \/>\n\t<meta property=\"og:image:width\" content=\"800\" \/>\n\t<meta property=\"og:image:height\" content=\"800\" \/>\n\t<meta property=\"og:image:type\" content=\"image\/png\" \/>\n<meta name=\"twitter:card\" content=\"summary_large_image\" \/>\n<meta name=\"twitter:label1\" content=\"Est. reading time\" \/>\n\t<meta name=\"twitter:data1\" content=\"3 minut\u0117s\" \/>\n<script type=\"application\/ld+json\" class=\"yoast-schema-graph\">{\"@context\":\"https:\\\/\\\/schema.org\",\"@graph\":[{\"@type\":\"WebPage\",\"@id\":\"https:\\\/\\\/toidupakk.ee\\\/lt\\\/toode\\\/bulviu-kose-su-vistiena\\\/\",\"url\":\"https:\\\/\\\/toidupakk.ee\\\/lt\\\/toode\\\/bulviu-kose-su-vistiena\\\/\",\"name\":\"Bulvi\u0173 ko\u0161\u0117 su vi\u0161tiena - Toidupakk.ee - Tactical Foodpack toidupakid\",\"isPartOf\":{\"@id\":\"https:\\\/\\\/toidupakk.ee\\\/lt\\\/#website\"},\"primaryImageOfPage\":{\"@id\":\"https:\\\/\\\/toidupakk.ee\\\/lt\\\/toode\\\/bulviu-kose-su-vistiena\\\/#primaryimage\"},\"image\":{\"@id\":\"https:\\\/\\\/toidupakk.ee\\\/lt\\\/toode\\\/bulviu-kose-su-vistiena\\\/#primaryimage\"},\"thumbnailUrl\":\"https:\\\/\\\/toidupakk.ee\\\/wp-content\\\/uploads\\\/2024\\\/09\\\/Kartulipuder-kanaga-kauss.png\",\"datePublished\":\"2024-09-19T10:28:19+00:00\",\"dateModified\":\"2026-04-29T13:32:07+00:00\",\"description\":\"\u201eTactical Foodpack\u201c bulvi\u0173 ko\u0161\u0117 su vi\u0161tiena yra idealus sprendimas ie\u0161kantiems skanaus patiekalo, kur\u012f lengva paruo\u0161ti ir malonu m\u0117gautis.\",\"breadcrumb\":{\"@id\":\"https:\\\/\\\/toidupakk.ee\\\/lt\\\/toode\\\/bulviu-kose-su-vistiena\\\/#breadcrumb\"},\"inLanguage\":\"lt-LT\",\"potentialAction\":[{\"@type\":\"ReadAction\",\"target\":[\"https:\\\/\\\/toidupakk.ee\\\/lt\\\/toode\\\/bulviu-kose-su-vistiena\\\/\"]}]},{\"@type\":\"ImageObject\",\"inLanguage\":\"lt-LT\",\"@id\":\"https:\\\/\\\/toidupakk.ee\\\/lt\\\/toode\\\/bulviu-kose-su-vistiena\\\/#primaryimage\",\"url\":\"https:\\\/\\\/toidupakk.ee\\\/wp-content\\\/uploads\\\/2024\\\/09\\\/Kartulipuder-kanaga-kauss.png\",\"contentUrl\":\"https:\\\/\\\/toidupakk.ee\\\/wp-content\\\/uploads\\\/2024\\\/09\\\/Kartulipuder-kanaga-kauss.png\",\"width\":800,\"height\":800,\"caption\":\"\u201eTactical Foodpack\u201c bulvi\u0173 ko\u0161\u0117 su vi\u0161tiena, paruo\u0161tas maistas\"},{\"@type\":\"BreadcrumbList\",\"@id\":\"https:\\\/\\\/toidupakk.ee\\\/lt\\\/toode\\\/bulviu-kose-su-vistiena\\\/#breadcrumb\",\"itemListElement\":[{\"@type\":\"ListItem\",\"position\":1,\"name\":\"Avaleht\",\"item\":\"https:\\\/\\\/toidupakk.ee\\\/lt\\\/\"},{\"@type\":\"ListItem\",\"position\":2,\"name\":\"El. parduotuv\u0117\",\"item\":\"https:\\\/\\\/toidupakk.ee\\\/lt\\\/el-parduotuve\\\/\"},{\"@type\":\"ListItem\",\"position\":3,\"name\":\"Bulvi\u0173 ko\u0161\u0117 su vi\u0161tiena\"}]},{\"@type\":\"WebSite\",\"@id\":\"https:\\\/\\\/toidupakk.ee\\\/lt\\\/#website\",\"url\":\"https:\\\/\\\/toidupakk.ee\\\/lt\\\/\",\"name\":\"Toidupakk.ee - Tactical Foodpack toidupakid\",\"description\":\"Tactical Foodpack k\u00fclmkuivatatud toidupakid ja matkaeined\",\"publisher\":{\"@id\":\"https:\\\/\\\/toidupakk.ee\\\/lt\\\/#organization\"},\"potentialAction\":[{\"@type\":\"SearchAction\",\"target\":{\"@type\":\"EntryPoint\",\"urlTemplate\":\"https:\\\/\\\/toidupakk.ee\\\/lt\\\/?s={search_term_string}\"},\"query-input\":{\"@type\":\"PropertyValueSpecification\",\"valueRequired\":true,\"valueName\":\"search_term_string\"}}],\"inLanguage\":\"lt-LT\"},{\"@type\":\"Organization\",\"@id\":\"https:\\\/\\\/toidupakk.ee\\\/lt\\\/#organization\",\"name\":\"Tactical Foodpack matkaeined\",\"url\":\"https:\\\/\\\/toidupakk.ee\\\/lt\\\/\",\"logo\":{\"@type\":\"ImageObject\",\"inLanguage\":\"lt-LT\",\"@id\":\"https:\\\/\\\/toidupakk.ee\\\/lt\\\/#\\\/schema\\\/logo\\\/image\\\/\",\"url\":\"https:\\\/\\\/toidupakk.ee\\\/wp-content\\\/uploads\\\/2022\\\/01\\\/Toidupakk-matkapood-logo-transparent.png\",\"contentUrl\":\"https:\\\/\\\/toidupakk.ee\\\/wp-content\\\/uploads\\\/2022\\\/01\\\/Toidupakk-matkapood-logo-transparent.png\",\"width\":500,\"height\":500,\"caption\":\"Tactical Foodpack matkaeined\"},\"image\":{\"@id\":\"https:\\\/\\\/toidupakk.ee\\\/lt\\\/#\\\/schema\\\/logo\\\/image\\\/\"},\"sameAs\":[\"https:\\\/\\\/www.facebook.com\\\/Toidupakk\",\"https:\\\/\\\/www.instagram.com\\\/toidupakk\\\/\"]}]}<\/script>\n<!-- \/ Yoast SEO plugin. -->","yoast_head_json":{"title":"Bulvi\u0173 ko\u0161\u0117 su vi\u0161tiena - Toidupakk.ee - Tactical Foodpack toidupakid","description":"\u201eTactical Foodpack\u201c bulvi\u0173 ko\u0161\u0117 su vi\u0161tiena yra idealus sprendimas ie\u0161kantiems skanaus patiekalo, kur\u012f lengva paruo\u0161ti ir malonu m\u0117gautis.","robots":{"index":"index","follow":"follow","max-snippet":"max-snippet:-1","max-image-preview":"max-image-preview:large","max-video-preview":"max-video-preview:-1"},"canonical":"https:\/\/toidupakk.ee\/lt\/toode\/bulviu-kose-su-vistiena\/","og_locale":"lt_LT","og_type":"article","og_title":"Bulvi\u0173 ko\u0161\u0117 su vi\u0161tiena - Toidupakk.ee - Tactical Foodpack toidupakid","og_description":"\u201eTactical Foodpack\u201c bulvi\u0173 ko\u0161\u0117 su vi\u0161tiena yra idealus sprendimas ie\u0161kantiems skanaus patiekalo, kur\u012f lengva paruo\u0161ti ir malonu m\u0117gautis.","og_url":"https:\/\/toidupakk.ee\/lt\/toode\/bulviu-kose-su-vistiena\/","og_site_name":"Toidupakk.ee - Tactical Foodpack toidupakid","article_publisher":"https:\/\/www.facebook.com\/Toidupakk","article_modified_time":"2026-04-29T13:32:07+00:00","og_image":[{"width":800,"height":800,"url":"https:\/\/toidupakk.ee\/wp-content\/uploads\/2024\/09\/Kartulipuder-kanaga-kauss.png","type":"image\/png"}],"twitter_card":"summary_large_image","twitter_misc":{"Est. reading time":"3 minut\u0117s"},"schema":{"@context":"https:\/\/schema.org","@graph":[{"@type":"WebPage","@id":"https:\/\/toidupakk.ee\/lt\/toode\/bulviu-kose-su-vistiena\/","url":"https:\/\/toidupakk.ee\/lt\/toode\/bulviu-kose-su-vistiena\/","name":"Bulvi\u0173 ko\u0161\u0117 su vi\u0161tiena - Toidupakk.ee - Tactical Foodpack toidupakid","isPartOf":{"@id":"https:\/\/toidupakk.ee\/lt\/#website"},"primaryImageOfPage":{"@id":"https:\/\/toidupakk.ee\/lt\/toode\/bulviu-kose-su-vistiena\/#primaryimage"},"image":{"@id":"https:\/\/toidupakk.ee\/lt\/toode\/bulviu-kose-su-vistiena\/#primaryimage"},"thumbnailUrl":"https:\/\/toidupakk.ee\/wp-content\/uploads\/2024\/09\/Kartulipuder-kanaga-kauss.png","datePublished":"2024-09-19T10:28:19+00:00","dateModified":"2026-04-29T13:32:07+00:00","description":"\u201eTactical Foodpack\u201c bulvi\u0173 ko\u0161\u0117 su vi\u0161tiena yra idealus sprendimas ie\u0161kantiems skanaus patiekalo, kur\u012f lengva paruo\u0161ti ir malonu m\u0117gautis.","breadcrumb":{"@id":"https:\/\/toidupakk.ee\/lt\/toode\/bulviu-kose-su-vistiena\/#breadcrumb"},"inLanguage":"lt-LT","potentialAction":[{"@type":"ReadAction","target":["https:\/\/toidupakk.ee\/lt\/toode\/bulviu-kose-su-vistiena\/"]}]},{"@type":"ImageObject","inLanguage":"lt-LT","@id":"https:\/\/toidupakk.ee\/lt\/toode\/bulviu-kose-su-vistiena\/#primaryimage","url":"https:\/\/toidupakk.ee\/wp-content\/uploads\/2024\/09\/Kartulipuder-kanaga-kauss.png","contentUrl":"https:\/\/toidupakk.ee\/wp-content\/uploads\/2024\/09\/Kartulipuder-kanaga-kauss.png","width":800,"height":800,"caption":"\u201eTactical Foodpack\u201c bulvi\u0173 ko\u0161\u0117 su vi\u0161tiena, paruo\u0161tas maistas"},{"@type":"BreadcrumbList","@id":"https:\/\/toidupakk.ee\/lt\/toode\/bulviu-kose-su-vistiena\/#breadcrumb","itemListElement":[{"@type":"ListItem","position":1,"name":"Avaleht","item":"https:\/\/toidupakk.ee\/lt\/"},{"@type":"ListItem","position":2,"name":"El. parduotuv\u0117","item":"https:\/\/toidupakk.ee\/lt\/el-parduotuve\/"},{"@type":"ListItem","position":3,"name":"Bulvi\u0173 ko\u0161\u0117 su vi\u0161tiena"}]},{"@type":"WebSite","@id":"https:\/\/toidupakk.ee\/lt\/#website","url":"https:\/\/toidupakk.ee\/lt\/","name":"Toidupakk.ee - Tactical Foodpack toidupakid","description":"Tactical Foodpack k\u00fclmkuivatatud toidupakid ja matkaeined","publisher":{"@id":"https:\/\/toidupakk.ee\/lt\/#organization"},"potentialAction":[{"@type":"SearchAction","target":{"@type":"EntryPoint","urlTemplate":"https:\/\/toidupakk.ee\/lt\/?s={search_term_string}"},"query-input":{"@type":"PropertyValueSpecification","valueRequired":true,"valueName":"search_term_string"}}],"inLanguage":"lt-LT"},{"@type":"Organization","@id":"https:\/\/toidupakk.ee\/lt\/#organization","name":"Tactical Foodpack matkaeined","url":"https:\/\/toidupakk.ee\/lt\/","logo":{"@type":"ImageObject","inLanguage":"lt-LT","@id":"https:\/\/toidupakk.ee\/lt\/#\/schema\/logo\/image\/","url":"https:\/\/toidupakk.ee\/wp-content\/uploads\/2022\/01\/Toidupakk-matkapood-logo-transparent.png","contentUrl":"https:\/\/toidupakk.ee\/wp-content\/uploads\/2022\/01\/Toidupakk-matkapood-logo-transparent.png","width":500,"height":500,"caption":"Tactical Foodpack matkaeined"},"image":{"@id":"https:\/\/toidupakk.ee\/lt\/#\/schema\/logo\/image\/"},"sameAs":["https:\/\/www.facebook.com\/Toidupakk","https:\/\/www.instagram.com\/toidupakk\/"]}]}},"jetpack_sharing_enabled":true,"_links":{"self":[{"href":"https:\/\/toidupakk.ee\/lt\/wp-json\/wp\/v2\/product\/46362","targetHints":{"allow":["GET"]}}],"collection":[{"href":"https:\/\/toidupakk.ee\/lt\/wp-json\/wp\/v2\/product"}],"about":[{"href":"https:\/\/toidupakk.ee\/lt\/wp-json\/wp\/v2\/types\/product"}],"replies":[{"embeddable":true,"href":"https:\/\/toidupakk.ee\/lt\/wp-json\/wp\/v2\/comments?post=46362"}],"wp:featuredmedia":[{"embeddable":true,"href":"https:\/\/toidupakk.ee\/lt\/wp-json\/wp\/v2\/media\/46363"}],"wp:attachment":[{"href":"https:\/\/toidupakk.ee\/lt\/wp-json\/wp\/v2\/media?parent=46362"}],"wp:term":[{"taxonomy":"product_brand","embeddable":true,"href":"https:\/\/toidupakk.ee\/lt\/wp-json\/wp\/v2\/product_brand?post=46362"},{"taxonomy":"product_cat","embeddable":true,"href":"https:\/\/toidupakk.ee\/lt\/wp-json\/wp\/v2\/product_cat?post=46362"},{"taxonomy":"product_tag","embeddable":true,"href":"https:\/\/toidupakk.ee\/lt\/wp-json\/wp\/v2\/product_tag?post=46362"}],"curies":[{"name":"wp","href":"https:\/\/api.w.org\/{rel}","templated":true}]}}