{"id":46335,"date":"2025-04-23T09:35:17","date_gmt":"2025-04-23T06:35:17","guid":{"rendered":"https:\/\/toidupakk.ee\/toode\/makaronai-su-grybais-ir-spinatais\/"},"modified":"2026-04-15T00:31:23","modified_gmt":"2026-04-14T21:31:23","slug":"makaronai-su-grybais-ir-spinatais","status":"publish","type":"product","link":"https:\/\/toidupakk.ee\/lt\/toode\/makaronai-su-grybais-ir-spinatais\/","title":{"rendered":"Makaronai su grybais ir \u0161pinatais"},"content":{"rendered":"<h2 data-start=\"157\" data-end=\"207\"><strong data-start=\"160\" data-end=\"207\">Tactical Foodpack makaronai su \u0161pinatais ir grybais<\/strong><\/h2>\n<p class=\"\" data-start=\"209\" data-end=\"609\"><strong data-start=\"209\" data-end=\"262\">Tactical Foodpack makaronai su grybais ir \u0161pinatais, 110 g<\/strong> yra kreminis, sodraus skonio ir maistingas vegetari\u0161kas patiekalas, kuriame dera kiet\u0173j\u0173 kvie\u010di\u0173 makaronai, mi\u0161ko gryb\u0173 mi\u0161inys ir \u0161vie\u017ei \u0161pinatai. \u0160is sotus ir subalansuotas patiekalas tinka m\u0117gautis gamtoje, darbe ar namuose. \u0160altyje d\u017eiovintas receptas u\u017etikrina ma\u017e\u0105 svor\u012f ir ilg\u0105 galiojimo laik\u0105, tod\u0117l tai idealus pasirinkimas \u017eygiams, atsargoms i\u0161gyvenimui ar kasdieniam greitam maistui.  <\/p>\n<p data-start=\"209\" data-end=\"609\"><img fetchpriority=\"high\" decoding=\"async\" class=\"alignnone wp-image-34090 size-thumbnail\" src=\"https:\/\/toidupakk.ee\/wp-content\/uploads\/2025\/04\/Tactical-Foodpack-Outdoor-Food-Spinach-Mushroom-Pasta-camping-foodpack-500x500.webp\" alt=\"\u201eTactical Foodpack\u201c d\u017eiovintas patiekalas \u2013 makaronai su grybais ir \u0161pinatais, idealiai tinka \u017eygiams ir naudojimui namuose.\" width=\"500\" height=\"500\" srcset=\"https:\/\/toidupakk.ee\/wp-content\/uploads\/2025\/04\/Tactical-Foodpack-Outdoor-Food-Spinach-Mushroom-Pasta-camping-foodpack-500x500.webp 500w, https:\/\/toidupakk.ee\/wp-content\/uploads\/2025\/04\/Tactical-Foodpack-Outdoor-Food-Spinach-Mushroom-Pasta-camping-foodpack-400x400.webp 400w, https:\/\/toidupakk.ee\/wp-content\/uploads\/2025\/04\/Tactical-Foodpack-Outdoor-Food-Spinach-Mushroom-Pasta-camping-foodpack-100x100.webp 100w\" sizes=\"(max-width: 500px) 100vw, 500px\" \/><\/p>\n<h3 data-start=\"209\" data-end=\"609\"><strong data-start=\"619\" data-end=\"661\">Kod\u0117l verta rinktis makaronus su grybais ir \u0161pinatais?<\/strong><\/h3>\n<p class=\"\" data-start=\"663\" data-end=\"814\"><strong data-start=\"663\" data-end=\"692\">Makaronai su \u0161pinatais ir grybais<\/strong> yra pilnavertis ir skanus patiekalas, puikiai tinkantis tiek vegetarams, tiek visiems, ie\u0161kantiems greito ir maistingo maisto.<\/p>\n<p class=\"\" data-start=\"816\" data-end=\"1006\"><strong data-start=\"816\" data-end=\"837\">Tactical Foodpack<\/strong> gars\u0117ja savo kokybi\u0161kais ir lengvai paruo\u0161iamais patiekalais, si\u016blydami funkcional\u0173 ir skan\u0173 sprendim\u0105 \u017eygiams, nuotykiams ar skubotai kasdienybei.<\/p>\n<ul>\n<li data-start=\"1008\" data-end=\"1620\"><strong data-start=\"1010\" data-end=\"1032\">Lengva paruo\u0161ti:<\/strong> \u012f pakuot\u0119 \u012fpilk 300 ml kar\u0161to vandens ir palauk 8 minutes \u2013 greitas ir patogus b\u016bdas gauti \u0161ilto maisto.<\/li>\n<li data-start=\"1008\" data-end=\"1620\"><strong data-start=\"1138\" data-end=\"1164\">Didel\u0117 energin\u0117 vert\u0117:<\/strong> vienoje porcijoje yra 525 kcal \u2013 pakankamas energijos u\u017etaisas bet kuriuo metu.<\/li>\n<li data-start=\"1008\" data-end=\"1620\"><strong data-start=\"1241\" data-end=\"1264\">Nat\u016brali sud\u0117tis:<\/strong> be konservant\u0173 ir dirbtini\u0173 pried\u0173 \u2013 tik kokybi\u0161ki ir nat\u016bral\u016bs ingredientai.<\/li>\n<li data-start=\"1008\" data-end=\"1620\"><strong data-start=\"1370\" data-end=\"1391\">Ilgas galiojimo laikas:<\/strong> Geriausias 8 metus nuo pagaminimo datos \u2013 tinka \u017eygiams, atsargoms ekstremalioms situacijoms ar kasdieniam pasiruo\u0161imui.<\/li>\n<li data-start=\"1008\" data-end=\"1620\"><strong data-start=\"1515\" data-end=\"1538\">Pagaminta Vokietijoje:<\/strong> auk\u0161tos kokyb\u0117s maistas, kurio skonis ir maistin\u0117 vert\u0117 i\u0161lieka net ir po ilgo laiko.<\/li>\n<\/ul>\n<h3><strong data-start=\"1630\" data-end=\"1679\">Kuo ypatingi makaronai su grybais ir \u0161pinatais?<\/strong><\/h3>\n<p class=\"\" data-start=\"1681\" data-end=\"2069\">Makaronai su grybais ir \u0161pinatais sujungia kiet\u0173j\u0173 kvie\u010di\u0173 makaronus, mi\u0161ko gryb\u0173 mi\u0161in\u012f (pievagrybius, kreivabudes, kuok\u0161tines s\u0117d\u017eius ir \u0161itakius) bei \u0161pinatus. Avi\u017e\u0173 grietin\u0117l\u0117 suteikia patiekalui kremin\u0119 tekst\u016br\u0105, o \u010desnakai, pipirai ir \u010dili milteliai prideda \u0161velnaus a\u0161trumo. Sodraus skonio pilnavertis patiekalas, puikiai tinkantis ir veganams, ar tiesiog maistu besim\u0117gaujantiems nuotyki\u0173 ie\u0161kotojams.  <\/p>\n<h3 class=\"\" data-start=\"2076\" data-end=\"2096\"><strong data-start=\"2080\" data-end=\"2096\">Maistin\u0117 vert\u0117<\/strong><\/h3>\n<table style=\"border-collapse: collapse; width: 495px; background-color: #f4f0eb; font-family: inherit; height: 417px;\">\n<thead>\n<tr>\n<th style=\"border: 1px solid #ccc; padding: 8px 12px; background-color: #e0dcd7;\">Maistin\u0117 vert\u0117<\/th>\n<th style=\"border: 1px solid #ccc; padding: 8px 12px; background-color: #e0dcd7;\">Porcijoje<\/th>\n<th style=\"border: 1px solid #ccc; padding: 8px 12px; background-color: #e0dcd7;\">100 g<\/th>\n<\/tr>\n<\/thead>\n<tbody>\n<tr>\n<td style=\"border: 1px solid #ccc; padding: 8px 12px;\">Energija<\/td>\n<td style=\"border: 1px solid #ccc; padding: 8px 12px;\">2084 kJ \/ 525 kcal<\/td>\n<td style=\"border: 1px solid #ccc; padding: 8px 12px;\">1894 kJ \/ 477 kcal<\/td>\n<\/tr>\n<tr>\n<td style=\"border: 1px solid #ccc; padding: 8px 12px;\">Riebalai<\/td>\n<td style=\"border: 1px solid #ccc; padding: 8px 12px;\">21 g<\/td>\n<td style=\"border: 1px solid #ccc; padding: 8px 12px;\">19 g<\/td>\n<\/tr>\n<tr>\n<td style=\"border: 1px solid #ccc; padding: 8px 12px;\">\u2013 i\u0161 kuri\u0173 so\u010di\u0173j\u0173 riebal\u0173 r\u016bg\u0161\u010di\u0173<\/td>\n<td style=\"border: 1px solid #ccc; padding: 8px 12px;\">2 g<\/td>\n<td style=\"border: 1px solid #ccc; padding: 8px 12px;\">1,6 g<\/td>\n<\/tr>\n<tr>\n<td style=\"border: 1px solid #ccc; padding: 8px 12px;\">Angliavandeniai<\/td>\n<td style=\"border: 1px solid #ccc; padding: 8px 12px;\">62 g<\/td>\n<td style=\"border: 1px solid #ccc; padding: 8px 12px;\">57 g<\/td>\n<\/tr>\n<tr>\n<td style=\"border: 1px solid #ccc; padding: 8px 12px;\">\u2013 i\u0161 kuri\u0173 cukr\u0173<\/td>\n<td style=\"border: 1px solid #ccc; padding: 8px 12px;\">3 g<\/td>\n<td style=\"border: 1px solid #ccc; padding: 8px 12px;\">2,8 g<\/td>\n<\/tr>\n<tr>\n<td style=\"border: 1px solid #ccc; padding: 8px 12px;\">Skaidulin\u0117s med\u017eiagos<\/td>\n<td style=\"border: 1px solid #ccc; padding: 8px 12px;\">8 g<\/td>\n<td style=\"border: 1px solid #ccc; padding: 8px 12px;\">7,1 g<\/td>\n<\/tr>\n<tr>\n<td style=\"border: 1px solid #ccc; padding: 8px 12px;\">Baltymai<\/td>\n<td style=\"border: 1px solid #ccc; padding: 8px 12px;\">16 g<\/td>\n<td style=\"border: 1px solid #ccc; padding: 8px 12px;\">15 g<\/td>\n<\/tr>\n<tr>\n<td style=\"border: 1px solid #ccc; padding: 8px 12px;\">Druska<\/td>\n<td style=\"border: 1px solid #ccc; padding: 8px 12px;\">3 g<\/td>\n<td style=\"border: 1px solid #ccc; padding: 8px 12px;\">2,9 g<\/td>\n<\/tr>\n<\/tbody>\n<\/table>\n<h3 data-start=\"124\" data-end=\"154\"><strong data-start=\"127\" data-end=\"154\">\u0160al\u010diu d\u017eiovinto maisto privalumai<\/strong><\/h3>\n<p class=\"\" data-start=\"156\" data-end=\"450\">D\u017eiovinimas \u0161al\u010diu (liofilizacija) u\u017etikrina maisto \u0161vie\u017eum\u0105, tekst\u016br\u0105 ir maistin\u0117s vert\u0117s i\u0161saugojim\u0105, pa\u0161alinant vanden\u012f \u017eemoje temperat\u016broje. <strong data-start=\"274\" data-end=\"295\">Tactical Foodpack<\/strong> naudoja \u0161i\u0105 technologij\u0105, kad pasi\u016blyt\u0173 lengvai transportuojamus ir ilgai galiojan\u010dius patiekalus, kurie i\u0161laiko savo skon\u012f ir vert\u0119 net po keleri\u0173 met\u0173.<\/p>\n<h2 class=\"\" data-start=\"457\" data-end=\"509\"><strong data-start=\"460\" data-end=\"509\">Kam skirti makaronai su grybais ir \u0161pinatais?<\/strong><\/h2>\n<ul>\n<li data-start=\"511\" data-end=\"866\"><strong data-start=\"513\" data-end=\"544\">\u017dygeiviams ir stovyklautojams:<\/strong> Lengva paruo\u0161ti ir patogu pasiimti \u2013 idealus maistas \u017eygiams.<\/li>\n<li data-start=\"511\" data-end=\"866\"><strong data-start=\"610\" data-end=\"644\">Nuotyki\u0173 ie\u0161kotojams ir i\u0161gyvenimo entuziastams:<\/strong> Ilgas galiojimo laikas ir didel\u0117 energin\u0117 vert\u0117 daro j\u012f patikimu pasirinkimu sunkiomis s\u0105lygomis.<\/li>\n<li data-start=\"511\" data-end=\"866\"><strong data-start=\"749\" data-end=\"784\">Kasdieniam greitam maistui namuose:<\/strong> kai reikia greito, maistingo patiekalo be vargo \u2013 tiesiog \u012fpilk kar\u0161to vandens ir paruo\u0161ta!<\/li>\n<\/ul>\n<h3 data-start=\"873\" data-end=\"913\"><strong data-start=\"876\" data-end=\"913\">Produkto informacija ir laikymo s\u0105lygos<\/strong><\/h3>\n<p class=\"\" data-start=\"915\" data-end=\"1210\"><strong data-start=\"915\" data-end=\"962\">Tactical Foodpack makaronai su grybais ir \u0161pinatais<\/strong> parduodami 110 g pakuot\u0117je, i\u0161 kurios paruo\u0161iama apie 410 g \u0161ilto maisto.<br data-start=\"1027\" data-end=\"1030\"><strong data-start=\"1030\" data-end=\"1062\">Geriausia laikymo temperat\u016bra:<\/strong> nuo 10 \u00b0C iki +30 \u00b0C<br data-start=\"1080\" data-end=\"1083\">Kompakti\u0161ka pakuot\u0117 ir d\u017eiovinimo \u0161altyje technologija paver\u010dia tai puikiu pasirinkimu tiek \u017eygiams, tiek nam\u0173 krizi\u0173 atsargoms.<\/p>\n<h4><img decoding=\"async\" class=\"alignnone size-full wp-image-676 lazyloaded\" src=\"https:\/\/toidupakk.ee\/wp-content\/uploads\/2021\/12\/TF_logo_RGB-22-16-43-849.png\" alt=\"Tactical Foodpack \u017ealiasis logotipas\" width=\"238\" height=\"100\" data-src=\"https:\/\/toidupakk.ee\/wp-content\/uploads\/2021\/12\/TF_logo_RGB-22-16-43-849.png\" data-eio-rwidth=\"238\" data-eio-rheight=\"100\"><\/h4>\n<h2 class=\"\" data-start=\"1217\" data-end=\"1265\"><strong data-start=\"1220\" data-end=\"1265\">Tactical Foodpack patiekalai \u2013 kaip naudoti<\/strong><\/h2>\n<ol>\n<li data-start=\"1270\" data-end=\"1315\">Atidaryk pakuot\u0119 ir i\u0161imk deguonies absorbatori\u0173.<\/li>\n<li data-start=\"1270\" data-end=\"1315\">\u012epilk 300 ml kar\u0161to vandens ir gerai i\u0161mai\u0161yk.<\/li>\n<li data-start=\"1270\" data-end=\"1315\">U\u017edaryk pakuot\u0119 ir palauk 8 minutes.<\/li>\n<li data-start=\"1270\" data-end=\"1315\">M\u0117gaukis skaniu ir kreminiu gryb\u0173 patiekalu!<\/li>\n<\/ol>\n<p>Nepamir\u0161k susipa\u017einti ir su kitais <a href=\"https:\/\/toidupakk.ee\/lt\/tootekategooria\/tactical-foodpack-patiekalai\/\">Tactical Foodpack \u017eygi\u0173 patiekalais<\/a>, kad rastum sau tinkam\u0105 maist\u0105 kiekvienam nuotykiui.<\/p>\n<h3>Rask \u012fkv\u0117pimo kitam nuotykiui<\/h3>\n<p>Sek mus <a href=\"https:\/\/www.instagram.com\/toidupakk\/\">Instagram<\/a> ir <a href=\"https:\/\/www.facebook.com\/Toidupakk\/\">Facebook<\/a>, kad gautum \u012fkv\u0117pimo, recept\u0173 ir naujien\u0173 apie m\u016bs\u0173 asortiment\u0105!<\/p>\n","protected":false},"excerpt":{"rendered":"<p><strong>Makaronai su grybais ir \u0161pinatais \u2013 kreminis ir sodraus skonio augalinis patiekalas i\u0161 \u201eTactical Foodpack\u201c.<\/strong><\/p>\n<ul>\n<li data-start=\"268\" data-end=\"649\">Grynasis kiekis 110 g (prie\u0161 paruo\u0161im\u0105, d\u017eiovinta \u0161altyje)<\/li>\n<li data-start=\"268\" data-end=\"649\">Paruo\u0161to maisto svoris apie 410 g<\/li>\n<li data-start=\"268\" data-end=\"649\">Energin\u0117 vert\u0117 porcijoje 2084 kJ \/ 525 kcal<\/li>\n<li data-start=\"268\" data-end=\"649\">Paruo\u0161tas maistas \u2013 tik u\u017epilk kar\u0161tu vandeniu ir po 8 min. gal\u0117si m\u0117gautis pilnaver\u010diu patiekalu<\/li>\n<li><span lang=\"ET\">Nat\u016brali sud\u0117tis, be konservant\u0173 ir pried\u0173<\/span><\/li>\n<li data-start=\"268\" data-end=\"649\">Galiojimo laikas 8 metai nuo pagaminimo datos<\/li>\n<li data-start=\"268\" data-end=\"649\">Ideali laikymo temperat\u016bra nuo 10 \u00b0C iki +30 \u00b0C<\/li>\n<li data-start=\"268\" data-end=\"649\">Pagaminta Vokietijoje<\/li>\n<\/ul>\n<p data-start=\"656\" data-end=\"702\"><strong data-start=\"660\" data-end=\"702\">Makaron\u0173 su \u0161pinatais ir grybais sud\u0117tis:<\/strong><\/p>\n<p class=\"\" data-start=\"704\" data-end=\"1073\">Makaronai (60 %) (kiet\u0173j\u0173 kvie\u010di\u0173 miltai, vanduo), grybai (12 %) (pievagrybiai, kreivabud\u0117s, kuok\u0161tin\u0117s s\u0117d\u017eiai, \u0161itakiai), \u0161pinatai (7,3 %), vanduo, svog\u016bnai, avi\u017e\u0173 grietin\u0117l\u0117 (vanduo, raps\u0173 aliejus, avi\u017eos 7 %, modifikuotas krakmolas, \u017eirni\u0173 baltymai, druska, tir\u0161tikliai (karageninas, sald\u017ei\u0173j\u0173 ceratonij\u0173 derva, gvarin\u0117 derva), emulgatorius (lecitinas)), kvietiniai miltai, bulvi\u0173 krakmolas, \u010desnakai, joduota druska, pipirai, \u010dili milteliai, dekstroz\u0117.<\/p>\n<p data-start=\"704\" data-end=\"1073\">\u2705 <span class=\"relative -mx-px my-[-0.2rem] rounded px-px py-[0.2rem] transition-colors duration-100 ease-in-out\">Yra sand\u0117lyje, greitas pristatymas per 1\u20133 darbo dienas<\/span><\/p>\n","protected":false},"featured_media":46336,"comment_status":"open","ping_status":"closed","template":"","meta":{"_acf_changed":false},"product_brand":[],"product_cat":[256,204,231,190],"product_tag":[265],"class_list":{"0":"post-46335","1":"product","2":"type-product","3":"status-publish","4":"has-post-thumbnail","6":"product_cat-pagrindiniai-patiekalai","7":"product_cat-tactical-foodpack-patiekalai","8":"product_cat-zygio-maistas","9":"product_cat-zygio-prekes","10":"product_tag-designed-by-defence-forces","12":"first","13":"onbackorder","14":"taxable","15":"shipping-taxable","16":"purchasable","17":"product-type-simple"},"bundled_by":[],"bundle_stock_status":"onbackorder","bundle_stock_quantity":0,"bundle_virtual":false,"bundle_layout":"","bundle_add_to_cart_form_location":"","bundle_editable_in_cart":false,"bundle_sold_individually_context":"","bundle_item_grouping":"","bundle_min_size":"","bundle_max_size":"","bundle_price":[],"bundled_items":[],"bundle_sell_ids":[],"acf":[],"yoast_head":"<!-- This site is optimized with the Yoast SEO plugin v27.3 - https:\/\/yoast.com\/product\/yoast-seo-wordpress\/ -->\n<title>Makaronai su grybais ir \u0161pinatais - Toidupakk.ee - Tactical Foodpack toidupakid<\/title>\n<meta name=\"description\" content=\"Kreminiai makaronai su grybais ir \u0161pinatais i\u0161 \u201eTactical Foodpack\u201c \u2013 110 g \u0161al\u010diu d\u017eiovintas vegani\u0161kas patiekalas, paruo\u0161iamas per 8 minutes. Idealiai tinka \u017eygiams ar greitiems pietums.\" \/>\n<meta name=\"robots\" content=\"index, follow, max-snippet:-1, max-image-preview:large, max-video-preview:-1\" \/>\n<link rel=\"canonical\" href=\"https:\/\/toidupakk.ee\/lt\/toode\/makaronai-su-grybais-ir-spinatais\/\" \/>\n<meta property=\"og:locale\" content=\"lt_LT\" \/>\n<meta property=\"og:type\" content=\"article\" \/>\n<meta property=\"og:title\" content=\"Makaronai su grybais ir \u0161pinatais - Toidupakk.ee - Tactical Foodpack toidupakid\" \/>\n<meta property=\"og:description\" content=\"Kreminiai makaronai su grybais ir \u0161pinatais i\u0161 \u201eTactical Foodpack\u201c \u2013 110 g \u0161al\u010diu d\u017eiovintas vegani\u0161kas patiekalas, paruo\u0161iamas per 8 minutes. Idealiai tinka \u017eygiams ar greitiems pietums.\" \/>\n<meta property=\"og:url\" content=\"https:\/\/toidupakk.ee\/lt\/toode\/makaronai-su-grybais-ir-spinatais\/\" \/>\n<meta property=\"og:site_name\" content=\"Toidupakk.ee - Tactical Foodpack toidupakid\" \/>\n<meta property=\"article:publisher\" content=\"https:\/\/www.facebook.com\/Toidupakk\" \/>\n<meta property=\"article:modified_time\" content=\"2026-04-14T21:31:23+00:00\" \/>\n<meta property=\"og:image\" content=\"https:\/\/toidupakk.ee\/wp-content\/uploads\/2025\/04\/Nimetu-kujundus-9.png\" \/>\n\t<meta property=\"og:image:width\" content=\"800\" \/>\n\t<meta property=\"og:image:height\" content=\"800\" \/>\n\t<meta property=\"og:image:type\" content=\"image\/png\" \/>\n<meta name=\"twitter:card\" content=\"summary_large_image\" \/>\n<meta name=\"twitter:label1\" content=\"Est. reading time\" \/>\n\t<meta name=\"twitter:data1\" content=\"3 minut\u0117s\" \/>\n<script type=\"application\/ld+json\" class=\"yoast-schema-graph\">{\"@context\":\"https:\\\/\\\/schema.org\",\"@graph\":[{\"@type\":\"WebPage\",\"@id\":\"https:\\\/\\\/toidupakk.ee\\\/lt\\\/toode\\\/makaronai-su-grybais-ir-spinatais\\\/\",\"url\":\"https:\\\/\\\/toidupakk.ee\\\/lt\\\/toode\\\/makaronai-su-grybais-ir-spinatais\\\/\",\"name\":\"Makaronai su grybais ir \u0161pinatais - Toidupakk.ee - Tactical Foodpack toidupakid\",\"isPartOf\":{\"@id\":\"https:\\\/\\\/toidupakk.ee\\\/lt\\\/#website\"},\"primaryImageOfPage\":{\"@id\":\"https:\\\/\\\/toidupakk.ee\\\/lt\\\/toode\\\/makaronai-su-grybais-ir-spinatais\\\/#primaryimage\"},\"image\":{\"@id\":\"https:\\\/\\\/toidupakk.ee\\\/lt\\\/toode\\\/makaronai-su-grybais-ir-spinatais\\\/#primaryimage\"},\"thumbnailUrl\":\"https:\\\/\\\/toidupakk.ee\\\/wp-content\\\/uploads\\\/2025\\\/04\\\/Nimetu-kujundus-9.png\",\"datePublished\":\"2025-04-23T06:35:17+00:00\",\"dateModified\":\"2026-04-14T21:31:23+00:00\",\"description\":\"Kreminiai makaronai su grybais ir \u0161pinatais i\u0161 \u201eTactical Foodpack\u201c \u2013 110 g \u0161al\u010diu d\u017eiovintas vegani\u0161kas patiekalas, paruo\u0161iamas per 8 minutes. Idealiai tinka \u017eygiams ar greitiems pietums.\",\"breadcrumb\":{\"@id\":\"https:\\\/\\\/toidupakk.ee\\\/lt\\\/toode\\\/makaronai-su-grybais-ir-spinatais\\\/#breadcrumb\"},\"inLanguage\":\"lt-LT\",\"potentialAction\":[{\"@type\":\"ReadAction\",\"target\":[\"https:\\\/\\\/toidupakk.ee\\\/lt\\\/toode\\\/makaronai-su-grybais-ir-spinatais\\\/\"]}]},{\"@type\":\"ImageObject\",\"inLanguage\":\"lt-LT\",\"@id\":\"https:\\\/\\\/toidupakk.ee\\\/lt\\\/toode\\\/makaronai-su-grybais-ir-spinatais\\\/#primaryimage\",\"url\":\"https:\\\/\\\/toidupakk.ee\\\/wp-content\\\/uploads\\\/2025\\\/04\\\/Nimetu-kujundus-9.png\",\"contentUrl\":\"https:\\\/\\\/toidupakk.ee\\\/wp-content\\\/uploads\\\/2025\\\/04\\\/Nimetu-kujundus-9.png\",\"width\":800,\"height\":800},{\"@type\":\"BreadcrumbList\",\"@id\":\"https:\\\/\\\/toidupakk.ee\\\/lt\\\/toode\\\/makaronai-su-grybais-ir-spinatais\\\/#breadcrumb\",\"itemListElement\":[{\"@type\":\"ListItem\",\"position\":1,\"name\":\"Avaleht\",\"item\":\"https:\\\/\\\/toidupakk.ee\\\/lt\\\/\"},{\"@type\":\"ListItem\",\"position\":2,\"name\":\"El. parduotuv\u0117\",\"item\":\"https:\\\/\\\/toidupakk.ee\\\/lt\\\/el-parduotuve\\\/\"},{\"@type\":\"ListItem\",\"position\":3,\"name\":\"Makaronai su grybais ir \u0161pinatais\"}]},{\"@type\":\"WebSite\",\"@id\":\"https:\\\/\\\/toidupakk.ee\\\/lt\\\/#website\",\"url\":\"https:\\\/\\\/toidupakk.ee\\\/lt\\\/\",\"name\":\"Toidupakk.ee - Tactical Foodpack toidupakid\",\"description\":\"Tactical Foodpack k\u00fclmkuivatatud toidupakid ja matkaeined\",\"publisher\":{\"@id\":\"https:\\\/\\\/toidupakk.ee\\\/lt\\\/#organization\"},\"potentialAction\":[{\"@type\":\"SearchAction\",\"target\":{\"@type\":\"EntryPoint\",\"urlTemplate\":\"https:\\\/\\\/toidupakk.ee\\\/lt\\\/?s={search_term_string}\"},\"query-input\":{\"@type\":\"PropertyValueSpecification\",\"valueRequired\":true,\"valueName\":\"search_term_string\"}}],\"inLanguage\":\"lt-LT\"},{\"@type\":\"Organization\",\"@id\":\"https:\\\/\\\/toidupakk.ee\\\/lt\\\/#organization\",\"name\":\"Tactical Foodpack matkaeined\",\"url\":\"https:\\\/\\\/toidupakk.ee\\\/lt\\\/\",\"logo\":{\"@type\":\"ImageObject\",\"inLanguage\":\"lt-LT\",\"@id\":\"https:\\\/\\\/toidupakk.ee\\\/lt\\\/#\\\/schema\\\/logo\\\/image\\\/\",\"url\":\"https:\\\/\\\/toidupakk.ee\\\/wp-content\\\/uploads\\\/2022\\\/01\\\/Toidupakk-matkapood-logo-transparent.png\",\"contentUrl\":\"https:\\\/\\\/toidupakk.ee\\\/wp-content\\\/uploads\\\/2022\\\/01\\\/Toidupakk-matkapood-logo-transparent.png\",\"width\":500,\"height\":500,\"caption\":\"Tactical Foodpack matkaeined\"},\"image\":{\"@id\":\"https:\\\/\\\/toidupakk.ee\\\/lt\\\/#\\\/schema\\\/logo\\\/image\\\/\"},\"sameAs\":[\"https:\\\/\\\/www.facebook.com\\\/Toidupakk\",\"https:\\\/\\\/www.instagram.com\\\/toidupakk\\\/\"]}]}<\/script>\n<!-- \/ Yoast SEO plugin. -->","yoast_head_json":{"title":"Makaronai su grybais ir \u0161pinatais - Toidupakk.ee - Tactical Foodpack toidupakid","description":"Kreminiai makaronai su grybais ir \u0161pinatais i\u0161 \u201eTactical Foodpack\u201c \u2013 110 g \u0161al\u010diu d\u017eiovintas vegani\u0161kas patiekalas, paruo\u0161iamas per 8 minutes. Idealiai tinka \u017eygiams ar greitiems pietums.","robots":{"index":"index","follow":"follow","max-snippet":"max-snippet:-1","max-image-preview":"max-image-preview:large","max-video-preview":"max-video-preview:-1"},"canonical":"https:\/\/toidupakk.ee\/lt\/toode\/makaronai-su-grybais-ir-spinatais\/","og_locale":"lt_LT","og_type":"article","og_title":"Makaronai su grybais ir \u0161pinatais - Toidupakk.ee - Tactical Foodpack toidupakid","og_description":"Kreminiai makaronai su grybais ir \u0161pinatais i\u0161 \u201eTactical Foodpack\u201c \u2013 110 g \u0161al\u010diu d\u017eiovintas vegani\u0161kas patiekalas, paruo\u0161iamas per 8 minutes. Idealiai tinka \u017eygiams ar greitiems pietums.","og_url":"https:\/\/toidupakk.ee\/lt\/toode\/makaronai-su-grybais-ir-spinatais\/","og_site_name":"Toidupakk.ee - Tactical Foodpack toidupakid","article_publisher":"https:\/\/www.facebook.com\/Toidupakk","article_modified_time":"2026-04-14T21:31:23+00:00","og_image":[{"width":800,"height":800,"url":"https:\/\/toidupakk.ee\/wp-content\/uploads\/2025\/04\/Nimetu-kujundus-9.png","type":"image\/png"}],"twitter_card":"summary_large_image","twitter_misc":{"Est. reading time":"3 minut\u0117s"},"schema":{"@context":"https:\/\/schema.org","@graph":[{"@type":"WebPage","@id":"https:\/\/toidupakk.ee\/lt\/toode\/makaronai-su-grybais-ir-spinatais\/","url":"https:\/\/toidupakk.ee\/lt\/toode\/makaronai-su-grybais-ir-spinatais\/","name":"Makaronai su grybais ir \u0161pinatais - Toidupakk.ee - Tactical Foodpack toidupakid","isPartOf":{"@id":"https:\/\/toidupakk.ee\/lt\/#website"},"primaryImageOfPage":{"@id":"https:\/\/toidupakk.ee\/lt\/toode\/makaronai-su-grybais-ir-spinatais\/#primaryimage"},"image":{"@id":"https:\/\/toidupakk.ee\/lt\/toode\/makaronai-su-grybais-ir-spinatais\/#primaryimage"},"thumbnailUrl":"https:\/\/toidupakk.ee\/wp-content\/uploads\/2025\/04\/Nimetu-kujundus-9.png","datePublished":"2025-04-23T06:35:17+00:00","dateModified":"2026-04-14T21:31:23+00:00","description":"Kreminiai makaronai su grybais ir \u0161pinatais i\u0161 \u201eTactical Foodpack\u201c \u2013 110 g \u0161al\u010diu d\u017eiovintas vegani\u0161kas patiekalas, paruo\u0161iamas per 8 minutes. Idealiai tinka \u017eygiams ar greitiems pietums.","breadcrumb":{"@id":"https:\/\/toidupakk.ee\/lt\/toode\/makaronai-su-grybais-ir-spinatais\/#breadcrumb"},"inLanguage":"lt-LT","potentialAction":[{"@type":"ReadAction","target":["https:\/\/toidupakk.ee\/lt\/toode\/makaronai-su-grybais-ir-spinatais\/"]}]},{"@type":"ImageObject","inLanguage":"lt-LT","@id":"https:\/\/toidupakk.ee\/lt\/toode\/makaronai-su-grybais-ir-spinatais\/#primaryimage","url":"https:\/\/toidupakk.ee\/wp-content\/uploads\/2025\/04\/Nimetu-kujundus-9.png","contentUrl":"https:\/\/toidupakk.ee\/wp-content\/uploads\/2025\/04\/Nimetu-kujundus-9.png","width":800,"height":800},{"@type":"BreadcrumbList","@id":"https:\/\/toidupakk.ee\/lt\/toode\/makaronai-su-grybais-ir-spinatais\/#breadcrumb","itemListElement":[{"@type":"ListItem","position":1,"name":"Avaleht","item":"https:\/\/toidupakk.ee\/lt\/"},{"@type":"ListItem","position":2,"name":"El. parduotuv\u0117","item":"https:\/\/toidupakk.ee\/lt\/el-parduotuve\/"},{"@type":"ListItem","position":3,"name":"Makaronai su grybais ir \u0161pinatais"}]},{"@type":"WebSite","@id":"https:\/\/toidupakk.ee\/lt\/#website","url":"https:\/\/toidupakk.ee\/lt\/","name":"Toidupakk.ee - Tactical Foodpack toidupakid","description":"Tactical Foodpack k\u00fclmkuivatatud toidupakid ja matkaeined","publisher":{"@id":"https:\/\/toidupakk.ee\/lt\/#organization"},"potentialAction":[{"@type":"SearchAction","target":{"@type":"EntryPoint","urlTemplate":"https:\/\/toidupakk.ee\/lt\/?s={search_term_string}"},"query-input":{"@type":"PropertyValueSpecification","valueRequired":true,"valueName":"search_term_string"}}],"inLanguage":"lt-LT"},{"@type":"Organization","@id":"https:\/\/toidupakk.ee\/lt\/#organization","name":"Tactical Foodpack matkaeined","url":"https:\/\/toidupakk.ee\/lt\/","logo":{"@type":"ImageObject","inLanguage":"lt-LT","@id":"https:\/\/toidupakk.ee\/lt\/#\/schema\/logo\/image\/","url":"https:\/\/toidupakk.ee\/wp-content\/uploads\/2022\/01\/Toidupakk-matkapood-logo-transparent.png","contentUrl":"https:\/\/toidupakk.ee\/wp-content\/uploads\/2022\/01\/Toidupakk-matkapood-logo-transparent.png","width":500,"height":500,"caption":"Tactical Foodpack matkaeined"},"image":{"@id":"https:\/\/toidupakk.ee\/lt\/#\/schema\/logo\/image\/"},"sameAs":["https:\/\/www.facebook.com\/Toidupakk","https:\/\/www.instagram.com\/toidupakk\/"]}]}},"jetpack_sharing_enabled":true,"_links":{"self":[{"href":"https:\/\/toidupakk.ee\/lt\/wp-json\/wp\/v2\/product\/46335","targetHints":{"allow":["GET"]}}],"collection":[{"href":"https:\/\/toidupakk.ee\/lt\/wp-json\/wp\/v2\/product"}],"about":[{"href":"https:\/\/toidupakk.ee\/lt\/wp-json\/wp\/v2\/types\/product"}],"replies":[{"embeddable":true,"href":"https:\/\/toidupakk.ee\/lt\/wp-json\/wp\/v2\/comments?post=46335"}],"wp:featuredmedia":[{"embeddable":true,"href":"https:\/\/toidupakk.ee\/lt\/wp-json\/wp\/v2\/media\/46336"}],"wp:attachment":[{"href":"https:\/\/toidupakk.ee\/lt\/wp-json\/wp\/v2\/media?parent=46335"}],"wp:term":[{"taxonomy":"product_brand","embeddable":true,"href":"https:\/\/toidupakk.ee\/lt\/wp-json\/wp\/v2\/product_brand?post=46335"},{"taxonomy":"product_cat","embeddable":true,"href":"https:\/\/toidupakk.ee\/lt\/wp-json\/wp\/v2\/product_cat?post=46335"},{"taxonomy":"product_tag","embeddable":true,"href":"https:\/\/toidupakk.ee\/lt\/wp-json\/wp\/v2\/product_tag?post=46335"}],"curies":[{"name":"wp","href":"https:\/\/api.w.org\/{rel}","templated":true}]}}