{"id":46311,"date":"2025-03-20T11:41:38","date_gmt":"2025-03-20T09:41:38","guid":{"rendered":"https:\/\/toidupakk.ee\/toode\/ranku-sildytuvas-ir-isorine-baterija-10-000-mah-2-in-1-sandberg\/"},"modified":"2026-04-15T09:30:45","modified_gmt":"2026-04-15T06:30:45","slug":"ranku-sildytuvas-ir-isorine-baterija-10-000-mah-2-in-1-sandberg","status":"publish","type":"product","link":"https:\/\/toidupakk.ee\/lt\/toode\/ranku-sildytuvas-ir-isorine-baterija-10-000-mah-2-in-1-sandberg\/","title":{"rendered":"Rank\u0173 \u0161ildytuvas ir i\u0161orin\u0117 baterija 10 000 mAh \u201e2-in-1\u201c Sandberg\u00ae"},"content":{"rendered":"<h3 data-start=\"125\" data-end=\"192\">Rank\u0173 \u0161ildytuvas ir i\u0161orin\u0117 baterija Sandberg\u00ae Hand Warmer Powerbank 10000<\/h3>\n<p data-start=\"194\" data-end=\"644\">10 000 mAh rank\u0173 \u0161ildytuvas ir i\u0161orin\u0117 baterija yra universalus ir prakti\u0161kas \u012frenginis, kuris su\u0161ildys tavo rankas ir suteiks reikiamos energijos bet kuriuo metu. Puikiai tinka \u017eygeiviams, stovyklautojams, \u017eiemos sporto entuziastams ar tiesiog tiems, kurie daug laiko praleid\u017eia \u0161altyje. Be rank\u0173 \u0161ildymo funkcijos, \u012frenginys veikia kaip galinga 10 000 mAh i\u0161orin\u0117 baterija, kuria gali \u012fkrauti savo i\u0161maniuosius \u012frenginius kelyje.  <\/p>\n<p data-start=\"646\" data-end=\"975\">D\u0117l kompakti\u0161ko ir ergonomi\u0161ko dizaino jis patogiai telpa delne ar ki\u0161en\u0117je, o kokybi\u0161kos med\u017eiagos u\u017etikrina patvarum\u0105 net ekstremaliomis oro s\u0105lygomis. Nesvarbu, ar tai \u017eiemos \u017eygis, slidin\u0117jimo kelion\u0117, ar kasdienis jud\u0117jimas \u0161altu oru \u2013 \u201eSandberg Hand Warmer Powerbank 10000\u201c bus tavo patikimas palydovas. <\/p>\n<p data-start=\"646\" data-end=\"975\"><img fetchpriority=\"high\" decoding=\"async\" class=\"wp-image-33305 size-medium alignnone\" src=\"https:\/\/toidupakk.ee\/wp-content\/uploads\/2025\/03\/1-4-300x300.jpg\" alt=\"Vandeniui atsparus rank\u0173 \u0161ildytuvas ir i\u0161orin\u0117 baterija \u201eSandberg Hand Warmer Powerbank 10000\u201c su IPX5 apsauga.\" width=\"300\" height=\"300\" srcset=\"https:\/\/toidupakk.ee\/wp-content\/uploads\/2025\/03\/1-4-300x300.jpg 300w, https:\/\/toidupakk.ee\/wp-content\/uploads\/2025\/03\/1-4-400x400.jpg 400w, https:\/\/toidupakk.ee\/wp-content\/uploads\/2025\/03\/1-4-100x100.jpg 100w, https:\/\/toidupakk.ee\/wp-content\/uploads\/2025\/03\/1-4-500x500.jpg 500w, https:\/\/toidupakk.ee\/wp-content\/uploads\/2025\/03\/1-4-768x768.jpg 768w, https:\/\/toidupakk.ee\/wp-content\/uploads\/2025\/03\/1-4.jpg 800w\" sizes=\"(max-width: 300px) 100vw, 300px\" \/><\/p>\n<h3 data-start=\"982\" data-end=\"1050\"><strong data-start=\"986\" data-end=\"1048\">\u0160ildymo funkcija \u2013 komfortas net \u0161al\u010diausiomis dienomis<\/strong><\/h3>\n<p data-start=\"1052\" data-end=\"1500\">\u201eSandberg\u00ae Hand Warmer Powerbank 10000\u201c u\u017etikrina greit\u0105 ir tolyg\u0173 \u0161ildym\u0105, saugodamas tavo rankas net at\u0161iauriausiomis s\u0105lygomis. \u012erenginys turi keturis skirtingus \u0161ildymo re\u017eimus (35\u201355 \u00b0C), leid\u017eian\u010dius pasirinkti tinkamiausi\u0105 temperat\u016br\u0105 pagal or\u0105. Pilnai \u012fkrautas \u0161ildytuvas \u017eemiausiu re\u017eimu gali veikti iki 24 valand\u0173, suteikdamas ilgalaik\u0119 \u0161ilum\u0105 \u017eiemos metu.  <\/p>\n<h3 data-start=\"1507\" data-end=\"1573\"><strong data-start=\"1511\" data-end=\"1571\">Galinga ir ilgaam\u017e\u0117 baterija \u2013 \u012fkrauk \u012frenginius jud\u0117damas<\/strong><\/h3>\n<p data-start=\"1575\" data-end=\"1972\">\u0160is \u012frenginis turi integruot\u0105 10 000 mAh talpos baterij\u0105, leid\u017eian\u010di\u0105 \u012fkrauti i\u0161maniuosius telefonus, ausines ir kitus USB \u012frenginius. D\u0117l greitojo \u012fkrovimo technologijos prireikus greitai prikelsi savo \u012frenginius darbui. <strong data-start=\"1816\" data-end=\"1846\">USB-C ir USB-A i\u0161vestys<\/strong> u\u017etikrina plat\u0173 suderinamum\u0105. <strong data-start=\"1893\" data-end=\"1903\">Pastaba<\/strong>: <strong data-start=\"1905\" data-end=\"1935\">rank\u0173 \u0161ildytuvo ir i\u0161orin\u0117s baterijos<\/strong> funkcijos vienu metu neveikia. <\/p>\n<h3 data-start=\"1979\" data-end=\"2053\">Saugus ir patvarus dizainas \u2013 kokyb\u0117, kuria gali pasikliauti<\/h3>\n<p data-start=\"2055\" data-end=\"2528\">\u201eSandberg\u00ae Hand Warmer Powerbank 10000\u201c pagamintas i\u0161 auk\u0161tos kokyb\u0117s med\u017eiag\u0173 ir turi IPX5 atsparum\u0105 vandeniui, saugant\u012f nuo dr\u0117gm\u0117s bei pursl\u0173. Apsauga nuo perkaitimo ir i\u0161manus temperat\u016bros reguliavimas u\u017etikrina saugum\u0105 net ilgai naudojant. Be to, \u012frenginyje yra LED baterijos lygio indikatorius ir 1 W \u017eibintuv\u0117lis, tod\u0117l jis tampa dar prakti\u0161kesniu palydovu nuotykiuose.  <\/p>\n<p data-start=\"2055\" data-end=\"2528\"><img decoding=\"async\" class=\"alignnone wp-image-33283 size-medium\" src=\"https:\/\/toidupakk.ee\/wp-content\/uploads\/2025\/03\/2-1-1-300x300.jpg\" alt=\"Rank\u0173 \u0161ildytuvas ir i\u0161orin\u0117 baterija \u201eSandberg Hand Warmer Powerbank 10000\u201c, integruotas LED \u017eibintuv\u0117lis.\" width=\"300\" height=\"300\" srcset=\"https:\/\/toidupakk.ee\/wp-content\/uploads\/2025\/03\/2-1-1-300x300.jpg 300w, https:\/\/toidupakk.ee\/wp-content\/uploads\/2025\/03\/2-1-1-400x400.jpg 400w, https:\/\/toidupakk.ee\/wp-content\/uploads\/2025\/03\/2-1-1-100x100.jpg 100w, https:\/\/toidupakk.ee\/wp-content\/uploads\/2025\/03\/2-1-1-500x500.jpg 500w, https:\/\/toidupakk.ee\/wp-content\/uploads\/2025\/03\/2-1-1-768x768.jpg 768w, https:\/\/toidupakk.ee\/wp-content\/uploads\/2025\/03\/2-1-1.jpg 800w\" sizes=\"(max-width: 300px) 100vw, 300px\" \/><\/p>\n<h3 data-start=\"2301\" data-end=\"2328\"><strong data-start=\"2305\" data-end=\"2326\">Techniniai duomenys \u2013 rank\u0173 \u0161ildytuvas ir i\u0161orin\u0117 baterija viename<\/strong><\/h3>\n<ul data-start=\"2330\" data-end=\"2816\">\n<li data-start=\"2330\" data-end=\"2371\"><strong data-start=\"2332\" data-end=\"2349\">Baterijos talpa<\/strong>: 10 000 mAh (37 Wh)<\/li>\n<li data-start=\"2372\" data-end=\"2401\"><strong data-start=\"2374\" data-end=\"2386\">Baterijos tipas<\/strong>: Li-polimer\u0173<\/li>\n<li data-start=\"2402\" data-end=\"2441\"><strong data-start=\"2404\" data-end=\"2417\">I\u0161vestys<\/strong>: 1 \u00d7 USB-C, 1 \u00d7 USB-A<\/li>\n<li data-start=\"2442\" data-end=\"2471\"><strong data-start=\"2444\" data-end=\"2454\">\u012evestis<\/strong>: USB-C (5 V \/ 2 A)<\/li>\n<li data-start=\"2472\" data-end=\"2502\"><strong data-start=\"2474\" data-end=\"2485\">I\u0161vestis<\/strong>: USB-A (5 V \/ 2 A)<\/li>\n<li data-start=\"2503\" data-end=\"2573\"><strong data-start=\"2505\" data-end=\"2524\">IPX5 atsparumas vandeniui<\/strong> \u2013 atsparus \u012fvairioms oro s\u0105lygoms<\/li>\n<li data-start=\"2574\" data-end=\"2633\"><strong data-start=\"2576\" data-end=\"2598\">4 \u0161ildymo re\u017eimai<\/strong> (35\u201355 \u00b0C), iki 24 valand\u0173 \u0161ilumos<\/li>\n<li data-start=\"2634\" data-end=\"2666\"><strong data-start=\"2636\" data-end=\"2664\">LED baterijos lygio indikatorius<\/strong><\/li>\n<li data-start=\"2667\" data-end=\"2703\"><strong data-start=\"2669\" data-end=\"2701\">Integruotas \u017eibintuv\u0117lis (1 W)<\/strong><\/li>\n<li data-start=\"2704\" data-end=\"2743\"><strong data-start=\"2706\" data-end=\"2724\">Darbin\u0117 temperat\u016bra<\/strong>: nuo -10 \u00b0C iki 60 \u00b0C<\/li>\n<li data-start=\"2744\" data-end=\"2816\"><strong data-start=\"2746\" data-end=\"2756\">Pastaba<\/strong>: I\u0161orin\u0117s baterijos ir rank\u0173 \u0161ildytuvo funkcijos vienu metu neveikia<\/li>\n<\/ul>\n<p data-start=\"2823\" data-end=\"2862\">\u017di\u016br\u0117k <strong data-start=\"2829\" data-end=\"2850\">visas i\u0161orines baterijas<\/strong> <a href=\"https:\/\/toidupakk.ee\/lt\/tootekategooria\/isoriniai-akumuliatoriai\/\">\u010cIA<\/a><\/p>\n<p data-start=\"2864\" data-end=\"2916\">Domina <strong data-start=\"2879\" data-end=\"2897\">\u017eygi\u0173 maistas<\/strong>? \u017di\u016br\u0117k <a href=\"https:\/\/toidupakk.ee\/lt\/tootekategooria\/pagrindiniai-patiekalai\/\">\u010cIA<\/a> <\/p>\n<p data-start=\"2918\" data-end=\"3008\">Pasisemk \u012fkv\u0117pimo kitam nuotykiui <strong data-start=\"2960\" data-end=\"2986\">\u201eToidupakk\u201c <a href=\"https:\/\/www.instagram.com\/toidupakk\/\">Instagram<\/a> ir <a href=\"https:\/\/www.facebook.com\/Toidupakk\/\">Facebook<\/a> paskyrose.<\/strong><\/p>\n","protected":false},"excerpt":{"rendered":"<p data-pm-slice=\"1 1 []\"><strong data-start=\"165\" data-end=\"221\">Kompakti\u0161kas ir galingas \u012fkraunamas rank\u0173 \u0161ildytuvas ir i\u0161orin\u0117 baterija<\/strong> <strong data-start=\"222\" data-end=\"236\">10 000 mAh<\/strong> \u2013 su\u0161ildys tavo rankas ir \u012fkraus \u012frenginius bet kokioje situacijoje. <strong>Universalus rank\u0173 \u0161ildytuvas<\/strong> yra idealus sprendimas \u017eygiams, \u017eiemos sportui ir kasdieniam naudojimui \u0161altyje. D\u0117l <strong data-start=\"452\" data-end=\"506\">ergonomi\u0161ko dizaino ir patvarios baterijos<\/strong> gal\u0117si m\u0117gautis \u0161iluma ir energija ilg\u0105 laik\u0105. <\/p>\n<ul>\n<li><strong data-start=\"100\" data-end=\"125\">Keturi \u0161ildymo re\u017eimai<\/strong>: Galima rinktis 35\u201355 \u00b0C temperat\u016br\u0105, u\u017etikrinant \u0161ilum\u0105 iki 24 valand\u0173.<\/li>\n<li><strong data-start=\"192\" data-end=\"217\">Galinga 10 000 mAh baterija<\/strong>: \u012ekrauna i\u0161maniuosius telefonus, ausines ir kitus USB \u012frenginius.<\/li>\n<li><strong data-start=\"276\" data-end=\"304\">USB-C ir USB-A i\u0161vestys<\/strong>: Greitas ir patogus \u012fkrovimas \u012fvairiems \u012frenginiems.<\/li>\n<li><strong data-start=\"367\" data-end=\"386\">IPX5 atsparumas vandeniui<\/strong>: Atsparus lietui ir dr\u0117gmei, idealiai tinka \u017eygiams bei naudojimui \u017eiem\u0105.<\/li>\n<li><strong data-start=\"473\" data-end=\"500\">Integruotas \u017eibintuv\u0117lis<\/strong>: 1 W LED \u0161viesa navigacijai prieblandoje.<\/li>\n<li><strong data-start=\"559\" data-end=\"581\">Lengvas ir kompakti\u0161kas<\/strong>: Patogiai telpa ki\u0161en\u0117je ar kuprin\u0117je, lengva ne\u0161iotis.<\/li>\n<li><strong data-start=\"649\" data-end=\"676\">Saugus ir patvarus<\/strong>: Apsauga nuo perkaitimo ir i\u0161manus temperat\u016bros reguliavimas.<\/li>\n<li><strong>Atitinka oro linij\u0173 rankinio baga\u017eo reikalavimus<\/strong>: saugu ir leid\u017eiama pasiimti \u012f kelion\u0119.<\/li>\n<li><strong data-start=\"748\" data-end=\"762\">Komplekte<\/strong>: 1 \u00d7 \u201eSandberg Hand Warmer Powerbank 10000\u201c, 1 \u00d7 USB-C \u012fkrovimo laidas, 1 \u00d7 naudojimo instrukcija.<\/li>\n<li><strong data-start=\"853\" data-end=\"887\">Gamintojo garantija 5 metai<\/strong><\/li>\n<\/ul>\n<p>\u2705 \u0160iuo metu i\u0161ankstinis u\u017esakymas, nauja partija atvyks per 1\u20132 savaites<br \/>\n\u2705 Pirk dabar, mok\u0117k v\u0117liau (pal\u016bkanos 0 %)<\/p>\n","protected":false},"featured_media":46312,"comment_status":"open","ping_status":"closed","template":"","meta":{"_acf_changed":false},"product_brand":[],"product_cat":[207,243,229,200,206,199,189,190],"product_tag":[],"class_list":{"0":"post-46311","1":"product","2":"type-product","3":"status-publish","4":"has-post-thumbnail","6":"product_cat-elektronika","7":"product_cat-isoriniai-akumuliatoriai","8":"product_cat-kuno-sildytuvai","9":"product_cat-praktiskos-dovanu-idejos","10":"product_cat-prozektoriai","11":"product_cat-ziemos-prekes","12":"product_cat-zygio-iranga","13":"product_cat-zygio-prekes","15":"first","16":"instock","17":"sale","18":"taxable","19":"shipping-taxable","20":"purchasable","21":"product-type-simple"},"bundled_by":[],"bundle_stock_status":"instock","bundle_stock_quantity":2,"bundle_virtual":false,"bundle_layout":"","bundle_add_to_cart_form_location":"","bundle_editable_in_cart":false,"bundle_sold_individually_context":"","bundle_item_grouping":"","bundle_min_size":"","bundle_max_size":"","bundle_price":[],"bundled_items":[],"bundle_sell_ids":[],"acf":[],"yoast_head":"<!-- This site is optimized with the Yoast SEO plugin v27.3 - https:\/\/yoast.com\/product\/yoast-seo-wordpress\/ -->\n<title>Rank\u0173 \u0161ildytuvas ir i\u0161orin\u0117 baterija 10 000 mAh \u201e2-in-1\u201c Sandberg\u00ae -<\/title>\n<meta name=\"description\" content=\"Rank\u0173 \u0161ildytuvas ir i\u0161orin\u0117 baterija 10 000 mAh \u2013 \u0161ildo rankas ir \u012fkrauna \u012frenginius. 4 \u0161ildymo re\u017eimai, USB-C greitasis \u012fkrovimas ir IPX5 atsparumas vandeniui.\" \/>\n<meta name=\"robots\" content=\"index, follow, max-snippet:-1, max-image-preview:large, max-video-preview:-1\" \/>\n<link rel=\"canonical\" href=\"https:\/\/toidupakk.ee\/lt\/toode\/ranku-sildytuvas-ir-isorine-baterija-10-000-mah-2-in-1-sandberg\/\" \/>\n<meta property=\"og:locale\" content=\"lt_LT\" \/>\n<meta property=\"og:type\" content=\"article\" \/>\n<meta property=\"og:title\" content=\"Rank\u0173 \u0161ildytuvas ir i\u0161orin\u0117 baterija 10 000 mAh \u201e2-in-1\u201c Sandberg\u00ae -\" \/>\n<meta property=\"og:description\" content=\"Rank\u0173 \u0161ildytuvas ir i\u0161orin\u0117 baterija 10 000 mAh \u2013 \u0161ildo rankas ir \u012fkrauna \u012frenginius. 4 \u0161ildymo re\u017eimai, USB-C greitasis \u012fkrovimas ir IPX5 atsparumas vandeniui.\" \/>\n<meta property=\"og:url\" content=\"https:\/\/toidupakk.ee\/lt\/toode\/ranku-sildytuvas-ir-isorine-baterija-10-000-mah-2-in-1-sandberg\/\" \/>\n<meta property=\"og:site_name\" content=\"Toidupakk.ee - Tactical Foodpack toidupakid\" \/>\n<meta property=\"article:publisher\" content=\"https:\/\/www.facebook.com\/Toidupakk\" \/>\n<meta property=\"article:modified_time\" content=\"2026-04-15T06:30:45+00:00\" \/>\n<meta property=\"og:image\" content=\"https:\/\/toidupakk.ee\/wp-content\/uploads\/2025\/03\/1-2.png\" \/>\n\t<meta property=\"og:image:width\" content=\"800\" \/>\n\t<meta property=\"og:image:height\" content=\"800\" \/>\n\t<meta property=\"og:image:type\" content=\"image\/png\" \/>\n<meta name=\"twitter:card\" content=\"summary_large_image\" \/>\n<meta name=\"twitter:label1\" content=\"Est. reading time\" \/>\n\t<meta name=\"twitter:data1\" content=\"2 minut\u0117s\" \/>\n<script type=\"application\/ld+json\" class=\"yoast-schema-graph\">{\"@context\":\"https:\\\/\\\/schema.org\",\"@graph\":[{\"@type\":\"WebPage\",\"@id\":\"https:\\\/\\\/toidupakk.ee\\\/lt\\\/toode\\\/ranku-sildytuvas-ir-isorine-baterija-10-000-mah-2-in-1-sandberg\\\/\",\"url\":\"https:\\\/\\\/toidupakk.ee\\\/lt\\\/toode\\\/ranku-sildytuvas-ir-isorine-baterija-10-000-mah-2-in-1-sandberg\\\/\",\"name\":\"Rank\u0173 \u0161ildytuvas ir i\u0161orin\u0117 baterija 10 000 mAh \u201e2-in-1\u201c Sandberg\u00ae -\",\"isPartOf\":{\"@id\":\"https:\\\/\\\/toidupakk.ee\\\/lt\\\/#website\"},\"primaryImageOfPage\":{\"@id\":\"https:\\\/\\\/toidupakk.ee\\\/lt\\\/toode\\\/ranku-sildytuvas-ir-isorine-baterija-10-000-mah-2-in-1-sandberg\\\/#primaryimage\"},\"image\":{\"@id\":\"https:\\\/\\\/toidupakk.ee\\\/lt\\\/toode\\\/ranku-sildytuvas-ir-isorine-baterija-10-000-mah-2-in-1-sandberg\\\/#primaryimage\"},\"thumbnailUrl\":\"https:\\\/\\\/toidupakk.ee\\\/wp-content\\\/uploads\\\/2025\\\/03\\\/1-2.png\",\"datePublished\":\"2025-03-20T09:41:38+00:00\",\"dateModified\":\"2026-04-15T06:30:45+00:00\",\"description\":\"Rank\u0173 \u0161ildytuvas ir i\u0161orin\u0117 baterija 10 000 mAh \u2013 \u0161ildo rankas ir \u012fkrauna \u012frenginius. 4 \u0161ildymo re\u017eimai, USB-C greitasis \u012fkrovimas ir IPX5 atsparumas vandeniui.\",\"breadcrumb\":{\"@id\":\"https:\\\/\\\/toidupakk.ee\\\/lt\\\/toode\\\/ranku-sildytuvas-ir-isorine-baterija-10-000-mah-2-in-1-sandberg\\\/#breadcrumb\"},\"inLanguage\":\"lt-LT\",\"potentialAction\":[{\"@type\":\"ReadAction\",\"target\":[\"https:\\\/\\\/toidupakk.ee\\\/lt\\\/toode\\\/ranku-sildytuvas-ir-isorine-baterija-10-000-mah-2-in-1-sandberg\\\/\"]}]},{\"@type\":\"ImageObject\",\"inLanguage\":\"lt-LT\",\"@id\":\"https:\\\/\\\/toidupakk.ee\\\/lt\\\/toode\\\/ranku-sildytuvas-ir-isorine-baterija-10-000-mah-2-in-1-sandberg\\\/#primaryimage\",\"url\":\"https:\\\/\\\/toidupakk.ee\\\/wp-content\\\/uploads\\\/2025\\\/03\\\/1-2.png\",\"contentUrl\":\"https:\\\/\\\/toidupakk.ee\\\/wp-content\\\/uploads\\\/2025\\\/03\\\/1-2.png\",\"width\":800,\"height\":800},{\"@type\":\"BreadcrumbList\",\"@id\":\"https:\\\/\\\/toidupakk.ee\\\/lt\\\/toode\\\/ranku-sildytuvas-ir-isorine-baterija-10-000-mah-2-in-1-sandberg\\\/#breadcrumb\",\"itemListElement\":[{\"@type\":\"ListItem\",\"position\":1,\"name\":\"Avaleht\",\"item\":\"https:\\\/\\\/toidupakk.ee\\\/lt\\\/\"},{\"@type\":\"ListItem\",\"position\":2,\"name\":\"El. parduotuv\u0117\",\"item\":\"https:\\\/\\\/toidupakk.ee\\\/lt\\\/el-parduotuve\\\/\"},{\"@type\":\"ListItem\",\"position\":3,\"name\":\"Rank\u0173 \u0161ildytuvas ir i\u0161orin\u0117 baterija 10 000 mAh \u201e2-in-1\u201c Sandberg\u00ae\"}]},{\"@type\":\"WebSite\",\"@id\":\"https:\\\/\\\/toidupakk.ee\\\/lt\\\/#website\",\"url\":\"https:\\\/\\\/toidupakk.ee\\\/lt\\\/\",\"name\":\"Toidupakk.ee - Tactical Foodpack toidupakid\",\"description\":\"Tactical Foodpack k\u00fclmkuivatatud toidupakid ja matkaeined\",\"publisher\":{\"@id\":\"https:\\\/\\\/toidupakk.ee\\\/lt\\\/#organization\"},\"potentialAction\":[{\"@type\":\"SearchAction\",\"target\":{\"@type\":\"EntryPoint\",\"urlTemplate\":\"https:\\\/\\\/toidupakk.ee\\\/lt\\\/?s={search_term_string}\"},\"query-input\":{\"@type\":\"PropertyValueSpecification\",\"valueRequired\":true,\"valueName\":\"search_term_string\"}}],\"inLanguage\":\"lt-LT\"},{\"@type\":\"Organization\",\"@id\":\"https:\\\/\\\/toidupakk.ee\\\/lt\\\/#organization\",\"name\":\"Tactical Foodpack matkaeined\",\"url\":\"https:\\\/\\\/toidupakk.ee\\\/lt\\\/\",\"logo\":{\"@type\":\"ImageObject\",\"inLanguage\":\"lt-LT\",\"@id\":\"https:\\\/\\\/toidupakk.ee\\\/lt\\\/#\\\/schema\\\/logo\\\/image\\\/\",\"url\":\"https:\\\/\\\/toidupakk.ee\\\/wp-content\\\/uploads\\\/2022\\\/01\\\/Toidupakk-matkapood-logo-transparent.png\",\"contentUrl\":\"https:\\\/\\\/toidupakk.ee\\\/wp-content\\\/uploads\\\/2022\\\/01\\\/Toidupakk-matkapood-logo-transparent.png\",\"width\":500,\"height\":500,\"caption\":\"Tactical Foodpack matkaeined\"},\"image\":{\"@id\":\"https:\\\/\\\/toidupakk.ee\\\/lt\\\/#\\\/schema\\\/logo\\\/image\\\/\"},\"sameAs\":[\"https:\\\/\\\/www.facebook.com\\\/Toidupakk\",\"https:\\\/\\\/www.instagram.com\\\/toidupakk\\\/\"]}]}<\/script>\n<!-- \/ Yoast SEO plugin. -->","yoast_head_json":{"title":"Rank\u0173 \u0161ildytuvas ir i\u0161orin\u0117 baterija 10 000 mAh \u201e2-in-1\u201c Sandberg\u00ae -","description":"Rank\u0173 \u0161ildytuvas ir i\u0161orin\u0117 baterija 10 000 mAh \u2013 \u0161ildo rankas ir \u012fkrauna \u012frenginius. 4 \u0161ildymo re\u017eimai, USB-C greitasis \u012fkrovimas ir IPX5 atsparumas vandeniui.","robots":{"index":"index","follow":"follow","max-snippet":"max-snippet:-1","max-image-preview":"max-image-preview:large","max-video-preview":"max-video-preview:-1"},"canonical":"https:\/\/toidupakk.ee\/lt\/toode\/ranku-sildytuvas-ir-isorine-baterija-10-000-mah-2-in-1-sandberg\/","og_locale":"lt_LT","og_type":"article","og_title":"Rank\u0173 \u0161ildytuvas ir i\u0161orin\u0117 baterija 10 000 mAh \u201e2-in-1\u201c Sandberg\u00ae -","og_description":"Rank\u0173 \u0161ildytuvas ir i\u0161orin\u0117 baterija 10 000 mAh \u2013 \u0161ildo rankas ir \u012fkrauna \u012frenginius. 4 \u0161ildymo re\u017eimai, USB-C greitasis \u012fkrovimas ir IPX5 atsparumas vandeniui.","og_url":"https:\/\/toidupakk.ee\/lt\/toode\/ranku-sildytuvas-ir-isorine-baterija-10-000-mah-2-in-1-sandberg\/","og_site_name":"Toidupakk.ee - Tactical Foodpack toidupakid","article_publisher":"https:\/\/www.facebook.com\/Toidupakk","article_modified_time":"2026-04-15T06:30:45+00:00","og_image":[{"width":800,"height":800,"url":"https:\/\/toidupakk.ee\/wp-content\/uploads\/2025\/03\/1-2.png","type":"image\/png"}],"twitter_card":"summary_large_image","twitter_misc":{"Est. reading time":"2 minut\u0117s"},"schema":{"@context":"https:\/\/schema.org","@graph":[{"@type":"WebPage","@id":"https:\/\/toidupakk.ee\/lt\/toode\/ranku-sildytuvas-ir-isorine-baterija-10-000-mah-2-in-1-sandberg\/","url":"https:\/\/toidupakk.ee\/lt\/toode\/ranku-sildytuvas-ir-isorine-baterija-10-000-mah-2-in-1-sandberg\/","name":"Rank\u0173 \u0161ildytuvas ir i\u0161orin\u0117 baterija 10 000 mAh \u201e2-in-1\u201c Sandberg\u00ae -","isPartOf":{"@id":"https:\/\/toidupakk.ee\/lt\/#website"},"primaryImageOfPage":{"@id":"https:\/\/toidupakk.ee\/lt\/toode\/ranku-sildytuvas-ir-isorine-baterija-10-000-mah-2-in-1-sandberg\/#primaryimage"},"image":{"@id":"https:\/\/toidupakk.ee\/lt\/toode\/ranku-sildytuvas-ir-isorine-baterija-10-000-mah-2-in-1-sandberg\/#primaryimage"},"thumbnailUrl":"https:\/\/toidupakk.ee\/wp-content\/uploads\/2025\/03\/1-2.png","datePublished":"2025-03-20T09:41:38+00:00","dateModified":"2026-04-15T06:30:45+00:00","description":"Rank\u0173 \u0161ildytuvas ir i\u0161orin\u0117 baterija 10 000 mAh \u2013 \u0161ildo rankas ir \u012fkrauna \u012frenginius. 4 \u0161ildymo re\u017eimai, USB-C greitasis \u012fkrovimas ir IPX5 atsparumas vandeniui.","breadcrumb":{"@id":"https:\/\/toidupakk.ee\/lt\/toode\/ranku-sildytuvas-ir-isorine-baterija-10-000-mah-2-in-1-sandberg\/#breadcrumb"},"inLanguage":"lt-LT","potentialAction":[{"@type":"ReadAction","target":["https:\/\/toidupakk.ee\/lt\/toode\/ranku-sildytuvas-ir-isorine-baterija-10-000-mah-2-in-1-sandberg\/"]}]},{"@type":"ImageObject","inLanguage":"lt-LT","@id":"https:\/\/toidupakk.ee\/lt\/toode\/ranku-sildytuvas-ir-isorine-baterija-10-000-mah-2-in-1-sandberg\/#primaryimage","url":"https:\/\/toidupakk.ee\/wp-content\/uploads\/2025\/03\/1-2.png","contentUrl":"https:\/\/toidupakk.ee\/wp-content\/uploads\/2025\/03\/1-2.png","width":800,"height":800},{"@type":"BreadcrumbList","@id":"https:\/\/toidupakk.ee\/lt\/toode\/ranku-sildytuvas-ir-isorine-baterija-10-000-mah-2-in-1-sandberg\/#breadcrumb","itemListElement":[{"@type":"ListItem","position":1,"name":"Avaleht","item":"https:\/\/toidupakk.ee\/lt\/"},{"@type":"ListItem","position":2,"name":"El. parduotuv\u0117","item":"https:\/\/toidupakk.ee\/lt\/el-parduotuve\/"},{"@type":"ListItem","position":3,"name":"Rank\u0173 \u0161ildytuvas ir i\u0161orin\u0117 baterija 10 000 mAh \u201e2-in-1\u201c Sandberg\u00ae"}]},{"@type":"WebSite","@id":"https:\/\/toidupakk.ee\/lt\/#website","url":"https:\/\/toidupakk.ee\/lt\/","name":"Toidupakk.ee - Tactical Foodpack toidupakid","description":"Tactical Foodpack k\u00fclmkuivatatud toidupakid ja matkaeined","publisher":{"@id":"https:\/\/toidupakk.ee\/lt\/#organization"},"potentialAction":[{"@type":"SearchAction","target":{"@type":"EntryPoint","urlTemplate":"https:\/\/toidupakk.ee\/lt\/?s={search_term_string}"},"query-input":{"@type":"PropertyValueSpecification","valueRequired":true,"valueName":"search_term_string"}}],"inLanguage":"lt-LT"},{"@type":"Organization","@id":"https:\/\/toidupakk.ee\/lt\/#organization","name":"Tactical Foodpack matkaeined","url":"https:\/\/toidupakk.ee\/lt\/","logo":{"@type":"ImageObject","inLanguage":"lt-LT","@id":"https:\/\/toidupakk.ee\/lt\/#\/schema\/logo\/image\/","url":"https:\/\/toidupakk.ee\/wp-content\/uploads\/2022\/01\/Toidupakk-matkapood-logo-transparent.png","contentUrl":"https:\/\/toidupakk.ee\/wp-content\/uploads\/2022\/01\/Toidupakk-matkapood-logo-transparent.png","width":500,"height":500,"caption":"Tactical Foodpack matkaeined"},"image":{"@id":"https:\/\/toidupakk.ee\/lt\/#\/schema\/logo\/image\/"},"sameAs":["https:\/\/www.facebook.com\/Toidupakk","https:\/\/www.instagram.com\/toidupakk\/"]}]}},"jetpack_sharing_enabled":true,"_links":{"self":[{"href":"https:\/\/toidupakk.ee\/lt\/wp-json\/wp\/v2\/product\/46311","targetHints":{"allow":["GET"]}}],"collection":[{"href":"https:\/\/toidupakk.ee\/lt\/wp-json\/wp\/v2\/product"}],"about":[{"href":"https:\/\/toidupakk.ee\/lt\/wp-json\/wp\/v2\/types\/product"}],"replies":[{"embeddable":true,"href":"https:\/\/toidupakk.ee\/lt\/wp-json\/wp\/v2\/comments?post=46311"}],"wp:featuredmedia":[{"embeddable":true,"href":"https:\/\/toidupakk.ee\/lt\/wp-json\/wp\/v2\/media\/46312"}],"wp:attachment":[{"href":"https:\/\/toidupakk.ee\/lt\/wp-json\/wp\/v2\/media?parent=46311"}],"wp:term":[{"taxonomy":"product_brand","embeddable":true,"href":"https:\/\/toidupakk.ee\/lt\/wp-json\/wp\/v2\/product_brand?post=46311"},{"taxonomy":"product_cat","embeddable":true,"href":"https:\/\/toidupakk.ee\/lt\/wp-json\/wp\/v2\/product_cat?post=46311"},{"taxonomy":"product_tag","embeddable":true,"href":"https:\/\/toidupakk.ee\/lt\/wp-json\/wp\/v2\/product_tag?post=46311"}],"curies":[{"name":"wp","href":"https:\/\/api.w.org\/{rel}","templated":true}]}}