{"id":46302,"date":"2025-04-23T09:20:23","date_gmt":"2025-04-23T06:20:23","guid":{"rendered":"https:\/\/toidupakk.ee\/toode\/vandeniui-atsparus-krepsys-irangai-50-l\/"},"modified":"2026-04-15T19:31:47","modified_gmt":"2026-04-15T16:31:47","slug":"vandeniui-atsparus-krepsys-irangai-50-l","status":"publish","type":"product","link":"https:\/\/toidupakk.ee\/lt\/toode\/vandeniui-atsparus-krepsys-irangai-50-l\/","title":{"rendered":"Vandeniui atsparus krep\u0161ys \u012frangai, 50 l"},"content":{"rendered":"<h2 class=\"\" data-start=\"434\" data-end=\"496\">Vandeniui atsparus krep\u0161ys \u012frangai, saugantis visk\u0105, kas svarbu<\/h2>\n<p class=\"\" data-start=\"498\" data-end=\"912\">\u201eTF-2215 Waterproof MOLLE\u201c yra vandeniui atsparus krep\u0161ys \u012frangai, sukurtas tiems, kurie nori jaustis u\u017etikrintai bet kokiu oru ir bet kokioje situacijoje. Nesvarbu, ar tav\u0119s laukia \u017eygis, kelion\u0117 valtimi, \u017evejyba ar \u017eiemos nuotykis, \u0161is krep\u0161ys u\u017etikrina veiksming\u0105 apsaug\u0105 nuo dr\u0117gm\u0117s ir vandens. Krep\u0161ys pagamintas i\u0161 kokybi\u0161kos ir patvarios 500D PVC med\u017eiagos, kuri yra atspari nusid\u0117v\u0117jimui, purvui ir sud\u0117tingoms oro s\u0105lygoms.  <\/p>\n<p class=\"\" data-start=\"914\" data-end=\"1241\">D\u0117l vandeniui atsparios konstrukcijos jis idealiai tinka situacijose, kai \u012franga privalo likti sausa \u2013 pavyzd\u017eiui, lyjant lietui, ant \u0161lapios \u017eem\u0117s ar valtyje. Krep\u0161ys saugo turin\u012f nuo pursl\u0173 ir trumpalaikio panardinimo \u012f vanden\u012f. Tai rei\u0161kia, kad net jei krep\u0161ys akimirkai pateks \u012f vanden\u012f ar su\u0161laps \u0161lapdriboje, jo turinys i\u0161liks saugus ir sausas.  <\/p>\n<p class=\"\" data-start=\"1243\" data-end=\"1493\">Krep\u0161io atsparum\u0105 vandeniui u\u017etikrina prakti\u0161ka \u201eroll-top\u201c u\u017edarymo sistema. Pakanka krep\u0161io ang\u0105 suvynioti 2\u20133 kartus ir u\u017efiksuoti tvirtomis sagtimis. Toks sprendimas patikimai sulaiko vanden\u012f ir leid\u017eia greitai atidaryti bei u\u017edaryti krep\u0161\u012f.  <\/p>\n<p data-start=\"1243\" data-end=\"1493\"><img fetchpriority=\"high\" decoding=\"async\" class=\"alignnone wp-image-33968 size-thumbnail\" src=\"https:\/\/toidupakk.ee\/wp-content\/uploads\/2025\/04\/10-1-500x500.png\" alt=\"Vandeniui atsparus krep\u0161ys \u012frangai ant nugaros \u2013 TF-2215 krep\u0161ys tinka \u017eygiams ir kasdieniam ne\u0161iojimui.\" width=\"500\" height=\"500\" srcset=\"https:\/\/toidupakk.ee\/wp-content\/uploads\/2025\/04\/10-1-500x500.png 500w, https:\/\/toidupakk.ee\/wp-content\/uploads\/2025\/04\/10-1-400x400.png 400w, https:\/\/toidupakk.ee\/wp-content\/uploads\/2025\/04\/10-1-100x100.png 100w, https:\/\/toidupakk.ee\/wp-content\/uploads\/2025\/04\/10-1-300x300.png 300w, https:\/\/toidupakk.ee\/wp-content\/uploads\/2025\/04\/10-1-768x768.png 768w, https:\/\/toidupakk.ee\/wp-content\/uploads\/2025\/04\/10-1.png 800w\" sizes=\"(max-width: 500px) 100vw, 500px\" \/><\/p>\n<h3 data-start=\"1495\" data-end=\"1542\">Talpus, patvarus ir lengvai ne\u0161iojamas<\/h3>\n<p class=\"\" data-start=\"1544\" data-end=\"1853\">TF-2215 krep\u0161io talpa yra apie 50 litr\u0173, tod\u0117l tai prakti\u0161kas pasirinkimas gabenant didel\u0117s apimties \u012frang\u0105. Nesvarbu, ar tai palapin\u0117, miegmai\u0161is, \u0161ilti drabu\u017eiai, darbo \u012frankiai ar \u017evejybos reikmenys \u2013 vietos u\u017eteks viskam. Tuo pa\u010diu krep\u0161ys yra lengvas (tik 850 g) ir kompakti\u0161kos formos, tod\u0117l j\u012f patogu ne\u0161tis su savimi.  <\/p>\n<p class=\"\" data-start=\"1855\" data-end=\"2038\">Patogumo suteikia kelios ne\u0161imo rankenos, leid\u017eian\u010dios krep\u0161\u012f ne\u0161ti tiek rankoje, tiek ant peties. Tvirta konstrukcija ir patvarios med\u017eiagos u\u017etikrina ilg\u0105 tarnavimo laik\u0105 net ir aktyviai naudojant lauke. <\/p>\n<h3 data-start=\"2040\" data-end=\"2084\">Vandeniui atsparus krep\u0161ys \u012frangai bet kokioje situacijoje<\/h3>\n<p class=\"\" data-start=\"2086\" data-end=\"2354\">\u0160is vandeniui atsparus krep\u0161ys tinka \u012fvairiai veiklai: plaukimui baidar\u0117mis, raftingui, kelion\u0117ms valtimis, \u017eygiams, stovyklavimui, \u017evejybai ar \u017eiemos i\u0161vykoms. Tai ypa\u010d geras pasirinkimas, jei tau reikia krep\u0161io, kuris atlaikyt\u0173 snieg\u0105, liet\u0173 ir \u0161lapi\u0105 vietov\u0119. <\/p>\n<p class=\"\" data-start=\"2356\" data-end=\"2512\">Svarbu \u017einoti, kad krep\u0161ys n\u0117ra skirtas nardymui ar ilgalaikiam laikymui po vandeniu \u2013 jo stipryb\u0117 yra apsauga nuo trumpalaikio s\u0105ly\u010dio su vandeniu.<\/p>\n<p data-start=\"2356\" data-end=\"2512\"><img decoding=\"async\" class=\"alignnone wp-image-33969 size-thumbnail\" src=\"https:\/\/toidupakk.ee\/wp-content\/uploads\/2025\/04\/11-500x500.jpg\" alt=\"Vandeniui atsparus krep\u0161ys \u012frangai i\u0161 arti \u2013 ant TF-2215 krep\u0161io PVC med\u017eiagos matomi vandens la\u0161eliai \u012frodo jo atsparum\u0105 dr\u0117gmei.\" width=\"500\" height=\"500\" srcset=\"https:\/\/toidupakk.ee\/wp-content\/uploads\/2025\/04\/11-500x500.jpg 500w, https:\/\/toidupakk.ee\/wp-content\/uploads\/2025\/04\/11-400x400.jpg 400w, https:\/\/toidupakk.ee\/wp-content\/uploads\/2025\/04\/11-100x100.jpg 100w, https:\/\/toidupakk.ee\/wp-content\/uploads\/2025\/04\/11-300x300.jpg 300w, https:\/\/toidupakk.ee\/wp-content\/uploads\/2025\/04\/11-768x768.jpg 768w, https:\/\/toidupakk.ee\/wp-content\/uploads\/2025\/04\/11.jpg 800w\" sizes=\"(max-width: 500px) 100vw, 500px\" \/><\/p>\n<h3>Produkto savyb\u0117s \u2013 vandeniui atsparus krep\u0161ys \u012frangai \u201eTF-2215 Waterproof MOLLE\u201c<\/h3>\n<ul>\n<li data-start=\"2606\" data-end=\"2629\"><strong data-start=\"2606\" data-end=\"2615\">Talpa:<\/strong> ~50 litr\u0173<\/li>\n<li data-start=\"2606\" data-end=\"2629\"><strong data-start=\"2632\" data-end=\"2645\">Med\u017eiaga:<\/strong> 500D PVC<\/li>\n<li data-start=\"2606\" data-end=\"2629\"><strong data-start=\"2659\" data-end=\"2670\">Matmenys:<\/strong> 69 \u00d7 29,5 cm<\/li>\n<li data-start=\"2606\" data-end=\"2629\"><strong data-start=\"2688\" data-end=\"2697\">Svoris:<\/strong> 850 g<\/li>\n<li data-start=\"2606\" data-end=\"2629\"><strong data-start=\"2707\" data-end=\"2721\">U\u017edarymas:<\/strong> suvyniojamas vir\u0161us + tvirtinimas sagtimis<\/li>\n<li data-start=\"2606\" data-end=\"2629\"><strong data-start=\"2767\" data-end=\"2782\">Atsparumas vandeniui:<\/strong> saugo nuo pursl\u0173 ir trumpalaikio kontakto su vandeniu<\/li>\n<li data-start=\"2606\" data-end=\"2629\"><strong data-start=\"2843\" data-end=\"2860\">Ne\u0161imo sistema:<\/strong> kelios rankenos patogiam transportavimui<\/li>\n<li data-start=\"2606\" data-end=\"2629\"><strong data-start=\"2905\" data-end=\"2927\">Naudojimo sritys:<\/strong> \u017eygiai baidar\u0117mis, raftingas, plaukiojimas valtimis, \u017eygiai p\u0117s\u010diomis, stovyklavimas, \u017evejyba, \u017eiemos sportas<\/li>\n<\/ul>\n<p>\u017di\u016br\u0117k \u017eygio reikmenis <a href=\"https:\/\/toidupakk.ee\/lt\/tootekategooria\/zygio-iranga\/#section-3-79\">\u010cIA<\/a><\/p>\n<p>\u017di\u016br\u0117k \u017eygio maist\u0105 <a href=\"https:\/\/toidupakk.ee\/lt\/el-parduotuve\/\">\u010cIA<\/a><\/p>\n<p>Pasisemk \u012fkv\u0117pimo kitiems nuotykiams Toidupakk <a href=\"https:\/\/www.instagram.com\/toidupakk\/\">Instagram<\/a> ir <a href=\"https:\/\/www.facebook.com\/Toidupakk\/\">Facebook<\/a> paskyrose.<\/p>\n","protected":false},"excerpt":{"rendered":"<p class=\"\" data-start=\"157\" data-end=\"597\"><strong>\u201eTF-2215 Waterproof MOLLE\u201c yra 50 litr\u0173 talpos vandeniui atsparus krep\u0161ys \u012frangai, idealiai tinkantis \u017eygiams, kelion\u0117ms valtimi, \u017evejybai ar \u017eiemos s\u0105lygoms. Krep\u0161ys pagamintas i\u0161 patvarios 500D PVC med\u017eiagos, kuri saugo tavo \u012frang\u0105 nuo lietaus, pursl\u0173 ir net trumpalaikio panardinimo \u012f vanden\u012f. D\u0117l paprastos ir patikimos u\u017edarymo sistemos \u2013 suvyniok vir\u0161\u0173 ir u\u017efiksuok sagtimis \u2013 gali b\u016bti tikras, kad turinys i\u0161liks sausas.  <\/strong><\/p>\n<ul>\n<li data-start=\"599\" data-end=\"1065\">Talpus <strong>50 litr\u0173<\/strong> vidus suteikia daug vietos \u017eygio \u012frangai, \u012frankiams ar sporto reikmenims<\/li>\n<li data-start=\"599\" data-end=\"1065\">Tvirta ir <strong>vandeniui atspari 500D PVC med\u017eiaga<\/strong> u\u017etikrina apsaug\u0105 net sud\u0117tingomis s\u0105lygomis<\/li>\n<li data-start=\"599\" data-end=\"1065\">Lengvas ir greitas u\u017edarymas d\u0117l suvyniojamo vir\u0161aus ir saugi\u0173 sag\u010di\u0173<\/li>\n<li data-start=\"599\" data-end=\"1065\"><strong>Prakti\u0161kos rankenos<\/strong> ir ne\u0161imo galimyb\u0117s leid\u017eia krep\u0161\u012f patogiai transportuoti<\/li>\n<li data-start=\"599\" data-end=\"1065\">Idealiai tinka \u017eygiams baidar\u0117mis, p\u0117s\u010diomis, \u017evejybai ar kelion\u0117ms valtimi.<\/li>\n<li data-start=\"599\" data-end=\"1065\">Matmenys: 69 \u00d7 29,5 cm<\/li>\n<\/ul>\n<p class=\"\" data-start=\"1067\" data-end=\"1142\"><strong>NB! Krep\u0161ys n\u0117ra skirtas nardymui ar ilgalaikiam laikymui po vandeniu. <\/strong><\/p>\n<p class=\"\" data-start=\"1256\" data-end=\"1340\">\u2705 Turime sand\u0117lyje, greitas pristatymas per 1\u20133 d. d.<br data-start=\"1297\" data-end=\"1300\">\u2705 Pirk dabar, mok\u0117k v\u0117liau (pal\u016bkanos 0 %)<\/p>\n","protected":false},"featured_media":46324,"comment_status":"open","ping_status":"closed","template":"","meta":{"_acf_changed":false},"product_brand":[],"product_cat":[202,201,264,189,190],"product_tag":[],"class_list":{"0":"post-46302","1":"product","2":"type-product","3":"status-publish","4":"has-post-thumbnail","6":"product_cat-krepsiai","7":"product_cat-kuprines","8":"product_cat-vandeniui-atsparus-krepsiai-drybag","9":"product_cat-zygio-iranga","10":"product_cat-zygio-prekes","12":"first","13":"instock","14":"taxable","15":"shipping-taxable","16":"purchasable","17":"product-type-variable","18":"has-default-attributes"},"bundled_by":[],"bundle_stock_status":"instock","bundle_stock_quantity":null,"bundle_virtual":false,"bundle_layout":"","bundle_add_to_cart_form_location":"","bundle_editable_in_cart":false,"bundle_sold_individually_context":"","bundle_item_grouping":"","bundle_min_size":"","bundle_max_size":"","bundle_price":[],"bundled_items":[],"bundle_sell_ids":[],"acf":[],"yoast_head":"<!-- This site is optimized with the Yoast SEO plugin v27.3 - https:\/\/yoast.com\/product\/yoast-seo-wordpress\/ -->\n<title>Vandeniui atsparus krep\u0161ys \u012frangai, 50 l<\/title>\n<meta name=\"description\" content=\"Vandeniui atsparus krep\u0161ys, kuris i\u0161laikys tavo \u012frang\u0105 saus\u0105. 50 l talpa, patvari 500D PVC med\u017eiaga \u2013 tinka \u017eygiams, \u017evejybai ir kelion\u0117ms valtimi.\" \/>\n<meta name=\"robots\" content=\"index, follow, max-snippet:-1, max-image-preview:large, max-video-preview:-1\" \/>\n<link rel=\"canonical\" href=\"https:\/\/toidupakk.ee\/lt\/toode\/vandeniui-atsparus-krepsys-irangai-50-l\/\" \/>\n<meta property=\"og:locale\" content=\"lt_LT\" \/>\n<meta property=\"og:type\" content=\"article\" \/>\n<meta property=\"og:title\" content=\"Vandeniui atsparus krep\u0161ys \u012frangai, 50 l\" \/>\n<meta property=\"og:description\" content=\"Vandeniui atsparus krep\u0161ys, kuris i\u0161laikys tavo \u012frang\u0105 saus\u0105. 50 l talpa, patvari 500D PVC med\u017eiaga \u2013 tinka \u017eygiams, \u017evejybai ir kelion\u0117ms valtimi.\" \/>\n<meta property=\"og:url\" content=\"https:\/\/toidupakk.ee\/lt\/toode\/vandeniui-atsparus-krepsys-irangai-50-l\/\" \/>\n<meta property=\"og:site_name\" content=\"Toidupakk.ee - Tactical Foodpack toidupakid\" \/>\n<meta property=\"article:publisher\" content=\"https:\/\/www.facebook.com\/Toidupakk\" \/>\n<meta property=\"article:modified_time\" content=\"2026-04-15T16:31:47+00:00\" \/>\n<meta property=\"og:image\" content=\"https:\/\/toidupakk.ee\/wp-content\/uploads\/2025\/04\/1-4.png\" \/>\n\t<meta property=\"og:image:width\" content=\"800\" \/>\n\t<meta property=\"og:image:height\" content=\"800\" \/>\n\t<meta property=\"og:image:type\" content=\"image\/png\" \/>\n<meta name=\"twitter:card\" content=\"summary_large_image\" \/>\n<meta name=\"twitter:label1\" content=\"Est. reading time\" \/>\n\t<meta name=\"twitter:data1\" content=\"2 minut\u0117s\" \/>\n<script type=\"application\/ld+json\" class=\"yoast-schema-graph\">{\"@context\":\"https:\\\/\\\/schema.org\",\"@graph\":[{\"@type\":\"WebPage\",\"@id\":\"https:\\\/\\\/toidupakk.ee\\\/lt\\\/toode\\\/vandeniui-atsparus-krepsys-irangai-50-l\\\/\",\"url\":\"https:\\\/\\\/toidupakk.ee\\\/lt\\\/toode\\\/vandeniui-atsparus-krepsys-irangai-50-l\\\/\",\"name\":\"Vandeniui atsparus krep\u0161ys \u012frangai, 50 l\",\"isPartOf\":{\"@id\":\"https:\\\/\\\/toidupakk.ee\\\/lt\\\/#website\"},\"primaryImageOfPage\":{\"@id\":\"https:\\\/\\\/toidupakk.ee\\\/lt\\\/toode\\\/vandeniui-atsparus-krepsys-irangai-50-l\\\/#primaryimage\"},\"image\":{\"@id\":\"https:\\\/\\\/toidupakk.ee\\\/lt\\\/toode\\\/vandeniui-atsparus-krepsys-irangai-50-l\\\/#primaryimage\"},\"thumbnailUrl\":\"https:\\\/\\\/toidupakk.ee\\\/wp-content\\\/uploads\\\/2025\\\/04\\\/1-4.png\",\"datePublished\":\"2025-04-23T06:20:23+00:00\",\"dateModified\":\"2026-04-15T16:31:47+00:00\",\"description\":\"Vandeniui atsparus krep\u0161ys, kuris i\u0161laikys tavo \u012frang\u0105 saus\u0105. 50 l talpa, patvari 500D PVC med\u017eiaga \u2013 tinka \u017eygiams, \u017evejybai ir kelion\u0117ms valtimi.\",\"breadcrumb\":{\"@id\":\"https:\\\/\\\/toidupakk.ee\\\/lt\\\/toode\\\/vandeniui-atsparus-krepsys-irangai-50-l\\\/#breadcrumb\"},\"inLanguage\":\"lt-LT\",\"potentialAction\":[{\"@type\":\"ReadAction\",\"target\":[\"https:\\\/\\\/toidupakk.ee\\\/lt\\\/toode\\\/vandeniui-atsparus-krepsys-irangai-50-l\\\/\"]}]},{\"@type\":\"ImageObject\",\"inLanguage\":\"lt-LT\",\"@id\":\"https:\\\/\\\/toidupakk.ee\\\/lt\\\/toode\\\/vandeniui-atsparus-krepsys-irangai-50-l\\\/#primaryimage\",\"url\":\"https:\\\/\\\/toidupakk.ee\\\/wp-content\\\/uploads\\\/2025\\\/04\\\/1-4.png\",\"contentUrl\":\"https:\\\/\\\/toidupakk.ee\\\/wp-content\\\/uploads\\\/2025\\\/04\\\/1-4.png\",\"width\":800,\"height\":800},{\"@type\":\"BreadcrumbList\",\"@id\":\"https:\\\/\\\/toidupakk.ee\\\/lt\\\/toode\\\/vandeniui-atsparus-krepsys-irangai-50-l\\\/#breadcrumb\",\"itemListElement\":[{\"@type\":\"ListItem\",\"position\":1,\"name\":\"Avaleht\",\"item\":\"https:\\\/\\\/toidupakk.ee\\\/lt\\\/\"},{\"@type\":\"ListItem\",\"position\":2,\"name\":\"El. parduotuv\u0117\",\"item\":\"https:\\\/\\\/toidupakk.ee\\\/lt\\\/el-parduotuve\\\/\"},{\"@type\":\"ListItem\",\"position\":3,\"name\":\"Vandeniui atsparus krep\u0161ys \u012frangai, 50 l\"}]},{\"@type\":\"WebSite\",\"@id\":\"https:\\\/\\\/toidupakk.ee\\\/lt\\\/#website\",\"url\":\"https:\\\/\\\/toidupakk.ee\\\/lt\\\/\",\"name\":\"Toidupakk.ee - Tactical Foodpack toidupakid\",\"description\":\"Tactical Foodpack k\u00fclmkuivatatud toidupakid ja matkaeined\",\"publisher\":{\"@id\":\"https:\\\/\\\/toidupakk.ee\\\/lt\\\/#organization\"},\"potentialAction\":[{\"@type\":\"SearchAction\",\"target\":{\"@type\":\"EntryPoint\",\"urlTemplate\":\"https:\\\/\\\/toidupakk.ee\\\/lt\\\/?s={search_term_string}\"},\"query-input\":{\"@type\":\"PropertyValueSpecification\",\"valueRequired\":true,\"valueName\":\"search_term_string\"}}],\"inLanguage\":\"lt-LT\"},{\"@type\":\"Organization\",\"@id\":\"https:\\\/\\\/toidupakk.ee\\\/lt\\\/#organization\",\"name\":\"Tactical Foodpack matkaeined\",\"url\":\"https:\\\/\\\/toidupakk.ee\\\/lt\\\/\",\"logo\":{\"@type\":\"ImageObject\",\"inLanguage\":\"lt-LT\",\"@id\":\"https:\\\/\\\/toidupakk.ee\\\/lt\\\/#\\\/schema\\\/logo\\\/image\\\/\",\"url\":\"https:\\\/\\\/toidupakk.ee\\\/wp-content\\\/uploads\\\/2022\\\/01\\\/Toidupakk-matkapood-logo-transparent.png\",\"contentUrl\":\"https:\\\/\\\/toidupakk.ee\\\/wp-content\\\/uploads\\\/2022\\\/01\\\/Toidupakk-matkapood-logo-transparent.png\",\"width\":500,\"height\":500,\"caption\":\"Tactical Foodpack matkaeined\"},\"image\":{\"@id\":\"https:\\\/\\\/toidupakk.ee\\\/lt\\\/#\\\/schema\\\/logo\\\/image\\\/\"},\"sameAs\":[\"https:\\\/\\\/www.facebook.com\\\/Toidupakk\",\"https:\\\/\\\/www.instagram.com\\\/toidupakk\\\/\"]}]}<\/script>\n<!-- \/ Yoast SEO plugin. -->","yoast_head_json":{"title":"Vandeniui atsparus krep\u0161ys \u012frangai, 50 l","description":"Vandeniui atsparus krep\u0161ys, kuris i\u0161laikys tavo \u012frang\u0105 saus\u0105. 50 l talpa, patvari 500D PVC med\u017eiaga \u2013 tinka \u017eygiams, \u017evejybai ir kelion\u0117ms valtimi.","robots":{"index":"index","follow":"follow","max-snippet":"max-snippet:-1","max-image-preview":"max-image-preview:large","max-video-preview":"max-video-preview:-1"},"canonical":"https:\/\/toidupakk.ee\/lt\/toode\/vandeniui-atsparus-krepsys-irangai-50-l\/","og_locale":"lt_LT","og_type":"article","og_title":"Vandeniui atsparus krep\u0161ys \u012frangai, 50 l","og_description":"Vandeniui atsparus krep\u0161ys, kuris i\u0161laikys tavo \u012frang\u0105 saus\u0105. 50 l talpa, patvari 500D PVC med\u017eiaga \u2013 tinka \u017eygiams, \u017evejybai ir kelion\u0117ms valtimi.","og_url":"https:\/\/toidupakk.ee\/lt\/toode\/vandeniui-atsparus-krepsys-irangai-50-l\/","og_site_name":"Toidupakk.ee - Tactical Foodpack toidupakid","article_publisher":"https:\/\/www.facebook.com\/Toidupakk","article_modified_time":"2026-04-15T16:31:47+00:00","og_image":[{"width":800,"height":800,"url":"https:\/\/toidupakk.ee\/wp-content\/uploads\/2025\/04\/1-4.png","type":"image\/png"}],"twitter_card":"summary_large_image","twitter_misc":{"Est. reading time":"2 minut\u0117s"},"schema":{"@context":"https:\/\/schema.org","@graph":[{"@type":"WebPage","@id":"https:\/\/toidupakk.ee\/lt\/toode\/vandeniui-atsparus-krepsys-irangai-50-l\/","url":"https:\/\/toidupakk.ee\/lt\/toode\/vandeniui-atsparus-krepsys-irangai-50-l\/","name":"Vandeniui atsparus krep\u0161ys \u012frangai, 50 l","isPartOf":{"@id":"https:\/\/toidupakk.ee\/lt\/#website"},"primaryImageOfPage":{"@id":"https:\/\/toidupakk.ee\/lt\/toode\/vandeniui-atsparus-krepsys-irangai-50-l\/#primaryimage"},"image":{"@id":"https:\/\/toidupakk.ee\/lt\/toode\/vandeniui-atsparus-krepsys-irangai-50-l\/#primaryimage"},"thumbnailUrl":"https:\/\/toidupakk.ee\/wp-content\/uploads\/2025\/04\/1-4.png","datePublished":"2025-04-23T06:20:23+00:00","dateModified":"2026-04-15T16:31:47+00:00","description":"Vandeniui atsparus krep\u0161ys, kuris i\u0161laikys tavo \u012frang\u0105 saus\u0105. 50 l talpa, patvari 500D PVC med\u017eiaga \u2013 tinka \u017eygiams, \u017evejybai ir kelion\u0117ms valtimi.","breadcrumb":{"@id":"https:\/\/toidupakk.ee\/lt\/toode\/vandeniui-atsparus-krepsys-irangai-50-l\/#breadcrumb"},"inLanguage":"lt-LT","potentialAction":[{"@type":"ReadAction","target":["https:\/\/toidupakk.ee\/lt\/toode\/vandeniui-atsparus-krepsys-irangai-50-l\/"]}]},{"@type":"ImageObject","inLanguage":"lt-LT","@id":"https:\/\/toidupakk.ee\/lt\/toode\/vandeniui-atsparus-krepsys-irangai-50-l\/#primaryimage","url":"https:\/\/toidupakk.ee\/wp-content\/uploads\/2025\/04\/1-4.png","contentUrl":"https:\/\/toidupakk.ee\/wp-content\/uploads\/2025\/04\/1-4.png","width":800,"height":800},{"@type":"BreadcrumbList","@id":"https:\/\/toidupakk.ee\/lt\/toode\/vandeniui-atsparus-krepsys-irangai-50-l\/#breadcrumb","itemListElement":[{"@type":"ListItem","position":1,"name":"Avaleht","item":"https:\/\/toidupakk.ee\/lt\/"},{"@type":"ListItem","position":2,"name":"El. parduotuv\u0117","item":"https:\/\/toidupakk.ee\/lt\/el-parduotuve\/"},{"@type":"ListItem","position":3,"name":"Vandeniui atsparus krep\u0161ys \u012frangai, 50 l"}]},{"@type":"WebSite","@id":"https:\/\/toidupakk.ee\/lt\/#website","url":"https:\/\/toidupakk.ee\/lt\/","name":"Toidupakk.ee - Tactical Foodpack toidupakid","description":"Tactical Foodpack k\u00fclmkuivatatud toidupakid ja matkaeined","publisher":{"@id":"https:\/\/toidupakk.ee\/lt\/#organization"},"potentialAction":[{"@type":"SearchAction","target":{"@type":"EntryPoint","urlTemplate":"https:\/\/toidupakk.ee\/lt\/?s={search_term_string}"},"query-input":{"@type":"PropertyValueSpecification","valueRequired":true,"valueName":"search_term_string"}}],"inLanguage":"lt-LT"},{"@type":"Organization","@id":"https:\/\/toidupakk.ee\/lt\/#organization","name":"Tactical Foodpack matkaeined","url":"https:\/\/toidupakk.ee\/lt\/","logo":{"@type":"ImageObject","inLanguage":"lt-LT","@id":"https:\/\/toidupakk.ee\/lt\/#\/schema\/logo\/image\/","url":"https:\/\/toidupakk.ee\/wp-content\/uploads\/2022\/01\/Toidupakk-matkapood-logo-transparent.png","contentUrl":"https:\/\/toidupakk.ee\/wp-content\/uploads\/2022\/01\/Toidupakk-matkapood-logo-transparent.png","width":500,"height":500,"caption":"Tactical Foodpack matkaeined"},"image":{"@id":"https:\/\/toidupakk.ee\/lt\/#\/schema\/logo\/image\/"},"sameAs":["https:\/\/www.facebook.com\/Toidupakk","https:\/\/www.instagram.com\/toidupakk\/"]}]}},"jetpack_sharing_enabled":true,"_links":{"self":[{"href":"https:\/\/toidupakk.ee\/lt\/wp-json\/wp\/v2\/product\/46302","targetHints":{"allow":["GET"]}}],"collection":[{"href":"https:\/\/toidupakk.ee\/lt\/wp-json\/wp\/v2\/product"}],"about":[{"href":"https:\/\/toidupakk.ee\/lt\/wp-json\/wp\/v2\/types\/product"}],"replies":[{"embeddable":true,"href":"https:\/\/toidupakk.ee\/lt\/wp-json\/wp\/v2\/comments?post=46302"}],"wp:featuredmedia":[{"embeddable":true,"href":"https:\/\/toidupakk.ee\/lt\/wp-json\/wp\/v2\/media\/46324"}],"wp:attachment":[{"href":"https:\/\/toidupakk.ee\/lt\/wp-json\/wp\/v2\/media?parent=46302"}],"wp:term":[{"taxonomy":"product_brand","embeddable":true,"href":"https:\/\/toidupakk.ee\/lt\/wp-json\/wp\/v2\/product_brand?post=46302"},{"taxonomy":"product_cat","embeddable":true,"href":"https:\/\/toidupakk.ee\/lt\/wp-json\/wp\/v2\/product_cat?post=46302"},{"taxonomy":"product_tag","embeddable":true,"href":"https:\/\/toidupakk.ee\/lt\/wp-json\/wp\/v2\/product_tag?post=46302"}],"curies":[{"name":"wp","href":"https:\/\/api.w.org\/{rel}","templated":true}]}}