{"id":46263,"date":"2025-04-07T15:07:27","date_gmt":"2025-04-07T12:07:27","guid":{"rendered":"https:\/\/toidupakk.ee\/toode\/zibintas-su-oro-drekintuvu-ir-nuotaikos-apsvietimu-flextail\/"},"modified":"2026-04-15T09:31:41","modified_gmt":"2026-04-15T06:31:41","slug":"zibintas-su-oro-drekintuvu-ir-nuotaikos-apsvietimu-flextail","status":"publish","type":"product","link":"https:\/\/toidupakk.ee\/lt\/toode\/zibintas-su-oro-drekintuvu-ir-nuotaikos-apsvietimu-flextail\/","title":{"rendered":"\u017dibintas su oro dr\u0117kintuvu ir nuotaikos ap\u0161vietimu \u201eFlexTail\u00ae\u201c"},"content":{"rendered":"<h2 class=\"\" data-start=\"305\" data-end=\"367\">\u201eMAX Lantern\u201c su oro dr\u0117kintuvu \u2013 stilingas \u201etrys viename\u201c <strong data-start=\"337\" data-end=\"367\">LED \u017eibintas, dulksna ir oro dr\u0117kintuvas<\/strong><\/h2>\n<p class=\"\" data-start=\"369\" data-end=\"704\"><strong data-start=\"369\" data-end=\"393\">FLEXTAIL MAX Lantern<\/strong> yra daugiafunkcis ir vizualiai i\u0161skirtinis <strong data-start=\"443\" data-end=\"473\">\u017eibintas su oro dr\u0117kintuvu<\/strong>, apjungiantis \u201evintage\u201c stiliaus dizain\u0105 ir \u0161iuolaikin\u012f funkcionalum\u0105. \u0160iame \u201etrys viename\u201c \u012frenginyje yra LED \u0161viestuvas, \u017eibintas su liepsnos efektu ir dr\u0117kinanti dulksna. Idealus palydovas gamtoje, palapin\u0117je, balkone ar namuose jaukiai nuotaikai sukurti.  <\/p>\n<div style=\"width: 976px;\" class=\"wp-video\"><video class=\"wp-video-shortcode\" id=\"video-46263-1\" width=\"976\" height=\"480\" loop autoplay preload=\"metadata\" controls=\"controls\"><source type=\"video\/mp4\" src=\"https:\/\/toidupakk.ee\/wp-content\/uploads\/2025\/03\/1ba83f192c8340d1bd4737994a14260e.SD-480p-1.5Mbps-39237792.mp4?_=1\" \/><a href=\"https:\/\/toidupakk.ee\/wp-content\/uploads\/2025\/03\/1ba83f192c8340d1bd4737994a14260e.SD-480p-1.5Mbps-39237792.mp4\">https:\/\/toidupakk.ee\/wp-content\/uploads\/2025\/03\/1ba83f192c8340d1bd4737994a14260e.SD-480p-1.5Mbps-39237792.mp4<\/a><\/video><\/div>\n<h2 class=\"\" data-start=\"711\" data-end=\"756\">\u201eVintage\u201c stiliaus stovyklavimo \u017eibintas, traukiantis \u017evilgsn\u012f<\/h2>\n<p class=\"\" data-start=\"758\" data-end=\"1055\">\u201eMAX Lantern\u201c \u012fkv\u0117ptas klasikin\u0117s aliejin\u0117s lempos, papildytos moderniomis technologijomis. Metalin\u0117 rankena ir retro stiliaus korpusas leid\u017eia jam tapti tiek \u017eygio \u012frangos, tiek interjero dalimi. Eleganti\u0161ka i\u0161vaizda ir prakti\u0161kas turinys paver\u010dia j\u012f i\u0161skirtiniu \u0161viestuvu bet kokioje aplinkoje.  <\/p>\n<h2 class=\"\" data-start=\"1062\" data-end=\"1114\">Stovyklavimo \u017eibintas su liepsnos efektu \u2013 nuotaika kiekvienai akimirkai<\/h2>\n<p class=\"\" data-start=\"1116\" data-end=\"1416\">Viena i\u0161skirtiniausi\u0173 \u017eibinto savybi\u0173 \u2013 realisti\u0161kas <strong data-start=\"1162\" data-end=\"1176\">liepsnos efektas<\/strong>, imituojantis mirgan\u010di\u0105 \u017evak\u0117s liepsn\u0105. Tai sukuria \u0161ilt\u0105 ir atpalaiduojan\u010di\u0105 \u0161vies\u0105, idealiai tinkan\u010di\u0105 vakarams palapin\u0117je, balkone ar terasoje. Liepsnos efektas yra ne tik dekoratyvus, bet ir padeda sukurti saugi\u0105 bei rami\u0105 atmosfer\u0105.  <\/p>\n<p data-start=\"1116\" data-end=\"1416\"><img fetchpriority=\"high\" decoding=\"async\" class=\"alignnone wp-image-33468 size-full\" src=\"https:\/\/toidupakk.ee\/wp-content\/uploads\/2025\/03\/MAX_LANTERN_BANNER_p.webp\" alt=\"\u201eMAX Lantern\u201c \u201etrys viename\u201c stovyklavimo \u017eibintas su oro dr\u0117kintuvu liepsnos efekto re\u017eimu ant medinio stalo, tinkamas jaukiam ap\u0161vietimui ir nuotaikai sukurti.\" width=\"1920\" height=\"885\" srcset=\"https:\/\/toidupakk.ee\/wp-content\/uploads\/2025\/03\/MAX_LANTERN_BANNER_p.webp 1920w, https:\/\/toidupakk.ee\/wp-content\/uploads\/2025\/03\/MAX_LANTERN_BANNER_p-800x369.webp 800w, https:\/\/toidupakk.ee\/wp-content\/uploads\/2025\/03\/MAX_LANTERN_BANNER_p-300x138.webp 300w, https:\/\/toidupakk.ee\/wp-content\/uploads\/2025\/03\/MAX_LANTERN_BANNER_p-1024x472.webp 1024w, https:\/\/toidupakk.ee\/wp-content\/uploads\/2025\/03\/MAX_LANTERN_BANNER_p-768x354.webp 768w, https:\/\/toidupakk.ee\/wp-content\/uploads\/2025\/03\/MAX_LANTERN_BANNER_p-1536x708.webp 1536w\" sizes=\"(max-width: 1920px) 100vw, 1920px\" \/><\/p>\n<h2 class=\"\" data-start=\"1423\" data-end=\"1482\"><strong data-start=\"1426\" data-end=\"1456\">Stovyklavimo \u017eibintas su oro dr\u0117kintuvu<\/strong> \u2013 funkcija, kuri i\u0161skiria<\/h2>\n<p class=\"\" data-start=\"1484\" data-end=\"1783\">\u201eMAX Lantern\u201c turi integruot\u0105 <strong data-start=\"1515\" data-end=\"1558\">dulksnos arba dr\u0117kinimo funkcij\u0105 (\u201emist mode\u201c)<\/strong>, kuri suteikia ap\u0161vietimui vizualinio efekto ir padeda palaikyti oro dr\u0117gm\u0119. Tai paver\u010dia j\u012f daugiau nei tiesiog \u0161viesos \u0161altiniu \u2013 tai naudingas papildymas sausomis ar kondicionuojamomis s\u0105lygomis, u\u017etikrinantis malonesn\u0119 oro aplink\u0105. <\/p>\n<h2 class=\"\" data-start=\"1790\" data-end=\"1841\">3 ap\u0161vietimo re\u017eimai \u2013 reguliuok pagal poreik\u012f<\/h2>\n<p class=\"\" data-start=\"1843\" data-end=\"1908\">\u0160viesos intensyvum\u0105 galima pritaikyti pagal situacij\u0105. Trys re\u017eimai: <\/p>\n<ul>\n<li data-start=\"1911\" data-end=\"1935\"><strong data-start=\"1911\" data-end=\"1933\">High mode \u2013 300 lm<\/strong><\/li>\n<li data-start=\"1911\" data-end=\"1935\"><strong data-start=\"1938\" data-end=\"1962\">Medium mode \u2013 150 lm<\/strong><\/li>\n<li data-start=\"1911\" data-end=\"1935\"><strong data-start=\"1967\" data-end=\"1987\">Low mode \u2013 50 lm<\/strong><\/li>\n<\/ul>\n<p class=\"\" data-start=\"1989\" data-end=\"2122\">Visi re\u017eimai naudoja <strong data-start=\"2013\" data-end=\"2036\">3000 K \u0161ilt\u0105 \u0161vies\u0105<\/strong>, kuri puikiai tinka tiek funkcionaliam ap\u0161vietimui, tiek nuotaikai sukurti.<\/p>\n<h2 class=\"\" data-start=\"2129\" data-end=\"2164\">Galingas akumuliatorius ir \u012fkrovimo galimyb\u0117s<\/h2>\n<p class=\"\" data-start=\"2166\" data-end=\"2436\">\u201eMAX Lantern\u201c turi <strong data-start=\"2183\" data-end=\"2210\">9600 mAh li\u010dio jon\u0173 akumuliatori\u0173<\/strong>, u\u017etikrinant\u012f iki <strong data-start=\"2231\" data-end=\"2251\">23 valand\u0173 veikimo laik\u0105<\/strong>. \u012ekraunama patogiai <strong data-start=\"2279\" data-end=\"2301\">USB-C kabeliu<\/strong>, o d\u0117l <strong data-start=\"2312\" data-end=\"2332\">USB-A jungties<\/strong> \u012frengin\u012f galima naudoti ir kaip <strong data-start=\"2357\" data-end=\"2371\">i\u0161orin\u0119 baterij\u0105<\/strong>, pavyzd\u017eiui, telefonui ar smulkiai elektronikai \u012fkrauti. <\/p>\n<p data-start=\"2166\" data-end=\"2436\"><img decoding=\"async\" class=\"aligncenter wp-image-33469 size-full\" src=\"https:\/\/toidupakk.ee\/wp-content\/uploads\/2025\/03\/MAX_LANTERN_POWER_BANK_5effe0ba-8e07-4400-a8b5-07e925c9eb7a-1.webp\" alt=\"Stovyklavimo \u017eibintas su oro dr\u0117kintuvu FLEXTAIL MAX Lantern kraunamas per USB-C, telefono \u012fkrovimas i\u0161 9600 mAh akumuliatoriaus ant stalo.\" width=\"1148\" height=\"564\" srcset=\"https:\/\/toidupakk.ee\/wp-content\/uploads\/2025\/03\/MAX_LANTERN_POWER_BANK_5effe0ba-8e07-4400-a8b5-07e925c9eb7a-1.webp 1148w, https:\/\/toidupakk.ee\/wp-content\/uploads\/2025\/03\/MAX_LANTERN_POWER_BANK_5effe0ba-8e07-4400-a8b5-07e925c9eb7a-1-800x393.webp 800w, https:\/\/toidupakk.ee\/wp-content\/uploads\/2025\/03\/MAX_LANTERN_POWER_BANK_5effe0ba-8e07-4400-a8b5-07e925c9eb7a-1-300x147.webp 300w, https:\/\/toidupakk.ee\/wp-content\/uploads\/2025\/03\/MAX_LANTERN_POWER_BANK_5effe0ba-8e07-4400-a8b5-07e925c9eb7a-1-1024x503.webp 1024w, https:\/\/toidupakk.ee\/wp-content\/uploads\/2025\/03\/MAX_LANTERN_POWER_BANK_5effe0ba-8e07-4400-a8b5-07e925c9eb7a-1-768x377.webp 768w\" sizes=\"(max-width: 1148px) 100vw, 1148px\" \/><\/p>\n<h2 class=\"\" data-start=\"2443\" data-end=\"2494\">Stovyklavimo \u017eibintas su oro dr\u0117kintuvu ir lauko s\u0105lygoms<\/h2>\n<p class=\"\" data-start=\"2496\" data-end=\"2691\">\u012erenginys pasi\u017eymi <strong data-start=\"2505\" data-end=\"2527\">IPX4 atsparumu vandeniui<\/strong>, o tai rei\u0161kia, kad jis atsparus dr\u0117gmei ir vandens la\u0161ams. Idealiai tinka naudoti lauke \u2013 pavyzd\u017eiui, lyjant palapin\u0117je, \u016bkanot\u0105 ryt\u0105 balkone ar \u017eygiuojant dr\u0117gnomis s\u0105lygomis. <\/p>\n<h3 class=\"\" data-start=\"2176\" data-end=\"2220\">Techniniai duomenys \u2013 FLEXTAIL MAX Lantern<\/h3>\n<p class=\"\" data-start=\"2224\" data-end=\"2289\"><strong data-start=\"2224\" data-end=\"2243\">\u0160viesos re\u017eimai:<\/strong> High (300 lm), Medium (150 lm), Low (50 lm)<\/p>\n<ul>\n<li><strong data-start=\"2292\" data-end=\"2316\">\u0160viesos temperat\u016bra:<\/strong> 3000 K<\/li>\n<li><strong data-start=\"2327\" data-end=\"2344\">Akumuliatoriaus talpa:<\/strong> 9600 mAh<\/li>\n<li><strong data-start=\"2358\" data-end=\"2369\">Veikimo laikas:<\/strong> iki 23 valand\u0173<\/li>\n<li><strong data-start=\"2388\" data-end=\"2402\">\u012ekrovimas:<\/strong> USB-C<\/li>\n<li><strong data-start=\"2413\" data-end=\"2425\">I\u0161vestis:<\/strong> USB-A (i\u0161orin\u0117s baterijos funkcija)<\/li>\n<li><strong data-start=\"2459\" data-end=\"2474\">Atsparumas vandeniui:<\/strong> IPX4<\/li>\n<li><strong data-start=\"2484\" data-end=\"2501\">Funkcijos:<\/strong> liepsnos efektas, dr\u0117kinimas \/ dulksna, ap\u0161vietimas<\/li>\n<\/ul>\n<p>Daugiau stovyklavimo preki\u0173 rasi <a href=\"https:\/\/toidupakk.ee\/lt\/tootekategooria\/zygio-iranga\/#section-3-79\">\u010cIA<\/a><\/p>\n<p>Domina \u017eygio maistas? \u017di\u016br\u0117k <a href=\"https:\/\/toidupakk.ee\/lt\/tootekategooria\/pagrindiniai-patiekalai\/\">\u010cIA<\/a><\/p>\n<p>Pasisemk \u012fkv\u0117pimo kitiems nuotykiams Toidupakk <a href=\"https:\/\/www.instagram.com\/toidupakk\/\">Instagram<\/a> ir <a href=\"https:\/\/www.facebook.com\/Toidupakk\/\">Facebook<\/a> paskyrose.<\/p>\n","protected":false},"excerpt":{"rendered":"<p class=\"\" data-start=\"449\" data-end=\"869\"><strong data-start=\"449\" data-end=\"530\">MAX Lantern yra stilingas ir daugiafunkcis \u201etrys viename\u201c nuotaikos \u017eibintas su oro dr\u0117kintuvu<\/strong>, apjungiantis retro dizaino LED \u017eibint\u0105, realisti\u0161k\u0105 liepsnos efekt\u0105 ir dr\u0117kinan\u010dios dulksnos funkcij\u0105. Idealus palydovas \u017eygyje, terasoje, balkone ar nam\u0173 interjere jaukumui sukurti. D\u0117l kompakti\u0161ko dizaino, tvirtos rankenos ir \u012fkraunamo akumuliatoriaus tai prakti\u0161kas \u0161viesos \u0161altinis visur, kur reikia \u0161iltos ir jaukios \u0161viesos.  <\/p>\n<ul>\n<li data-start=\"871\" data-end=\"1875\"><strong data-start=\"871\" data-end=\"894\">Trys \u0161viesos re\u017eimai:<\/strong> \u0161ilta 3000 K \u0161viesa (50, 150 ir 300 liumen\u0173) \u2013 tinka tiek funkcionaliam naudojimui, tiek nuotaikai sukurti.<\/li>\n<li data-start=\"871\" data-end=\"1875\"><strong data-start=\"1003\" data-end=\"1028\">Realisti\u0161kas liepsnos efektas:<\/strong> tikrovi\u0161kai mirganti liepsna sukuria atpalaiduojan\u010di\u0105 atmosfer\u0105 \u2013 idealu vakariniam naudojimui.<\/li>\n<li data-start=\"871\" data-end=\"1875\"><strong data-start=\"1113\" data-end=\"1150\">Integruota dr\u0117kinimo funkcija:<\/strong> (\u201emist mode\u201c) suteikia vizualinio efekto ir padeda pagerinti oro dr\u0117gm\u0119 \u2013 tai ypa\u010d svarbu <strong data-start=\"1233\" data-end=\"1263\">\u017eibinto su oro dr\u0117kintuvu<\/strong> tipo \u012frenginiuose.<\/li>\n<li data-start=\"871\" data-end=\"1875\"><strong data-start=\"1283\" data-end=\"1309\">\u012ekraunamas akumuliatorius (9600 mAh):<\/strong> iki 23 valand\u0173 naudojimo vienu \u012fkrovimu. <strong>Prireikus veikia ir kaip i\u0161orin\u0117 baterija<\/strong> (USB-A i\u0161vestis).<\/li>\n<li data-start=\"871\" data-end=\"1875\"><strong data-start=\"1403\" data-end=\"1423\">USB-C \u012fkrovimas:<\/strong> greitas ir patogus \u012fkrovimas \u0161iuolaikiniu USB-C kabeliu.<\/li>\n<li data-start=\"871\" data-end=\"1875\"><strong data-start=\"1480\" data-end=\"1500\">IPX4 atsparumas vandeniui:<\/strong> atsparus purslams ir dr\u0117gmei \u2013 tinka naudoti ir lauko s\u0105lygomis.<\/li>\n<li data-start=\"871\" data-end=\"1875\"><strong data-start=\"1573\" data-end=\"1601\">Tvirtas ir stilingas korpusas:<\/strong> retro stiliaus dizainas su metaline rankena, patvarus kasdieniam naudojimui.<\/li>\n<li data-start=\"871\" data-end=\"1875\"><strong data-start=\"1681\" data-end=\"1704\" data-is-only-node=\"\">Lengvas ir kompakti\u0161kas:<\/strong> patogu ne\u0161iotis ar dekoratyviai pastatyti.<\/li>\n<li data-start=\"871\" data-end=\"1875\"><strong data-start=\"1756\" data-end=\"1782\">Gamintojo garantija:<\/strong> 1 metai<\/li>\n<\/ul>\n<p>\u2705 Turime sand\u0117lyje, greitas pristatymas per 1\u20133 darbo dienas<br data-start=\"1834\" data-end=\"1837\">\u2705 Pirk dabar, mok\u0117k v\u0117liau (pal\u016bkanos 0 %)<\/p>\n","protected":false},"featured_media":42851,"comment_status":"open","ping_status":"closed","template":"","meta":{"_acf_changed":false},"product_brand":[],"product_cat":[207,217,200,206,244,189,190],"product_tag":[],"class_list":{"0":"post-46263","1":"product","2":"type-product","3":"status-publish","4":"has-post-thumbnail","6":"product_cat-elektronika","7":"product_cat-nakvyne-gamtoje","8":"product_cat-praktiskos-dovanu-idejos","9":"product_cat-prozektoriai","10":"product_cat-zibintai","11":"product_cat-zygio-iranga","12":"product_cat-zygio-prekes","14":"first","15":"instock","16":"sale","17":"taxable","18":"shipping-taxable","19":"purchasable","20":"product-type-simple"},"bundled_by":[],"bundle_stock_status":"instock","bundle_stock_quantity":1,"bundle_virtual":false,"bundle_layout":"","bundle_add_to_cart_form_location":"","bundle_editable_in_cart":false,"bundle_sold_individually_context":"","bundle_item_grouping":"","bundle_min_size":"","bundle_max_size":"","bundle_price":[],"bundled_items":[],"bundle_sell_ids":[],"acf":[],"yoast_head":"<!-- This site is optimized with the Yoast SEO plugin v27.3 - https:\/\/yoast.com\/product\/yoast-seo-wordpress\/ -->\n<title>\u017dibintas su oro dr\u0117kintuvu ir nuotaikos ap\u0161vietimu \u201eFlexTail\u00ae\u201c<\/title>\n<meta name=\"description\" content=\"\u017dibintas, apjungiantis jauk\u0173 liepsnos efekt\u0105, dulksn\u0105, oro dr\u0117kintuv\u0105 ir \u0161ilt\u0105 LED \u0161vies\u0105. Idealus palydovas jaukiai atmosferai sukurti.\" \/>\n<meta name=\"robots\" content=\"index, follow, max-snippet:-1, max-image-preview:large, max-video-preview:-1\" \/>\n<link rel=\"canonical\" href=\"https:\/\/toidupakk.ee\/lt\/toode\/zibintas-su-oro-drekintuvu-ir-nuotaikos-apsvietimu-flextail\/\" \/>\n<meta property=\"og:locale\" content=\"lt_LT\" \/>\n<meta property=\"og:type\" content=\"article\" \/>\n<meta property=\"og:title\" content=\"\u017dibintas su oro dr\u0117kintuvu ir nuotaikos ap\u0161vietimu \u201eFlexTail\u00ae\u201c\" \/>\n<meta property=\"og:description\" content=\"\u017dibintas, apjungiantis jauk\u0173 liepsnos efekt\u0105, dulksn\u0105, oro dr\u0117kintuv\u0105 ir \u0161ilt\u0105 LED \u0161vies\u0105. Idealus palydovas jaukiai atmosferai sukurti.\" \/>\n<meta property=\"og:url\" content=\"https:\/\/toidupakk.ee\/lt\/toode\/zibintas-su-oro-drekintuvu-ir-nuotaikos-apsvietimu-flextail\/\" \/>\n<meta property=\"og:site_name\" content=\"Toidupakk.ee - Tactical Foodpack toidupakid\" \/>\n<meta property=\"article:publisher\" content=\"https:\/\/www.facebook.com\/Toidupakk\" \/>\n<meta property=\"article:modified_time\" content=\"2026-04-15T06:31:41+00:00\" \/>\n<meta property=\"og:image\" content=\"https:\/\/toidupakk.ee\/wp-content\/uploads\/2025\/04\/Latern-ohuniisutaja-ja-meeleoluvalgusega-FlexTail\u00ae.zip8_.jpg\" \/>\n\t<meta property=\"og:image:width\" content=\"800\" \/>\n\t<meta property=\"og:image:height\" content=\"800\" \/>\n\t<meta property=\"og:image:type\" content=\"image\/jpeg\" \/>\n<meta name=\"twitter:card\" content=\"summary_large_image\" \/>\n<meta name=\"twitter:label1\" content=\"Est. reading time\" \/>\n\t<meta name=\"twitter:data1\" content=\"2 minut\u0117s\" \/>\n<script type=\"application\/ld+json\" class=\"yoast-schema-graph\">{\"@context\":\"https:\\\/\\\/schema.org\",\"@graph\":[{\"@type\":\"WebPage\",\"@id\":\"https:\\\/\\\/toidupakk.ee\\\/lt\\\/toode\\\/zibintas-su-oro-drekintuvu-ir-nuotaikos-apsvietimu-flextail\\\/\",\"url\":\"https:\\\/\\\/toidupakk.ee\\\/lt\\\/toode\\\/zibintas-su-oro-drekintuvu-ir-nuotaikos-apsvietimu-flextail\\\/\",\"name\":\"\u017dibintas su oro dr\u0117kintuvu ir nuotaikos ap\u0161vietimu \u201eFlexTail\u00ae\u201c\",\"isPartOf\":{\"@id\":\"https:\\\/\\\/toidupakk.ee\\\/lt\\\/#website\"},\"primaryImageOfPage\":{\"@id\":\"https:\\\/\\\/toidupakk.ee\\\/lt\\\/toode\\\/zibintas-su-oro-drekintuvu-ir-nuotaikos-apsvietimu-flextail\\\/#primaryimage\"},\"image\":{\"@id\":\"https:\\\/\\\/toidupakk.ee\\\/lt\\\/toode\\\/zibintas-su-oro-drekintuvu-ir-nuotaikos-apsvietimu-flextail\\\/#primaryimage\"},\"thumbnailUrl\":\"https:\\\/\\\/toidupakk.ee\\\/wp-content\\\/uploads\\\/2025\\\/04\\\/Latern-ohuniisutaja-ja-meeleoluvalgusega-FlexTail\u00ae.zip8_.jpg\",\"datePublished\":\"2025-04-07T12:07:27+00:00\",\"dateModified\":\"2026-04-15T06:31:41+00:00\",\"description\":\"\u017dibintas, apjungiantis jauk\u0173 liepsnos efekt\u0105, dulksn\u0105, oro dr\u0117kintuv\u0105 ir \u0161ilt\u0105 LED \u0161vies\u0105. Idealus palydovas jaukiai atmosferai sukurti.\",\"breadcrumb\":{\"@id\":\"https:\\\/\\\/toidupakk.ee\\\/lt\\\/toode\\\/zibintas-su-oro-drekintuvu-ir-nuotaikos-apsvietimu-flextail\\\/#breadcrumb\"},\"inLanguage\":\"lt-LT\",\"potentialAction\":[{\"@type\":\"ReadAction\",\"target\":[\"https:\\\/\\\/toidupakk.ee\\\/lt\\\/toode\\\/zibintas-su-oro-drekintuvu-ir-nuotaikos-apsvietimu-flextail\\\/\"]}]},{\"@type\":\"ImageObject\",\"inLanguage\":\"lt-LT\",\"@id\":\"https:\\\/\\\/toidupakk.ee\\\/lt\\\/toode\\\/zibintas-su-oro-drekintuvu-ir-nuotaikos-apsvietimu-flextail\\\/#primaryimage\",\"url\":\"https:\\\/\\\/toidupakk.ee\\\/wp-content\\\/uploads\\\/2025\\\/04\\\/Latern-ohuniisutaja-ja-meeleoluvalgusega-FlexTail\u00ae.zip8_.jpg\",\"contentUrl\":\"https:\\\/\\\/toidupakk.ee\\\/wp-content\\\/uploads\\\/2025\\\/04\\\/Latern-ohuniisutaja-ja-meeleoluvalgusega-FlexTail\u00ae.zip8_.jpg\",\"width\":800,\"height\":800},{\"@type\":\"BreadcrumbList\",\"@id\":\"https:\\\/\\\/toidupakk.ee\\\/lt\\\/toode\\\/zibintas-su-oro-drekintuvu-ir-nuotaikos-apsvietimu-flextail\\\/#breadcrumb\",\"itemListElement\":[{\"@type\":\"ListItem\",\"position\":1,\"name\":\"Avaleht\",\"item\":\"https:\\\/\\\/toidupakk.ee\\\/lt\\\/\"},{\"@type\":\"ListItem\",\"position\":2,\"name\":\"El. parduotuv\u0117\",\"item\":\"https:\\\/\\\/toidupakk.ee\\\/lt\\\/el-parduotuve\\\/\"},{\"@type\":\"ListItem\",\"position\":3,\"name\":\"\u017dibintas su oro dr\u0117kintuvu ir nuotaikos ap\u0161vietimu \u201eFlexTail\u00ae\u201c\"}]},{\"@type\":\"WebSite\",\"@id\":\"https:\\\/\\\/toidupakk.ee\\\/lt\\\/#website\",\"url\":\"https:\\\/\\\/toidupakk.ee\\\/lt\\\/\",\"name\":\"Toidupakk.ee - Tactical Foodpack toidupakid\",\"description\":\"Tactical Foodpack k\u00fclmkuivatatud toidupakid ja matkaeined\",\"publisher\":{\"@id\":\"https:\\\/\\\/toidupakk.ee\\\/lt\\\/#organization\"},\"potentialAction\":[{\"@type\":\"SearchAction\",\"target\":{\"@type\":\"EntryPoint\",\"urlTemplate\":\"https:\\\/\\\/toidupakk.ee\\\/lt\\\/?s={search_term_string}\"},\"query-input\":{\"@type\":\"PropertyValueSpecification\",\"valueRequired\":true,\"valueName\":\"search_term_string\"}}],\"inLanguage\":\"lt-LT\"},{\"@type\":\"Organization\",\"@id\":\"https:\\\/\\\/toidupakk.ee\\\/lt\\\/#organization\",\"name\":\"Tactical Foodpack matkaeined\",\"url\":\"https:\\\/\\\/toidupakk.ee\\\/lt\\\/\",\"logo\":{\"@type\":\"ImageObject\",\"inLanguage\":\"lt-LT\",\"@id\":\"https:\\\/\\\/toidupakk.ee\\\/lt\\\/#\\\/schema\\\/logo\\\/image\\\/\",\"url\":\"https:\\\/\\\/toidupakk.ee\\\/wp-content\\\/uploads\\\/2022\\\/01\\\/Toidupakk-matkapood-logo-transparent.png\",\"contentUrl\":\"https:\\\/\\\/toidupakk.ee\\\/wp-content\\\/uploads\\\/2022\\\/01\\\/Toidupakk-matkapood-logo-transparent.png\",\"width\":500,\"height\":500,\"caption\":\"Tactical Foodpack matkaeined\"},\"image\":{\"@id\":\"https:\\\/\\\/toidupakk.ee\\\/lt\\\/#\\\/schema\\\/logo\\\/image\\\/\"},\"sameAs\":[\"https:\\\/\\\/www.facebook.com\\\/Toidupakk\",\"https:\\\/\\\/www.instagram.com\\\/toidupakk\\\/\"]}]}<\/script>\n<!-- \/ Yoast SEO plugin. -->","yoast_head_json":{"title":"\u017dibintas su oro dr\u0117kintuvu ir nuotaikos ap\u0161vietimu \u201eFlexTail\u00ae\u201c","description":"\u017dibintas, apjungiantis jauk\u0173 liepsnos efekt\u0105, dulksn\u0105, oro dr\u0117kintuv\u0105 ir \u0161ilt\u0105 LED \u0161vies\u0105. Idealus palydovas jaukiai atmosferai sukurti.","robots":{"index":"index","follow":"follow","max-snippet":"max-snippet:-1","max-image-preview":"max-image-preview:large","max-video-preview":"max-video-preview:-1"},"canonical":"https:\/\/toidupakk.ee\/lt\/toode\/zibintas-su-oro-drekintuvu-ir-nuotaikos-apsvietimu-flextail\/","og_locale":"lt_LT","og_type":"article","og_title":"\u017dibintas su oro dr\u0117kintuvu ir nuotaikos ap\u0161vietimu \u201eFlexTail\u00ae\u201c","og_description":"\u017dibintas, apjungiantis jauk\u0173 liepsnos efekt\u0105, dulksn\u0105, oro dr\u0117kintuv\u0105 ir \u0161ilt\u0105 LED \u0161vies\u0105. Idealus palydovas jaukiai atmosferai sukurti.","og_url":"https:\/\/toidupakk.ee\/lt\/toode\/zibintas-su-oro-drekintuvu-ir-nuotaikos-apsvietimu-flextail\/","og_site_name":"Toidupakk.ee - Tactical Foodpack toidupakid","article_publisher":"https:\/\/www.facebook.com\/Toidupakk","article_modified_time":"2026-04-15T06:31:41+00:00","og_image":[{"width":800,"height":800,"url":"https:\/\/toidupakk.ee\/wp-content\/uploads\/2025\/04\/Latern-ohuniisutaja-ja-meeleoluvalgusega-FlexTail\u00ae.zip8_.jpg","type":"image\/jpeg"}],"twitter_card":"summary_large_image","twitter_misc":{"Est. reading time":"2 minut\u0117s"},"schema":{"@context":"https:\/\/schema.org","@graph":[{"@type":"WebPage","@id":"https:\/\/toidupakk.ee\/lt\/toode\/zibintas-su-oro-drekintuvu-ir-nuotaikos-apsvietimu-flextail\/","url":"https:\/\/toidupakk.ee\/lt\/toode\/zibintas-su-oro-drekintuvu-ir-nuotaikos-apsvietimu-flextail\/","name":"\u017dibintas su oro dr\u0117kintuvu ir nuotaikos ap\u0161vietimu \u201eFlexTail\u00ae\u201c","isPartOf":{"@id":"https:\/\/toidupakk.ee\/lt\/#website"},"primaryImageOfPage":{"@id":"https:\/\/toidupakk.ee\/lt\/toode\/zibintas-su-oro-drekintuvu-ir-nuotaikos-apsvietimu-flextail\/#primaryimage"},"image":{"@id":"https:\/\/toidupakk.ee\/lt\/toode\/zibintas-su-oro-drekintuvu-ir-nuotaikos-apsvietimu-flextail\/#primaryimage"},"thumbnailUrl":"https:\/\/toidupakk.ee\/wp-content\/uploads\/2025\/04\/Latern-ohuniisutaja-ja-meeleoluvalgusega-FlexTail\u00ae.zip8_.jpg","datePublished":"2025-04-07T12:07:27+00:00","dateModified":"2026-04-15T06:31:41+00:00","description":"\u017dibintas, apjungiantis jauk\u0173 liepsnos efekt\u0105, dulksn\u0105, oro dr\u0117kintuv\u0105 ir \u0161ilt\u0105 LED \u0161vies\u0105. Idealus palydovas jaukiai atmosferai sukurti.","breadcrumb":{"@id":"https:\/\/toidupakk.ee\/lt\/toode\/zibintas-su-oro-drekintuvu-ir-nuotaikos-apsvietimu-flextail\/#breadcrumb"},"inLanguage":"lt-LT","potentialAction":[{"@type":"ReadAction","target":["https:\/\/toidupakk.ee\/lt\/toode\/zibintas-su-oro-drekintuvu-ir-nuotaikos-apsvietimu-flextail\/"]}]},{"@type":"ImageObject","inLanguage":"lt-LT","@id":"https:\/\/toidupakk.ee\/lt\/toode\/zibintas-su-oro-drekintuvu-ir-nuotaikos-apsvietimu-flextail\/#primaryimage","url":"https:\/\/toidupakk.ee\/wp-content\/uploads\/2025\/04\/Latern-ohuniisutaja-ja-meeleoluvalgusega-FlexTail\u00ae.zip8_.jpg","contentUrl":"https:\/\/toidupakk.ee\/wp-content\/uploads\/2025\/04\/Latern-ohuniisutaja-ja-meeleoluvalgusega-FlexTail\u00ae.zip8_.jpg","width":800,"height":800},{"@type":"BreadcrumbList","@id":"https:\/\/toidupakk.ee\/lt\/toode\/zibintas-su-oro-drekintuvu-ir-nuotaikos-apsvietimu-flextail\/#breadcrumb","itemListElement":[{"@type":"ListItem","position":1,"name":"Avaleht","item":"https:\/\/toidupakk.ee\/lt\/"},{"@type":"ListItem","position":2,"name":"El. parduotuv\u0117","item":"https:\/\/toidupakk.ee\/lt\/el-parduotuve\/"},{"@type":"ListItem","position":3,"name":"\u017dibintas su oro dr\u0117kintuvu ir nuotaikos ap\u0161vietimu \u201eFlexTail\u00ae\u201c"}]},{"@type":"WebSite","@id":"https:\/\/toidupakk.ee\/lt\/#website","url":"https:\/\/toidupakk.ee\/lt\/","name":"Toidupakk.ee - Tactical Foodpack toidupakid","description":"Tactical Foodpack k\u00fclmkuivatatud toidupakid ja matkaeined","publisher":{"@id":"https:\/\/toidupakk.ee\/lt\/#organization"},"potentialAction":[{"@type":"SearchAction","target":{"@type":"EntryPoint","urlTemplate":"https:\/\/toidupakk.ee\/lt\/?s={search_term_string}"},"query-input":{"@type":"PropertyValueSpecification","valueRequired":true,"valueName":"search_term_string"}}],"inLanguage":"lt-LT"},{"@type":"Organization","@id":"https:\/\/toidupakk.ee\/lt\/#organization","name":"Tactical Foodpack matkaeined","url":"https:\/\/toidupakk.ee\/lt\/","logo":{"@type":"ImageObject","inLanguage":"lt-LT","@id":"https:\/\/toidupakk.ee\/lt\/#\/schema\/logo\/image\/","url":"https:\/\/toidupakk.ee\/wp-content\/uploads\/2022\/01\/Toidupakk-matkapood-logo-transparent.png","contentUrl":"https:\/\/toidupakk.ee\/wp-content\/uploads\/2022\/01\/Toidupakk-matkapood-logo-transparent.png","width":500,"height":500,"caption":"Tactical Foodpack matkaeined"},"image":{"@id":"https:\/\/toidupakk.ee\/lt\/#\/schema\/logo\/image\/"},"sameAs":["https:\/\/www.facebook.com\/Toidupakk","https:\/\/www.instagram.com\/toidupakk\/"]}]}},"jetpack_sharing_enabled":true,"_links":{"self":[{"href":"https:\/\/toidupakk.ee\/lt\/wp-json\/wp\/v2\/product\/46263","targetHints":{"allow":["GET"]}}],"collection":[{"href":"https:\/\/toidupakk.ee\/lt\/wp-json\/wp\/v2\/product"}],"about":[{"href":"https:\/\/toidupakk.ee\/lt\/wp-json\/wp\/v2\/types\/product"}],"replies":[{"embeddable":true,"href":"https:\/\/toidupakk.ee\/lt\/wp-json\/wp\/v2\/comments?post=46263"}],"wp:featuredmedia":[{"embeddable":true,"href":"https:\/\/toidupakk.ee\/lt\/wp-json\/wp\/v2\/media\/42851"}],"wp:attachment":[{"href":"https:\/\/toidupakk.ee\/lt\/wp-json\/wp\/v2\/media?parent=46263"}],"wp:term":[{"taxonomy":"product_brand","embeddable":true,"href":"https:\/\/toidupakk.ee\/lt\/wp-json\/wp\/v2\/product_brand?post=46263"},{"taxonomy":"product_cat","embeddable":true,"href":"https:\/\/toidupakk.ee\/lt\/wp-json\/wp\/v2\/product_cat?post=46263"},{"taxonomy":"product_tag","embeddable":true,"href":"https:\/\/toidupakk.ee\/lt\/wp-json\/wp\/v2\/product_tag?post=46263"}],"curies":[{"name":"wp","href":"https:\/\/api.w.org\/{rel}","templated":true}]}}