{"id":46216,"date":"2024-12-10T09:22:20","date_gmt":"2024-12-10T07:22:20","guid":{"rendered":"https:\/\/toidupakk.ee\/toode\/dantu-valymo-tabletes-124-vnt-pakuoteje\/"},"modified":"2026-04-15T01:31:41","modified_gmt":"2026-04-14T22:31:41","slug":"dantu-valymo-tabletes-124-vnt-pakuoteje","status":"publish","type":"product","link":"https:\/\/toidupakk.ee\/lt\/toode\/dantu-valymo-tabletes-124-vnt-pakuoteje\/","title":{"rendered":"Dant\u0173 valymo tablet\u0117s (124 vnt. pakuot\u0117je)"},"content":{"rendered":"<h1><\/h1>\n<p><img fetchpriority=\"high\" decoding=\"async\" class=\"alignright wp-image-29777 size-thumbnail\" src=\"https:\/\/toidupakk.ee\/wp-content\/uploads\/2024\/12\/1Piparmundi-hambapesutabletid-500x500.png\" alt=\"pipirm\u0117\u010di\u0173 skonio dant\u0173 valymo tablet\u0117s\" width=\"500\" height=\"500\" srcset=\"https:\/\/toidupakk.ee\/wp-content\/uploads\/2024\/12\/1Piparmundi-hambapesutabletid-500x500.png 500w, https:\/\/toidupakk.ee\/wp-content\/uploads\/2024\/12\/1Piparmundi-hambapesutabletid-400x400.png 400w, https:\/\/toidupakk.ee\/wp-content\/uploads\/2024\/12\/1Piparmundi-hambapesutabletid-100x100.png 100w, https:\/\/toidupakk.ee\/wp-content\/uploads\/2024\/12\/1Piparmundi-hambapesutabletid-300x300.png 300w, https:\/\/toidupakk.ee\/wp-content\/uploads\/2024\/12\/1Piparmundi-hambapesutabletid-768x768.png 768w, https:\/\/toidupakk.ee\/wp-content\/uploads\/2024\/12\/1Piparmundi-hambapesutabletid.png 800w\" sizes=\"(max-width: 500px) 100vw, 500px\" \/><\/p>\n<h1>Dant\u0173 valymo tablet\u0117s \u2013 patogus b\u016bdas valyti dantis ne namuose<\/h1>\n<p>Dant\u0173 valymo tablet\u0117s yra patogus ir nat\u016bralus sprendimas tiems, kurie m\u0117gsta \u017eygius, stovyklavim\u0105, keliones ar da\u017enai b\u016bna ne namuose. \u0160ias 100 % nat\u016bralias tabletes paprasta naudoti, jos supakuotos \u012f ma\u017e\u0105, patogi\u0105 aliuminio d\u0117\u017eut\u0119, tod\u0117l jas lengva ne\u0161iotis su savimi. <\/p>\n<h2>Kaip naudoti dant\u0173 valymo tabletes<\/h2>\n<p>Tabletes naudoti itin paprasta:<\/p>\n<ol>\n<li>Sukramtyk tablet\u0119.<\/li>\n<li>Valyk dantis dr\u0117gnu \u0161epet\u0117liu.<\/li>\n<li>I\u0161spjauk putas.<\/li>\n<\/ol>\n<p>Po naudojimo rekomenduojama burnos neskalauti, kad tablet\u0117s veikt\u0173 maksimaliai ir b\u016bt\u0173 kuo naudingesn\u0117s burnos higienai.<\/p>\n<p>&nbsp;<\/p>\n<h3 data-start=\"116\" data-end=\"168\"><strong data-start=\"120\" data-end=\"168\">Pipirm\u0117\u010di\u0173, \u0161altm\u0117\u010di\u0173 ir persik\u0173 skonio dant\u0173 valymo tablet\u0117s<\/strong><\/h3>\n<p data-start=\"170\" data-end=\"484\">Pipirm\u0117\u010di\u0173 skonio tablet\u0117s suteikia burnai intensyvios gaivos ir \u017evalumo. Mentolis suteikia stipr\u0173 ir gaiv\u0173 skon\u012f, ramina bei ma\u017eina dant\u0173 jautrum\u0105 ir \u0161alina kenksmingas bakterijas. Kaip ir kitose tablet\u0117se, \u0161iose yra hidroksiapatito (HAp), kuris padeda nat\u016braliai atkurti dant\u0173 emal\u012f.  <\/p>\n<p data-start=\"486\" data-end=\"731\" data-is-last-node=\"\" data-is-only-node=\"\">Tablet\u0117s su \u0161altm\u0117\u010di\u0173 aliejumi suteikia burnai gaiv\u0173 ir kartu raminant\u012f skon\u012f. Jos ypa\u010d tinka jautriems dantims, palaiko danten\u0173 ir bendr\u0105 burnos sveikat\u0105. \u0160altm\u0117\u010di\u0173 aromatas veikia raminamai, gali pad\u0117ti suma\u017einti stres\u0105 ir nervingum\u0105.  <\/p>\n<p data-start=\"486\" data-end=\"731\" data-is-last-node=\"\" data-is-only-node=\"\">Persik\u0173 skonio tablet\u0117s suteikia dant\u0173 valymui malonaus saldumo ir vaisin\u0117s gaivos. Jos puikiai tinka tiek vaikams, tiek suaugusiems. Tablet\u0117s palaiko dant\u0173 ir danten\u0173 sveikat\u0105, paversdamos kasdien\u0119 burnos higien\u0105 smagia ir malonia rutina.  <\/p>\n<p data-start=\"486\" data-end=\"731\" data-is-last-node=\"\" data-is-only-node=\"\"><img decoding=\"async\" class=\"alignnone wp-image-36259 size-thumbnail\" src=\"https:\/\/toidupakk.ee\/wp-content\/uploads\/2024\/12\/rohemundi-fluoriidiga-hambapasta-tabletid-paberpakendis-124tk-spearmint-with-fluoride-toothpaste-tablets-in-paper-bag-124-tablets-3-600x600-1-500x500.jpg\" alt=\"\u0160altm\u0117\u010di\u0173 skonio dant\u0173 valymo tablet\u0117s\" width=\"500\" height=\"500\" srcset=\"https:\/\/toidupakk.ee\/wp-content\/uploads\/2024\/12\/rohemundi-fluoriidiga-hambapasta-tabletid-paberpakendis-124tk-spearmint-with-fluoride-toothpaste-tablets-in-paper-bag-124-tablets-3-600x600-1-500x500.jpg 500w, https:\/\/toidupakk.ee\/wp-content\/uploads\/2024\/12\/rohemundi-fluoriidiga-hambapasta-tabletid-paberpakendis-124tk-spearmint-with-fluoride-toothpaste-tablets-in-paper-bag-124-tablets-3-600x600-1-300x300.jpg 300w, https:\/\/toidupakk.ee\/wp-content\/uploads\/2024\/12\/rohemundi-fluoriidiga-hambapasta-tabletid-paberpakendis-124tk-spearmint-with-fluoride-toothpaste-tablets-in-paper-bag-124-tablets-3-600x600-1-400x400.jpg 400w, https:\/\/toidupakk.ee\/wp-content\/uploads\/2024\/12\/rohemundi-fluoriidiga-hambapasta-tabletid-paberpakendis-124tk-spearmint-with-fluoride-toothpaste-tablets-in-paper-bag-124-tablets-3-600x600-1-100x100.jpg 100w, https:\/\/toidupakk.ee\/wp-content\/uploads\/2024\/12\/rohemundi-fluoriidiga-hambapasta-tabletid-paberpakendis-124tk-spearmint-with-fluoride-toothpaste-tablets-in-paper-bag-124-tablets-3-600x600-1.jpg 600w\" sizes=\"(max-width: 500px) 100vw, 500px\" \/> <img decoding=\"async\" class=\"alignnone wp-image-42376 size-thumbnail\" src=\"https:\/\/toidupakk.ee\/wp-content\/uploads\/2024\/12\/virsikutabletid-500x500.png\" alt=\"\u201eFresmy Virsiku Peach\u201c dant\u0173 valymo tablet\u0117s\" width=\"500\" height=\"500\" srcset=\"https:\/\/toidupakk.ee\/wp-content\/uploads\/2024\/12\/virsikutabletid-500x500.png 500w, https:\/\/toidupakk.ee\/wp-content\/uploads\/2024\/12\/virsikutabletid-300x300.png 300w, https:\/\/toidupakk.ee\/wp-content\/uploads\/2024\/12\/virsikutabletid-768x768.png 768w, https:\/\/toidupakk.ee\/wp-content\/uploads\/2024\/12\/virsikutabletid-400x400.png 400w, https:\/\/toidupakk.ee\/wp-content\/uploads\/2024\/12\/virsikutabletid-100x100.png 100w, https:\/\/toidupakk.ee\/wp-content\/uploads\/2024\/12\/virsikutabletid-50x50.png 50w, https:\/\/toidupakk.ee\/wp-content\/uploads\/2024\/12\/virsikutabletid.png 800w\" sizes=\"(max-width: 500px) 100vw, 500px\" \/><\/p>\n<h2>Dant\u0173 valymo tablet\u0117s patogioje pakuot\u0117je<\/h2>\n<p>124 tablet\u0117s supakuotos \u012f patogi\u0105, pakartotinai u\u017edarom\u0105 popierin\u0119 pakuot\u0119. Tai idealus palydovas \u017eygiuose, stovyklaujant ar ilgose kelion\u0117se, kur svarbi vieta ir svoris. <\/p>\n<p>Jei ie\u0161kai patogios ir nat\u016bralios alternatyvos tradicinei dant\u0173 pastai, dant\u0173 valymo tablet\u0117s yra idealus pasirinkimas. I\u0161bandyk citrin\u0173, \u0161altm\u0117\u010di\u0173, pipirm\u0117\u010di\u0173 arba Sibiro k\u0117ni\u0173 ir aktyvintos anglies variantus bei m\u0117gaukis gaiviu burnos kvapu ir sveikais dantimis visur, kur tave nuves nuotykiai. <\/p>\n<p><img loading=\"lazy\" decoding=\"async\" class=\"alignnone size-full wp-image-27022\" src=\"https:\/\/toidupakk.ee\/wp-content\/uploads\/2024\/09\/peppermint-toothpaste-tablets-in-aluminium-tin-30-tablets-600x600-1.jpg\" alt=\"\" width=\"600\" height=\"600\" srcset=\"https:\/\/toidupakk.ee\/wp-content\/uploads\/2024\/09\/peppermint-toothpaste-tablets-in-aluminium-tin-30-tablets-600x600-1.jpg 600w, https:\/\/toidupakk.ee\/wp-content\/uploads\/2024\/09\/peppermint-toothpaste-tablets-in-aluminium-tin-30-tablets-600x600-1-400x400.jpg 400w, https:\/\/toidupakk.ee\/wp-content\/uploads\/2024\/09\/peppermint-toothpaste-tablets-in-aluminium-tin-30-tablets-600x600-1-100x100.jpg 100w, https:\/\/toidupakk.ee\/wp-content\/uploads\/2024\/09\/peppermint-toothpaste-tablets-in-aluminium-tin-30-tablets-600x600-1-300x300.jpg 300w, https:\/\/toidupakk.ee\/wp-content\/uploads\/2024\/09\/peppermint-toothpaste-tablets-in-aluminium-tin-30-tablets-600x600-1-500x500.jpg 500w\" sizes=\"(max-width: 600px) 100vw, 600px\" \/> <img loading=\"lazy\" decoding=\"async\" class=\"alignnone size-full wp-image-27023\" src=\"https:\/\/toidupakk.ee\/wp-content\/uploads\/2024\/09\/rohemundi-fluoriidiga-hambapasta-tabletid-alumiinium-purgis-30tk-spearmint-with-fluoride-toothpaste-tablets-in-aluminium-tin-30-tablets-600x600-1.jpg\" alt=\"\" width=\"600\" height=\"600\" srcset=\"https:\/\/toidupakk.ee\/wp-content\/uploads\/2024\/09\/rohemundi-fluoriidiga-hambapasta-tabletid-alumiinium-purgis-30tk-spearmint-with-fluoride-toothpaste-tablets-in-aluminium-tin-30-tablets-600x600-1.jpg 600w, https:\/\/toidupakk.ee\/wp-content\/uploads\/2024\/09\/rohemundi-fluoriidiga-hambapasta-tabletid-alumiinium-purgis-30tk-spearmint-with-fluoride-toothpaste-tablets-in-aluminium-tin-30-tablets-600x600-1-400x400.jpg 400w, https:\/\/toidupakk.ee\/wp-content\/uploads\/2024\/09\/rohemundi-fluoriidiga-hambapasta-tabletid-alumiinium-purgis-30tk-spearmint-with-fluoride-toothpaste-tablets-in-aluminium-tin-30-tablets-600x600-1-100x100.jpg 100w, https:\/\/toidupakk.ee\/wp-content\/uploads\/2024\/09\/rohemundi-fluoriidiga-hambapasta-tabletid-alumiinium-purgis-30tk-spearmint-with-fluoride-toothpaste-tablets-in-aluminium-tin-30-tablets-600x600-1-300x300.jpg 300w, https:\/\/toidupakk.ee\/wp-content\/uploads\/2024\/09\/rohemundi-fluoriidiga-hambapasta-tabletid-alumiinium-purgis-30tk-spearmint-with-fluoride-toothpaste-tablets-in-aluminium-tin-30-tablets-600x600-1-500x500.jpg 500w\" sizes=\"(max-width: 600px) 100vw, 600px\" \/> <img loading=\"lazy\" decoding=\"async\" class=\"alignnone size-full wp-image-27024\" src=\"https:\/\/toidupakk.ee\/wp-content\/uploads\/2024\/09\/lemon-toothpaste-tablets-in-aluminium-tin-30-tablets-600x600-1.jpg\" alt=\"\" width=\"600\" height=\"600\" srcset=\"https:\/\/toidupakk.ee\/wp-content\/uploads\/2024\/09\/lemon-toothpaste-tablets-in-aluminium-tin-30-tablets-600x600-1.jpg 600w, https:\/\/toidupakk.ee\/wp-content\/uploads\/2024\/09\/lemon-toothpaste-tablets-in-aluminium-tin-30-tablets-600x600-1-400x400.jpg 400w, https:\/\/toidupakk.ee\/wp-content\/uploads\/2024\/09\/lemon-toothpaste-tablets-in-aluminium-tin-30-tablets-600x600-1-100x100.jpg 100w, https:\/\/toidupakk.ee\/wp-content\/uploads\/2024\/09\/lemon-toothpaste-tablets-in-aluminium-tin-30-tablets-600x600-1-300x300.jpg 300w, https:\/\/toidupakk.ee\/wp-content\/uploads\/2024\/09\/lemon-toothpaste-tablets-in-aluminium-tin-30-tablets-600x600-1-500x500.jpg 500w\" sizes=\"(max-width: 600px) 100vw, 600px\" \/> <img loading=\"lazy\" decoding=\"async\" class=\"alignnone size-full wp-image-27025\" src=\"https:\/\/toidupakk.ee\/wp-content\/uploads\/2024\/09\/siberian-fir-activated-charcoal-toothpaste-tablets-in-aluminium-tin-30-tablets-600x600-1.jpg\" alt=\"\" width=\"600\" height=\"600\" srcset=\"https:\/\/toidupakk.ee\/wp-content\/uploads\/2024\/09\/siberian-fir-activated-charcoal-toothpaste-tablets-in-aluminium-tin-30-tablets-600x600-1.jpg 600w, https:\/\/toidupakk.ee\/wp-content\/uploads\/2024\/09\/siberian-fir-activated-charcoal-toothpaste-tablets-in-aluminium-tin-30-tablets-600x600-1-400x400.jpg 400w, https:\/\/toidupakk.ee\/wp-content\/uploads\/2024\/09\/siberian-fir-activated-charcoal-toothpaste-tablets-in-aluminium-tin-30-tablets-600x600-1-100x100.jpg 100w, https:\/\/toidupakk.ee\/wp-content\/uploads\/2024\/09\/siberian-fir-activated-charcoal-toothpaste-tablets-in-aluminium-tin-30-tablets-600x600-1-300x300.jpg 300w, https:\/\/toidupakk.ee\/wp-content\/uploads\/2024\/09\/siberian-fir-activated-charcoal-toothpaste-tablets-in-aluminium-tin-30-tablets-600x600-1-500x500.jpg 500w\" sizes=\"(max-width: 600px) 100vw, 600px\" \/><\/p>\n<p>Per\u017ei\u016br\u0117k <a href=\"https:\/\/toidupakk.ee\/toode\/hambapesutabletid-fresmy\/\">dant\u0173 valymo tabletes<\/a> ma\u017eesn\u0117se aliuminio d\u0117\u017eut\u0117se.<\/p>\n<p>Pasisemk \u012fkv\u0117pimo kitiems nuotykiams \u201eToidupakk\u201c <a href=\"https:\/\/www.instagram.com\/toidupakk\/\">Instagram<\/a> ir <a href=\"https:\/\/www.facebook.com\/Toidupakk\/\">Facebook<\/a> paskyrose.<\/p>\n","protected":false},"excerpt":{"rendered":"<p><strong>Dant\u0173 pastos tablet\u0117s stilingoje, aplink\u0105 tausojan\u010dioje popierin\u0117je pakuot\u0117je. 100 % nat\u016bralios dant\u0173 valymo tablet\u0117s.  <\/strong><\/p>\n<ul>\n<li>Paprasta naudoti: sukramtyk tablet\u0119, valyk dantis dr\u0117gnu \u0161epet\u0117liu, i\u0161spjauk putas<\/li>\n<li>Po naudojimo rekomenduojama burnos neskalauti, kad mineralai veikt\u0173 maksimaliai<\/li>\n<li>Supakuota \u012f patogi\u0105, pakartotinai u\u017edarom\u0105 pakuot\u0119 su \u201egrip\u201c u\u017esegimu<\/li>\n<li>Pakuot\u0117je rasi 124 tabletes, kuri\u0173 vienam asmeniui u\u017eteks dviem m\u0117nesiams<\/li>\n<li>Galima rinktis i\u0161 skirting\u0173 skoni\u0173: pipirm\u0117\u010di\u0173, \u0161altm\u0117\u010di\u0173 ir persik\u0173.<\/li>\n<\/ul>\n<p>\u2705 Turime sand\u0117lyje, greitas pristatymas per 1\u20133 darbo dienas<\/p>\n<div style=\"display: flex; gap: 10px; align-items: center;\"><img loading=\"lazy\" decoding=\"async\" class=\"alignnone wp-image-27017\" src=\"https:\/\/toidupakk.ee\/wp-content\/uploads\/2024\/09\/Icon_made_in-1-300x300-1.png\" width=\"100\" height=\"100\" srcset=\"https:\/\/toidupakk.ee\/wp-content\/uploads\/2024\/09\/Icon_made_in-1-300x300-1.png 300w, https:\/\/toidupakk.ee\/wp-content\/uploads\/2024\/09\/Icon_made_in-1-300x300-1-100x100.png 100w\" sizes=\"(max-width: 100px) 100vw, 100px\" \/><br \/>\n<img loading=\"lazy\" decoding=\"async\" class=\"alignnone wp-image-27018\" src=\"https:\/\/toidupakk.ee\/wp-content\/uploads\/2024\/09\/Icon_against_cavities-300x300-1.png\" width=\"100\" height=\"100\" srcset=\"https:\/\/toidupakk.ee\/wp-content\/uploads\/2024\/09\/Icon_against_cavities-300x300-1.png 300w, https:\/\/toidupakk.ee\/wp-content\/uploads\/2024\/09\/Icon_against_cavities-300x300-1-100x100.png 100w\" sizes=\"(max-width: 100px) 100vw, 100px\" \/><br \/>\n<img loading=\"lazy\" decoding=\"async\" class=\"alignnone wp-image-27019\" src=\"https:\/\/toidupakk.ee\/wp-content\/uploads\/2024\/09\/Icon_Fresh_breath-300x300-1.png\" width=\"100\" height=\"100\" srcset=\"https:\/\/toidupakk.ee\/wp-content\/uploads\/2024\/09\/Icon_Fresh_breath-300x300-1.png 300w, https:\/\/toidupakk.ee\/wp-content\/uploads\/2024\/09\/Icon_Fresh_breath-300x300-1-100x100.png 100w\" sizes=\"(max-width: 100px) 100vw, 100px\" \/><br \/>\n<img loading=\"lazy\" decoding=\"async\" class=\"alignnone wp-image-27020\" src=\"https:\/\/toidupakk.ee\/wp-content\/uploads\/2024\/09\/Icon_approved_dentists-300x300-1.png\" width=\"100\" height=\"100\" srcset=\"https:\/\/toidupakk.ee\/wp-content\/uploads\/2024\/09\/Icon_approved_dentists-300x300-1.png 300w, https:\/\/toidupakk.ee\/wp-content\/uploads\/2024\/09\/Icon_approved_dentists-300x300-1-100x100.png 100w\" sizes=\"(max-width: 100px) 100vw, 100px\" \/><\/div>\n","protected":false},"featured_media":55000,"comment_status":"open","ping_status":"closed","template":"","meta":{"_acf_changed":false},"product_brand":[],"product_cat":[189,190],"product_tag":[],"class_list":{"0":"post-46216","1":"product","2":"type-product","3":"status-publish","4":"has-post-thumbnail","6":"product_cat-zygio-iranga","7":"product_cat-zygio-prekes","9":"first","10":"instock","11":"taxable","12":"shipping-taxable","13":"purchasable","14":"product-type-variable","15":"has-default-attributes"},"bundled_by":[],"bundle_stock_status":"instock","bundle_stock_quantity":null,"bundle_virtual":false,"bundle_layout":"","bundle_add_to_cart_form_location":"","bundle_editable_in_cart":false,"bundle_sold_individually_context":"","bundle_item_grouping":"","bundle_min_size":"","bundle_max_size":"","bundle_price":[],"bundled_items":[],"bundle_sell_ids":[],"acf":[],"yoast_head":"<!-- This site is optimized with the Yoast SEO plugin v27.3 - https:\/\/yoast.com\/product\/yoast-seo-wordpress\/ -->\n<title>Dant\u0173 valymo tablet\u0117s (124 vnt. pakuot\u0117je)<\/title>\n<meta name=\"description\" content=\"Dant\u0173 valymo tablet\u0117s: sukramtyk, valyk, i\u0161spjauk. 100 % nat\u016bralios dant\u0173 tablet\u0117s. Pakuot\u0117je yra 124 vnt., kuri\u0173 vienam asmeniui u\u017eteks 2 m\u0117nesiams.\" \/>\n<meta name=\"robots\" content=\"index, follow, max-snippet:-1, max-image-preview:large, max-video-preview:-1\" \/>\n<link rel=\"canonical\" href=\"https:\/\/toidupakk.ee\/lt\/toode\/dantu-valymo-tabletes-124-vnt-pakuoteje\/\" \/>\n<meta property=\"og:locale\" content=\"lt_LT\" \/>\n<meta property=\"og:type\" content=\"article\" \/>\n<meta property=\"og:title\" content=\"Dant\u0173 valymo tablet\u0117s (124 vnt. pakuot\u0117je)\" \/>\n<meta property=\"og:description\" content=\"Dant\u0173 valymo tablet\u0117s: sukramtyk, valyk, i\u0161spjauk. 100 % nat\u016bralios dant\u0173 tablet\u0117s. Pakuot\u0117je yra 124 vnt., kuri\u0173 vienam asmeniui u\u017eteks 2 m\u0117nesiams.\" \/>\n<meta property=\"og:url\" content=\"https:\/\/toidupakk.ee\/lt\/toode\/dantu-valymo-tabletes-124-vnt-pakuoteje\/\" \/>\n<meta property=\"og:site_name\" content=\"Toidupakk.ee - Tactical Foodpack toidupakid\" \/>\n<meta property=\"article:publisher\" content=\"https:\/\/www.facebook.com\/Toidupakk\" \/>\n<meta property=\"article:modified_time\" content=\"2026-04-14T22:31:41+00:00\" \/>\n<meta property=\"og:image\" content=\"https:\/\/toidupakk.ee\/wp-content\/uploads\/2024\/12\/2Piparmundi-hambapesutabletid.png\" \/>\n\t<meta property=\"og:image:width\" content=\"800\" \/>\n\t<meta property=\"og:image:height\" content=\"800\" \/>\n\t<meta property=\"og:image:type\" content=\"image\/png\" \/>\n<meta name=\"twitter:card\" content=\"summary_large_image\" \/>\n<meta name=\"twitter:label1\" content=\"Est. reading time\" \/>\n\t<meta name=\"twitter:data1\" content=\"2 minut\u0117s\" \/>\n<script type=\"application\/ld+json\" class=\"yoast-schema-graph\">{\"@context\":\"https:\\\/\\\/schema.org\",\"@graph\":[{\"@type\":\"WebPage\",\"@id\":\"https:\\\/\\\/toidupakk.ee\\\/lt\\\/toode\\\/dantu-valymo-tabletes-124-vnt-pakuoteje\\\/\",\"url\":\"https:\\\/\\\/toidupakk.ee\\\/lt\\\/toode\\\/dantu-valymo-tabletes-124-vnt-pakuoteje\\\/\",\"name\":\"Dant\u0173 valymo tablet\u0117s (124 vnt. pakuot\u0117je)\",\"isPartOf\":{\"@id\":\"https:\\\/\\\/toidupakk.ee\\\/lt\\\/#website\"},\"primaryImageOfPage\":{\"@id\":\"https:\\\/\\\/toidupakk.ee\\\/lt\\\/toode\\\/dantu-valymo-tabletes-124-vnt-pakuoteje\\\/#primaryimage\"},\"image\":{\"@id\":\"https:\\\/\\\/toidupakk.ee\\\/lt\\\/toode\\\/dantu-valymo-tabletes-124-vnt-pakuoteje\\\/#primaryimage\"},\"thumbnailUrl\":\"https:\\\/\\\/toidupakk.ee\\\/wp-content\\\/uploads\\\/2024\\\/12\\\/Hambapesutabletid-piparmundi-maitsega-124.webp\",\"datePublished\":\"2024-12-10T07:22:20+00:00\",\"dateModified\":\"2026-04-14T22:31:41+00:00\",\"description\":\"Dant\u0173 valymo tablet\u0117s: sukramtyk, valyk, i\u0161spjauk. 100 % nat\u016bralios dant\u0173 tablet\u0117s. Pakuot\u0117je yra 124 vnt., kuri\u0173 vienam asmeniui u\u017eteks 2 m\u0117nesiams.\",\"breadcrumb\":{\"@id\":\"https:\\\/\\\/toidupakk.ee\\\/lt\\\/toode\\\/dantu-valymo-tabletes-124-vnt-pakuoteje\\\/#breadcrumb\"},\"inLanguage\":\"lt-LT\",\"potentialAction\":[{\"@type\":\"ReadAction\",\"target\":[\"https:\\\/\\\/toidupakk.ee\\\/lt\\\/toode\\\/dantu-valymo-tabletes-124-vnt-pakuoteje\\\/\"]}]},{\"@type\":\"ImageObject\",\"inLanguage\":\"lt-LT\",\"@id\":\"https:\\\/\\\/toidupakk.ee\\\/lt\\\/toode\\\/dantu-valymo-tabletes-124-vnt-pakuoteje\\\/#primaryimage\",\"url\":\"https:\\\/\\\/toidupakk.ee\\\/wp-content\\\/uploads\\\/2024\\\/12\\\/Hambapesutabletid-piparmundi-maitsega-124.webp\",\"contentUrl\":\"https:\\\/\\\/toidupakk.ee\\\/wp-content\\\/uploads\\\/2024\\\/12\\\/Hambapesutabletid-piparmundi-maitsega-124.webp\",\"width\":600,\"height\":600},{\"@type\":\"BreadcrumbList\",\"@id\":\"https:\\\/\\\/toidupakk.ee\\\/lt\\\/toode\\\/dantu-valymo-tabletes-124-vnt-pakuoteje\\\/#breadcrumb\",\"itemListElement\":[{\"@type\":\"ListItem\",\"position\":1,\"name\":\"Avaleht\",\"item\":\"https:\\\/\\\/toidupakk.ee\\\/lt\\\/\"},{\"@type\":\"ListItem\",\"position\":2,\"name\":\"El. parduotuv\u0117\",\"item\":\"https:\\\/\\\/toidupakk.ee\\\/lt\\\/el-parduotuve\\\/\"},{\"@type\":\"ListItem\",\"position\":3,\"name\":\"Dant\u0173 valymo tablet\u0117s (124 vnt. pakuot\u0117je)\"}]},{\"@type\":\"WebSite\",\"@id\":\"https:\\\/\\\/toidupakk.ee\\\/lt\\\/#website\",\"url\":\"https:\\\/\\\/toidupakk.ee\\\/lt\\\/\",\"name\":\"Toidupakk.ee - Tactical Foodpack toidupakid\",\"description\":\"Tactical Foodpack k\u00fclmkuivatatud toidupakid ja matkaeined\",\"publisher\":{\"@id\":\"https:\\\/\\\/toidupakk.ee\\\/lt\\\/#organization\"},\"potentialAction\":[{\"@type\":\"SearchAction\",\"target\":{\"@type\":\"EntryPoint\",\"urlTemplate\":\"https:\\\/\\\/toidupakk.ee\\\/lt\\\/?s={search_term_string}\"},\"query-input\":{\"@type\":\"PropertyValueSpecification\",\"valueRequired\":true,\"valueName\":\"search_term_string\"}}],\"inLanguage\":\"lt-LT\"},{\"@type\":\"Organization\",\"@id\":\"https:\\\/\\\/toidupakk.ee\\\/lt\\\/#organization\",\"name\":\"Tactical Foodpack matkaeined\",\"url\":\"https:\\\/\\\/toidupakk.ee\\\/lt\\\/\",\"logo\":{\"@type\":\"ImageObject\",\"inLanguage\":\"lt-LT\",\"@id\":\"https:\\\/\\\/toidupakk.ee\\\/lt\\\/#\\\/schema\\\/logo\\\/image\\\/\",\"url\":\"https:\\\/\\\/toidupakk.ee\\\/wp-content\\\/uploads\\\/2022\\\/01\\\/Toidupakk-matkapood-logo-transparent.png\",\"contentUrl\":\"https:\\\/\\\/toidupakk.ee\\\/wp-content\\\/uploads\\\/2022\\\/01\\\/Toidupakk-matkapood-logo-transparent.png\",\"width\":500,\"height\":500,\"caption\":\"Tactical Foodpack matkaeined\"},\"image\":{\"@id\":\"https:\\\/\\\/toidupakk.ee\\\/lt\\\/#\\\/schema\\\/logo\\\/image\\\/\"},\"sameAs\":[\"https:\\\/\\\/www.facebook.com\\\/Toidupakk\",\"https:\\\/\\\/www.instagram.com\\\/toidupakk\\\/\"]}]}<\/script>\n<!-- \/ Yoast SEO plugin. -->","yoast_head_json":{"title":"Dant\u0173 valymo tablet\u0117s (124 vnt. pakuot\u0117je)","description":"Dant\u0173 valymo tablet\u0117s: sukramtyk, valyk, i\u0161spjauk. 100 % nat\u016bralios dant\u0173 tablet\u0117s. Pakuot\u0117je yra 124 vnt., kuri\u0173 vienam asmeniui u\u017eteks 2 m\u0117nesiams.","robots":{"index":"index","follow":"follow","max-snippet":"max-snippet:-1","max-image-preview":"max-image-preview:large","max-video-preview":"max-video-preview:-1"},"canonical":"https:\/\/toidupakk.ee\/lt\/toode\/dantu-valymo-tabletes-124-vnt-pakuoteje\/","og_locale":"lt_LT","og_type":"article","og_title":"Dant\u0173 valymo tablet\u0117s (124 vnt. pakuot\u0117je)","og_description":"Dant\u0173 valymo tablet\u0117s: sukramtyk, valyk, i\u0161spjauk. 100 % nat\u016bralios dant\u0173 tablet\u0117s. Pakuot\u0117je yra 124 vnt., kuri\u0173 vienam asmeniui u\u017eteks 2 m\u0117nesiams.","og_url":"https:\/\/toidupakk.ee\/lt\/toode\/dantu-valymo-tabletes-124-vnt-pakuoteje\/","og_site_name":"Toidupakk.ee - Tactical Foodpack toidupakid","article_publisher":"https:\/\/www.facebook.com\/Toidupakk","article_modified_time":"2026-04-14T22:31:41+00:00","og_image":[{"width":800,"height":800,"url":"https:\/\/toidupakk.ee\/wp-content\/uploads\/2024\/12\/2Piparmundi-hambapesutabletid.png","type":"image\/png"}],"twitter_card":"summary_large_image","twitter_misc":{"Est. reading time":"2 minut\u0117s"},"schema":{"@context":"https:\/\/schema.org","@graph":[{"@type":"WebPage","@id":"https:\/\/toidupakk.ee\/lt\/toode\/dantu-valymo-tabletes-124-vnt-pakuoteje\/","url":"https:\/\/toidupakk.ee\/lt\/toode\/dantu-valymo-tabletes-124-vnt-pakuoteje\/","name":"Dant\u0173 valymo tablet\u0117s (124 vnt. pakuot\u0117je)","isPartOf":{"@id":"https:\/\/toidupakk.ee\/lt\/#website"},"primaryImageOfPage":{"@id":"https:\/\/toidupakk.ee\/lt\/toode\/dantu-valymo-tabletes-124-vnt-pakuoteje\/#primaryimage"},"image":{"@id":"https:\/\/toidupakk.ee\/lt\/toode\/dantu-valymo-tabletes-124-vnt-pakuoteje\/#primaryimage"},"thumbnailUrl":"https:\/\/toidupakk.ee\/wp-content\/uploads\/2024\/12\/Hambapesutabletid-piparmundi-maitsega-124.webp","datePublished":"2024-12-10T07:22:20+00:00","dateModified":"2026-04-14T22:31:41+00:00","description":"Dant\u0173 valymo tablet\u0117s: sukramtyk, valyk, i\u0161spjauk. 100 % nat\u016bralios dant\u0173 tablet\u0117s. Pakuot\u0117je yra 124 vnt., kuri\u0173 vienam asmeniui u\u017eteks 2 m\u0117nesiams.","breadcrumb":{"@id":"https:\/\/toidupakk.ee\/lt\/toode\/dantu-valymo-tabletes-124-vnt-pakuoteje\/#breadcrumb"},"inLanguage":"lt-LT","potentialAction":[{"@type":"ReadAction","target":["https:\/\/toidupakk.ee\/lt\/toode\/dantu-valymo-tabletes-124-vnt-pakuoteje\/"]}]},{"@type":"ImageObject","inLanguage":"lt-LT","@id":"https:\/\/toidupakk.ee\/lt\/toode\/dantu-valymo-tabletes-124-vnt-pakuoteje\/#primaryimage","url":"https:\/\/toidupakk.ee\/wp-content\/uploads\/2024\/12\/Hambapesutabletid-piparmundi-maitsega-124.webp","contentUrl":"https:\/\/toidupakk.ee\/wp-content\/uploads\/2024\/12\/Hambapesutabletid-piparmundi-maitsega-124.webp","width":600,"height":600},{"@type":"BreadcrumbList","@id":"https:\/\/toidupakk.ee\/lt\/toode\/dantu-valymo-tabletes-124-vnt-pakuoteje\/#breadcrumb","itemListElement":[{"@type":"ListItem","position":1,"name":"Avaleht","item":"https:\/\/toidupakk.ee\/lt\/"},{"@type":"ListItem","position":2,"name":"El. parduotuv\u0117","item":"https:\/\/toidupakk.ee\/lt\/el-parduotuve\/"},{"@type":"ListItem","position":3,"name":"Dant\u0173 valymo tablet\u0117s (124 vnt. pakuot\u0117je)"}]},{"@type":"WebSite","@id":"https:\/\/toidupakk.ee\/lt\/#website","url":"https:\/\/toidupakk.ee\/lt\/","name":"Toidupakk.ee - Tactical Foodpack toidupakid","description":"Tactical Foodpack k\u00fclmkuivatatud toidupakid ja matkaeined","publisher":{"@id":"https:\/\/toidupakk.ee\/lt\/#organization"},"potentialAction":[{"@type":"SearchAction","target":{"@type":"EntryPoint","urlTemplate":"https:\/\/toidupakk.ee\/lt\/?s={search_term_string}"},"query-input":{"@type":"PropertyValueSpecification","valueRequired":true,"valueName":"search_term_string"}}],"inLanguage":"lt-LT"},{"@type":"Organization","@id":"https:\/\/toidupakk.ee\/lt\/#organization","name":"Tactical Foodpack matkaeined","url":"https:\/\/toidupakk.ee\/lt\/","logo":{"@type":"ImageObject","inLanguage":"lt-LT","@id":"https:\/\/toidupakk.ee\/lt\/#\/schema\/logo\/image\/","url":"https:\/\/toidupakk.ee\/wp-content\/uploads\/2022\/01\/Toidupakk-matkapood-logo-transparent.png","contentUrl":"https:\/\/toidupakk.ee\/wp-content\/uploads\/2022\/01\/Toidupakk-matkapood-logo-transparent.png","width":500,"height":500,"caption":"Tactical Foodpack matkaeined"},"image":{"@id":"https:\/\/toidupakk.ee\/lt\/#\/schema\/logo\/image\/"},"sameAs":["https:\/\/www.facebook.com\/Toidupakk","https:\/\/www.instagram.com\/toidupakk\/"]}]}},"jetpack_sharing_enabled":true,"_links":{"self":[{"href":"https:\/\/toidupakk.ee\/lt\/wp-json\/wp\/v2\/product\/46216","targetHints":{"allow":["GET"]}}],"collection":[{"href":"https:\/\/toidupakk.ee\/lt\/wp-json\/wp\/v2\/product"}],"about":[{"href":"https:\/\/toidupakk.ee\/lt\/wp-json\/wp\/v2\/types\/product"}],"replies":[{"embeddable":true,"href":"https:\/\/toidupakk.ee\/lt\/wp-json\/wp\/v2\/comments?post=46216"}],"wp:featuredmedia":[{"embeddable":true,"href":"https:\/\/toidupakk.ee\/lt\/wp-json\/wp\/v2\/media\/55000"}],"wp:attachment":[{"href":"https:\/\/toidupakk.ee\/lt\/wp-json\/wp\/v2\/media?parent=46216"}],"wp:term":[{"taxonomy":"product_brand","embeddable":true,"href":"https:\/\/toidupakk.ee\/lt\/wp-json\/wp\/v2\/product_brand?post=46216"},{"taxonomy":"product_cat","embeddable":true,"href":"https:\/\/toidupakk.ee\/lt\/wp-json\/wp\/v2\/product_cat?post=46216"},{"taxonomy":"product_tag","embeddable":true,"href":"https:\/\/toidupakk.ee\/lt\/wp-json\/wp\/v2\/product_tag?post=46216"}],"curies":[{"name":"wp","href":"https:\/\/api.w.org\/{rel}","templated":true}]}}