{"id":46198,"date":"2024-12-04T15:25:50","date_gmt":"2024-12-04T13:25:50","guid":{"rendered":"https:\/\/toidupakk.ee\/toode\/korejietiskas-bibimbap-su-jautiena\/"},"modified":"2026-04-29T16:31:11","modified_gmt":"2026-04-29T13:31:11","slug":"korejietiskas-bibimbap-su-jautiena","status":"publish","type":"product","link":"https:\/\/toidupakk.ee\/lt\/toode\/korejietiskas-bibimbap-su-jautiena\/","title":{"rendered":"Kor\u0117jieti\u0161kas \u201eBibimbap\u201c su jautiena"},"content":{"rendered":"<p>&nbsp;<\/p>\n<p><img fetchpriority=\"high\" decoding=\"async\" class=\"alignright wp-image-31830 size-thumbnail\" src=\"https:\/\/toidupakk.ee\/wp-content\/uploads\/2024\/12\/Veiseliha-Bibimbap-kauss-500x500.png\" alt=\"\u201eTactical Foodpack\u201c kor\u0117jieti\u0161kas \u201eBibimbap\u201c\" width=\"500\" height=\"500\" srcset=\"https:\/\/toidupakk.ee\/wp-content\/uploads\/2024\/12\/Veiseliha-Bibimbap-kauss-500x500.png 500w, https:\/\/toidupakk.ee\/wp-content\/uploads\/2024\/12\/Veiseliha-Bibimbap-kauss-400x400.png 400w, https:\/\/toidupakk.ee\/wp-content\/uploads\/2024\/12\/Veiseliha-Bibimbap-kauss-100x100.png 100w, https:\/\/toidupakk.ee\/wp-content\/uploads\/2024\/12\/Veiseliha-Bibimbap-kauss-300x300.png 300w, https:\/\/toidupakk.ee\/wp-content\/uploads\/2024\/12\/Veiseliha-Bibimbap-kauss-768x768.png 768w, https:\/\/toidupakk.ee\/wp-content\/uploads\/2024\/12\/Veiseliha-Bibimbap-kauss.png 800w\" sizes=\"(max-width: 500px) 100vw, 500px\" \/><\/p>\n<p><strong>Kor\u0117jieti\u0161kas \u201eBibimbap\u201c su jautiena \u201eTactical Foodpack\u201c<\/strong><\/p>\n<p>\u201eTactical Foodpack\u201c kor\u0117jieti\u0161kas \u201eBibimbap\u201c su jautiena \u2013 idealus sprendimas ie\u0161kantiems skanaus ir maistingo maisto. \u0160\u012f liofilizuot\u0105 patiekal\u0105 lengva paruo\u0161ti, jis puikiai tinka \u017eygiams, nuotykiams ar greitai vakarienei namuose. <\/p>\n<h3>Kod\u0117l verta rinktis kor\u0117jieti\u0161k\u0105 \u201eBibimbap\u201c su jautiena?<\/h3>\n<p>Tai daugiau nei tik maistas \u2013 tai patogus ir sotus pasirinkimas. \u201eTactical Foodpack\u201c patiekalai, \u012fskaitant \u0161\u012f kor\u0117jieti\u0161k\u0105 \u201eBibimbap\u201c su jautiena, sukurti u\u017etikrinti didel\u0119 maistin\u0119 vert\u0119 ir suteikti energijos net sud\u0117tingiausiomis s\u0105lygomis. \u0160tai kelios prie\u017eastys, kod\u0117l \u0161is produktas tur\u0117t\u0173 b\u016bti tavo kitas pasirinkimas:  <\/p>\n<ul>\n<li><strong>Lengva paruo\u0161ti:<\/strong> tiesiog \u012fpilk 300 ml kar\u0161to vandens ir palauk 8 minutes. Greitas ir patogus sprendimas be jokio vargo. <\/li>\n<li><strong>Daug energijos:<\/strong> viena porcija turi 2231 kJ (531 kcal), kad i\u0161liktum energingas vis\u0105 dien\u0105.<\/li>\n<li><strong>Nat\u016brali sud\u0117tis:<\/strong> joki\u0173 konservant\u0173 ar dirbtini\u0173 pried\u0173 \u2013 tik geriausi ingredientai skaniam ir sveikam maistui.<\/li>\n<li><strong>Ilgas galiojimo laikas:<\/strong> geriausias 8 metus nuo pagaminimo datos, tod\u0117l idealiai tinka atsargoms ar nenumatytoms situacijoms.<\/li>\n<li><strong>Receptas sukurtas Estijoje, pagaminta Vokietijoje:<\/strong> kokybi\u0161ka gamyba u\u017etikrina, kad kiekvienas patiekalas atitikt\u0173 auk\u0161\u010diausius standartus ir i\u0161laikyt\u0173 skon\u012f net po keleri\u0173 met\u0173.<\/li>\n<\/ul>\n<h3>Produkto apra\u0161ymas: kuo ypatingas kor\u0117jieti\u0161kas \u201eBibimbap\u201c su jautiena?<\/h3>\n<p>Produktas pagamintas i\u0161 kruop\u0161\u010diai atrinkt\u0173 ingredient\u0173, u\u017etikrinan\u010di\u0173 puik\u0173 skon\u012f ir maistin\u0119 vert\u0119. Kiekvienoje pakuot\u0117je yra: <\/p>\n<p class=\"p1\">Ry\u017eiai, malta jautiena (20 %), kukur\u016bzai, jautienos sultinys, kiau\u0161iniai, morkos, \u201eGochujang\u201c, svog\u016bn\u0173 lai\u0161kai, raps\u0173 aliejus, soj\u0173 pada\u017eo milteliai (soja, kvie\u010diai, druska, maltodekstrinas), vanduo, majonezas (raps\u0173 aliejus, vanduo, kiau\u0161ini\u0173 tryniai, cukrus, kukur\u016bz\u0173 krakmolas, actas, garsty\u010dios, druska, tir\u0161tiklis: gvarin\u0117 derva, prieskoniai), cukrus, \u010desnakas, joduota druska.<\/p>\n<h3>\u0160al\u010diu d\u017eiovinto maisto privalumai<\/h3>\n<p>Liofilizacija \u2013 tai procesas, i\u0161saugantis maisto \u0161vie\u017eum\u0105, tekst\u016br\u0105 ir maistin\u0119 vert\u0119, pa\u0161alinant vanden\u012f \u017eemoje temperat\u016broje. Tai rei\u0161kia, kad visi \u201eTactical Foodpack\u201c patiekalai, \u012fskaitant \u201eBibimbap\u201c su jautiena, yra lengvi, kompakti\u0161ki ir ilgai galiojantys, ta\u010diau i\u0161laikantys visus svarbius vitaminus bei mineralus. <\/p>\n<h3>Kam skirtas \u0161is patiekalas?<\/h3>\n<ul>\n<li><strong>\u017dygeiviams ir stovyklautojams:<\/strong> d\u0117l lengvo paruo\u0161imo ir ma\u017eo svorio tai puikus pasirinkimas \u017eygiams.<\/li>\n<li><strong>Nuotyki\u0173 ie\u0161kotojams ir i\u0161gyvenimo entuziastams:<\/strong> ilgas galiojimo laikas ir didel\u0117 energin\u0117 vert\u0117 idealiai tinka i\u0161gyvenimo situacijoms ir ilgoms kelion\u0117ms.<\/li>\n<li><strong>Greitai vakarienei namuose:<\/strong> jei tr\u016bksta laiko, bet nori sveiko ir skanaus maisto, \u0161is patiekalas \u2013 idealus sprendimas.<\/li>\n<\/ul>\n<h3>Produkto informacija ir laikymo s\u0105lygos<\/h3>\n<p>Kor\u0117jieti\u0161kas \u201eBibimbap\u201c su jautiena pateikiamas 147 g pakuot\u0117je \u2013 tai optimalus kiekis vienam asmeniui. Paruo\u0161to patiekalo kiekis \u2013 420 g. Ideali laikymo temperat\u016bra yra nuo 10 \u00b0C iki +30 \u00b0C. D\u0117l liofilizacijos produktas yra patvarus ir lengvai transportuojamas, tod\u0117l tinka tiek atsargoms namuose, tiek \u017eygio kuprinei.   <\/p>\n<p><img decoding=\"async\" class=\"alignnone size-full wp-image-676\" src=\"https:\/\/toidupakk.ee\/wp-content\/uploads\/2021\/12\/TF_logo_RGB-22-16-43-849.png\" alt=\"Tactical Foodpack \u017ealiasis logotipas\" width=\"238\" height=\"100\"><\/p>\n<h3>Tactical Foodpack patiekalai \u2013 kaip naudoti<\/h3>\n<p>Atidaryk pakuot\u0119 vir\u0161uje nurodytoje vietoje. I\u0161imk deguonies absorbatori\u0173 (ma\u017e\u0105 mai\u0161el\u012f), kur\u012f gali i\u0161mesti \u012f \u0161iuk\u0161liad\u0117\u017e\u0119. \u012e pakuot\u0119 \u012fpilk nurodyt\u0105 kiek\u012f kar\u0161to vandens. Gerai i\u0161mai\u0161yk vis\u0105 turin\u012f. U\u017espausk pakuot\u0119 vir\u0161uje esan\u010diu \u201egrip\u201c u\u017esegimu. Palauk 8 minutes ir m\u0117gaukis \u0161iltu maistu.     <\/p>\n<p>&nbsp;<\/p>\n<p>&nbsp;<\/p>\n<p>Per\u017ei\u016br\u0117k visus <a href=\"https:\/\/toidupakk.ee\/lt\/tootekategooria\/tactical-foodpack-patiekalai\/\">\u201eTactical Foodpack\u201c patiekalus<\/a><\/p>\n<p>Pasisemk \u012fkv\u0117pimo kitiems nuotykiams \u201eToidupakk\u201c <a href=\"https:\/\/www.instagram.com\/toidupakk\/\">Instagram<\/a> ir <a href=\"https:\/\/www.facebook.com\/Toidupakk\/\">Facebook<\/a> paskyrose.<\/p>\n","protected":false},"excerpt":{"rendered":"<ul>\n<li>Kor\u0117jieti\u0161kas \u201eBibimbap\u201c su jautiena 147 g pakuot\u0117je<\/li>\n<li>Grynasis maisto svoris 120 g (prie\u0161 ruo\u0161iant, liofilizuotas, be skys\u010dio)<\/li>\n<li><strong>Paruo\u0161to patiekalo svoris apie 420 g<\/strong><\/li>\n<li>Paruo\u0161iamas maistas \u2013 tiesiog u\u017epilk kar\u0161to vandens ir <strong>po 8 min. gal\u0117si m\u0117gautis visaver\u010diu patiekalu<\/strong><\/li>\n<li>Paruo\u0161imui \u012f pakuot\u0119 \u012fpilk 300 ml kar\u0161to vandens<\/li>\n<li><strong><span lang=\"ET\">Nat\u016brali sud\u0117tis, be konservant\u0173 ir pried\u0173<\/span><\/strong><\/li>\n<li><span lang=\"ET\">Energin\u0117 vert\u0117 porcijoje yra 2231 kJ \/ 462 kcal<\/span><\/li>\n<li>Geriausias iki: <strong>8 metai nuo pagaminimo datos<\/strong><\/li>\n<li><strong>Esti\u0161kas receptas<\/strong>, pagaminta Vokietijoje<\/li>\n<li>Ideali laikymo temperat\u016bra: nuo 10 \u00b0C iki +30 \u00b0C<\/li>\n<\/ul>\n<p><strong>Kor\u0117jieti\u0161ko \u201eBibimbap\u201c su jautiena sud\u0117tis:<\/strong><\/p>\n<p>Ry\u017eiai, malta jautiena (20 %), kukur\u016bzai, jautienos sultinys, kiau\u0161iniai, morkos, \u201eGochujang\u201c, svog\u016bn\u0173 lai\u0161kai, raps\u0173 aliejus, soj\u0173 pada\u017eo milteliai (soja, kvie\u010diai, druska, maltodekstrinas), vanduo, majonezas (raps\u0173 aliejus, vanduo, kiau\u0161ini\u0173 tryniai, cukrus, kukur\u016bz\u0173 krakmolas, actas, garsty\u010dios, druska, tir\u0161tiklis: gvarin\u0117 derva, prieskoniai), cukrus, \u010desnakas, joduota druska.<\/p>\n<p><strong>Geriausias iki:<\/strong> 8 metai nuo pagaminimo datos<\/p>\n<p>\u2705 Turime sand\u0117lyje, greitas pristatymas per 1\u20133 darbo dienas<\/p>\n","protected":false},"featured_media":46199,"comment_status":"open","ping_status":"closed","template":"","meta":{"_acf_changed":false},"product_brand":[],"product_cat":[256,204,231,190],"product_tag":[],"class_list":{"0":"post-46198","1":"product","2":"type-product","3":"status-publish","4":"has-post-thumbnail","6":"product_cat-pagrindiniai-patiekalai","7":"product_cat-tactical-foodpack-patiekalai","8":"product_cat-zygio-maistas","9":"product_cat-zygio-prekes","11":"first","12":"instock","13":"taxable","14":"shipping-taxable","15":"purchasable","16":"product-type-simple"},"bundled_by":[],"bundle_stock_status":"instock","bundle_stock_quantity":26,"bundle_virtual":false,"bundle_layout":"","bundle_add_to_cart_form_location":"","bundle_editable_in_cart":false,"bundle_sold_individually_context":"","bundle_item_grouping":"","bundle_min_size":"","bundle_max_size":"","bundle_price":[],"bundled_items":[],"bundle_sell_ids":[],"acf":[],"yoast_head":"<!-- This site is optimized with the Yoast SEO plugin v27.3 - https:\/\/yoast.com\/product\/yoast-seo-wordpress\/ -->\n<title>Kor\u0117jieti\u0161kas \u201eBibimbap\u201c su jautiena - Toidupakk.ee - Tactical Foodpack toidupakid<\/title>\n<meta name=\"description\" content=\"\u201eTactical Foodpack\u201c kor\u0117jieti\u0161kas \u201eBibimbap\u201c su jautiena \u2013 tai idealus sprendimas ie\u0161kantiems skanaus patiekalo, kur\u012f lengva paruo\u0161ti ir malonu skanauti.\" \/>\n<meta name=\"robots\" content=\"index, follow, max-snippet:-1, max-image-preview:large, max-video-preview:-1\" \/>\n<link rel=\"canonical\" href=\"https:\/\/toidupakk.ee\/lt\/toode\/korejietiskas-bibimbap-su-jautiena\/\" \/>\n<meta property=\"og:locale\" content=\"lt_LT\" \/>\n<meta property=\"og:type\" content=\"article\" \/>\n<meta property=\"og:title\" content=\"Kor\u0117jieti\u0161kas \u201eBibimbap\u201c su jautiena - Toidupakk.ee - Tactical Foodpack toidupakid\" \/>\n<meta property=\"og:description\" content=\"\u201eTactical Foodpack\u201c kor\u0117jieti\u0161kas \u201eBibimbap\u201c su jautiena \u2013 tai idealus sprendimas ie\u0161kantiems skanaus patiekalo, kur\u012f lengva paruo\u0161ti ir malonu skanauti.\" \/>\n<meta property=\"og:url\" content=\"https:\/\/toidupakk.ee\/lt\/toode\/korejietiskas-bibimbap-su-jautiena\/\" \/>\n<meta property=\"og:site_name\" content=\"Toidupakk.ee - Tactical Foodpack toidupakid\" \/>\n<meta property=\"article:publisher\" content=\"https:\/\/www.facebook.com\/Toidupakk\" \/>\n<meta property=\"article:modified_time\" content=\"2026-04-29T13:31:11+00:00\" \/>\n<meta property=\"og:image\" content=\"https:\/\/toidupakk.ee\/wp-content\/uploads\/2024\/12\/Veiseliha-Bibimbap-kauss.png\" \/>\n\t<meta property=\"og:image:width\" content=\"800\" \/>\n\t<meta property=\"og:image:height\" content=\"800\" \/>\n\t<meta property=\"og:image:type\" content=\"image\/png\" \/>\n<meta name=\"twitter:card\" content=\"summary_large_image\" \/>\n<meta name=\"twitter:label1\" content=\"Est. reading time\" \/>\n\t<meta name=\"twitter:data1\" content=\"3 minut\u0117s\" \/>\n<script type=\"application\/ld+json\" class=\"yoast-schema-graph\">{\"@context\":\"https:\\\/\\\/schema.org\",\"@graph\":[{\"@type\":\"WebPage\",\"@id\":\"https:\\\/\\\/toidupakk.ee\\\/lt\\\/toode\\\/korejietiskas-bibimbap-su-jautiena\\\/\",\"url\":\"https:\\\/\\\/toidupakk.ee\\\/lt\\\/toode\\\/korejietiskas-bibimbap-su-jautiena\\\/\",\"name\":\"Kor\u0117jieti\u0161kas \u201eBibimbap\u201c su jautiena - Toidupakk.ee - Tactical Foodpack toidupakid\",\"isPartOf\":{\"@id\":\"https:\\\/\\\/toidupakk.ee\\\/lt\\\/#website\"},\"primaryImageOfPage\":{\"@id\":\"https:\\\/\\\/toidupakk.ee\\\/lt\\\/toode\\\/korejietiskas-bibimbap-su-jautiena\\\/#primaryimage\"},\"image\":{\"@id\":\"https:\\\/\\\/toidupakk.ee\\\/lt\\\/toode\\\/korejietiskas-bibimbap-su-jautiena\\\/#primaryimage\"},\"thumbnailUrl\":\"https:\\\/\\\/toidupakk.ee\\\/wp-content\\\/uploads\\\/2024\\\/12\\\/Veiseliha-Bibimbap-kauss.png\",\"datePublished\":\"2024-12-04T13:25:50+00:00\",\"dateModified\":\"2026-04-29T13:31:11+00:00\",\"description\":\"\u201eTactical Foodpack\u201c kor\u0117jieti\u0161kas \u201eBibimbap\u201c su jautiena \u2013 tai idealus sprendimas ie\u0161kantiems skanaus patiekalo, kur\u012f lengva paruo\u0161ti ir malonu skanauti.\",\"breadcrumb\":{\"@id\":\"https:\\\/\\\/toidupakk.ee\\\/lt\\\/toode\\\/korejietiskas-bibimbap-su-jautiena\\\/#breadcrumb\"},\"inLanguage\":\"lt-LT\",\"potentialAction\":[{\"@type\":\"ReadAction\",\"target\":[\"https:\\\/\\\/toidupakk.ee\\\/lt\\\/toode\\\/korejietiskas-bibimbap-su-jautiena\\\/\"]}]},{\"@type\":\"ImageObject\",\"inLanguage\":\"lt-LT\",\"@id\":\"https:\\\/\\\/toidupakk.ee\\\/lt\\\/toode\\\/korejietiskas-bibimbap-su-jautiena\\\/#primaryimage\",\"url\":\"https:\\\/\\\/toidupakk.ee\\\/wp-content\\\/uploads\\\/2024\\\/12\\\/Veiseliha-Bibimbap-kauss.png\",\"contentUrl\":\"https:\\\/\\\/toidupakk.ee\\\/wp-content\\\/uploads\\\/2024\\\/12\\\/Veiseliha-Bibimbap-kauss.png\",\"width\":800,\"height\":800,\"caption\":\"\u201eTactical Foodpack\u201c kor\u0117jieti\u0161kas \u201eBibimbap\u201c\"},{\"@type\":\"BreadcrumbList\",\"@id\":\"https:\\\/\\\/toidupakk.ee\\\/lt\\\/toode\\\/korejietiskas-bibimbap-su-jautiena\\\/#breadcrumb\",\"itemListElement\":[{\"@type\":\"ListItem\",\"position\":1,\"name\":\"Avaleht\",\"item\":\"https:\\\/\\\/toidupakk.ee\\\/lt\\\/\"},{\"@type\":\"ListItem\",\"position\":2,\"name\":\"El. parduotuv\u0117\",\"item\":\"https:\\\/\\\/toidupakk.ee\\\/lt\\\/el-parduotuve\\\/\"},{\"@type\":\"ListItem\",\"position\":3,\"name\":\"Kor\u0117jieti\u0161kas \u201eBibimbap\u201c su jautiena\"}]},{\"@type\":\"WebSite\",\"@id\":\"https:\\\/\\\/toidupakk.ee\\\/lt\\\/#website\",\"url\":\"https:\\\/\\\/toidupakk.ee\\\/lt\\\/\",\"name\":\"Toidupakk.ee - Tactical Foodpack toidupakid\",\"description\":\"Tactical Foodpack k\u00fclmkuivatatud toidupakid ja matkaeined\",\"publisher\":{\"@id\":\"https:\\\/\\\/toidupakk.ee\\\/lt\\\/#organization\"},\"potentialAction\":[{\"@type\":\"SearchAction\",\"target\":{\"@type\":\"EntryPoint\",\"urlTemplate\":\"https:\\\/\\\/toidupakk.ee\\\/lt\\\/?s={search_term_string}\"},\"query-input\":{\"@type\":\"PropertyValueSpecification\",\"valueRequired\":true,\"valueName\":\"search_term_string\"}}],\"inLanguage\":\"lt-LT\"},{\"@type\":\"Organization\",\"@id\":\"https:\\\/\\\/toidupakk.ee\\\/lt\\\/#organization\",\"name\":\"Tactical Foodpack matkaeined\",\"url\":\"https:\\\/\\\/toidupakk.ee\\\/lt\\\/\",\"logo\":{\"@type\":\"ImageObject\",\"inLanguage\":\"lt-LT\",\"@id\":\"https:\\\/\\\/toidupakk.ee\\\/lt\\\/#\\\/schema\\\/logo\\\/image\\\/\",\"url\":\"https:\\\/\\\/toidupakk.ee\\\/wp-content\\\/uploads\\\/2022\\\/01\\\/Toidupakk-matkapood-logo-transparent.png\",\"contentUrl\":\"https:\\\/\\\/toidupakk.ee\\\/wp-content\\\/uploads\\\/2022\\\/01\\\/Toidupakk-matkapood-logo-transparent.png\",\"width\":500,\"height\":500,\"caption\":\"Tactical Foodpack matkaeined\"},\"image\":{\"@id\":\"https:\\\/\\\/toidupakk.ee\\\/lt\\\/#\\\/schema\\\/logo\\\/image\\\/\"},\"sameAs\":[\"https:\\\/\\\/www.facebook.com\\\/Toidupakk\",\"https:\\\/\\\/www.instagram.com\\\/toidupakk\\\/\"]}]}<\/script>\n<!-- \/ Yoast SEO plugin. -->","yoast_head_json":{"title":"Kor\u0117jieti\u0161kas \u201eBibimbap\u201c su jautiena - Toidupakk.ee - Tactical Foodpack toidupakid","description":"\u201eTactical Foodpack\u201c kor\u0117jieti\u0161kas \u201eBibimbap\u201c su jautiena \u2013 tai idealus sprendimas ie\u0161kantiems skanaus patiekalo, kur\u012f lengva paruo\u0161ti ir malonu skanauti.","robots":{"index":"index","follow":"follow","max-snippet":"max-snippet:-1","max-image-preview":"max-image-preview:large","max-video-preview":"max-video-preview:-1"},"canonical":"https:\/\/toidupakk.ee\/lt\/toode\/korejietiskas-bibimbap-su-jautiena\/","og_locale":"lt_LT","og_type":"article","og_title":"Kor\u0117jieti\u0161kas \u201eBibimbap\u201c su jautiena - Toidupakk.ee - Tactical Foodpack toidupakid","og_description":"\u201eTactical Foodpack\u201c kor\u0117jieti\u0161kas \u201eBibimbap\u201c su jautiena \u2013 tai idealus sprendimas ie\u0161kantiems skanaus patiekalo, kur\u012f lengva paruo\u0161ti ir malonu skanauti.","og_url":"https:\/\/toidupakk.ee\/lt\/toode\/korejietiskas-bibimbap-su-jautiena\/","og_site_name":"Toidupakk.ee - Tactical Foodpack toidupakid","article_publisher":"https:\/\/www.facebook.com\/Toidupakk","article_modified_time":"2026-04-29T13:31:11+00:00","og_image":[{"width":800,"height":800,"url":"https:\/\/toidupakk.ee\/wp-content\/uploads\/2024\/12\/Veiseliha-Bibimbap-kauss.png","type":"image\/png"}],"twitter_card":"summary_large_image","twitter_misc":{"Est. reading time":"3 minut\u0117s"},"schema":{"@context":"https:\/\/schema.org","@graph":[{"@type":"WebPage","@id":"https:\/\/toidupakk.ee\/lt\/toode\/korejietiskas-bibimbap-su-jautiena\/","url":"https:\/\/toidupakk.ee\/lt\/toode\/korejietiskas-bibimbap-su-jautiena\/","name":"Kor\u0117jieti\u0161kas \u201eBibimbap\u201c su jautiena - Toidupakk.ee - Tactical Foodpack toidupakid","isPartOf":{"@id":"https:\/\/toidupakk.ee\/lt\/#website"},"primaryImageOfPage":{"@id":"https:\/\/toidupakk.ee\/lt\/toode\/korejietiskas-bibimbap-su-jautiena\/#primaryimage"},"image":{"@id":"https:\/\/toidupakk.ee\/lt\/toode\/korejietiskas-bibimbap-su-jautiena\/#primaryimage"},"thumbnailUrl":"https:\/\/toidupakk.ee\/wp-content\/uploads\/2024\/12\/Veiseliha-Bibimbap-kauss.png","datePublished":"2024-12-04T13:25:50+00:00","dateModified":"2026-04-29T13:31:11+00:00","description":"\u201eTactical Foodpack\u201c kor\u0117jieti\u0161kas \u201eBibimbap\u201c su jautiena \u2013 tai idealus sprendimas ie\u0161kantiems skanaus patiekalo, kur\u012f lengva paruo\u0161ti ir malonu skanauti.","breadcrumb":{"@id":"https:\/\/toidupakk.ee\/lt\/toode\/korejietiskas-bibimbap-su-jautiena\/#breadcrumb"},"inLanguage":"lt-LT","potentialAction":[{"@type":"ReadAction","target":["https:\/\/toidupakk.ee\/lt\/toode\/korejietiskas-bibimbap-su-jautiena\/"]}]},{"@type":"ImageObject","inLanguage":"lt-LT","@id":"https:\/\/toidupakk.ee\/lt\/toode\/korejietiskas-bibimbap-su-jautiena\/#primaryimage","url":"https:\/\/toidupakk.ee\/wp-content\/uploads\/2024\/12\/Veiseliha-Bibimbap-kauss.png","contentUrl":"https:\/\/toidupakk.ee\/wp-content\/uploads\/2024\/12\/Veiseliha-Bibimbap-kauss.png","width":800,"height":800,"caption":"\u201eTactical Foodpack\u201c kor\u0117jieti\u0161kas \u201eBibimbap\u201c"},{"@type":"BreadcrumbList","@id":"https:\/\/toidupakk.ee\/lt\/toode\/korejietiskas-bibimbap-su-jautiena\/#breadcrumb","itemListElement":[{"@type":"ListItem","position":1,"name":"Avaleht","item":"https:\/\/toidupakk.ee\/lt\/"},{"@type":"ListItem","position":2,"name":"El. parduotuv\u0117","item":"https:\/\/toidupakk.ee\/lt\/el-parduotuve\/"},{"@type":"ListItem","position":3,"name":"Kor\u0117jieti\u0161kas \u201eBibimbap\u201c su jautiena"}]},{"@type":"WebSite","@id":"https:\/\/toidupakk.ee\/lt\/#website","url":"https:\/\/toidupakk.ee\/lt\/","name":"Toidupakk.ee - Tactical Foodpack toidupakid","description":"Tactical Foodpack k\u00fclmkuivatatud toidupakid ja matkaeined","publisher":{"@id":"https:\/\/toidupakk.ee\/lt\/#organization"},"potentialAction":[{"@type":"SearchAction","target":{"@type":"EntryPoint","urlTemplate":"https:\/\/toidupakk.ee\/lt\/?s={search_term_string}"},"query-input":{"@type":"PropertyValueSpecification","valueRequired":true,"valueName":"search_term_string"}}],"inLanguage":"lt-LT"},{"@type":"Organization","@id":"https:\/\/toidupakk.ee\/lt\/#organization","name":"Tactical Foodpack matkaeined","url":"https:\/\/toidupakk.ee\/lt\/","logo":{"@type":"ImageObject","inLanguage":"lt-LT","@id":"https:\/\/toidupakk.ee\/lt\/#\/schema\/logo\/image\/","url":"https:\/\/toidupakk.ee\/wp-content\/uploads\/2022\/01\/Toidupakk-matkapood-logo-transparent.png","contentUrl":"https:\/\/toidupakk.ee\/wp-content\/uploads\/2022\/01\/Toidupakk-matkapood-logo-transparent.png","width":500,"height":500,"caption":"Tactical Foodpack matkaeined"},"image":{"@id":"https:\/\/toidupakk.ee\/lt\/#\/schema\/logo\/image\/"},"sameAs":["https:\/\/www.facebook.com\/Toidupakk","https:\/\/www.instagram.com\/toidupakk\/"]}]}},"jetpack_sharing_enabled":true,"_links":{"self":[{"href":"https:\/\/toidupakk.ee\/lt\/wp-json\/wp\/v2\/product\/46198","targetHints":{"allow":["GET"]}}],"collection":[{"href":"https:\/\/toidupakk.ee\/lt\/wp-json\/wp\/v2\/product"}],"about":[{"href":"https:\/\/toidupakk.ee\/lt\/wp-json\/wp\/v2\/types\/product"}],"replies":[{"embeddable":true,"href":"https:\/\/toidupakk.ee\/lt\/wp-json\/wp\/v2\/comments?post=46198"}],"wp:featuredmedia":[{"embeddable":true,"href":"https:\/\/toidupakk.ee\/lt\/wp-json\/wp\/v2\/media\/46199"}],"wp:attachment":[{"href":"https:\/\/toidupakk.ee\/lt\/wp-json\/wp\/v2\/media?parent=46198"}],"wp:term":[{"taxonomy":"product_brand","embeddable":true,"href":"https:\/\/toidupakk.ee\/lt\/wp-json\/wp\/v2\/product_brand?post=46198"},{"taxonomy":"product_cat","embeddable":true,"href":"https:\/\/toidupakk.ee\/lt\/wp-json\/wp\/v2\/product_cat?post=46198"},{"taxonomy":"product_tag","embeddable":true,"href":"https:\/\/toidupakk.ee\/lt\/wp-json\/wp\/v2\/product_tag?post=46198"}],"curies":[{"name":"wp","href":"https:\/\/api.w.org\/{rel}","templated":true}]}}