{"id":46197,"date":"2024-10-21T16:53:29","date_gmt":"2024-10-21T13:53:29","guid":{"rendered":"https:\/\/toidupakk.ee\/toode\/zygio-kuprine-55l-mil-tec\/"},"modified":"2026-04-16T00:31:51","modified_gmt":"2026-04-15T21:31:51","slug":"zygio-kuprine-55l-mil-tec","status":"publish","type":"product","link":"https:\/\/toidupakk.ee\/lt\/toode\/zygio-kuprine-55l-mil-tec\/","title":{"rendered":"\u017dygio kuprin\u0117 55L MIL-TEC\u00ae"},"content":{"rendered":"<h3><img fetchpriority=\"high\" decoding=\"async\" class=\"alignright wp-image-27930 size-thumbnail\" src=\"https:\/\/toidupakk.ee\/wp-content\/uploads\/2024\/10\/Matka-seljakott-55L-MIL-TEC-3-500x500.png\" alt=\"\u017eygio kuprin\u0117\" width=\"500\" height=\"500\" srcset=\"https:\/\/toidupakk.ee\/wp-content\/uploads\/2024\/10\/Matka-seljakott-55L-MIL-TEC-3-500x500.png 500w, https:\/\/toidupakk.ee\/wp-content\/uploads\/2024\/10\/Matka-seljakott-55L-MIL-TEC-3-400x400.png 400w, https:\/\/toidupakk.ee\/wp-content\/uploads\/2024\/10\/Matka-seljakott-55L-MIL-TEC-3-100x100.png 100w, https:\/\/toidupakk.ee\/wp-content\/uploads\/2024\/10\/Matka-seljakott-55L-MIL-TEC-3-800x800.png 800w, https:\/\/toidupakk.ee\/wp-content\/uploads\/2024\/10\/Matka-seljakott-55L-MIL-TEC-3-300x300.png 300w, https:\/\/toidupakk.ee\/wp-content\/uploads\/2024\/10\/Matka-seljakott-55L-MIL-TEC-3-1024x1024.png 1024w, https:\/\/toidupakk.ee\/wp-content\/uploads\/2024\/10\/Matka-seljakott-55L-MIL-TEC-3-768x768.png 768w, https:\/\/toidupakk.ee\/wp-content\/uploads\/2024\/10\/Matka-seljakott-55L-MIL-TEC-3.png 1080w\" sizes=\"(max-width: 500px) 100vw, 500px\" \/><\/h3>\n<h3>\u017dygio kuprin\u0117 55L MIL-TEC\u00ae \u2013 prakti\u0161kas ir patvarus tavo nuotyki\u0173 palydovas<\/h3>\n<p><strong>\u017dygio kuprin\u0117 55L MIL-TEC\u00ae<\/strong> yra idealus pasirinkimas ie\u0161kantiems funkcionalios ir patvarios kuprin\u0117s \u017eygiams, stovyklavimui ir ilgesn\u0117ms i\u0161vykoms. Jos dizainas ir savyb\u0117s leid\u017eia susidoroti su sud\u0117tingomis s\u0105lygomis, suteikiant daug vietos bei apsaug\u0105 tiek \u012frangai, tiek pa\u010diam ne\u0161iojan\u010diajam. <\/p>\n<h4><strong>Erdvus ir funkcionalus dizainas<\/strong><\/h4>\n<p>55 litr\u0173 talpos kuprin\u0117 suteikia pakankamai vietos viskam, ko reikia keli\u0173 dien\u0173 \u017eygiui. <strong>Pagrindinis skyrius<\/strong> turi virvelin\u012f fiksatori\u0173 ir apsaug\u0105 nuo sniego, kad gal\u0117tum saugiai supakuoti savo \u012frang\u0105 ir apsaugoti j\u0105 nuo oro s\u0105lyg\u0173. Be didelio pagrindinio skyriaus, kuprin\u0117 turi <strong>3 i\u0161orines ki\u0161enes<\/strong>, leid\u017eian\u010dias patogiai susid\u0117ti smulkesnius daiktus, kuri\u0173 gali prireikti greitai.  <\/p>\n<p>Kuprin\u0117 taip pat turi <strong>vir\u0161utin\u0119 ki\u0161en\u0119 su u\u017etrauktuku<\/strong> ir <strong>apsaug\u0105 nuo lietaus<\/strong>, kad krep\u0161ys i\u0161likt\u0173 sausas netik\u0117tomis oro s\u0105lygomis. Apatin\u0117je dalyje yra <strong>ki\u0161en\u0117 su u\u017etrauktuku<\/strong>, idealiai tinkanti ma\u017eesniems daiktams laikyti. <\/p>\n<h4><strong>Patvari med\u017eiaga ir atsparumas vandeniui<\/strong><\/h4>\n<p>Pagaminta i\u0161 <strong>100 % poliesterio<\/strong>, padengto <strong>polivinilchloridu. Kuprin\u0117s med\u017eiaga atstumia vanden\u012f, o naudojant su apsauga nuo lietaus<\/strong> \u0161i kuprin\u0117 yra <strong>vandeniui atspari<\/strong>, sauganti nuo lietaus, sniego ir dr\u0117gm\u0117s. D\u0117l to ji tinka \u017eygiams sud\u0117tingomis ir dr\u0117gnomis s\u0105lygomis, kur svarbu, kad \u012franga i\u0161likt\u0173 sausa. <\/p>\n<h4><strong>Atrama nugarai<\/strong><\/h4>\n<p>Ergonomi\u0161kas kuprin\u0117s dizainas u\u017etikrina komfort\u0105 net ir ilg\u0173 \u017eygi\u0173 metu. <strong>Pamink\u0161tinti pe\u010di\u0173 dir\u017eai ir klub\u0173 dir\u017eas<\/strong> u\u017etikrina ger\u0105 svorio paskirstym\u0105 ir suma\u017eina spaudim\u0105 nugarai, tod\u0117l ne\u0161ti sunkesn\u0119 \u012frang\u0105 tampa patogiau. <strong>Kr\u016btin\u0117s dir\u017eas<\/strong> suteikia papildom\u0105 atram\u0105 ir stabilum\u0105, tvirtai laikydamas kuprin\u0119 prie k\u016bno judant. <\/p>\n<p>Kuprin\u0117s <strong>aliuminio r\u0117mas<\/strong> suteikia jai tvirt\u0105 ir stabili\u0105 strukt\u016br\u0105, kuri palaiko nugar\u0105 net ne\u0161ant sunkesn\u0119 \u012frang\u0105. <strong>Klub\u0173 dir\u017eas<\/strong> turi dvi ki\u0161enes su u\u017etrauktukais, kuriose gali laikyti svarbius smulkius daiktus, pavyzd\u017eiui, kompas\u0105, raktus ar energijos baton\u0117lius, kurie turi b\u016bti greitai pasiekiami.<\/p>\n<h4><img decoding=\"async\" class=\"alignright wp-image-27936 size-thumbnail\" src=\"https:\/\/toidupakk.ee\/wp-content\/uploads\/2024\/10\/Matka-seljakott-55L-MIL-TEC-9-500x500.png\" alt=\"\" width=\"500\" height=\"500\" srcset=\"https:\/\/toidupakk.ee\/wp-content\/uploads\/2024\/10\/Matka-seljakott-55L-MIL-TEC-9-500x500.png 500w, https:\/\/toidupakk.ee\/wp-content\/uploads\/2024\/10\/Matka-seljakott-55L-MIL-TEC-9-400x400.png 400w, https:\/\/toidupakk.ee\/wp-content\/uploads\/2024\/10\/Matka-seljakott-55L-MIL-TEC-9-100x100.png 100w, https:\/\/toidupakk.ee\/wp-content\/uploads\/2024\/10\/Matka-seljakott-55L-MIL-TEC-9-800x800.png 800w, https:\/\/toidupakk.ee\/wp-content\/uploads\/2024\/10\/Matka-seljakott-55L-MIL-TEC-9-300x300.png 300w, https:\/\/toidupakk.ee\/wp-content\/uploads\/2024\/10\/Matka-seljakott-55L-MIL-TEC-9-1024x1024.png 1024w, https:\/\/toidupakk.ee\/wp-content\/uploads\/2024\/10\/Matka-seljakott-55L-MIL-TEC-9-768x768.png 768w, https:\/\/toidupakk.ee\/wp-content\/uploads\/2024\/10\/Matka-seljakott-55L-MIL-TEC-9.png 1080w\" sizes=\"(max-width: 500px) 100vw, 500px\" \/><\/h4>\n<h4><strong>\u012evairios ne\u0161iojimo galimyb\u0117s<\/strong><\/h4>\n<p>Be prakti\u0161k\u0173 ki\u0161eni\u0173 ir skyri\u0173, kuprin\u0117 turi <strong>ne\u0161imo ranken\u0105<\/strong>, kuri palengvina kuprin\u0117s pak\u0117lim\u0105 ir perk\u0117lim\u0105. Apatin\u0117je dalyje yra <strong>baga\u017eo dir\u017eai<\/strong>, leid\u017eiantys po kuprine pritvirtinti papildom\u0105 \u012frang\u0105, pavyzd\u017eiui, miegmai\u0161\u012f ar palapin\u0119. <\/p>\n<p><strong>Matmenys:<\/strong> 35 x 18 x 54 cm, tod\u0117l ji pakankamai kompakti\u0161ka, kad tilpt\u0173 reikiama \u012franga, bet kartu n\u0117ra per didel\u0117 ar grem\u0117zdi\u0161ka.<br \/>\n<strong>Svoris:<\/strong> lengva, kad u\u017etikrint\u0173 komfort\u0105 net ilg\u0173 \u017eygi\u0173 metu.<\/p>\n<h4><strong>Kod\u0117l verta rinktis 55L MIL-TEC\u00ae \u017eygio kuprin\u0119?<\/strong><\/h4>\n<ul>\n<li><strong>Didel\u0117 talpa<\/strong> \u2013 55 litr\u0173 kuprin\u0117 idealiai tinka keli\u0173 dien\u0173 \u017eygiams ir i\u0161vykoms.<\/li>\n<li><strong>Vandeniui atspari ir patvari<\/strong> \u2013 pagaminta i\u0161 vandeniui atsparaus poliesterio audinio, kuris atlaiko at\u0161iaurias s\u0105lygas.<\/li>\n<li><strong>Patogu ne\u0161ti<\/strong> \u2013 pamink\u0161tinti pe\u010di\u0173 dir\u017eai, klub\u0173 dir\u017eas ir kr\u016btin\u0117s dir\u017eas u\u017etikrina stabilum\u0105 ir komfort\u0105 net ne\u0161ant sunkesn\u0119 \u012frang\u0105.<\/li>\n<li><strong>Funkcionali<\/strong> \u2013 daug ki\u0161eni\u0173 ir tvirtinim\u0173, kad vis\u0105 reikiam\u0105 \u012frang\u0105 susid\u0117tum efektyviai ir pasiekiamai.<\/li>\n<\/ul>\n<p><strong>Greitas pristatymas!<\/strong>  U\u017esisak\u0119s \u0161iandien, kuprin\u0119 gausi per 1\u20133 darbo dienas.<\/p>\n<p>Rinkis <strong>\u017eygio kuprin\u0119 55L MIL-TEC\u00ae<\/strong>, kad u\u017esitikrintum patvar\u0173 ir patog\u0173 palydov\u0105 visiems savo \u017eygiams bei nuotykiams!<\/p>\n<p>&nbsp;<\/p>\n<p>Pasisemk \u012fkv\u0117pimo kitiems nuotykiams \u201eToidupakk\u201c <a href=\"https:\/\/www.instagram.com\/toidupakk\/\">Instagram<\/a> ir <a href=\"https:\/\/www.facebook.com\/Toidupakk\/\">Facebook<\/a> paskyrose.<\/p>\n<p>\u017di\u016br\u0117k \u017eygio reikmenis <a href=\"https:\/\/toidupakk.ee\/lt\/tootekategooria\/zygio-iranga\/#section-3-79\">\u010cIA<\/a>.<\/p>\n","protected":false},"excerpt":{"rendered":"<p><strong>Ergonomi\u0161ka 55 litr\u0173 talpos \u017eygio kuprin\u0117 i\u0161 taktin\u0117s \u012frangos prek\u0117s \u017eenklo MIL-TEC.<\/strong><\/p>\n<ul>\n<li style=\"list-style-type: none;\">\n<ul>\n<li>EVA putomis pamink\u0161tinta <strong>sustiprinta nugaros dalis<\/strong> komfortui u\u017etikrinti ilg\u0173 \u017eygi\u0173 metu<\/li>\n<li><strong>Ergonomi\u0161ki pamink\u0161tinti plat\u016bs pe\u010di\u0173 dir\u017eai<\/strong> padeda i\u0161vengti spaudimo ne\u0161ant sunki\u0105 kuprin\u0119<\/li>\n<li><strong>Papildomai pamink\u0161tinti pe\u010di\u0173 dir\u017eai<\/strong> pla\u010diausiose vietose yra iki <strong>8 cm plo\u010dio<\/strong> ir reguliuojami<\/li>\n<li>Greito atsegimo reguliuojamas <strong>klub\u0173 dir\u017eas tolygesniam apkrovos paskirstymui<\/strong><\/li>\n<li>Aplink klub\u0173 dir\u017e\u0105 \u2013 <strong>papildomas pamink\u0161tinimas patogesniam svorio paskirstymui<\/strong><\/li>\n<li>Da\u017eniausiai naudojamos ki\u0161en\u0117s turi <strong>dvipusius ZIP u\u017etrauktukus<\/strong>, leid\u017eian\u010dius patogiai pasiekti turin\u012f i\u0161 abiej\u0173 pusi\u0173<\/li>\n<li>Didelis pagrindinis skyrius su <strong>dvigub\u0173 virveli\u0173 sistema<\/strong> vir\u0161uje<\/li>\n<li><strong>3 talpios papildomos ki\u0161en\u0117s su u\u017etrauktukais<\/strong> greitesniam pri\u0117jimui prie reikiam\u0173 daikt\u0173 kuprin\u0117s \u0161onuose ir i\u0161or\u0117je<\/li>\n<li>Vir\u0161utin\u0117je kuprin\u0117s ki\u0161en\u0117je rasi <strong>apsaug\u0105 nuo lietaus \/ sniego<\/strong>, skirt\u0105 u\u017edengti kuprin\u0119 dr\u0117gnomis oro s\u0105lygomis<\/li>\n<li>Kuprin\u0117s apa\u010dioje yra atskira ki\u0161en\u0117, patogiam pri\u0117jimui, <strong>pavyzd\u017eiui, antrai bat\u0173 porai<\/strong><\/li>\n<li>Kuprin\u0117 yra su <strong>aliuminio r\u0117mu<\/strong>, kuris u\u017etikrina <strong>tvirt\u0105 konstrukcij\u0105<\/strong> ir kartu <strong>ma\u017e\u0105 svor\u012f<\/strong><\/li>\n<li><strong>Kuprin\u0117s auk\u0161tis reguliuojamas<\/strong>, tod\u0117l ji tinka \u012fvairaus \u016bgio \u017emon\u0117ms<\/li>\n<li>Kuprin\u0117 turi <strong>papildomas ki\u0161enes ant juosmens dir\u017eo ir tinklin\u0119 ki\u0161en\u0119 i\u0161or\u0117je<\/strong><\/li>\n<li>Kr\u016btin\u0117s dir\u017eas su sagtimi <strong>kuprin\u0117s stabilizavimui<\/strong><strong>Matmenys:<\/strong> 35 x 18 x 54 cm<br \/>\n<strong>Talpa:<\/strong> 55 litrai<br \/>\n<strong>Kuprin\u0117s i\u0161orin\u0117 med\u017eiaga:<\/strong> 100 % poliesteris, padengtas polivinilchloridu<br \/>\n<strong>Pamu\u0161alas:<\/strong> 100 % poliesteris<br \/>\n<strong>Pamink\u0161tinimas:<\/strong> EVA putos<\/li>\n<\/ul>\n<\/li>\n<\/ul>\n<p>\u2705 Turime sand\u0117lyje, greitas pristatymas per 1\u20133 darbo dienas<br \/>\n\u2705 Pirk dabar, mok\u0117k v\u0117liau (pal\u016bkanos 0 %)<\/p>\n","protected":false},"featured_media":27928,"comment_status":"open","ping_status":"closed","template":"","meta":{"_acf_changed":false},"product_brand":[],"product_cat":[193,201,210,189,190],"product_tag":[],"class_list":{"0":"post-46197","1":"product","2":"type-product","3":"status-publish","4":"has-post-thumbnail","6":"product_cat-karine-ekipuote","7":"product_cat-kuprines","8":"product_cat-mil-tec","9":"product_cat-zygio-iranga","10":"product_cat-zygio-prekes","12":"first","13":"instock","14":"taxable","15":"shipping-taxable","16":"purchasable","17":"product-type-variable","18":"has-default-attributes"},"bundled_by":[],"bundle_stock_status":"instock","bundle_stock_quantity":null,"bundle_virtual":false,"bundle_layout":"","bundle_add_to_cart_form_location":"","bundle_editable_in_cart":false,"bundle_sold_individually_context":"","bundle_item_grouping":"","bundle_min_size":"","bundle_max_size":"","bundle_price":[],"bundled_items":[],"bundle_sell_ids":[],"acf":[],"yoast_head":"<!-- This site is optimized with the Yoast SEO plugin v27.3 - https:\/\/yoast.com\/product\/yoast-seo-wordpress\/ -->\n<title>\u017dygio kuprin\u0117 55L MIL-TEC\u00ae<\/title>\n<meta name=\"description\" content=\"Ergonomi\u0161ka 55 litr\u0173 talpos vandeniui atspari \u017eygio kuprin\u0117 i\u0161 taktin\u0117s \u012frangos prek\u0117s \u017eenklo MIL-TEC\u00ae. Komplekte yra apsauga nuo lietaus ir sniego.\" \/>\n<meta name=\"robots\" content=\"index, follow, max-snippet:-1, max-image-preview:large, max-video-preview:-1\" \/>\n<link rel=\"canonical\" href=\"https:\/\/toidupakk.ee\/lt\/toode\/zygio-kuprine-55l-mil-tec\/\" \/>\n<meta property=\"og:locale\" content=\"lt_LT\" \/>\n<meta property=\"og:type\" content=\"article\" \/>\n<meta property=\"og:title\" content=\"\u017dygio kuprin\u0117 55L MIL-TEC\u00ae\" \/>\n<meta property=\"og:description\" content=\"Ergonomi\u0161ka 55 litr\u0173 talpos vandeniui atspari \u017eygio kuprin\u0117 i\u0161 taktin\u0117s \u012frangos prek\u0117s \u017eenklo MIL-TEC\u00ae. Komplekte yra apsauga nuo lietaus ir sniego.\" \/>\n<meta property=\"og:url\" content=\"https:\/\/toidupakk.ee\/lt\/toode\/zygio-kuprine-55l-mil-tec\/\" \/>\n<meta property=\"og:site_name\" content=\"Toidupakk.ee - Tactical Foodpack toidupakid\" \/>\n<meta property=\"article:publisher\" content=\"https:\/\/www.facebook.com\/Toidupakk\" \/>\n<meta property=\"article:modified_time\" content=\"2026-04-15T21:31:51+00:00\" \/>\n<meta property=\"og:image\" content=\"https:\/\/toidupakk.ee\/wp-content\/uploads\/2024\/10\/Matka-seljakott-55L-MIL-TEC-1.png\" \/>\n\t<meta property=\"og:image:width\" content=\"1080\" \/>\n\t<meta property=\"og:image:height\" content=\"1080\" \/>\n\t<meta property=\"og:image:type\" content=\"image\/png\" \/>\n<meta name=\"twitter:card\" content=\"summary_large_image\" \/>\n<meta name=\"twitter:label1\" content=\"Est. reading time\" \/>\n\t<meta name=\"twitter:data1\" content=\"3 minut\u0117s\" \/>\n<script type=\"application\/ld+json\" class=\"yoast-schema-graph\">{\"@context\":\"https:\\\/\\\/schema.org\",\"@graph\":[{\"@type\":\"WebPage\",\"@id\":\"https:\\\/\\\/toidupakk.ee\\\/lt\\\/toode\\\/zygio-kuprine-55l-mil-tec\\\/\",\"url\":\"https:\\\/\\\/toidupakk.ee\\\/lt\\\/toode\\\/zygio-kuprine-55l-mil-tec\\\/\",\"name\":\"\u017dygio kuprin\u0117 55L MIL-TEC\u00ae\",\"isPartOf\":{\"@id\":\"https:\\\/\\\/toidupakk.ee\\\/lt\\\/#website\"},\"primaryImageOfPage\":{\"@id\":\"https:\\\/\\\/toidupakk.ee\\\/lt\\\/toode\\\/zygio-kuprine-55l-mil-tec\\\/#primaryimage\"},\"image\":{\"@id\":\"https:\\\/\\\/toidupakk.ee\\\/lt\\\/toode\\\/zygio-kuprine-55l-mil-tec\\\/#primaryimage\"},\"thumbnailUrl\":\"https:\\\/\\\/toidupakk.ee\\\/wp-content\\\/uploads\\\/2024\\\/10\\\/Matka-seljakott-55L-MIL-TEC-1.png\",\"datePublished\":\"2024-10-21T13:53:29+00:00\",\"dateModified\":\"2026-04-15T21:31:51+00:00\",\"description\":\"Ergonomi\u0161ka 55 litr\u0173 talpos vandeniui atspari \u017eygio kuprin\u0117 i\u0161 taktin\u0117s \u012frangos prek\u0117s \u017eenklo MIL-TEC\u00ae. Komplekte yra apsauga nuo lietaus ir sniego.\",\"breadcrumb\":{\"@id\":\"https:\\\/\\\/toidupakk.ee\\\/lt\\\/toode\\\/zygio-kuprine-55l-mil-tec\\\/#breadcrumb\"},\"inLanguage\":\"lt-LT\",\"potentialAction\":[{\"@type\":\"ReadAction\",\"target\":[\"https:\\\/\\\/toidupakk.ee\\\/lt\\\/toode\\\/zygio-kuprine-55l-mil-tec\\\/\"]}]},{\"@type\":\"ImageObject\",\"inLanguage\":\"lt-LT\",\"@id\":\"https:\\\/\\\/toidupakk.ee\\\/lt\\\/toode\\\/zygio-kuprine-55l-mil-tec\\\/#primaryimage\",\"url\":\"https:\\\/\\\/toidupakk.ee\\\/wp-content\\\/uploads\\\/2024\\\/10\\\/Matka-seljakott-55L-MIL-TEC-1.png\",\"contentUrl\":\"https:\\\/\\\/toidupakk.ee\\\/wp-content\\\/uploads\\\/2024\\\/10\\\/Matka-seljakott-55L-MIL-TEC-1.png\",\"width\":1080,\"height\":1080,\"caption\":\"55 liitrine matkakott\"},{\"@type\":\"BreadcrumbList\",\"@id\":\"https:\\\/\\\/toidupakk.ee\\\/lt\\\/toode\\\/zygio-kuprine-55l-mil-tec\\\/#breadcrumb\",\"itemListElement\":[{\"@type\":\"ListItem\",\"position\":1,\"name\":\"Avaleht\",\"item\":\"https:\\\/\\\/toidupakk.ee\\\/lt\\\/\"},{\"@type\":\"ListItem\",\"position\":2,\"name\":\"El. parduotuv\u0117\",\"item\":\"https:\\\/\\\/toidupakk.ee\\\/lt\\\/el-parduotuve\\\/\"},{\"@type\":\"ListItem\",\"position\":3,\"name\":\"\u017dygio kuprin\u0117 55L MIL-TEC\u00ae\"}]},{\"@type\":\"WebSite\",\"@id\":\"https:\\\/\\\/toidupakk.ee\\\/lt\\\/#website\",\"url\":\"https:\\\/\\\/toidupakk.ee\\\/lt\\\/\",\"name\":\"Toidupakk.ee - Tactical Foodpack toidupakid\",\"description\":\"Tactical Foodpack k\u00fclmkuivatatud toidupakid ja matkaeined\",\"publisher\":{\"@id\":\"https:\\\/\\\/toidupakk.ee\\\/lt\\\/#organization\"},\"potentialAction\":[{\"@type\":\"SearchAction\",\"target\":{\"@type\":\"EntryPoint\",\"urlTemplate\":\"https:\\\/\\\/toidupakk.ee\\\/lt\\\/?s={search_term_string}\"},\"query-input\":{\"@type\":\"PropertyValueSpecification\",\"valueRequired\":true,\"valueName\":\"search_term_string\"}}],\"inLanguage\":\"lt-LT\"},{\"@type\":\"Organization\",\"@id\":\"https:\\\/\\\/toidupakk.ee\\\/lt\\\/#organization\",\"name\":\"Tactical Foodpack matkaeined\",\"url\":\"https:\\\/\\\/toidupakk.ee\\\/lt\\\/\",\"logo\":{\"@type\":\"ImageObject\",\"inLanguage\":\"lt-LT\",\"@id\":\"https:\\\/\\\/toidupakk.ee\\\/lt\\\/#\\\/schema\\\/logo\\\/image\\\/\",\"url\":\"https:\\\/\\\/toidupakk.ee\\\/wp-content\\\/uploads\\\/2022\\\/01\\\/Toidupakk-matkapood-logo-transparent.png\",\"contentUrl\":\"https:\\\/\\\/toidupakk.ee\\\/wp-content\\\/uploads\\\/2022\\\/01\\\/Toidupakk-matkapood-logo-transparent.png\",\"width\":500,\"height\":500,\"caption\":\"Tactical Foodpack matkaeined\"},\"image\":{\"@id\":\"https:\\\/\\\/toidupakk.ee\\\/lt\\\/#\\\/schema\\\/logo\\\/image\\\/\"},\"sameAs\":[\"https:\\\/\\\/www.facebook.com\\\/Toidupakk\",\"https:\\\/\\\/www.instagram.com\\\/toidupakk\\\/\"]}]}<\/script>\n<!-- \/ Yoast SEO plugin. -->","yoast_head_json":{"title":"\u017dygio kuprin\u0117 55L MIL-TEC\u00ae","description":"Ergonomi\u0161ka 55 litr\u0173 talpos vandeniui atspari \u017eygio kuprin\u0117 i\u0161 taktin\u0117s \u012frangos prek\u0117s \u017eenklo MIL-TEC\u00ae. Komplekte yra apsauga nuo lietaus ir sniego.","robots":{"index":"index","follow":"follow","max-snippet":"max-snippet:-1","max-image-preview":"max-image-preview:large","max-video-preview":"max-video-preview:-1"},"canonical":"https:\/\/toidupakk.ee\/lt\/toode\/zygio-kuprine-55l-mil-tec\/","og_locale":"lt_LT","og_type":"article","og_title":"\u017dygio kuprin\u0117 55L MIL-TEC\u00ae","og_description":"Ergonomi\u0161ka 55 litr\u0173 talpos vandeniui atspari \u017eygio kuprin\u0117 i\u0161 taktin\u0117s \u012frangos prek\u0117s \u017eenklo MIL-TEC\u00ae. Komplekte yra apsauga nuo lietaus ir sniego.","og_url":"https:\/\/toidupakk.ee\/lt\/toode\/zygio-kuprine-55l-mil-tec\/","og_site_name":"Toidupakk.ee - Tactical Foodpack toidupakid","article_publisher":"https:\/\/www.facebook.com\/Toidupakk","article_modified_time":"2026-04-15T21:31:51+00:00","og_image":[{"width":1080,"height":1080,"url":"https:\/\/toidupakk.ee\/wp-content\/uploads\/2024\/10\/Matka-seljakott-55L-MIL-TEC-1.png","type":"image\/png"}],"twitter_card":"summary_large_image","twitter_misc":{"Est. reading time":"3 minut\u0117s"},"schema":{"@context":"https:\/\/schema.org","@graph":[{"@type":"WebPage","@id":"https:\/\/toidupakk.ee\/lt\/toode\/zygio-kuprine-55l-mil-tec\/","url":"https:\/\/toidupakk.ee\/lt\/toode\/zygio-kuprine-55l-mil-tec\/","name":"\u017dygio kuprin\u0117 55L MIL-TEC\u00ae","isPartOf":{"@id":"https:\/\/toidupakk.ee\/lt\/#website"},"primaryImageOfPage":{"@id":"https:\/\/toidupakk.ee\/lt\/toode\/zygio-kuprine-55l-mil-tec\/#primaryimage"},"image":{"@id":"https:\/\/toidupakk.ee\/lt\/toode\/zygio-kuprine-55l-mil-tec\/#primaryimage"},"thumbnailUrl":"https:\/\/toidupakk.ee\/wp-content\/uploads\/2024\/10\/Matka-seljakott-55L-MIL-TEC-1.png","datePublished":"2024-10-21T13:53:29+00:00","dateModified":"2026-04-15T21:31:51+00:00","description":"Ergonomi\u0161ka 55 litr\u0173 talpos vandeniui atspari \u017eygio kuprin\u0117 i\u0161 taktin\u0117s \u012frangos prek\u0117s \u017eenklo MIL-TEC\u00ae. Komplekte yra apsauga nuo lietaus ir sniego.","breadcrumb":{"@id":"https:\/\/toidupakk.ee\/lt\/toode\/zygio-kuprine-55l-mil-tec\/#breadcrumb"},"inLanguage":"lt-LT","potentialAction":[{"@type":"ReadAction","target":["https:\/\/toidupakk.ee\/lt\/toode\/zygio-kuprine-55l-mil-tec\/"]}]},{"@type":"ImageObject","inLanguage":"lt-LT","@id":"https:\/\/toidupakk.ee\/lt\/toode\/zygio-kuprine-55l-mil-tec\/#primaryimage","url":"https:\/\/toidupakk.ee\/wp-content\/uploads\/2024\/10\/Matka-seljakott-55L-MIL-TEC-1.png","contentUrl":"https:\/\/toidupakk.ee\/wp-content\/uploads\/2024\/10\/Matka-seljakott-55L-MIL-TEC-1.png","width":1080,"height":1080,"caption":"55 liitrine matkakott"},{"@type":"BreadcrumbList","@id":"https:\/\/toidupakk.ee\/lt\/toode\/zygio-kuprine-55l-mil-tec\/#breadcrumb","itemListElement":[{"@type":"ListItem","position":1,"name":"Avaleht","item":"https:\/\/toidupakk.ee\/lt\/"},{"@type":"ListItem","position":2,"name":"El. parduotuv\u0117","item":"https:\/\/toidupakk.ee\/lt\/el-parduotuve\/"},{"@type":"ListItem","position":3,"name":"\u017dygio kuprin\u0117 55L MIL-TEC\u00ae"}]},{"@type":"WebSite","@id":"https:\/\/toidupakk.ee\/lt\/#website","url":"https:\/\/toidupakk.ee\/lt\/","name":"Toidupakk.ee - Tactical Foodpack toidupakid","description":"Tactical Foodpack k\u00fclmkuivatatud toidupakid ja matkaeined","publisher":{"@id":"https:\/\/toidupakk.ee\/lt\/#organization"},"potentialAction":[{"@type":"SearchAction","target":{"@type":"EntryPoint","urlTemplate":"https:\/\/toidupakk.ee\/lt\/?s={search_term_string}"},"query-input":{"@type":"PropertyValueSpecification","valueRequired":true,"valueName":"search_term_string"}}],"inLanguage":"lt-LT"},{"@type":"Organization","@id":"https:\/\/toidupakk.ee\/lt\/#organization","name":"Tactical Foodpack matkaeined","url":"https:\/\/toidupakk.ee\/lt\/","logo":{"@type":"ImageObject","inLanguage":"lt-LT","@id":"https:\/\/toidupakk.ee\/lt\/#\/schema\/logo\/image\/","url":"https:\/\/toidupakk.ee\/wp-content\/uploads\/2022\/01\/Toidupakk-matkapood-logo-transparent.png","contentUrl":"https:\/\/toidupakk.ee\/wp-content\/uploads\/2022\/01\/Toidupakk-matkapood-logo-transparent.png","width":500,"height":500,"caption":"Tactical Foodpack matkaeined"},"image":{"@id":"https:\/\/toidupakk.ee\/lt\/#\/schema\/logo\/image\/"},"sameAs":["https:\/\/www.facebook.com\/Toidupakk","https:\/\/www.instagram.com\/toidupakk\/"]}]}},"jetpack_sharing_enabled":true,"_links":{"self":[{"href":"https:\/\/toidupakk.ee\/lt\/wp-json\/wp\/v2\/product\/46197","targetHints":{"allow":["GET"]}}],"collection":[{"href":"https:\/\/toidupakk.ee\/lt\/wp-json\/wp\/v2\/product"}],"about":[{"href":"https:\/\/toidupakk.ee\/lt\/wp-json\/wp\/v2\/types\/product"}],"replies":[{"embeddable":true,"href":"https:\/\/toidupakk.ee\/lt\/wp-json\/wp\/v2\/comments?post=46197"}],"wp:featuredmedia":[{"embeddable":true,"href":"https:\/\/toidupakk.ee\/lt\/wp-json\/wp\/v2\/media\/27928"}],"wp:attachment":[{"href":"https:\/\/toidupakk.ee\/lt\/wp-json\/wp\/v2\/media?parent=46197"}],"wp:term":[{"taxonomy":"product_brand","embeddable":true,"href":"https:\/\/toidupakk.ee\/lt\/wp-json\/wp\/v2\/product_brand?post=46197"},{"taxonomy":"product_cat","embeddable":true,"href":"https:\/\/toidupakk.ee\/lt\/wp-json\/wp\/v2\/product_cat?post=46197"},{"taxonomy":"product_tag","embeddable":true,"href":"https:\/\/toidupakk.ee\/lt\/wp-json\/wp\/v2\/product_tag?post=46197"}],"curies":[{"name":"wp","href":"https:\/\/api.w.org\/{rel}","templated":true}]}}