{"id":46174,"date":"2024-10-10T13:51:16","date_gmt":"2024-10-10T10:51:16","guid":{"rendered":"https:\/\/toidupakk.ee\/toode\/zygio-batai-alpina-tropez\/"},"modified":"2026-04-29T22:01:48","modified_gmt":"2026-04-29T19:01:48","slug":"zygio-batai-alpina-tropez","status":"publish","type":"product","link":"https:\/\/toidupakk.ee\/lt\/toode\/zygio-batai-alpina-tropez\/","title":{"rendered":"\u017dygio batai \u201eAlpina Tropez\u201c"},"content":{"rendered":"<p><img fetchpriority=\"high\" decoding=\"async\" class=\"alignright wp-image-27684 size-thumbnail\" src=\"https:\/\/toidupakk.ee\/wp-content\/uploads\/2024\/10\/Alpina-Tropez-matkajalatsid-2-500x500.png\" alt=\"\u017dygio batai \u201eAlpina Tropez\u201c\" width=\"500\" height=\"500\" srcset=\"https:\/\/toidupakk.ee\/wp-content\/uploads\/2024\/10\/Alpina-Tropez-matkajalatsid-2-500x500.png 500w, https:\/\/toidupakk.ee\/wp-content\/uploads\/2024\/10\/Alpina-Tropez-matkajalatsid-2-400x400.png 400w, https:\/\/toidupakk.ee\/wp-content\/uploads\/2024\/10\/Alpina-Tropez-matkajalatsid-2-100x100.png 100w, https:\/\/toidupakk.ee\/wp-content\/uploads\/2024\/10\/Alpina-Tropez-matkajalatsid-2-300x300.png 300w, https:\/\/toidupakk.ee\/wp-content\/uploads\/2024\/10\/Alpina-Tropez-matkajalatsid-2-768x768.png 768w, https:\/\/toidupakk.ee\/wp-content\/uploads\/2024\/10\/Alpina-Tropez-matkajalatsid-2.png 800w\" sizes=\"(max-width: 500px) 100vw, 500px\" \/><\/p>\n<p><strong>\u017dygio batai \u201eAlpina Tropez\u201c \u2013 patvarus ir patogus pasirinkimas aktyviam jud\u0117jimui<\/strong><\/p>\n<p>Nauji <strong>\u201eAlpina Tropez\u201c \u017eygio batai<\/strong> sukurti \u017emon\u0117ms, vertinantiems patogum\u0105 ir kokyb\u0119. J\u0173 lengvas ir kompakti\u0161kas \u017eemo profilio dizainas puikiai tinka lengviems \u017eygiams, kelion\u0117ms ir kasdieniam ne\u0161iojimui. Batvir\u0161is i\u0161 nubuko odos ir tekstil\u0117s sutvirtintas gumine nosimi, suteikian\u010dia papildom\u0105 apsaug\u0105 ir patvarum\u0105. <strong>\u201eVibram\u00ae\u201c guminis padas<\/strong> u\u017etikrina patikim\u0105 sukibim\u0105 su \u012fvairiais pavir\u0161iais, o <strong>\u201eAlpitex\u00ae\u201c vandeniui atspari membrana<\/strong> i\u0161laiko kojas sausas net dr\u0117gnomis s\u0105lygomis.  <\/p>\n<p><strong>Pagrindin\u0117s savyb\u0117s:<\/strong><\/p>\n<ul>\n<li>Patvarus batvir\u0161is i\u0161 odos ir tekstil\u0117s<\/li>\n<li>Vandeniui atspari <strong>Alpitex\u00ae<\/strong> membrana<\/li>\n<li>Tvirtas <strong>Vibram\u00ae<\/strong> guminis padas<\/li>\n<li>Tinka \u017eygiams ir kelion\u0117ms<\/li>\n<\/ul>\n<h1>\u017dygio batai \u201eAlpina Tropez\u201c: naudojamos med\u017eiagos ir technologijos<\/h1>\n<p>&nbsp;<\/p>\n<h2>ALPITEX technologija<\/h2>\n<p><img decoding=\"async\" class=\"alignnone size-full wp-image-21431\" src=\"https:\/\/toidupakk.ee\/wp-content\/uploads\/2024\/03\/Alpitex-Technology.png\" alt=\"\" width=\"200\" height=\"50\"><\/p>\n<p><img decoding=\"async\" class=\"alignnone wp-image-21589 size-full\" src=\"https:\/\/toidupakk.ee\/wp-content\/uploads\/2024\/03\/valge-taust.png\" alt=\"\" width=\"400\" height=\"250\" srcset=\"https:\/\/toidupakk.ee\/wp-content\/uploads\/2024\/03\/valge-taust.png 400w, https:\/\/toidupakk.ee\/wp-content\/uploads\/2024\/03\/valge-taust-300x188.png 300w\" sizes=\"(max-width: 400px) 100vw, 400px\" \/><\/p>\n<p>Revoliucin\u0117 \u201eAlpitex\u201c membrana nustato nauj\u0105<br \/>\natsparumo vandeniui standart\u0105 \u2013 18 000 mm vandens stulpelio.<br \/>\n\u201eAlpitex\u201c technologija padeda i\u0161likti sausam, u\u017etikrina ventiliacij\u0105<br \/>\n\u012fvairiomis oro s\u0105lygomis ir patogum\u0105 bet kokiu oru.<br \/>\nM\u0117gaukis gamta su \u201eAlpitex\u201c.<\/p>\n<h2>Sympatex\u00ae technologija<\/h2>\n<p><img loading=\"lazy\" decoding=\"async\" class=\"wp-image-21443 size-full alignnone\" src=\"https:\/\/toidupakk.ee\/wp-content\/uploads\/2024\/03\/Sympatex.png\" alt=\"\" width=\"400\" height=\"250\" srcset=\"https:\/\/toidupakk.ee\/wp-content\/uploads\/2024\/03\/Sympatex.png 400w, https:\/\/toidupakk.ee\/wp-content\/uploads\/2024\/03\/Sympatex-300x188.png 300w\" sizes=\"(max-width: 400px) 100vw, 400px\" \/><\/p>\n<p>\u017dygeivi\u0173 itin vertinama \u201esympatex\u00ae\u201c<br \/>\nvandeniui atspari membrana, kurios atsparumas siekia iki 45 000 mm,<br \/>\natitinka DIN EN 343 standart\u0105.<br \/>\nPasitik\u0117k m\u016bs\u0173 patvaria, bepore konstrukcija<br \/>\nir dinaminiu dr\u0117gm\u0117s bei gar\u0173 i\u0161sklaidymu.<br \/>\nTai u\u017etikrina optimal\u0173 komfort\u0105<br \/>\nir koj\u0173 apsaug\u0105.<\/p>\n<h2>\u201eALPINA\u201c bat\u0173 prek\u0117s \u017eenklas ir jo istorija<\/h2>\n<p>ALPINA yra Slov\u0117nijos bat\u0173 gamintojas, gaminantis \u012fvairi\u0105 avalyn\u0119 nuo 1947 met\u0173. U\u017e ALPINA prek\u0117s \u017eenklo slypi i\u0161skirtinis meistri\u0161kumas, inovatyvios med\u017eiagos ir technologijos, funkcionalumas bei dizainas. Iki \u0161iol ALPINA prek\u0117s \u017eenklas daugiausia \u017einomas kaip geriausi\u0173 pasaulio slidinink\u0173 pasirinkimas. Su ALPINA batais pasiekta daugyb\u0117 olimpini\u0173 ir pasaulio \u010dempionat\u0173 rekord\u0173. ALPINA batai visame pasaulyje \u017einomi tarp lygum\u0173 slidinink\u0173, ta\u010diau b\u0117gant laikui jie vis labiau vertinami ir \u017eygeivi\u0173.    <\/p>\n<p>Po 75 met\u0173 gamybos patirties ALPINA pasuko nauja kryptimi ir \u0161iandien papildomai gamina \u017eygio batus bei avalyn\u0119 kasdieniam ne\u0161iojimui. ALPINA misija \u2013 suteikti \u017emon\u0117ms jud\u0117jimo laisv\u0119 ir d\u017eiaugsm\u0105. <\/p>\n<p><img loading=\"lazy\" decoding=\"async\" class=\"alignright wp-image-21582 size-thumbnail\" src=\"https:\/\/toidupakk.ee\/wp-content\/uploads\/2024\/03\/Alpina-jalatsi-brandi-loomisest-500x500.png\" alt=\"\" width=\"500\" height=\"500\" srcset=\"https:\/\/toidupakk.ee\/wp-content\/uploads\/2024\/03\/Alpina-jalatsi-brandi-loomisest-500x500.png 500w, https:\/\/toidupakk.ee\/wp-content\/uploads\/2024\/03\/Alpina-jalatsi-brandi-loomisest-400x400.png 400w, https:\/\/toidupakk.ee\/wp-content\/uploads\/2024\/03\/Alpina-jalatsi-brandi-loomisest-100x100.png 100w\" sizes=\"(max-width: 500px) 100vw, 500px\" \/><\/p>\n<h2>Bat\u0173 prie\u017ei\u016bros instrukcija \u2013 kaip pri\u017ei\u016br\u0117ti \u017eygio batus?<\/h2>\n<p>\u201eALPINA\u201c batai gaminami naudojant kokybi\u0161k\u0105 nat\u016brali\u0105 od\u0105 ir inovatyvias sintetines med\u017eiagas. Kad batai tarnaut\u0173 ilgiau, i\u0161laikyt\u0173 savo funkcionalum\u0105 ir i\u0161vaizd\u0105, juos reikia retkar\u010diais pri\u017ei\u016br\u0117ti. R\u016bpindamasis avalyne, prailginsi jos tarnavimo laik\u0105 ir u\u017etikrinsi kokybi\u0161k\u0105 i\u0161vaizd\u0105. Bat\u0173 prie\u017ei\u016bra n\u0117ra sud\u0117tingas procesas, da\u017eniausiai juos reikia nuvalyti ir patepti kremu. Kalbant apie tepim\u0105 kremu, turime omenyje nat\u016bralios odos dali\u0173 prie\u017ei\u016br\u0105. Tam tinka visi nat\u016braliai odai skirti prie\u017ei\u016bros kremai ir skys\u010diai. Priklausomai nuo oro s\u0105lyg\u0173, galima naudoti \u012fvairias dr\u0117gm\u0119 atstumian\u010dias priemones, nanova\u0161kus ir pan. Odos prie\u017ei\u016bros priemoni\u0173 galima \u012fsigyti visose bat\u0173 parduotuv\u0117se.       <\/p>\n<p>Pirmiausia i\u0161verk bat\u0173 rai\u0161telius ir mink\u0161tu \u0161epe\u010diu nuvalyk purv\u0105. Jei prie pado prilipo stipresni\u0173 ne\u0161varum\u0173, valymui naudok kiet\u0173 \u0161eri\u0173 \u0161epet\u012f. Tinkamiausias laikas valyti \u017eygio batus yra i\u0161kart po \u017eygio, kol purvas dar nesp\u0117jo prid\u017ei\u016bti. Jei reikia, valymui gali naudoti ir b\u0117gant\u012f vanden\u012f bei avalyn\u0117s valikl\u012f.   <\/p>\n<p>D\u017eiovink batus kambario temperat\u016broje, kur oro dr\u0117gm\u0117 ma\u017ea. D\u017eiovinimui nenaudok itin kar\u0161t\u0173 viet\u0173 ar kar\u0161to oro. Geras patarimas \u2013 prikim\u0161k batus laikra\u0161\u010di\u0173, tai pad\u0117s sutrumpinti d\u017ei\u016bvimo laik\u0105.  <\/p>\n<p>&nbsp;<\/p>\n<h2>\u201eALPINA\u201c batuose da\u017eniausiai naudojami dviej\u0173 prek\u0117s \u017eenkl\u0173 padai \u2013 \u201eVibram\u00ae\u201c arba \u201eMICHELIN\u201c<\/h2>\n<p><img loading=\"lazy\" decoding=\"async\" class=\"alignnone size-full wp-image-21584\" src=\"https:\/\/toidupakk.ee\/wp-content\/uploads\/2024\/03\/Alpina-jalatsi-brandi-loomisest-192-x-112-px.png\" alt=\"\" width=\"192\" height=\"112\"><\/p>\n<p><img loading=\"lazy\" decoding=\"async\" class=\"size-full wp-image-21585\" src=\"https:\/\/toidupakk.ee\/wp-content\/uploads\/2024\/03\/vibram-saapatald.png\" alt=\"\" width=\"600\" height=\"200\" srcset=\"https:\/\/toidupakk.ee\/wp-content\/uploads\/2024\/03\/vibram-saapatald.png 600w, https:\/\/toidupakk.ee\/wp-content\/uploads\/2024\/03\/vibram-saapatald-300x100.png 300w\" sizes=\"(max-width: 600px) 100vw, 600px\" \/><\/p>\n<p>\u201eVibram\u201c prek\u0117s \u017eenklo padai \u017einomi d\u0117l puiki\u0173 sukibimo savybi\u0173 su \u012fvairiais pavir\u0161iais. Ypa\u010d vertinami \u017eygeivi\u0173 kalnuotose vietov\u0117se. <\/p>\n<p>&nbsp;<\/p>\n<p><img loading=\"lazy\" decoding=\"async\" class=\"alignnone size-full wp-image-21586\" src=\"https:\/\/toidupakk.ee\/wp-content\/uploads\/2024\/03\/Alpina-jalatsi-brandi-loomisest-192-x-112-px-1.png\" alt=\"\" width=\"155\" height=\"60\"><\/p>\n<p><img loading=\"lazy\" decoding=\"async\" class=\"alignnone size-full wp-image-21587\" src=\"https:\/\/toidupakk.ee\/wp-content\/uploads\/2024\/03\/Saapatallad-MICHELIN.png\" alt=\"\" width=\"600\" height=\"200\" srcset=\"https:\/\/toidupakk.ee\/wp-content\/uploads\/2024\/03\/Saapatallad-MICHELIN.png 600w, https:\/\/toidupakk.ee\/wp-content\/uploads\/2024\/03\/Saapatallad-MICHELIN-300x100.png 300w\" sizes=\"(max-width: 600px) 100vw, 600px\" \/><\/p>\n<p>\u201eMichelin\u201c padai \u017einomi d\u0117l savo patvarumo ir lengvumo. \u201eMichelin\u201c gumos mi\u0161inys gerai veikia ant \u012fvairi\u0173 tip\u0173 dirvo\u017eemio. Tai neabejotinai lemia ilgalaik\u0117 \u201eMichelin\u201c patirtis padang\u0173 technologij\u0173 ir med\u017eiag\u0173 srityje.  <\/p>\n<p><img loading=\"lazy\" decoding=\"async\" class=\"alignnone size-full wp-image-21588\" src=\"https:\/\/toidupakk.ee\/wp-content\/uploads\/2024\/03\/Alpina-saapad-varviline.png\" alt=\"\u201eAlpina\u201c avalyn\u0117\" width=\"300\" height=\"450\" srcset=\"https:\/\/toidupakk.ee\/wp-content\/uploads\/2024\/03\/Alpina-saapad-varviline.png 300w, https:\/\/toidupakk.ee\/wp-content\/uploads\/2024\/03\/Alpina-saapad-varviline-200x300.png 200w\" sizes=\"(max-width: 300px) 100vw, 300px\" \/><\/p>\n<p>Pasisemk \u012fkv\u0117pimo kitiems nuotykiams \u201eToidupakk\u201c <a href=\"https:\/\/www.instagram.com\/toidupakk\/\">Instagram<\/a> ir <a href=\"https:\/\/www.facebook.com\/Toidupakk\/\">Facebook<\/a> paskyrose.<\/p>\n<p>\u017di\u016br\u0117ti visus <a href=\"https:\/\/toidupakk.ee\/lt\/tootekategooria\/zygio-batai\/\">\u017eygio batus<\/a>.<\/p>\n","protected":false},"excerpt":{"rendered":"<p id=\"-product-title-10-51\" class=\"oxy-product-title product_title entry-title oxy-woo-element\"><strong>\u017dygio batai \u201eAlpina Tropez\u201c skirti aktyvaus gyvenimo b\u016bdo \u017emon\u0117ms, vertinantiems patogi\u0105 ir lengv\u0105 avalyn\u0119.<\/strong><\/p>\n<ul>\n<li>Batvir\u0161is i\u0161 <strong>nubuko odos<\/strong> ir tekstil\u0117s sutvirtintas gumine nosimi, suteikian\u010dia papildom\u0105 apsaug\u0105 ir patvarum\u0105.<\/li>\n<li><strong>\u201eVibram\u00ae\u201c guminis padas<\/strong> u\u017etikrina patikim\u0105 sukibim\u0105 su \u012fvairiais pavir\u0161iais.<\/li>\n<li><strong>\u201eAlpitex\u00ae\u201c vandeniui atspari membrana<\/strong> i\u0161laiko kojas sausas net dr\u0117gnomis s\u0105lygomis.<\/li>\n<li>Vidinis pamu\u0161alas yra i\u0161 <strong>Alpitex\u00ae<\/strong> med\u017eiagos, kuri u\u017etikrina <strong>atsparum\u0105 vandeniui ir ger\u0105 kv\u0117pavim\u0105.<\/strong><\/li>\n<li>I\u0161orinis padas turi tvirt\u0105 gumin\u012f protektori\u0173, kuris <strong>neleid\u017eia paslysti net ant \u0161lapio pavir\u0161iaus.<\/strong> EVA \/ guma<\/li>\n<li>Tai <strong>itin lengvi \u017eygio batai<\/strong>, suteikiantys maloni\u0105 \u017eygiavimo patirt\u012f<\/li>\n<li>Tinka tiek vyrams, tiek moterims<\/li>\n<li>Bat\u0173 svoris: 370 g<\/li>\n<li>Spalva: juoda<\/li>\n<li>Lankstumo \/ kietumo laipsnis: vidutinis (medium)<\/li>\n<li>Batams suteikiama <strong>2 met\u0173 garantija<\/strong><\/li>\n<li>\u201eAlpina\u201c yra vertinamas Slov\u0117nijos avalyn\u0117s gamintojas, gaminantis \u017eygio batus nuo 1947 met\u0173. <\/li>\n<\/ul>\n<p><img decoding=\"async\" class=\"alignnone size-full wp-image-21431\" src=\"https:\/\/toidupakk.ee\/wp-content\/uploads\/2024\/03\/Alpitex-Technology.png\" alt=\"\" width=\"200\" height=\"50\"><\/p>\n<p>\u2705 Yra sand\u0117lyje, greitas pristatymas per 1\u20133 darbo dienas<br \/>\n\u2705 Galima pasimatuoti atstovyb\u0117je Veski 5, Kiili<br \/>\n\u2705 NEMOKAMAS gr\u0105\u017einimas ir keitimas, jei netinka dydis<br \/>\n\u2705 Pirk dabar, mok\u0117k v\u0117liau (pal\u016bkanos 0 %)<\/p>\n","protected":false},"featured_media":27683,"comment_status":"open","ping_status":"closed","template":"","meta":{"_acf_changed":false},"product_brand":[],"product_cat":[224,223,189,190],"product_tag":[],"class_list":{"0":"post-46174","1":"product","2":"type-product","3":"status-publish","4":"has-post-thumbnail","6":"product_cat-avalyne","7":"product_cat-zygio-batai","8":"product_cat-zygio-iranga","9":"product_cat-zygio-prekes","11":"first","12":"instock","13":"sale","14":"taxable","15":"shipping-taxable","16":"purchasable","17":"product-type-variable","18":"has-default-attributes"},"bundled_by":[],"bundle_stock_status":"instock","bundle_stock_quantity":null,"bundle_virtual":false,"bundle_layout":"","bundle_add_to_cart_form_location":"","bundle_editable_in_cart":false,"bundle_sold_individually_context":"","bundle_item_grouping":"","bundle_min_size":"","bundle_max_size":"","bundle_price":[],"bundled_items":[],"bundle_sell_ids":[],"acf":[],"yoast_head":"<!-- This site is optimized with the Yoast SEO plugin v27.3 - https:\/\/yoast.com\/product\/yoast-seo-wordpress\/ -->\n<title>\u017dygio batai \u201eAlpina Tropez\u201c<\/title>\n<meta name=\"description\" content=\"\u017dygio batai \u201eAlpina Tropez\u201c yra lengvi ir kompakti\u0161ki \u017eemo profilio batai. Puikiai tinka lengviems \u017eygiams ar kasdieniam ne\u0161iojimui.\" \/>\n<meta name=\"robots\" content=\"index, follow, max-snippet:-1, max-image-preview:large, max-video-preview:-1\" \/>\n<link rel=\"canonical\" href=\"https:\/\/toidupakk.ee\/lt\/toode\/zygio-batai-alpina-tropez\/\" \/>\n<meta property=\"og:locale\" content=\"lt_LT\" \/>\n<meta property=\"og:type\" content=\"article\" \/>\n<meta property=\"og:title\" content=\"\u017dygio batai \u201eAlpina Tropez\u201c\" \/>\n<meta property=\"og:description\" content=\"\u017dygio batai \u201eAlpina Tropez\u201c yra lengvi ir kompakti\u0161ki \u017eemo profilio batai. Puikiai tinka lengviems \u017eygiams ar kasdieniam ne\u0161iojimui.\" \/>\n<meta property=\"og:url\" content=\"https:\/\/toidupakk.ee\/lt\/toode\/zygio-batai-alpina-tropez\/\" \/>\n<meta property=\"og:site_name\" content=\"Toidupakk.ee - Tactical Foodpack toidupakid\" \/>\n<meta property=\"article:publisher\" content=\"https:\/\/www.facebook.com\/Toidupakk\" \/>\n<meta property=\"article:modified_time\" content=\"2026-04-29T19:01:48+00:00\" \/>\n<meta property=\"og:image\" content=\"https:\/\/toidupakk.ee\/wp-content\/uploads\/2024\/10\/Alpina-Tropez-matkajalatsid-1.png\" \/>\n\t<meta property=\"og:image:width\" content=\"800\" \/>\n\t<meta property=\"og:image:height\" content=\"800\" \/>\n\t<meta property=\"og:image:type\" content=\"image\/png\" \/>\n<meta name=\"twitter:card\" content=\"summary_large_image\" \/>\n<meta name=\"twitter:label1\" content=\"Est. reading time\" \/>\n\t<meta name=\"twitter:data1\" content=\"3 minut\u0117s\" \/>\n<script type=\"application\/ld+json\" class=\"yoast-schema-graph\">{\"@context\":\"https:\\\/\\\/schema.org\",\"@graph\":[{\"@type\":\"WebPage\",\"@id\":\"https:\\\/\\\/toidupakk.ee\\\/lt\\\/toode\\\/zygio-batai-alpina-tropez\\\/\",\"url\":\"https:\\\/\\\/toidupakk.ee\\\/lt\\\/toode\\\/zygio-batai-alpina-tropez\\\/\",\"name\":\"\u017dygio batai \u201eAlpina Tropez\u201c\",\"isPartOf\":{\"@id\":\"https:\\\/\\\/toidupakk.ee\\\/lt\\\/#website\"},\"primaryImageOfPage\":{\"@id\":\"https:\\\/\\\/toidupakk.ee\\\/lt\\\/toode\\\/zygio-batai-alpina-tropez\\\/#primaryimage\"},\"image\":{\"@id\":\"https:\\\/\\\/toidupakk.ee\\\/lt\\\/toode\\\/zygio-batai-alpina-tropez\\\/#primaryimage\"},\"thumbnailUrl\":\"https:\\\/\\\/toidupakk.ee\\\/wp-content\\\/uploads\\\/2024\\\/10\\\/Alpina-Tropez-matkajalatsid-1.png\",\"datePublished\":\"2024-10-10T10:51:16+00:00\",\"dateModified\":\"2026-04-29T19:01:48+00:00\",\"description\":\"\u017dygio batai \u201eAlpina Tropez\u201c yra lengvi ir kompakti\u0161ki \u017eemo profilio batai. Puikiai tinka lengviems \u017eygiams ar kasdieniam ne\u0161iojimui.\",\"breadcrumb\":{\"@id\":\"https:\\\/\\\/toidupakk.ee\\\/lt\\\/toode\\\/zygio-batai-alpina-tropez\\\/#breadcrumb\"},\"inLanguage\":\"lt-LT\",\"potentialAction\":[{\"@type\":\"ReadAction\",\"target\":[\"https:\\\/\\\/toidupakk.ee\\\/lt\\\/toode\\\/zygio-batai-alpina-tropez\\\/\"]}]},{\"@type\":\"ImageObject\",\"inLanguage\":\"lt-LT\",\"@id\":\"https:\\\/\\\/toidupakk.ee\\\/lt\\\/toode\\\/zygio-batai-alpina-tropez\\\/#primaryimage\",\"url\":\"https:\\\/\\\/toidupakk.ee\\\/wp-content\\\/uploads\\\/2024\\\/10\\\/Alpina-Tropez-matkajalatsid-1.png\",\"contentUrl\":\"https:\\\/\\\/toidupakk.ee\\\/wp-content\\\/uploads\\\/2024\\\/10\\\/Alpina-Tropez-matkajalatsid-1.png\",\"width\":800,\"height\":800},{\"@type\":\"BreadcrumbList\",\"@id\":\"https:\\\/\\\/toidupakk.ee\\\/lt\\\/toode\\\/zygio-batai-alpina-tropez\\\/#breadcrumb\",\"itemListElement\":[{\"@type\":\"ListItem\",\"position\":1,\"name\":\"Avaleht\",\"item\":\"https:\\\/\\\/toidupakk.ee\\\/lt\\\/\"},{\"@type\":\"ListItem\",\"position\":2,\"name\":\"El. parduotuv\u0117\",\"item\":\"https:\\\/\\\/toidupakk.ee\\\/lt\\\/el-parduotuve\\\/\"},{\"@type\":\"ListItem\",\"position\":3,\"name\":\"\u017dygio batai \u201eAlpina Tropez\u201c\"}]},{\"@type\":\"WebSite\",\"@id\":\"https:\\\/\\\/toidupakk.ee\\\/lt\\\/#website\",\"url\":\"https:\\\/\\\/toidupakk.ee\\\/lt\\\/\",\"name\":\"Toidupakk.ee - Tactical Foodpack toidupakid\",\"description\":\"Tactical Foodpack k\u00fclmkuivatatud toidupakid ja matkaeined\",\"publisher\":{\"@id\":\"https:\\\/\\\/toidupakk.ee\\\/lt\\\/#organization\"},\"potentialAction\":[{\"@type\":\"SearchAction\",\"target\":{\"@type\":\"EntryPoint\",\"urlTemplate\":\"https:\\\/\\\/toidupakk.ee\\\/lt\\\/?s={search_term_string}\"},\"query-input\":{\"@type\":\"PropertyValueSpecification\",\"valueRequired\":true,\"valueName\":\"search_term_string\"}}],\"inLanguage\":\"lt-LT\"},{\"@type\":\"Organization\",\"@id\":\"https:\\\/\\\/toidupakk.ee\\\/lt\\\/#organization\",\"name\":\"Tactical Foodpack matkaeined\",\"url\":\"https:\\\/\\\/toidupakk.ee\\\/lt\\\/\",\"logo\":{\"@type\":\"ImageObject\",\"inLanguage\":\"lt-LT\",\"@id\":\"https:\\\/\\\/toidupakk.ee\\\/lt\\\/#\\\/schema\\\/logo\\\/image\\\/\",\"url\":\"https:\\\/\\\/toidupakk.ee\\\/wp-content\\\/uploads\\\/2022\\\/01\\\/Toidupakk-matkapood-logo-transparent.png\",\"contentUrl\":\"https:\\\/\\\/toidupakk.ee\\\/wp-content\\\/uploads\\\/2022\\\/01\\\/Toidupakk-matkapood-logo-transparent.png\",\"width\":500,\"height\":500,\"caption\":\"Tactical Foodpack matkaeined\"},\"image\":{\"@id\":\"https:\\\/\\\/toidupakk.ee\\\/lt\\\/#\\\/schema\\\/logo\\\/image\\\/\"},\"sameAs\":[\"https:\\\/\\\/www.facebook.com\\\/Toidupakk\",\"https:\\\/\\\/www.instagram.com\\\/toidupakk\\\/\"]}]}<\/script>\n<!-- \/ Yoast SEO plugin. -->","yoast_head_json":{"title":"\u017dygio batai \u201eAlpina Tropez\u201c","description":"\u017dygio batai \u201eAlpina Tropez\u201c yra lengvi ir kompakti\u0161ki \u017eemo profilio batai. Puikiai tinka lengviems \u017eygiams ar kasdieniam ne\u0161iojimui.","robots":{"index":"index","follow":"follow","max-snippet":"max-snippet:-1","max-image-preview":"max-image-preview:large","max-video-preview":"max-video-preview:-1"},"canonical":"https:\/\/toidupakk.ee\/lt\/toode\/zygio-batai-alpina-tropez\/","og_locale":"lt_LT","og_type":"article","og_title":"\u017dygio batai \u201eAlpina Tropez\u201c","og_description":"\u017dygio batai \u201eAlpina Tropez\u201c yra lengvi ir kompakti\u0161ki \u017eemo profilio batai. Puikiai tinka lengviems \u017eygiams ar kasdieniam ne\u0161iojimui.","og_url":"https:\/\/toidupakk.ee\/lt\/toode\/zygio-batai-alpina-tropez\/","og_site_name":"Toidupakk.ee - Tactical Foodpack toidupakid","article_publisher":"https:\/\/www.facebook.com\/Toidupakk","article_modified_time":"2026-04-29T19:01:48+00:00","og_image":[{"width":800,"height":800,"url":"https:\/\/toidupakk.ee\/wp-content\/uploads\/2024\/10\/Alpina-Tropez-matkajalatsid-1.png","type":"image\/png"}],"twitter_card":"summary_large_image","twitter_misc":{"Est. reading time":"3 minut\u0117s"},"schema":{"@context":"https:\/\/schema.org","@graph":[{"@type":"WebPage","@id":"https:\/\/toidupakk.ee\/lt\/toode\/zygio-batai-alpina-tropez\/","url":"https:\/\/toidupakk.ee\/lt\/toode\/zygio-batai-alpina-tropez\/","name":"\u017dygio batai \u201eAlpina Tropez\u201c","isPartOf":{"@id":"https:\/\/toidupakk.ee\/lt\/#website"},"primaryImageOfPage":{"@id":"https:\/\/toidupakk.ee\/lt\/toode\/zygio-batai-alpina-tropez\/#primaryimage"},"image":{"@id":"https:\/\/toidupakk.ee\/lt\/toode\/zygio-batai-alpina-tropez\/#primaryimage"},"thumbnailUrl":"https:\/\/toidupakk.ee\/wp-content\/uploads\/2024\/10\/Alpina-Tropez-matkajalatsid-1.png","datePublished":"2024-10-10T10:51:16+00:00","dateModified":"2026-04-29T19:01:48+00:00","description":"\u017dygio batai \u201eAlpina Tropez\u201c yra lengvi ir kompakti\u0161ki \u017eemo profilio batai. Puikiai tinka lengviems \u017eygiams ar kasdieniam ne\u0161iojimui.","breadcrumb":{"@id":"https:\/\/toidupakk.ee\/lt\/toode\/zygio-batai-alpina-tropez\/#breadcrumb"},"inLanguage":"lt-LT","potentialAction":[{"@type":"ReadAction","target":["https:\/\/toidupakk.ee\/lt\/toode\/zygio-batai-alpina-tropez\/"]}]},{"@type":"ImageObject","inLanguage":"lt-LT","@id":"https:\/\/toidupakk.ee\/lt\/toode\/zygio-batai-alpina-tropez\/#primaryimage","url":"https:\/\/toidupakk.ee\/wp-content\/uploads\/2024\/10\/Alpina-Tropez-matkajalatsid-1.png","contentUrl":"https:\/\/toidupakk.ee\/wp-content\/uploads\/2024\/10\/Alpina-Tropez-matkajalatsid-1.png","width":800,"height":800},{"@type":"BreadcrumbList","@id":"https:\/\/toidupakk.ee\/lt\/toode\/zygio-batai-alpina-tropez\/#breadcrumb","itemListElement":[{"@type":"ListItem","position":1,"name":"Avaleht","item":"https:\/\/toidupakk.ee\/lt\/"},{"@type":"ListItem","position":2,"name":"El. parduotuv\u0117","item":"https:\/\/toidupakk.ee\/lt\/el-parduotuve\/"},{"@type":"ListItem","position":3,"name":"\u017dygio batai \u201eAlpina Tropez\u201c"}]},{"@type":"WebSite","@id":"https:\/\/toidupakk.ee\/lt\/#website","url":"https:\/\/toidupakk.ee\/lt\/","name":"Toidupakk.ee - Tactical Foodpack toidupakid","description":"Tactical Foodpack k\u00fclmkuivatatud toidupakid ja matkaeined","publisher":{"@id":"https:\/\/toidupakk.ee\/lt\/#organization"},"potentialAction":[{"@type":"SearchAction","target":{"@type":"EntryPoint","urlTemplate":"https:\/\/toidupakk.ee\/lt\/?s={search_term_string}"},"query-input":{"@type":"PropertyValueSpecification","valueRequired":true,"valueName":"search_term_string"}}],"inLanguage":"lt-LT"},{"@type":"Organization","@id":"https:\/\/toidupakk.ee\/lt\/#organization","name":"Tactical Foodpack matkaeined","url":"https:\/\/toidupakk.ee\/lt\/","logo":{"@type":"ImageObject","inLanguage":"lt-LT","@id":"https:\/\/toidupakk.ee\/lt\/#\/schema\/logo\/image\/","url":"https:\/\/toidupakk.ee\/wp-content\/uploads\/2022\/01\/Toidupakk-matkapood-logo-transparent.png","contentUrl":"https:\/\/toidupakk.ee\/wp-content\/uploads\/2022\/01\/Toidupakk-matkapood-logo-transparent.png","width":500,"height":500,"caption":"Tactical Foodpack matkaeined"},"image":{"@id":"https:\/\/toidupakk.ee\/lt\/#\/schema\/logo\/image\/"},"sameAs":["https:\/\/www.facebook.com\/Toidupakk","https:\/\/www.instagram.com\/toidupakk\/"]}]}},"jetpack_sharing_enabled":true,"_links":{"self":[{"href":"https:\/\/toidupakk.ee\/lt\/wp-json\/wp\/v2\/product\/46174","targetHints":{"allow":["GET"]}}],"collection":[{"href":"https:\/\/toidupakk.ee\/lt\/wp-json\/wp\/v2\/product"}],"about":[{"href":"https:\/\/toidupakk.ee\/lt\/wp-json\/wp\/v2\/types\/product"}],"replies":[{"embeddable":true,"href":"https:\/\/toidupakk.ee\/lt\/wp-json\/wp\/v2\/comments?post=46174"}],"wp:featuredmedia":[{"embeddable":true,"href":"https:\/\/toidupakk.ee\/lt\/wp-json\/wp\/v2\/media\/27683"}],"wp:attachment":[{"href":"https:\/\/toidupakk.ee\/lt\/wp-json\/wp\/v2\/media?parent=46174"}],"wp:term":[{"taxonomy":"product_brand","embeddable":true,"href":"https:\/\/toidupakk.ee\/lt\/wp-json\/wp\/v2\/product_brand?post=46174"},{"taxonomy":"product_cat","embeddable":true,"href":"https:\/\/toidupakk.ee\/lt\/wp-json\/wp\/v2\/product_cat?post=46174"},{"taxonomy":"product_tag","embeddable":true,"href":"https:\/\/toidupakk.ee\/lt\/wp-json\/wp\/v2\/product_tag?post=46174"}],"curies":[{"name":"wp","href":"https:\/\/api.w.org\/{rel}","templated":true}]}}