{"id":46166,"date":"2024-10-09T11:16:57","date_gmt":"2024-10-09T08:16:57","guid":{"rendered":"https:\/\/toidupakk.ee\/toode\/cinkas-selenas-maisto-papildas-iconfit-90-kapsuliu\/"},"modified":"2026-04-04T00:01:26","modified_gmt":"2026-04-03T21:01:26","slug":"cinkas-selenas-maisto-papildas-iconfit-90-kapsuliu","status":"publish","type":"product","link":"https:\/\/toidupakk.ee\/lt\/toode\/cinkas-selenas-maisto-papildas-iconfit-90-kapsuliu\/","title":{"rendered":"Cinkas + selenas, maisto papildas ICONFIT, 90 kapsuli\u0173"},"content":{"rendered":"<h1><img fetchpriority=\"high\" decoding=\"async\" class=\"wp-image-27605 size-thumbnail alignright\" src=\"https:\/\/toidupakk.ee\/wp-content\/uploads\/2024\/10\/Tsink-ja-seleen-toidulisand-500x500.png\" alt=\"iconfit cinko ir seleno maisto papildas\" width=\"500\" height=\"500\" srcset=\"https:\/\/toidupakk.ee\/wp-content\/uploads\/2024\/10\/Tsink-ja-seleen-toidulisand-500x500.png 500w, https:\/\/toidupakk.ee\/wp-content\/uploads\/2024\/10\/Tsink-ja-seleen-toidulisand-400x400.png 400w, https:\/\/toidupakk.ee\/wp-content\/uploads\/2024\/10\/Tsink-ja-seleen-toidulisand-100x100.png 100w, https:\/\/toidupakk.ee\/wp-content\/uploads\/2024\/10\/Tsink-ja-seleen-toidulisand-300x300.png 300w, https:\/\/toidupakk.ee\/wp-content\/uploads\/2024\/10\/Tsink-ja-seleen-toidulisand-768x768.png 768w, https:\/\/toidupakk.ee\/wp-content\/uploads\/2024\/10\/Tsink-ja-seleen-toidulisand.png 800w\" sizes=\"(max-width: 500px) 100vw, 500px\" \/><\/h1>\n<h1><strong>Cinkas + selenas, maisto papildas ICONFIT \u2013 stipri sveikata, gyvybingumas ir apsauga kiekvienoje kapsul\u0117je!<\/strong><\/h1>\n<p>Jei ie\u0161kai veiksmingo b\u016bdo palaikyti savo sveikat\u0105 ir gerov\u0119, <strong>cinko ir seleno maisto papildas<\/strong> yra puikus sprendimas. \u0160ie du svarb\u016bs mineralai atlieka reik\u0161ming\u0105 vaidmen\u012f stiprinant tavo imunin\u0119 sistem\u0105, palaikant plauk\u0173 bei nag\u0173 sveikat\u0105 ir saugant organizm\u0105 nuo \u017ealingo aplinkos poveikio. <\/p>\n<h2><strong>Kod\u0117l verta rinktis cinko ir seleno maisto papild\u0105?<\/strong><\/h2>\n<p>\u0160iuolaikinis skub\u0117jimas ir da\u017enai nesveiki mitybos \u012fpro\u010diai gali atimti i\u0161 m\u016bs\u0173 organizmo svarbius mineralus. B\u016btent cinkas ir selenas yra tie du elementai, kuri\u0173 tr\u016bkumas gali paveikti tiek tavo imunin\u0119 sistem\u0105, tiek odos, plauk\u0173 ir nag\u0173 b\u016bkl\u0119. <strong>ICONFIT cinko ir seleno maisto papildas<\/strong> sukurtas u\u017epildyti \u0161ias spragas, suteikiant reikiam\u0105 param\u0105 b\u016btent \u0161iais mineralais. <\/p>\n<h2><strong>Cinkas ir selenas \u2013 dviguba parama imuninei sistemai!<\/strong><\/h2>\n<p>Cinkas atlieka svarb\u0173 vaidmen\u012f l\u0105steli\u0173 augimo ir vystymosi procesuose, padeda gyti \u017eaizdoms bei palaikyti sveik\u0105 od\u0105. Taip pat cinkas stiprina organizmo geb\u0117jim\u0105 kovoti su infekcijomis ir u\u017edegimais, b\u016bdamas svarbus imunin\u0117s sistemos komponentas. Selenas savo ruo\u017etu yra galingas antioksidantas, saugantis tavo l\u0105steles nuo oksidacin\u0117s pa\u017eaidos ir ma\u017einantis \u017ealing\u0173 laisv\u0173j\u0173 radikal\u0173 susidarym\u0105.  <\/p>\n<p>Jei nori stiprios apsaugos nuo i\u0161orinio aplinkos poveikio, <strong>cinko ir seleno maisto papildas<\/strong> yra puikus pasirinkimas \u2013 \u0161ie mineralai veikia kartu, palaikydami imunin\u0119 sistem\u0105 ir saugodami l\u0105steles nuo kasdien\u0117s \u017ealos.<\/p>\n<h2><strong>Pasir\u016bpink savo plauk\u0173 ir nag\u0173 sveikata<\/strong><\/h2>\n<p>Ar pasteb\u0117jai, kad plaukai ir nagai neb\u0117ra tokie stipr\u016bs ir spindintys kaip anks\u010diau? Cinkas ir selenas padeda ir \u010dia. \u0160ie mineralai svarb\u016bs keratino gamybai, kuris b\u016btinas tiek plauk\u0173, tiek nag\u0173 strukt\u016brai ir sveikatai. <strong>ICONFIT cinko ir seleno maisto papildas<\/strong> padeda i\u0161laikyti tavo plaukus bei nagus stiprius ir sveikus, palaikydamas j\u0173 nat\u016bral\u0173 augim\u0105 bei gyvybingum\u0105.  <\/p>\n<h3><strong>Kaip naudoti?<\/strong><\/h3>\n<p><strong>Cinko ir seleno maisto papild\u0105<\/strong> vartoti paprasta. U\u017etenka vos vienos kapsul\u0117s per dien\u0105, kad u\u017etikrintum reikiam\u0105 paros cinko ir seleno doz\u0119. \u0160ioje 90 kapsuli\u0173 pakuot\u0117je esan\u010di\u0173 mineral\u0173 tau u\u017eteks trims m\u0117nesiams. Geriausiam rezultatui pasiekti papild\u0105 vartok u\u017esigerdamas stikline vandens.   <\/p>\n<h3><strong>Sudedamosios dalys ir dozavimas<\/strong><\/h3>\n<p>Vienoje ICONFIT maisto papildo kapsul\u0117je yra 25 mg cinko ir 165 \u03bcg seleno, o tai sudaro atitinkamai 250 % ir 300 % tavo rekomenduojamos paros normos. Cinkas ir selenas yra lengvai pasisavinamos formos, u\u017etikrinant efektyv\u0173 absorbavim\u0105 ir rezultat\u0105. <\/p>\n<h3><strong>\u012esp\u0117jimai ir laikymas<\/strong><\/h3>\n<p>Maisto papildas netur\u0117t\u0173 b\u016bti vartojamas kaip maisto pakaitalas. Norint i\u0161laikyti sveik\u0105 gyvenimo b\u016bd\u0105, svarbu pilnavert\u0117 ir subalansuota mityba bei sveiki \u012fpro\u010diai. Nevir\u0161yk rekomenduojamos paros doz\u0117s ir laikyk papild\u0105 vaikams nepasiekiamoje vietoje. Laikyti 5\u201325 \u00b0C temperat\u016broje, saugoti nuo dr\u0117gm\u0117s ir tiesiogini\u0173 saul\u0117s spinduli\u0173.   <\/p>\n<p>Jei ie\u0161kai patikimo ir veiksmingo b\u016bdo palaikyti savo sveikat\u0105 bei imunin\u0119 sistem\u0105, rinkis <strong>cinko ir seleno maisto papild\u0105<\/strong>. Paprastas ir patogus sprendimas, padedantis u\u017etikrinti geriausi\u0105 tavo organizmo veikl\u0105 bei i\u0161laikyti plaukus ir nagus gra\u017eius. <\/p>\n<p><strong>U\u017esisakyk jau \u0161iandien ir pasir\u016bpink savo sveikata!<\/strong><\/p>\n<p><img decoding=\"async\" class=\"wp-image-27603 size-thumbnail alignright\" src=\"https:\/\/toidupakk.ee\/wp-content\/uploads\/2024\/10\/Tsink-seleen-toidulisandi-kapslid-500x500.jpg\" alt=\"cinkas ir selenas iconfit\" width=\"500\" height=\"500\" srcset=\"https:\/\/toidupakk.ee\/wp-content\/uploads\/2024\/10\/Tsink-seleen-toidulisandi-kapslid-500x500.jpg 500w, https:\/\/toidupakk.ee\/wp-content\/uploads\/2024\/10\/Tsink-seleen-toidulisandi-kapslid-400x400.jpg 400w, https:\/\/toidupakk.ee\/wp-content\/uploads\/2024\/10\/Tsink-seleen-toidulisandi-kapslid-100x100.jpg 100w\" sizes=\"(max-width: 500px) 100vw, 500px\" \/><\/p>\n<p>Cinko ir seleno tr\u016bkumas organizme gali pasireik\u0161ti \u012fvairiomis sveikatos problemomis, nes \u0161ie du mineralai atlieka svarb\u0173 vaidmen\u012f m\u016bs\u0173 k\u016bne. J\u0173 tr\u016bkumas gali sukelti daugyb\u0119 simptom\u0173 ir paveikti \u012fvairias k\u016bno funkcijas. <\/p>\n<h3><strong>Cinko tr\u016bkumo simptomai<\/strong><\/h3>\n<p>Cinko tr\u016bkumas gali paveikti daugel\u012f organizmo proces\u0173, nes cinkas reikalingas daugiau nei 300 ferment\u0173 veiklai ir dalyvauja normalioje imunin\u0117s sistemos, odos sveikatos, vir\u0161kinimo ir daugelio kit\u0173 sistem\u0173 veikloje. \u0160tai pagrindiniai simptomai: <\/p>\n<ol>\n<li><strong>Susilpn\u0117jusi imunin\u0117 sistema<\/strong> \u2013 cinko tr\u016bkumas gali suma\u017einti organizmo geb\u0117jim\u0105 kovoti su infekcijomis, tod\u0117l \u017emogus tampa imlesnis per\u0161alimo ligoms ir infekcijoms.<\/li>\n<li><strong>L\u0117tas \u017eaizd\u0173 gijimas<\/strong> \u2013 kadangi cinkas svarbus odos regeneracijai ir \u017eaizd\u0173 gijimui, jo tr\u016bkumas gali lemti l\u0117tesn\u012f \u017eaizd\u0173 ar odos pa\u017eeidim\u0173 gijim\u0105.<\/li>\n<li><strong>Plauk\u0173 slinkimas<\/strong> \u2013 cinko tr\u016bkumas gali sukelti plauk\u0173 ret\u0117jim\u0105 ar gaus\u0173 slinkim\u0105, nes \u0161is mineralas susij\u0119s su plauko augimu ir stiprinimu.<\/li>\n<li><strong>Odos sudirgimai ir egzema<\/strong> \u2013 cinkas svarbus odos sveikatai palaikyti, o jo tr\u016bkumas gali sukelti egzem\u0105 arba odos sausum\u0105 ir sudirgim\u0105.<\/li>\n<li><strong>Apetito stoka ir svorio kritimas<\/strong> \u2013 cinko tr\u016bkumas gali paveikti apetit\u0105 ir skonio poj\u016bt\u012f, sukeldamas apetito praradim\u0105 ir galim\u0105 svorio ma\u017e\u0117jim\u0105.<\/li>\n<li><strong>Augimo problemos vaikams<\/strong> \u2013 vaikams cinkas ypa\u010d svarbus augimui ir vystymuisi, o jo tr\u016bkumas gali sukelti augimo sul\u0117t\u0117jim\u0105 ar vystymosi sutrikimus.<\/li>\n<li><strong>Psichin\u0117s sveikatos problemos<\/strong> \u2013 cinkas atlieka vaidmen\u012f smegen\u0173 funkcijose, o jo tr\u016bkumas gali sukelti nerim\u0105, depresij\u0105 ar kognityvines problemas, pavyzd\u017eiui, sunkum\u0105 susikaupti.<\/li>\n<\/ol>\n<h3><strong>Seleno tr\u016bkumo simptomai<\/strong><\/h3>\n<p>Selenas yra galingas antioksidantas ir atlieka svarb\u0173 vaidmen\u012f skydliauk\u0117s veikloje, imunin\u0117s sistemos darbe bei l\u0105steli\u0173 apsaugoje nuo oksidacin\u0117s pa\u017eaidos. Jo tr\u016bkumas gali sukelti \u012fvairi\u0173 sveikatos problem\u0173: <\/p>\n<ol>\n<li><strong>Skydliauk\u0117s sutrikimai<\/strong> \u2013 seleno tr\u016bkumas gali sukelti skydliauk\u0117s veiklos sutrikimus, nes selenas dalyvauja skydliauk\u0117s hormon\u0173 gamyboje ir reguliavime. Tai gali sukelti hipotiroz\u0119, kuri pasirei\u0161kia nuovargiu, svorio augimu ir nuotaik\u0173 kaita. <\/li>\n<li><strong>Nuovargis ir raumen\u0173 silpnumas<\/strong> \u2013 tr\u016bkstant seleno gali atsirasti nuovargis, raumen\u0173 silpnumas ir bendras energijos tr\u016bkumas.<\/li>\n<li><strong>Imunin\u0117s sistemos susilpn\u0117jimas<\/strong> \u2013 kaip ir cinkas, selenas yra svarbus imunin\u0117s sistemos veiklai. Seleno tr\u016bkumas gali padidinti rizik\u0105 susirgti infekcin\u0117mis ir virusin\u0117mis ligomis. <\/li>\n<li><strong>Vaisingumo problemos<\/strong> \u2013 seleno tr\u016bkumas gali paveikti vyr\u0173 ir moter\u0173 vaisingum\u0105, nes \u0161is mineralas atlieka vaidmen\u012f reprodukcin\u0117s sistemos sveikatai, ypa\u010d vyr\u0173 spermatozoid\u0173 gamybai ir judrumui.<\/li>\n<li><strong>\u0160irdies ir kraujagysli\u0173 problemos<\/strong> \u2013 seleno tr\u016bkumas gali paveikti \u0161irdies sveikat\u0105 ir yra susij\u0119s su kardiomiopatija, t. y. \u0161irdies raumens susilpn\u0117jimu.<\/li>\n<li><strong>Plauk\u0173 ir nag\u0173 b\u016bkl\u0117s pablog\u0117jimas<\/strong> \u2013 kaip ir cinkas, selenas yra svarbus plauk\u0173 ir nag\u0173 gyvybingumui, o jo tr\u016bkumas gali sukelti j\u0173 l\u016b\u017ein\u0117jim\u0105 bei slinkim\u0105.<\/li>\n<\/ol>\n<h3>Kaip padeda cinkas ir selenas?<\/h3>\n<p><strong>Cinkas ir selenas<\/strong> yra b\u016btini normaliai imunin\u0117s sistemos veiklai, odos, plauk\u0173 ir nag\u0173 sveikatai u\u017etikrinti bei organizmo apsaugai nuo oksidacin\u0117s pa\u017eaidos. \u0160i\u0173 mineral\u0173 tr\u016bkumas gali sukelti rimt\u0173 sveikatos problem\u0173, ta\u010diau tinkamo papildo, pavyzd\u017eiui, <strong>cinko ir seleno maisto papildo<\/strong>, vartojimas padeda i\u0161vengti tr\u016bkumo ir palaikyti ger\u0105 k\u016bno b\u016bkl\u0119. <\/p>\n<p>Jei pastebi auk\u0161\u010diau i\u0161vardintus simptomus, gali b\u016bti naudinga pasikonsultuoti su sveikatos prie\u017ei\u016bros specialistu ir apsvarstyti galimyb\u0119 \u012ftraukti cink\u0105 bei selen\u0105 \u012f savo kasdien\u0119 mityb\u0105.<\/p>\n<p><img decoding=\"async\" class=\"wp-image-15624 size-medium alignright\" src=\"https:\/\/toidupakk.ee\/wp-content\/uploads\/2023\/11\/ICONFIT-kollageeni-pulber-liigestele-5-300x300.png\" alt=\"iconfit logotipas\" width=\"300\" height=\"300\" srcset=\"https:\/\/toidupakk.ee\/wp-content\/uploads\/2023\/11\/ICONFIT-kollageeni-pulber-liigestele-5-300x300.png 300w, https:\/\/toidupakk.ee\/wp-content\/uploads\/2023\/11\/ICONFIT-kollageeni-pulber-liigestele-5-400x400.png 400w, https:\/\/toidupakk.ee\/wp-content\/uploads\/2023\/11\/ICONFIT-kollageeni-pulber-liigestele-5-100x100.png 100w, https:\/\/toidupakk.ee\/wp-content\/uploads\/2023\/11\/ICONFIT-kollageeni-pulber-liigestele-5-500x500.png 500w, https:\/\/toidupakk.ee\/wp-content\/uploads\/2023\/11\/ICONFIT-kollageeni-pulber-liigestele-5-768x768.png 768w, https:\/\/toidupakk.ee\/wp-content\/uploads\/2023\/11\/ICONFIT-kollageeni-pulber-liigestele-5.png 800w\" sizes=\"(max-width: 300px) 100vw, 300px\" \/><\/p>\n<h2>Kolageno milteliai, \u201eICONFIT\u201c kokyb\u0117 ir r\u016bpestis<\/h2>\n<p>\u201eICONFIT\u201c produktai sukurti Estijoje ir atitinka auk\u0161\u010diausius Europos kokyb\u0117s standartus. Savo produktus kuriame kartu su mitybos specialistais, sportininkais ir maisto technologais. <\/p>\n<p>\u201eICONFIT\u201c produktuose n\u0117ra nereikaling\u0173 dirbtini\u0173 stabilizatori\u0173, da\u017eikli\u0173 ar konservant\u0173. M\u016bs\u0173 klientai gr\u012f\u017eta v\u0117l ir v\u0117l d\u0117l m\u016bs\u0173 kokyb\u0117s, grynumo ir puikaus skonio. <\/p>\n<p>Per\u017ei\u016br\u0117k ir kitus maisto papildus <a href=\"https:\/\/toidupakk.ee\/lt\/tootekategooria\/maisto-papildai\/\">\u010cIA<\/a><\/p>\n<p>O gal domiesi \u017eygio maistu? \u017di\u016br\u0117k <a href=\"\/?product_cat=snakk#section-3-79\">\u010cIA<\/a><\/p>\n<p>Pasisemk \u012fkv\u0117pimo kitiems nuotykiams \u201eToidupakk\u201c <a href=\"https:\/\/www.instagram.com\/toidupakk\/\">Instagram<\/a> ir <a href=\"https:\/\/www.facebook.com\/Toidupakk\/\">Facebook<\/a> paskyrose.<\/p>\n","protected":false},"excerpt":{"rendered":"<p>\u201eICONFIT\u201c cinko ir seleno maisto papildas sukurtas imuninei sistemai palaikyti bei normaliai nag\u0173 ir plauk\u0173 b\u016bklei i\u0161laikyti.<\/p>\n<ul>\n<li><strong>Palaiko imunin\u0119 sistem\u0105<\/strong> \u2013 selenas ir cinkas saugo tavo k\u016bn\u0105 nuo i\u0161orinio aplinkos poveikio ir padeda imuninei sistemai atlikti savo darb\u0105.<\/li>\n<li><strong>Galingas antioksidantas<\/strong> \u2013 selenas saugo tavo l\u0105steles nuo oksidacin\u0117s pa\u017eaidos, veikdamas kaip labai stiprus antioksidantas.<\/li>\n<li><strong>Pasir\u016bpink savo nag\u0173 ir plauk\u0173 sveikata<\/strong> \u2013 mineralin\u0117s med\u017eiagos yra labai svarbios norint i\u0161laikyti nag\u0173 ir plauk\u0173 gyvybingum\u0105.<\/li>\n<li>Pakuot\u0117je yra <strong>90 kapsuli\u0173<\/strong>, kuri\u0173 u\u017etenka 3 m\u0117nesiams. Rekomenduojama vartoti po <strong>1 kapsul\u0119 per dien\u0105!<\/strong> <\/li>\n<li>Veikliosios med\u017eiagos kiekis <strong>25 mg<\/strong><\/li>\n<\/ul>\n<p>\u2705 Greitas pristatymas \u012f tavo pa\u0161tomat\u0105 per 1\u20133 darbo dienas<\/p>\n","protected":false},"featured_media":27605,"comment_status":"open","ping_status":"closed","template":"","meta":{"_acf_changed":false},"product_brand":[],"product_cat":[261,237,189,190],"product_tag":[],"class_list":{"0":"post-46166","1":"product","2":"type-product","3":"status-publish","4":"has-post-thumbnail","6":"product_cat-kapsules","7":"product_cat-maisto-papildai","8":"product_cat-zygio-iranga","9":"product_cat-zygio-prekes","11":"first","12":"instock","13":"taxable","14":"shipping-taxable","15":"purchasable","16":"product-type-simple"},"bundled_by":[],"bundle_stock_status":"instock","bundle_stock_quantity":4,"bundle_virtual":false,"bundle_layout":"","bundle_add_to_cart_form_location":"","bundle_editable_in_cart":false,"bundle_sold_individually_context":"","bundle_item_grouping":"","bundle_min_size":"","bundle_max_size":"","bundle_price":[],"bundled_items":[],"bundle_sell_ids":[],"acf":[],"yoast_head":"<!-- This site is optimized with the Yoast SEO plugin v27.1.1 - https:\/\/yoast.com\/product\/yoast-seo-wordpress\/ -->\n<title>Cinkas + selenas, maisto papildas ICONFIT, 90 kapsuli\u0173<\/title>\n<meta name=\"description\" content=\"Cinko ir seleno maisto papildas palaiko imunin\u0119 sistem\u0105, plauk\u0173 bei nag\u0173 sveikat\u0105 ir saugo l\u0105steles nuo oksidacin\u0117s pa\u017eaidos. 90 kapsuli\u0173, u\u017etenka 3 m\u0117nesiams.\" \/>\n<meta name=\"robots\" content=\"index, follow, max-snippet:-1, max-image-preview:large, max-video-preview:-1\" \/>\n<link rel=\"canonical\" href=\"https:\/\/toidupakk.ee\/lt\/toode\/cinkas-selenas-maisto-papildas-iconfit-90-kapsuliu\/\" \/>\n<meta property=\"og:locale\" content=\"lt_LT\" \/>\n<meta property=\"og:type\" content=\"article\" \/>\n<meta property=\"og:title\" content=\"Cinkas + selenas, maisto papildas ICONFIT, 90 kapsuli\u0173\" \/>\n<meta property=\"og:description\" content=\"Cinko ir seleno maisto papildas palaiko imunin\u0119 sistem\u0105, plauk\u0173 bei nag\u0173 sveikat\u0105 ir saugo l\u0105steles nuo oksidacin\u0117s pa\u017eaidos. 90 kapsuli\u0173, u\u017etenka 3 m\u0117nesiams.\" \/>\n<meta property=\"og:url\" content=\"https:\/\/toidupakk.ee\/lt\/toode\/cinkas-selenas-maisto-papildas-iconfit-90-kapsuliu\/\" \/>\n<meta property=\"og:site_name\" content=\"Toidupakk.ee - Tactical Foodpack toidupakid\" \/>\n<meta property=\"article:publisher\" content=\"https:\/\/www.facebook.com\/Toidupakk\" \/>\n<meta property=\"article:modified_time\" content=\"2026-04-03T21:01:26+00:00\" \/>\n<meta property=\"og:image\" content=\"https:\/\/toidupakk.ee\/wp-content\/uploads\/2024\/10\/Tsink-ja-seleen-toidulisand.png\" \/>\n\t<meta property=\"og:image:width\" content=\"800\" \/>\n\t<meta property=\"og:image:height\" content=\"800\" \/>\n\t<meta property=\"og:image:type\" content=\"image\/png\" \/>\n<meta name=\"twitter:card\" content=\"summary_large_image\" \/>\n<meta name=\"twitter:label1\" content=\"Est. reading time\" \/>\n\t<meta name=\"twitter:data1\" content=\"6 minut\u0117s\" \/>\n<script type=\"application\/ld+json\" class=\"yoast-schema-graph\">{\"@context\":\"https:\/\/schema.org\",\"@graph\":[{\"@type\":\"WebPage\",\"@id\":\"https:\/\/toidupakk.ee\/lt\/toode\/cinkas-selenas-maisto-papildas-iconfit-90-kapsuliu\/\",\"url\":\"https:\/\/toidupakk.ee\/lt\/toode\/cinkas-selenas-maisto-papildas-iconfit-90-kapsuliu\/\",\"name\":\"Cinkas + selenas, maisto papildas ICONFIT, 90 kapsuli\u0173\",\"isPartOf\":{\"@id\":\"https:\/\/toidupakk.ee\/lt\/#website\"},\"primaryImageOfPage\":{\"@id\":\"https:\/\/toidupakk.ee\/lt\/toode\/cinkas-selenas-maisto-papildas-iconfit-90-kapsuliu\/#primaryimage\"},\"image\":{\"@id\":\"https:\/\/toidupakk.ee\/lt\/toode\/cinkas-selenas-maisto-papildas-iconfit-90-kapsuliu\/#primaryimage\"},\"thumbnailUrl\":\"https:\/\/toidupakk.ee\/wp-content\/uploads\/2024\/10\/Tsink-ja-seleen-toidulisand.png\",\"datePublished\":\"2024-10-09T08:16:57+00:00\",\"dateModified\":\"2026-04-03T21:01:26+00:00\",\"description\":\"Cinko ir seleno maisto papildas palaiko imunin\u0119 sistem\u0105, plauk\u0173 bei nag\u0173 sveikat\u0105 ir saugo l\u0105steles nuo oksidacin\u0117s pa\u017eaidos. 90 kapsuli\u0173, u\u017etenka 3 m\u0117nesiams.\",\"breadcrumb\":{\"@id\":\"https:\/\/toidupakk.ee\/lt\/toode\/cinkas-selenas-maisto-papildas-iconfit-90-kapsuliu\/#breadcrumb\"},\"inLanguage\":\"lt-LT\",\"potentialAction\":[{\"@type\":\"ReadAction\",\"target\":[\"https:\/\/toidupakk.ee\/lt\/toode\/cinkas-selenas-maisto-papildas-iconfit-90-kapsuliu\/\"]}]},{\"@type\":\"ImageObject\",\"inLanguage\":\"lt-LT\",\"@id\":\"https:\/\/toidupakk.ee\/lt\/toode\/cinkas-selenas-maisto-papildas-iconfit-90-kapsuliu\/#primaryimage\",\"url\":\"https:\/\/toidupakk.ee\/wp-content\/uploads\/2024\/10\/Tsink-ja-seleen-toidulisand.png\",\"contentUrl\":\"https:\/\/toidupakk.ee\/wp-content\/uploads\/2024\/10\/Tsink-ja-seleen-toidulisand.png\",\"width\":800,\"height\":800,\"caption\":\"iconfit tsink ja seleen toidulisand\"},{\"@type\":\"BreadcrumbList\",\"@id\":\"https:\/\/toidupakk.ee\/lt\/toode\/cinkas-selenas-maisto-papildas-iconfit-90-kapsuliu\/#breadcrumb\",\"itemListElement\":[{\"@type\":\"ListItem\",\"position\":1,\"name\":\"Avaleht\",\"item\":\"https:\/\/toidupakk.ee\/lt\/\"},{\"@type\":\"ListItem\",\"position\":2,\"name\":\"El. parduotuv\u0117\",\"item\":\"https:\/\/toidupakk.ee\/lt\/el-parduotuve\/\"},{\"@type\":\"ListItem\",\"position\":3,\"name\":\"Cinkas + selenas, maisto papildas ICONFIT, 90 kapsuli\u0173\"}]},{\"@type\":\"WebSite\",\"@id\":\"https:\/\/toidupakk.ee\/lt\/#website\",\"url\":\"https:\/\/toidupakk.ee\/lt\/\",\"name\":\"Toidupakk.ee - Tactical Foodpack toidupakid\",\"description\":\"Tactical Foodpack k\u00fclmkuivatatud toidupakid ja matkaeined\",\"publisher\":{\"@id\":\"https:\/\/toidupakk.ee\/lt\/#organization\"},\"potentialAction\":[{\"@type\":\"SearchAction\",\"target\":{\"@type\":\"EntryPoint\",\"urlTemplate\":\"https:\/\/toidupakk.ee\/lt\/?s={search_term_string}\"},\"query-input\":{\"@type\":\"PropertyValueSpecification\",\"valueRequired\":true,\"valueName\":\"search_term_string\"}}],\"inLanguage\":\"lt-LT\"},{\"@type\":\"Organization\",\"@id\":\"https:\/\/toidupakk.ee\/lt\/#organization\",\"name\":\"Tactical Foodpack matkaeined\",\"url\":\"https:\/\/toidupakk.ee\/lt\/\",\"logo\":{\"@type\":\"ImageObject\",\"inLanguage\":\"lt-LT\",\"@id\":\"https:\/\/toidupakk.ee\/lt\/#\/schema\/logo\/image\/\",\"url\":\"https:\/\/toidupakk.ee\/wp-content\/uploads\/2022\/01\/Toidupakk-matkapood-logo-transparent.png\",\"contentUrl\":\"https:\/\/toidupakk.ee\/wp-content\/uploads\/2022\/01\/Toidupakk-matkapood-logo-transparent.png\",\"width\":500,\"height\":500,\"caption\":\"Tactical Foodpack matkaeined\"},\"image\":{\"@id\":\"https:\/\/toidupakk.ee\/lt\/#\/schema\/logo\/image\/\"},\"sameAs\":[\"https:\/\/www.facebook.com\/Toidupakk\",\"https:\/\/www.instagram.com\/toidupakk\/\"]}]}<\/script>\n<!-- \/ Yoast SEO plugin. -->","yoast_head_json":{"title":"Cinkas + selenas, maisto papildas ICONFIT, 90 kapsuli\u0173","description":"Cinko ir seleno maisto papildas palaiko imunin\u0119 sistem\u0105, plauk\u0173 bei nag\u0173 sveikat\u0105 ir saugo l\u0105steles nuo oksidacin\u0117s pa\u017eaidos. 90 kapsuli\u0173, u\u017etenka 3 m\u0117nesiams.","robots":{"index":"index","follow":"follow","max-snippet":"max-snippet:-1","max-image-preview":"max-image-preview:large","max-video-preview":"max-video-preview:-1"},"canonical":"https:\/\/toidupakk.ee\/lt\/toode\/cinkas-selenas-maisto-papildas-iconfit-90-kapsuliu\/","og_locale":"lt_LT","og_type":"article","og_title":"Cinkas + selenas, maisto papildas ICONFIT, 90 kapsuli\u0173","og_description":"Cinko ir seleno maisto papildas palaiko imunin\u0119 sistem\u0105, plauk\u0173 bei nag\u0173 sveikat\u0105 ir saugo l\u0105steles nuo oksidacin\u0117s pa\u017eaidos. 90 kapsuli\u0173, u\u017etenka 3 m\u0117nesiams.","og_url":"https:\/\/toidupakk.ee\/lt\/toode\/cinkas-selenas-maisto-papildas-iconfit-90-kapsuliu\/","og_site_name":"Toidupakk.ee - Tactical Foodpack toidupakid","article_publisher":"https:\/\/www.facebook.com\/Toidupakk","article_modified_time":"2026-04-03T21:01:26+00:00","og_image":[{"width":800,"height":800,"url":"https:\/\/toidupakk.ee\/wp-content\/uploads\/2024\/10\/Tsink-ja-seleen-toidulisand.png","type":"image\/png"}],"twitter_card":"summary_large_image","twitter_misc":{"Est. reading time":"6 minut\u0117s"},"schema":{"@context":"https:\/\/schema.org","@graph":[{"@type":"WebPage","@id":"https:\/\/toidupakk.ee\/lt\/toode\/cinkas-selenas-maisto-papildas-iconfit-90-kapsuliu\/","url":"https:\/\/toidupakk.ee\/lt\/toode\/cinkas-selenas-maisto-papildas-iconfit-90-kapsuliu\/","name":"Cinkas + selenas, maisto papildas ICONFIT, 90 kapsuli\u0173","isPartOf":{"@id":"https:\/\/toidupakk.ee\/lt\/#website"},"primaryImageOfPage":{"@id":"https:\/\/toidupakk.ee\/lt\/toode\/cinkas-selenas-maisto-papildas-iconfit-90-kapsuliu\/#primaryimage"},"image":{"@id":"https:\/\/toidupakk.ee\/lt\/toode\/cinkas-selenas-maisto-papildas-iconfit-90-kapsuliu\/#primaryimage"},"thumbnailUrl":"https:\/\/toidupakk.ee\/wp-content\/uploads\/2024\/10\/Tsink-ja-seleen-toidulisand.png","datePublished":"2024-10-09T08:16:57+00:00","dateModified":"2026-04-03T21:01:26+00:00","description":"Cinko ir seleno maisto papildas palaiko imunin\u0119 sistem\u0105, plauk\u0173 bei nag\u0173 sveikat\u0105 ir saugo l\u0105steles nuo oksidacin\u0117s pa\u017eaidos. 90 kapsuli\u0173, u\u017etenka 3 m\u0117nesiams.","breadcrumb":{"@id":"https:\/\/toidupakk.ee\/lt\/toode\/cinkas-selenas-maisto-papildas-iconfit-90-kapsuliu\/#breadcrumb"},"inLanguage":"lt-LT","potentialAction":[{"@type":"ReadAction","target":["https:\/\/toidupakk.ee\/lt\/toode\/cinkas-selenas-maisto-papildas-iconfit-90-kapsuliu\/"]}]},{"@type":"ImageObject","inLanguage":"lt-LT","@id":"https:\/\/toidupakk.ee\/lt\/toode\/cinkas-selenas-maisto-papildas-iconfit-90-kapsuliu\/#primaryimage","url":"https:\/\/toidupakk.ee\/wp-content\/uploads\/2024\/10\/Tsink-ja-seleen-toidulisand.png","contentUrl":"https:\/\/toidupakk.ee\/wp-content\/uploads\/2024\/10\/Tsink-ja-seleen-toidulisand.png","width":800,"height":800,"caption":"iconfit tsink ja seleen toidulisand"},{"@type":"BreadcrumbList","@id":"https:\/\/toidupakk.ee\/lt\/toode\/cinkas-selenas-maisto-papildas-iconfit-90-kapsuliu\/#breadcrumb","itemListElement":[{"@type":"ListItem","position":1,"name":"Avaleht","item":"https:\/\/toidupakk.ee\/lt\/"},{"@type":"ListItem","position":2,"name":"El. parduotuv\u0117","item":"https:\/\/toidupakk.ee\/lt\/el-parduotuve\/"},{"@type":"ListItem","position":3,"name":"Cinkas + selenas, maisto papildas ICONFIT, 90 kapsuli\u0173"}]},{"@type":"WebSite","@id":"https:\/\/toidupakk.ee\/lt\/#website","url":"https:\/\/toidupakk.ee\/lt\/","name":"Toidupakk.ee - Tactical Foodpack toidupakid","description":"Tactical Foodpack k\u00fclmkuivatatud toidupakid ja matkaeined","publisher":{"@id":"https:\/\/toidupakk.ee\/lt\/#organization"},"potentialAction":[{"@type":"SearchAction","target":{"@type":"EntryPoint","urlTemplate":"https:\/\/toidupakk.ee\/lt\/?s={search_term_string}"},"query-input":{"@type":"PropertyValueSpecification","valueRequired":true,"valueName":"search_term_string"}}],"inLanguage":"lt-LT"},{"@type":"Organization","@id":"https:\/\/toidupakk.ee\/lt\/#organization","name":"Tactical Foodpack matkaeined","url":"https:\/\/toidupakk.ee\/lt\/","logo":{"@type":"ImageObject","inLanguage":"lt-LT","@id":"https:\/\/toidupakk.ee\/lt\/#\/schema\/logo\/image\/","url":"https:\/\/toidupakk.ee\/wp-content\/uploads\/2022\/01\/Toidupakk-matkapood-logo-transparent.png","contentUrl":"https:\/\/toidupakk.ee\/wp-content\/uploads\/2022\/01\/Toidupakk-matkapood-logo-transparent.png","width":500,"height":500,"caption":"Tactical Foodpack matkaeined"},"image":{"@id":"https:\/\/toidupakk.ee\/lt\/#\/schema\/logo\/image\/"},"sameAs":["https:\/\/www.facebook.com\/Toidupakk","https:\/\/www.instagram.com\/toidupakk\/"]}]}},"jetpack_sharing_enabled":true,"_links":{"self":[{"href":"https:\/\/toidupakk.ee\/lt\/wp-json\/wp\/v2\/product\/46166","targetHints":{"allow":["GET"]}}],"collection":[{"href":"https:\/\/toidupakk.ee\/lt\/wp-json\/wp\/v2\/product"}],"about":[{"href":"https:\/\/toidupakk.ee\/lt\/wp-json\/wp\/v2\/types\/product"}],"replies":[{"embeddable":true,"href":"https:\/\/toidupakk.ee\/lt\/wp-json\/wp\/v2\/comments?post=46166"}],"wp:featuredmedia":[{"embeddable":true,"href":"https:\/\/toidupakk.ee\/lt\/wp-json\/wp\/v2\/media\/27605"}],"wp:attachment":[{"href":"https:\/\/toidupakk.ee\/lt\/wp-json\/wp\/v2\/media?parent=46166"}],"wp:term":[{"taxonomy":"product_brand","embeddable":true,"href":"https:\/\/toidupakk.ee\/lt\/wp-json\/wp\/v2\/product_brand?post=46166"},{"taxonomy":"product_cat","embeddable":true,"href":"https:\/\/toidupakk.ee\/lt\/wp-json\/wp\/v2\/product_cat?post=46166"},{"taxonomy":"product_tag","embeddable":true,"href":"https:\/\/toidupakk.ee\/lt\/wp-json\/wp\/v2\/product_tag?post=46166"}],"curies":[{"name":"wp","href":"https:\/\/api.w.org\/{rel}","templated":true}]}}