{"id":46161,"date":"2024-09-25T13:13:03","date_gmt":"2024-09-25T10:13:03","guid":{"rendered":"https:\/\/toidupakk.ee\/toode\/isorine-baterija-30-000-mah-silicon-power\/"},"modified":"2026-04-04T00:01:22","modified_gmt":"2026-04-03T21:01:22","slug":"isorine-baterija-30-000-mah-silicon-power","status":"publish","type":"product","link":"https:\/\/toidupakk.ee\/lt\/toode\/isorine-baterija-30-000-mah-silicon-power\/","title":{"rendered":"I\u0161orin\u0117 baterija 30 000 mAh \u201eSilicon Power\u201c"},"content":{"rendered":"<p><img fetchpriority=\"high\" decoding=\"async\" class=\"alignnone wp-image-27223 size-full\" src=\"https:\/\/toidupakk.ee\/wp-content\/uploads\/2024\/09\/QX55_F001.jpg\" alt=\"30000 i\u0161orin\u0117 baterija\" width=\"1080\" height=\"665\" srcset=\"https:\/\/toidupakk.ee\/wp-content\/uploads\/2024\/09\/QX55_F001.jpg 1080w, https:\/\/toidupakk.ee\/wp-content\/uploads\/2024\/09\/QX55_F001-800x493.jpg 800w, https:\/\/toidupakk.ee\/wp-content\/uploads\/2024\/09\/QX55_F001-300x185.jpg 300w, https:\/\/toidupakk.ee\/wp-content\/uploads\/2024\/09\/QX55_F001-1024x631.jpg 1024w, https:\/\/toidupakk.ee\/wp-content\/uploads\/2024\/09\/QX55_F001-768x473.jpg 768w\" sizes=\"(max-width: 1080px) 100vw, 1080px\" \/><\/p>\n<p style=\"text-align: left;\"><strong>I\u0161orin\u0117 baterija 30 000 mAh \u201eSilicon Power\u201c \u2013 trigubas greitojo \u012fkrovimo sprendimas<\/strong><br \/>\nI\u0161orin\u0117 baterija 30 000 mAh \u201eSilicon Power\u201c si\u016blo geriausi\u0105 greitojo \u012fkrovimo sprendim\u0105, palaikant\u012f tris skirtingas didel\u0117s spartos \u012fkrovimo sistemas. Krauk iki 2,5 karto grei\u010diau naudodamas 18 W \u201ePower Delivery\u201c (PD) per \u201eType-C\u201c jungt\u012f arba QC3.0 ir 22,5 W \u201eSuper Charge\u201c (\u201eHuawei\u201c modeliams) per USB \u201eType-A\u201c jungt\u012f. Nesvarbu, kuri\u0105 sistem\u0105 naudosi, \u0161i baterija visada palaikys tavo \u012frengini\u0173 energij\u0105 \u017ealiojoje zonoje.  <\/p>\n<p><img decoding=\"async\" class=\"alignnone wp-image-27224 size-full\" src=\"https:\/\/toidupakk.ee\/wp-content\/uploads\/2024\/09\/QX55_Feature2.jpg\" alt=\"I\u0161orin\u0117 baterija 30 000 mAh \u201eSilicon Power\u201c\" width=\"1080\" height=\"665\" srcset=\"https:\/\/toidupakk.ee\/wp-content\/uploads\/2024\/09\/QX55_Feature2.jpg 1080w, https:\/\/toidupakk.ee\/wp-content\/uploads\/2024\/09\/QX55_Feature2-800x493.jpg 800w, https:\/\/toidupakk.ee\/wp-content\/uploads\/2024\/09\/QX55_Feature2-300x185.jpg 300w, https:\/\/toidupakk.ee\/wp-content\/uploads\/2024\/09\/QX55_Feature2-1024x631.jpg 1024w, https:\/\/toidupakk.ee\/wp-content\/uploads\/2024\/09\/QX55_Feature2-768x473.jpg 768w\" sizes=\"(max-width: 1080px) 100vw, 1080px\" \/><\/p>\n<p><strong>Ne tik greita, bet ir patogu<\/strong><br \/>\nKalbant apie akumuliatorius, \u0161i 30 000 mAh \u201eSilicon Power\u201c baterija turi visi\u0161kai nauj\u0105 \u201esuper\u201c li\u010dio akumuliatori\u0173. Tod\u0117l, nepriklausomai nuo pasirinktos talpos, \u0161i\u0105 i\u0161orin\u0119 baterij\u0105 lengva ne\u0161iotis ar \u012fsimesti \u012f krep\u0161\u012f \u2013 ji tav\u0119s neapsunkins. <\/p>\n<p><img decoding=\"async\" class=\"alignnone wp-image-27225 size-full\" src=\"https:\/\/toidupakk.ee\/wp-content\/uploads\/2024\/09\/QX55_F3.jpg\" alt=\"galinga i\u0161orin\u0117 baterija\" width=\"1080\" height=\"665\" srcset=\"https:\/\/toidupakk.ee\/wp-content\/uploads\/2024\/09\/QX55_F3.jpg 1080w, https:\/\/toidupakk.ee\/wp-content\/uploads\/2024\/09\/QX55_F3-800x493.jpg 800w, https:\/\/toidupakk.ee\/wp-content\/uploads\/2024\/09\/QX55_F3-300x185.jpg 300w, https:\/\/toidupakk.ee\/wp-content\/uploads\/2024\/09\/QX55_F3-1024x631.jpg 1024w, https:\/\/toidupakk.ee\/wp-content\/uploads\/2024\/09\/QX55_F3-768x473.jpg 768w\" sizes=\"(max-width: 1080px) 100vw, 1080px\" \/><\/p>\n<p><strong>Krauk visk\u0105 vienu metu naudodamas 4 i\u0161vestis<\/strong><br \/>\nI\u0161naudok savo laik\u0105 maksimaliai kraudamas iki 4 \u012frengini\u0173 vienu metu. Junk \u012frenginius \u012fvairiais deriniais naudodamas 3 USB \u201eType-A\u201c jungtis ir 1 \u201eType-C\u201c jungt\u012f, kad viskas b\u016bt\u0173 paruo\u0161ta darbui. D\u0117l \u0161i\u0173 jung\u010di\u0173 gausos \u0161i baterija greitai taps tavo m\u0117gstamiausiu ne\u0161iojamuoju maitinimo \u0161altiniu. Gali netgi b\u016bti dosnus ir pasidalinti viena ar dviem jungtimis su draugu.   <\/p>\n<p><img loading=\"lazy\" decoding=\"async\" class=\"alignnone size-full wp-image-27226\" src=\"https:\/\/toidupakk.ee\/wp-content\/uploads\/2024\/09\/QX55_Feature4.jpg\" alt=\"\" width=\"1080\" height=\"665\" srcset=\"https:\/\/toidupakk.ee\/wp-content\/uploads\/2024\/09\/QX55_Feature4.jpg 1080w, https:\/\/toidupakk.ee\/wp-content\/uploads\/2024\/09\/QX55_Feature4-800x493.jpg 800w, https:\/\/toidupakk.ee\/wp-content\/uploads\/2024\/09\/QX55_Feature4-300x185.jpg 300w, https:\/\/toidupakk.ee\/wp-content\/uploads\/2024\/09\/QX55_Feature4-1024x631.jpg 1024w, https:\/\/toidupakk.ee\/wp-content\/uploads\/2024\/09\/QX55_Feature4-768x473.jpg 768w\" sizes=\"(max-width: 1080px) 100vw, 1080px\" \/><\/p>\n<p><strong>Triguba \u012fvesties galia<\/strong><br \/>\nMaksimaliam patogumui u\u017etikrinti baterija turi tris skirtingas \u012fvestis \u2013 \u201eType-C\u201c, \u201eLightning\u201c ir \u201eMicro-USB\u201c. \u201eType-C\u201c \u012fvestis puikiai tinka vis gaus\u0117jan\u010diam mobili\u0173j\u0173 \u012frengini\u0173 b\u016briui, o su tinkamu adapteriu u\u017etikrina greit\u0105 \u012fkrovim\u0105. \u201eLightning\u201c \u012fvestis idealiai tinka \u201eApple\u201c \u012frengini\u0173 naudotojams, suteikdama patogi\u0105 ir greit\u0105 \u012fkrovimo galimyb\u0119.  <\/p>\n<p><img loading=\"lazy\" decoding=\"async\" class=\"alignnone size-full wp-image-27227\" src=\"https:\/\/toidupakk.ee\/wp-content\/uploads\/2024\/09\/QX55_smartSENSE.jpg\" alt=\"\" width=\"1080\" height=\"800\" srcset=\"https:\/\/toidupakk.ee\/wp-content\/uploads\/2024\/09\/QX55_smartSENSE.jpg 1080w, https:\/\/toidupakk.ee\/wp-content\/uploads\/2024\/09\/QX55_smartSENSE-800x593.jpg 800w, https:\/\/toidupakk.ee\/wp-content\/uploads\/2024\/09\/QX55_smartSENSE-300x222.jpg 300w, https:\/\/toidupakk.ee\/wp-content\/uploads\/2024\/09\/QX55_smartSENSE-1024x759.jpg 1024w, https:\/\/toidupakk.ee\/wp-content\/uploads\/2024\/09\/QX55_smartSENSE-768x569.jpg 768w\" sizes=\"(max-width: 1080px) 100vw, 1080px\" \/><\/p>\n<div class=\"flex-shrink-0 flex flex-col relative items-end\">\n<div>\n<div class=\"pt-0\">\n<div class=\"gizmo-bot-avatar flex h-8 w-8 items-center justify-center overflow-hidden rounded-full\">\n<div class=\"relative p-1 rounded-sm flex items-center justify-center bg-token-main-surface-primary text-token-text-primary h-8 w-8\"><\/div>\n<\/div>\n<\/div>\n<\/div>\n<\/div>\n<div class=\"group\/conversation-turn relative flex w-full min-w-0 flex-col agent-turn\">\n<div class=\"flex-col gap-1 md:gap-3\">\n<div class=\"flex max-w-full flex-col flex-grow\">\n<div class=\"min-h-8 text-message flex w-full flex-col items-end gap-2 whitespace-normal break-words [.text-message+&amp;]:mt-5\" dir=\"auto\" data-message-author-role=\"assistant\" data-message-id=\"f64baa41-5f1b-4d2a-a0a0-cf379291abd6\">\n<div class=\"flex w-full flex-col gap-1 empty:hidden first:pt-[3px]\">\n<div class=\"markdown prose w-full break-words dark:prose-invert light\">\n<p><strong>Saugus ir maksimalus \u012fkrovimas su SP pagrindin\u0117mis technologijomis<\/strong><br \/>\n<strong>smartSENSE:<\/strong> intuityvi ir universaliai suderinama \u012fkrovimo technologija, kuri maksimaliai padidina \u012fkrovimo greit\u012f ir automati\u0161kai prisitaiko prie beveik bet kurio \u012frenginio. Tai u\u017etikrina greit\u0105 ir efektyv\u0173 \u012fkrovim\u0105, nesvarbu, kok\u012f \u012frengin\u012f naudoji. <\/p>\n<hr>\n<hr>\n<p>Per\u017ei\u016br\u0117k visas i\u0161orines baterijas <a href=\"https:\/\/toidupakk.ee\/lt\/tootekategooria\/isoriniai-akumuliatoriai\/\">\u010cIA<\/a><\/p>\n<p>O gal domiesi \u017eygio maistu? \u017di\u016br\u0117k <a href=\"https:\/\/toidupakk.ee\/lt\/tootekategooria\/pagrindiniai-patiekalai\/\">\u010cIA<\/a><\/p>\n<p>Pasisemk \u012fkv\u0117pimo kitiems nuotykiams \u201eToidupakk\u201c <a href=\"https:\/\/www.instagram.com\/toidupakk\/\">Instagram<\/a> ir <a href=\"https:\/\/www.facebook.com\/Toidupakk\/\">Facebook<\/a> paskyrose.<\/p>\n<\/div>\n<\/div>\n<\/div>\n<\/div>\n<\/div>\n<\/div>\n","protected":false},"excerpt":{"rendered":"<ul>\n<li><strong>Galingas akumuliatorius:<\/strong> 30 000 mAh talpa leid\u017eia 6\u20139 pilno \u012fkrovimo ciklus beveik visiems i\u0161maniesiems telefonams.<\/li>\n<li><strong>Greitasis \u012fkrovimas:<\/strong> krauk iki 2,5 karto grei\u010diau d\u0117l trij\u0173 skirting\u0173 greitojo \u012fkrovimo sistem\u0173:\n<ul>\n<li>\u201eType-C\u201c jungtis palaiko 18 W \u201ePower Delivery\u201c (PD)<\/li>\n<li>USB \u201eType-A\u201c jungtis palaiko QC3.0 ir 22,5 W \u201eSuper Charge\u201c (\u201eHuawei\u201c modeliams)<br \/>\n*Norint naudoti greit\u0105j\u012f \u012fkrovim\u0105, vienu metu turi b\u016bti prijungtas tik vienas \u012frenginys.<\/li>\n<\/ul>\n<\/li>\n<li><strong>Palaikomi \u012frenginiai:<\/strong>\n<ul>\n<li>PD suderinama tiek su \u201eAndroid\u201c, tiek su \u201eiOS\u201c \u012frenginiais<\/li>\n<li>QC3.0 palaiko tik \u201eAndroid\u201c \u012frenginius (i\u0161skyrus kai kuriuos \u201eHuawei\u201c ir OPPO modelius).<\/li>\n<\/ul>\n<\/li>\n<li><strong>I\u0161vestys:<\/strong> 4 i\u0161vestys (3x USB \u201eType-A\u201c ir 1x \u201eType-C\u201c), leid\u017eian\u010dios krauti iki 4 \u012frengini\u0173 vienu metu.<\/li>\n<li><strong>\u012evesties s\u0105sajos:<\/strong> i\u0161orin\u0117 baterija turi tris skirtingas \u012fvestis (\u201eMicro-USB\u201c, \u201eType-C\u201c ir \u201eLightning\u201c), kad b\u016bt\u0173 u\u017etikrintas maksimalus patogumas.<\/li>\n<li><strong>Kompakti\u0161kas dizainas:<\/strong> naujo didelio tankio \u201esuper\u201c li\u010dio akumuliatoriaus dizainas yra ma\u017eesnis ir lengvesnis, tod\u0117l baterija itin patogi ne\u0161iotis.<\/li>\n<li><strong>Greitas \u012fvesties \u012fkrovimas:<\/strong> per \u201eType-C\u201c s\u0105saj\u0105 galimas greitas pa\u010dios baterijos \u012fkrovimas, sutrumpinantis laukimo laik\u0105. *Greitam \u012fkrovimui reikalingas PD palaikantis adapteris. <\/li>\n<li><strong>LED ekranas ir funkcinis mygtukas:<\/strong> vienu paspaudimu skaitmeninis LED ekranas rodo tiksl\u0173 likusios energijos procent\u0105. Mygtukas taip pat veikia kaip \u201epa\u017eadinimo\u201c mygtukas \u201eApple iPhone\u201c ir \u201eiPad\u201c \u012frenginiams. <\/li>\n<li><strong>Kabelis:<\/strong> komplekte yra 1 USB \u201eType-A\u201c \u012f \u201eType-C\u201c kabelis.<\/li>\n<li><strong>smartSHIELD saugos technologija:<\/strong> apima visapusi\u0161k\u0105 apsaugos sistem\u0105, \u012fskaitant \u012fvesties ir i\u0161vesties auk\u0161tos \u012ftampos apsaug\u0105, srov\u0117s apsaug\u0105, trumpojo jungimo apsaug\u0105, perkrovos apsaug\u0105, atvirk\u0161tinio \u012fkrovimo apsaug\u0105 ir ugniai atspar\u0173 korpus\u0105.<\/li>\n<li><strong>Garantija:<\/strong> gamintojo garantija produktui \u2013 2 m.<\/li>\n<\/ul>\n<p>\u2705 Turime sand\u0117lyje, greitas pristatymas per 1\u20133 d. d.<br \/>\n\u2705 Pirk dabar, mok\u0117k v\u0117liau (pal\u016bkanos 0 %)<\/p>\n","protected":false},"featured_media":27228,"comment_status":"open","ping_status":"closed","template":"","meta":{"_acf_changed":false},"product_brand":[],"product_cat":[243,200,189,190],"product_tag":[],"class_list":{"0":"post-46161","1":"product","2":"type-product","3":"status-publish","4":"has-post-thumbnail","6":"product_cat-isoriniai-akumuliatoriai","7":"product_cat-praktiskos-dovanu-idejos","8":"product_cat-zygio-iranga","9":"product_cat-zygio-prekes","11":"first","12":"onbackorder","13":"taxable","14":"shipping-taxable","15":"purchasable","16":"product-type-simple"},"bundled_by":[],"bundle_stock_status":"onbackorder","bundle_stock_quantity":0,"bundle_virtual":false,"bundle_layout":"","bundle_add_to_cart_form_location":"","bundle_editable_in_cart":false,"bundle_sold_individually_context":"","bundle_item_grouping":"","bundle_min_size":"","bundle_max_size":"","bundle_price":[],"bundled_items":[],"bundle_sell_ids":[],"acf":[],"yoast_head":"<!-- This site is optimized with the Yoast SEO plugin v27.1.1 - https:\/\/yoast.com\/product\/yoast-seo-wordpress\/ -->\n<title>I\u0161orin\u0117 baterija 30 000 mAh \u201eSilicon Power\u201c<\/title>\n<meta name=\"description\" content=\"I\u0161orin\u0117 baterija 30 000 mAh \u201eSilicon Power\u201c su 22,5 W \u201eSuper Charge\u201c greituoju \u012fkrovimu. Krauk iki 4 \u012frengini\u0173 vienu metu. 6\u20139 pilno \u012fkrovimo ciklai beveik visiems i\u0161maniesiems telefonams.\" \/>\n<meta name=\"robots\" content=\"index, follow, max-snippet:-1, max-image-preview:large, max-video-preview:-1\" \/>\n<link rel=\"canonical\" href=\"https:\/\/toidupakk.ee\/lt\/toode\/isorine-baterija-30-000-mah-silicon-power\/\" \/>\n<meta property=\"og:locale\" content=\"lt_LT\" \/>\n<meta property=\"og:type\" content=\"article\" \/>\n<meta property=\"og:title\" content=\"I\u0161orin\u0117 baterija 30 000 mAh \u201eSilicon Power\u201c\" \/>\n<meta property=\"og:description\" content=\"I\u0161orin\u0117 baterija 30 000 mAh \u201eSilicon Power\u201c su 22,5 W \u201eSuper Charge\u201c greituoju \u012fkrovimu. Krauk iki 4 \u012frengini\u0173 vienu metu. 6\u20139 pilno \u012fkrovimo ciklai beveik visiems i\u0161maniesiems telefonams.\" \/>\n<meta property=\"og:url\" content=\"https:\/\/toidupakk.ee\/lt\/toode\/isorine-baterija-30-000-mah-silicon-power\/\" \/>\n<meta property=\"og:site_name\" content=\"Toidupakk.ee - Tactical Foodpack toidupakid\" \/>\n<meta property=\"article:publisher\" content=\"https:\/\/www.facebook.com\/Toidupakk\" \/>\n<meta property=\"article:modified_time\" content=\"2026-04-03T21:01:22+00:00\" \/>\n<meta property=\"og:image\" content=\"https:\/\/toidupakk.ee\/wp-content\/uploads\/2024\/09\/Akupank-30-000-mAh-Silicon-Power-1.png\" \/>\n\t<meta property=\"og:image:width\" content=\"800\" \/>\n\t<meta property=\"og:image:height\" content=\"800\" \/>\n\t<meta property=\"og:image:type\" content=\"image\/png\" \/>\n<meta name=\"twitter:card\" content=\"summary_large_image\" \/>\n<meta name=\"twitter:label1\" content=\"Est. reading time\" \/>\n\t<meta name=\"twitter:data1\" content=\"1 minut\u0117\" \/>\n<script type=\"application\/ld+json\" class=\"yoast-schema-graph\">{\"@context\":\"https:\/\/schema.org\",\"@graph\":[{\"@type\":\"WebPage\",\"@id\":\"https:\/\/toidupakk.ee\/lt\/toode\/isorine-baterija-30-000-mah-silicon-power\/\",\"url\":\"https:\/\/toidupakk.ee\/lt\/toode\/isorine-baterija-30-000-mah-silicon-power\/\",\"name\":\"I\u0161orin\u0117 baterija 30 000 mAh \u201eSilicon Power\u201c\",\"isPartOf\":{\"@id\":\"https:\/\/toidupakk.ee\/lt\/#website\"},\"primaryImageOfPage\":{\"@id\":\"https:\/\/toidupakk.ee\/lt\/toode\/isorine-baterija-30-000-mah-silicon-power\/#primaryimage\"},\"image\":{\"@id\":\"https:\/\/toidupakk.ee\/lt\/toode\/isorine-baterija-30-000-mah-silicon-power\/#primaryimage\"},\"thumbnailUrl\":\"https:\/\/toidupakk.ee\/wp-content\/uploads\/2024\/09\/Akupank-30-000-mAh-Silicon-Power-1.png\",\"datePublished\":\"2024-09-25T10:13:03+00:00\",\"dateModified\":\"2026-04-03T21:01:22+00:00\",\"description\":\"I\u0161orin\u0117 baterija 30 000 mAh \u201eSilicon Power\u201c su 22,5 W \u201eSuper Charge\u201c greituoju \u012fkrovimu. Krauk iki 4 \u012frengini\u0173 vienu metu. 6\u20139 pilno \u012fkrovimo ciklai beveik visiems i\u0161maniesiems telefonams.\",\"breadcrumb\":{\"@id\":\"https:\/\/toidupakk.ee\/lt\/toode\/isorine-baterija-30-000-mah-silicon-power\/#breadcrumb\"},\"inLanguage\":\"lt-LT\",\"potentialAction\":[{\"@type\":\"ReadAction\",\"target\":[\"https:\/\/toidupakk.ee\/lt\/toode\/isorine-baterija-30-000-mah-silicon-power\/\"]}]},{\"@type\":\"ImageObject\",\"inLanguage\":\"lt-LT\",\"@id\":\"https:\/\/toidupakk.ee\/lt\/toode\/isorine-baterija-30-000-mah-silicon-power\/#primaryimage\",\"url\":\"https:\/\/toidupakk.ee\/wp-content\/uploads\/2024\/09\/Akupank-30-000-mAh-Silicon-Power-1.png\",\"contentUrl\":\"https:\/\/toidupakk.ee\/wp-content\/uploads\/2024\/09\/Akupank-30-000-mAh-Silicon-Power-1.png\",\"width\":800,\"height\":800},{\"@type\":\"BreadcrumbList\",\"@id\":\"https:\/\/toidupakk.ee\/lt\/toode\/isorine-baterija-30-000-mah-silicon-power\/#breadcrumb\",\"itemListElement\":[{\"@type\":\"ListItem\",\"position\":1,\"name\":\"Avaleht\",\"item\":\"https:\/\/toidupakk.ee\/lt\/\"},{\"@type\":\"ListItem\",\"position\":2,\"name\":\"El. parduotuv\u0117\",\"item\":\"https:\/\/toidupakk.ee\/lt\/el-parduotuve\/\"},{\"@type\":\"ListItem\",\"position\":3,\"name\":\"I\u0161orin\u0117 baterija 30 000 mAh \u201eSilicon Power\u201c\"}]},{\"@type\":\"WebSite\",\"@id\":\"https:\/\/toidupakk.ee\/lt\/#website\",\"url\":\"https:\/\/toidupakk.ee\/lt\/\",\"name\":\"Toidupakk.ee - Tactical Foodpack toidupakid\",\"description\":\"Tactical Foodpack k\u00fclmkuivatatud toidupakid ja matkaeined\",\"publisher\":{\"@id\":\"https:\/\/toidupakk.ee\/lt\/#organization\"},\"potentialAction\":[{\"@type\":\"SearchAction\",\"target\":{\"@type\":\"EntryPoint\",\"urlTemplate\":\"https:\/\/toidupakk.ee\/lt\/?s={search_term_string}\"},\"query-input\":{\"@type\":\"PropertyValueSpecification\",\"valueRequired\":true,\"valueName\":\"search_term_string\"}}],\"inLanguage\":\"lt-LT\"},{\"@type\":\"Organization\",\"@id\":\"https:\/\/toidupakk.ee\/lt\/#organization\",\"name\":\"Tactical Foodpack matkaeined\",\"url\":\"https:\/\/toidupakk.ee\/lt\/\",\"logo\":{\"@type\":\"ImageObject\",\"inLanguage\":\"lt-LT\",\"@id\":\"https:\/\/toidupakk.ee\/lt\/#\/schema\/logo\/image\/\",\"url\":\"https:\/\/toidupakk.ee\/wp-content\/uploads\/2022\/01\/Toidupakk-matkapood-logo-transparent.png\",\"contentUrl\":\"https:\/\/toidupakk.ee\/wp-content\/uploads\/2022\/01\/Toidupakk-matkapood-logo-transparent.png\",\"width\":500,\"height\":500,\"caption\":\"Tactical Foodpack matkaeined\"},\"image\":{\"@id\":\"https:\/\/toidupakk.ee\/lt\/#\/schema\/logo\/image\/\"},\"sameAs\":[\"https:\/\/www.facebook.com\/Toidupakk\",\"https:\/\/www.instagram.com\/toidupakk\/\"]}]}<\/script>\n<!-- \/ Yoast SEO plugin. -->","yoast_head_json":{"title":"I\u0161orin\u0117 baterija 30 000 mAh \u201eSilicon Power\u201c","description":"I\u0161orin\u0117 baterija 30 000 mAh \u201eSilicon Power\u201c su 22,5 W \u201eSuper Charge\u201c greituoju \u012fkrovimu. Krauk iki 4 \u012frengini\u0173 vienu metu. 6\u20139 pilno \u012fkrovimo ciklai beveik visiems i\u0161maniesiems telefonams.","robots":{"index":"index","follow":"follow","max-snippet":"max-snippet:-1","max-image-preview":"max-image-preview:large","max-video-preview":"max-video-preview:-1"},"canonical":"https:\/\/toidupakk.ee\/lt\/toode\/isorine-baterija-30-000-mah-silicon-power\/","og_locale":"lt_LT","og_type":"article","og_title":"I\u0161orin\u0117 baterija 30 000 mAh \u201eSilicon Power\u201c","og_description":"I\u0161orin\u0117 baterija 30 000 mAh \u201eSilicon Power\u201c su 22,5 W \u201eSuper Charge\u201c greituoju \u012fkrovimu. Krauk iki 4 \u012frengini\u0173 vienu metu. 6\u20139 pilno \u012fkrovimo ciklai beveik visiems i\u0161maniesiems telefonams.","og_url":"https:\/\/toidupakk.ee\/lt\/toode\/isorine-baterija-30-000-mah-silicon-power\/","og_site_name":"Toidupakk.ee - Tactical Foodpack toidupakid","article_publisher":"https:\/\/www.facebook.com\/Toidupakk","article_modified_time":"2026-04-03T21:01:22+00:00","og_image":[{"width":800,"height":800,"url":"https:\/\/toidupakk.ee\/wp-content\/uploads\/2024\/09\/Akupank-30-000-mAh-Silicon-Power-1.png","type":"image\/png"}],"twitter_card":"summary_large_image","twitter_misc":{"Est. reading time":"1 minut\u0117"},"schema":{"@context":"https:\/\/schema.org","@graph":[{"@type":"WebPage","@id":"https:\/\/toidupakk.ee\/lt\/toode\/isorine-baterija-30-000-mah-silicon-power\/","url":"https:\/\/toidupakk.ee\/lt\/toode\/isorine-baterija-30-000-mah-silicon-power\/","name":"I\u0161orin\u0117 baterija 30 000 mAh \u201eSilicon Power\u201c","isPartOf":{"@id":"https:\/\/toidupakk.ee\/lt\/#website"},"primaryImageOfPage":{"@id":"https:\/\/toidupakk.ee\/lt\/toode\/isorine-baterija-30-000-mah-silicon-power\/#primaryimage"},"image":{"@id":"https:\/\/toidupakk.ee\/lt\/toode\/isorine-baterija-30-000-mah-silicon-power\/#primaryimage"},"thumbnailUrl":"https:\/\/toidupakk.ee\/wp-content\/uploads\/2024\/09\/Akupank-30-000-mAh-Silicon-Power-1.png","datePublished":"2024-09-25T10:13:03+00:00","dateModified":"2026-04-03T21:01:22+00:00","description":"I\u0161orin\u0117 baterija 30 000 mAh \u201eSilicon Power\u201c su 22,5 W \u201eSuper Charge\u201c greituoju \u012fkrovimu. Krauk iki 4 \u012frengini\u0173 vienu metu. 6\u20139 pilno \u012fkrovimo ciklai beveik visiems i\u0161maniesiems telefonams.","breadcrumb":{"@id":"https:\/\/toidupakk.ee\/lt\/toode\/isorine-baterija-30-000-mah-silicon-power\/#breadcrumb"},"inLanguage":"lt-LT","potentialAction":[{"@type":"ReadAction","target":["https:\/\/toidupakk.ee\/lt\/toode\/isorine-baterija-30-000-mah-silicon-power\/"]}]},{"@type":"ImageObject","inLanguage":"lt-LT","@id":"https:\/\/toidupakk.ee\/lt\/toode\/isorine-baterija-30-000-mah-silicon-power\/#primaryimage","url":"https:\/\/toidupakk.ee\/wp-content\/uploads\/2024\/09\/Akupank-30-000-mAh-Silicon-Power-1.png","contentUrl":"https:\/\/toidupakk.ee\/wp-content\/uploads\/2024\/09\/Akupank-30-000-mAh-Silicon-Power-1.png","width":800,"height":800},{"@type":"BreadcrumbList","@id":"https:\/\/toidupakk.ee\/lt\/toode\/isorine-baterija-30-000-mah-silicon-power\/#breadcrumb","itemListElement":[{"@type":"ListItem","position":1,"name":"Avaleht","item":"https:\/\/toidupakk.ee\/lt\/"},{"@type":"ListItem","position":2,"name":"El. parduotuv\u0117","item":"https:\/\/toidupakk.ee\/lt\/el-parduotuve\/"},{"@type":"ListItem","position":3,"name":"I\u0161orin\u0117 baterija 30 000 mAh \u201eSilicon Power\u201c"}]},{"@type":"WebSite","@id":"https:\/\/toidupakk.ee\/lt\/#website","url":"https:\/\/toidupakk.ee\/lt\/","name":"Toidupakk.ee - Tactical Foodpack toidupakid","description":"Tactical Foodpack k\u00fclmkuivatatud toidupakid ja matkaeined","publisher":{"@id":"https:\/\/toidupakk.ee\/lt\/#organization"},"potentialAction":[{"@type":"SearchAction","target":{"@type":"EntryPoint","urlTemplate":"https:\/\/toidupakk.ee\/lt\/?s={search_term_string}"},"query-input":{"@type":"PropertyValueSpecification","valueRequired":true,"valueName":"search_term_string"}}],"inLanguage":"lt-LT"},{"@type":"Organization","@id":"https:\/\/toidupakk.ee\/lt\/#organization","name":"Tactical Foodpack matkaeined","url":"https:\/\/toidupakk.ee\/lt\/","logo":{"@type":"ImageObject","inLanguage":"lt-LT","@id":"https:\/\/toidupakk.ee\/lt\/#\/schema\/logo\/image\/","url":"https:\/\/toidupakk.ee\/wp-content\/uploads\/2022\/01\/Toidupakk-matkapood-logo-transparent.png","contentUrl":"https:\/\/toidupakk.ee\/wp-content\/uploads\/2022\/01\/Toidupakk-matkapood-logo-transparent.png","width":500,"height":500,"caption":"Tactical Foodpack matkaeined"},"image":{"@id":"https:\/\/toidupakk.ee\/lt\/#\/schema\/logo\/image\/"},"sameAs":["https:\/\/www.facebook.com\/Toidupakk","https:\/\/www.instagram.com\/toidupakk\/"]}]}},"jetpack_sharing_enabled":true,"_links":{"self":[{"href":"https:\/\/toidupakk.ee\/lt\/wp-json\/wp\/v2\/product\/46161","targetHints":{"allow":["GET"]}}],"collection":[{"href":"https:\/\/toidupakk.ee\/lt\/wp-json\/wp\/v2\/product"}],"about":[{"href":"https:\/\/toidupakk.ee\/lt\/wp-json\/wp\/v2\/types\/product"}],"replies":[{"embeddable":true,"href":"https:\/\/toidupakk.ee\/lt\/wp-json\/wp\/v2\/comments?post=46161"}],"wp:featuredmedia":[{"embeddable":true,"href":"https:\/\/toidupakk.ee\/lt\/wp-json\/wp\/v2\/media\/27228"}],"wp:attachment":[{"href":"https:\/\/toidupakk.ee\/lt\/wp-json\/wp\/v2\/media?parent=46161"}],"wp:term":[{"taxonomy":"product_brand","embeddable":true,"href":"https:\/\/toidupakk.ee\/lt\/wp-json\/wp\/v2\/product_brand?post=46161"},{"taxonomy":"product_cat","embeddable":true,"href":"https:\/\/toidupakk.ee\/lt\/wp-json\/wp\/v2\/product_cat?post=46161"},{"taxonomy":"product_tag","embeddable":true,"href":"https:\/\/toidupakk.ee\/lt\/wp-json\/wp\/v2\/product_tag?post=46161"}],"curies":[{"name":"wp","href":"https:\/\/api.w.org\/{rel}","templated":true}]}}