{"id":46155,"date":"2024-09-20T14:09:36","date_gmt":"2024-09-20T11:09:36","guid":{"rendered":"https:\/\/toidupakk.ee\/toode\/ugnies-idegimo-tabletes-firedragon-eco-friendly\/"},"modified":"2026-04-19T16:01:25","modified_gmt":"2026-04-19T13:01:25","slug":"ugnies-idegimo-tabletes-firedragon-eco-friendly","status":"publish","type":"product","link":"https:\/\/toidupakk.ee\/lt\/toode\/ugnies-idegimo-tabletes-firedragon-eco-friendly\/","title":{"rendered":"Ugnies \u012fdegimo tablet\u0117s \u201eFireDragon Eco Friendly\u201c"},"content":{"rendered":"<h1><img fetchpriority=\"high\" decoding=\"async\" class=\"alignright wp-image-27140 size-thumbnail\" src=\"https:\/\/toidupakk.ee\/wp-content\/uploads\/2024\/09\/Suutetabletid-FireDragon-2-500x500.png\" alt=\"ugnies \u012fdegimo tablet\u0117s \u201efiredragon\u201c\" width=\"500\" height=\"500\" srcset=\"https:\/\/toidupakk.ee\/wp-content\/uploads\/2024\/09\/Suutetabletid-FireDragon-2-500x500.png 500w, https:\/\/toidupakk.ee\/wp-content\/uploads\/2024\/09\/Suutetabletid-FireDragon-2-400x400.png 400w, https:\/\/toidupakk.ee\/wp-content\/uploads\/2024\/09\/Suutetabletid-FireDragon-2-100x100.png 100w, https:\/\/toidupakk.ee\/wp-content\/uploads\/2024\/09\/Suutetabletid-FireDragon-2-300x300.png 300w, https:\/\/toidupakk.ee\/wp-content\/uploads\/2024\/09\/Suutetabletid-FireDragon-2-768x768.png 768w, https:\/\/toidupakk.ee\/wp-content\/uploads\/2024\/09\/Suutetabletid-FireDragon-2.png 800w\" sizes=\"(max-width: 500px) 100vw, 500px\" \/><\/h1>\n<h1>Ugnies \u012fdegimo tablet\u0117s \u201eFireDragon\u201c \u2013 ekologi\u0161kas pasirinkimas lauko s\u0105lygomis<\/h1>\n<h2>Pristatymas<\/h2>\n<p>\u201eFiredragon\u201c \u012fdegimo tablet\u0117s yra inovatyvios ir ekologi\u0161kos kietojo kuro tablet\u0117s, skirtos maisto gaminimui, vandens virinimui bei kepsnin\u0117s ar lau\u017eo u\u017edegimui. \u0160ios tablet\u0117s u\u017etikrina patikim\u0105 sprendim\u0105 bet kokiomis s\u0105lygomis. <\/p>\n<h2>\u201eFireDragon\u201c \u012fdegimo table\u010di\u0173 savyb\u0117s<\/h2>\n<h3>Puikus efektyvumas<\/h3>\n<p>Kiekviena tablet\u0117 dega apie 8\u201310 minu\u010di\u0173 \u2013 to pakanka maistui paruo\u0161ti ar vandeniui u\u017evirinti. \u201eFiredragon\u201c tablet\u0117s u\u017esidega net dr\u0117gnomis s\u0105lygomis ar pu\u010diant v\u0117jui, tad tavo kepsnin\u0117s ar stovyklavimo patirtis nebus sugadinta. <\/p>\n<h3>Bekvap\u0117s ir netoksi\u0161kos<\/h3>\n<p>\u201eFiredragon\u201c tablet\u0117s yra bekvap\u0117s ir netoksi\u0161kos, tod\u0117l dega \u0161variai ir saugiai. M\u0117gaukis veikla lauke nesijaudindamas d\u0117l kenksming\u0173 emisij\u0173. <\/p>\n<h3>Supakuotos atskirai<\/h3>\n<p>D\u0117\u017eut\u0117je yra 6 \u012fdegimo tablet\u0117s, kiekviena j\u0173 supakuota atskirai ir neper\u0161lampamai. Tai patogus ir prakti\u0161kas pasirinkimas \u017eygeiviams bei stovyklautojams. <\/p>\n<h3>Kompakti\u0161kas svoris<\/h3>\n<p>Sverian\u010dias vos 178 g tabletes lengva pasiimti kartu \u2013 jos telpa net ma\u017eiausiose ki\u0161en\u0117se. Tai idealus palydovas bet kokiems nuotykiams. <\/p>\n<h2>Greitas pristatymas<\/h2>\n<p>\u2705 Turime sand\u0117lyje, greitas pristatymas per 1\u20133 darbo dienas. U\u017esisakyk \u012fdegimo tabletes jau \u0161iandien ir ruo\u0161kis ner\u016bpestingiems nuotykiams! <\/p>\n<hr>\n<p>Rinkis \u201eFiredragon\u201c \u012fdegimo tabletes ir m\u0117gaukis gamta \u017einodamas, kad priimi ekologi\u0161kus sprendimus!<\/p>\n<p>&nbsp;<\/p>\n<p>Domina \u017eygio reikmenys? Su\u017einok daugiau <a href=\"https:\/\/toidupakk.ee\/lt\/tootekategooria\/zygio-iranga\/#section-3-79\">\u010cIA<\/a><\/p>\n<p>O gal domiesi \u017eygio maistu? \u017di\u016br\u0117k <a href=\"https:\/\/toidupakk.ee\/lt\/tootekategooria\/pagrindiniai-patiekalai\/\">\u010cIA<\/a><\/p>\n<p>Pasisemk \u012fkv\u0117pimo kitiems nuotykiams \u201eToidupakk\u201c <a href=\"https:\/\/www.instagram.com\/toidupakk\/\">Instagram<\/a> ir <a href=\"https:\/\/www.facebook.com\/Toidupakk\/\">Facebook<\/a> paskyrose.<\/p>\n","protected":false},"excerpt":{"rendered":"<p><strong>\u201eFiredragon\u201c \u012fdegimo tablet\u0117s yra ekologi\u0161kos kietojo kuro tablet\u0117s. Skirtos maisto gaminimui, vandens virinimui, kepsnin\u0117s ar lau\u017eo u\u017edegimui. Puikiai veikia dr\u0117gnomis s\u0105lygomis ir pu\u010diant v\u0117jui. Bekvap\u0117s ir netoksi\u0161kos, u\u017etikrina \u0161var\u0173 degim\u0105. Kietojo kuro blokeliai u\u017esidega net b\u016bdami \u0161lapi.    <\/strong><\/p>\n<ul>\n<li>D\u0117\u017eut\u0117je 6 \u012fdegimo tablet\u0117s<\/li>\n<li>Kiekviena tablet\u0117 supakuota atskirai ir neper\u0161lampamai<\/li>\n<li>Svoris 178 g<\/li>\n<li>Kiekviena tablet\u0117 dega apie 8\u201310 minu\u010di\u0173.<\/li>\n<li>Tinka maisto gaminimui<\/li>\n<li>Kilm\u0117s \u0161alis: Jungtin\u0117 Karalyst\u0117<\/li>\n<\/ul>\n<p>\u2705 Turime sand\u0117lyje, greitas pristatymas per 1\u20133 darbo dienas<\/p>\n","protected":false},"featured_media":46157,"comment_status":"open","ping_status":"closed","template":"","meta":{"_acf_changed":false},"product_brand":[],"product_cat":[189,190,209],"product_tag":[194],"class_list":{"0":"post-46155","1":"product","2":"type-product","3":"status-publish","4":"has-post-thumbnail","6":"product_cat-zygio-iranga","7":"product_cat-zygio-prekes","8":"product_cat-zygio-virykles","9":"product_tag-no_ads","11":"first","12":"instock","13":"taxable","14":"shipping-taxable","15":"purchasable","16":"product-type-simple"},"bundled_by":[],"bundle_stock_status":"instock","bundle_stock_quantity":9,"bundle_virtual":false,"bundle_layout":"","bundle_add_to_cart_form_location":"","bundle_editable_in_cart":false,"bundle_sold_individually_context":"","bundle_item_grouping":"","bundle_min_size":"","bundle_max_size":"","bundle_price":[],"bundled_items":[],"bundle_sell_ids":[],"acf":[],"yoast_head":"<!-- This site is optimized with the Yoast SEO plugin v27.3 - https:\/\/yoast.com\/product\/yoast-seo-wordpress\/ -->\n<title>Ugnies \u012fdegimo tablet\u0117s \u201eFireDragon Eco Friendly\u201c<\/title>\n<meta name=\"description\" content=\"\u201eFiredragon\u201c \u012fdegimo tablet\u0117s yra inovatyvios ir ekologi\u0161kos kietojo kuro tablet\u0117s, sukurtos maisto gaminimui.\" \/>\n<meta name=\"robots\" content=\"index, follow, max-snippet:-1, max-image-preview:large, max-video-preview:-1\" \/>\n<link rel=\"canonical\" href=\"https:\/\/toidupakk.ee\/lt\/toode\/ugnies-idegimo-tabletes-firedragon-eco-friendly\/\" \/>\n<meta property=\"og:locale\" content=\"lt_LT\" \/>\n<meta property=\"og:type\" content=\"article\" \/>\n<meta property=\"og:title\" content=\"Ugnies \u012fdegimo tablet\u0117s \u201eFireDragon Eco Friendly\u201c\" \/>\n<meta property=\"og:description\" content=\"\u201eFiredragon\u201c \u012fdegimo tablet\u0117s yra inovatyvios ir ekologi\u0161kos kietojo kuro tablet\u0117s, sukurtos maisto gaminimui.\" \/>\n<meta property=\"og:url\" content=\"https:\/\/toidupakk.ee\/lt\/toode\/ugnies-idegimo-tabletes-firedragon-eco-friendly\/\" \/>\n<meta property=\"og:site_name\" content=\"Toidupakk.ee - Tactical Foodpack toidupakid\" \/>\n<meta property=\"article:publisher\" content=\"https:\/\/www.facebook.com\/Toidupakk\" \/>\n<meta property=\"article:modified_time\" content=\"2026-04-19T13:01:25+00:00\" \/>\n<meta property=\"og:image\" content=\"https:\/\/toidupakk.ee\/wp-content\/uploads\/2024\/09\/Suutetabletid-FireDragon-1.png\" \/>\n\t<meta property=\"og:image:width\" content=\"800\" \/>\n\t<meta property=\"og:image:height\" content=\"800\" \/>\n\t<meta property=\"og:image:type\" content=\"image\/png\" \/>\n<meta name=\"twitter:card\" content=\"summary_large_image\" \/>\n<meta name=\"twitter:label1\" content=\"Est. reading time\" \/>\n\t<meta name=\"twitter:data1\" content=\"1 minut\u0117\" \/>\n<script type=\"application\/ld+json\" class=\"yoast-schema-graph\">{\"@context\":\"https:\\\/\\\/schema.org\",\"@graph\":[{\"@type\":\"WebPage\",\"@id\":\"https:\\\/\\\/toidupakk.ee\\\/lt\\\/toode\\\/ugnies-idegimo-tabletes-firedragon-eco-friendly\\\/\",\"url\":\"https:\\\/\\\/toidupakk.ee\\\/lt\\\/toode\\\/ugnies-idegimo-tabletes-firedragon-eco-friendly\\\/\",\"name\":\"Ugnies \u012fdegimo tablet\u0117s \u201eFireDragon Eco Friendly\u201c\",\"isPartOf\":{\"@id\":\"https:\\\/\\\/toidupakk.ee\\\/lt\\\/#website\"},\"primaryImageOfPage\":{\"@id\":\"https:\\\/\\\/toidupakk.ee\\\/lt\\\/toode\\\/ugnies-idegimo-tabletes-firedragon-eco-friendly\\\/#primaryimage\"},\"image\":{\"@id\":\"https:\\\/\\\/toidupakk.ee\\\/lt\\\/toode\\\/ugnies-idegimo-tabletes-firedragon-eco-friendly\\\/#primaryimage\"},\"thumbnailUrl\":\"https:\\\/\\\/toidupakk.ee\\\/wp-content\\\/uploads\\\/2024\\\/09\\\/Suutetabletid-FireDragon-1.png\",\"datePublished\":\"2024-09-20T11:09:36+00:00\",\"dateModified\":\"2026-04-19T13:01:25+00:00\",\"description\":\"\u201eFiredragon\u201c \u012fdegimo tablet\u0117s yra inovatyvios ir ekologi\u0161kos kietojo kuro tablet\u0117s, sukurtos maisto gaminimui.\",\"breadcrumb\":{\"@id\":\"https:\\\/\\\/toidupakk.ee\\\/lt\\\/toode\\\/ugnies-idegimo-tabletes-firedragon-eco-friendly\\\/#breadcrumb\"},\"inLanguage\":\"lt-LT\",\"potentialAction\":[{\"@type\":\"ReadAction\",\"target\":[\"https:\\\/\\\/toidupakk.ee\\\/lt\\\/toode\\\/ugnies-idegimo-tabletes-firedragon-eco-friendly\\\/\"]}]},{\"@type\":\"ImageObject\",\"inLanguage\":\"lt-LT\",\"@id\":\"https:\\\/\\\/toidupakk.ee\\\/lt\\\/toode\\\/ugnies-idegimo-tabletes-firedragon-eco-friendly\\\/#primaryimage\",\"url\":\"https:\\\/\\\/toidupakk.ee\\\/wp-content\\\/uploads\\\/2024\\\/09\\\/Suutetabletid-FireDragon-1.png\",\"contentUrl\":\"https:\\\/\\\/toidupakk.ee\\\/wp-content\\\/uploads\\\/2024\\\/09\\\/Suutetabletid-FireDragon-1.png\",\"width\":800,\"height\":800},{\"@type\":\"BreadcrumbList\",\"@id\":\"https:\\\/\\\/toidupakk.ee\\\/lt\\\/toode\\\/ugnies-idegimo-tabletes-firedragon-eco-friendly\\\/#breadcrumb\",\"itemListElement\":[{\"@type\":\"ListItem\",\"position\":1,\"name\":\"Avaleht\",\"item\":\"https:\\\/\\\/toidupakk.ee\\\/lt\\\/\"},{\"@type\":\"ListItem\",\"position\":2,\"name\":\"El. parduotuv\u0117\",\"item\":\"https:\\\/\\\/toidupakk.ee\\\/lt\\\/el-parduotuve\\\/\"},{\"@type\":\"ListItem\",\"position\":3,\"name\":\"Ugnies \u012fdegimo tablet\u0117s \u201eFireDragon Eco Friendly\u201c\"}]},{\"@type\":\"WebSite\",\"@id\":\"https:\\\/\\\/toidupakk.ee\\\/lt\\\/#website\",\"url\":\"https:\\\/\\\/toidupakk.ee\\\/lt\\\/\",\"name\":\"Toidupakk.ee - Tactical Foodpack toidupakid\",\"description\":\"Tactical Foodpack k\u00fclmkuivatatud toidupakid ja matkaeined\",\"publisher\":{\"@id\":\"https:\\\/\\\/toidupakk.ee\\\/lt\\\/#organization\"},\"potentialAction\":[{\"@type\":\"SearchAction\",\"target\":{\"@type\":\"EntryPoint\",\"urlTemplate\":\"https:\\\/\\\/toidupakk.ee\\\/lt\\\/?s={search_term_string}\"},\"query-input\":{\"@type\":\"PropertyValueSpecification\",\"valueRequired\":true,\"valueName\":\"search_term_string\"}}],\"inLanguage\":\"lt-LT\"},{\"@type\":\"Organization\",\"@id\":\"https:\\\/\\\/toidupakk.ee\\\/lt\\\/#organization\",\"name\":\"Tactical Foodpack matkaeined\",\"url\":\"https:\\\/\\\/toidupakk.ee\\\/lt\\\/\",\"logo\":{\"@type\":\"ImageObject\",\"inLanguage\":\"lt-LT\",\"@id\":\"https:\\\/\\\/toidupakk.ee\\\/lt\\\/#\\\/schema\\\/logo\\\/image\\\/\",\"url\":\"https:\\\/\\\/toidupakk.ee\\\/wp-content\\\/uploads\\\/2022\\\/01\\\/Toidupakk-matkapood-logo-transparent.png\",\"contentUrl\":\"https:\\\/\\\/toidupakk.ee\\\/wp-content\\\/uploads\\\/2022\\\/01\\\/Toidupakk-matkapood-logo-transparent.png\",\"width\":500,\"height\":500,\"caption\":\"Tactical Foodpack matkaeined\"},\"image\":{\"@id\":\"https:\\\/\\\/toidupakk.ee\\\/lt\\\/#\\\/schema\\\/logo\\\/image\\\/\"},\"sameAs\":[\"https:\\\/\\\/www.facebook.com\\\/Toidupakk\",\"https:\\\/\\\/www.instagram.com\\\/toidupakk\\\/\"]}]}<\/script>\n<!-- \/ Yoast SEO plugin. -->","yoast_head_json":{"title":"Ugnies \u012fdegimo tablet\u0117s \u201eFireDragon Eco Friendly\u201c","description":"\u201eFiredragon\u201c \u012fdegimo tablet\u0117s yra inovatyvios ir ekologi\u0161kos kietojo kuro tablet\u0117s, sukurtos maisto gaminimui.","robots":{"index":"index","follow":"follow","max-snippet":"max-snippet:-1","max-image-preview":"max-image-preview:large","max-video-preview":"max-video-preview:-1"},"canonical":"https:\/\/toidupakk.ee\/lt\/toode\/ugnies-idegimo-tabletes-firedragon-eco-friendly\/","og_locale":"lt_LT","og_type":"article","og_title":"Ugnies \u012fdegimo tablet\u0117s \u201eFireDragon Eco Friendly\u201c","og_description":"\u201eFiredragon\u201c \u012fdegimo tablet\u0117s yra inovatyvios ir ekologi\u0161kos kietojo kuro tablet\u0117s, sukurtos maisto gaminimui.","og_url":"https:\/\/toidupakk.ee\/lt\/toode\/ugnies-idegimo-tabletes-firedragon-eco-friendly\/","og_site_name":"Toidupakk.ee - Tactical Foodpack toidupakid","article_publisher":"https:\/\/www.facebook.com\/Toidupakk","article_modified_time":"2026-04-19T13:01:25+00:00","og_image":[{"width":800,"height":800,"url":"https:\/\/toidupakk.ee\/wp-content\/uploads\/2024\/09\/Suutetabletid-FireDragon-1.png","type":"image\/png"}],"twitter_card":"summary_large_image","twitter_misc":{"Est. reading time":"1 minut\u0117"},"schema":{"@context":"https:\/\/schema.org","@graph":[{"@type":"WebPage","@id":"https:\/\/toidupakk.ee\/lt\/toode\/ugnies-idegimo-tabletes-firedragon-eco-friendly\/","url":"https:\/\/toidupakk.ee\/lt\/toode\/ugnies-idegimo-tabletes-firedragon-eco-friendly\/","name":"Ugnies \u012fdegimo tablet\u0117s \u201eFireDragon Eco Friendly\u201c","isPartOf":{"@id":"https:\/\/toidupakk.ee\/lt\/#website"},"primaryImageOfPage":{"@id":"https:\/\/toidupakk.ee\/lt\/toode\/ugnies-idegimo-tabletes-firedragon-eco-friendly\/#primaryimage"},"image":{"@id":"https:\/\/toidupakk.ee\/lt\/toode\/ugnies-idegimo-tabletes-firedragon-eco-friendly\/#primaryimage"},"thumbnailUrl":"https:\/\/toidupakk.ee\/wp-content\/uploads\/2024\/09\/Suutetabletid-FireDragon-1.png","datePublished":"2024-09-20T11:09:36+00:00","dateModified":"2026-04-19T13:01:25+00:00","description":"\u201eFiredragon\u201c \u012fdegimo tablet\u0117s yra inovatyvios ir ekologi\u0161kos kietojo kuro tablet\u0117s, sukurtos maisto gaminimui.","breadcrumb":{"@id":"https:\/\/toidupakk.ee\/lt\/toode\/ugnies-idegimo-tabletes-firedragon-eco-friendly\/#breadcrumb"},"inLanguage":"lt-LT","potentialAction":[{"@type":"ReadAction","target":["https:\/\/toidupakk.ee\/lt\/toode\/ugnies-idegimo-tabletes-firedragon-eco-friendly\/"]}]},{"@type":"ImageObject","inLanguage":"lt-LT","@id":"https:\/\/toidupakk.ee\/lt\/toode\/ugnies-idegimo-tabletes-firedragon-eco-friendly\/#primaryimage","url":"https:\/\/toidupakk.ee\/wp-content\/uploads\/2024\/09\/Suutetabletid-FireDragon-1.png","contentUrl":"https:\/\/toidupakk.ee\/wp-content\/uploads\/2024\/09\/Suutetabletid-FireDragon-1.png","width":800,"height":800},{"@type":"BreadcrumbList","@id":"https:\/\/toidupakk.ee\/lt\/toode\/ugnies-idegimo-tabletes-firedragon-eco-friendly\/#breadcrumb","itemListElement":[{"@type":"ListItem","position":1,"name":"Avaleht","item":"https:\/\/toidupakk.ee\/lt\/"},{"@type":"ListItem","position":2,"name":"El. parduotuv\u0117","item":"https:\/\/toidupakk.ee\/lt\/el-parduotuve\/"},{"@type":"ListItem","position":3,"name":"Ugnies \u012fdegimo tablet\u0117s \u201eFireDragon Eco Friendly\u201c"}]},{"@type":"WebSite","@id":"https:\/\/toidupakk.ee\/lt\/#website","url":"https:\/\/toidupakk.ee\/lt\/","name":"Toidupakk.ee - Tactical Foodpack toidupakid","description":"Tactical Foodpack k\u00fclmkuivatatud toidupakid ja matkaeined","publisher":{"@id":"https:\/\/toidupakk.ee\/lt\/#organization"},"potentialAction":[{"@type":"SearchAction","target":{"@type":"EntryPoint","urlTemplate":"https:\/\/toidupakk.ee\/lt\/?s={search_term_string}"},"query-input":{"@type":"PropertyValueSpecification","valueRequired":true,"valueName":"search_term_string"}}],"inLanguage":"lt-LT"},{"@type":"Organization","@id":"https:\/\/toidupakk.ee\/lt\/#organization","name":"Tactical Foodpack matkaeined","url":"https:\/\/toidupakk.ee\/lt\/","logo":{"@type":"ImageObject","inLanguage":"lt-LT","@id":"https:\/\/toidupakk.ee\/lt\/#\/schema\/logo\/image\/","url":"https:\/\/toidupakk.ee\/wp-content\/uploads\/2022\/01\/Toidupakk-matkapood-logo-transparent.png","contentUrl":"https:\/\/toidupakk.ee\/wp-content\/uploads\/2022\/01\/Toidupakk-matkapood-logo-transparent.png","width":500,"height":500,"caption":"Tactical Foodpack matkaeined"},"image":{"@id":"https:\/\/toidupakk.ee\/lt\/#\/schema\/logo\/image\/"},"sameAs":["https:\/\/www.facebook.com\/Toidupakk","https:\/\/www.instagram.com\/toidupakk\/"]}]}},"jetpack_sharing_enabled":true,"_links":{"self":[{"href":"https:\/\/toidupakk.ee\/lt\/wp-json\/wp\/v2\/product\/46155","targetHints":{"allow":["GET"]}}],"collection":[{"href":"https:\/\/toidupakk.ee\/lt\/wp-json\/wp\/v2\/product"}],"about":[{"href":"https:\/\/toidupakk.ee\/lt\/wp-json\/wp\/v2\/types\/product"}],"replies":[{"embeddable":true,"href":"https:\/\/toidupakk.ee\/lt\/wp-json\/wp\/v2\/comments?post=46155"}],"wp:featuredmedia":[{"embeddable":true,"href":"https:\/\/toidupakk.ee\/lt\/wp-json\/wp\/v2\/media\/46157"}],"wp:attachment":[{"href":"https:\/\/toidupakk.ee\/lt\/wp-json\/wp\/v2\/media?parent=46155"}],"wp:term":[{"taxonomy":"product_brand","embeddable":true,"href":"https:\/\/toidupakk.ee\/lt\/wp-json\/wp\/v2\/product_brand?post=46155"},{"taxonomy":"product_cat","embeddable":true,"href":"https:\/\/toidupakk.ee\/lt\/wp-json\/wp\/v2\/product_cat?post=46155"},{"taxonomy":"product_tag","embeddable":true,"href":"https:\/\/toidupakk.ee\/lt\/wp-json\/wp\/v2\/product_tag?post=46155"}],"curies":[{"name":"wp","href":"https:\/\/api.w.org\/{rel}","templated":true}]}}